{"id":12345,"date":"2025-07-26T15:54:37","date_gmt":"2025-07-26T13:54:37","guid":{"rendered":"https:\/\/tinychat.com\/?page_id=12345"},"modified":"2025-07-26T17:48:48","modified_gmt":"2025-07-26T15:48:48","slug":"chatroom2000","status":"publish","type":"page","link":"https:\/\/tinychat.com\/fr\/chatroom2000\/","title":{"rendered":"Chatroom2000"},"content":{"rendered":"<p>\u00c0 l'\u00e8re du swiping, des algorithmes et des applications tape-\u00e0-l'\u0153il, on a parfois envie d'une vraie conversation, d'un moyen simple et direct de rencontrer des gens, de discuter, de flirter ou de se faire de nouveaux amis dans un environnement en ligne s\u00fbr et anim\u00e9. Depuis des d\u00e9cennies, Chatroom2000 est cet endroit : une plateforme de chat en ligne intemporelle qui combine le meilleur des salons de chat classiques avec des fonctionnalit\u00e9s modernes et un fort esprit de communaut\u00e9.<\/p>\n<p>Que vous soyez ici pour vous faire des amis, rejoindre un groupe de discussion, chercher l'amour, pratiquer une nouvelle langue ou simplement passer du temps avec des gens int\u00e9ressants, Chatroom2000 offre un espace accueillant et facile \u00e0 utiliser o\u00f9 tout le monde peut participer \u00e0 la conversation - aucune inscription ou t\u00e9l\u00e9chargement n'est n\u00e9cessaire.<\/p>\n<p>Ce guide approfondi explore tout ce que vous devez savoir sur Chatroom2000 : son fonctionnement, ses caract\u00e9ristiques uniques, l'exp\u00e9rience utilisateur, la confidentialit\u00e9 et la s\u00e9curit\u00e9, les comparaisons avec d'autres plateformes de chat, le d\u00e9pannage et les conseils d'experts pour tirer le meilleur parti de chaque session.<\/p>\n<h2>Qu'est-ce que Chatroom2000 ?<\/h2>\n<p>Chatroom2000 est une plateforme de chat gratuite, bas\u00e9e sur un navigateur, qui permet aux utilisateurs de rejoindre des salles de chat publiques ou priv\u00e9es pour des conversations en groupe ou en t\u00eate-\u00e0-t\u00eate. Ancr\u00e9 dans la tradition classique du chat en ligne, mais continuellement mis \u00e0 jour pour les utilisateurs d'aujourd'hui, Chatroom2000 est connu pour sa simplicit\u00e9, son accessibilit\u00e9 et son atmosph\u00e8re conviviale.<\/p>\n<p>Contrairement aux m\u00e9dias sociaux ou aux applications de rencontre, Chatroom2000 est ax\u00e9 sur la communication en temps r\u00e9el, et non sur les profils ou les algorithmes. Il n'y a pas d'application \u00e0 t\u00e9l\u00e9charger ni d'inscription obligatoire : il suffit de choisir un pseudo et de rejoindre une salle. La plateforme est particuli\u00e8rement populaire dans les pays germanophones, mais elle accueille des utilisateurs du monde entier.<\/p>\n<p>Chatroom2000 est parfait pour :<\/p>\n<ul>\n<li>Conversation d\u00e9contract\u00e9e et rencontre de nouveaux amis<\/li>\n<li>Flirt et rencontres en ligne<\/li>\n<li>Soutien, conseils et chat communautaire<\/li>\n<li>\u00c9change linguistique et d\u00e9couverte culturelle<\/li>\n<li>Nostalgie du chat de groupe classique<\/li>\n<\/ul>\n<h2>Caract\u00e9ristiques principales de Chatroom2000<\/h2>\n<p>Qu'est-ce qui fait que Chatroom2000 se distingue dans le monde des salons de discussion en ligne ? Voici un aper\u00e7u de ses principales fonctionnalit\u00e9s et de ce qui le distingue des autres :<\/p>\n<h3>1. Acc\u00e8s instantan\u00e9, pas d'enregistrement n\u00e9cessaire<\/h3>\n<p>Rejoignez un salon de discussion en quelques secondes - pas besoin de cr\u00e9er un compte ou de t\u00e9l\u00e9charger une application. Il vous suffit de choisir un pseudo et vous \u00eates pr\u00eat \u00e0 discuter.<\/p>\n<h3>2. Large \u00e9ventail de salles de chat<\/h3>\n<p>Choisissez parmi des dizaines de salons de discussion \u00e0 th\u00e8me :<\/p>\n<ul>\n<li>Chat g\u00e9n\u00e9ral : Pour des discussions informelles avec n'importe qui.<\/li>\n<li>Flirt Room : Pour les c\u00e9libataires et les personnes en qu\u00eate de romantisme.<\/li>\n<li>Salles pays\/langues : Entrez en contact avec des utilisateurs d'Allemagne, d'Autriche, de Suisse et d'ailleurs, ou pratiquez votre allemand dans un environnement convivial.<\/li>\n<li>Salles d'int\u00e9r\u00eat particulier : Musique, jeux, sports, conseils, etc.<\/li>\n<\/ul>\n<h3>3. Messagerie priv\u00e9e et chuchotement<\/h3>\n<p>Commencez une discussion priv\u00e9e en t\u00eate-\u00e0-t\u00eate avec n'importe qui dans une salle. Utilisez la fonction \"Chuchoter\" pour envoyer des messages discrets sans quitter la conversation de groupe.<\/p>\n<h3>4. Profils d'utilisateurs et personnalisation<\/h3>\n<p>Cr\u00e9ez un profil simple avec un surnom, un avatar et un message de statut. Les profils sont facultatifs, ce qui rend l'exp\u00e9rience l\u00e9g\u00e8re et anonyme pour ceux qui pr\u00e9f\u00e8rent la confidentialit\u00e9.<\/p>\n<h3>5. \u00c9motic\u00f4nes, GIF et partage des m\u00e9dias<\/h3>\n<p>Exprimez-vous gr\u00e2ce \u00e0 un large \u00e9ventail d'\u00e9motic\u00f4nes, de GIF et de partages de m\u00e9dias s\u00e9curis\u00e9s (les images sont mod\u00e9r\u00e9es pour des raisons de s\u00e9curit\u00e9).<\/p>\n<h3>6. Mod\u00e9ration et environnement s\u00fbr<\/h3>\n<p>Chatroom2000 est connu pour sa mod\u00e9ration active :<\/p>\n<ul>\n<li>Des mod\u00e9rateurs humains surveillent les espaces et r\u00e9pondent aux rapports des utilisateurs.<\/li>\n<li>Les spams, les bots et les contenus inappropri\u00e9s sont rapidement trait\u00e9s afin de maintenir un espace convivial.<\/li>\n<li>Les utilisateurs peuvent bloquer ou signaler toute personne perturbatrice.<\/li>\n<\/ul>\n<h3>7. Convivialit\u00e9 des mobiles et des navigateurs<\/h3>\n<p>Chatroom2000 fonctionne parfaitement sur les smartphones, les tablettes et les ordinateurs de bureau, avec un design r\u00e9actif qui s'adapte \u00e0 toutes les tailles d'\u00e9cran.<\/p>\n<h3>8. Inscription facultative pour les extras<\/h3>\n<p>Bien qu'il ne soit pas n\u00e9cessaire de s'inscrire pour participer au chat, le fait de s'inscrire permet d'acc\u00e9der \u00e0 des fonctionnalit\u00e9s telles que<\/p>\n<ul>\n<li>Listes d'amis<\/li>\n<li>Historique des messages priv\u00e9s<\/li>\n<li>Profils et surnoms enregistr\u00e9s<\/li>\n<li>Cr\u00e9ation de pi\u00e8ces personnalis\u00e9es<\/li>\n<\/ul>\n<h2>Comment utiliser Chatroom2000<\/h2>\n<p>La mise en route du Chatroom2000 est rapide et simple :<\/p>\n<h3>\u00c9tape 1 : Visiter le site web du Chatroom2000<\/h3>\n<p>Allez sur chatroom2000.de (ou votre version r\u00e9gionale) dans n'importe quel navigateur web.<\/p>\n<h3>\u00c9tape 2 : Choisissez votre salle de chat<\/h3>\n<p>Parcourez la liste des salons de discussion publics ou choisissez-en un en fonction de vos centres d'int\u00e9r\u00eat - flirt, amiti\u00e9, langue, musique, etc.<\/p>\n<h3>\u00c9tape 3 : Choisir un surnom<\/h3>\n<p>Saisissez un pseudonyme (aucun nom r\u00e9el ou inscription n'est requis pour la plupart des fonctions).<\/p>\n<h3>\u00c9tape 4 : Participer \u00e0 la conversation<\/h3>\n<p>Commencez \u00e0 discuter dans la salle publique ou utilisez la fonction de message priv\u00e9 pour vous connecter en t\u00eate-\u00e0-t\u00eate.<\/p>\n<h3>\u00c9tape 5 : Personnalisez votre exp\u00e9rience<\/h3>\n<p>Ajoutez un avatar, d\u00e9finissez un statut ou cr\u00e9ez un compte pour plus de fonctionnalit\u00e9s.<\/p>\n<h3>\u00c9tape 6 : Messagerie priv\u00e9e et chuchotement<\/h3>\n<p>Pour discuter en priv\u00e9, cliquez sur le nom d'un utilisateur et choisissez \"Chuchoter\" ou \"Chat priv\u00e9\".<\/p>\n<h3>\u00c9tape 7 : Utiliser des \u00e9motic\u00f4nes et des GIFs<\/h3>\n<p>Restez vivant et expressif gr\u00e2ce \u00e0 une large gamme d'\u00e9motic\u00f4nes, d'autocollants et de GIF.<\/p>\n<h3>\u00c9tape 8 : Signaler ou bloquer si n\u00e9cessaire<\/h3>\n<p>Si vous rencontrez des trolls ou des contenus inappropri\u00e9s, utilisez les boutons de signalement ou de blocage : les mod\u00e9rateurs agissent rapidement.<\/p>\n<h2>Exp\u00e9rience utilisateur sur Chatroom2000<\/h2>\n<p>Chatroom2000 est ax\u00e9 sur la conversation, la communaut\u00e9 et la simplicit\u00e9, avec un accent particulier sur l'accueil et l'int\u00e9gration de tous.<\/p>\n<h3>Ce que les utilisateurs aiment<\/h3>\n<ul>\n<li>Aucun enregistrement ou t\u00e9l\u00e9chargement n'est n\u00e9cessaire : Entrez dans le jeu, gardez l'anonymat.<\/li>\n<li>Une grande vari\u00e9t\u00e9 de chambres : Il y en a pour tous les go\u00fbts, \u00e0 tout moment de la journ\u00e9e.<\/li>\n<li>Communaut\u00e9 active et amicale : Particuli\u00e8rement accueillante pour les nouveaux utilisateurs.<\/li>\n<li>Options de chat priv\u00e9 : Les conversations en t\u00eate-\u00e0-t\u00eate sont faciles et discr\u00e8tes.<\/li>\n<li>\u00c9motic\u00f4nes, GIFs et fonctions de profil simples : Rend le chat amusant et expressif.<\/li>\n<li>Adapt\u00e9 aux mobiles et aux ordinateurs de bureau : Chat de n'importe o\u00f9.<\/li>\n<\/ul>\n<h3>Les points \u00e0 am\u00e9liorer selon les utilisateurs<\/h3>\n<ul>\n<li>Pas de chat vid\u00e9o ou audio (uniquement bas\u00e9 sur le texte).<\/li>\n<li>Certaines salles peuvent \u00eatre bond\u00e9es aux heures de pointe.<\/li>\n<li>Spam ou trolls occasionnels (rapidement g\u00e9r\u00e9s par la mod\u00e9ration).<\/li>\n<li>Certaines fonctionnalit\u00e9s (comme les amis enregistr\u00e9s) n\u00e9cessitent une inscription gratuite.<\/li>\n<\/ul>\n<h3>Un vrai retour d'information de la part des utilisateurs<\/h3>\n<blockquote><p>\"Le moyen le plus simple de se faire de nouveaux amis ou de discuter apr\u00e8s le travail. Pas d'inscription, pas de probl\u00e8me\".<br \/>\n- <em>Marie H., Trustpilot<\/em><\/p><\/blockquote>\n<blockquote><p>\"J'adore l'espace Flirt. J'y ai rencontr\u00e9 ma petite amie il y a deux ans. \u00c7a marche toujours aussi bien !\"<br \/>\n- <em>Stefan W., Google Play<\/em><\/p><\/blockquote>\n<blockquote><p>\"Id\u00e9al pour pratiquer l'allemand et rencontrer des gens de toute l'Europe.<br \/>\n- <em>Ricardo P., App Store<\/em><\/p><\/blockquote>\n<h2>Chatroom2000 vs. autres plates-formes de salons de discussion<\/h2>\n<p>Comment Chatroom2000 se compare-t-il aux autres principaux sites de chat ?<\/p>\n<table>\n<thead>\n<tr>\n<th>Fonctionnalit\u00e9<\/th>\n<th>Chatroom2000<\/th>\n<th>Ouiichat<\/th>\n<th>Chatzy<\/th>\n<th>Chat Avenue<\/th>\n<th>Discord<\/th>\n<th>WhatsApp<\/th>\n<\/tr>\n<\/thead>\n<tbody>\n<tr>\n<td>Pas d'inscription n\u00e9cessaire<\/td>\n<td>\u2705 Oui<\/td>\n<td>\u2705 Oui<\/td>\n<td>\u2705 Oui<\/td>\n<td>\u2705 Oui<\/td>\n<td>\u274c Non<\/td>\n<td>\u274c Non<\/td>\n<\/tr>\n<tr>\n<td>Salons de discussion en groupe<\/td>\n<td>\u2705 Oui<\/td>\n<td>\u2705 Oui<\/td>\n<td>\u2705 Oui<\/td>\n<td>\u2705 Oui<\/td>\n<td>\u2705 Oui<\/td>\n<td>\u2705 Oui<\/td>\n<\/tr>\n<tr>\n<td>Messagerie priv\u00e9e<\/td>\n<td>\u2705 Oui<\/td>\n<td>\u2705 Oui<\/td>\n<td>\u2705 Oui<\/td>\n<td>\u2705 Oui<\/td>\n<td>\u2705 Oui<\/td>\n<td>\u2705 Oui<\/td>\n<\/tr>\n<tr>\n<td>Chat vid\u00e9o\/audio<\/td>\n<td>\u274c Non<\/td>\n<td>\u2705 Oui<\/td>\n<td>\u274c Non<\/td>\n<td>\u2705 Oui<\/td>\n<td>\u2705 Oui<\/td>\n<td>\u2705 Oui<\/td>\n<\/tr>\n<tr>\n<td>Utilisation anonyme<\/td>\n<td>\u2705 Oui<\/td>\n<td>\u2705 Oui<\/td>\n<td>\u2705 Oui<\/td>\n<td>\u2705 Oui<\/td>\n<td>\u26a0\ufe0f Limited<\/td>\n<td>\u26a0\ufe0f Limited<\/td>\n<\/tr>\n<tr>\n<td>Partage des m\u00e9dias\/\u00e9motic\u00f4nes<\/td>\n<td>\u2705 Oui<\/td>\n<td>\u2705 Oui<\/td>\n<td>\u2705 Oui<\/td>\n<td>\u2705 Oui<\/td>\n<td>\u2705 Oui<\/td>\n<td>\u2705 Oui<\/td>\n<\/tr>\n<tr>\n<td>Optimis\u00e9 pour les mobiles<\/td>\n<td>\u2705 Oui<\/td>\n<td>\u2705 Oui<\/td>\n<td>\u2705 Oui<\/td>\n<td>\u2705 Oui<\/td>\n<td>\u2705 Oui<\/td>\n<td>\u2705 Oui<\/td>\n<\/tr>\n<tr>\n<td>Mod\u00e9ration\/S\u00e9curit\u00e9<\/td>\n<td>\u2705 Fort<\/td>\n<td>\u2705 Fort<\/td>\n<td>\u2705 Fort<\/td>\n<td>\u2705 Mod\u00e9r\u00e9<\/td>\n<td>\u2705 Fort<\/td>\n<td>\u2705 Fort<\/td>\n<\/tr>\n<\/tbody>\n<\/table>\n<p>R\u00e9sum\u00e9 : Chatroom2000 se distingue par son m\u00e9lange de simplicit\u00e9 de chat classique, de vari\u00e9t\u00e9 de salles de groupe, de forte confidentialit\u00e9 et d'acc\u00e8s rapide, ce qui le rend id\u00e9al \u00e0 la fois pour les nouveaux venus et les fans de chat de la vieille \u00e9cole.<\/p>\n<h2>Le Chatroom2000 est-il s\u00fbr ?<\/h2>\n<p>Chatroom2000 est r\u00e9put\u00e9 pour sa s\u00e9curit\u00e9 et son respect :<\/p>\n<ul>\n<li>Mod\u00e9rateurs humains actifs : Pr\u00e9sents dans la plupart des salles, ils veillent \u00e0 la convivialit\u00e9.<\/li>\n<li>Contr\u00f4le des utilisateurs : Bloquez ou signalez instantan\u00e9ment les fauteurs de troubles.<\/li>\n<li>Aucune information personnelle n'est requise : Restez aussi anonyme que vous le souhaitez - un pseudonyme suffit.<\/li>\n<li>Les chats priv\u00e9s sont priv\u00e9s : Seules les personnes que vous invitez peuvent participer \u00e0 vos discussions en t\u00eate-\u00e0-t\u00eate.<\/li>\n<li>Partage des m\u00e9dias en toute s\u00e9curit\u00e9 : Toutes les images sont mod\u00e9r\u00e9es pour \u00e9viter tout contenu inappropri\u00e9.<\/li>\n<\/ul>\n<h3>Conseils de s\u00e9curit\u00e9<\/h3>\n<ul>\n<li>Ne communiquez jamais votre vrai nom, votre adresse ou vos informations financi\u00e8res dans un chat.<\/li>\n<li>Utilisez le chat priv\u00e9 pour les conversations sensibles, mais restez prudent.<\/li>\n<li>Signaler tout harc\u00e8lement, spam ou utilisateur suspect.<\/li>\n<li>Pour une exp\u00e9rience plus s\u00fbre, tenez-vous en \u00e0 des salles o\u00f9 la mod\u00e9ration est active.<\/li>\n<li>Cr\u00e9ez un compte si vous souhaitez sauvegarder vos amis ou prot\u00e9ger votre pseudo.<\/li>\n<\/ul>\n<h2>Conseils pour tirer le meilleur parti de Chatroom2000<\/h2>\n<ul>\n<li>Essayez diff\u00e9rentes salles : Explorez la vari\u00e9t\u00e9 - chaque salle a sa propre ambiance et sa propre communaut\u00e9.<\/li>\n<li>Soyez amical et respectueux : Les bonnes mani\u00e8res sont tr\u00e8s utiles dans les communaut\u00e9s en ligne.<\/li>\n<li>Utiliser le chuchotement\/la discussion priv\u00e9e : Parfait pour les conversations en t\u00eate-\u00e0-t\u00eate.<\/li>\n<li>Exprimez-vous : Utilisez des \u00e9motic\u00f4nes, des GIF et des messages de statut.<\/li>\n<li>Bloquer\/rapporter si n\u00e9cessaire : Contribuer \u00e0 maintenir la communaut\u00e9 propre et accueillante.<\/li>\n<li>Chat en d\u00e9placement : Le site mobile est tout aussi robuste que la version de bureau.<\/li>\n<li>S'inscrire pour b\u00e9n\u00e9ficier d'avantages suppl\u00e9mentaires : Si vous appr\u00e9ciez la plateforme, le fait de vous inscrire vous permet d'acc\u00e9der \u00e0 d'autres fonctionnalit\u00e9s.<\/li>\n<\/ul>\n<h2>D\u00e9pannage des probl\u00e8mes courants li\u00e9s \u00e0 la technologie Chatroom2000<\/h2>\n<h3>Impossible de rejoindre une salle<\/h3>\n<p>V\u00e9rifiez votre pseudonyme (\u00e9vitez les noms inappropri\u00e9s), actualisez la page ou essayez une autre salle si une salle sp\u00e9cifique est pleine ou restreinte.<\/p>\n<h3>La messagerie priv\u00e9e ne fonctionne pas<\/h3>\n<p>Assurez-vous que les deux utilisateurs sont en ligne et dans la m\u00eame salle. Certaines fonctions de chat priv\u00e9 peuvent n\u00e9cessiter un compte gratuit.<\/p>\n<h3>Rencontrer des trolls ou des spams<\/h3>\n<p>Utilisez la fonction de blocage ou de signalement. Les mod\u00e9rateurs r\u00e9agissent rapidement, en particulier dans les salles tr\u00e8s fr\u00e9quent\u00e9es.<\/p>\n<h3>Profil perdu ou liste d'amis<\/h3>\n<p>Cr\u00e9ez un compte et connectez-vous pour sauvegarder vos amis, votre pseudo et votre historique de chat.<\/p>\n<h3>Connexion lente ou d\u00e9calage<\/h3>\n<p>Utilisez une connexion Wi-Fi solide, fermez les applications\/onglets en arri\u00e8re-plan et assurez-vous que votre navigateur est \u00e0 jour.<\/p>\n<p>Absolument, en particulier pour tous ceux qui appr\u00e9cient l'ambiance classique des salons de discussion, les conversations de groupe instantan\u00e9es et les amiti\u00e9s en ligne faciles et anonymes. Chatroom2000 combine tout ce qui a fait la sp\u00e9cificit\u00e9 des premiers chats en ligne avec les normes actuelles de s\u00e9curit\u00e9, de mod\u00e9ration et d'acc\u00e8s mobile.<\/p>\n<p>Que vous souhaitiez flirter, apprendre une langue, vous faire des amis ou simplement passer le temps, Chatroom2000 est votre salon num\u00e9rique, toujours ouvert, toujours amical et toujours gratuit.<\/p>\n<p>Pr\u00eat \u00e0 chatter ? Visitez chatroom2000.de, choisissez votre pseudo et votre salle, et commencez votre prochaine grande conversation en quelques secondes.<\/p>","protected":false},"excerpt":{"rendered":"<p>In an age of swiping, algorithms, and flashy apps, sometimes you just want a real conversation\u2014a simple, direct way to meet people, chat, flirt, or make new friends in a safe and lively online environment. For decades, Chatroom2000 has been that place: a timeless, web-based chat platform that combines the best of classic chat rooms [&hellip;]<\/p>\n","protected":false},"author":6,"featured_media":0,"parent":0,"menu_order":0,"comment_status":"closed","ping_status":"closed","template":"","meta":{"footnotes":""},"class_list":["post-12345","page","type-page","status-publish","hentry"],"yoast_head":"<!-- This site is optimized with the Yoast SEO plugin v27.4 - https:\/\/yoast.com\/product\/yoast-seo-wordpress\/ -->\n<title>Chatroom2000 - Free Chat without Registering - TinyChat.com<\/title>\n<meta name=\"description\" content=\"Enjoying Chatroom2000? Join over 50,000,000 strangers on TinyChat! Turn on your cam and start meeting new people, or find a match.\" \/>\n<meta name=\"robots\" content=\"index, follow, max-snippet:-1, max-image-preview:large, max-video-preview:-1\" \/>\n<link rel=\"canonical\" href=\"https:\/\/tinychat.com\/fr\/chatroom2000\/\" \/>\n<meta property=\"og:locale\" content=\"fr_FR\" \/>\n<meta property=\"og:type\" content=\"article\" \/>\n<meta property=\"og:title\" content=\"Chatroom2000 - Free Chat without Registering - TinyChat.com\" \/>\n<meta property=\"og:description\" content=\"Enjoying Chatroom2000? Join over 50,000,000 strangers on TinyChat! Turn on your cam and start meeting new people, or find a match.\" \/>\n<meta property=\"og:url\" content=\"https:\/\/tinychat.com\/fr\/chatroom2000\/\" \/>\n<meta property=\"og:site_name\" content=\"TinyChat\" \/>\n<meta property=\"article:publisher\" content=\"https:\/\/www.facebook.com\/tinychat\" \/>\n<meta property=\"article:modified_time\" content=\"2025-07-26T15:48:48+00:00\" \/>\n<meta property=\"og:image\" content=\"https:\/\/tinychat.com\/wp-content\/uploads\/2020\/04\/Tinychat-logo-1280x284-new-black.png\" \/>\n\t<meta property=\"og:image:width\" content=\"1280\" \/>\n\t<meta property=\"og:image:height\" content=\"284\" \/>\n\t<meta property=\"og:image:type\" content=\"image\/png\" \/>\n<meta name=\"twitter:card\" content=\"summary_large_image\" \/>\n<meta name=\"twitter:site\" content=\"@tinychat\" \/>\n<meta name=\"twitter:label1\" content=\"Dur\u00e9e de lecture estim\u00e9e\" \/>\n\t<meta name=\"twitter:data1\" content=\"7 minutes\" \/>\n<script type=\"application\/ld+json\" class=\"yoast-schema-graph\">{\"@context\":\"https:\\\/\\\/schema.org\",\"@graph\":[{\"@type\":\"WebPage\",\"@id\":\"https:\\\/\\\/tinychat.com\\\/chatroom2000\\\/\",\"url\":\"https:\\\/\\\/tinychat.com\\\/chatroom2000\\\/\",\"name\":\"Chatroom2000 - Free Chat without Registering - TinyChat.com\",\"isPartOf\":{\"@id\":\"https:\\\/\\\/tinychat.com\\\/#website\"},\"datePublished\":\"2025-07-26T13:54:37+00:00\",\"dateModified\":\"2025-07-26T15:48:48+00:00\",\"description\":\"Enjoying Chatroom2000? Join over 50,000,000 strangers on TinyChat! Turn on your cam and start meeting new people, or find a match.\",\"breadcrumb\":{\"@id\":\"https:\\\/\\\/tinychat.com\\\/chatroom2000\\\/#breadcrumb\"},\"inLanguage\":\"fr-FR\",\"potentialAction\":[{\"@type\":\"ReadAction\",\"target\":[\"https:\\\/\\\/tinychat.com\\\/chatroom2000\\\/\"]}]},{\"@type\":\"BreadcrumbList\",\"@id\":\"https:\\\/\\\/tinychat.com\\\/chatroom2000\\\/#breadcrumb\",\"itemListElement\":[{\"@type\":\"ListItem\",\"position\":1,\"name\":\"Home\",\"item\":\"https:\\\/\\\/tinychat.com\\\/\"},{\"@type\":\"ListItem\",\"position\":2,\"name\":\"Chatroom2000\"}]},{\"@type\":\"WebSite\",\"@id\":\"https:\\\/\\\/tinychat.com\\\/#website\",\"url\":\"https:\\\/\\\/tinychat.com\\\/\",\"name\":\"TinyChat\",\"description\":\"Random Video Chat with Strangers\",\"publisher\":{\"@id\":\"https:\\\/\\\/tinychat.com\\\/#organization\"},\"alternateName\":\"TinyChat.com\",\"potentialAction\":[{\"@type\":\"SearchAction\",\"target\":{\"@type\":\"EntryPoint\",\"urlTemplate\":\"https:\\\/\\\/tinychat.com\\\/?s={search_term_string}\"},\"query-input\":{\"@type\":\"PropertyValueSpecification\",\"valueRequired\":true,\"valueName\":\"search_term_string\"}}],\"inLanguage\":\"fr-FR\"},{\"@type\":\"Organization\",\"@id\":\"https:\\\/\\\/tinychat.com\\\/#organization\",\"name\":\"TinyChat\",\"alternateName\":\"TinyChat.com\",\"url\":\"https:\\\/\\\/tinychat.com\\\/\",\"logo\":{\"@type\":\"ImageObject\",\"inLanguage\":\"fr-FR\",\"@id\":\"https:\\\/\\\/tinychat.com\\\/#\\\/schema\\\/logo\\\/image\\\/\",\"url\":\"https:\\\/\\\/tinychat.com\\\/wp-content\\\/uploads\\\/2023\\\/11\\\/Tinychat-icon-square.png\",\"contentUrl\":\"https:\\\/\\\/tinychat.com\\\/wp-content\\\/uploads\\\/2023\\\/11\\\/Tinychat-icon-square.png\",\"width\":284,\"height\":284,\"caption\":\"TinyChat\"},\"image\":{\"@id\":\"https:\\\/\\\/tinychat.com\\\/#\\\/schema\\\/logo\\\/image\\\/\"},\"sameAs\":[\"https:\\\/\\\/www.facebook.com\\\/tinychat\",\"https:\\\/\\\/x.com\\\/tinychat\"]}]}<\/script>\n<!-- \/ Yoast SEO plugin. -->","yoast_head_json":{"title":"Chatroom2000 - Chat gratuit sans inscription - TinyChat.com","description":"Vous appr\u00e9ciez Chatroom2000 ? Rejoignez plus de 50 000 000 d'inconnus sur TinyChat ! Allumez votre cam\u00e9ra et commencez \u00e0 rencontrer de nouvelles personnes, ou trouvez un partenaire.","robots":{"index":"index","follow":"follow","max-snippet":"max-snippet:-1","max-image-preview":"max-image-preview:large","max-video-preview":"max-video-preview:-1"},"canonical":"https:\/\/tinychat.com\/fr\/chatroom2000\/","og_locale":"fr_FR","og_type":"article","og_title":"Chatroom2000 - Free Chat without Registering - TinyChat.com","og_description":"Enjoying Chatroom2000? Join over 50,000,000 strangers on TinyChat! Turn on your cam and start meeting new people, or find a match.","og_url":"https:\/\/tinychat.com\/fr\/chatroom2000\/","og_site_name":"TinyChat","article_publisher":"https:\/\/www.facebook.com\/tinychat","article_modified_time":"2025-07-26T15:48:48+00:00","og_image":[{"width":1280,"height":284,"url":"https:\/\/tinychat.com\/wp-content\/uploads\/2020\/04\/Tinychat-logo-1280x284-new-black.png","type":"image\/png"}],"twitter_card":"summary_large_image","twitter_site":"@tinychat","twitter_misc":{"Dur\u00e9e de lecture estim\u00e9e":"7 minutes"},"schema":{"@context":"https:\/\/schema.org","@graph":[{"@type":"WebPage","@id":"https:\/\/tinychat.com\/chatroom2000\/","url":"https:\/\/tinychat.com\/chatroom2000\/","name":"Chatroom2000 - Chat gratuit sans inscription - TinyChat.com","isPartOf":{"@id":"https:\/\/tinychat.com\/#website"},"datePublished":"2025-07-26T13:54:37+00:00","dateModified":"2025-07-26T15:48:48+00:00","description":"Vous appr\u00e9ciez Chatroom2000 ? Rejoignez plus de 50 000 000 d'inconnus sur TinyChat ! Allumez votre cam\u00e9ra et commencez \u00e0 rencontrer de nouvelles personnes, ou trouvez un partenaire.","breadcrumb":{"@id":"https:\/\/tinychat.com\/chatroom2000\/#breadcrumb"},"inLanguage":"fr-FR","potentialAction":[{"@type":"ReadAction","target":["https:\/\/tinychat.com\/chatroom2000\/"]}]},{"@type":"BreadcrumbList","@id":"https:\/\/tinychat.com\/chatroom2000\/#breadcrumb","itemListElement":[{"@type":"ListItem","position":1,"name":"Home","item":"https:\/\/tinychat.com\/"},{"@type":"ListItem","position":2,"name":"Chatroom2000"}]},{"@type":"WebSite","@id":"https:\/\/tinychat.com\/#website","url":"https:\/\/tinychat.com\/","name":"TinyChat","description":"Chat vid\u00e9o al\u00e9atoire avec des inconnus","publisher":{"@id":"https:\/\/tinychat.com\/#organization"},"alternateName":"TinyChat.com","potentialAction":[{"@type":"SearchAction","target":{"@type":"EntryPoint","urlTemplate":"https:\/\/tinychat.com\/?s={search_term_string}"},"query-input":{"@type":"PropertyValueSpecification","valueRequired":true,"valueName":"search_term_string"}}],"inLanguage":"fr-FR"},{"@type":"Organization","@id":"https:\/\/tinychat.com\/#organization","name":"TinyChat","alternateName":"TinyChat.com","url":"https:\/\/tinychat.com\/","logo":{"@type":"ImageObject","inLanguage":"fr-FR","@id":"https:\/\/tinychat.com\/#\/schema\/logo\/image\/","url":"https:\/\/tinychat.com\/wp-content\/uploads\/2023\/11\/Tinychat-icon-square.png","contentUrl":"https:\/\/tinychat.com\/wp-content\/uploads\/2023\/11\/Tinychat-icon-square.png","width":284,"height":284,"caption":"TinyChat"},"image":{"@id":"https:\/\/tinychat.com\/#\/schema\/logo\/image\/"},"sameAs":["https:\/\/www.facebook.com\/tinychat","https:\/\/x.com\/tinychat"]}]}},"_links":{"self":[{"href":"https:\/\/tinychat.com\/fr\/wp-json\/wp\/v2\/pages\/12345","targetHints":{"allow":["GET"]}}],"collection":[{"href":"https:\/\/tinychat.com\/fr\/wp-json\/wp\/v2\/pages"}],"about":[{"href":"https:\/\/tinychat.com\/fr\/wp-json\/wp\/v2\/types\/page"}],"author":[{"embeddable":true,"href":"https:\/\/tinychat.com\/fr\/wp-json\/wp\/v2\/users\/6"}],"replies":[{"embeddable":true,"href":"https:\/\/tinychat.com\/fr\/wp-json\/wp\/v2\/comments?post=12345"}],"version-history":[{"count":3,"href":"https:\/\/tinychat.com\/fr\/wp-json\/wp\/v2\/pages\/12345\/revisions"}],"predecessor-version":[{"id":13367,"href":"https:\/\/tinychat.com\/fr\/wp-json\/wp\/v2\/pages\/12345\/revisions\/13367"}],"wp:attachment":[{"href":"https:\/\/tinychat.com\/fr\/wp-json\/wp\/v2\/media?parent=12345"}],"curies":[{"name":"wp","href":"https:\/\/api.w.org\/{rel}","templated":true}]}}