{"id":12397,"date":"2025-07-21T11:32:55","date_gmt":"2025-07-21T09:32:55","guid":{"rendered":"https:\/\/tinychat.com\/?page_id=12397"},"modified":"2025-07-21T13:09:33","modified_gmt":"2025-07-21T11:09:33","slug":"crushroulette","status":"publish","type":"page","link":"https:\/\/tinychat.com\/fr\/crushroulette\/","title":{"rendered":"CrushRoulette"},"content":{"rendered":"<p>Le monde du chat vid\u00e9o al\u00e9atoire a \u00e9volu\u00e9 bien au-del\u00e0 de ses d\u00e9buts. Aujourd'hui, des plateformes comme CrushRoulette red\u00e9finissent la fa\u00e7on dont nous nous rencontrons, flirtons et nous faisons des amis en ligne, en combinant l'excitation des rencontres fortuites avec une touche moderne ax\u00e9e sur la confidentialit\u00e9, l'authenticit\u00e9 et la connexion authentique.<\/p>\n<p>Que vous soyez \u00e0 la recherche de votre prochain coup de foudre, que vous esp\u00e9riez une conversation int\u00e9ressante ou que vous cherchiez simplement \u00e0 briser la glace avec quelqu'un de nouveau \u00e0 travers le monde, CrushRoulette apporte une exp\u00e9rience s\u00fbre, conviviale et engageante. C'est le m\u00e9lange ultime du chat classique de type roulette, d'une technologie de pointe et d'une communaut\u00e9 dynamique pr\u00eate \u00e0 se connecter.<\/p>\n<p>Dans ce guide ultime, nous vous expliquons tout ce que vous devez savoir sur CrushRoulette : son fonctionnement, ses caract\u00e9ristiques uniques, son exp\u00e9rience utilisateur, sa s\u00e9curit\u00e9, sa comparaison avec d'autres solutions, son d\u00e9pannage et des conseils d'experts pour faire en sorte que chaque chat compte.<\/p>\n<h2>Qu'est-ce que CrushRoulette ?<\/h2>\n<p>CrushRoulette est une plateforme de chat vid\u00e9o et textuel al\u00e9atoire con\u00e7ue pour les personnes qui souhaitent rencontrer des inconnus instantan\u00e9ment, sans avoir \u00e0 cr\u00e9er un profil ou \u00e0 t\u00e9l\u00e9charger une application. Inspir\u00e9 par des sites tels que Omegle, Chatroulette et LuckyCrush, CrushRoulette va plus loin en proposant une mise en relation plus intelligente, une meilleure mod\u00e9ration et un design plus moderne et adapt\u00e9 aux t\u00e9l\u00e9phones portables.<\/p>\n<p>Il ne s'agit pas seulement de rencontrer des gens au hasard. CrushRoulette a \u00e9t\u00e9 con\u00e7u pour ceux qui veulent flirter, trouver un nouveau b\u00e9guin, profiter de rendez-vous vid\u00e9o rapides, pratiquer une langue ou simplement \u00e9largir leurs horizons avec de nouvelles amiti\u00e9s. Chaque chat est une nouvelle opportunit\u00e9, que vous esp\u00e9riez une romance ou simplement une rencontre amusante.<\/p>\n<p>La plateforme est 100% bas\u00e9e sur un navigateur, et ne n\u00e9cessite aucune inscription pour commencer \u00e0 chatter. Mais pour ceux qui veulent plus - comme des filtres avanc\u00e9s, des favoris sauvegard\u00e9s, ou une mise en relation premium - CrushRoulette offre des fonctionnalit\u00e9s de compte optionnelles pour am\u00e9liorer votre exp\u00e9rience.<\/p>\n<h2>Caract\u00e9ristiques principales de CrushRoulette<\/h2>\n<p>CrushRoulette offre tous les \u00e9l\u00e9ments essentiels d'un chat al\u00e9atoire, et m\u00eame plus, en mettant l'accent sur la s\u00e9curit\u00e9, l'excitation et l'importance de chaque interaction :<\/p>\n<h3>1. Chat vid\u00e9o al\u00e9atoire instantan\u00e9<\/h3>\n<p>Commencez un chat en quelques secondes. Aucune inscription n'est n\u00e9cessaire. Il vous suffit de vous rendre sur le site, d'activer votre cam\u00e9ra\/micro et d'\u00eatre mis en relation avec un inconnu pour une conversation vid\u00e9o en direct. Vous pr\u00e9f\u00e9rez taper ? Utilisez plut\u00f4t le mode de chat textuel.<\/p>\n<h3>2. Filtres de genre et de r\u00e9gion<\/h3>\n<p>Vous cherchez \u00e0 chatter avec quelqu'un de sp\u00e9cial ? Utilisez les filtres de genre et de pays pour rencontrer des hommes, des femmes ou des utilisateurs d'une r\u00e9gion ou d'un groupe linguistique sp\u00e9cifique. Ces filtres vous aident \u00e0 trouver ce que vous recherchez vraiment, qu'il s'agisse d'amour, d'amiti\u00e9 ou d'\u00e9change culturel.<\/p>\n<p>(Certains filtres peuvent n\u00e9cessiter un compte gratuit ou payant).<\/p>\n<h3>3. Conception ax\u00e9e sur les mobiles et les navigateurs<\/h3>\n<p>Pas de t\u00e9l\u00e9chargement d'application n\u00e9cessaire - CrushRoulette fonctionne parfaitement sur votre t\u00e9l\u00e9phone portable, votre tablette ou votre navigateur de bureau. Le design moderne et r\u00e9actif s'adapte \u00e0 votre appareil pour un chat fluide o\u00f9 que vous soyez.<\/p>\n<h3>4. Priv\u00e9, anonyme et s\u00e9curis\u00e9<\/h3>\n<p>Le respect de la vie priv\u00e9e est primordial. Vous n'avez pas besoin de cr\u00e9er un compte ou de fournir des informations personnelles pour utiliser les fonctions de base. Les discussions sont anonymes et ne sont pas enregistr\u00e9es, et vous contr\u00f4lez totalement ce que vous r\u00e9v\u00e9lez.<\/p>\n<h3>5. Bouton \"Suivant\" rapide<\/h3>\n<p>Vous ne vous sentez pas \u00e0 la hauteur ? Cliquez sur \"Suivant\" pour une nouvelle connexion instantan\u00e9e. Pas de maladresse, pas d'attente - continuez \u00e0 d\u00e9couvrir de nouvelles personnes.<\/p>\n<h3>6. Traduction en temps r\u00e9el<\/h3>\n<p>Brisez les barri\u00e8res linguistiques \u00e0 la vol\u00e9e. L'outil de traduction de CrushRoulette vous permet de discuter avec des utilisateurs du monde entier, m\u00eame si vous ne parlez pas la m\u00eame langue.<\/p>\n<h3>7. Partage d'images et d'Emoji<\/h3>\n<p>Rendez vos conversations plus expressives gr\u00e2ce au partage s\u00e9curis\u00e9 d'images et d'emoji (toutes les images sont mod\u00e9r\u00e9es pour des raisons de s\u00e9curit\u00e9 et de respect).<\/p>\n<h3>8. Caract\u00e9ristiques optionnelles du compte<\/h3>\n<p>Pour les utilisateurs chevronn\u00e9s, l'inscription (gratuite et avec un minimum d'informations) permet de d\u00e9bloquer le syst\u00e8me :<\/p>\n<ul>\n<li>Filtres avanc\u00e9s<\/li>\n<li>Favoris et historique des matchs<\/li>\n<li>Caract\u00e9ristiques premium en option pour une exposition suppl\u00e9mentaire ou une correspondance<\/li>\n<\/ul>\n<h3>9. Mod\u00e9ration en direct et s\u00e9curit\u00e9 de l'IA<\/h3>\n<p>CrushRoulette combine :<\/p>\n<ul>\n<li>Mod\u00e9ration automatis\u00e9e par l'IA pour d\u00e9tecter la nudit\u00e9, le spam et les abus<\/li>\n<li>Des mod\u00e9rateurs humains 24 heures sur 24 et 7 jours sur 7 pour examiner les rapports et faire respecter les lignes directrices de la communaut\u00e9<\/li>\n<li>Signalement\/blocage facile pour que vous puissiez prendre le contr\u00f4le instantan\u00e9ment<\/li>\n<\/ul>\n<h2>Comment utiliser CrushRoulette<\/h2>\n<p>CrushRoulette se veut simple et rapide. Voici comment participer :<\/p>\n<h3>\u00c9tape 1 : Visitez le site Web de CrushRoulette<\/h3>\n<p>Ouvrez votre navigateur et rendez-vous sur crushroulette.com ou sur votre site CrushRoulette local.<\/p>\n<h3>\u00c9tape 2 : Choisissez votre mode de discussion<\/h3>\n<ul>\n<li>Chat vid\u00e9o : Activez votre cam\u00e9ra et votre microphone lorsque vous y \u00eates invit\u00e9.<\/li>\n<li>Chat textuel : Vous pr\u00e9f\u00e9rez rester hors champ ? Utilisez le chat textuel.<\/li>\n<\/ul>\n<h3>\u00c9tape 3 : D\u00e9finir des filtres (facultatif)<\/h3>\n<p>Utilisez les filtres de sexe et de pays pour un chat plus cibl\u00e9. (Certaines options peuvent n\u00e9cessiter un compte).<\/p>\n<h3>\u00c9tape 4 : Cliquez sur \"D\u00e9marrer\" ou \"Connecter\".<\/h3>\n<p>Vous serez instantan\u00e9ment mis en relation avec un utilisateur au hasard. Dites bonjour, pr\u00e9sentez-vous ou envoyez un emoji pour briser la glace.<\/p>\n<h3>\u00c9tape 5 : Utiliser \"Suivant\" pour continuer \u00e0 d\u00e9couvrir<\/h3>\n<p>Vous n'\u00eates pas satisfait ? Cliquez sur \"Suivant\" pour trouver quelqu'un d'autre. Il n'y a pas de limite au nombre de personnes que vous pouvez rencontrer.<\/p>\n<h3>\u00c9tape 6 : S'inscrire aux extras (facultatif)<\/h3>\n<p>Inscrivez-vous gratuitement si vous souhaitez enregistrer des amis, d\u00e9bloquer davantage de filtres ou acc\u00e9der \u00e0 des fonctionnalit\u00e9s premium.<\/p>\n<h3>\u00c9tape 7 : Utiliser le partage d'images et la traduction<\/h3>\n<p>Exprimez-vous avec des images, des GIF ou des emojis s\u00fbrs et utilisez la traduction int\u00e9gr\u00e9e pour discuter dans plusieurs langues.<\/p>\n<h3>\u00c9tape 8 : Bloquer ou signaler si n\u00e9cessaire<\/h3>\n<p>Si quelqu'un est grossier ou inappropri\u00e9, utilisez le bouton bloquer\/signaler. Les mod\u00e9rateurs r\u00e9agissent rapidement.<\/p>\n<h2>Exp\u00e9rience utilisateur sur CrushRoulette<\/h2>\n<p>CrushRoulette est con\u00e7u pour \u00eatre simple, rapide et authentique. Voici ce qui le rend unique aux yeux des utilisateurs :<\/p>\n<h3>Ce que les utilisateurs aiment<\/h3>\n<ul>\n<li>Aucune inscription n'est n\u00e9cessaire pour le chat vid\u00e9o : Participez imm\u00e9diatement, 100% private.<\/li>\n<li>Design \u00e9pur\u00e9 et moderne : Fonctionne de mani\u00e8re transparente sur t\u00e9l\u00e9phone, tablette ou ordinateur de bureau.<\/li>\n<li>Filtres intelligents : Trouvez des personnes qui vous int\u00e9ressent vraiment.<\/li>\n<li>Outil de traduction : Connecte le monde, pas seulement votre r\u00e9gion.<\/li>\n<li>Mod\u00e9ration amicale : La mod\u00e9ration amicale permet de pr\u00e9server la s\u00e9curit\u00e9 et l'aspect positif de la plateforme.<\/li>\n<li>Partage d'emoji\/d'images : Rend les discussions plus expressives et plus amusantes.<\/li>\n<li>Pas de t\u00e9l\u00e9chargement, pas d'installation.<\/li>\n<\/ul>\n<h3>Ce qui pourrait \u00eatre am\u00e9lior\u00e9<\/h3>\n<ul>\n<li>Les filtres avanc\u00e9s et certaines fonctionnalit\u00e9s n\u00e9cessitent un compte ou des pi\u00e8ces de monnaie (norme industrielle).<\/li>\n<li>Des trolls occasionnels (courants sur tous les sites de discussion al\u00e9atoire - la mod\u00e9ration permet de les contenir).<\/li>\n<li>Il n'y a pas encore de salles de discussion th\u00e9matiques (elles pourraient \u00eatre ajout\u00e9es dans les prochaines mises \u00e0 jour).<\/li>\n<li>Il est facile de perdre le fil du temps - les bousculades peuvent cr\u00e9er une d\u00e9pendance !<\/li>\n<\/ul>\n<h3>Avis d'utilisateurs r\u00e9els<\/h3>\n<blockquote><p>\"J'ai trouv\u00e9 mon petit ami actuel sur CrushRoulette. C'est amusant et plus s\u00fbr que la plupart des autres sites de chat vid\u00e9o.\"<br \/>\n- <em>Sara T., Trustpilot<\/em><\/p><\/blockquote>\n<blockquote><p>\"J'adore la fonction de traduction : j'ai discut\u00e9 avec des personnes de quatre continents.<br \/>\n- <em>Mikhail V., App Store<\/em><\/p><\/blockquote>\n<blockquote><p>\"Rapide, facile \u00e0 utiliser et fonctionne bien sur mon t\u00e9l\u00e9phone. Un bon moyen de tuer l'ennui\".<br \/>\n- <em>Jules K., Google Play<\/em><\/p><\/blockquote>\n<h2>CrushRoulette vs. autres applications de chat vid\u00e9o al\u00e9atoire<\/h2>\n<p>Comment CrushRoulette se compare-t-elle aux plateformes les plus connues ?<\/p>\n<table>\n<thead>\n<tr>\n<th>Fonctionnalit\u00e9<\/th>\n<th>CrushRoulette<\/th>\n<th>CamMatch<\/th>\n<th>ChatMatch<\/th>\n<th>Omegle<\/th>\n<th>Chatroulette<\/th>\n<th>LuckyCrush<\/th>\n<th>HOLLA<\/th>\n<th>LivU<\/th>\n<\/tr>\n<\/thead>\n<tbody>\n<tr>\n<td>Pas d'inscription n\u00e9cessaire<\/td>\n<td>\u2705 Oui<\/td>\n<td>\u2705 Oui<\/td>\n<td>\u2705 Oui<\/td>\n<td>\u2705 Oui<\/td>\n<td>\u2705 Oui<\/td>\n<td>\u274c Hommes seulement<\/td>\n<td>\u2705 Oui<\/td>\n<td>\u2705 Oui<\/td>\n<\/tr>\n<tr>\n<td>Chat vid\u00e9o et texte<\/td>\n<td>\u2705 Les deux<\/td>\n<td>\u2705 Les deux<\/td>\n<td>\u2705 Les deux<\/td>\n<td>\u2705 Les deux<\/td>\n<td>\u2705 Les deux<\/td>\n<td>\u2705 Les deux<\/td>\n<td>\u2705 Les deux<\/td>\n<td>\u2705 Les deux<\/td>\n<\/tr>\n<tr>\n<td>Filtre genre\/pays<\/td>\n<td>\u2705 Oui*<\/td>\n<td>\u2705 Oui*<\/td>\n<td>\u2705 Oui*<\/td>\n<td>\u26a0\ufe0f Limited<\/td>\n<td>\u2705 Oui<\/td>\n<td>\u2705 Oui<\/td>\n<td>\u2705 Oui<\/td>\n<td>\u2705 Oui<\/td>\n<\/tr>\n<tr>\n<td>Optimis\u00e9 pour les mobiles<\/td>\n<td>\u2705 Oui<\/td>\n<td>\u2705 Oui<\/td>\n<td>\u2705 Oui<\/td>\n<td>\u26a0\ufe0f Mixte<\/td>\n<td>\u2705 Oui<\/td>\n<td>\u2705 Oui<\/td>\n<td>\u2705 Oui<\/td>\n<td>\u2705 Oui<\/td>\n<\/tr>\n<tr>\n<td>Outil de traduction<\/td>\n<td>\u2705 Oui<\/td>\n<td>\u2705 Oui<\/td>\n<td>\u2705 Oui<\/td>\n<td>\u274c Non<\/td>\n<td>\u274c Non<\/td>\n<td>\u274c Non<\/td>\n<td>\u2705 Oui<\/td>\n<td>\u2705 Oui<\/td>\n<\/tr>\n<tr>\n<td>Partage d'images\/de smileys<\/td>\n<td>\u2705 Oui<\/td>\n<td>\u2705 Oui<\/td>\n<td>\u2705 Oui<\/td>\n<td>\u274c Non<\/td>\n<td>\u274c Non<\/td>\n<td>\u2705 Oui<\/td>\n<td>\u2705 Oui<\/td>\n<td>\u2705 Oui<\/td>\n<\/tr>\n<tr>\n<td>Mod\u00e9ration\/S\u00e9curit\u00e9<\/td>\n<td>\u2705 Fort<\/td>\n<td>\u2705 Fort<\/td>\n<td>\u2705 Fort<\/td>\n<td>\u26a0\ufe0f Limited<\/td>\n<td>\u26a0\ufe0f Limited<\/td>\n<td>\u2705 Oui<\/td>\n<td>\u2705 Fort<\/td>\n<td>\u2705 Fort<\/td>\n<\/tr>\n<\/tbody>\n<\/table>\n<p>**Certaines fonctions\/filtres avanc\u00e9s n\u00e9cessitent un compte gratuit ou payant.<\/p>\n<p>R\u00e9sum\u00e9 : CrushRoulette est l'alternative moderne pour ceux qui veulent des connexions authentiques et spontan\u00e9es, avec des fonctionnalit\u00e9s qui rendent le flirt, les rencontres et les amiti\u00e9s plus s\u00fbres et plus gratifiantes.<\/p>\n<h2>CrushRoulette est-il s\u00fbr ?<\/h2>\n<p>La s\u00e9curit\u00e9 est au c\u0153ur de l'exp\u00e9rience CrushRoulette :<\/p>\n<ul>\n<li>Mod\u00e9ration automatis\u00e9e (AI) : Recherche en temps r\u00e9el la nudit\u00e9, les abus, le spam et les contenus dangereux.<\/li>\n<li>Mod\u00e9rateurs humains : Disponibles 24 heures sur 24 pour examiner les rapports et faire respecter les r\u00e8gles.<\/li>\n<li>Fonctionnalit\u00e9s de rapport\/blocage : Toujours accessibles pendant les sessions de chat.<\/li>\n<li>Aucune information personnelle n'est requise : Restez aussi anonyme que vous le souhaitez.<\/li>\n<li>Aucun historique des conversations n'est conserv\u00e9 : Vos conversations disparaissent lorsque vous quittez le site.<\/li>\n<li>Lignes directrices strictes pour la communaut\u00e9 : Contribuer \u00e0 maintenir un environnement respectueux, amical et ouvert \u00e0 tous.<\/li>\n<\/ul>\n<h3>Conseils de s\u00e9curit\u00e9 pour les utilisateurs<\/h3>\n<ul>\n<li>Ne communiquez jamais votre vrai nom, votre num\u00e9ro de t\u00e9l\u00e9phone ou des informations priv\u00e9es \u00e0 des inconnus.<\/li>\n<li>Faites confiance \u00e0 votre instinct : si une discussion ne vous semble pas correcte, mettez-y fin ou utilisez la touche \"Suivant\".<\/li>\n<li>Ne cliquez pas sur des liens et n'acceptez pas de fichiers provenant de personnes que vous ne connaissez pas.<\/li>\n<li>Ne vous d\u00e9voilez que lorsque vous \u00eates s\u00fbr de vous.<\/li>\n<li>Aidez \u00e0 maintenir la plateforme propre en signalant toute personne qui enfreint les r\u00e8gles.<\/li>\n<\/ul>\n<h2>Conseils pour tirer le meilleur parti de la CrushRoulette<\/h2>\n<ul>\n<li>Commencez chaque conversation par un sourire ou une salutation amicale.<\/li>\n<li>Utilisez souvent le mot \"suivant\" : Ne restez pas dans des discussions inconfortables ou ennuyeuses.<\/li>\n<li>Jouez avec les filtres de pays\/genre : Id\u00e9al pour apprendre une langue ou flirter.<\/li>\n<li>Essayez \u00e0 la fois la vid\u00e9o et le texte : Parfois, un chat textuel est le meilleur moyen de s'\u00e9chauffer.<\/li>\n<li>Utilisez des \u00e9mojis et des images : Exprimez-vous, mais de mani\u00e8re appropri\u00e9e.<\/li>\n<li>Tirez parti de la mod\u00e9ration : Bloquez\/rapportez les trolls ou les personnes qui ne respectent pas les r\u00e8gles.<\/li>\n<li>Chattez \u00e0 des heures diff\u00e9rentes : La communaut\u00e9 mondiale \u00e9volue tout au long de la journ\u00e9e.<\/li>\n<li>S'inscrire pour des extras : Si vous aimez l'exp\u00e9rience, inscrivez-vous pour b\u00e9n\u00e9ficier d'autres fonctions.<\/li>\n<\/ul>\n<h2>D\u00e9pannage des probl\u00e8mes courants de la CrushRoulette<\/h2>\n<h3>L'appareil photo ou le microphone ne fonctionne pas<\/h3>\n<p>Assurez-vous que les autorisations du navigateur\/appareil sont activ\u00e9es, fermez les autres applications d'appareil photo, actualisez la page ou red\u00e9marrez votre appareil.<\/p>\n<h3>Filtres non disponibles<\/h3>\n<p>Certains filtres requi\u00e8rent une inscription gratuite ou des pi\u00e8ces de monnaie\/prime ; mettez-les \u00e0 niveau si n\u00e9cessaire.<\/p>\n<h3>Connexions lentes ou d\u00e9calage<\/h3>\n<p>Utilisez une connexion Wi-Fi puissante, fermez les autres applications\/onglets gourmands en bande passante et actualisez votre navigateur.<\/p>\n<h3>\u00c0 la rencontre des trolls<\/h3>\n<p>Bloquer\/signaler imm\u00e9diatement - les mod\u00e9rateurs traitent les violations rapidement.<\/p>\n<h3>La traduction ne fonctionne pas<\/h3>\n<p>Assurez-vous d'utiliser un navigateur mis \u00e0 jour et d'avoir une connexion stable.<\/p>\n<p>Absolument, en particulier pour tous ceux qui souhaitent retrouver l'excitation des chats al\u00e9atoires tout en b\u00e9n\u00e9ficiant de la confidentialit\u00e9, de la s\u00e9curit\u00e9 et d'une ambiance moderne et amusante. CrushRoulette reprend tout ce qui a rendu le chat vid\u00e9o roulette amusant, mais avec des correspondances plus intelligentes, de meilleurs filtres et un engagement \u00e0 assurer la s\u00e9curit\u00e9 et le respect des utilisateurs.<\/p>\n<p>Que vous soyez \u00e0 la recherche d'un coup de foudre, de nouveaux amis ou simplement d'un nouveau visage \u00e0 qui parler, CrushRoulette vous offre des connexions rapides, anonymes et gratifiantes, le tout sans t\u00e9l\u00e9chargement ni inscription n\u00e9cessaire.<\/p>\n<p>Pr\u00eat \u00e0 faire un tour ?<br \/>\nVisitez crushroulette.com, choisissez la vid\u00e9o ou le texte, et d\u00e9couvrez votre prochaine conversation en quelques secondes.<\/p>","protected":false},"excerpt":{"rendered":"<p>The world of random video chat has evolved far beyond its early days. Today, platforms like CrushRoulette are redefining how we meet, flirt, and make friends online\u2014combining the excitement of chance encounters with a modern twist focused on privacy, authenticity, and genuine connection. Whether you\u2019re seeking your next crush, hoping for an interesting conversation, or [&hellip;]<\/p>\n","protected":false},"author":6,"featured_media":0,"parent":0,"menu_order":0,"comment_status":"closed","ping_status":"closed","template":"","meta":{"footnotes":""},"class_list":["post-12397","page","type-page","status-publish","hentry"],"yoast_head":"<!-- This site is optimized with the Yoast SEO plugin v27.4 - https:\/\/yoast.com\/product\/yoast-seo-wordpress\/ -->\n<title>CrushRoulette - Random Video Chat with Girls - TinyChat.com<\/title>\n<meta name=\"description\" content=\"Enjoying CrushRoulette? Join over 50,000,000 strangers on TinyChat! Turn on your cam and start meeting new people, or find a match.\" \/>\n<meta name=\"robots\" content=\"index, follow, max-snippet:-1, max-image-preview:large, max-video-preview:-1\" \/>\n<link rel=\"canonical\" href=\"https:\/\/tinychat.com\/fr\/crushroulette\/\" \/>\n<meta property=\"og:locale\" content=\"fr_FR\" \/>\n<meta property=\"og:type\" content=\"article\" \/>\n<meta property=\"og:title\" content=\"CrushRoulette - Random Video Chat with Girls - TinyChat.com\" \/>\n<meta property=\"og:description\" content=\"Enjoying CrushRoulette? Join over 50,000,000 strangers on TinyChat! Turn on your cam and start meeting new people, or find a match.\" \/>\n<meta property=\"og:url\" content=\"https:\/\/tinychat.com\/fr\/crushroulette\/\" \/>\n<meta property=\"og:site_name\" content=\"TinyChat\" \/>\n<meta property=\"article:publisher\" content=\"https:\/\/www.facebook.com\/tinychat\" \/>\n<meta property=\"article:modified_time\" content=\"2025-07-21T11:09:33+00:00\" \/>\n<meta property=\"og:image\" content=\"https:\/\/tinychat.com\/wp-content\/uploads\/2020\/04\/Tinychat-logo-1280x284-new-black.png\" \/>\n\t<meta property=\"og:image:width\" content=\"1280\" \/>\n\t<meta property=\"og:image:height\" content=\"284\" \/>\n\t<meta property=\"og:image:type\" content=\"image\/png\" \/>\n<meta name=\"twitter:card\" content=\"summary_large_image\" \/>\n<meta name=\"twitter:site\" content=\"@tinychat\" \/>\n<meta name=\"twitter:label1\" content=\"Dur\u00e9e de lecture estim\u00e9e\" \/>\n\t<meta name=\"twitter:data1\" content=\"7 minutes\" \/>\n<script type=\"application\/ld+json\" class=\"yoast-schema-graph\">{\"@context\":\"https:\\\/\\\/schema.org\",\"@graph\":[{\"@type\":\"WebPage\",\"@id\":\"https:\\\/\\\/tinychat.com\\\/crushroulette\\\/\",\"url\":\"https:\\\/\\\/tinychat.com\\\/crushroulette\\\/\",\"name\":\"CrushRoulette - Random Video Chat with Girls - TinyChat.com\",\"isPartOf\":{\"@id\":\"https:\\\/\\\/tinychat.com\\\/#website\"},\"datePublished\":\"2025-07-21T09:32:55+00:00\",\"dateModified\":\"2025-07-21T11:09:33+00:00\",\"description\":\"Enjoying CrushRoulette? Join over 50,000,000 strangers on TinyChat! Turn on your cam and start meeting new people, or find a match.\",\"breadcrumb\":{\"@id\":\"https:\\\/\\\/tinychat.com\\\/crushroulette\\\/#breadcrumb\"},\"inLanguage\":\"fr-FR\",\"potentialAction\":[{\"@type\":\"ReadAction\",\"target\":[\"https:\\\/\\\/tinychat.com\\\/crushroulette\\\/\"]}]},{\"@type\":\"BreadcrumbList\",\"@id\":\"https:\\\/\\\/tinychat.com\\\/crushroulette\\\/#breadcrumb\",\"itemListElement\":[{\"@type\":\"ListItem\",\"position\":1,\"name\":\"Home\",\"item\":\"https:\\\/\\\/tinychat.com\\\/\"},{\"@type\":\"ListItem\",\"position\":2,\"name\":\"CrushRoulette\"}]},{\"@type\":\"WebSite\",\"@id\":\"https:\\\/\\\/tinychat.com\\\/#website\",\"url\":\"https:\\\/\\\/tinychat.com\\\/\",\"name\":\"TinyChat\",\"description\":\"Random Video Chat with Strangers\",\"publisher\":{\"@id\":\"https:\\\/\\\/tinychat.com\\\/#organization\"},\"alternateName\":\"TinyChat.com\",\"potentialAction\":[{\"@type\":\"SearchAction\",\"target\":{\"@type\":\"EntryPoint\",\"urlTemplate\":\"https:\\\/\\\/tinychat.com\\\/?s={search_term_string}\"},\"query-input\":{\"@type\":\"PropertyValueSpecification\",\"valueRequired\":true,\"valueName\":\"search_term_string\"}}],\"inLanguage\":\"fr-FR\"},{\"@type\":\"Organization\",\"@id\":\"https:\\\/\\\/tinychat.com\\\/#organization\",\"name\":\"TinyChat\",\"alternateName\":\"TinyChat.com\",\"url\":\"https:\\\/\\\/tinychat.com\\\/\",\"logo\":{\"@type\":\"ImageObject\",\"inLanguage\":\"fr-FR\",\"@id\":\"https:\\\/\\\/tinychat.com\\\/#\\\/schema\\\/logo\\\/image\\\/\",\"url\":\"https:\\\/\\\/tinychat.com\\\/wp-content\\\/uploads\\\/2023\\\/11\\\/Tinychat-icon-square.png\",\"contentUrl\":\"https:\\\/\\\/tinychat.com\\\/wp-content\\\/uploads\\\/2023\\\/11\\\/Tinychat-icon-square.png\",\"width\":284,\"height\":284,\"caption\":\"TinyChat\"},\"image\":{\"@id\":\"https:\\\/\\\/tinychat.com\\\/#\\\/schema\\\/logo\\\/image\\\/\"},\"sameAs\":[\"https:\\\/\\\/www.facebook.com\\\/tinychat\",\"https:\\\/\\\/x.com\\\/tinychat\"]}]}<\/script>\n<!-- \/ Yoast SEO plugin. -->","yoast_head_json":{"title":"CrushRoulette - Chat vid\u00e9o al\u00e9atoire avec des filles - TinyChat.com","description":"Vous aimez la CrushRoulette ? Rejoignez plus de 50 000 000 d'inconnus sur TinyChat ! Allumez votre cam\u00e9ra et commencez \u00e0 rencontrer de nouvelles personnes, ou trouvez un partenaire.","robots":{"index":"index","follow":"follow","max-snippet":"max-snippet:-1","max-image-preview":"max-image-preview:large","max-video-preview":"max-video-preview:-1"},"canonical":"https:\/\/tinychat.com\/fr\/crushroulette\/","og_locale":"fr_FR","og_type":"article","og_title":"CrushRoulette - Random Video Chat with Girls - TinyChat.com","og_description":"Enjoying CrushRoulette? Join over 50,000,000 strangers on TinyChat! Turn on your cam and start meeting new people, or find a match.","og_url":"https:\/\/tinychat.com\/fr\/crushroulette\/","og_site_name":"TinyChat","article_publisher":"https:\/\/www.facebook.com\/tinychat","article_modified_time":"2025-07-21T11:09:33+00:00","og_image":[{"width":1280,"height":284,"url":"https:\/\/tinychat.com\/wp-content\/uploads\/2020\/04\/Tinychat-logo-1280x284-new-black.png","type":"image\/png"}],"twitter_card":"summary_large_image","twitter_site":"@tinychat","twitter_misc":{"Dur\u00e9e de lecture estim\u00e9e":"7 minutes"},"schema":{"@context":"https:\/\/schema.org","@graph":[{"@type":"WebPage","@id":"https:\/\/tinychat.com\/crushroulette\/","url":"https:\/\/tinychat.com\/crushroulette\/","name":"CrushRoulette - Chat vid\u00e9o al\u00e9atoire avec des filles - TinyChat.com","isPartOf":{"@id":"https:\/\/tinychat.com\/#website"},"datePublished":"2025-07-21T09:32:55+00:00","dateModified":"2025-07-21T11:09:33+00:00","description":"Vous aimez la CrushRoulette ? Rejoignez plus de 50 000 000 d'inconnus sur TinyChat ! Allumez votre cam\u00e9ra et commencez \u00e0 rencontrer de nouvelles personnes, ou trouvez un partenaire.","breadcrumb":{"@id":"https:\/\/tinychat.com\/crushroulette\/#breadcrumb"},"inLanguage":"fr-FR","potentialAction":[{"@type":"ReadAction","target":["https:\/\/tinychat.com\/crushroulette\/"]}]},{"@type":"BreadcrumbList","@id":"https:\/\/tinychat.com\/crushroulette\/#breadcrumb","itemListElement":[{"@type":"ListItem","position":1,"name":"Home","item":"https:\/\/tinychat.com\/"},{"@type":"ListItem","position":2,"name":"CrushRoulette"}]},{"@type":"WebSite","@id":"https:\/\/tinychat.com\/#website","url":"https:\/\/tinychat.com\/","name":"TinyChat","description":"Chat vid\u00e9o al\u00e9atoire avec des inconnus","publisher":{"@id":"https:\/\/tinychat.com\/#organization"},"alternateName":"TinyChat.com","potentialAction":[{"@type":"SearchAction","target":{"@type":"EntryPoint","urlTemplate":"https:\/\/tinychat.com\/?s={search_term_string}"},"query-input":{"@type":"PropertyValueSpecification","valueRequired":true,"valueName":"search_term_string"}}],"inLanguage":"fr-FR"},{"@type":"Organization","@id":"https:\/\/tinychat.com\/#organization","name":"TinyChat","alternateName":"TinyChat.com","url":"https:\/\/tinychat.com\/","logo":{"@type":"ImageObject","inLanguage":"fr-FR","@id":"https:\/\/tinychat.com\/#\/schema\/logo\/image\/","url":"https:\/\/tinychat.com\/wp-content\/uploads\/2023\/11\/Tinychat-icon-square.png","contentUrl":"https:\/\/tinychat.com\/wp-content\/uploads\/2023\/11\/Tinychat-icon-square.png","width":284,"height":284,"caption":"TinyChat"},"image":{"@id":"https:\/\/tinychat.com\/#\/schema\/logo\/image\/"},"sameAs":["https:\/\/www.facebook.com\/tinychat","https:\/\/x.com\/tinychat"]}]}},"_links":{"self":[{"href":"https:\/\/tinychat.com\/fr\/wp-json\/wp\/v2\/pages\/12397","targetHints":{"allow":["GET"]}}],"collection":[{"href":"https:\/\/tinychat.com\/fr\/wp-json\/wp\/v2\/pages"}],"about":[{"href":"https:\/\/tinychat.com\/fr\/wp-json\/wp\/v2\/types\/page"}],"author":[{"embeddable":true,"href":"https:\/\/tinychat.com\/fr\/wp-json\/wp\/v2\/users\/6"}],"replies":[{"embeddable":true,"href":"https:\/\/tinychat.com\/fr\/wp-json\/wp\/v2\/comments?post=12397"}],"version-history":[{"count":2,"href":"https:\/\/tinychat.com\/fr\/wp-json\/wp\/v2\/pages\/12397\/revisions"}],"predecessor-version":[{"id":13347,"href":"https:\/\/tinychat.com\/fr\/wp-json\/wp\/v2\/pages\/12397\/revisions\/13347"}],"wp:attachment":[{"href":"https:\/\/tinychat.com\/fr\/wp-json\/wp\/v2\/media?parent=12397"}],"curies":[{"name":"wp","href":"https:\/\/api.w.org\/{rel}","templated":true}]}}