{"id":12425,"date":"2025-08-04T11:58:01","date_gmt":"2025-08-04T09:58:01","guid":{"rendered":"https:\/\/tinychat.com\/?page_id=12425"},"modified":"2025-08-04T12:06:22","modified_gmt":"2025-08-04T10:06:22","slug":"minichat","status":"publish","type":"page","link":"https:\/\/tinychat.com\/fr\/minichat\/","title":{"rendered":"Minichat"},"content":{"rendered":"<p>Dans un monde surcharg\u00e9 de r\u00e9seaux sociaux et d'applications, il est parfois pr\u00e9f\u00e9rable d'en faire moins. MiniChat est une bouff\u00e9e d'air frais pour ceux qui ont envie de se connecter en temps r\u00e9el, mais sans le bruit, les profils et la confidentialit\u00e9 des plateformes sociales traditionnelles. Fond\u00e9 sur les principes de rapidit\u00e9, de simplicit\u00e9 et de confidentialit\u00e9, MiniChat est parfait pour tous ceux qui souhaitent rencontrer de nouvelles personnes, chatter de mani\u00e8re anonyme ou cr\u00e9er des discussions de groupe rapides, sans inscription ni tracas.<\/p>\n<p>Que vous cherchiez \u00e0 avoir une conversation au hasard, \u00e0 vous faire de nouveaux amis, \u00e0 tuer le temps ou simplement \u00e0 profiter d'une exp\u00e9rience de chat priv\u00e9e et sans distraction, MiniChat vous offre une interface simplifi\u00e9e et s'engage \u00e0 respecter l'anonymat de l'utilisateur. Pas de t\u00e9l\u00e9chargement, pas d'informations personnelles, pas de longs formulaires - juste du chat.<\/p>\n<p>Ce guide approfondi couvre tout ce que vous devez savoir sur MiniChat : ce qu'il est, comment il fonctionne, les caract\u00e9ristiques principales, l'exp\u00e9rience utilisateur, la s\u00e9curit\u00e9, les comparaisons avec d'autres plateformes, les conseils de d\u00e9pannage et les conseils d'experts pour tirer le meilleur parti de votre temps sur MiniChat.<\/p>\n<h2>Qu'est-ce que MiniChat ?<\/h2>\n<p>MiniChat est une plateforme de chat anonyme bas\u00e9e sur un navigateur, con\u00e7ue pour faciliter au maximum les conversations instantan\u00e9es en t\u00eate-\u00e0-t\u00eate ou en groupe. Contrairement aux salons de discussion traditionnels et aux applications \"sociales\" modernes qui vous poussent \u00e0 vous inscrire, \u00e0 cr\u00e9er des profils et \u00e0 partager des donn\u00e9es personnelles, MiniChat adopte une approche \"minimaliste d'abord\" :<\/p>\n<ul>\n<li>Aucune inscription n'est n\u00e9cessaire : Il suffit de choisir un surnom et d'y aller.<\/li>\n<li>Aucune information personnelle n'est n\u00e9cessaire : Restez aussi anonyme que vous le souhaitez.<\/li>\n<li>Pas d'encombrement : Interface propre, rapide et adapt\u00e9e \u00e0 la mobilit\u00e9.<\/li>\n<\/ul>\n<p>MiniChat est id\u00e9al pour :<\/p>\n<ul>\n<li>Chat anonyme avec des inconnus<\/li>\n<li>Discussions de groupe sans comptes<\/li>\n<li>Conversations rapides et spontan\u00e9es<\/li>\n<li>Les personnes qui accordent de l'importance \u00e0 la vie priv\u00e9e et au minimalisme<\/li>\n<li>Utilisateurs de t\u00e9l\u00e9phones portables et d'ordinateurs de bureau<\/li>\n<\/ul>\n<h2>Principales caract\u00e9ristiques de MiniChat<\/h2>\n<p>MiniChat se d\u00e9marque de la masse en faisant quelques choses d'extr\u00eamement bien :<\/p>\n<h3>1. Pas d'enregistrement, pas de tracas<\/h3>\n<p>Commencez imm\u00e9diatement : il vous suffit d'entrer un pseudo et vous pouvez commencer \u00e0 discuter. Aucun email, t\u00e9l\u00e9phone ou m\u00e9dia social n'est n\u00e9cessaire.<\/p>\n<h3>2. Anonymes par conception<\/h3>\n<p>Il n'y a pas de profils, pas de listes de contacts enregistr\u00e9es et aucune donn\u00e9e personnelle n'est stock\u00e9e. Vos discussions sont \u00e9ph\u00e9m\u00e8res et priv\u00e9es.<\/p>\n<h3>3. Interface l\u00e9g\u00e8re et rapide<\/h3>\n<ul>\n<li>Interface utilisateur minimaliste : L'accent est mis sur le chat et non sur les fonctions que vous n'utiliserez jamais.<\/li>\n<li>Adaptation aux mobiles et aux ordinateurs de bureau : le site se charge rapidement et fonctionne sans probl\u00e8me sur toutes les tailles d'\u00e9cran.<\/li>\n<li>Pas de publicit\u00e9s, de popups ou de distractions : Juste une conversation.<\/li>\n<\/ul>\n<h3>4. Chat al\u00e9atoire et salles de groupe<\/h3>\n<ul>\n<li>Un \u00e0 un al\u00e9atoire : Rencontrez instantan\u00e9ment un inconnu et entamez une discussion priv\u00e9e.<\/li>\n<li>Salles de groupe : Rejoignez des groupes de discussion ouverts ou cr\u00e9ez votre propre groupe pour discuter de n'importe quel sujet.<\/li>\n<li>Partage de salle : Partagez un lien direct pour inviter des amis ou cr\u00e9er une petite communaut\u00e9.<\/li>\n<\/ul>\n<h3>5. Chats s\u00e9curis\u00e9s et priv\u00e9s<\/h3>\n<ul>\n<li>Pas de journal des conversations : Les conversations disparaissent lorsque vous fermez la fen\u00eatre ou quittez la pi\u00e8ce.<\/li>\n<li>Pas de suivi : MiniChat ne suit pas le comportement des utilisateurs et ne vend pas de donn\u00e9es.<\/li>\n<\/ul>\n<h3>6. Emoji et partage de m\u00e9dias de base<\/h3>\n<ul>\n<li>Exprimez-vous : Envoyez des emojis et (si la fonction est activ\u00e9e) partagez des images ou des liens pour une discussion plus vivante.<\/li>\n<\/ul>\n<h3>7. Outils de mod\u00e9ration instantan\u00e9e<\/h3>\n<ul>\n<li>Bloquer\/rapporter : Outils permettant de bloquer ou de signaler les utilisateurs abusifs en un seul clic, afin de pr\u00e9server la convivialit\u00e9 et la s\u00e9curit\u00e9 de MiniChat.<\/li>\n<\/ul>\n<h3>8. Communaut\u00e9 internationale<\/h3>\n<ul>\n<li>Acc\u00e8s mondial : Utilisateurs du monde entier, sans restrictions r\u00e9gionales.<\/li>\n<li>Filtres linguistiques : Choisissez votre langue ou entrez en contact avec des utilisateurs du monde entier.<\/li>\n<\/ul>\n<h2>Comment utiliser MiniChat<\/h2>\n<p>MiniChat, c'est la conversation instantan\u00e9e et sans friction :<\/p>\n<h3>\u00c9tape 1 : Visiter le site web de MiniChat<\/h3>\n<p>Allez sur minichat.com (ou le domaine local correspondant) dans n'importe quel navigateur.<\/p>\n<h3>\u00c9tape 2 : Choisir un surnom<\/h3>\n<p>Entrez un surnom - r\u00e9el ou invent\u00e9. Aucune inscription n'est n\u00e9cessaire.<\/p>\n<h3>\u00c9tape 3 : Choisir le mode de discussion<\/h3>\n<ul>\n<li>Chat al\u00e9atoire : Vous \u00eates instantan\u00e9ment mis en relation avec un inconnu pour une discussion priv\u00e9e et anonyme.<\/li>\n<li>Salles de groupe : Rejoignez une salle de groupe publique par th\u00e8me ou cr\u00e9ez la v\u00f4tre et invitez d'autres personnes \u00e0 l'aide d'un lien direct.<\/li>\n<\/ul>\n<h3>\u00c9tape 4 : Commencer \u00e0 chatter<\/h3>\n<p>Lancez-vous dans la conversation. Utilisez des \u00e9mojis, posez des questions ou racontez simplement votre journ\u00e9e.<\/p>\n<h3>\u00c9tape 5 : Utiliser des outils de mod\u00e9ration<\/h3>\n<p>Si vous rencontrez un troll ou un comportement ind\u00e9sirable, utilisez la fonction de blocage ou de signalement. L'\u00e9quipe de mod\u00e9ration de MiniChat agit rapidement pour assurer la s\u00e9curit\u00e9.<\/p>\n<h3>\u00c9tape 6 : Partir ou aller de l'avant<\/h3>\n<p>Lorsque vous \u00eates pr\u00eat, quittez le chat ou l'espace de discussion : vos messages disparaissent et vous pouvez recommencer \u00e0 z\u00e9ro.<\/p>\n<h2>Exp\u00e9rience utilisateur sur MiniChat<\/h2>\n<p>MiniChat est synonyme de facilit\u00e9, de confidentialit\u00e9 et de conversations int\u00e9ressantes :<\/p>\n<h3>Ce que les utilisateurs aiment<\/h3>\n<ul>\n<li>Acc\u00e8s imm\u00e9diat : Pas d'attente, pas de formulaire, pas d'installation.<\/li>\n<li>Minimalisme : Une interface \u00e9pur\u00e9e qui s'efface.<\/li>\n<li>Anonyme par d\u00e9faut : Pas de profil, pas de bagage, juste de la conversation.<\/li>\n<li>Chat en groupe et en t\u00eate-\u00e0-t\u00eate : Flexibilit\u00e9 pour les chats al\u00e9atoires et les discussions en petits groupes.<\/li>\n<li>Une conception ax\u00e9e sur le mobile : Fonctionne parfaitement sur les smartphones, les tablettes et les ordinateurs de bureau.<\/li>\n<li>Pas de publicit\u00e9s ni de popups : Chat sans distraction.<\/li>\n<li>Discussions \u00e9ph\u00e9m\u00e8res : Pas de traces de donn\u00e9es, pas de journaux de chat.<\/li>\n<\/ul>\n<h3>Les points \u00e0 am\u00e9liorer selon les utilisateurs<\/h3>\n<ul>\n<li>Pas de chat vid\u00e9o ou vocal - uniquement du texte (pour l'instant).<\/li>\n<li>Les salles de groupe sont basiques, sans fonctions de gestion avanc\u00e9es.<\/li>\n<li>Moins d'utilisateurs pendant les heures creuses (en progression par rapport aux grandes plateformes).<\/li>\n<li>Pas de profil ni de liste d'amis pour conserver des contacts \u00e0 long terme (pour des raisons de confidentialit\u00e9).<\/li>\n<\/ul>\n<h3>Un vrai retour d'information de la part des utilisateurs<\/h3>\n<blockquote><p>\"J'adore la rapidit\u00e9 de MiniChat. Je discute avec quelqu'un de nouveau en quelques secondes, sans inscription, sans stress.\"<br \/>\n- <em>Sam D., Trustpilot<\/em><\/p><\/blockquote>\n<blockquote><p>\"Minimaliste et priv\u00e9. Personne ne vous demande qui vous \u00eates, et vous pouvez partir \u00e0 tout moment sans laisser de traces.\"<br \/>\n- <em>Isabella R., Google Reviews<\/em><\/p><\/blockquote>\n<blockquote><p>\"Parfait pour les moments o\u00f9 j'ai envie de me d\u00e9fouler ou de parler \u00e0 quelqu'un au hasard \u00e0 2 heures du matin. C'est plus s\u00fbr que la plupart des sites de chat.\"<br \/>\n- <em>Marta V., App Store<\/em><\/p><\/blockquote>\n<h2>MiniChat vs. autres plateformes de chat anonyme<\/h2>\n<p>Comment MiniChat se compare-t-il aux principales plateformes de chat minimal et anonyme ?<\/p>\n<table>\n<thead>\n<tr>\n<th>Fonctionnalit\u00e9<\/th>\n<th>MiniChat<\/th>\n<th>Mirami<\/th>\n<th>Chatiwi<\/th>\n<th>Chatiw<\/th>\n<th>Chatib<\/th>\n<th>ChitChat<\/th>\n<\/tr>\n<\/thead>\n<tbody>\n<tr>\n<td>Pas d'inscription n\u00e9cessaire<\/td>\n<td>\u2705 Oui<\/td>\n<td>\u2705 Oui<\/td>\n<td>\u2705 Oui<\/td>\n<td>\u2705 Oui<\/td>\n<td>\u2705 Oui<\/td>\n<td>\u2705 Oui<\/td>\n<\/tr>\n<tr>\n<td>Interface utilisateur minimale<\/td>\n<td>\u2705 Oui<\/td>\n<td>\u2705 Oui<\/td>\n<td>\u26a0\ufe0f Basic<\/td>\n<td>\u274c Non<\/td>\n<td>\u274c Non<\/td>\n<td>\u2705 Oui<\/td>\n<\/tr>\n<tr>\n<td>Chat de groupe et al\u00e9atoire<\/td>\n<td>\u2705 Les deux<\/td>\n<td>\u274c 1-on-1<\/td>\n<td>\u2705 Les deux<\/td>\n<td>\u2705 Les deux<\/td>\n<td>\u2705 Les deux<\/td>\n<td>\u2705 Les deux<\/td>\n<\/tr>\n<tr>\n<td>Aucune donn\u00e9e personnelle n'est stock\u00e9e<\/td>\n<td>\u2705 Oui<\/td>\n<td>\u2705 Oui<\/td>\n<td>\u2705 Oui<\/td>\n<td>\u26a0\ufe0f Quelques-uns<\/td>\n<td>\u26a0\ufe0f Quelques-uns<\/td>\n<td>\u2705 Oui<\/td>\n<\/tr>\n<tr>\n<td>Sans publicit\u00e9<\/td>\n<td>\u2705 Oui<\/td>\n<td>\u2705 Oui<\/td>\n<td>\u2705 Oui<\/td>\n<td>\u274c Non<\/td>\n<td>\u26a0\ufe0f Quelques-uns<\/td>\n<td>\u2705 Oui<\/td>\n<\/tr>\n<tr>\n<td>Outils de mod\u00e9ration<\/td>\n<td>\u2705 Oui<\/td>\n<td>\u2705 Oui<\/td>\n<td>\u2705 Oui<\/td>\n<td>\u26a0\ufe0f Quelques-uns<\/td>\n<td>\u2705 Oui<\/td>\n<td>\u2705 Oui<\/td>\n<\/tr>\n<tr>\n<td>Optimis\u00e9 pour les mobiles<\/td>\n<td>\u2705 Oui<\/td>\n<td>\u2705 Oui<\/td>\n<td>\u2705 Oui<\/td>\n<td>\u2705 Oui<\/td>\n<td>\u2705 Oui<\/td>\n<td>\u2705 Oui<\/td>\n<\/tr>\n<tr>\n<td>Chat vid\u00e9o<\/td>\n<td>\u274c Non<\/td>\n<td>\u2705 Oui<\/td>\n<td>\u274c Non<\/td>\n<td>\u274c Non<\/td>\n<td>\u274c Non<\/td>\n<td>\u274c Non<\/td>\n<\/tr>\n<\/tbody>\n<\/table>\n<p>R\u00e9sum\u00e9 : MiniChat est id\u00e9al pour ceux qui recherchent un chat rapide, anonyme, textuel et sans engagement. Il est parfait pour la confidentialit\u00e9, la simplicit\u00e9 et la connexion instantan\u00e9e.<\/p>\n<h2>MiniChat est-il s\u00fbr ?<\/h2>\n<p>MiniChat est con\u00e7u pour garantir la confidentialit\u00e9 et la s\u00e9curit\u00e9 des utilisateurs :<\/p>\n<ul>\n<li>Aucune inscription ou information personnelle n'est collect\u00e9e<\/li>\n<li>Chats anonymes avec journaux temporaires<\/li>\n<li>Mod\u00e9ration active et outils de blocage et de signalement instantan\u00e9s<\/li>\n<li>Pas de publicit\u00e9, pas de suivi par des tiers<\/li>\n<li>Acc\u00e8s mondial avec filtres linguistiques<\/li>\n<\/ul>\n<h3>Conseils de s\u00e9curit\u00e9<\/h3>\n<ul>\n<li>Ne partagez jamais d'informations personnelles ou sensibles, m\u00eame dans le cadre d'un chat priv\u00e9.<\/li>\n<li>Utilisez les salles de groupe pour les discussions plus larges, et le chat al\u00e9atoire pour les discussions en t\u00eate-\u00e0-t\u00eate.<\/li>\n<li>Bloquez ou signalez tout abus - les mod\u00e9rateurs sont r\u00e9actifs.<\/li>\n<li>Faites toujours confiance \u00e0 votre instinct et quittez les discussions qui vous mettent mal \u00e0 l'aise.<\/li>\n<\/ul>\n<h2>Conseils pour tirer le meilleur parti du MiniChat<\/h2>\n<ul>\n<li>Commencez amicalement : de simples salutations stimulent les conversations.<\/li>\n<li>Essayez le chat en groupe et le chat al\u00e9atoire : Les deux offrent des exp\u00e9riences sociales uniques.<\/li>\n<li>Restez anonyme : c'est l'essentiel, il n'est pas n\u00e9cessaire de dire qui vous \u00eates.<\/li>\n<li>Utilisez des \u00e9mojis pour vous exprimer : Rendez les discussions plus amusantes et plus r\u00e9alistes.<\/li>\n<li>Utilisation en d\u00e9placement : Fonctionne parfaitement sur votre t\u00e9l\u00e9phone ou votre tablette pour discuter n'importe o\u00f9.<\/li>\n<li>Signalez et bloquez si n\u00e9cessaire : Aidez \u00e0 garder MiniChat accueillant pour tous.<\/li>\n<li>Invitez des amis dans des salons priv\u00e9s : Utilisez le lien partageable pour les discussions de groupe priv\u00e9es.<\/li>\n<\/ul>\n<h2>R\u00e9solution des probl\u00e8mes courants li\u00e9s \u00e0 MiniChat<\/h2>\n<h3>Impossible de se connecter ou le chat ne se charge pas<\/h3>\n<p>V\u00e9rifiez votre connexion internet, actualisez la page ou essayez un autre appareil\/navigateur.<\/p>\n<h3>Il n'y a pas beaucoup d'utilisateurs<\/h3>\n<p>Essayez pendant les heures de pointe ou explorez diff\u00e9rentes salles de groupe.<\/p>\n<h3>Spam ou abus<\/h3>\n<p>Utilisez imm\u00e9diatement les outils de blocage et de signalement ; les mod\u00e9rateurs agissent rapidement.<\/p>\n<h3>Perte d'une bonne discussion<\/h3>\n<p>De par leur conception, les chats sont temporaires : \u00e9changez des informations au cours de la conversation si vous souhaitez rester en contact.<\/p>\n<h3>Image\/Emoji non envoy\u00e9<\/h3>\n<p>V\u00e9rifiez que vous ne d\u00e9passez pas les limites de fichiers, ou essayez de recharger le chat.<\/p>\n<p>Absolument, surtout pour tous ceux qui appr\u00e9cient les discussions en ligne instantan\u00e9es, anonymes et minimalistes. MiniChat est l'antidote aux plates-formes sociales bruyantes et compliqu\u00e9es. Il ram\u00e8ne l'attention sur la conversation pure et la confidentialit\u00e9.<\/p>\n<p>Que vous souhaitiez rencontrer de nouvelles personnes, discuter en t\u00eate-\u00e0-t\u00eate, participer \u00e0 une discussion de groupe rapide ou simplement profiter d'une exp\u00e9rience en ligne sans distraction, MiniChat est votre salon num\u00e9rique l\u00e9ger et sans contrainte.<\/p>\n<p>Pr\u00eat \u00e0 chatter ? Visitez minichat.com, choisissez un pseudo et profitez de l'exp\u00e9rience de chat la plus simple et la plus priv\u00e9e en ligne, \u00e0 tout moment et en tout lieu.<\/p>","protected":false},"excerpt":{"rendered":"<p>In a world crowded with bloated social networks and apps, sometimes less is more. MiniChat is a breath of fresh air for those who crave real-time connection, but without all the noise, profiles, and privacy baggage of mainstream social platforms. Built on the core principles of speed, simplicity, and privacy, MiniChat is perfect for anyone [&hellip;]<\/p>\n","protected":false},"author":6,"featured_media":0,"parent":0,"menu_order":0,"comment_status":"closed","ping_status":"closed","template":"","meta":{"footnotes":""},"class_list":["post-12425","page","type-page","status-publish","hentry"],"yoast_head":"<!-- This site is optimized with the Yoast SEO plugin v27.5 - https:\/\/yoast.com\/product\/yoast-seo-wordpress\/ -->\n<title>Minichat - The Fast Video Chat - TinyChat.com<\/title>\n<meta name=\"description\" content=\"Enjoying Minichat? Join over 50,000,000 strangers on TinyChat! Turn on your cam and start meeting new people, or find a match.\" \/>\n<meta name=\"robots\" content=\"index, follow, max-snippet:-1, max-image-preview:large, max-video-preview:-1\" \/>\n<link rel=\"canonical\" href=\"https:\/\/tinychat.com\/fr\/minichat\/\" \/>\n<meta property=\"og:locale\" content=\"fr_FR\" \/>\n<meta property=\"og:type\" content=\"article\" \/>\n<meta property=\"og:title\" content=\"Minichat - The Fast Video Chat - TinyChat.com\" \/>\n<meta property=\"og:description\" content=\"Enjoying Minichat? Join over 50,000,000 strangers on TinyChat! Turn on your cam and start meeting new people, or find a match.\" \/>\n<meta property=\"og:url\" content=\"https:\/\/tinychat.com\/fr\/minichat\/\" \/>\n<meta property=\"og:site_name\" content=\"TinyChat\" \/>\n<meta property=\"article:publisher\" content=\"https:\/\/www.facebook.com\/tinychat\" \/>\n<meta property=\"article:modified_time\" content=\"2025-08-04T10:06:22+00:00\" \/>\n<meta property=\"og:image\" content=\"https:\/\/tinychat.com\/wp-content\/uploads\/2020\/04\/Tinychat-logo-1280x284-new-black.png\" \/>\n\t<meta property=\"og:image:width\" content=\"1280\" \/>\n\t<meta property=\"og:image:height\" content=\"284\" \/>\n\t<meta property=\"og:image:type\" content=\"image\/png\" \/>\n<meta name=\"twitter:card\" content=\"summary_large_image\" \/>\n<meta name=\"twitter:site\" content=\"@tinychat\" \/>\n<meta name=\"twitter:label1\" content=\"Dur\u00e9e de lecture estim\u00e9e\" \/>\n\t<meta name=\"twitter:data1\" content=\"6 minutes\" \/>\n<script type=\"application\/ld+json\" class=\"yoast-schema-graph\">{\"@context\":\"https:\\\/\\\/schema.org\",\"@graph\":[{\"@type\":\"WebPage\",\"@id\":\"https:\\\/\\\/tinychat.com\\\/minichat\\\/\",\"url\":\"https:\\\/\\\/tinychat.com\\\/minichat\\\/\",\"name\":\"Minichat - The Fast Video Chat - TinyChat.com\",\"isPartOf\":{\"@id\":\"https:\\\/\\\/tinychat.com\\\/#website\"},\"datePublished\":\"2025-08-04T09:58:01+00:00\",\"dateModified\":\"2025-08-04T10:06:22+00:00\",\"description\":\"Enjoying Minichat? Join over 50,000,000 strangers on TinyChat! Turn on your cam and start meeting new people, or find a match.\",\"breadcrumb\":{\"@id\":\"https:\\\/\\\/tinychat.com\\\/minichat\\\/#breadcrumb\"},\"inLanguage\":\"fr-FR\",\"potentialAction\":[{\"@type\":\"ReadAction\",\"target\":[\"https:\\\/\\\/tinychat.com\\\/minichat\\\/\"]}]},{\"@type\":\"BreadcrumbList\",\"@id\":\"https:\\\/\\\/tinychat.com\\\/minichat\\\/#breadcrumb\",\"itemListElement\":[{\"@type\":\"ListItem\",\"position\":1,\"name\":\"Home\",\"item\":\"https:\\\/\\\/tinychat.com\\\/\"},{\"@type\":\"ListItem\",\"position\":2,\"name\":\"Minichat\"}]},{\"@type\":\"WebSite\",\"@id\":\"https:\\\/\\\/tinychat.com\\\/#website\",\"url\":\"https:\\\/\\\/tinychat.com\\\/\",\"name\":\"TinyChat\",\"description\":\"Random Video Chat with Strangers\",\"publisher\":{\"@id\":\"https:\\\/\\\/tinychat.com\\\/#organization\"},\"alternateName\":\"TinyChat.com\",\"potentialAction\":[{\"@type\":\"SearchAction\",\"target\":{\"@type\":\"EntryPoint\",\"urlTemplate\":\"https:\\\/\\\/tinychat.com\\\/?s={search_term_string}\"},\"query-input\":{\"@type\":\"PropertyValueSpecification\",\"valueRequired\":true,\"valueName\":\"search_term_string\"}}],\"inLanguage\":\"fr-FR\"},{\"@type\":\"Organization\",\"@id\":\"https:\\\/\\\/tinychat.com\\\/#organization\",\"name\":\"TinyChat\",\"alternateName\":\"TinyChat.com\",\"url\":\"https:\\\/\\\/tinychat.com\\\/\",\"logo\":{\"@type\":\"ImageObject\",\"inLanguage\":\"fr-FR\",\"@id\":\"https:\\\/\\\/tinychat.com\\\/#\\\/schema\\\/logo\\\/image\\\/\",\"url\":\"https:\\\/\\\/tinychat.com\\\/wp-content\\\/uploads\\\/2023\\\/11\\\/Tinychat-icon-square.png\",\"contentUrl\":\"https:\\\/\\\/tinychat.com\\\/wp-content\\\/uploads\\\/2023\\\/11\\\/Tinychat-icon-square.png\",\"width\":284,\"height\":284,\"caption\":\"TinyChat\"},\"image\":{\"@id\":\"https:\\\/\\\/tinychat.com\\\/#\\\/schema\\\/logo\\\/image\\\/\"},\"sameAs\":[\"https:\\\/\\\/www.facebook.com\\\/tinychat\",\"https:\\\/\\\/x.com\\\/tinychat\"]}]}<\/script>\n<!-- \/ Yoast SEO plugin. -->","yoast_head_json":{"title":"Minichat - Le chat vid\u00e9o rapide - TinyChat.com","description":"Vous aimez Minichat ? Rejoignez plus de 50 000 000 d'inconnus sur TinyChat ! Allumez votre cam\u00e9ra et commencez \u00e0 rencontrer de nouvelles personnes, ou trouvez un partenaire.","robots":{"index":"index","follow":"follow","max-snippet":"max-snippet:-1","max-image-preview":"max-image-preview:large","max-video-preview":"max-video-preview:-1"},"canonical":"https:\/\/tinychat.com\/fr\/minichat\/","og_locale":"fr_FR","og_type":"article","og_title":"Minichat - The Fast Video Chat - TinyChat.com","og_description":"Enjoying Minichat? Join over 50,000,000 strangers on TinyChat! Turn on your cam and start meeting new people, or find a match.","og_url":"https:\/\/tinychat.com\/fr\/minichat\/","og_site_name":"TinyChat","article_publisher":"https:\/\/www.facebook.com\/tinychat","article_modified_time":"2025-08-04T10:06:22+00:00","og_image":[{"width":1280,"height":284,"url":"https:\/\/tinychat.com\/wp-content\/uploads\/2020\/04\/Tinychat-logo-1280x284-new-black.png","type":"image\/png"}],"twitter_card":"summary_large_image","twitter_site":"@tinychat","twitter_misc":{"Dur\u00e9e de lecture estim\u00e9e":"6 minutes"},"schema":{"@context":"https:\/\/schema.org","@graph":[{"@type":"WebPage","@id":"https:\/\/tinychat.com\/minichat\/","url":"https:\/\/tinychat.com\/minichat\/","name":"Minichat - Le chat vid\u00e9o rapide - TinyChat.com","isPartOf":{"@id":"https:\/\/tinychat.com\/#website"},"datePublished":"2025-08-04T09:58:01+00:00","dateModified":"2025-08-04T10:06:22+00:00","description":"Vous aimez Minichat ? Rejoignez plus de 50 000 000 d'inconnus sur TinyChat ! Allumez votre cam\u00e9ra et commencez \u00e0 rencontrer de nouvelles personnes, ou trouvez un partenaire.","breadcrumb":{"@id":"https:\/\/tinychat.com\/minichat\/#breadcrumb"},"inLanguage":"fr-FR","potentialAction":[{"@type":"ReadAction","target":["https:\/\/tinychat.com\/minichat\/"]}]},{"@type":"BreadcrumbList","@id":"https:\/\/tinychat.com\/minichat\/#breadcrumb","itemListElement":[{"@type":"ListItem","position":1,"name":"Home","item":"https:\/\/tinychat.com\/"},{"@type":"ListItem","position":2,"name":"Minichat"}]},{"@type":"WebSite","@id":"https:\/\/tinychat.com\/#website","url":"https:\/\/tinychat.com\/","name":"TinyChat","description":"Chat vid\u00e9o al\u00e9atoire avec des inconnus","publisher":{"@id":"https:\/\/tinychat.com\/#organization"},"alternateName":"TinyChat.com","potentialAction":[{"@type":"SearchAction","target":{"@type":"EntryPoint","urlTemplate":"https:\/\/tinychat.com\/?s={search_term_string}"},"query-input":{"@type":"PropertyValueSpecification","valueRequired":true,"valueName":"search_term_string"}}],"inLanguage":"fr-FR"},{"@type":"Organization","@id":"https:\/\/tinychat.com\/#organization","name":"TinyChat","alternateName":"TinyChat.com","url":"https:\/\/tinychat.com\/","logo":{"@type":"ImageObject","inLanguage":"fr-FR","@id":"https:\/\/tinychat.com\/#\/schema\/logo\/image\/","url":"https:\/\/tinychat.com\/wp-content\/uploads\/2023\/11\/Tinychat-icon-square.png","contentUrl":"https:\/\/tinychat.com\/wp-content\/uploads\/2023\/11\/Tinychat-icon-square.png","width":284,"height":284,"caption":"TinyChat"},"image":{"@id":"https:\/\/tinychat.com\/#\/schema\/logo\/image\/"},"sameAs":["https:\/\/www.facebook.com\/tinychat","https:\/\/x.com\/tinychat"]}]}},"_links":{"self":[{"href":"https:\/\/tinychat.com\/fr\/wp-json\/wp\/v2\/pages\/12425","targetHints":{"allow":["GET"]}}],"collection":[{"href":"https:\/\/tinychat.com\/fr\/wp-json\/wp\/v2\/pages"}],"about":[{"href":"https:\/\/tinychat.com\/fr\/wp-json\/wp\/v2\/types\/page"}],"author":[{"embeddable":true,"href":"https:\/\/tinychat.com\/fr\/wp-json\/wp\/v2\/users\/6"}],"replies":[{"embeddable":true,"href":"https:\/\/tinychat.com\/fr\/wp-json\/wp\/v2\/comments?post=12425"}],"version-history":[{"count":4,"href":"https:\/\/tinychat.com\/fr\/wp-json\/wp\/v2\/pages\/12425\/revisions"}],"predecessor-version":[{"id":13387,"href":"https:\/\/tinychat.com\/fr\/wp-json\/wp\/v2\/pages\/12425\/revisions\/13387"}],"wp:attachment":[{"href":"https:\/\/tinychat.com\/fr\/wp-json\/wp\/v2\/media?parent=12425"}],"curies":[{"name":"wp","href":"https:\/\/api.w.org\/{rel}","templated":true}]}}