{"id":12430,"date":"2025-10-21T11:07:35","date_gmt":"2025-10-21T09:07:35","guid":{"rendered":"https:\/\/tinychat.com\/?page_id=12430"},"modified":"2025-10-21T13:14:52","modified_gmt":"2025-10-21T11:14:52","slug":"chatingly","status":"publish","type":"page","link":"https:\/\/tinychat.com\/fr\/chatingly\/","title":{"rendered":"Chatingly"},"content":{"rendered":"<p>Dans un monde o\u00f9 la plupart des applications sociales se concentrent sur les likes, les followers et les fils d'actualit\u00e9, Chatingly se d\u00e9marque en ramenant ce qui a rendu l'Internet passionnant au d\u00e9part - une connexion humaine r\u00e9elle et spontan\u00e9e. Con\u00e7ue comme une plateforme moderne de chat vid\u00e9o al\u00e9atoire, Chatingly vous connecte instantan\u00e9ment avec des inconnus du monde entier pour des conversations en t\u00eate-\u00e0-t\u00eate, sans avoir besoin de s'inscrire, de cr\u00e9er un profil ou d'utiliser des algorithmes pour d\u00e9cider \u00e0 qui vous devez parler.<\/p>\n<p>Que vous cherchiez \u00e0 rencontrer de nouvelles personnes, \u00e0 explorer d'autres cultures ou simplement \u00e0 vous d\u00e9tendre avec une conversation d\u00e9contract\u00e9e, le Chatingly capture l'excitation des interactions instantan\u00e9es et anonymes qui ont d\u00e9fini les d\u00e9buts d'Internet, mais avec une technologie plus fluide et un design plus \u00e9pur\u00e9.<\/p>\n<p>Dans cet article, nous examinerons en d\u00e9tail ce qu'est le Chatingly, comment il fonctionne, ses principales caract\u00e9ristiques, l'exp\u00e9rience de l'utilisateur, les mesures de s\u00e9curit\u00e9, les comparaisons avec les concurrents et les conseils pour en tirer le meilleur parti.<\/p>\n<h2>Qu'est-ce que le Chatingly ?<\/h2>\n<p>Chatingly est une plateforme de chat vid\u00e9o al\u00e9atoire qui permet aux utilisateurs de se connecter instantan\u00e9ment avec des inconnus par le biais de vid\u00e9os et de textes en direct. Sa philosophie est simple : pas d'inscription, pas de t\u00e9l\u00e9chargement, pas d'attente - il suffit de cliquer et de commencer \u00e0 chatter.<\/p>\n<p>La plateforme se concentre sur :<\/p>\n<ul>\n<li>Facilit\u00e9 d'utilisation - configuration minimale, accessible depuis n'importe quel appareil.<\/li>\n<li>Anonymat - aucune donn\u00e9e personnelle n'est requise.<\/li>\n<li>Spontan\u00e9it\u00e9 - chaque connexion est al\u00e9atoire et impr\u00e9visible.<\/li>\n<\/ul>\n<p>Elle fait partie d'une vague croissante de nouvelles plateformes de chat offrant des alternatives l\u00e9g\u00e8res, rapides et conviviales aux services traditionnels tels que Omegle et Chatroulette.<\/p>\n<h2>Caract\u00e9ristiques principales du Chatingly<\/h2>\n<p>Les caract\u00e9ristiques du Chatingly sont con\u00e7ues pour la simplicit\u00e9 et l'engagement instantan\u00e9, tout en maintenant la s\u00e9curit\u00e9 et le confort de l'utilisateur.<\/p>\n<h3>1. Chat vid\u00e9o en t\u00eate-\u00e0-t\u00eate<\/h3>\n<ul>\n<li>Connectez-vous instantan\u00e9ment avec des inconnus via une webcam.<\/li>\n<li>Les conversations sont priv\u00e9es et temporaires.<\/li>\n<li>Utilisez le bouton \"Suivant\" pour passer \u00e0 l'\u00e9tape suivante \u00e0 tout moment.<\/li>\n<\/ul>\n<h3>2. Option de chat textuel<\/h3>\n<ul>\n<li>Zone de texte int\u00e9gr\u00e9e \u00e0 la vid\u00e9o.<\/li>\n<li>Parfait pour les personnes qui pr\u00e9f\u00e8rent taper au clavier ou qui ont un son de mauvaise qualit\u00e9.<\/li>\n<li>Passage fluide entre le texte et la vid\u00e9o.<\/li>\n<\/ul>\n<h3>3. Correspondance globale des utilisateurs<\/h3>\n<ul>\n<li>Entrez en contact avec des personnes de diff\u00e9rents pays.<\/li>\n<li>\u00c9largissez vos horizons en discutant avec des utilisateurs du monde entier.<\/li>\n<\/ul>\n<h3>4. Pas d'inscription n\u00e9cessaire<\/h3>\n<ul>\n<li>Commencez \u00e0 chatter imm\u00e9diatement - aucun compte n'est n\u00e9cessaire.<\/li>\n<li>Pas d'email, de nom d'utilisateur ou de mot de passe \u00e0 retenir.<\/li>\n<\/ul>\n<h3>5. Compatibilit\u00e9 mobile<\/h3>\n<ul>\n<li>Enti\u00e8rement optimis\u00e9 pour les navigateurs mobiles.<\/li>\n<li>Fonctionne de mani\u00e8re transparente sur les t\u00e9l\u00e9phones et les ordinateurs de bureau.<\/li>\n<\/ul>\n<h3>6. Anonymat et vie priv\u00e9e<\/h3>\n<ul>\n<li>Pas de profils ni de donn\u00e9es sauvegard\u00e9es.<\/li>\n<li>Les conversations disparaissent une fois termin\u00e9es.<\/li>\n<\/ul>\n<h3>7. Un design simple et \u00e9pur\u00e9<\/h3>\n<ul>\n<li>L'interface minimaliste permet de se concentrer sur le chat et non sur les menus.<\/li>\n<li>La navigation conviviale en fait un outil id\u00e9al pour tous les \u00e2ges.<\/li>\n<\/ul>\n<h2>Comment utiliser Chatingly<\/h2>\n<p>Chatingly est con\u00e7u pour un acc\u00e8s instantan\u00e9 - voici comment d\u00e9marrer en quelques secondes.<\/p>\n<h3>\u00c9tape 1 : Visiter le site web<\/h3>\n<p>Ouvrez Chatingly dans votre navigateur (bureau ou mobile).<\/p>\n<h3>\u00c9tape 2 : Autorisations<\/h3>\n<p>Si vous souhaitez utiliser le chat vid\u00e9o, autorisez votre cam\u00e9ra et votre microphone.<\/p>\n<h3>\u00c9tape 3 : Cliquez sur \"D\u00e9marrer le chat\"<\/h3>\n<p>Entrez instantan\u00e9ment en contact avec un inconnu.<\/p>\n<h3>\u00c9tape 4 : Discuter ou passer<\/h3>\n<p>Profitez de votre conversation ou cliquez sur \u201cSuivant\u201d pour rencontrer quelqu'un d'autre.<\/p>\n<h3>\u00c9tape 5 : R\u00e9p\u00e9ter<\/h3>\n<p>Continuez \u00e0 discuter aussi longtemps que vous le souhaitez - il n'y a pas de limite de temps.<\/p>\n<p>Le mod\u00e8le Chatingly est parfait pour les rencontres spontan\u00e9es, sans pression.<\/p>\n<h2>Exp\u00e9rience utilisateur sur Chatingly<\/h2>\n<p>Le Chatingly est l\u00e9ger, rapide et intuitif, offrant un \u00e9quilibre entre simplicit\u00e9 et qualit\u00e9.<\/p>\n<h3>Ce que les utilisateurs aiment<\/h3>\n<ul>\n<li>Aucun enregistrement ou t\u00e9l\u00e9chargement n'est n\u00e9cessaire.<\/li>\n<li>Connexions instantan\u00e9es - chat en quelques secondes.<\/li>\n<li>Une mise en page claire et sans distraction.<\/li>\n<li>Fonctionne aussi bien sur mobile que sur ordinateur.<\/li>\n<li>Exp\u00e9rience priv\u00e9e et anonyme.<\/li>\n<\/ul>\n<h3>Les points \u00e0 am\u00e9liorer selon les utilisateurs<\/h3>\n<ul>\n<li>Pas de filtres avanc\u00e9s (genre ou localisation).<\/li>\n<li>Pas de fonction de reconnexion en cas de perte d'une bonne discussion.<\/li>\n<li>Base d'utilisateurs plus r\u00e9duite que celle des grandes plateformes.<\/li>\n<li>Il n'y a pas de salles communautaires int\u00e9gr\u00e9es ni de listes d'amis.<\/li>\n<\/ul>\n<p>Cependant, ces limitations sont intentionnelles - le but du Chatingly est de rester l\u00e9ger et rapide, sans \u00eatre surcharg\u00e9 de fonctions suppl\u00e9mentaires.<\/p>\n<h2>Chatingly vs. autres plateformes de chat<\/h2>\n<p>Voici comment Chatingly se compare \u00e0 d'autres services de chat al\u00e9atoire similaires :<\/p>\n<table>\n<thead>\n<tr>\n<th>Fonctionnalit\u00e9<\/th>\n<th>Chatingly<\/th>\n<th>Omegle<\/th>\n<th>Chatroulette<\/th>\n<th>ChatHub<\/th>\n<th>Emerald Chat<\/th>\n<th>Camloo<\/th>\n<\/tr>\n<\/thead>\n<tbody>\n<tr>\n<td>Vid\u00e9o instantan\u00e9e en t\u00eate-\u00e0-t\u00eate<\/td>\n<td>\u2705 Oui<\/td>\n<td>\u2705 Oui<\/td>\n<td>\u2705 Oui<\/td>\n<td>\u2705 Oui<\/td>\n<td>\u2705 Oui<\/td>\n<td>\u2705 Oui<\/td>\n<\/tr>\n<tr>\n<td>Option de chat textuel<\/td>\n<td>\u2705 Oui<\/td>\n<td>\u2705 Oui<\/td>\n<td>\u2705 Oui<\/td>\n<td>\u2705 Oui<\/td>\n<td>\u2705 Oui<\/td>\n<td>\u2705 Oui<\/td>\n<\/tr>\n<tr>\n<td>Anonymat<\/td>\n<td>\u2705 Fort<\/td>\n<td>\u2705 Fort<\/td>\n<td>\u2705 Fort<\/td>\n<td>\u2705 Mod\u00e9r\u00e9<\/td>\n<td>\u2705 Mod\u00e9r\u00e9<\/td>\n<td>\u2705 Mod\u00e9r\u00e9<\/td>\n<\/tr>\n<tr>\n<td>Filtres (sexe\/localisation)<\/td>\n<td>\u274c Non<\/td>\n<td>\u274c Non<\/td>\n<td>\u2705 Limit\u00e9e<\/td>\n<td>\u2705 Oui<\/td>\n<td>\u2705 Oui<\/td>\n<td>\u2705 Oui<\/td>\n<\/tr>\n<tr>\n<td>Profils et amis<\/td>\n<td>\u274c Non<\/td>\n<td>\u274c Non<\/td>\n<td>\u274c Non<\/td>\n<td>\u2705 Oui<\/td>\n<td>\u2705 Oui<\/td>\n<td>\u274c Non<\/td>\n<\/tr>\n<tr>\n<td>Adapt\u00e9e aux mobiles<\/td>\n<td>\u2705 Oui<\/td>\n<td>\u2705 Oui<\/td>\n<td>\u2705 Oui<\/td>\n<td>\u2705 Oui<\/td>\n<td>\u2705 Oui<\/td>\n<td>\u2705 Oui<\/td>\n<\/tr>\n<\/tbody>\n<\/table>\n<p>R\u00e9sum\u00e9 : Chatingly reste simple - il n'essaie pas d'\u00eatre un m\u00e9dia social ou une application de rencontre. Il s'agit plut\u00f4t de conversations rapides, priv\u00e9es et al\u00e9atoires.<\/p>\n<h2>Le Chatingly est-il s\u00fbr ?<\/h2>\n<p>Comme toute plateforme qui met en relation des \u00e9trangers, Chatingly offre une protection de la vie priv\u00e9e de par sa conception, mais d\u00e9pend toujours d'une utilisation responsable.<\/p>\n<h3>Dispositifs de s\u00e9curit\u00e9 int\u00e9gr\u00e9s<\/h3>\n<ul>\n<li>Pas de comptabilit\u00e9 ni de collecte de donn\u00e9es.<\/li>\n<li>Les chats sont temporaires et priv\u00e9s.<\/li>\n<li>Le bouton \"Skip\" permet de contr\u00f4ler instantan\u00e9ment les interactions.<\/li>\n<\/ul>\n<h3>Conseils de s\u00e9curit\u00e9 pour les utilisateurs<\/h3>\n<ul>\n<li>Ne communiquez pas de donn\u00e9es personnelles (nom, num\u00e9ro de t\u00e9l\u00e9phone, pseudonymes).<\/li>\n<li>Mettez fin \u00e0 toute conversation qui vous met mal \u00e0 l'aise.<\/li>\n<li>Les parents doivent surveiller les mineurs qui utilisent le service.<\/li>\n<li>Utilisez un r\u00e9seau priv\u00e9 virtuel (VPN) pour plus d'anonymat.<\/li>\n<\/ul>\n<p>L'absence d'enregistrement du Chatingly renforce en fait la s\u00e9curit\u00e9 - moins de d\u00e9tails enregistr\u00e9s signifie moins de risques d'exposition.<\/p>\n<h2>Conseils pour tirer le meilleur parti de Chatingly<\/h2>\n<ul>\n<li>Soyez ouvert d'esprit. Le plaisir du chat al\u00e9atoire r\u00e9side dans l'impr\u00e9visibilit\u00e9.<\/li>\n<li>Utilisez des \u00e9couteurs pour un son plus clair et pour plus de confidentialit\u00e9.<\/li>\n<li>Un bon \u00e9clairage am\u00e9liore votre pr\u00e9sence vid\u00e9o.<\/li>\n<li>Les conversations doivent rester d\u00e9contract\u00e9es. L'humour et l'amabilit\u00e9 font beaucoup de bien.<\/li>\n<li>Essayez \u00e0 diff\u00e9rents moments de la journ\u00e9e. L'activit\u00e9 des utilisateurs est maximale le soir et le week-end.<\/li>\n<li>Utilisez le saut de puce \u00e0 bon escient. Passez rapidement \u00e0 autre chose si l'ambiance n'est pas bonne.<\/li>\n<\/ul>\n<p>Ces petites modifications peuvent faire une grande diff\u00e9rence dans votre exp\u00e9rience.<\/p>\n<h2>Probl\u00e8mes courants et solutions<\/h2>\n<h3>Probl\u00e8me : L'appareil photo ou le micro ne fonctionne pas<\/h3>\n<ul>\n<li>V\u00e9rifier les autorisations du navigateur.<\/li>\n<li>Red\u00e9marrer la page ou l'appareil.<\/li>\n<li>Assurez-vous qu'aucune autre application n'utilise votre appareil photo.<\/li>\n<\/ul>\n<h3>Probl\u00e8me : Peu de correspondances ou de longues attentes<\/h3>\n<ul>\n<li>Essayez de le faire pendant les heures les plus charg\u00e9es de votre r\u00e9gion.<\/li>\n<li>Actualisez la page pour red\u00e9marrer la file d'attente des connexions.<\/li>\n<\/ul>\n<h3>Probl\u00e8me : d\u00e9calage ou mauvaise qualit\u00e9 de la vid\u00e9o<\/h3>\n<ul>\n<li>Passez \u00e0 une connexion Wi-Fi stable.<\/li>\n<li>Fermez les autres onglets ou applications qui consomment de la bande passante.<\/li>\n<\/ul>\n<h3>Probl\u00e8me : Utilisateurs inappropri\u00e9s<\/h3>\n<ul>\n<li>Passer imm\u00e9diatement.<\/li>\n<li>Signaler si des outils de mod\u00e9ration sont disponibles.<\/li>\n<\/ul>\n<h2>Pourquoi les gens choisissent Chatingly<\/h2>\n<p>Les gens se tournent vers Chatingly pour la m\u00eame raison que les sites de chat al\u00e9atoire sont rest\u00e9s populaires pendant des ann\u00e9es - le frisson de l'inconnu. Mais Chatingly offre quelques avantages suppl\u00e9mentaires :<\/p>\n<ul>\n<li>Acc\u00e8s imm\u00e9diat - pas d'inscription ni d'installation.<\/li>\n<li>Un design \u00e9pur\u00e9 - un minimum d'encombrement, un maximum d'attention port\u00e9e \u00e0 la conversation.<\/li>\n<li>Compatibilit\u00e9 inter-appareils - aussi bien sur les t\u00e9l\u00e9phones que sur les ordinateurs.<\/li>\n<li>Anonymat - conversations s\u00fbres et temporaires.<\/li>\n<\/ul>\n<p>C'est le choix id\u00e9al pour tous ceux qui recherchent une interaction sociale rapide et authentique sans le bruit des m\u00e9dias sociaux ou des plateformes de rencontre.<\/p>\n<h2>R\u00e9flexions finales : Le Chatingly vaut-il la peine d'\u00eatre utilis\u00e9 ?<\/h2>\n<p>Si vous recherchez une exp\u00e9rience de chat vid\u00e9o al\u00e9atoire rapide, anonyme et moderne, Chatingly m\u00e9rite absolument d'\u00eatre essay\u00e9. Il reprend la simplicit\u00e9 qui a rendu Omegle c\u00e9l\u00e8bre, tout en mettant \u00e0 jour la technologie et l'interface pour les utilisateurs d'aujourd'hui.<\/p>\n<p>Bien qu'il ne comporte pas de filtres, de jeux ou de syst\u00e8mes de profil, il compense cette lacune par sa rapidit\u00e9, sa confidentialit\u00e9 et son accessibilit\u00e9 - exactement ce que de nombreux utilisateurs pr\u00e9f\u00e8rent dans une plateforme de chat al\u00e9atoire.<\/p>\n<p>Que vous le vouliez ou non :<\/p>\n<ul>\n<li>Rencontrez de nouvelles personnes du monde entier,<\/li>\n<li>Ayez des conversations spontan\u00e9es,<\/li>\n<li>Ou simplement rompre la monotonie de votre journ\u00e9e...<\/li>\n<\/ul>\n<p>Chatingly offre l'\u00e9tincelle de la connexion humaine dans sa forme la plus pure.<\/p>\n<p>En bref : Chatingly est un service de chat vid\u00e9o al\u00e9atoire, l\u00e9ger et respectueux de la vie priv\u00e9e, qui allie la simplicit\u00e9, la port\u00e9e mondiale et l'excitation de rencontrer quelqu'un de nouveau. Il est parfait pour les utilisateurs qui souhaitent des conversations rapides et r\u00e9elles, \u00e0 tout moment et en tout lieu.<\/p>\n<p>Pr\u00eat \u00e0 commencer ? Visitez le site Chatingly, cliquez sur d\u00e9marrer et voyez qui vous attend de l'autre c\u00f4t\u00e9.<\/p>","protected":false},"excerpt":{"rendered":"<p>In a world where most social apps focus on likes, followers, and curated feeds, Chatingly stands out by bringing back what made the internet exciting in the first place \u2014 real, spontaneous human connection. Designed as a modern random video chat platform, Chatingly connects you instantly with strangers from around the world for one-on-one conversations, [&hellip;]<\/p>\n","protected":false},"author":6,"featured_media":0,"parent":0,"menu_order":0,"comment_status":"closed","ping_status":"closed","template":"","meta":{"footnotes":""},"class_list":["post-12430","page","type-page","status-publish","hentry"],"yoast_head":"<!-- This site is optimized with the Yoast SEO plugin v27.4 - https:\/\/yoast.com\/product\/yoast-seo-wordpress\/ -->\n<title>Chatingly - Video Chat With Strangers Online - TinyChat.com<\/title>\n<meta name=\"description\" content=\"Enjoying Chatingly? Join over 50,000,000 strangers on TinyChat! Turn on your cam and start meeting new people, or find a match.\" \/>\n<meta name=\"robots\" content=\"index, follow, max-snippet:-1, max-image-preview:large, max-video-preview:-1\" \/>\n<link rel=\"canonical\" href=\"https:\/\/tinychat.com\/fr\/chatingly\/\" \/>\n<meta property=\"og:locale\" content=\"fr_FR\" \/>\n<meta property=\"og:type\" content=\"article\" \/>\n<meta property=\"og:title\" content=\"Chatingly - Video Chat With Strangers Online - TinyChat.com\" \/>\n<meta property=\"og:description\" content=\"Enjoying Chatingly? Join over 50,000,000 strangers on TinyChat! Turn on your cam and start meeting new people, or find a match.\" \/>\n<meta property=\"og:url\" content=\"https:\/\/tinychat.com\/fr\/chatingly\/\" \/>\n<meta property=\"og:site_name\" content=\"TinyChat\" \/>\n<meta property=\"article:publisher\" content=\"https:\/\/www.facebook.com\/tinychat\" \/>\n<meta property=\"article:modified_time\" content=\"2025-10-21T11:14:52+00:00\" \/>\n<meta property=\"og:image\" content=\"https:\/\/tinychat.com\/wp-content\/uploads\/2020\/04\/Tinychat-logo-1280x284-new-black.png\" \/>\n\t<meta property=\"og:image:width\" content=\"1280\" \/>\n\t<meta property=\"og:image:height\" content=\"284\" \/>\n\t<meta property=\"og:image:type\" content=\"image\/png\" \/>\n<meta name=\"twitter:card\" content=\"summary_large_image\" \/>\n<meta name=\"twitter:site\" content=\"@tinychat\" \/>\n<meta name=\"twitter:label1\" content=\"Dur\u00e9e de lecture estim\u00e9e\" \/>\n\t<meta name=\"twitter:data1\" content=\"6 minutes\" \/>\n<script type=\"application\/ld+json\" class=\"yoast-schema-graph\">{\"@context\":\"https:\\\/\\\/schema.org\",\"@graph\":[{\"@type\":\"WebPage\",\"@id\":\"https:\\\/\\\/tinychat.com\\\/chatingly\\\/\",\"url\":\"https:\\\/\\\/tinychat.com\\\/chatingly\\\/\",\"name\":\"Chatingly - Video Chat With Strangers Online - TinyChat.com\",\"isPartOf\":{\"@id\":\"https:\\\/\\\/tinychat.com\\\/#website\"},\"datePublished\":\"2025-10-21T09:07:35+00:00\",\"dateModified\":\"2025-10-21T11:14:52+00:00\",\"description\":\"Enjoying Chatingly? Join over 50,000,000 strangers on TinyChat! Turn on your cam and start meeting new people, or find a match.\",\"breadcrumb\":{\"@id\":\"https:\\\/\\\/tinychat.com\\\/chatingly\\\/#breadcrumb\"},\"inLanguage\":\"fr-FR\",\"potentialAction\":[{\"@type\":\"ReadAction\",\"target\":[\"https:\\\/\\\/tinychat.com\\\/chatingly\\\/\"]}]},{\"@type\":\"BreadcrumbList\",\"@id\":\"https:\\\/\\\/tinychat.com\\\/chatingly\\\/#breadcrumb\",\"itemListElement\":[{\"@type\":\"ListItem\",\"position\":1,\"name\":\"Home\",\"item\":\"https:\\\/\\\/tinychat.com\\\/\"},{\"@type\":\"ListItem\",\"position\":2,\"name\":\"Chatingly\"}]},{\"@type\":\"WebSite\",\"@id\":\"https:\\\/\\\/tinychat.com\\\/#website\",\"url\":\"https:\\\/\\\/tinychat.com\\\/\",\"name\":\"TinyChat\",\"description\":\"Random Video Chat with Strangers\",\"publisher\":{\"@id\":\"https:\\\/\\\/tinychat.com\\\/#organization\"},\"alternateName\":\"TinyChat.com\",\"potentialAction\":[{\"@type\":\"SearchAction\",\"target\":{\"@type\":\"EntryPoint\",\"urlTemplate\":\"https:\\\/\\\/tinychat.com\\\/?s={search_term_string}\"},\"query-input\":{\"@type\":\"PropertyValueSpecification\",\"valueRequired\":true,\"valueName\":\"search_term_string\"}}],\"inLanguage\":\"fr-FR\"},{\"@type\":\"Organization\",\"@id\":\"https:\\\/\\\/tinychat.com\\\/#organization\",\"name\":\"TinyChat\",\"alternateName\":\"TinyChat.com\",\"url\":\"https:\\\/\\\/tinychat.com\\\/\",\"logo\":{\"@type\":\"ImageObject\",\"inLanguage\":\"fr-FR\",\"@id\":\"https:\\\/\\\/tinychat.com\\\/#\\\/schema\\\/logo\\\/image\\\/\",\"url\":\"https:\\\/\\\/tinychat.com\\\/wp-content\\\/uploads\\\/2023\\\/11\\\/Tinychat-icon-square.png\",\"contentUrl\":\"https:\\\/\\\/tinychat.com\\\/wp-content\\\/uploads\\\/2023\\\/11\\\/Tinychat-icon-square.png\",\"width\":284,\"height\":284,\"caption\":\"TinyChat\"},\"image\":{\"@id\":\"https:\\\/\\\/tinychat.com\\\/#\\\/schema\\\/logo\\\/image\\\/\"},\"sameAs\":[\"https:\\\/\\\/www.facebook.com\\\/tinychat\",\"https:\\\/\\\/x.com\\\/tinychat\"]}]}<\/script>\n<!-- \/ Yoast SEO plugin. -->","yoast_head_json":{"title":"Chatingly - Chat vid\u00e9o en ligne avec des inconnus - TinyChat.com","description":"Vous appr\u00e9ciez Chatingly ? Rejoignez plus de 50 000 000 d'inconnus sur TinyChat ! Allumez votre cam\u00e9ra et commencez \u00e0 rencontrer de nouvelles personnes, ou trouvez un partenaire.","robots":{"index":"index","follow":"follow","max-snippet":"max-snippet:-1","max-image-preview":"max-image-preview:large","max-video-preview":"max-video-preview:-1"},"canonical":"https:\/\/tinychat.com\/fr\/chatingly\/","og_locale":"fr_FR","og_type":"article","og_title":"Chatingly - Video Chat With Strangers Online - TinyChat.com","og_description":"Enjoying Chatingly? Join over 50,000,000 strangers on TinyChat! Turn on your cam and start meeting new people, or find a match.","og_url":"https:\/\/tinychat.com\/fr\/chatingly\/","og_site_name":"TinyChat","article_publisher":"https:\/\/www.facebook.com\/tinychat","article_modified_time":"2025-10-21T11:14:52+00:00","og_image":[{"width":1280,"height":284,"url":"https:\/\/tinychat.com\/wp-content\/uploads\/2020\/04\/Tinychat-logo-1280x284-new-black.png","type":"image\/png"}],"twitter_card":"summary_large_image","twitter_site":"@tinychat","twitter_misc":{"Dur\u00e9e de lecture estim\u00e9e":"6 minutes"},"schema":{"@context":"https:\/\/schema.org","@graph":[{"@type":"WebPage","@id":"https:\/\/tinychat.com\/chatingly\/","url":"https:\/\/tinychat.com\/chatingly\/","name":"Chatingly - Chat vid\u00e9o en ligne avec des inconnus - TinyChat.com","isPartOf":{"@id":"https:\/\/tinychat.com\/#website"},"datePublished":"2025-10-21T09:07:35+00:00","dateModified":"2025-10-21T11:14:52+00:00","description":"Vous appr\u00e9ciez Chatingly ? Rejoignez plus de 50 000 000 d'inconnus sur TinyChat ! Allumez votre cam\u00e9ra et commencez \u00e0 rencontrer de nouvelles personnes, ou trouvez un partenaire.","breadcrumb":{"@id":"https:\/\/tinychat.com\/chatingly\/#breadcrumb"},"inLanguage":"fr-FR","potentialAction":[{"@type":"ReadAction","target":["https:\/\/tinychat.com\/chatingly\/"]}]},{"@type":"BreadcrumbList","@id":"https:\/\/tinychat.com\/chatingly\/#breadcrumb","itemListElement":[{"@type":"ListItem","position":1,"name":"Home","item":"https:\/\/tinychat.com\/"},{"@type":"ListItem","position":2,"name":"Chatingly"}]},{"@type":"WebSite","@id":"https:\/\/tinychat.com\/#website","url":"https:\/\/tinychat.com\/","name":"TinyChat","description":"Chat vid\u00e9o al\u00e9atoire avec des inconnus","publisher":{"@id":"https:\/\/tinychat.com\/#organization"},"alternateName":"TinyChat.com","potentialAction":[{"@type":"SearchAction","target":{"@type":"EntryPoint","urlTemplate":"https:\/\/tinychat.com\/?s={search_term_string}"},"query-input":{"@type":"PropertyValueSpecification","valueRequired":true,"valueName":"search_term_string"}}],"inLanguage":"fr-FR"},{"@type":"Organization","@id":"https:\/\/tinychat.com\/#organization","name":"TinyChat","alternateName":"TinyChat.com","url":"https:\/\/tinychat.com\/","logo":{"@type":"ImageObject","inLanguage":"fr-FR","@id":"https:\/\/tinychat.com\/#\/schema\/logo\/image\/","url":"https:\/\/tinychat.com\/wp-content\/uploads\/2023\/11\/Tinychat-icon-square.png","contentUrl":"https:\/\/tinychat.com\/wp-content\/uploads\/2023\/11\/Tinychat-icon-square.png","width":284,"height":284,"caption":"TinyChat"},"image":{"@id":"https:\/\/tinychat.com\/#\/schema\/logo\/image\/"},"sameAs":["https:\/\/www.facebook.com\/tinychat","https:\/\/x.com\/tinychat"]}]}},"_links":{"self":[{"href":"https:\/\/tinychat.com\/fr\/wp-json\/wp\/v2\/pages\/12430","targetHints":{"allow":["GET"]}}],"collection":[{"href":"https:\/\/tinychat.com\/fr\/wp-json\/wp\/v2\/pages"}],"about":[{"href":"https:\/\/tinychat.com\/fr\/wp-json\/wp\/v2\/types\/page"}],"author":[{"embeddable":true,"href":"https:\/\/tinychat.com\/fr\/wp-json\/wp\/v2\/users\/6"}],"replies":[{"embeddable":true,"href":"https:\/\/tinychat.com\/fr\/wp-json\/wp\/v2\/comments?post=12430"}],"version-history":[{"count":3,"href":"https:\/\/tinychat.com\/fr\/wp-json\/wp\/v2\/pages\/12430\/revisions"}],"predecessor-version":[{"id":13559,"href":"https:\/\/tinychat.com\/fr\/wp-json\/wp\/v2\/pages\/12430\/revisions\/13559"}],"wp:attachment":[{"href":"https:\/\/tinychat.com\/fr\/wp-json\/wp\/v2\/media?parent=12430"}],"curies":[{"name":"wp","href":"https:\/\/api.w.org\/{rel}","templated":true}]}}