{"id":12446,"date":"2025-08-11T08:59:56","date_gmt":"2025-08-11T06:59:56","guid":{"rendered":"https:\/\/tinychat.com\/?page_id=12446"},"modified":"2025-08-11T09:19:49","modified_gmt":"2025-08-11T07:19:49","slug":"camzey","status":"publish","type":"page","link":"https:\/\/tinychat.com\/fr\/camzey\/","title":{"rendered":"Camzey"},"content":{"rendered":"<p>Internet a rendu plus facile que jamais la connexion avec les gens, mais de nombreuses plates-formes sociales semblent r\u00e9p\u00e9titives et pr\u00e9visibles. C'est l\u00e0 qu'intervient Camzey. Con\u00e7u pour ceux qui ont envie de conversations spontan\u00e9es en face \u00e0 face, Camzey propose une nouvelle exp\u00e9rience de chat vid\u00e9o al\u00e9atoire, offrant aux utilisateurs le plaisir de rencontrer quelqu'un de nouveau en temps r\u00e9el.<\/p>\n<p>Avec son design mobile, son syst\u00e8me de correspondance instantan\u00e9e et son interface conviviale, Camzey allie l'excitation des rencontres surprises \u00e0 des outils qui rendent le chat s\u00fbr, engageant et accessible. Que vous cherchiez \u00e0 vous faire des amis, \u00e0 pratiquer une autre langue, \u00e0 flirter ou simplement \u00e0 passer le temps, Camzey offre un monde de possibilit\u00e9s - une connexion al\u00e9atoire \u00e0 la fois.<\/p>\n<p>Cet examen approfondi explore tout ce que vous devez savoir sur le Camzey, y compris ses caract\u00e9ristiques, son processus d'installation, l'exp\u00e9rience de l'utilisateur, les mesures de s\u00e9curit\u00e9 et la fa\u00e7on dont il se compare aux autres plates-formes de l'espace.<\/p>\n<h2>Qu'est-ce que le Camzey ?<\/h2>\n<p>Camzey est une plateforme de chat vid\u00e9o al\u00e9atoire qui vous met instantan\u00e9ment en contact avec des inconnus du monde entier. Au lieu de parcourir des profils ou de glisser sans fin, vous \u00eates plong\u00e9 dans des conversations en direct et en face \u00e0 face o\u00f9 vous pouvez interagir naturellement et d\u00e9cider en temps r\u00e9el de continuer ou de passer \u00e0 autre chose.<\/p>\n<p>Comme Omegle, Chatroulette ou ChatHub, Camzey se concentre sur la connexion humaine directe, mais ajoute une technologie moderne de diffusion vid\u00e9o, des filtres d'utilisateur et des outils de confidentialit\u00e9 pour la rendre plus fluide et plus attrayante. Le r\u00e9sultat est une exp\u00e9rience de chat qui semble spontan\u00e9e mais s\u00fbre.<\/p>\n<h2>Caract\u00e9ristiques principales de Camzey<\/h2>\n<p>Le Camzey n'est pas un clone al\u00e9atoire de chat : il est dot\u00e9 de fonctionnalit\u00e9s utiles qui permettent de fluidifier les conversations et de rendre la d\u00e9couverte plus amusante.<\/p>\n<h3>1. Chat vid\u00e9o al\u00e9atoire instantan\u00e9<\/h3>\n<ul>\n<li>Entrez en contact avec des inconnus partout dans le monde en quelques secondes.<\/li>\n<li>Vid\u00e9o et audio de haute qualit\u00e9 pour une conversation naturelle.<\/li>\n<li>Il suffit de glisser ou de tapoter pour passer \u00e0 autre chose et rencontrer quelqu'un de nouveau.<\/li>\n<\/ul>\n<h3>2. Filtres de localisation et de sexe<\/h3>\n<ul>\n<li>Limitez vos recherches \u00e0 des pays ou r\u00e9gions sp\u00e9cifiques.<\/li>\n<li>Filtrez par sexe pour une exp\u00e9rience de chat plus personnalis\u00e9e.<\/li>\n<li>Les filtres sont facultatifs - ne les utilisez pas pour obtenir un caract\u00e8re totalement al\u00e9atoire.<\/li>\n<\/ul>\n<h3>3. Option de chat textuel<\/h3>\n<ul>\n<li>Tapez au lieu de parler si vous pr\u00e9f\u00e9rez.<\/li>\n<li>Partagez des liens, des blagues ou des traductions rapides pendant les appels vid\u00e9o.<\/li>\n<\/ul>\n<h3>4. Syst\u00e8me d'amis et reconnexion<\/h3>\n<ul>\n<li>Ajoutez des utilisateurs avec lesquels vous aimez discuter en tant qu'amis.<\/li>\n<li>Vous pouvez \u00e0 nouveau envoyer des messages ou participer \u00e0 des chats vid\u00e9o sans d\u00e9pendre d'une correspondance al\u00e9atoire.<\/li>\n<\/ul>\n<h3>5. Filtres et effets amusants<\/h3>\n<ul>\n<li>Appliquez des autocollants, des masques et des effets AR pendant les appels.<\/li>\n<li>Personnalisez votre apparence ou ajoutez de l'humour \u00e0 vos conversations.<\/li>\n<\/ul>\n<h3>6. Outils de protection de la vie priv\u00e9e et de la s\u00e9curit\u00e9<\/h3>\n<ul>\n<li>Mode de pr\u00e9visualisation du flou pour que vous puissiez voir les utilisateurs avant de les flouter.<\/li>\n<li>Boutons de signalement et de blocage rapides pour les utilisateurs probl\u00e9matiques.<\/li>\n<li>Une \u00e9quipe de mod\u00e9ration examine les rapports 24 heures sur 24 et 7 jours sur 7.<\/li>\n<\/ul>\n<h3>7. L'exp\u00e9rience mobile d'abord<\/h3>\n<ul>\n<li>Optimis\u00e9 pour iOS et Android.<\/li>\n<li>Temps de chargement rapides et d\u00e9calage minimal lors des appels vid\u00e9o.<\/li>\n<\/ul>\n<h2>Comment utiliser Camzey<\/h2>\n<p>La conception du Camzey le rend accessible aux d\u00e9butants, m\u00eame \u00e0 ceux qui n'ont jamais utilis\u00e9 le chat vid\u00e9o al\u00e9atoire auparavant.<\/p>\n<h3>\u00c9tape 1 : Acc\u00e9der \u00e0 Camzey<\/h3>\n<ul>\n<li>Disponible sous forme d'application mobile pour iOS et Android.<\/li>\n<li>Certaines fonctionnalit\u00e9s peuvent \u00eatre accessibles via un navigateur web.<\/li>\n<\/ul>\n<h3>\u00c9tape 2 : S'inscrire ou utiliser le mode invit\u00e9<\/h3>\n<ul>\n<li>Vous pouvez commencer \u00e0 chatter sans vous inscrire, mais le fait de vous inscrire vous permet de le faire :\n<ul>\n<li>Sauver des amis.<\/li>\n<li>D\u00e9finir les pr\u00e9f\u00e9rences.<\/li>\n<li>D\u00e9verrouiller les filtres.<\/li>\n<\/ul>\n<\/li>\n<\/ul>\n<h3>\u00c9tape 3 : D\u00e9finir vos pr\u00e9f\u00e9rences<\/h3>\n<ul>\n<li>Choisissez des filtres de genre et de r\u00e9gion (si vous le souhaitez).<\/li>\n<li>Activer\/d\u00e9sactiver le mode de pr\u00e9visualisation du flou.<\/li>\n<li>R\u00e9gler les param\u00e8tres du microphone et de l'appareil photo.<\/li>\n<\/ul>\n<h3>\u00c9tape 4 : Commencer \u00e0 chatter<\/h3>\n<ul>\n<li>Appuyez sur D\u00e9marrer pour vous connecter instantan\u00e9ment.<\/li>\n<li>D\u00e9cidez de poursuivre la conversation ou de passer \u00e0 quelqu'un d'autre.<\/li>\n<\/ul>\n<h3>\u00c9tape 5 : Ajouter des amis ou continuer \u00e0 naviguer<\/h3>\n<ul>\n<li>Cliquez sur \"Ajouter un ami\" pour enregistrer la connexion pour plus tard.<\/li>\n<li>Continuez \u00e0 discuter avec de nouvelles personnes aussi longtemps que vous le souhaitez.<\/li>\n<\/ul>\n<h2>Exp\u00e9rience utilisateur sur Camzey<\/h2>\n<p>Le Camzey met l'accent sur la simplicit\u00e9 et la fluidit\u00e9 des performances, ce qui le rend accessible aux utilisateurs occasionnels mais suffisamment attrayant pour les habitu\u00e9s.<\/p>\n<h3>Ce que les utilisateurs aiment<\/h3>\n<ul>\n<li>Connexions rapides - pas d'attente ni de file d'attente.<\/li>\n<li>Qualit\u00e9 vid\u00e9o claire et audio stable.<\/li>\n<li>Possibilit\u00e9 de filtrer les correspondances pour obtenir des chats plus pertinents.<\/li>\n<li>Des filtres amusants qui ajoutent de la personnalit\u00e9 aux appels.<\/li>\n<li>Pas d'installation compliqu\u00e9e - il suffit de tapoter et de partir.<\/li>\n<li>Outils de protection de la vie priv\u00e9e tels que le mode flou et le blocage rapide.<\/li>\n<\/ul>\n<h3>Les points \u00e0 am\u00e9liorer selon les utilisateurs<\/h3>\n<ul>\n<li>Les utilisateurs gratuits peuvent \u00eatre confront\u00e9s \u00e0 des limites en mati\u00e8re de filtres.<\/li>\n<li>Petites bases d'utilisateurs r\u00e9gionaux dans certains fuseaux horaires.<\/li>\n<li>Pas d'outil de traduction int\u00e9gr\u00e9 (contrairement \u00e0 Azar).<\/li>\n<li>L'exp\u00e9rience de l'application uniquement peut dissuader les utilisateurs d'ordinateurs de bureau.<\/li>\n<\/ul>\n<h2>Camzey vs. autres plateformes de chat vid\u00e9o al\u00e9atoire<\/h2>\n<table>\n<thead>\n<tr>\n<th>Fonctionnalit\u00e9<\/th>\n<th>Camzey<\/th>\n<th>OmegleWeb<\/th>\n<th>ChatHub<\/th>\n<th>LuckyCrush<\/th>\n<th>Azar<\/th>\n<th>HOLLA<\/th>\n<\/tr>\n<\/thead>\n<tbody>\n<tr>\n<td>Random Video Chat avec des Inconnus<\/td>\n<td>\u2705 Oui<\/td>\n<td>\u2705 Oui<\/td>\n<td>\u2705 Oui<\/td>\n<td>\u2705 Oui<\/td>\n<td>\u2705 Oui<\/td>\n<td>\u2705 Oui<\/td>\n<\/tr>\n<tr>\n<td>Filtres de genre\/localisation<\/td>\n<td>\u2705 Oui<\/td>\n<td>\u26a0\ufe0f Limited<\/td>\n<td>\u2705 Oui<\/td>\n<td>\u2705 Oui<\/td>\n<td>\u2705 Oui<\/td>\n<td>\u2705 Oui<\/td>\n<\/tr>\n<tr>\n<td>Mode de pr\u00e9visualisation du flou<\/td>\n<td>\u2705 Oui<\/td>\n<td>\u274c Non<\/td>\n<td>\u2705 Oui<\/td>\n<td>\u274c Non<\/td>\n<td>\u2705 Oui<\/td>\n<td>\u274c Non<\/td>\n<\/tr>\n<tr>\n<td>Effets\/filtres amusants<\/td>\n<td>\u2705 Oui<\/td>\n<td>\u274c Non<\/td>\n<td>\u2705 Oui<\/td>\n<td>\u274c Non<\/td>\n<td>\u2705 Oui<\/td>\n<td>\u2705 Oui<\/td>\n<\/tr>\n<tr>\n<td>Syst\u00e8me des amis<\/td>\n<td>\u2705 Oui<\/td>\n<td>\u274c Non<\/td>\n<td>\u2705 Oui<\/td>\n<td>\u2705 Oui<\/td>\n<td>\u2705 Oui<\/td>\n<td>\u2705 Oui<\/td>\n<\/tr>\n<tr>\n<td>Application mobile<\/td>\n<td>\u2705 Oui<\/td>\n<td>\u2705 Oui<\/td>\n<td>\u2705 Oui<\/td>\n<td>\u2705 Oui<\/td>\n<td>\u2705 Oui<\/td>\n<td>\u2705 Oui<\/td>\n<\/tr>\n<tr>\n<td>Traduction<\/td>\n<td>\u274c Non<\/td>\n<td>\u274c Non<\/td>\n<td>\u274c Non<\/td>\n<td>\u274c Non<\/td>\n<td>\u2705 Oui<\/td>\n<td>\u274c Non<\/td>\n<\/tr>\n<\/tbody>\n<\/table>\n<p>R\u00e9sum\u00e9 : Camzey offre une qualit\u00e9 vid\u00e9o solide, une correspondance rapide et des outils de protection de la vie priv\u00e9e, ce qui en fait un excellent compromis entre les services ultra basiques comme OmegleWeb et les applications tr\u00e8s sociales comme Azar.<\/p>\n<h2>Le Camzey est-il s\u00fbr ?<\/h2>\n<p>Yes-Camzey comprend plusieurs dispositifs de s\u00e9curit\u00e9 int\u00e9gr\u00e9s :<\/p>\n<ul>\n<li>La mod\u00e9ration de l'IA filtre les contenus inappropri\u00e9s.<\/li>\n<li>Les fonctions de rapport\/bloc sont accessibles \u00e0 tout moment.<\/li>\n<li>Le mode flou optionnel masque la vid\u00e9o jusqu'\u00e0 ce que vous choisissiez de la visionner.<\/li>\n<li>Les utilisateurs peuvent rester anonymes - il n'est pas n\u00e9cessaire de communiquer des informations personnelles.<\/li>\n<\/ul>\n<h3>Conseils de s\u00e9curit\u00e9<\/h3>\n<ul>\n<li>\u00c9vitez de r\u00e9v\u00e9ler des d\u00e9tails priv\u00e9s dans les chats.<\/li>\n<li>Mettez imm\u00e9diatement fin \u00e0 la conversation si vous vous sentez mal \u00e0 l'aise.<\/li>\n<li>Utilisez les filtres de genre et de lieu pour limiter l'exposition si vous le souhaitez.<\/li>\n<li>Les parents doivent superviser l'utilisation de l'application par les mineurs.<\/li>\n<\/ul>\n<h2>Conseils pour tirer le meilleur parti du Camzey<\/h2>\n<ul>\n<li>Utilisez des filtres si vous recherchez une population sp\u00e9cifique.<\/li>\n<li>Exp\u00e9rimentez des effets pour rendre les conversations plus amusantes.<\/li>\n<li>Essayez le mode mondial pour rencontrer des personnes de cultures compl\u00e8tement diff\u00e9rentes.<\/li>\n<li>Connectez-vous aux heures de pointe dans votre r\u00e9gion cible pour obtenir plus de r\u00e9sultats.<\/li>\n<li>Veillez \u00e0 ce que votre appareil photo soit clair et bien \u00e9clair\u00e9 pour une meilleure impression.<\/li>\n<li>Signalez les mauvais acteurs afin de contribuer au maintien d'une communaut\u00e9 s\u00fbre.<\/li>\n<\/ul>\n<h2>Probl\u00e8mes courants li\u00e9s au Camzey et solutions<\/h2>\n<h3>Impossible de se connecter<\/h3>\n<p>V\u00e9rifiez votre vitesse d'acc\u00e8s \u00e0 Internet et autorisez les cam\u00e9ras\/micros.<\/p>\n<h3>Mauvaise qualit\u00e9 vid\u00e9o<\/h3>\n<p>Passez au Wi-Fi ou \u00e0 un signal de donn\u00e9es plus fort ; fermez les applications en arri\u00e8re-plan.<\/p>\n<h3>Filtres verrouill\u00e9s<\/h3>\n<p>Connectez-vous et v\u00e9rifiez si vous avez besoin de pi\u00e8ces ou d'un acc\u00e8s premium.<\/p>\n<h3>Rencontre avec des utilisateurs inappropri\u00e9s<\/h3>\n<p>Bloquer et signaler imm\u00e9diatement - la mod\u00e9ration est r\u00e9active.<\/p>\n<p>Si vous souhaitez une exp\u00e9rience de chat vid\u00e9o al\u00e9atoire simple et moderne, sans encombrement inutile, le Camzey r\u00e9pond \u00e0 vos attentes. Il combine le plaisir de rencontrer des inconnus avec suffisamment d'outils de confidentialit\u00e9 pour assurer la s\u00e9curit\u00e9, et sa conception ax\u00e9e sur le mobile garantit une exp\u00e9rience fluide et adapt\u00e9e aux applications.<\/p>\n<p>Bien qu'il manque certaines fonctionnalit\u00e9s avanc\u00e9es comme la traduction en temps r\u00e9el, il s'agit d'une option solide pour les utilisateurs qui appr\u00e9cient la rapidit\u00e9, la simplicit\u00e9 et les connexions occasionnelles. Que vous souhaitiez nouer de nouvelles amiti\u00e9s, participer \u00e0 des \u00e9changes culturels ou simplement avoir des conversations amusantes, Camzey m\u00e9rite d'\u00eatre ajout\u00e9 \u00e0 votre rotation de plates-formes de chat.<\/p>\n<p>Pr\u00eat \u00e0 commencer \u00e0 chatter ? T\u00e9l\u00e9chargez Camzey sur votre appareil mobile, d\u00e9finissez vos pr\u00e9f\u00e9rences et voyez qui vous rencontrerez ensuite - c'est aussi simple que cela.<\/p>","protected":false},"excerpt":{"rendered":"<p>The internet has made it easier than ever to connect with people\u2014but many social platforms feel repetitive, curated, and predictable. That\u2019s where Camzey comes in. Designed for those who crave spontaneous, face-to-face conversations, Camzey offers a fresh take on the random video chat experience, giving users the thrill of meeting someone new in real time. [&hellip;]<\/p>\n","protected":false},"author":6,"featured_media":0,"parent":0,"menu_order":0,"comment_status":"closed","ping_status":"closed","template":"","meta":{"footnotes":""},"class_list":["post-12446","page","type-page","status-publish","hentry"],"yoast_head":"<!-- This site is optimized with the Yoast SEO plugin v27.6 - https:\/\/yoast.com\/product\/yoast-seo-wordpress\/ -->\n<title>Camzey - Alternative to OmeTV &amp; Monkey App - TinyChat.com<\/title>\n<meta name=\"description\" content=\"Enjoying Camzey? Join over 50,000,000 strangers on TinyChat! Turn on your cam and start meeting new people, or find a match.\" \/>\n<meta name=\"robots\" content=\"index, follow, max-snippet:-1, max-image-preview:large, max-video-preview:-1\" \/>\n<link rel=\"canonical\" href=\"https:\/\/tinychat.com\/fr\/camzey\/\" \/>\n<meta property=\"og:locale\" content=\"fr_FR\" \/>\n<meta property=\"og:type\" content=\"article\" \/>\n<meta property=\"og:title\" content=\"Camzey - Alternative to OmeTV &amp; Monkey App - TinyChat.com\" \/>\n<meta property=\"og:description\" content=\"Enjoying Camzey? Join over 50,000,000 strangers on TinyChat! Turn on your cam and start meeting new people, or find a match.\" \/>\n<meta property=\"og:url\" content=\"https:\/\/tinychat.com\/fr\/camzey\/\" \/>\n<meta property=\"og:site_name\" content=\"TinyChat\" \/>\n<meta property=\"article:publisher\" content=\"https:\/\/www.facebook.com\/tinychat\" \/>\n<meta property=\"article:modified_time\" content=\"2025-08-11T07:19:49+00:00\" \/>\n<meta property=\"og:image\" content=\"https:\/\/tinychat.com\/wp-content\/uploads\/2020\/04\/Tinychat-logo-1280x284-new-black.png\" \/>\n\t<meta property=\"og:image:width\" content=\"1280\" \/>\n\t<meta property=\"og:image:height\" content=\"284\" \/>\n\t<meta property=\"og:image:type\" content=\"image\/png\" \/>\n<meta name=\"twitter:card\" content=\"summary_large_image\" \/>\n<meta name=\"twitter:site\" content=\"@tinychat\" \/>\n<meta name=\"twitter:label1\" content=\"Dur\u00e9e de lecture estim\u00e9e\" \/>\n\t<meta name=\"twitter:data1\" content=\"5 minutes\" \/>\n<script type=\"application\/ld+json\" class=\"yoast-schema-graph\">{\"@context\":\"https:\\\/\\\/schema.org\",\"@graph\":[{\"@type\":\"WebPage\",\"@id\":\"https:\\\/\\\/tinychat.com\\\/camzey\\\/\",\"url\":\"https:\\\/\\\/tinychat.com\\\/camzey\\\/\",\"name\":\"Camzey - Alternative to OmeTV & Monkey App - TinyChat.com\",\"isPartOf\":{\"@id\":\"https:\\\/\\\/tinychat.com\\\/#website\"},\"datePublished\":\"2025-08-11T06:59:56+00:00\",\"dateModified\":\"2025-08-11T07:19:49+00:00\",\"description\":\"Enjoying Camzey? Join over 50,000,000 strangers on TinyChat! Turn on your cam and start meeting new people, or find a match.\",\"breadcrumb\":{\"@id\":\"https:\\\/\\\/tinychat.com\\\/camzey\\\/#breadcrumb\"},\"inLanguage\":\"fr-FR\",\"potentialAction\":[{\"@type\":\"ReadAction\",\"target\":[\"https:\\\/\\\/tinychat.com\\\/camzey\\\/\"]}]},{\"@type\":\"BreadcrumbList\",\"@id\":\"https:\\\/\\\/tinychat.com\\\/camzey\\\/#breadcrumb\",\"itemListElement\":[{\"@type\":\"ListItem\",\"position\":1,\"name\":\"Home\",\"item\":\"https:\\\/\\\/tinychat.com\\\/\"},{\"@type\":\"ListItem\",\"position\":2,\"name\":\"Camzey\"}]},{\"@type\":\"WebSite\",\"@id\":\"https:\\\/\\\/tinychat.com\\\/#website\",\"url\":\"https:\\\/\\\/tinychat.com\\\/\",\"name\":\"TinyChat\",\"description\":\"Random Video Chat with Strangers\",\"publisher\":{\"@id\":\"https:\\\/\\\/tinychat.com\\\/#organization\"},\"alternateName\":\"TinyChat.com\",\"potentialAction\":[{\"@type\":\"SearchAction\",\"target\":{\"@type\":\"EntryPoint\",\"urlTemplate\":\"https:\\\/\\\/tinychat.com\\\/?s={search_term_string}\"},\"query-input\":{\"@type\":\"PropertyValueSpecification\",\"valueRequired\":true,\"valueName\":\"search_term_string\"}}],\"inLanguage\":\"fr-FR\"},{\"@type\":\"Organization\",\"@id\":\"https:\\\/\\\/tinychat.com\\\/#organization\",\"name\":\"TinyChat\",\"alternateName\":\"TinyChat.com\",\"url\":\"https:\\\/\\\/tinychat.com\\\/\",\"logo\":{\"@type\":\"ImageObject\",\"inLanguage\":\"fr-FR\",\"@id\":\"https:\\\/\\\/tinychat.com\\\/#\\\/schema\\\/logo\\\/image\\\/\",\"url\":\"https:\\\/\\\/tinychat.com\\\/wp-content\\\/uploads\\\/2023\\\/11\\\/Tinychat-icon-square.png\",\"contentUrl\":\"https:\\\/\\\/tinychat.com\\\/wp-content\\\/uploads\\\/2023\\\/11\\\/Tinychat-icon-square.png\",\"width\":284,\"height\":284,\"caption\":\"TinyChat\"},\"image\":{\"@id\":\"https:\\\/\\\/tinychat.com\\\/#\\\/schema\\\/logo\\\/image\\\/\"},\"sameAs\":[\"https:\\\/\\\/www.facebook.com\\\/tinychat\",\"https:\\\/\\\/x.com\\\/tinychat\"]}]}<\/script>\n<!-- \/ Yoast SEO plugin. -->","yoast_head_json":{"title":"Camzey - Alternative \u00e0 OmeTV &amp; Monkey App - TinyChat.com","description":"Vous aimez Camzey ? Rejoignez plus de 50 000 000 d'inconnus sur TinyChat ! Allumez votre cam\u00e9ra et commencez \u00e0 rencontrer de nouvelles personnes, ou trouvez un partenaire.","robots":{"index":"index","follow":"follow","max-snippet":"max-snippet:-1","max-image-preview":"max-image-preview:large","max-video-preview":"max-video-preview:-1"},"canonical":"https:\/\/tinychat.com\/fr\/camzey\/","og_locale":"fr_FR","og_type":"article","og_title":"Camzey - Alternative to OmeTV & Monkey App - TinyChat.com","og_description":"Enjoying Camzey? Join over 50,000,000 strangers on TinyChat! Turn on your cam and start meeting new people, or find a match.","og_url":"https:\/\/tinychat.com\/fr\/camzey\/","og_site_name":"TinyChat","article_publisher":"https:\/\/www.facebook.com\/tinychat","article_modified_time":"2025-08-11T07:19:49+00:00","og_image":[{"width":1280,"height":284,"url":"https:\/\/tinychat.com\/wp-content\/uploads\/2020\/04\/Tinychat-logo-1280x284-new-black.png","type":"image\/png"}],"twitter_card":"summary_large_image","twitter_site":"@tinychat","twitter_misc":{"Dur\u00e9e de lecture estim\u00e9e":"5 minutes"},"schema":{"@context":"https:\/\/schema.org","@graph":[{"@type":"WebPage","@id":"https:\/\/tinychat.com\/camzey\/","url":"https:\/\/tinychat.com\/camzey\/","name":"Camzey - Alternative \u00e0 OmeTV &amp; Monkey App - TinyChat.com","isPartOf":{"@id":"https:\/\/tinychat.com\/#website"},"datePublished":"2025-08-11T06:59:56+00:00","dateModified":"2025-08-11T07:19:49+00:00","description":"Vous aimez Camzey ? Rejoignez plus de 50 000 000 d'inconnus sur TinyChat ! Allumez votre cam\u00e9ra et commencez \u00e0 rencontrer de nouvelles personnes, ou trouvez un partenaire.","breadcrumb":{"@id":"https:\/\/tinychat.com\/camzey\/#breadcrumb"},"inLanguage":"fr-FR","potentialAction":[{"@type":"ReadAction","target":["https:\/\/tinychat.com\/camzey\/"]}]},{"@type":"BreadcrumbList","@id":"https:\/\/tinychat.com\/camzey\/#breadcrumb","itemListElement":[{"@type":"ListItem","position":1,"name":"Home","item":"https:\/\/tinychat.com\/"},{"@type":"ListItem","position":2,"name":"Camzey"}]},{"@type":"WebSite","@id":"https:\/\/tinychat.com\/#website","url":"https:\/\/tinychat.com\/","name":"TinyChat","description":"Chat vid\u00e9o al\u00e9atoire avec des inconnus","publisher":{"@id":"https:\/\/tinychat.com\/#organization"},"alternateName":"TinyChat.com","potentialAction":[{"@type":"SearchAction","target":{"@type":"EntryPoint","urlTemplate":"https:\/\/tinychat.com\/?s={search_term_string}"},"query-input":{"@type":"PropertyValueSpecification","valueRequired":true,"valueName":"search_term_string"}}],"inLanguage":"fr-FR"},{"@type":"Organization","@id":"https:\/\/tinychat.com\/#organization","name":"TinyChat","alternateName":"TinyChat.com","url":"https:\/\/tinychat.com\/","logo":{"@type":"ImageObject","inLanguage":"fr-FR","@id":"https:\/\/tinychat.com\/#\/schema\/logo\/image\/","url":"https:\/\/tinychat.com\/wp-content\/uploads\/2023\/11\/Tinychat-icon-square.png","contentUrl":"https:\/\/tinychat.com\/wp-content\/uploads\/2023\/11\/Tinychat-icon-square.png","width":284,"height":284,"caption":"TinyChat"},"image":{"@id":"https:\/\/tinychat.com\/#\/schema\/logo\/image\/"},"sameAs":["https:\/\/www.facebook.com\/tinychat","https:\/\/x.com\/tinychat"]}]}},"_links":{"self":[{"href":"https:\/\/tinychat.com\/fr\/wp-json\/wp\/v2\/pages\/12446","targetHints":{"allow":["GET"]}}],"collection":[{"href":"https:\/\/tinychat.com\/fr\/wp-json\/wp\/v2\/pages"}],"about":[{"href":"https:\/\/tinychat.com\/fr\/wp-json\/wp\/v2\/types\/page"}],"author":[{"embeddable":true,"href":"https:\/\/tinychat.com\/fr\/wp-json\/wp\/v2\/users\/6"}],"replies":[{"embeddable":true,"href":"https:\/\/tinychat.com\/fr\/wp-json\/wp\/v2\/comments?post=12446"}],"version-history":[{"count":4,"href":"https:\/\/tinychat.com\/fr\/wp-json\/wp\/v2\/pages\/12446\/revisions"}],"predecessor-version":[{"id":13432,"href":"https:\/\/tinychat.com\/fr\/wp-json\/wp\/v2\/pages\/12446\/revisions\/13432"}],"wp:attachment":[{"href":"https:\/\/tinychat.com\/fr\/wp-json\/wp\/v2\/media?parent=12446"}],"curies":[{"name":"wp","href":"https:\/\/api.w.org\/{rel}","templated":true}]}}