{"id":12455,"date":"2025-07-07T17:15:56","date_gmt":"2025-07-07T15:15:56","guid":{"rendered":"https:\/\/tinychat.com\/?page_id=12455"},"modified":"2025-07-07T18:36:16","modified_gmt":"2025-07-07T16:36:16","slug":"ftf-live","status":"publish","type":"page","link":"https:\/\/tinychat.com\/fr\/ftf-live\/","title":{"rendered":"FTF Live"},"content":{"rendered":"<p>Internet a r\u00e9volutionn\u00e9 notre fa\u00e7on de rencontrer des gens, de nous faire des amis et de partager nos vies. Au milieu d'une mer de r\u00e9seaux sociaux complexes, d'applications de rencontres et de plateformes vid\u00e9o, il existe une demande constante pour des exp\u00e9riences de chat rapides, anonymes et vraiment gratuites. FTF Live est une plateforme qui d\u00e9fend l'id\u00e9e fondamentale de la conversation spontan\u00e9e, des amiti\u00e9s mondiales et de l'interaction sans tracas.<\/p>\n<p>Alors que certaines plateformes accumulent les fonctionnalit\u00e9s et les barri\u00e8res payantes, FTF Live reste d'une simplicit\u00e9 rafra\u00eechissante. Il s'agit de se connecter avec des inconnus en temps r\u00e9el, soit dans des salons de discussion publics, soit dans des sessions priv\u00e9es en t\u00eate-\u00e0-t\u00eate. Que vous soyez ici pour discuter de mani\u00e8re d\u00e9contract\u00e9e, pour des discussions s\u00e9rieuses ou simplement pour tuer le temps, FTF Live rend les choses faciles - pas d'inscription, pas de t\u00e9l\u00e9chargements, pas de barri\u00e8res.<\/p>\n<p>Dans cet article, nous allons nous plonger dans FTF Live : ce qu'il est, comment il fonctionne, ses principales caract\u00e9ristiques, des comparaisons avec des sites similaires, des conseils de s\u00e9curit\u00e9 et des conseils de pro pour tirer le meilleur parti de chaque chat. Si vous appr\u00e9ciez les conversations rapides et anonymes et la libert\u00e9 de chatter \u00e0 votre guise, FTF Live est un site que vous voudrez mettre dans vos favoris.<\/p>\n<h2>Qu'est-ce que FTF Live ?<\/h2>\n<p>FTF Live est une plateforme de chat en ligne gratuite qui permet aux utilisateurs de communiquer instantan\u00e9ment avec des inconnus du monde entier, principalement par le biais d'un chat textuel. Il n'est pas n\u00e9cessaire de s'inscrire, ni de t\u00e9l\u00e9charger des applications, ni de r\u00e9v\u00e9ler ses informations personnelles. Il vous suffit de choisir un pseudo, votre \u00e2ge et votre sexe, et vous pourrez chatter en quelques secondes.<\/p>\n<p>Le design de FTF Live est ax\u00e9 sur la rapidit\u00e9 et l'accessibilit\u00e9. Que vous utilisiez un ordinateur de bureau, un ordinateur portable ou un smartphone, l'interface se charge rapidement et fonctionne en douceur. La plateforme propose des salons de discussion publics o\u00f9 tout le monde peut se joindre \u00e0 la conversation, ainsi qu'une messagerie priv\u00e9e pour des discussions plus personnelles.<\/p>\n<p>Avec des milliers d'utilisateurs en ligne \u00e0 tout moment, FTF Live est un centre vibrant pour l'amiti\u00e9, le flirt, les conseils, l'\u00e9change culturel et tout simplement le plaisir.<\/p>\n<h2>Caract\u00e9ristiques principales de FTF Live<\/h2>\n<p>Bien que FTF Live reste simple, il offre une poign\u00e9e de fonctions intelligentes pour rendre votre exp\u00e9rience de chat \u00e0 la fois s\u00fbre et agr\u00e9able :<\/p>\n<h3>1. Pas d'inscription n\u00e9cessaire<\/h3>\n<p>FTF Live est aussi anonyme que possible. Vous n'avez pas besoin de cr\u00e9er un compte, de fournir un e-mail ou de v\u00e9rifier votre identit\u00e9. Il vous suffit de choisir un pseudo, de s\u00e9lectionner quelques d\u00e9tails et vous voil\u00e0 lanc\u00e9.<\/p>\n<p>Cet acc\u00e8s sans barri\u00e8re est id\u00e9al pour les utilisateurs timides, ceux qui se m\u00e9fient des risques li\u00e9s \u00e0 la vie priv\u00e9e ou toute personne souhaitant discuter sans engagement.<\/p>\n<h3>2. Salons de discussion publics<\/h3>\n<p>Le c\u0153ur battant de FTF Live est constitu\u00e9 par ses salons de discussion publics. Vous y trouverez des utilisateurs du monde entier engag\u00e9s dans des conversations de groupe. Les sujets abord\u00e9s peuvent aller de l'absurde au profond, et vous \u00eates libre de contribuer, d'observer ou de vous faire des amis \u00e0 votre propre rythme.<\/p>\n<p>Certaines salles peuvent \u00eatre th\u00e9matiques - par exemple, par r\u00e9gion, par \u00e2ge ou par centre d'int\u00e9r\u00eat - tandis que d'autres sont purement et simplement ouvertes \u00e0 tous.<\/p>\n<h3>3. Chat priv\u00e9 en t\u00eate-\u00e0-t\u00eate<\/h3>\n<p>Si vous cliquez avec quelqu'un dans le chat public, vous pouvez l'inviter dans une fen\u00eatre de chat priv\u00e9. Vous pourrez alors parler plus librement, partager des histoires ou approfondir votre connexion, tout en conservant un anonymat total.<\/p>\n<h3>4. Blocage et signalement d'utilisateurs<\/h3>\n<p>FTF Live prend la s\u00e9curit\u00e9 des utilisateurs au s\u00e9rieux. Si quelqu'un se montre inappropri\u00e9, envoie des spams ou vous harc\u00e8le, la plateforme propose des outils de blocage et de signalement rapides. Les mod\u00e9rateurs surveillent les abus et prennent des mesures pour que les salons de discussion restent s\u00fbrs pour tout le monde.<\/p>\n<h3>5. Conception adapt\u00e9e aux mobiles<\/h3>\n<p>Pas besoin d'application ! FTF Live est enti\u00e8rement optimis\u00e9 pour les navigateurs mobiles. Que vous soyez sur Android, iPhone ou tablette, le site fonctionne de mani\u00e8re transparente, vous permettant de chatter o\u00f9 que vous alliez.<\/p>\n<h3>6. Enregistrement et profils facultatifs<\/h3>\n<p>Bien que vous puissiez utiliser FTF Live en tant qu'invit\u00e9, l'enregistrement d'un compte gratuit permet d'acc\u00e9der \u00e0 des fonctionnalit\u00e9s suppl\u00e9mentaires :<\/p>\n<ul>\n<li>Ajouter une photo de profil ou un avatar<\/li>\n<li>Sauvegarde d'une liste d'amis pour des discussions ult\u00e9rieures<\/li>\n<li>Acc\u00e9der \u00e0 l'historique des chats (si disponible)<\/li>\n<li>D\u00e9finir les pr\u00e9f\u00e9rences en mati\u00e8re de protection de la vie priv\u00e9e<\/li>\n<\/ul>\n<p>L'inscription est rapide et ne n\u00e9cessite qu'un minimum d'informations.<\/p>\n<h3>7. Filtres de discussion globaux et locaux<\/h3>\n<p>FTF Live vous permet de filtrer les utilisateurs par pays, r\u00e9gion ou langue. Vous voulez chatter avec quelqu'un qui se trouve \u00e0 proximit\u00e9 ou qui vient d'un endroit pr\u00e9cis ? Ajustez vos param\u00e8tres pour trouver la personne id\u00e9ale.<\/p>\n<h3>8. Emojis, autocollants et textes amusants<\/h3>\n<p>Exprimez-vous ! FTF Live prend en charge les emojis, les autocollants amusants et le formatage de texte ludique, ce qui rend chaque conversation plus engageante et plus vivante.<\/p>\n<h2>Comment utiliser FTF Live<\/h2>\n<p>D\u00e9marrer avec FTF Live ne pourrait pas \u00eatre plus facile. Voici un guide \u00e9tape par \u00e9tape :<\/p>\n<h3>\u00c9tape 1 : Visiter le site web FTF Live<\/h3>\n<p>Ouvrez FTF Live dans votre navigateur pr\u00e9f\u00e9r\u00e9 - ordinateur de bureau, tablette ou mobile.<\/p>\n<h3>\u00c9tape 2 : Choisissez votre pseudonyme et vos coordonn\u00e9es<\/h3>\n<p>Tapez un surnom (r\u00e9el ou invent\u00e9), choisissez votre \u00e2ge et votre sexe, ainsi que votre pays ou votre langue pr\u00e9f\u00e9r\u00e9e si vous y \u00eates invit\u00e9.<\/p>\n<h3>\u00c9tape 3 : Accepter les conditions<\/h3>\n<p>Cochez la case pour accepter les r\u00e8gles de base et les conditions d'utilisation du site.<\/p>\n<h3>\u00c9tape 4 : Entrer dans une salle de discussion<\/h3>\n<p>Cliquez pour entrer dans le salon de discussion public, o\u00f9 vous verrez des messages d'utilisateurs du monde entier. Dites bonjour, posez une question ou observez simplement jusqu'\u00e0 ce que vous soyez pr\u00eat \u00e0 intervenir.<\/p>\n<h3>\u00c9tape 5 : Lancer une discussion priv\u00e9e (facultatif)<\/h3>\n<p>Cliquez sur le nom d'un utilisateur pour l'inviter \u00e0 une discussion priv\u00e9e en t\u00eate-\u00e0-t\u00eate. Vous pouvez \u00e9galement accepter ou refuser les invitations priv\u00e9es des autres utilisateurs.<\/p>\n<h3>\u00c9tape 6 : S'inscrire (facultatif)<\/h3>\n<p>Si vous souhaitez b\u00e9n\u00e9ficier de fonctionnalit\u00e9s suppl\u00e9mentaires (listes d'amis, historique des chats, photo de profil, etc.), cr\u00e9ez un compte gratuit avec des informations de base. Vous pouvez toujours continuer en tant qu'invit\u00e9.<\/p>\n<h2>Exp\u00e9rience utilisateur sur FTF Live<\/h2>\n<p>FTF Live est con\u00e7u pour \u00eatre facile, rapide et inclusif. L'interface est \u00e9pur\u00e9e, la navigation est claire et les messages sont transmis rapidement.<\/p>\n<h3>Ce que les utilisateurs aiment<\/h3>\n<ul>\n<li>\u2705 Aucune inscription n'est requise pour la plupart des fonctionnalit\u00e9s<\/li>\n<li>Acc\u00e8s instantan\u00e9 depuis n'importe quel appareil<\/li>\n<li>\u2705 Chargement rapide et faible utilisation de donn\u00e9es<\/li>\n<li>Options de chat de groupe et de chat priv\u00e9<\/li>\n<li>\u2705 Base d'utilisateurs conviviale et mondiale<\/li>\n<li>\u2705 Libert\u00e9 de discuter autant ou aussi peu que vous le souhaitez<\/li>\n<\/ul>\n<h3>Ce que FTF Live pourrait am\u00e9liorer<\/h3>\n<ul>\n<li>\u274c Spam ou bots occasionnels dans les salles publiques<\/li>\n<li>\u274c Texte uniquement (pas de chat vid\u00e9o ou vocal)<\/li>\n<li>\u274c Des publicit\u00e9s peuvent appara\u00eetre sur la version gratuite<\/li>\n<li>\u274c Fonctionnalit\u00e9s de profil limit\u00e9es pour les invit\u00e9s<\/li>\n<\/ul>\n<h3>Un vrai retour d'information de la part des utilisateurs<\/h3>\n<blockquote><p>\"J'ai discut\u00e9 avec quelqu'un d'autre dans un autre pays dans la minute qui a suivi mon arriv\u00e9e sur le site. Pas besoin de s'inscrire - j'adore !\"<br \/>\n- <em>Aimee R., Trustpilot<\/em><\/p><\/blockquote>\n<blockquote><p>\"Il y a parfois des trolls dans les salles publiques, mais il est facile de les bloquer et les mod\u00e9rateurs font du bon travail.<br \/>\n- <em>Elias M., Sitejabber<\/em><\/p><\/blockquote>\n<blockquote><p>\"J'utilise FTF Live pour pratiquer l'anglais et rencontrer de nouveaux amis. C'est simple et \u00e7a marche tr\u00e8s bien sur mon t\u00e9l\u00e9phone.\"<br \/>\n- <em>Raj P., Google Play Review<\/em><\/p><\/blockquote>\n<h2>FTF Live contre d'autres plateformes de chat<\/h2>\n<p>Comment FTF Live se compare-t-il aux autres grands sites de chat ?<\/p>\n<table>\n<thead>\n<tr>\n<th>Fonctionnalit\u00e9<\/th>\n<th>FTF Live<\/th>\n<th>Chatib<\/th>\n<th>Chatiw<\/th>\n<th>Omegle<\/th>\n<th>Camfrog<\/th>\n<th>Thundr<\/th>\n<\/tr>\n<\/thead>\n<tbody>\n<tr>\n<td>Chat anonyme<\/td>\n<td>\u2705 Oui<\/td>\n<td>\u2705 Oui<\/td>\n<td>\u2705 Oui<\/td>\n<td>\u2705 Oui<\/td>\n<td>\u2705 Invit\u00e9<\/td>\n<td>\u2705 Oui<\/td>\n<\/tr>\n<tr>\n<td>Pas d'inscription n\u00e9cessaire<\/td>\n<td>\u2705 Oui<\/td>\n<td>\u2705 Oui<\/td>\n<td>\u2705 Oui<\/td>\n<td>\u2705 Oui<\/td>\n<td>\u2705 Facultatif<\/td>\n<td>\u2705 Oui<\/td>\n<\/tr>\n<tr>\n<td>Chat textuel<\/td>\n<td>\u2705 Oui<\/td>\n<td>\u2705 Oui<\/td>\n<td>\u2705 Oui<\/td>\n<td>\u2705 Oui<\/td>\n<td>\u2705 Oui<\/td>\n<td>\u2705 Oui<\/td>\n<\/tr>\n<tr>\n<td>Chat vid\u00e9o<\/td>\n<td>\u274c Non<\/td>\n<td>\u274c Non<\/td>\n<td>\u274c Non<\/td>\n<td>\u2705 Oui<\/td>\n<td>\u2705 Oui<\/td>\n<td>\u2705 Oui<\/td>\n<\/tr>\n<tr>\n<td>Salles de chat publiques<\/td>\n<td>\u2705 Oui<\/td>\n<td>\u2705 Oui<\/td>\n<td>\u2705 Oui<\/td>\n<td>\u274c Non<\/td>\n<td>\u2705 Oui<\/td>\n<td>\u274c Non<\/td>\n<\/tr>\n<tr>\n<td>Messagerie priv\u00e9e<\/td>\n<td>\u2705 Oui<\/td>\n<td>\u2705 Oui<\/td>\n<td>\u2705 Oui<\/td>\n<td>\u2705 Oui<\/td>\n<td>\u2705 Oui<\/td>\n<td>\u2705 Oui<\/td>\n<\/tr>\n<tr>\n<td>Option de profil<\/td>\n<td>\u2705 Facultatif<\/td>\n<td>\u2705 Facultatif<\/td>\n<td>\u2705 Facultatif<\/td>\n<td>\u274c Non<\/td>\n<td>\u2705 Oui<\/td>\n<td>\u274c Non<\/td>\n<\/tr>\n<tr>\n<td>Optimis\u00e9 pour les mobiles<\/td>\n<td>\u2705 Oui<\/td>\n<td>\u2705 Oui<\/td>\n<td>\u2705 Oui<\/td>\n<td>\u26a0\ufe0f Mixte<\/td>\n<td>\u2705 Oui<\/td>\n<td>\u2705 Oui<\/td>\n<\/tr>\n<tr>\n<td>Filtres globaux\/locaux<\/td>\n<td>\u2705 Oui<\/td>\n<td>\u2705 Oui<\/td>\n<td>\u2705 Oui<\/td>\n<td>\u2705 Oui<\/td>\n<td>\u2705 Oui<\/td>\n<td>\u2705 Oui<\/td>\n<\/tr>\n<\/tbody>\n<\/table>\n<p>R\u00e9sum\u00e9 : FTF Live est parfait pour ceux qui veulent un chat rapide, anonyme et textuel, avec des options publiques et priv\u00e9es, et qui ne veulent pas s'emb\u00eater avec des inscriptions ou des t\u00e9l\u00e9chargements.<\/p>\n<h2>FTF Live est-il s\u00fbr ?<\/h2>\n<p>Comme toute plateforme de chat ouverte, FTF Live prend des mesures pour assurer la s\u00e9curit\u00e9 des utilisateurs, mais une certaine prudence est toujours de mise.<\/p>\n<h3>Caract\u00e9ristiques de s\u00e9curit\u00e9<\/h3>\n<ul>\n<li>Outils de blocage et de rapport pour chaque utilisateur<\/li>\n<li>Les mod\u00e9rateurs surveillent les salles publiques<\/li>\n<li>Filtres de base pour le spam et le contenu<\/li>\n<li>Aucun email ou nom r\u00e9el n'est requis pour les invit\u00e9s<\/li>\n<li>Privil\u00e9gier le respect de la vie priv\u00e9e - ne partager des informations que si l'on en a envie<\/li>\n<\/ul>\n<h3>Conseils de s\u00e9curit\u00e9<\/h3>\n<ul>\n<li>Ne jamais partager d'informations personnelles (nom r\u00e9el, num\u00e9ro de t\u00e9l\u00e9phone, adresse, pseudos).<\/li>\n<li>Utiliser un surnom ou un pseudonyme, surtout en tant qu'invit\u00e9<\/li>\n<li>Bloquer\/rapporter toute personne abusive, spammeuse ou qui vous met mal \u00e0 l'aise<\/li>\n<li>Ne cliquez pas sur des liens inconnus et ne t\u00e9l\u00e9chargez pas de fichiers<\/li>\n<li>Quittez le chat et effacez votre historique si vous utilisez un appareil public\/partag\u00e9.<\/li>\n<\/ul>\n<h2>Conseils pour tirer le meilleur parti de FTF Live<\/h2>\n<ul>\n<li>Essayez diff\u00e9rents salons de discussion : Rencontrez des personnes de r\u00e9gions et de milieux diff\u00e9rents.<\/li>\n<li>Commencez par un chat de groupe : Vous pouvez vous familiariser avec la salle avant de passer en mode priv\u00e9.<\/li>\n<li>Utilisez-le sur mobile : Le site fonctionne parfaitement sur les t\u00e9l\u00e9phones et les tablettes.<\/li>\n<li>Soyez poli et ouvert d'esprit : Les discussions amicales d\u00e9bouchent souvent sur de nouvelles amiti\u00e9s.<\/li>\n<li>Prot\u00e9gez votre vie priv\u00e9e : Restez anonyme, sauf si vous vous sentez \u00e0 l'aise pour en dire plus.<\/li>\n<li>Filtrez par lieu ou par langue : Pratiquez une nouvelle langue ou trouvez des habitants avec qui discuter.<\/li>\n<\/ul>\n<h2>D\u00e9pannage des probl\u00e8mes courants li\u00e9s \u00e0 l'utilisation de FTF en direct<\/h2>\n<h3>Impossible d'entrer dans une pi\u00e8ce<\/h3>\n<p>Rafra\u00eechissez la page, essayez un autre navigateur ou v\u00e9rifiez votre connexion internet. Certaines salles peuvent \u00eatre temporairement pleines ou restreintes.<\/p>\n<h3>Trop de spams ou de bots<\/h3>\n<p>Utilisez les fonctions de blocage et de signalement. Restez dans les salles les plus fr\u00e9quent\u00e9es ou celles dont les mod\u00e9rateurs sont actifs.<\/p>\n<h3>Le chat priv\u00e9 ne fonctionne pas<\/h3>\n<p>Il se peut que l'autre utilisateur n'ait pas activ\u00e9 le chat priv\u00e9 ou qu'il ait refus\u00e9 votre invitation.<\/p>\n<h3>Impossible de t\u00e9l\u00e9charger une photo de profil<\/h3>\n<p>Assurez-vous d'\u00eatre enregistr\u00e9 et de suivre les instructions de t\u00e9l\u00e9chargement du site. Essayez de recharger ou de vous reconnecter si n\u00e9cessaire.<\/p>\n<h3>Les messages ne sont pas envoy\u00e9s<\/h3>\n<p>V\u00e9rifiez votre connexion internet, actualisez la page ou d\u00e9connectez-vous et reconnectez-vous.<\/p>\n<h2>Derni\u00e8res r\u00e9flexions : FTF Live vaut-il la peine d'\u00eatre essay\u00e9 ?<\/h2>\n<p>Certainement - surtout si vous voulez un chat instantan\u00e9, anonyme, bas\u00e9 sur le texte, sans barri\u00e8res ni complexit\u00e9. FTF Live offre la version la plus pure du chat en ligne : ouverte, conviviale et facile \u00e0 utiliser pour tout le monde.<\/p>\n<p>Que vous cherchiez \u00e0 vous faire de nouveaux amis, \u00e0 flirter, \u00e0 partager des id\u00e9es ou simplement \u00e0 passer le temps, FTF Live est le choix id\u00e9al. La plateforme respecte votre vie priv\u00e9e, ne vous oblige pas \u00e0 vous inscrire et vous permet de chatter de n'importe o\u00f9, sur n'importe quel appareil.<\/p>\n<p>Visitez FTF Live, choisissez un pseudo et commencez \u00e0 chatter - votre prochain ami, votre prochaine conversation ou votre prochaine aventure n'est peut-\u00eatre qu'\u00e0 un message !<\/p>","protected":false},"excerpt":{"rendered":"<p>The internet has revolutionized the way we meet people, make friends, and share our lives. Amidst a sea of complex social networks, dating apps, and video platforms, there remains a steady demand for fast, anonymous, and truly free chat experiences. Enter FTF Live \u2014 a platform that champions the core idea of spontaneous conversation, global [&hellip;]<\/p>\n","protected":false},"author":6,"featured_media":0,"parent":0,"menu_order":0,"comment_status":"closed","ping_status":"closed","template":"","meta":{"footnotes":""},"class_list":["post-12455","page","type-page","status-publish","hentry"],"yoast_head":"<!-- This site is optimized with the Yoast SEO plugin v27.3 - https:\/\/yoast.com\/product\/yoast-seo-wordpress\/ -->\n<title>FTF Live - Secure Live Video Chat Online - TinyChat.com<\/title>\n<meta name=\"description\" content=\"Enjoying FTF Live? Join over 50,000,000 strangers on TinyChat! Turn on your cam and start meeting new people, or find a match.\" \/>\n<meta name=\"robots\" content=\"index, follow, max-snippet:-1, max-image-preview:large, max-video-preview:-1\" \/>\n<link rel=\"canonical\" href=\"https:\/\/tinychat.com\/fr\/ftf-live\/\" \/>\n<meta property=\"og:locale\" content=\"fr_FR\" \/>\n<meta property=\"og:type\" content=\"article\" \/>\n<meta property=\"og:title\" content=\"FTF Live - Secure Live Video Chat Online - TinyChat.com\" \/>\n<meta property=\"og:description\" content=\"Enjoying FTF Live? Join over 50,000,000 strangers on TinyChat! Turn on your cam and start meeting new people, or find a match.\" \/>\n<meta property=\"og:url\" content=\"https:\/\/tinychat.com\/fr\/ftf-live\/\" \/>\n<meta property=\"og:site_name\" content=\"TinyChat\" \/>\n<meta property=\"article:publisher\" content=\"https:\/\/www.facebook.com\/tinychat\" \/>\n<meta property=\"article:modified_time\" content=\"2025-07-07T16:36:16+00:00\" \/>\n<meta property=\"og:image\" content=\"https:\/\/tinychat.com\/wp-content\/uploads\/2020\/04\/Tinychat-logo-1280x284-new-black.png\" \/>\n\t<meta property=\"og:image:width\" content=\"1280\" \/>\n\t<meta property=\"og:image:height\" content=\"284\" \/>\n\t<meta property=\"og:image:type\" content=\"image\/png\" \/>\n<meta name=\"twitter:card\" content=\"summary_large_image\" \/>\n<meta name=\"twitter:site\" content=\"@tinychat\" \/>\n<meta name=\"twitter:label1\" content=\"Dur\u00e9e de lecture estim\u00e9e\" \/>\n\t<meta name=\"twitter:data1\" content=\"7 minutes\" \/>\n<script type=\"application\/ld+json\" class=\"yoast-schema-graph\">{\"@context\":\"https:\\\/\\\/schema.org\",\"@graph\":[{\"@type\":\"WebPage\",\"@id\":\"https:\\\/\\\/tinychat.com\\\/ftf-live\\\/\",\"url\":\"https:\\\/\\\/tinychat.com\\\/ftf-live\\\/\",\"name\":\"FTF Live - Secure Live Video Chat Online - TinyChat.com\",\"isPartOf\":{\"@id\":\"https:\\\/\\\/tinychat.com\\\/#website\"},\"datePublished\":\"2025-07-07T15:15:56+00:00\",\"dateModified\":\"2025-07-07T16:36:16+00:00\",\"description\":\"Enjoying FTF Live? Join over 50,000,000 strangers on TinyChat! Turn on your cam and start meeting new people, or find a match.\",\"breadcrumb\":{\"@id\":\"https:\\\/\\\/tinychat.com\\\/ftf-live\\\/#breadcrumb\"},\"inLanguage\":\"fr-FR\",\"potentialAction\":[{\"@type\":\"ReadAction\",\"target\":[\"https:\\\/\\\/tinychat.com\\\/ftf-live\\\/\"]}]},{\"@type\":\"BreadcrumbList\",\"@id\":\"https:\\\/\\\/tinychat.com\\\/ftf-live\\\/#breadcrumb\",\"itemListElement\":[{\"@type\":\"ListItem\",\"position\":1,\"name\":\"Home\",\"item\":\"https:\\\/\\\/tinychat.com\\\/\"},{\"@type\":\"ListItem\",\"position\":2,\"name\":\"FTF Live\"}]},{\"@type\":\"WebSite\",\"@id\":\"https:\\\/\\\/tinychat.com\\\/#website\",\"url\":\"https:\\\/\\\/tinychat.com\\\/\",\"name\":\"TinyChat\",\"description\":\"Random Video Chat with Strangers\",\"publisher\":{\"@id\":\"https:\\\/\\\/tinychat.com\\\/#organization\"},\"alternateName\":\"TinyChat.com\",\"potentialAction\":[{\"@type\":\"SearchAction\",\"target\":{\"@type\":\"EntryPoint\",\"urlTemplate\":\"https:\\\/\\\/tinychat.com\\\/?s={search_term_string}\"},\"query-input\":{\"@type\":\"PropertyValueSpecification\",\"valueRequired\":true,\"valueName\":\"search_term_string\"}}],\"inLanguage\":\"fr-FR\"},{\"@type\":\"Organization\",\"@id\":\"https:\\\/\\\/tinychat.com\\\/#organization\",\"name\":\"TinyChat\",\"alternateName\":\"TinyChat.com\",\"url\":\"https:\\\/\\\/tinychat.com\\\/\",\"logo\":{\"@type\":\"ImageObject\",\"inLanguage\":\"fr-FR\",\"@id\":\"https:\\\/\\\/tinychat.com\\\/#\\\/schema\\\/logo\\\/image\\\/\",\"url\":\"https:\\\/\\\/tinychat.com\\\/wp-content\\\/uploads\\\/2023\\\/11\\\/Tinychat-icon-square.png\",\"contentUrl\":\"https:\\\/\\\/tinychat.com\\\/wp-content\\\/uploads\\\/2023\\\/11\\\/Tinychat-icon-square.png\",\"width\":284,\"height\":284,\"caption\":\"TinyChat\"},\"image\":{\"@id\":\"https:\\\/\\\/tinychat.com\\\/#\\\/schema\\\/logo\\\/image\\\/\"},\"sameAs\":[\"https:\\\/\\\/www.facebook.com\\\/tinychat\",\"https:\\\/\\\/x.com\\\/tinychat\"]}]}<\/script>\n<!-- \/ Yoast SEO plugin. -->","yoast_head_json":{"title":"FTF Live - Chat vid\u00e9o s\u00e9curis\u00e9 en ligne - TinyChat.com","description":"Vous appr\u00e9ciez FTF Live ? Rejoignez plus de 50 000 000 d'inconnus sur TinyChat ! Allumez votre cam\u00e9ra et commencez \u00e0 rencontrer de nouvelles personnes, ou trouvez un partenaire.","robots":{"index":"index","follow":"follow","max-snippet":"max-snippet:-1","max-image-preview":"max-image-preview:large","max-video-preview":"max-video-preview:-1"},"canonical":"https:\/\/tinychat.com\/fr\/ftf-live\/","og_locale":"fr_FR","og_type":"article","og_title":"FTF Live - Secure Live Video Chat Online - TinyChat.com","og_description":"Enjoying FTF Live? Join over 50,000,000 strangers on TinyChat! Turn on your cam and start meeting new people, or find a match.","og_url":"https:\/\/tinychat.com\/fr\/ftf-live\/","og_site_name":"TinyChat","article_publisher":"https:\/\/www.facebook.com\/tinychat","article_modified_time":"2025-07-07T16:36:16+00:00","og_image":[{"width":1280,"height":284,"url":"https:\/\/tinychat.com\/wp-content\/uploads\/2020\/04\/Tinychat-logo-1280x284-new-black.png","type":"image\/png"}],"twitter_card":"summary_large_image","twitter_site":"@tinychat","twitter_misc":{"Dur\u00e9e de lecture estim\u00e9e":"7 minutes"},"schema":{"@context":"https:\/\/schema.org","@graph":[{"@type":"WebPage","@id":"https:\/\/tinychat.com\/ftf-live\/","url":"https:\/\/tinychat.com\/ftf-live\/","name":"FTF Live - Chat vid\u00e9o s\u00e9curis\u00e9 en ligne - TinyChat.com","isPartOf":{"@id":"https:\/\/tinychat.com\/#website"},"datePublished":"2025-07-07T15:15:56+00:00","dateModified":"2025-07-07T16:36:16+00:00","description":"Vous appr\u00e9ciez FTF Live ? Rejoignez plus de 50 000 000 d'inconnus sur TinyChat ! Allumez votre cam\u00e9ra et commencez \u00e0 rencontrer de nouvelles personnes, ou trouvez un partenaire.","breadcrumb":{"@id":"https:\/\/tinychat.com\/ftf-live\/#breadcrumb"},"inLanguage":"fr-FR","potentialAction":[{"@type":"ReadAction","target":["https:\/\/tinychat.com\/ftf-live\/"]}]},{"@type":"BreadcrumbList","@id":"https:\/\/tinychat.com\/ftf-live\/#breadcrumb","itemListElement":[{"@type":"ListItem","position":1,"name":"Home","item":"https:\/\/tinychat.com\/"},{"@type":"ListItem","position":2,"name":"FTF Live"}]},{"@type":"WebSite","@id":"https:\/\/tinychat.com\/#website","url":"https:\/\/tinychat.com\/","name":"TinyChat","description":"Chat vid\u00e9o al\u00e9atoire avec des inconnus","publisher":{"@id":"https:\/\/tinychat.com\/#organization"},"alternateName":"TinyChat.com","potentialAction":[{"@type":"SearchAction","target":{"@type":"EntryPoint","urlTemplate":"https:\/\/tinychat.com\/?s={search_term_string}"},"query-input":{"@type":"PropertyValueSpecification","valueRequired":true,"valueName":"search_term_string"}}],"inLanguage":"fr-FR"},{"@type":"Organization","@id":"https:\/\/tinychat.com\/#organization","name":"TinyChat","alternateName":"TinyChat.com","url":"https:\/\/tinychat.com\/","logo":{"@type":"ImageObject","inLanguage":"fr-FR","@id":"https:\/\/tinychat.com\/#\/schema\/logo\/image\/","url":"https:\/\/tinychat.com\/wp-content\/uploads\/2023\/11\/Tinychat-icon-square.png","contentUrl":"https:\/\/tinychat.com\/wp-content\/uploads\/2023\/11\/Tinychat-icon-square.png","width":284,"height":284,"caption":"TinyChat"},"image":{"@id":"https:\/\/tinychat.com\/#\/schema\/logo\/image\/"},"sameAs":["https:\/\/www.facebook.com\/tinychat","https:\/\/x.com\/tinychat"]}]}},"_links":{"self":[{"href":"https:\/\/tinychat.com\/fr\/wp-json\/wp\/v2\/pages\/12455","targetHints":{"allow":["GET"]}}],"collection":[{"href":"https:\/\/tinychat.com\/fr\/wp-json\/wp\/v2\/pages"}],"about":[{"href":"https:\/\/tinychat.com\/fr\/wp-json\/wp\/v2\/types\/page"}],"author":[{"embeddable":true,"href":"https:\/\/tinychat.com\/fr\/wp-json\/wp\/v2\/users\/6"}],"replies":[{"embeddable":true,"href":"https:\/\/tinychat.com\/fr\/wp-json\/wp\/v2\/comments?post=12455"}],"version-history":[{"count":3,"href":"https:\/\/tinychat.com\/fr\/wp-json\/wp\/v2\/pages\/12455\/revisions"}],"predecessor-version":[{"id":13319,"href":"https:\/\/tinychat.com\/fr\/wp-json\/wp\/v2\/pages\/12455\/revisions\/13319"}],"wp:attachment":[{"href":"https:\/\/tinychat.com\/fr\/wp-json\/wp\/v2\/media?parent=12455"}],"curies":[{"name":"wp","href":"https:\/\/api.w.org\/{rel}","templated":true}]}}