{"id":12463,"date":"2025-08-04T11:13:51","date_gmt":"2025-08-04T09:13:51","guid":{"rendered":"https:\/\/tinychat.com\/?page_id=12463"},"modified":"2025-08-04T11:49:51","modified_gmt":"2025-08-04T09:49:51","slug":"chitchat","status":"publish","type":"page","link":"https:\/\/tinychat.com\/fr\/chitchat\/","title":{"rendered":"ChitChat"},"content":{"rendered":"<p>Alors que le monde en ligne est de plus en plus encombr\u00e9 de r\u00e9seaux sociaux et de plateformes pilot\u00e9es par des applications, de nombreux utilisateurs recherchent quelque chose de plus authentique et de plus simple, un endroit o\u00f9 parler, se faire des amis et partager des id\u00e9es sans algorithmes, sans profils et sans collecte de donn\u00e9es invasive. ChitChat s'est impos\u00e9 comme une destination de premier plan pour le chat gratuit, anonyme et bas\u00e9 sur un navigateur, offrant le m\u00e9lange parfait de l'\u00e9nergie des salons de discussion de l'ancienne \u00e9cole et de la confidentialit\u00e9, de la convivialit\u00e9 et de la communaut\u00e9 d'aujourd'hui.<\/p>\n<p>Que vous souhaitiez rencontrer de nouvelles personnes, discuter de vos centres d'int\u00e9r\u00eat au sein d'un groupe, demander des conseils ou simplement avoir une conversation avec un inconnu, ChitChat rassemble des personnes du monde entier dans un environnement accueillant, s\u00e9curis\u00e9 et facile \u00e0 utiliser - aucun t\u00e9l\u00e9chargement ni enregistrement n'est n\u00e9cessaire.<\/p>\n<p>Ce guide approfondi vous montrera tout ce que vous devez savoir sur ChitChat : ce qu'il est, ses caract\u00e9ristiques principales, l'exp\u00e9rience utilisateur, la confidentialit\u00e9 et la s\u00e9curit\u00e9, comment il se compare \u00e0 d'autres plateformes de chat, le d\u00e9pannage, et des conseils d'experts pour tirer le meilleur parti de chaque session.<\/p>\n<h2>Qu'est-ce que ChitChat ?<\/h2>\n<p>ChitChat est une plateforme de chat anonyme bas\u00e9e sur un navigateur qui offre \u00e0 la fois des chats al\u00e9atoires en t\u00eate-\u00e0-t\u00eate et des salles de chat ouvertes aux groupes. Con\u00e7u pour ceux qui appr\u00e9cient la confidentialit\u00e9 et la spontan\u00e9it\u00e9, ChitChat vous permet de prendre part \u00e0 des conversations instantan\u00e9ment, sans inscription, sans e-mail et sans configuration compliqu\u00e9e.<\/p>\n<p>ChitChat est id\u00e9al pour :<\/p>\n<ul>\n<li>Discussions anonymes en t\u00eate-\u00e0-t\u00eate avec des inconnus<\/li>\n<li>Salles de groupes th\u00e9matiques (int\u00e9r\u00eat, langue, pays, groupe d'\u00e2ge, etc.)<\/li>\n<li>Chat s\u00e9curis\u00e9 et respectueux de la vie priv\u00e9e<\/li>\n<li>Socialisation occasionnelle, flirt, soutien ou conseils<\/li>\n<li>Se connecter \u00e0 partir de n'importe quel appareil, n'importe o\u00f9<\/li>\n<\/ul>\n<p>La plateforme permet une communication en temps r\u00e9el sans barri\u00e8res - pas de profils sociaux, pas de suivi, et une libert\u00e9 totale d'\u00eatre soi-m\u00eame.<\/p>\n<h2>Principales caract\u00e9ristiques de ChitChat<\/h2>\n<p>ChitChat se distingue des autres plateformes en mettant l'accent sur la responsabilisation des utilisateurs, la s\u00e9curit\u00e9 et la facilit\u00e9 d'utilisation :<\/p>\n<h3>1. Pas d'inscription n\u00e9cessaire<\/h3>\n<p>Participez \u00e0 n'importe quelle conversation en quelques secondes : il vous suffit de choisir un pseudo et de commencer \u00e0 chatter. Il n'est pas n\u00e9cessaire de fournir des informations personnelles, des adresses \u00e9lectroniques ou des num\u00e9ros de t\u00e9l\u00e9phone.<\/p>\n<h3>2. Anonyme par d\u00e9faut<\/h3>\n<p>Restez aussi discret que vous le souhaitez. ChitChat n'exige pas de noms r\u00e9els et ne stocke pas d'informations d'identification, ce qui fait de chaque chat un espace s\u00fbr pour un dialogue ouvert.<\/p>\n<h3>3. Chat al\u00e9atoire en t\u00eate-\u00e0-t\u00eate<\/h3>\n<p>Entrez instantan\u00e9ment en contact avec des inconnus dans le cadre de chats priv\u00e9s en t\u00eate-\u00e0-t\u00eate. Le bouton \"Suivant\" vous permet de passer rapidement \u00e0 une autre rencontre si la conversation ne vous convient pas.<\/p>\n<h3>4. Salles de discussion en groupe<\/h3>\n<p>Explorez une grande vari\u00e9t\u00e9 de salons de discussion par centre d'int\u00e9r\u00eat, pays, langue, tranche d'\u00e2ge ou sujet. Participez \u00e0 la conversation mondiale ou cr\u00e9ez votre propre groupe priv\u00e9.<\/p>\n<h3>5. Interface simple et moderne<\/h3>\n<p>La pr\u00e9sentation propre et intuitive de ChitChat fonctionne de mani\u00e8re transparente sur les navigateurs de bureau et mobiles. Pas de publicit\u00e9, pas d'encombrement, juste du chat.<\/p>\n<h3>6. Emoji et partage des m\u00e9dias<\/h3>\n<p>Exprimez-vous gr\u00e2ce \u00e0 une biblioth\u00e8que compl\u00e8te d'emojis et au partage s\u00e9curis\u00e9 d'images ou de GIF (lorsque cette fonctionnalit\u00e9 est activ\u00e9e), ce qui rend les conversations plus vivantes et plus expressives.<\/p>\n<h3>7. Cr\u00e9ation de pi\u00e8ces personnalis\u00e9es<\/h3>\n<p>Les utilisateurs peuvent cr\u00e9er des espaces de groupe priv\u00e9s ou publics avec des noms, des sujets et des contr\u00f4les d'acc\u00e8s personnalis\u00e9s. Partagez un lien pour inviter des amis ou rendez l'espace ouvert \u00e0 tous.<\/p>\n<h3>8. Outils de mod\u00e9ration instantan\u00e9e<\/h3>\n<p>Signalez ou bloquez des utilisateurs en un seul clic. La mod\u00e9ration active de ChitChat maintient l'environnement respectueux et sans spam.<\/p>\n<h3>9. Chats temporaires et s\u00e9curis\u00e9s<\/h3>\n<p>ChitChat n'enregistre pas l'historique des discussions - lorsque vous quittez une salle ou fermez une discussion, vos messages disparaissent d\u00e9finitivement, ce qui garantit qu'aucune trace n'est laiss\u00e9e.<\/p>\n<h3>10. Filtres de langue et de localisation<\/h3>\n<p>Choisissez de rencontrer des personnes originaires de pays sp\u00e9cifiques ou qui parlent votre langue - id\u00e9al pour pratiquer la langue ou se faire des amis plus pr\u00e8s de chez soi.<\/p>\n<h2>Comment utiliser ChitChat<\/h2>\n<p>L'utilisation de ChitChat est con\u00e7ue pour \u00eatre sans friction et intuitive :<\/p>\n<h3>\u00c9tape 1 : Visiter le site web de ChitChat<\/h3>\n<p>Allez sur chitchat.com (ou votre version locale) dans n'importe quel navigateur web.<\/p>\n<h3>\u00c9tape 2 : Choisir un surnom<\/h3>\n<p>Entrez un surnom de votre choix - pas besoin de noms r\u00e9els.<\/p>\n<h3>\u00c9tape 3 : Choisir un mode de discussion<\/h3>\n<ul>\n<li>Chat al\u00e9atoire : Soyez instantan\u00e9ment mis en relation avec un inconnu pour une discussion priv\u00e9e en t\u00eate-\u00e0-t\u00eate.<\/li>\n<li>Salles de groupe : Parcourez ou recherchez des salles de groupe par th\u00e8me, pays, langue ou centre d'int\u00e9r\u00eat.<\/li>\n<li>Cr\u00e9er un espace : Cr\u00e9ez votre propre salle de groupe pour vos amis ou pour une conversation publique.<\/li>\n<\/ul>\n<h3>\u00c9tape 4 : Commencer \u00e0 chatter<\/h3>\n<p>Dites bonjour, posez des questions ou lancez-vous dans une discussion. Utilisez le bouton \"Suivant\" pour passer \u00e0 une nouvelle discussion en mode al\u00e9atoire ou rejoindre une autre salle de groupe.<\/p>\n<h3>\u00c9tape 5 : Utiliser des \u00e9mojis et des m\u00e9dias<\/h3>\n<p>Ajoutez des emojis \u00e0 vos messages ou, lorsque cela est autoris\u00e9, partagez des images et des GIF s\u00e9curis\u00e9s pour rendre les chats plus expressifs.<\/p>\n<h3>\u00c9tape 6 : Signaler ou bloquer si n\u00e9cessaire<\/h3>\n<p>Si vous rencontrez des trolls, du spam ou des abus, utilisez la fonction de signalement ou de blocage : les mod\u00e9rateurs agissent rapidement pour maintenir la plateforme propre.<\/p>\n<h2>Exp\u00e9rience utilisateur sur ChitChat<\/h2>\n<p>ChitChat est synonyme de libert\u00e9, de simplicit\u00e9 et de conversations authentiques :<\/p>\n<h3>Ce que les utilisateurs aiment<\/h3>\n<ul>\n<li>Pas de probl\u00e8me d'inscription : Acc\u00e8s instantan\u00e9 et anonyme \u00e0 tous les chats.<\/li>\n<li>Communaut\u00e9 mondiale : Rencontrez des personnes de tous les continents, \u00e0 tout moment de la journ\u00e9e.<\/li>\n<li>Conception moderne et adapt\u00e9e aux mobiles : Fonctionne parfaitement sur n'importe quel appareil, avec une mise en page \u00e9pur\u00e9e.<\/li>\n<li>Une grande confidentialit\u00e9 : Pas de journaux, pas de profils, pas de suivi.<\/li>\n<li>Salles personnalisables : D\u00e9finissez vos propres th\u00e8mes et invitez vos amis \u00e0 l'aide d'un lien.<\/li>\n<li>Mod\u00e9ration active : R\u00e9ponse rapide au spam ou \u00e0 l'abus.<\/li>\n<li>Emojis amusants et partage d'images : Rendez les conversations plus vivantes.<\/li>\n<\/ul>\n<h3>Les points \u00e0 am\u00e9liorer selon les utilisateurs<\/h3>\n<ul>\n<li>Pas de chat vid\u00e9o ou audio (pour l'instant, il s'agit uniquement d'un chat textuel).<\/li>\n<li>Certaines fonctionnalit\u00e9s (comme le partage d'images) sont limit\u00e9es dans les chats al\u00e9atoires pour des raisons de s\u00e9curit\u00e9.<\/li>\n<li>Moins d'utilisateurs tard dans la nuit que sur les grandes plateformes mondiales.<\/li>\n<li>L'historique complet des conversations n'est pas disponible (pour des raisons de confidentialit\u00e9).<\/li>\n<\/ul>\n<h3>Un vrai retour d'information de la part des utilisateurs<\/h3>\n<blockquote><p>\"J'utilise ChitChat pour me d\u00e9tendre \u00e0 la fin de la journ\u00e9e. Pas d'inscription, pas de tracas, juste une vraie discussion avec des inconnus ou des amis.<br \/>\n- <em>Emily R., Trustpilot<\/em><\/p><\/blockquote>\n<blockquote><p>\"J'adore les salles de groupe. C'est le meilleur moyen de rencontrer des personnes partageant les m\u00eames centres d'int\u00e9r\u00eat sans se soucier de la confidentialit\u00e9.\"<br \/>\n- <em>Ali M., Google Reviews<\/em><\/p><\/blockquote>\n<blockquote><p>\"Le bouton de signalement fonctionne r\u00e9ellement - les mod\u00e9rateurs bannissent rapidement les trolls. On se sent beaucoup plus en s\u00e9curit\u00e9 que sur la plupart des applications de chat al\u00e9atoires\".<br \/>\n- <em>Sophie T., App Store<\/em><\/p><\/blockquote>\n<h2>ChitChat vs. autres plateformes de chat anonyme<\/h2>\n<p>Comment ChitChat se compare-t-il aux autres plateformes de chat anonyme ?<\/p>\n<table>\n<thead>\n<tr>\n<th>Fonctionnalit\u00e9<\/th>\n<th>ChitChat<\/th>\n<th>Chatiwi<\/th>\n<th>Chatiw<\/th>\n<th>Chatib<\/th>\n<th>Ouiichat<\/th>\n<th>Chatzy<\/th>\n<\/tr>\n<\/thead>\n<tbody>\n<tr>\n<td>Pas d'inscription n\u00e9cessaire<\/td>\n<td>\u2705 Oui<\/td>\n<td>\u2705 Oui<\/td>\n<td>\u2705 Oui<\/td>\n<td>\u2705 Oui<\/td>\n<td>\u2705 Oui<\/td>\n<td>\u2705 Oui<\/td>\n<\/tr>\n<tr>\n<td>Anonyme par d\u00e9faut<\/td>\n<td>\u2705 Oui<\/td>\n<td>\u2705 Oui<\/td>\n<td>\u2705 Oui<\/td>\n<td>\u2705 Oui<\/td>\n<td>\u2705 Oui<\/td>\n<td>\u2705 Oui<\/td>\n<\/tr>\n<tr>\n<td>Chat al\u00e9atoire et de groupe<\/td>\n<td>\u2705 Les deux<\/td>\n<td>\u2705 Les deux<\/td>\n<td>\u2705 Les deux<\/td>\n<td>\u2705 Les deux<\/td>\n<td>\u2705 Les deux<\/td>\n<td>\u2705 Les deux<\/td>\n<\/tr>\n<tr>\n<td>Partage des m\u00e9dias\/Emoji<\/td>\n<td>\u2705 Oui<\/td>\n<td>\u2705 Oui<\/td>\n<td>\u2705 Oui<\/td>\n<td>\u2705 Oui<\/td>\n<td>\u2705 Oui<\/td>\n<td>\u2705 Oui<\/td>\n<\/tr>\n<tr>\n<td>Cr\u00e9ation de pi\u00e8ces sur mesure<\/td>\n<td>\u2705 Oui<\/td>\n<td>\u2705 Oui<\/td>\n<td>\u274c Non<\/td>\n<td>\u274c Non<\/td>\n<td>\u2705 Oui<\/td>\n<td>\u2705 Oui<\/td>\n<\/tr>\n<tr>\n<td>Outils de mod\u00e9ration<\/td>\n<td>\u2705 Fort<\/td>\n<td>\u2705 Fort<\/td>\n<td>\u26a0\ufe0f Quelques-uns<\/td>\n<td>\u2705 Oui<\/td>\n<td>\u2705 Oui<\/td>\n<td>\u2705 Oui<\/td>\n<\/tr>\n<tr>\n<td>Aucun historique de chat n'est conserv\u00e9<\/td>\n<td>\u2705 Oui<\/td>\n<td>\u2705 Oui<\/td>\n<td>\u274c Non<\/td>\n<td>\u274c Non<\/td>\n<td>\u2705 Oui<\/td>\n<td>\u2705 Oui<\/td>\n<\/tr>\n<tr>\n<td>Optimis\u00e9 pour les mobiles<\/td>\n<td>\u2705 Oui<\/td>\n<td>\u2705 Oui<\/td>\n<td>\u2705 Oui<\/td>\n<td>\u2705 Oui<\/td>\n<td>\u2705 Oui<\/td>\n<td>\u2705 Oui<\/td>\n<\/tr>\n<\/tbody>\n<\/table>\n<p>R\u00e9sum\u00e9 : ChitChat se distingue par sa facilit\u00e9 d'utilisation, son m\u00e9lange de chat al\u00e9atoire et de chat en groupe, sa forte confidentialit\u00e9 et ses salles de groupe personnalisables, parfaites pour les conversations spontan\u00e9es et les communaut\u00e9s permanentes.<\/p>\n<h2>ChitChat est-il s\u00fbr ?<\/h2>\n<p>ChitChat est con\u00e7u dans le respect de la vie priv\u00e9e et de la s\u00e9curit\u00e9 des utilisateurs :<\/p>\n<ul>\n<li>Pas d'inscription, pas d'informations personnelles collect\u00e9es<\/li>\n<li>Chat anonyme - choisissez votre propre pseudonyme<\/li>\n<li>Pas de journal des conversations ni de conservation des donn\u00e9es<\/li>\n<li>\u00c9quipe de mod\u00e9ration active en cas d'abus ou de spam<\/li>\n<li>Outils de signalement et de blocage des utilisateurs<\/li>\n<li>Pas de publicit\u00e9 ni de suivi par des tiers<\/li>\n<\/ul>\n<h3>Conseils de s\u00e9curit\u00e9<\/h3>\n<ul>\n<li>Ne communiquez pas de d\u00e9tails personnels ou de noms r\u00e9els dans un chat.<\/li>\n<li>Utilisez les salons priv\u00e9s pour les conversations confidentielles et les salons publics pour la communaut\u00e9.<\/li>\n<li>Signaler tout harc\u00e8lement, spam ou contenu inappropri\u00e9.<\/li>\n<li>Faites confiance \u00e0 votre instinct et abandonnez toute discussion qui vous met mal \u00e0 l'aise.<\/li>\n<\/ul>\n<h2>Conseils pour tirer le meilleur parti de ChitChat<\/h2>\n<ul>\n<li>Commencez par une salutation amicale : Ouvre la voie \u00e0 d'autres conversations.<\/li>\n<li>Explorez les salles de groupe : Un excellent moyen de se faire des amis ou de discuter de sujets en profondeur.<\/li>\n<li>Cr\u00e9ez votre propre espace : Id\u00e9al pour les chats priv\u00e9s ou les discussions \u00e0 th\u00e8me.<\/li>\n<li>Exprimez-vous : Utilisez des emojis et, lorsque c'est possible, des images pour rendre les chats plus attrayants.<\/li>\n<li>Mod\u00e9rez votre exp\u00e9rience : Utilisez les outils de blocage et de signalement si n\u00e9cessaire.<\/li>\n<li>Passez d'un appareil \u00e0 l'autre : Profitez d'une exp\u00e9rience transparente sur mobile ou sur ordinateur.<\/li>\n<li>Restez anonyme : prot\u00e9gez votre vie priv\u00e9e et ne communiquez jamais d'informations sensibles.<\/li>\n<\/ul>\n<h2>R\u00e9solution des probl\u00e8mes courants li\u00e9s \u00e0 ChitChat<\/h2>\n<h3>Impossible de se connecter ou le chat ne se charge pas<\/h3>\n<p>V\u00e9rifiez votre connexion internet, actualisez votre navigateur ou essayez un autre appareil.<\/p>\n<h3>Le partage d'images ne fonctionne pas<\/h3>\n<p>V\u00e9rifiez les limites de taille et de type de fichier ; le partage d'images peut \u00eatre limit\u00e9 dans les chats al\u00e9atoires pour des raisons de s\u00e9curit\u00e9.<\/p>\n<h3>Rencontrer des trolls ou des spams<\/h3>\n<p>Bloquez ou signalez l'utilisateur - les mod\u00e9rateurs agissent rapidement pour \u00e9liminer les contrevenants.<\/p>\n<h3>L'histoire perdue du chat<\/h3>\n<p>De par leur conception, les chats ne sont pas stock\u00e9s pour des raisons de confidentialit\u00e9. Sauvegardez toute information importante avant de quitter la salle.<\/p>\n<h3>Peu d'utilisateurs en ligne<\/h3>\n<p>Essayez diff\u00e9rentes salles de groupe ou diff\u00e9rents moments de la journ\u00e9e. Cr\u00e9ez votre propre espace et invitez vos amis \u00e0 participer \u00e0 une discussion priv\u00e9e.<\/p>\n<p>Absolument, en particulier pour tous ceux qui recherchent une exp\u00e9rience de chat rapide, priv\u00e9e et anonyme sans le bagage de l'enregistrement, du suivi ou des publicit\u00e9s intrusives. ChitChat est le m\u00e9lange moderne parfait entre le plaisir du chat classique et les meilleures fonctions de confidentialit\u00e9 d'aujourd'hui.<\/p>\n<p>Que vous souhaitiez discuter en t\u00eate-\u00e0-t\u00eate, rejoindre un groupe de discussion ou cr\u00e9er votre propre communaut\u00e9 de chat, ChitChat offre une plateforme s\u00e9curis\u00e9e et accueillante pour des conversations en ligne authentiques, \u00e0 tout moment, en tout lieu et avec n'importe qui.<\/p>\n<p>Pr\u00eat \u00e0 commencer \u00e0 chatter ? Visitez chitchat.com, choisissez votre pseudo et votre mode, et lancez-vous dans votre prochaine conversation d\u00e8s maintenant.<\/p>","protected":false},"excerpt":{"rendered":"<p>As the online world becomes increasingly crowded with social networks and app-driven platforms, many users are searching for something more authentic and simple\u2014a place to talk, make friends, and share ideas without algorithms, profiles, or invasive data collection. ChitChat has emerged as a leading destination for free, anonymous, browser-based chat, offering the perfect blend of [&hellip;]<\/p>\n","protected":false},"author":6,"featured_media":0,"parent":0,"menu_order":0,"comment_status":"closed","ping_status":"closed","template":"","meta":{"footnotes":""},"class_list":["post-12463","page","type-page","status-publish","hentry"],"yoast_head":"<!-- This site is optimized with the Yoast SEO plugin v27.5 - https:\/\/yoast.com\/product\/yoast-seo-wordpress\/ -->\n<title>ChitChat - Talk to Strangers Online - TinyChat.com<\/title>\n<meta name=\"description\" content=\"Enjoying ChitChat? Join over 50,000,000 strangers on TinyChat! Turn on your cam and start meeting new people, or find a match.\" \/>\n<meta name=\"robots\" content=\"index, follow, max-snippet:-1, max-image-preview:large, max-video-preview:-1\" \/>\n<link rel=\"canonical\" href=\"https:\/\/tinychat.com\/fr\/chitchat\/\" \/>\n<meta property=\"og:locale\" content=\"fr_FR\" \/>\n<meta property=\"og:type\" content=\"article\" \/>\n<meta property=\"og:title\" content=\"ChitChat - Talk to Strangers Online - TinyChat.com\" \/>\n<meta property=\"og:description\" content=\"Enjoying ChitChat? Join over 50,000,000 strangers on TinyChat! Turn on your cam and start meeting new people, or find a match.\" \/>\n<meta property=\"og:url\" content=\"https:\/\/tinychat.com\/fr\/chitchat\/\" \/>\n<meta property=\"og:site_name\" content=\"TinyChat\" \/>\n<meta property=\"article:publisher\" content=\"https:\/\/www.facebook.com\/tinychat\" \/>\n<meta property=\"article:modified_time\" content=\"2025-08-04T09:49:51+00:00\" \/>\n<meta property=\"og:image\" content=\"https:\/\/tinychat.com\/wp-content\/uploads\/2020\/04\/Tinychat-logo-1280x284-new-black.png\" \/>\n\t<meta property=\"og:image:width\" content=\"1280\" \/>\n\t<meta property=\"og:image:height\" content=\"284\" \/>\n\t<meta property=\"og:image:type\" content=\"image\/png\" \/>\n<meta name=\"twitter:card\" content=\"summary_large_image\" \/>\n<meta name=\"twitter:site\" content=\"@tinychat\" \/>\n<meta name=\"twitter:label1\" content=\"Dur\u00e9e de lecture estim\u00e9e\" \/>\n\t<meta name=\"twitter:data1\" content=\"7 minutes\" \/>\n<script type=\"application\/ld+json\" class=\"yoast-schema-graph\">{\"@context\":\"https:\\\/\\\/schema.org\",\"@graph\":[{\"@type\":\"WebPage\",\"@id\":\"https:\\\/\\\/tinychat.com\\\/chitchat\\\/\",\"url\":\"https:\\\/\\\/tinychat.com\\\/chitchat\\\/\",\"name\":\"ChitChat - Talk to Strangers Online - TinyChat.com\",\"isPartOf\":{\"@id\":\"https:\\\/\\\/tinychat.com\\\/#website\"},\"datePublished\":\"2025-08-04T09:13:51+00:00\",\"dateModified\":\"2025-08-04T09:49:51+00:00\",\"description\":\"Enjoying ChitChat? Join over 50,000,000 strangers on TinyChat! Turn on your cam and start meeting new people, or find a match.\",\"breadcrumb\":{\"@id\":\"https:\\\/\\\/tinychat.com\\\/chitchat\\\/#breadcrumb\"},\"inLanguage\":\"fr-FR\",\"potentialAction\":[{\"@type\":\"ReadAction\",\"target\":[\"https:\\\/\\\/tinychat.com\\\/chitchat\\\/\"]}]},{\"@type\":\"BreadcrumbList\",\"@id\":\"https:\\\/\\\/tinychat.com\\\/chitchat\\\/#breadcrumb\",\"itemListElement\":[{\"@type\":\"ListItem\",\"position\":1,\"name\":\"Home\",\"item\":\"https:\\\/\\\/tinychat.com\\\/\"},{\"@type\":\"ListItem\",\"position\":2,\"name\":\"ChitChat\"}]},{\"@type\":\"WebSite\",\"@id\":\"https:\\\/\\\/tinychat.com\\\/#website\",\"url\":\"https:\\\/\\\/tinychat.com\\\/\",\"name\":\"TinyChat\",\"description\":\"Random Video Chat with Strangers\",\"publisher\":{\"@id\":\"https:\\\/\\\/tinychat.com\\\/#organization\"},\"alternateName\":\"TinyChat.com\",\"potentialAction\":[{\"@type\":\"SearchAction\",\"target\":{\"@type\":\"EntryPoint\",\"urlTemplate\":\"https:\\\/\\\/tinychat.com\\\/?s={search_term_string}\"},\"query-input\":{\"@type\":\"PropertyValueSpecification\",\"valueRequired\":true,\"valueName\":\"search_term_string\"}}],\"inLanguage\":\"fr-FR\"},{\"@type\":\"Organization\",\"@id\":\"https:\\\/\\\/tinychat.com\\\/#organization\",\"name\":\"TinyChat\",\"alternateName\":\"TinyChat.com\",\"url\":\"https:\\\/\\\/tinychat.com\\\/\",\"logo\":{\"@type\":\"ImageObject\",\"inLanguage\":\"fr-FR\",\"@id\":\"https:\\\/\\\/tinychat.com\\\/#\\\/schema\\\/logo\\\/image\\\/\",\"url\":\"https:\\\/\\\/tinychat.com\\\/wp-content\\\/uploads\\\/2023\\\/11\\\/Tinychat-icon-square.png\",\"contentUrl\":\"https:\\\/\\\/tinychat.com\\\/wp-content\\\/uploads\\\/2023\\\/11\\\/Tinychat-icon-square.png\",\"width\":284,\"height\":284,\"caption\":\"TinyChat\"},\"image\":{\"@id\":\"https:\\\/\\\/tinychat.com\\\/#\\\/schema\\\/logo\\\/image\\\/\"},\"sameAs\":[\"https:\\\/\\\/www.facebook.com\\\/tinychat\",\"https:\\\/\\\/x.com\\\/tinychat\"]}]}<\/script>\n<!-- \/ Yoast SEO plugin. -->","yoast_head_json":{"title":"ChitChat - Parler \u00e0 des inconnus en ligne - TinyChat.com","description":"Vous aimez ChitChat ? Rejoignez plus de 50 000 000 d'inconnus sur TinyChat ! Allumez votre cam\u00e9ra et commencez \u00e0 rencontrer de nouvelles personnes, ou trouvez un partenaire.","robots":{"index":"index","follow":"follow","max-snippet":"max-snippet:-1","max-image-preview":"max-image-preview:large","max-video-preview":"max-video-preview:-1"},"canonical":"https:\/\/tinychat.com\/fr\/chitchat\/","og_locale":"fr_FR","og_type":"article","og_title":"ChitChat - Talk to Strangers Online - TinyChat.com","og_description":"Enjoying ChitChat? Join over 50,000,000 strangers on TinyChat! Turn on your cam and start meeting new people, or find a match.","og_url":"https:\/\/tinychat.com\/fr\/chitchat\/","og_site_name":"TinyChat","article_publisher":"https:\/\/www.facebook.com\/tinychat","article_modified_time":"2025-08-04T09:49:51+00:00","og_image":[{"width":1280,"height":284,"url":"https:\/\/tinychat.com\/wp-content\/uploads\/2020\/04\/Tinychat-logo-1280x284-new-black.png","type":"image\/png"}],"twitter_card":"summary_large_image","twitter_site":"@tinychat","twitter_misc":{"Dur\u00e9e de lecture estim\u00e9e":"7 minutes"},"schema":{"@context":"https:\/\/schema.org","@graph":[{"@type":"WebPage","@id":"https:\/\/tinychat.com\/chitchat\/","url":"https:\/\/tinychat.com\/chitchat\/","name":"ChitChat - Parler \u00e0 des inconnus en ligne - TinyChat.com","isPartOf":{"@id":"https:\/\/tinychat.com\/#website"},"datePublished":"2025-08-04T09:13:51+00:00","dateModified":"2025-08-04T09:49:51+00:00","description":"Vous aimez ChitChat ? Rejoignez plus de 50 000 000 d'inconnus sur TinyChat ! Allumez votre cam\u00e9ra et commencez \u00e0 rencontrer de nouvelles personnes, ou trouvez un partenaire.","breadcrumb":{"@id":"https:\/\/tinychat.com\/chitchat\/#breadcrumb"},"inLanguage":"fr-FR","potentialAction":[{"@type":"ReadAction","target":["https:\/\/tinychat.com\/chitchat\/"]}]},{"@type":"BreadcrumbList","@id":"https:\/\/tinychat.com\/chitchat\/#breadcrumb","itemListElement":[{"@type":"ListItem","position":1,"name":"Home","item":"https:\/\/tinychat.com\/"},{"@type":"ListItem","position":2,"name":"ChitChat"}]},{"@type":"WebSite","@id":"https:\/\/tinychat.com\/#website","url":"https:\/\/tinychat.com\/","name":"TinyChat","description":"Chat vid\u00e9o al\u00e9atoire avec des inconnus","publisher":{"@id":"https:\/\/tinychat.com\/#organization"},"alternateName":"TinyChat.com","potentialAction":[{"@type":"SearchAction","target":{"@type":"EntryPoint","urlTemplate":"https:\/\/tinychat.com\/?s={search_term_string}"},"query-input":{"@type":"PropertyValueSpecification","valueRequired":true,"valueName":"search_term_string"}}],"inLanguage":"fr-FR"},{"@type":"Organization","@id":"https:\/\/tinychat.com\/#organization","name":"TinyChat","alternateName":"TinyChat.com","url":"https:\/\/tinychat.com\/","logo":{"@type":"ImageObject","inLanguage":"fr-FR","@id":"https:\/\/tinychat.com\/#\/schema\/logo\/image\/","url":"https:\/\/tinychat.com\/wp-content\/uploads\/2023\/11\/Tinychat-icon-square.png","contentUrl":"https:\/\/tinychat.com\/wp-content\/uploads\/2023\/11\/Tinychat-icon-square.png","width":284,"height":284,"caption":"TinyChat"},"image":{"@id":"https:\/\/tinychat.com\/#\/schema\/logo\/image\/"},"sameAs":["https:\/\/www.facebook.com\/tinychat","https:\/\/x.com\/tinychat"]}]}},"_links":{"self":[{"href":"https:\/\/tinychat.com\/fr\/wp-json\/wp\/v2\/pages\/12463","targetHints":{"allow":["GET"]}}],"collection":[{"href":"https:\/\/tinychat.com\/fr\/wp-json\/wp\/v2\/pages"}],"about":[{"href":"https:\/\/tinychat.com\/fr\/wp-json\/wp\/v2\/types\/page"}],"author":[{"embeddable":true,"href":"https:\/\/tinychat.com\/fr\/wp-json\/wp\/v2\/users\/6"}],"replies":[{"embeddable":true,"href":"https:\/\/tinychat.com\/fr\/wp-json\/wp\/v2\/comments?post=12463"}],"version-history":[{"count":4,"href":"https:\/\/tinychat.com\/fr\/wp-json\/wp\/v2\/pages\/12463\/revisions"}],"predecessor-version":[{"id":13379,"href":"https:\/\/tinychat.com\/fr\/wp-json\/wp\/v2\/pages\/12463\/revisions\/13379"}],"wp:attachment":[{"href":"https:\/\/tinychat.com\/fr\/wp-json\/wp\/v2\/media?parent=12463"}],"curies":[{"name":"wp","href":"https:\/\/api.w.org\/{rel}","templated":true}]}}