{"id":12587,"date":"2025-12-02T08:51:12","date_gmt":"2025-12-02T06:51:12","guid":{"rendered":"https:\/\/tinychat.com\/?page_id=12587"},"modified":"2025-12-02T10:51:13","modified_gmt":"2025-12-02T08:51:13","slug":"rabbit-video-chat","status":"publish","type":"page","link":"https:\/\/tinychat.com\/fr\/rabbit-video-chat\/","title":{"rendered":"Chat vid\u00e9o sur les lapins"},"content":{"rendered":"<p>\u00c0 l'\u00e8re d'Internet, o\u00f9 les profils soigneusement s\u00e9lectionn\u00e9s, les vid\u00e9os promotionnelles et le d\u00e9filement sans fin sont monnaie courante, Rabbit Video Chat offre quelque chose de rafra\u00eechissant et diff\u00e9rent : un moyen direct et en temps r\u00e9el de rencontrer des inconnus face \u00e0 face. Pas d'algorithmes, pas d'inscription, pas de fonctionnalit\u00e9s compliqu\u00e9es, juste une connexion spontan\u00e9e avec des personnes du monde entier.<\/p>\n<p>Que vous recherchiez une conversation rapide, un divertissement d\u00e9contract\u00e9 ou une nouvelle perspective provenant d'une personne totalement inattendue, Rabbit Video Chat offre une exp\u00e9rience rapide, simple et captivante, con\u00e7ue pour tous ceux qui aiment le frisson des rencontres al\u00e9atoires en ligne.<\/p>\n<p>Cette analyse approfondie explore ce qu'est Rabbit Video Chat, son fonctionnement, ses principales fonctionnalit\u00e9s, l'exp\u00e9rience utilisateur, la s\u00e9curit\u00e9, les comparaisons, le d\u00e9pannage et les conseils pour profiter pleinement de chaque session de chat.<\/p>\n<h2>Qu'est-ce que Rabbit Video Chat ?<\/h2>\n<p>Rabbit Video Chat est une plateforme de chat vid\u00e9o al\u00e9atoire en t\u00eate-\u00e0-t\u00eate qui vous met instantan\u00e9ment en relation avec des inconnus via webcam. Tout comme Omegle, Chatroulette ou des plateformes plus r\u00e9centes telles que Umingle et Randomskip, Rabbit Video Chat met l'accent sur la rapidit\u00e9 de mise en relation, la simplicit\u00e9 de configuration et les interactions humaines authentiques.<\/p>\n<p>Vous n'avez pas besoin d'un compte, d'une application ou d'un profil personnel : tout fonctionne directement depuis votre navigateur.<\/p>\n<p>Rabbit Video Chat s\u00e9duit les utilisateurs qui souhaitent :<\/p>\n<ul>\n<li>Conversations vid\u00e9o en direct et spontan\u00e9es<\/li>\n<li>Une pause loin des r\u00e9seaux sociaux et des identit\u00e9s soigneusement construites<\/li>\n<li>Acc\u00e8s instantan\u00e9 sans connexion<\/li>\n<li>Un environnement anonyme et sans pression<\/li>\n<li>Une fa\u00e7on amusante de rencontrer de nouvelles personnes \u00e0 l'international<\/li>\n<\/ul>\n<p>Sa simplicit\u00e9 en fait l'un des services de chat vid\u00e9o al\u00e9atoire les plus faciles \u00e0 utiliser, que vous souhaitiez explorer des conversations internationales ou simplement passer le temps.<\/p>\n<h2>Principales fonctionnalit\u00e9s de Rabbit Video Chat<\/h2>\n<p>Rabbit Video Chat privil\u00e9gie la simplicit\u00e9 tout en offrant tous les outils indispensables pour une exp\u00e9rience de chat fluide. Voici les fonctionnalit\u00e9s phares de la plateforme :<\/p>\n<h3>1. Chat vid\u00e9o al\u00e9atoire en t\u00eate-\u00e0-t\u00eate<\/h3>\n<ul>\n<li>Entrez instantan\u00e9ment en contact avec un inconnu via une webcam en direct<\/li>\n<li>Performances fluides avec une faible latence<\/li>\n<li>Fonctionne sans inscription<\/li>\n<\/ul>\n<p>C'est l'essence m\u00eame de Rabbit Video Chat : des conversations spontan\u00e9es et authentiques.<\/p>\n<h3>2. Bouton de saut instantan\u00e9<\/h3>\n<ul>\n<li>Passez \u00e0 une nouvelle conversation \u00e0 tout moment<\/li>\n<li>Garantit une exp\u00e9rience rapide et dynamique<\/li>\n<li>Encourage l'exploration et la diversit\u00e9<\/li>\n<\/ul>\n<h3>3. Support de chat textuel<\/h3>\n<ul>\n<li>Tapez des messages \u00e0 c\u00f4t\u00e9 ou \u00e0 la place de la vid\u00e9o<\/li>\n<li>Utile pour les utilisateurs qui pr\u00e9f\u00e8rent taper au clavier<\/li>\n<li>Aide \u00e0 briser la glace lors de nouvelles interactions<\/li>\n<\/ul>\n<h3>4. Aucune inscription n'est requise<\/h3>\n<ul>\n<li>Commencez \u00e0 discuter imm\u00e9diatement<\/li>\n<li>Aucun e-mail, num\u00e9ro de t\u00e9l\u00e9phone ou profil requis<\/li>\n<li>Confidentialit\u00e9 et anonymat renforc\u00e9s<\/li>\n<\/ul>\n<h3>5. Exp\u00e9rience adapt\u00e9e aux appareils mobiles<\/h3>\n<ul>\n<li>Fonctionne bien sur les smartphones et les tablettes<\/li>\n<li>La mise en page r\u00e9active s'adapte \u00e0 votre \u00e9cran<\/li>\n<li>Id\u00e9al pour discuter lors de vos d\u00e9placements<\/li>\n<\/ul>\n<h3>6. Correspondance globale<\/h3>\n<ul>\n<li>Rencontrez des personnes venues de nombreux pays diff\u00e9rents<\/li>\n<li>Id\u00e9al pour pratiquer les langues et favoriser les \u00e9changes culturels<\/li>\n<li>Un groupe d'utilisateurs diversifi\u00e9 et en constante \u00e9volution<\/li>\n<\/ul>\n<h3>7. Libre d'utilisation<\/h3>\n<ul>\n<li>Pas de frais cach\u00e9s ni de fonctionnalit\u00e9s premium<\/li>\n<li>Discussions et sauts illimit\u00e9s<\/li>\n<\/ul>\n<h3>8. Interface propre et moderne<\/h3>\n<ul>\n<li>Encombrement minimal pour une navigation facile<\/li>\n<li>Conception intuitive id\u00e9ale pour les nouveaux utilisateurs<\/li>\n<\/ul>\n<h2>Comment utiliser Rabbit Video Chat<\/h2>\n<p>Rabbit Video Chat est con\u00e7u pour \u00eatre aussi simple que possible, permettant m\u00eame aux nouveaux utilisateurs de se connecter instantan\u00e9ment.<\/p>\n<h3>\u00c9tape 1 : Visiter le site web<\/h3>\n<p>Ouvrez Rabbit Video Chat directement dans votre navigateur (ordinateur de bureau ou mobile).<\/p>\n<h3>\u00c9tape 2 : Autoriser l'acc\u00e8s \u00e0 la cam\u00e9ra et au microphone<\/h3>\n<p>Accordez l'autorisation afin que la plateforme puisse activer la vid\u00e9o et l'audio.<\/p>\n<h3>\u00c9tape 3 : Cliquez sur \u201cD\u00e9marrer\u201d<\/h3>\n<p>Vous serez imm\u00e9diatement mis en relation avec un inconnu choisi au hasard.<\/p>\n<h3>\u00c9tape 4 : Discutez, connectez-vous ou passez \u00e0 l'\u00e9tape suivante<\/h3>\n<p>Vous pouvez :<\/p>\n<ul>\n<li>Poursuivre la conversation<\/li>\n<li>Tapez au lieu de parler<\/li>\n<li>Cliquez sur \u201c Suivant \u201d pour rencontrer quelqu'un de nouveau.<\/li>\n<\/ul>\n<h3>\u00c9tape 5 : R\u00e9p\u00e9tez autant de fois que souhait\u00e9<\/h3>\n<p>Il n'y a aucune limite quant au nombre d'utilisateurs que vous pouvez rencontrer \u2014 explorez librement !<\/p>\n<p>C'est tout ce qu'il faut. Pas d'\u00e9cran d'inscription, pas de longues listes d'instructions.<\/p>\n<h2>Exp\u00e9rience utilisateur sur Rabbit Video Chat<\/h2>\n<p>Rabbit Video Chat est con\u00e7u pour offrir un acc\u00e8s rapide, une friction minimale et une interaction spontan\u00e9e. La plateforme s\u00e9duit les utilisateurs qui aiment discuter sans barri\u00e8res ni fonctionnalit\u00e9s compliqu\u00e9es.<\/p>\n<h3>Ce que les utilisateurs aiment<\/h3>\n<ul>\n<li>Aucun compte requis \u2014 acc\u00e8s instantan\u00e9<\/li>\n<li>Facile \u00e0 utiliser sur mobile ou ordinateur de bureau<\/li>\n<li>Connexions rapides avec des temps de chargement r\u00e9duits<\/li>\n<li>Une fa\u00e7on amusante et sans filtre de rencontrer des inconnus du monde entier<\/li>\n<li>Gratuit et anonyme<\/li>\n<\/ul>\n<h3>Les points \u00e0 am\u00e9liorer selon les utilisateurs<\/h3>\n<ul>\n<li>Aucun filtre par sexe ou par pays<\/li>\n<li>Pas d'option pour se reconnecter aux discussions pr\u00e9c\u00e9dentes<\/li>\n<li>Utilisateurs occasionnels de spam selon le moment<\/li>\n<li>L'activit\u00e9 maximale varie selon les r\u00e9gions.<\/li>\n<\/ul>\n<p>Malgr\u00e9 ces limites, Rabbit Video Chat reste populaire gr\u00e2ce \u00e0 son design \u00e9pur\u00e9, ses performances stables et son engagement en faveur de la simplicit\u00e9.<\/p>\n<h2>Rabbit Video Chat vs. autres plateformes de chat al\u00e9atoire<\/h2>\n<p>Voici comment Rabbit Video Chat se compare \u00e0 ses principaux concurrents :<\/p>\n<table>\n<thead>\n<tr>\n<th>Fonctionnalit\u00e9<\/th>\n<th>Chat vid\u00e9o sur les lapins<\/th>\n<th>Omegle<\/th>\n<th>Chatroulette<\/th>\n<th>Umingle<\/th>\n<th>Randomskip<\/th>\n<th>Chathub<\/th>\n<\/tr>\n<\/thead>\n<tbody>\n<tr>\n<td>Chat vid\u00e9o<\/td>\n<td>\u2705 Oui<\/td>\n<td>\u2705 Oui<\/td>\n<td>\u2705 Oui<\/td>\n<td>\u2705 Oui<\/td>\n<td>\u2705 Oui<\/td>\n<td>\u2705 Oui<\/td>\n<\/tr>\n<tr>\n<td>Chat textuel<\/td>\n<td>\u2705 Oui<\/td>\n<td>\u2705 Oui<\/td>\n<td>Limit\u00e9e<\/td>\n<td>\u2705 Oui<\/td>\n<td>\u274c Minimal<\/td>\n<td>\u2705 Oui<\/td>\n<\/tr>\n<tr>\n<td>Inscription obligatoire<\/td>\n<td>\u274c Non<\/td>\n<td>\u274c Non<\/td>\n<td>\u274c Non<\/td>\n<td>\u274c Non<\/td>\n<td>\u274c Non<\/td>\n<td>En option<\/td>\n<\/tr>\n<tr>\n<td>Filtres par sexe \/ pays<\/td>\n<td>\u274c Non<\/td>\n<td>\u274c Non<\/td>\n<td>Limit\u00e9e<\/td>\n<td>\u274c Non<\/td>\n<td>\u274c Non<\/td>\n<td>Oui<\/td>\n<\/tr>\n<tr>\n<td>Anonymat<\/td>\n<td>Fort<\/td>\n<td>Fort<\/td>\n<td>Mod\u00e9r\u00e9<\/td>\n<td>Fort<\/td>\n<td>Fort<\/td>\n<td>Mod\u00e9r\u00e9<\/td>\n<\/tr>\n<tr>\n<td>Adapt\u00e9e aux mobiles<\/td>\n<td>Oui<\/td>\n<td>Oui<\/td>\n<td>Oui<\/td>\n<td>Oui<\/td>\n<td>Oui<\/td>\n<td>Oui<\/td>\n<\/tr>\n<tr>\n<td>Acc\u00e8s gratuit<\/td>\n<td>Oui<\/td>\n<td>Oui<\/td>\n<td>Oui<\/td>\n<td>Oui<\/td>\n<td>Oui<\/td>\n<td>Oui<\/td>\n<\/tr>\n<\/tbody>\n<\/table>\n<p>R\u00e9sum\u00e9 :<br \/>\nRabbit Video Chat convient particuli\u00e8rement aux utilisateurs qui pr\u00e9f\u00e8rent une exp\u00e9rience de chat vid\u00e9o \u00e9pur\u00e9e, simple et anonyme, sans filtres ni fonctionnalit\u00e9s complexes.<\/p>\n<h2>S\u00e9curit\u00e9 et confidentialit\u00e9 sur Rabbit Video Chat<\/h2>\n<p>Les conversations vid\u00e9o al\u00e9atoires exigent toujours une certaine vigilance et un comportement intelligent en ligne. Rabbit Video Chat vous aide en privil\u00e9giant l'anonymat (vous n'avez jamais besoin de partager d'informations personnelles), mais les utilisateurs doivent tout de m\u00eame rester prudents.<\/p>\n<h3>Dispositifs de s\u00e9curit\u00e9 int\u00e9gr\u00e9s<\/h3>\n<ul>\n<li>Aucune inscription signifie aucune donn\u00e9e personnelle enregistr\u00e9e.<\/li>\n<li>Discussions temporaires qui disparaissent une fois termin\u00e9es<\/li>\n<li>Bouton \u00ab Passer \u00bb pour quitter instantan\u00e9ment<\/li>\n<li>Mod\u00e9ration de base contre les comportements abusifs<\/li>\n<\/ul>\n<h3>Conseils pour rester en s\u00e9curit\u00e9<\/h3>\n<ul>\n<li>Ne communiquez jamais vos informations personnelles (nom, adresse, num\u00e9ro de t\u00e9l\u00e9phone).<\/li>\n<li>\u00c9vitez de montrer des environnements identifiables.<\/li>\n<li>Ne cliquez pas sur les liens envoy\u00e9s par des inconnus.<\/li>\n<li>Mettez fin aux conversations qui vous mettent mal \u00e0 l'aise ou vous semblent suspectes.<\/li>\n<li>Les parents doivent surveiller les mineurs.<\/li>\n<li>Envisager l'utilisation d'un r\u00e9seau priv\u00e9 virtuel (VPN) pour plus de confidentialit\u00e9<\/li>\n<\/ul>\n<p>Une utilisation responsable garantit une exp\u00e9rience plus s\u00fbre et plus agr\u00e9able.<\/p>\n<h2>Conseils pour tirer le meilleur parti du chat vid\u00e9o Rabbit<\/h2>\n<p>Voici quelques bonnes pratiques pour am\u00e9liorer votre exp\u00e9rience :<\/p>\n<ul>\n<li>Essayez de discuter aux heures de pointe pour trouver des utilisateurs plus actifs.<\/li>\n<li>Utilisez des \u00e9couteurs pour une meilleure qualit\u00e9 audio.<\/li>\n<li>Un bon \u00e9clairage am\u00e9liore votre apparence \u00e0 l'\u00e9cran.<\/li>\n<li>Commencez par des salutations simples et amicales.<\/li>\n<li>Ne r\u00e9fl\u00e9chissez pas trop aux conversations, soyez spontan\u00e9.<\/li>\n<li>Utilisez librement le bouton \u00ab Passer \u00bb lorsque les discussions ne correspondent pas \u00e0 votre humeur.<\/li>\n<\/ul>\n<p>De petits ajustements peuvent consid\u00e9rablement am\u00e9liorer vos interactions et votre plaisir g\u00e9n\u00e9ral.<\/p>\n<h2>Probl\u00e8mes courants et d\u00e9pannage<\/h2>\n<p>Voici les probl\u00e8mes courants et leurs solutions :<\/p>\n<h3>Probl\u00e8me : la cam\u00e9ra\/le microphone ne fonctionne pas<\/h3>\n<p>Solutions :<\/p>\n<ul>\n<li>V\u00e9rifiez les autorisations du navigateur<\/li>\n<li>Assurez-vous qu'aucune autre application n'utilise votre webcam.<\/li>\n<li>Actualisez la page ou red\u00e9marrez votre navigateur.<\/li>\n<\/ul>\n<h3>Probl\u00e8me : vid\u00e9o lente ou saccad\u00e9e<\/h3>\n<p>Solutions :<\/p>\n<ul>\n<li>Utilisez une connexion Wi-Fi stable.<\/li>\n<li>Fermez les onglets suppl\u00e9mentaires et les programmes en arri\u00e8re-plan.<\/li>\n<li>Essayez de changer de navigateur (Chrome et Edge offrent souvent les meilleures performances).<\/li>\n<\/ul>\n<h3>Probl\u00e8me : Peu d'utilisateurs en ligne<\/h3>\n<p>Solutions :<\/p>\n<ul>\n<li>Essayez diff\u00e9rents fuseaux horaires<\/li>\n<li>Discutez le soir ou le week-end pour une activit\u00e9 plus intense.<\/li>\n<\/ul>\n<h3>Probl\u00e8me : comportement inappropri\u00e9<\/h3>\n<p>Solutions :<\/p>\n<ul>\n<li>Passer instantan\u00e9ment<\/li>\n<li>Utilisez les outils de reporting si disponibles.<\/li>\n<\/ul>\n<h2>Pourquoi les gens choisissent Rabbit Video Chat<\/h2>\n<p>Rabbit Video Chat est populaire car il offre l'essence m\u00eame du chat vid\u00e9o al\u00e9atoire sans complexit\u00e9 inutile.<\/p>\n<p>Les utilisateurs le choisissent pour :<\/p>\n<ul>\n<li>Acc\u00e8s instantan\u00e9, sans connexion<\/li>\n<li>Appariement purement al\u00e9atoire<\/li>\n<li>Design simple et moderne<\/li>\n<li>Anonymat fort<\/li>\n<li>Compatibilit\u00e9 mobile<\/li>\n<li>Chat mondial rapide et gratuit<\/li>\n<\/ul>\n<p>Pour ceux qui appr\u00e9cient les connexions rapides et une exp\u00e9rience en ligne impr\u00e9visible, Rabbit Video Chat est la solution id\u00e9ale.<\/p>\n<h2>Conclusion : Rabbit Video Chat vaut-il la peine d'\u00eatre utilis\u00e9 ?<\/h2>\n<p>Si vous recherchez une plateforme de chat vid\u00e9o al\u00e9atoire gratuite, rapide et anonyme, Rabbit Video Chat vaut vraiment le coup. Elle est simple, intuitive et con\u00e7ue pour les personnes qui aiment rencontrer des inconnus en temps r\u00e9el sans la pression des profils ou des inscriptions.<\/p>\n<p>Que vous soyez :<\/p>\n<ul>\n<li>Tuer le temps<\/li>\n<li>Rencontrer des personnes issues d'autres cultures<\/li>\n<li>\u00c0 la recherche de conversations spontan\u00e9es<\/li>\n<li>Appr\u00e9cier les interactions sociales informelles<\/li>\n<\/ul>\n<p>Rabbit Video Chat offre un moyen simple, accessible et attrayant de se connecter avec le monde entier.<\/p>\n<p>Rabbit Video Chat est un site de chat vid\u00e9o al\u00e9atoire moderne et \u00e9pur\u00e9 qui met l'accent sur la simplicit\u00e9, la confidentialit\u00e9 et les connexions instantan\u00e9es \u00e0 l'\u00e9chelle mondiale. Il est parfait pour les utilisateurs qui souhaitent avoir de vraies conversations sans les complications li\u00e9es aux comptes, aux filtres ou aux abonnements.<\/p>\n<p>Pr\u00eat \u00e0 essayer ? Ouvrez Rabbit Video Chat, cliquez sur \u201c D\u00e9marrer \u201d et d\u00e9couvrez qui vous attend de l'autre c\u00f4t\u00e9.<\/p>","protected":false},"excerpt":{"rendered":"<p>In an internet era filled with curated profiles, highlight reels, and endless scrolling, Rabbit Video Chat offers something refreshingly different: a direct, real-time way to meet strangers face-to-face. No algorithms, no sign-ups, and no complicated features \u2014 just spontaneous connection with people around the world. Whether you&#8217;re looking for quick conversation, casual fun, or a [&hellip;]<\/p>\n","protected":false},"author":6,"featured_media":0,"parent":0,"menu_order":0,"comment_status":"closed","ping_status":"closed","template":"","meta":{"footnotes":""},"class_list":["post-12587","page","type-page","status-publish","hentry"],"yoast_head":"<!-- This site is optimized with the Yoast SEO plugin v27.4 - https:\/\/yoast.com\/product\/yoast-seo-wordpress\/ -->\n<title>Rabbit Video Chat - Live Video Chat with Girls - TinyChat.com<\/title>\n<meta name=\"description\" content=\"Enjoying Rabbit Video Chat? Join over 50,000,000 strangers on TinyChat! Turn on your cam and start meeting new people, or find a match.\" \/>\n<meta name=\"robots\" content=\"index, follow, max-snippet:-1, max-image-preview:large, max-video-preview:-1\" \/>\n<link rel=\"canonical\" href=\"https:\/\/tinychat.com\/fr\/rabbit-video-chat\/\" \/>\n<meta property=\"og:locale\" content=\"fr_FR\" \/>\n<meta property=\"og:type\" content=\"article\" \/>\n<meta property=\"og:title\" content=\"Rabbit Video Chat - Live Video Chat with Girls - TinyChat.com\" \/>\n<meta property=\"og:description\" content=\"Enjoying Rabbit Video Chat? Join over 50,000,000 strangers on TinyChat! Turn on your cam and start meeting new people, or find a match.\" \/>\n<meta property=\"og:url\" content=\"https:\/\/tinychat.com\/fr\/rabbit-video-chat\/\" \/>\n<meta property=\"og:site_name\" content=\"TinyChat\" \/>\n<meta property=\"article:publisher\" content=\"https:\/\/www.facebook.com\/tinychat\" \/>\n<meta property=\"article:modified_time\" content=\"2025-12-02T08:51:13+00:00\" \/>\n<meta property=\"og:image\" content=\"https:\/\/tinychat.com\/wp-content\/uploads\/2020\/04\/Tinychat-logo-1280x284-new-black.png\" \/>\n\t<meta property=\"og:image:width\" content=\"1280\" \/>\n\t<meta property=\"og:image:height\" content=\"284\" \/>\n\t<meta property=\"og:image:type\" content=\"image\/png\" \/>\n<meta name=\"twitter:card\" content=\"summary_large_image\" \/>\n<meta name=\"twitter:site\" content=\"@tinychat\" \/>\n<meta name=\"twitter:label1\" content=\"Dur\u00e9e de lecture estim\u00e9e\" \/>\n\t<meta name=\"twitter:data1\" content=\"6 minutes\" \/>\n<script type=\"application\/ld+json\" class=\"yoast-schema-graph\">{\"@context\":\"https:\\\/\\\/schema.org\",\"@graph\":[{\"@type\":\"WebPage\",\"@id\":\"https:\\\/\\\/tinychat.com\\\/rabbit-video-chat\\\/\",\"url\":\"https:\\\/\\\/tinychat.com\\\/rabbit-video-chat\\\/\",\"name\":\"Rabbit Video Chat - Live Video Chat with Girls - TinyChat.com\",\"isPartOf\":{\"@id\":\"https:\\\/\\\/tinychat.com\\\/#website\"},\"datePublished\":\"2025-12-02T06:51:12+00:00\",\"dateModified\":\"2025-12-02T08:51:13+00:00\",\"description\":\"Enjoying Rabbit Video Chat? Join over 50,000,000 strangers on TinyChat! Turn on your cam and start meeting new people, or find a match.\",\"breadcrumb\":{\"@id\":\"https:\\\/\\\/tinychat.com\\\/rabbit-video-chat\\\/#breadcrumb\"},\"inLanguage\":\"fr-FR\",\"potentialAction\":[{\"@type\":\"ReadAction\",\"target\":[\"https:\\\/\\\/tinychat.com\\\/rabbit-video-chat\\\/\"]}]},{\"@type\":\"BreadcrumbList\",\"@id\":\"https:\\\/\\\/tinychat.com\\\/rabbit-video-chat\\\/#breadcrumb\",\"itemListElement\":[{\"@type\":\"ListItem\",\"position\":1,\"name\":\"Home\",\"item\":\"https:\\\/\\\/tinychat.com\\\/\"},{\"@type\":\"ListItem\",\"position\":2,\"name\":\"Rabbit Video Chat\"}]},{\"@type\":\"WebSite\",\"@id\":\"https:\\\/\\\/tinychat.com\\\/#website\",\"url\":\"https:\\\/\\\/tinychat.com\\\/\",\"name\":\"TinyChat\",\"description\":\"Random Video Chat with Strangers\",\"publisher\":{\"@id\":\"https:\\\/\\\/tinychat.com\\\/#organization\"},\"alternateName\":\"TinyChat.com\",\"potentialAction\":[{\"@type\":\"SearchAction\",\"target\":{\"@type\":\"EntryPoint\",\"urlTemplate\":\"https:\\\/\\\/tinychat.com\\\/?s={search_term_string}\"},\"query-input\":{\"@type\":\"PropertyValueSpecification\",\"valueRequired\":true,\"valueName\":\"search_term_string\"}}],\"inLanguage\":\"fr-FR\"},{\"@type\":\"Organization\",\"@id\":\"https:\\\/\\\/tinychat.com\\\/#organization\",\"name\":\"TinyChat\",\"alternateName\":\"TinyChat.com\",\"url\":\"https:\\\/\\\/tinychat.com\\\/\",\"logo\":{\"@type\":\"ImageObject\",\"inLanguage\":\"fr-FR\",\"@id\":\"https:\\\/\\\/tinychat.com\\\/#\\\/schema\\\/logo\\\/image\\\/\",\"url\":\"https:\\\/\\\/tinychat.com\\\/wp-content\\\/uploads\\\/2023\\\/11\\\/Tinychat-icon-square.png\",\"contentUrl\":\"https:\\\/\\\/tinychat.com\\\/wp-content\\\/uploads\\\/2023\\\/11\\\/Tinychat-icon-square.png\",\"width\":284,\"height\":284,\"caption\":\"TinyChat\"},\"image\":{\"@id\":\"https:\\\/\\\/tinychat.com\\\/#\\\/schema\\\/logo\\\/image\\\/\"},\"sameAs\":[\"https:\\\/\\\/www.facebook.com\\\/tinychat\",\"https:\\\/\\\/x.com\\\/tinychat\"]}]}<\/script>\n<!-- \/ Yoast SEO plugin. -->","yoast_head_json":{"title":"Rabbit Video Chat - Chat vid\u00e9o en direct avec des filles - TinyChat.com","description":"Vous aimez Rabbit Video Chat ? Rejoignez plus de 50 000 000 d'inconnus sur TinyChat ! Allumez votre webcam et commencez \u00e0 rencontrer de nouvelles personnes ou trouvez votre \u00e2me s\u0153ur.","robots":{"index":"index","follow":"follow","max-snippet":"max-snippet:-1","max-image-preview":"max-image-preview:large","max-video-preview":"max-video-preview:-1"},"canonical":"https:\/\/tinychat.com\/fr\/rabbit-video-chat\/","og_locale":"fr_FR","og_type":"article","og_title":"Rabbit Video Chat - Live Video Chat with Girls - TinyChat.com","og_description":"Enjoying Rabbit Video Chat? Join over 50,000,000 strangers on TinyChat! Turn on your cam and start meeting new people, or find a match.","og_url":"https:\/\/tinychat.com\/fr\/rabbit-video-chat\/","og_site_name":"TinyChat","article_publisher":"https:\/\/www.facebook.com\/tinychat","article_modified_time":"2025-12-02T08:51:13+00:00","og_image":[{"width":1280,"height":284,"url":"https:\/\/tinychat.com\/wp-content\/uploads\/2020\/04\/Tinychat-logo-1280x284-new-black.png","type":"image\/png"}],"twitter_card":"summary_large_image","twitter_site":"@tinychat","twitter_misc":{"Dur\u00e9e de lecture estim\u00e9e":"6 minutes"},"schema":{"@context":"https:\/\/schema.org","@graph":[{"@type":"WebPage","@id":"https:\/\/tinychat.com\/rabbit-video-chat\/","url":"https:\/\/tinychat.com\/rabbit-video-chat\/","name":"Rabbit Video Chat - Chat vid\u00e9o en direct avec des filles - TinyChat.com","isPartOf":{"@id":"https:\/\/tinychat.com\/#website"},"datePublished":"2025-12-02T06:51:12+00:00","dateModified":"2025-12-02T08:51:13+00:00","description":"Vous aimez Rabbit Video Chat ? Rejoignez plus de 50 000 000 d'inconnus sur TinyChat ! Allumez votre webcam et commencez \u00e0 rencontrer de nouvelles personnes ou trouvez votre \u00e2me s\u0153ur.","breadcrumb":{"@id":"https:\/\/tinychat.com\/rabbit-video-chat\/#breadcrumb"},"inLanguage":"fr-FR","potentialAction":[{"@type":"ReadAction","target":["https:\/\/tinychat.com\/rabbit-video-chat\/"]}]},{"@type":"BreadcrumbList","@id":"https:\/\/tinychat.com\/rabbit-video-chat\/#breadcrumb","itemListElement":[{"@type":"ListItem","position":1,"name":"Home","item":"https:\/\/tinychat.com\/"},{"@type":"ListItem","position":2,"name":"Rabbit Video Chat"}]},{"@type":"WebSite","@id":"https:\/\/tinychat.com\/#website","url":"https:\/\/tinychat.com\/","name":"TinyChat","description":"Chat vid\u00e9o al\u00e9atoire avec des inconnus","publisher":{"@id":"https:\/\/tinychat.com\/#organization"},"alternateName":"TinyChat.com","potentialAction":[{"@type":"SearchAction","target":{"@type":"EntryPoint","urlTemplate":"https:\/\/tinychat.com\/?s={search_term_string}"},"query-input":{"@type":"PropertyValueSpecification","valueRequired":true,"valueName":"search_term_string"}}],"inLanguage":"fr-FR"},{"@type":"Organization","@id":"https:\/\/tinychat.com\/#organization","name":"TinyChat","alternateName":"TinyChat.com","url":"https:\/\/tinychat.com\/","logo":{"@type":"ImageObject","inLanguage":"fr-FR","@id":"https:\/\/tinychat.com\/#\/schema\/logo\/image\/","url":"https:\/\/tinychat.com\/wp-content\/uploads\/2023\/11\/Tinychat-icon-square.png","contentUrl":"https:\/\/tinychat.com\/wp-content\/uploads\/2023\/11\/Tinychat-icon-square.png","width":284,"height":284,"caption":"TinyChat"},"image":{"@id":"https:\/\/tinychat.com\/#\/schema\/logo\/image\/"},"sameAs":["https:\/\/www.facebook.com\/tinychat","https:\/\/x.com\/tinychat"]}]}},"_links":{"self":[{"href":"https:\/\/tinychat.com\/fr\/wp-json\/wp\/v2\/pages\/12587","targetHints":{"allow":["GET"]}}],"collection":[{"href":"https:\/\/tinychat.com\/fr\/wp-json\/wp\/v2\/pages"}],"about":[{"href":"https:\/\/tinychat.com\/fr\/wp-json\/wp\/v2\/types\/page"}],"author":[{"embeddable":true,"href":"https:\/\/tinychat.com\/fr\/wp-json\/wp\/v2\/users\/6"}],"replies":[{"embeddable":true,"href":"https:\/\/tinychat.com\/fr\/wp-json\/wp\/v2\/comments?post=12587"}],"version-history":[{"count":4,"href":"https:\/\/tinychat.com\/fr\/wp-json\/wp\/v2\/pages\/12587\/revisions"}],"predecessor-version":[{"id":13584,"href":"https:\/\/tinychat.com\/fr\/wp-json\/wp\/v2\/pages\/12587\/revisions\/13584"}],"wp:attachment":[{"href":"https:\/\/tinychat.com\/fr\/wp-json\/wp\/v2\/media?parent=12587"}],"curies":[{"name":"wp","href":"https:\/\/api.w.org\/{rel}","templated":true}]}}