{"id":12655,"date":"2025-01-21T14:01:41","date_gmt":"2025-01-21T12:01:41","guid":{"rendered":"https:\/\/tinychat.com\/?page_id=12655"},"modified":"2025-07-21T13:15:52","modified_gmt":"2025-07-21T11:15:52","slug":"omegleweb","status":"publish","type":"page","link":"https:\/\/tinychat.com\/fr\/omegleweb\/","title":{"rendered":"OmegleWeb"},"content":{"rendered":"<p>Le monde de la communication en ligne a radicalement chang\u00e9 depuis que le Omegle original a fait irruption sur la sc\u00e8ne, faisant d\u00e9couvrir \u00e0 des millions de personnes le plaisir des conversations spontan\u00e9es avec des inconnus du monde entier. Aujourd'hui, OmegleWeb se pr\u00e9sente comme une alternative de nouvelle g\u00e9n\u00e9ration, faisant revivre tout ce que les utilisateurs aimaient dans le chat al\u00e9atoire classique, mais avec un nouveau design, une meilleure mod\u00e9ration et des fonctions de confidentialit\u00e9 et de s\u00e9curit\u00e9 qui sont \u00e0 l'avantage des utilisateurs.<\/p>\n<p>Que vous cherchiez de nouveaux amis, un compagnon d'\u00e9tudes, quelqu'un avec qui pratiquer une langue ou simplement un moyen de rompre la monotonie, OmegleWeb offre un chat vid\u00e9o et textuel instantan\u00e9, anonyme et engageant avec de vraies personnes dans le monde entier. Pour beaucoup, il ne s'agit pas seulement d'un remplacement de Omegle, mais d'une mise \u00e0 niveau indispensable \u00e0 l'\u00e8re moderne.<\/p>\n<p>Dans ce guide approfondi, nous aborderons tous les aspects de OmegleWeb : ce qu'il est, comment il fonctionne, ses principales caract\u00e9ristiques, les protocoles de s\u00e9curit\u00e9, l'exp\u00e9rience utilisateur, les comparaisons avec d'autres plateformes de chat al\u00e9atoire, le d\u00e9pannage des probl\u00e8mes courants et les conseils d'experts pour tirer le meilleur parti de chaque chat.<\/p>\n<h2>Qu'est-ce que OmegleWeb ?<\/h2>\n<p>OmegleWeb est un site de chat vid\u00e9o et textuel al\u00e9atoire qui vous met instantan\u00e9ment en relation avec des inconnus pour des conversations en t\u00eate-\u00e0-t\u00eate. Aucune inscription ni t\u00e9l\u00e9chargement n'est n\u00e9cessaire : il vous suffit d'ouvrir le site web, de choisir votre mode de chat et d'\u00eatre jumel\u00e9 en quelques secondes.<\/p>\n<p>Lanc\u00e9 en r\u00e9ponse \u00e0 la fermeture et aux limites du site original Omegle, OmegleWeb a une mission claire : faire revivre la magie du vrai chat al\u00e9atoire, mais dans un environnement plus s\u00fbr, plus accueillant et plus riche en fonctionnalit\u00e9s. Il combine la facilit\u00e9 de la roulette de chat \u00e0 l'ancienne avec une s\u00e9curit\u00e9 moderne et un design r\u00e9actif, ce qui le rend accessible et agr\u00e9able pour tout le monde, partout.<\/p>\n<h2>Caract\u00e9ristiques principales de OmegleWeb<\/h2>\n<p>Le OmegleWeb offre tout ce dont vous avez besoin pour des connexions en ligne spontan\u00e9es, ainsi que plusieurs ajouts judicieux qui le distinguent des autres :<\/p>\n<h3>1. Chat vid\u00e9o et textuel al\u00e9atoire instantan\u00e9<\/h3>\n<p>Pas besoin de s'inscrire ou de remplir des profils. La connexion en un clic de OmegleWeb vous permet de vous retrouver face \u00e0 face (ou clavier \u00e0 clavier) avec un inconnu, o\u00f9 qu'il se trouve dans le monde, en quelques secondes seulement.<\/p>\n<h3>2. Choix d'un chat vid\u00e9o ou textuel<\/h3>\n<p>Vous avez peur des cam\u00e9ras ? Pas de probl\u00e8me. Passez facilement du chat vid\u00e9o au chat texte, ou commencez par le texte et allumez votre cam\u00e9ra lorsque vous vous sentez \u00e0 l'aise.<\/p>\n<h3>3. Filtres de genre et de lieu<\/h3>\n<p>Vous recherchez un certain type de chat ? OmegleWeb vous permet de filtrer les rencontres par sexe ou par r\u00e9gion (certaines options peuvent \u00eatre payantes), ce qui vous aide \u00e0 rencontrer des personnes qui correspondent \u00e0 vos int\u00e9r\u00eats ou \u00e0 vos besoins.<\/p>\n<h3>4. Compatibilit\u00e9 avec les t\u00e9l\u00e9phones portables et les ordinateurs de bureau<\/h3>\n<p>Que vous soyez chez vous sur votre ordinateur portable ou en d\u00e9placement sur votre t\u00e9l\u00e9phone, OmegleWeb fonctionne de mani\u00e8re transparente sur tous les appareils et navigateurs modernes, avec une interface rapide et r\u00e9active et une qualit\u00e9 vid\u00e9o HD.<\/p>\n<h3>5. Bouton \"Suivant\" pour un saut rapide<\/h3>\n<p>Si un chat ne vous convient pas, il vous suffit de cliquer sur \"Suivant\" pour obtenir instantan\u00e9ment une nouvelle correspondance - pas d'attente, pas de g\u00eane.<\/p>\n<h3>6. Anonyme, priv\u00e9 et s\u00e9curis\u00e9<\/h3>\n<p>Aucun enregistrement n'est n\u00e9cessaire pour utiliser les fonctions principales de OmegleWeb. Vos conversations sont priv\u00e9es et ne sont pas sauvegard\u00e9es. Vous pouvez contr\u00f4ler ce que vous partagez et comment vous vous pr\u00e9sentez.<\/p>\n<h3>7. Traduction dans le chat<\/h3>\n<p>Parlez \u00e0 n'importe qui, n'importe o\u00f9, m\u00eame si vous ne parlez pas la m\u00eame langue. Le OmegleWeb offre une traduction de texte en temps r\u00e9el, ce qui permet d'\u00e9liminer les barri\u00e8res internationales.<\/p>\n<h3>8. Mod\u00e9ration et rapports en direct<\/h3>\n<p>OmegleWeb s'engage pour la s\u00e9curit\u00e9 de la communaut\u00e9, avec un m\u00e9lange de :<\/p>\n<ul>\n<li>Mod\u00e9ration automatis\u00e9e par l'IA pour d\u00e9tecter la nudit\u00e9, le spam ou le contenu abusif<\/li>\n<li>Mod\u00e9rateurs humains 24\/7 pr\u00eats \u00e0 agir sur les rapports des utilisateurs<\/li>\n<li>Boutons de blocage et de signalement toujours disponibles dans le chat<\/li>\n<\/ul>\n<h3>9. Enregistrement facultatif du compte<\/h3>\n<p>Profitez de OmegleWeb en tant qu'invit\u00e9, ou cr\u00e9ez un compte gratuit facultatif pour b\u00e9n\u00e9ficier de fonctions suppl\u00e9mentaires : gestion des amis, historique des chats, filtres avanc\u00e9s et acc\u00e8s aux mises \u00e0 niveau premium.<\/p>\n<h2>Comment utiliser OmegleWeb<\/h2>\n<p>OmegleWeb rend le chat en ligne aussi simple que possible. Voici un guide rapide, \u00e9tape par \u00e9tape :<\/p>\n<h3>\u00c9tape 1 : Visitez le site OmegleWeb<\/h3>\n<p>Ouvrez votre navigateur et rendez-vous sur omegleweb.com ou sur le site r\u00e9gional correspondant.<\/p>\n<h3>\u00c9tape 2 : Choisissez votre mode de chat<\/h3>\n<ul>\n<li>Chat vid\u00e9o : Activez votre webcam et votre microphone.<\/li>\n<li>Chat texte : Commencez \u00e0 discuter instantan\u00e9ment sans vid\u00e9o.<\/li>\n<\/ul>\n<h3>\u00c9tape 3 : D\u00e9finir des filtres (facultatif)<\/h3>\n<p>Choisissez des filtres tels que le sexe ou le lieu pour une exp\u00e9rience plus personnalis\u00e9e. (Certains filtres peuvent n\u00e9cessiter un compte gratuit ou premium).<\/p>\n<h3>\u00c9tape 4 : Cliquez sur \"D\u00e9marrer\" ou \"Connecter\".<\/h3>\n<p>En quelques secondes, vous serez mis en relation avec un utilisateur au hasard. Pr\u00e9sentez-vous et voyez o\u00f9 va la conversation !<\/p>\n<h3>\u00c9tape 5 : Utiliser \"Suivant\" pour passer \u00e0 l'\u00e9tape suivante<\/h3>\n<p>Vous ne trouvez pas votre bonheur ? Cliquez sur \"Suivant\" pour discuter instantan\u00e9ment avec quelqu'un d'autre.<\/p>\n<h3>\u00c9tape 6 : S'inscrire aux extras (facultatif)<\/h3>\n<p>Vous voulez des filtres avanc\u00e9s, la possibilit\u00e9 d'enregistrer des amis ou des fonctions premium ? Ouvrez un compte (seules des informations minimales sont requises).<\/p>\n<h3>\u00c9tape 7 : Utiliser la traduction ou bloquer\/rapporter selon les besoins<\/h3>\n<p>Profitez de la traduction dans le chat ou utilisez la fonction de blocage\/rapport pour que votre exp\u00e9rience soit s\u00fbre et confortable.<\/p>\n<h2>Exp\u00e9rience utilisateur sur OmegleWeb<\/h2>\n<p>L'exp\u00e9rience utilisateur de OmegleWeb est ax\u00e9e sur la vitesse, la simplicit\u00e9 et l'authenticit\u00e9 de la connexion :<\/p>\n<h3>Ce que les utilisateurs aiment<\/h3>\n<ul>\n<li>Aucune inscription n'est n\u00e9cessaire : Participez imm\u00e9diatement \u00e0 un chat, sans renoncer \u00e0 votre vie priv\u00e9e.<\/li>\n<li>Interface moderne et \u00e9pur\u00e9e : Distractions minimales et navigation ais\u00e9e.<\/li>\n<li>Base d'utilisateurs mondiale et diversifi\u00e9e : Rencontrez des personnes du monde entier.<\/li>\n<li>Des filtres qui fonctionnent vraiment : Correspondre au type de personnes que vous souhaitez rencontrer.<\/li>\n<li>Outil de traduction : Permet de combler les lacunes linguistiques en temps r\u00e9el.<\/li>\n<li>Bouton \"Suivant\" rapide : Permet de garder les choses fra\u00eeches et amusantes.<\/li>\n<\/ul>\n<h3>Les points \u00e0 am\u00e9liorer selon les utilisateurs<\/h3>\n<ul>\n<li>Certains filtres avanc\u00e9s et fonctions premium n\u00e9cessitent un enregistrement ou sont payants (norme du secteur).<\/li>\n<li>Utilisateurs inappropri\u00e9s occasionnels (rapidement trait\u00e9s par la mod\u00e9ration, mais communs \u00e0 tous les sites de chat al\u00e9atoires).<\/li>\n<li>Pas de salons de discussion en groupe ou par centres d'int\u00e9r\u00eat (l'accent est mis sur les discussions individuelles).<\/li>\n<li>Tr\u00e8s captivant, il peut cr\u00e9er une d\u00e9pendance chez les amateurs de s\u00e9rendipit\u00e9 !<\/li>\n<\/ul>\n<h3>Un vrai retour d'information de la part des utilisateurs<\/h3>\n<blockquote><p>\"OmegleWeb a ramen\u00e9 l'exp\u00e9rience de chat vid\u00e9o al\u00e9atoire qui me manquait, mais il est plus s\u00fbr et plus beau.<br \/>\n- <em>Alyssa G., Trustpilot<\/em><\/p><\/blockquote>\n<blockquote><p>\"Je l'utilise sur mon t\u00e9l\u00e9phone lorsque je voyage : c'est facile de rencontrer des gens de nouveaux pays et de pratiquer des langues.<br \/>\n- <em>Jonas W., Google Play<\/em><\/p><\/blockquote>\n<blockquote><p>\"La fonction de traduction est tr\u00e8s utile. J'ai parl\u00e9 \u00e0 des gens de tous les continents.\"<br \/>\n- <em>Yuri S., App Store<\/em><\/p><\/blockquote>\n<h2>OmegleWeb vs. autres plateformes de chat al\u00e9atoire<\/h2>\n<p>Comment OmegleWeb se situe-t-il par rapport aux autres sites de chat vid\u00e9o al\u00e9atoire ?<\/p>\n<table>\n<thead>\n<tr>\n<th>Fonctionnalit\u00e9<\/th>\n<th>OmegleWeb<\/th>\n<th>CrushRoulette<\/th>\n<th>CamMatch<\/th>\n<th>ChatMatch<\/th>\n<th>Omegle<\/th>\n<th>Chatroulette<\/th>\n<th>LivU<\/th>\n<th>HOLLA<\/th>\n<\/tr>\n<\/thead>\n<tbody>\n<tr>\n<td>Pas d'inscription n\u00e9cessaire<\/td>\n<td>\u2705 Oui<\/td>\n<td>\u2705 Oui<\/td>\n<td>\u2705 Oui<\/td>\n<td>\u2705 Oui<\/td>\n<td>\u2705 Oui<\/td>\n<td>\u2705 Oui<\/td>\n<td>\u2705 Oui<\/td>\n<td>\u2705 Oui<\/td>\n<\/tr>\n<tr>\n<td>Chat vid\u00e9o et texte<\/td>\n<td>\u2705 Les deux<\/td>\n<td>\u2705 Les deux<\/td>\n<td>\u2705 Les deux<\/td>\n<td>\u2705 Les deux<\/td>\n<td>\u2705 Les deux<\/td>\n<td>\u2705 Les deux<\/td>\n<td>\u2705 Les deux<\/td>\n<td>\u2705 Les deux<\/td>\n<\/tr>\n<tr>\n<td>Filtre genre\/pays<\/td>\n<td>\u2705 Oui*<\/td>\n<td>\u2705 Oui*<\/td>\n<td>\u2705 Oui*<\/td>\n<td>\u2705 Oui*<\/td>\n<td>\u26a0\ufe0f Limited<\/td>\n<td>\u2705 Oui<\/td>\n<td>\u2705 Oui<\/td>\n<td>\u2705 Oui<\/td>\n<\/tr>\n<tr>\n<td>Optimis\u00e9 pour les mobiles<\/td>\n<td>\u2705 Oui<\/td>\n<td>\u2705 Oui<\/td>\n<td>\u2705 Oui<\/td>\n<td>\u2705 Oui<\/td>\n<td>\u26a0\ufe0f Mixte<\/td>\n<td>\u2705 Oui<\/td>\n<td>\u2705 Oui<\/td>\n<td>\u2705 Oui<\/td>\n<\/tr>\n<tr>\n<td>Outil de traduction<\/td>\n<td>\u2705 Oui<\/td>\n<td>\u2705 Oui<\/td>\n<td>\u2705 Oui<\/td>\n<td>\u2705 Oui<\/td>\n<td>\u274c Non<\/td>\n<td>\u274c Non<\/td>\n<td>\u2705 Oui<\/td>\n<td>\u2705 Oui<\/td>\n<\/tr>\n<tr>\n<td>Comptes facultatifs<\/td>\n<td>\u2705 Oui<\/td>\n<td>\u2705 Oui<\/td>\n<td>\u2705 Oui<\/td>\n<td>\u2705 Oui<\/td>\n<td>\u274c Non<\/td>\n<td>\u274c Non<\/td>\n<td>\u2705 Oui<\/td>\n<td>\u2705 Oui<\/td>\n<\/tr>\n<tr>\n<td>Mod\u00e9ration\/S\u00e9curit\u00e9<\/td>\n<td>\u2705 Fort<\/td>\n<td>\u2705 Fort<\/td>\n<td>\u2705 Fort<\/td>\n<td>\u2705 Fort<\/td>\n<td>\u26a0\ufe0f Limited<\/td>\n<td>\u26a0\ufe0f Limited<\/td>\n<td>\u2705 Fort<\/td>\n<td>\u2705 Fort<\/td>\n<\/tr>\n<\/tbody>\n<\/table>\n<p>**Certaines fonctionnalit\u00e9s n\u00e9cessitent un enregistrement ou des mises \u00e0 niveau premium.<\/p>\n<p>R\u00e9sum\u00e9 : OmegleWeb est une alternative moderne au chat al\u00e9atoire classique, avec des filtres puissants, une traduction dans le chat, une mod\u00e9ration rapide et un design respectueux de la vie priv\u00e9e, ce qui en fait un choix de premier ordre pour les utilisateurs d'aujourd'hui.<\/p>\n<h2>OmegleWeb est-il s\u00fbr ?<\/h2>\n<p>OmegleWeb prend la s\u00e9curit\u00e9 des utilisateurs tr\u00e8s au s\u00e9rieux, en tirant les le\u00e7ons des erreurs commises par les anciennes plateformes :<\/p>\n<ul>\n<li>Mod\u00e9ration aliment\u00e9e par l'IA : Filtre en temps r\u00e9el les vid\u00e9os, les textes et les images pour d\u00e9tecter la nudit\u00e9, les abus ou les spams.<\/li>\n<li>Mod\u00e9rateurs humains : Actifs 24 heures sur 24 et 7 jours sur 7 pour enqu\u00eater sur les signalements et \u00e9liminer les contrevenants.<\/li>\n<li>Outils de signalement\/blocage toujours actifs : Les utilisateurs peuvent agir instantan\u00e9ment pour assurer la s\u00e9curit\u00e9 de leur chat.<\/li>\n<li>Aucune information personnelle n'est requise : Restez anonyme et ne partagez que ce que vous voulez.<\/li>\n<li>Discussions priv\u00e9es en t\u00eate-\u00e0-t\u00eate : Pas de salles de groupe, pas de journaux publics.<\/li>\n<li>Des r\u00e8gles et des lignes directrices claires : Faciles \u00e0 lire et strictement appliqu\u00e9es.<\/li>\n<\/ul>\n<h3>Conseils de s\u00e9curit\u00e9<\/h3>\n<ul>\n<li>Ne communiquez jamais d'informations personnelles (nom, adresse, t\u00e9l\u00e9phone, donn\u00e9es financi\u00e8res).<\/li>\n<li>Faites confiance \u00e0 votre instinct - utilisez \"Suivant\", bloquez ou signalez si vous n'\u00eates pas \u00e0 l'aise.<\/li>\n<li>Utilisez un pseudonyme et soyez prudent lorsque vous d\u00e9placez des chats vers d'autres plateformes.<\/li>\n<li>N'acceptez que des fichiers ou des liens provenant de connexions fiables.<\/li>\n<li>Soyez respectueux et attendez la m\u00eame chose des autres.<\/li>\n<\/ul>\n<h2>Conseils pour profiter de OmegleWeb<\/h2>\n<ul>\n<li>Commencez par un accueil amical : La premi\u00e8re impression compte !<\/li>\n<li>Utilisez librement le bouton \"Suivant\" : Ne perdez pas de temps sur des chats qui ne vous conviennent pas.<\/li>\n<li>Essayez les filtres : Rencontrez des personnes originaires de r\u00e9gions sp\u00e9cifiques ou pratiquez de nouvelles langues.<\/li>\n<li>Utilisez la traduction : Transformez des \u00e9trangers en amis instantan\u00e9s.<\/li>\n<li>Utiliser les outils de mod\u00e9ration : Bloquez ou signalez si n\u00e9cessaire.<\/li>\n<li>En d\u00e9placement : L'interface mobile est fluide pour les discussions spontan\u00e9es.<\/li>\n<li>S'inscrire pour des extras : Sauvegardez vos amis pr\u00e9f\u00e9r\u00e9s ou d\u00e9bloquez des fonctions plus avanc\u00e9es.<\/li>\n<\/ul>\n<h2>D\u00e9pannage des probl\u00e8mes courants du OmegleWeb<\/h2>\n<h3>L'appareil photo ou le micro ne fonctionne pas<\/h3>\n<p>V\u00e9rifiez les autorisations du navigateur\/appareil, fermez d'autres applications en utilisant votre appareil photo\/micro, actualisez le site ou red\u00e9marrez votre appareil.<\/p>\n<h3>Filtres ou caract\u00e9ristiques non disponibles<\/h3>\n<p>Certaines fonctionnalit\u00e9s n\u00e9cessitent un enregistrement ou un acc\u00e8s premium ; inscrivez-vous ou mettez \u00e0 niveau si n\u00e9cessaire.<\/p>\n<h3>Vid\u00e9o lente ou d\u00e9calage<\/h3>\n<p>Utilisez une connexion Wi-Fi stable, fermez les applications\/onglets en arri\u00e8re-plan et assurez-vous que votre navigateur est \u00e0 jour.<\/p>\n<h3>Trolls ou abus<\/h3>\n<p>Bloquer\/signaler instantan\u00e9ment ; les mod\u00e9rateurs traitent les probl\u00e8mes rapidement.<\/p>\n<h3>La traduction ne fonctionne pas<\/h3>\n<p>Actualisez le navigateur, v\u00e9rifiez votre connexion ou contactez l'assistance si le probl\u00e8me persiste.<\/p>\n<p>Certainement, surtout pour tous ceux qui ont aim\u00e9 l'esprit de l'ancienne version de Omegle mais qui souhaitent une exp\u00e9rience plus s\u00fbre, plus intelligente et plus conviviale. OmegleWeb combine le plaisir instantan\u00e9 de discuter avec des inconnus avec les fonctions essentielles de confidentialit\u00e9 et de s\u00e9curit\u00e9 d'aujourd'hui.<\/p>\n<p>Que vous souhaitiez vous faire de nouveaux amis, pratiquer une langue ou simplement voir qui est l\u00e0, OmegleWeb vous offre des connexions rapides, anonymes et gratifiantes depuis n'importe o\u00f9 dans le monde, sans qu'aucune inscription ne soit n\u00e9cessaire.<\/p>\n<p>Pr\u00eat \u00e0 chatter ? Visitez omegleweb.com, choisissez votre mode de chat et commencez \u00e0 rencontrer de nouvelles personnes en quelques secondes.<\/p>","protected":false},"excerpt":{"rendered":"<p>The world of online communication has changed dramatically since the original Omegle burst onto the scene, introducing millions to the thrill of spontaneous conversations with strangers from around the globe. Today, OmegleWeb stands as a next-generation alternative\u2014reviving everything users loved about classic random chat, but with a fresh design, better moderation, and user-first features for [&hellip;]<\/p>\n","protected":false},"author":6,"featured_media":0,"parent":0,"menu_order":0,"comment_status":"closed","ping_status":"closed","template":"","meta":{"footnotes":""},"class_list":["post-12655","page","type-page","status-publish","hentry"],"yoast_head":"<!-- This site is optimized with the Yoast SEO plugin v27.4 - https:\/\/yoast.com\/product\/yoast-seo-wordpress\/ -->\n<title>OmegleWeb - Talk to Strangers with Video Chat - TinyChat.com<\/title>\n<meta name=\"description\" content=\"Enjoying OmegleWeb? Join over 50,000,000 strangers on TinyChat! Turn on your cam and start meeting new people, or find a match.\" \/>\n<meta name=\"robots\" content=\"index, follow, max-snippet:-1, max-image-preview:large, max-video-preview:-1\" \/>\n<link rel=\"canonical\" href=\"https:\/\/tinychat.com\/fr\/omegleweb\/\" \/>\n<meta property=\"og:locale\" content=\"fr_FR\" \/>\n<meta property=\"og:type\" content=\"article\" \/>\n<meta property=\"og:title\" content=\"OmegleWeb - Talk to Strangers with Video Chat - TinyChat.com\" \/>\n<meta property=\"og:description\" content=\"Enjoying OmegleWeb? Join over 50,000,000 strangers on TinyChat! Turn on your cam and start meeting new people, or find a match.\" \/>\n<meta property=\"og:url\" content=\"https:\/\/tinychat.com\/fr\/omegleweb\/\" \/>\n<meta property=\"og:site_name\" content=\"TinyChat\" \/>\n<meta property=\"article:publisher\" content=\"https:\/\/www.facebook.com\/tinychat\" \/>\n<meta property=\"article:modified_time\" content=\"2025-07-21T11:15:52+00:00\" \/>\n<meta property=\"og:image\" content=\"https:\/\/tinychat.com\/wp-content\/uploads\/2020\/04\/Tinychat-logo-1280x284-new-black.png\" \/>\n\t<meta property=\"og:image:width\" content=\"1280\" \/>\n\t<meta property=\"og:image:height\" content=\"284\" \/>\n\t<meta property=\"og:image:type\" content=\"image\/png\" \/>\n<meta name=\"twitter:card\" content=\"summary_large_image\" \/>\n<meta name=\"twitter:site\" content=\"@tinychat\" \/>\n<meta name=\"twitter:label1\" content=\"Dur\u00e9e de lecture estim\u00e9e\" \/>\n\t<meta name=\"twitter:data1\" content=\"7 minutes\" \/>\n<script type=\"application\/ld+json\" class=\"yoast-schema-graph\">{\"@context\":\"https:\\\/\\\/schema.org\",\"@graph\":[{\"@type\":\"WebPage\",\"@id\":\"https:\\\/\\\/tinychat.com\\\/omegleweb\\\/\",\"url\":\"https:\\\/\\\/tinychat.com\\\/omegleweb\\\/\",\"name\":\"OmegleWeb - Talk to Strangers with Video Chat - TinyChat.com\",\"isPartOf\":{\"@id\":\"https:\\\/\\\/tinychat.com\\\/#website\"},\"datePublished\":\"2025-01-21T12:01:41+00:00\",\"dateModified\":\"2025-07-21T11:15:52+00:00\",\"description\":\"Enjoying OmegleWeb? Join over 50,000,000 strangers on TinyChat! Turn on your cam and start meeting new people, or find a match.\",\"breadcrumb\":{\"@id\":\"https:\\\/\\\/tinychat.com\\\/omegleweb\\\/#breadcrumb\"},\"inLanguage\":\"fr-FR\",\"potentialAction\":[{\"@type\":\"ReadAction\",\"target\":[\"https:\\\/\\\/tinychat.com\\\/omegleweb\\\/\"]}]},{\"@type\":\"BreadcrumbList\",\"@id\":\"https:\\\/\\\/tinychat.com\\\/omegleweb\\\/#breadcrumb\",\"itemListElement\":[{\"@type\":\"ListItem\",\"position\":1,\"name\":\"Home\",\"item\":\"https:\\\/\\\/tinychat.com\\\/\"},{\"@type\":\"ListItem\",\"position\":2,\"name\":\"OmegleWeb\"}]},{\"@type\":\"WebSite\",\"@id\":\"https:\\\/\\\/tinychat.com\\\/#website\",\"url\":\"https:\\\/\\\/tinychat.com\\\/\",\"name\":\"TinyChat\",\"description\":\"Random Video Chat with Strangers\",\"publisher\":{\"@id\":\"https:\\\/\\\/tinychat.com\\\/#organization\"},\"alternateName\":\"TinyChat.com\",\"potentialAction\":[{\"@type\":\"SearchAction\",\"target\":{\"@type\":\"EntryPoint\",\"urlTemplate\":\"https:\\\/\\\/tinychat.com\\\/?s={search_term_string}\"},\"query-input\":{\"@type\":\"PropertyValueSpecification\",\"valueRequired\":true,\"valueName\":\"search_term_string\"}}],\"inLanguage\":\"fr-FR\"},{\"@type\":\"Organization\",\"@id\":\"https:\\\/\\\/tinychat.com\\\/#organization\",\"name\":\"TinyChat\",\"alternateName\":\"TinyChat.com\",\"url\":\"https:\\\/\\\/tinychat.com\\\/\",\"logo\":{\"@type\":\"ImageObject\",\"inLanguage\":\"fr-FR\",\"@id\":\"https:\\\/\\\/tinychat.com\\\/#\\\/schema\\\/logo\\\/image\\\/\",\"url\":\"https:\\\/\\\/tinychat.com\\\/wp-content\\\/uploads\\\/2023\\\/11\\\/Tinychat-icon-square.png\",\"contentUrl\":\"https:\\\/\\\/tinychat.com\\\/wp-content\\\/uploads\\\/2023\\\/11\\\/Tinychat-icon-square.png\",\"width\":284,\"height\":284,\"caption\":\"TinyChat\"},\"image\":{\"@id\":\"https:\\\/\\\/tinychat.com\\\/#\\\/schema\\\/logo\\\/image\\\/\"},\"sameAs\":[\"https:\\\/\\\/www.facebook.com\\\/tinychat\",\"https:\\\/\\\/x.com\\\/tinychat\"]}]}<\/script>\n<!-- \/ Yoast SEO plugin. -->","yoast_head_json":{"title":"OmegleWeb - Parlez \u00e0 des inconnus par chat vid\u00e9o - TinyChat.com","description":"Vous appr\u00e9ciez OmegleWeb ? Rejoignez plus de 50 000 000 d'inconnus sur TinyChat ! Allumez votre cam\u00e9ra et commencez \u00e0 rencontrer de nouvelles personnes, ou trouvez un partenaire.","robots":{"index":"index","follow":"follow","max-snippet":"max-snippet:-1","max-image-preview":"max-image-preview:large","max-video-preview":"max-video-preview:-1"},"canonical":"https:\/\/tinychat.com\/fr\/omegleweb\/","og_locale":"fr_FR","og_type":"article","og_title":"OmegleWeb - Talk to Strangers with Video Chat - TinyChat.com","og_description":"Enjoying OmegleWeb? Join over 50,000,000 strangers on TinyChat! Turn on your cam and start meeting new people, or find a match.","og_url":"https:\/\/tinychat.com\/fr\/omegleweb\/","og_site_name":"TinyChat","article_publisher":"https:\/\/www.facebook.com\/tinychat","article_modified_time":"2025-07-21T11:15:52+00:00","og_image":[{"width":1280,"height":284,"url":"https:\/\/tinychat.com\/wp-content\/uploads\/2020\/04\/Tinychat-logo-1280x284-new-black.png","type":"image\/png"}],"twitter_card":"summary_large_image","twitter_site":"@tinychat","twitter_misc":{"Dur\u00e9e de lecture estim\u00e9e":"7 minutes"},"schema":{"@context":"https:\/\/schema.org","@graph":[{"@type":"WebPage","@id":"https:\/\/tinychat.com\/omegleweb\/","url":"https:\/\/tinychat.com\/omegleweb\/","name":"OmegleWeb - Parlez \u00e0 des inconnus par chat vid\u00e9o - TinyChat.com","isPartOf":{"@id":"https:\/\/tinychat.com\/#website"},"datePublished":"2025-01-21T12:01:41+00:00","dateModified":"2025-07-21T11:15:52+00:00","description":"Vous appr\u00e9ciez OmegleWeb ? Rejoignez plus de 50 000 000 d'inconnus sur TinyChat ! Allumez votre cam\u00e9ra et commencez \u00e0 rencontrer de nouvelles personnes, ou trouvez un partenaire.","breadcrumb":{"@id":"https:\/\/tinychat.com\/omegleweb\/#breadcrumb"},"inLanguage":"fr-FR","potentialAction":[{"@type":"ReadAction","target":["https:\/\/tinychat.com\/omegleweb\/"]}]},{"@type":"BreadcrumbList","@id":"https:\/\/tinychat.com\/omegleweb\/#breadcrumb","itemListElement":[{"@type":"ListItem","position":1,"name":"Home","item":"https:\/\/tinychat.com\/"},{"@type":"ListItem","position":2,"name":"OmegleWeb"}]},{"@type":"WebSite","@id":"https:\/\/tinychat.com\/#website","url":"https:\/\/tinychat.com\/","name":"TinyChat","description":"Chat vid\u00e9o al\u00e9atoire avec des inconnus","publisher":{"@id":"https:\/\/tinychat.com\/#organization"},"alternateName":"TinyChat.com","potentialAction":[{"@type":"SearchAction","target":{"@type":"EntryPoint","urlTemplate":"https:\/\/tinychat.com\/?s={search_term_string}"},"query-input":{"@type":"PropertyValueSpecification","valueRequired":true,"valueName":"search_term_string"}}],"inLanguage":"fr-FR"},{"@type":"Organization","@id":"https:\/\/tinychat.com\/#organization","name":"TinyChat","alternateName":"TinyChat.com","url":"https:\/\/tinychat.com\/","logo":{"@type":"ImageObject","inLanguage":"fr-FR","@id":"https:\/\/tinychat.com\/#\/schema\/logo\/image\/","url":"https:\/\/tinychat.com\/wp-content\/uploads\/2023\/11\/Tinychat-icon-square.png","contentUrl":"https:\/\/tinychat.com\/wp-content\/uploads\/2023\/11\/Tinychat-icon-square.png","width":284,"height":284,"caption":"TinyChat"},"image":{"@id":"https:\/\/tinychat.com\/#\/schema\/logo\/image\/"},"sameAs":["https:\/\/www.facebook.com\/tinychat","https:\/\/x.com\/tinychat"]}]}},"_links":{"self":[{"href":"https:\/\/tinychat.com\/fr\/wp-json\/wp\/v2\/pages\/12655","targetHints":{"allow":["GET"]}}],"collection":[{"href":"https:\/\/tinychat.com\/fr\/wp-json\/wp\/v2\/pages"}],"about":[{"href":"https:\/\/tinychat.com\/fr\/wp-json\/wp\/v2\/types\/page"}],"author":[{"embeddable":true,"href":"https:\/\/tinychat.com\/fr\/wp-json\/wp\/v2\/users\/6"}],"replies":[{"embeddable":true,"href":"https:\/\/tinychat.com\/fr\/wp-json\/wp\/v2\/comments?post=12655"}],"version-history":[{"count":5,"href":"https:\/\/tinychat.com\/fr\/wp-json\/wp\/v2\/pages\/12655\/revisions"}],"predecessor-version":[{"id":13349,"href":"https:\/\/tinychat.com\/fr\/wp-json\/wp\/v2\/pages\/12655\/revisions\/13349"}],"wp:attachment":[{"href":"https:\/\/tinychat.com\/fr\/wp-json\/wp\/v2\/media?parent=12655"}],"curies":[{"name":"wp","href":"https:\/\/api.w.org\/{rel}","templated":true}]}}