{"id":12683,"date":"2025-08-18T09:35:45","date_gmt":"2025-08-18T07:35:45","guid":{"rendered":"https:\/\/tinychat.com\/?page_id=12683"},"modified":"2025-08-18T10:20:31","modified_gmt":"2025-08-18T08:20:31","slug":"pink-video-chat","status":"publish","type":"page","link":"https:\/\/tinychat.com\/fr\/pink-video-chat\/","title":{"rendered":"Chat vid\u00e9o rose"},"content":{"rendered":"<p>Le monde des plateformes de chat vid\u00e9o al\u00e9atoire est en constante \u00e9volution. Des premiers jours de Omegle aux applications modernes comme ChatHub, Emerald Chat et Monkey, les gens ont toujours cherch\u00e9 des moyens amusants, impr\u00e9visibles et excitants de rencontrer des inconnus en ligne. Pink Video Chat est l'un des nouveaux noms \u00e0 entrer dans cet espace, apportant avec lui une exp\u00e9rience fra\u00eeche, vibrante et color\u00e9e con\u00e7ue pour attirer les utilisateurs qui veulent quelque chose de simple, \u00e9l\u00e9gant et divertissant.<\/p>\n<p>Contrairement aux r\u00e9seaux sociaux traditionnels, Pink Video Chat se limite \u00e0 l'essentiel : connexions instantan\u00e9es, anonymat et facilit\u00e9 d'utilisation. Son image de marque ludique et son design moderne lui permettent de se d\u00e9marquer sur un march\u00e9 encombr\u00e9, o\u00f9 des dizaines d'applications de chat al\u00e9atoires se disputent l'attention.<\/p>\n<p>Dans cette \u00e9tude approfondie, nous allons explorer tout ce que vous devez savoir sur Pink Video Chat - ses caract\u00e9ristiques, sa facilit\u00e9 d'utilisation, sa s\u00e9curit\u00e9, ses avantages et ses inconv\u00e9nients, et comment il se compare \u00e0 des concurrents bien \u00e9tablis comme Omegle, TinyChat, et Chatroulette.<\/p>\n<h2>Qu'est-ce que le chat vid\u00e9o rose ?<\/h2>\n<p>Pink Video Chat est une plateforme de chat vid\u00e9o al\u00e9atoire qui connecte instantan\u00e9ment des inconnus via une webcam et un microphone. Il n'y a pas de processus d'inscription, pas de cr\u00e9ation de profil fastidieux, ni de barri\u00e8res \u00e0 l'entr\u00e9e - il suffit d'appuyer sur le bouton \"d\u00e9marrer\" et vous \u00eates connect\u00e9.<\/p>\n<p>Il s'adresse aux utilisateurs qui :<\/p>\n<ul>\n<li>Vous voulez un moyen rapide et anonyme de rencontrer des gens.<\/li>\n<li>Pr\u00e9f\u00e9rer les interactions vid\u00e9o aux discussions textuelles.<\/li>\n<li>Vous \u00eates curieux de rencontrer des \u00e9trangers dans le monde entier.<\/li>\n<li>Appr\u00e9ciez le frisson de l'impr\u00e9visible.<\/li>\n<\/ul>\n<p>Alors que certains sites de chat se concentrent principalement sur les rencontres ou le r\u00e9seautage social, Pink Video Chat s'oriente davantage vers le divertissement spontan\u00e9 et les rencontres occasionnelles.<\/p>\n<h2>Principales caract\u00e9ristiques de Pink Video Chat<\/h2>\n<p>Voici ce \u00e0 quoi vous pouvez vous attendre lorsque vous utilisez Pink Video Chat :<\/p>\n<h3>1. Correspondance instantan\u00e9e<\/h3>\n<ul>\n<li>Aucune inscription n'est requise.<\/li>\n<li>Un simple clic vous met en relation avec un inconnu.<\/li>\n<li>Passez instantan\u00e9ment \u00e0 la personne suivante.<\/li>\n<\/ul>\n<h3>2. L'anonymat<\/h3>\n<ul>\n<li>Les utilisateurs ne sont pas tenus de r\u00e9v\u00e9ler leur identit\u00e9.<\/li>\n<li>Aucun nom d'utilisateur, aucune biographie, aucune information personnelle n'est n\u00e9cessaire.<\/li>\n<li>L'accent reste mis sur l'interaction en temps r\u00e9el.<\/li>\n<\/ul>\n<h3>3. Chat vid\u00e9o et audio<\/h3>\n<ul>\n<li>Le c\u0153ur de la plateforme tourne autour du chat par webcam en direct.<\/li>\n<li>Solution de repli audio uniquement si vous pr\u00e9f\u00e9rez ne pas utiliser la vid\u00e9o.<\/li>\n<\/ul>\n<h3>4. Convivialit\u00e9 mobile<\/h3>\n<ul>\n<li>Fonctionne sur les navigateurs de bureau et mobiles.<\/li>\n<li>Pas besoin de t\u00e9l\u00e9charger une application, il suffit de visiter le site web.<\/li>\n<\/ul>\n<h3>5. Filtres sur le sexe et le lieu (facultatif)<\/h3>\n<ul>\n<li>En fonction des mises \u00e0 jour, des filtres peuvent \u00eatre disponibles pour les utilisateurs premium.<\/li>\n<li>Permet un ciblage par sexe ou par pays pour des interactions plus personnalis\u00e9es.<\/li>\n<\/ul>\n<h3>6. Libre acc\u00e8s<\/h3>\n<ul>\n<li>La plupart des fonctionnalit\u00e9s de Pink Video Chat sont gratuites.<\/li>\n<li>Les fonctions Premium peuvent d\u00e9bloquer des filtres am\u00e9lior\u00e9s ou une utilisation sans publicit\u00e9.<\/li>\n<\/ul>\n<h2>Comment utiliser Pink Video Chat<\/h2>\n<p>L'utilisation de Pink Video Chat est simple :<\/p>\n<ol>\n<li>Aller sur le site web.<br \/>\nOuvrez Pink Video Chat dans votre navigateur (bureau ou mobile).<\/li>\n<li>Activer les autorisations.<br \/>\nAutorisez l'acc\u00e8s \u00e0 votre appareil photo et \u00e0 votre microphone.<\/li>\n<li>Cliquez sur D\u00e9marrer.<br \/>\nVous \u00eates instantan\u00e9ment jumel\u00e9 \u00e0 un autre utilisateur.<\/li>\n<li>Chat ou Skip.<br \/>\nRestez dans le chat aussi longtemps que vous le souhaitez ou cliquez sur \"Suivant\" pour passer \u00e0 autre chose.<\/li>\n<li>R\u00e9p\u00e9ter.<br \/>\nContinuez \u00e0 vous connecter avec de nouveaux inconnus \u00e0 l'infini.<\/li>\n<\/ol>\n<p>Cette simplicit\u00e9 fait partie du charme de Pink Video Chat : elle \u00e9limine les frictions et se concentre uniquement sur l'aspect ludique.<\/p>\n<h2>L'exp\u00e9rience de l'utilisateur<\/h2>\n<p>Pink Video Chat offre une interface propre, moderne et accueillante. Le th\u00e8me de la marque \"rose\" cr\u00e9e un environnement l\u00e9ger et non intimidant, qui attire les jeunes utilisateurs ainsi que les personnes qui pourraient se sentir nerveuses en utilisant des plateformes \u00e0 l'aspect plus clinique.<\/p>\n<h3>Pour<\/h3>\n<ul>\n<li>Extr\u00eamement facile \u00e0 utiliser.<\/li>\n<li>Aucune inscription n'est requise.<\/li>\n<li>Une image de marque amusante et l\u00e9g\u00e8re.<\/li>\n<li>Acc\u00e8s instantan\u00e9 \u00e0 des \u00e9trangers dans le monde entier.<\/li>\n<\/ul>\n<h3>Cons<\/h3>\n<ul>\n<li>Peut manquer de profondeur par rapport aux applications avec profils et messagerie.<\/li>\n<li>Certains utilisateurs peuvent pr\u00e9f\u00e9rer davantage d'options de filtrage.<\/li>\n<li>D\u00e9pend fortement du comportement de l'utilisateur - la qualit\u00e9 varie.<\/li>\n<\/ul>\n<h2>Pink Video Chat vs. autres plateformes<\/h2>\n<table>\n<thead>\n<tr>\n<th>Fonctionnalit\u00e9<\/th>\n<th>Chat vid\u00e9o rose<\/th>\n<th>Omegle<\/th>\n<th>Chatroulette<\/th>\n<th>ChatHub<\/th>\n<th>Emerald Chat<\/th>\n<th>TinyChat<\/th>\n<\/tr>\n<\/thead>\n<tbody>\n<tr>\n<td>Inscription n\u00e9cessaire<\/td>\n<td>\u274c Non<\/td>\n<td>\u274c Non<\/td>\n<td>\u274c Non<\/td>\n<td>\u274c Non<\/td>\n<td>\u2705 Oui<\/td>\n<td>\u2705 Oui<\/td>\n<\/tr>\n<tr>\n<td>Chat vid\u00e9o<\/td>\n<td>\u2705 Oui<\/td>\n<td>\u2705 Oui<\/td>\n<td>\u2705 Oui<\/td>\n<td>\u2705 Oui<\/td>\n<td>\u2705 Oui<\/td>\n<td>\u2705 Oui<\/td>\n<\/tr>\n<tr>\n<td>Anonymat<\/td>\n<td>\u2705 Fort<\/td>\n<td>\u2705 Fort<\/td>\n<td>\u2705 Fort<\/td>\n<td>\u2705 Mod\u00e9r\u00e9<\/td>\n<td>\u2705 Mod\u00e9r\u00e9<\/td>\n<td>\u274c Faible<\/td>\n<\/tr>\n<tr>\n<td>Filtres<\/td>\n<td>\u26a0\ufe0f Limit\u00e9\/Pay\u00e9<\/td>\n<td>\u274c Non<\/td>\n<td>\u2705 Oui<\/td>\n<td>\u2705 Oui<\/td>\n<td>\u2705 Oui<\/td>\n<td>\u2705 Oui<\/td>\n<\/tr>\n<tr>\n<td>Caract\u00e9ristiques de la communaut\u00e9<\/td>\n<td>\u274c Aucun<\/td>\n<td>\u274c Aucun<\/td>\n<td>\u274c Aucun<\/td>\n<td>\u2705 Minimal<\/td>\n<td>\u2705 Fort<\/td>\n<td>\u2705 Fort<\/td>\n<\/tr>\n<tr>\n<td>Meilleur pour<\/td>\n<td>Rencontres occasionnelles<\/td>\n<td>Amusement al\u00e9atoire<\/td>\n<td>Discussions rapides<\/td>\n<td>Chats filtr\u00e9s<\/td>\n<td>Des conversations plus approfondies<\/td>\n<td>Discussions de groupe<\/td>\n<\/tr>\n<\/tbody>\n<\/table>\n<p>R\u00e9sum\u00e9 : Pink Video Chat est comparable \u00e0 Omegle ou Chatroulette, avec une touche de couleur et de modernit\u00e9. Il n'essaie pas d'\u00eatre un r\u00e9seau social, il se concentre uniquement sur les connexions individuelles al\u00e9atoires.<\/p>\n<h2>Chat vid\u00e9o sur la s\u00e9curit\u00e9 en rose<\/h2>\n<p>Comme toutes les plateformes de chat vid\u00e9o al\u00e9atoire, Pink Video Chat pr\u00e9sente des avantages et des inconv\u00e9nients.<\/p>\n<h3>Outils de s\u00e9curit\u00e9 int\u00e9gr\u00e9s<\/h3>\n<ul>\n<li>Fonctions de rapport et de blocage (selon la version).<\/li>\n<li>Mod\u00e9ration de base pour d\u00e9tecter les contenus inappropri\u00e9s.<\/li>\n<\/ul>\n<h3>Conseils de s\u00e9curit\u00e9 pour les utilisateurs<\/h3>\n<ul>\n<li>Ne communiquez jamais d'informations personnelles (adresse, t\u00e9l\u00e9phone, informations financi\u00e8res).<\/li>\n<li>Mettez imm\u00e9diatement fin aux discussions si quelqu'un vous met mal \u00e0 l'aise.<\/li>\n<li>Utilisation dans des environnements publics ou s\u00fbrs.<\/li>\n<li>Envisagez d'utiliser un r\u00e9seau priv\u00e9 virtuel (VPN) pour plus de confidentialit\u00e9.<\/li>\n<\/ul>\n<p>Les parents doivent \u00e9galement noter que les plateformes de chat vid\u00e9o al\u00e9atoires peuvent exposer les mineurs \u00e0 des contenus pour adultes, et qu'une supervision est donc fortement conseill\u00e9e.<\/p>\n<h2>Conseils pour une meilleure exp\u00e9rience<\/h2>\n<ul>\n<li>Utilisez un bon \u00e9clairage et un angle de prise de vue clair. Vous obtiendrez plus de r\u00e9actions positives.<\/li>\n<li>Les conversations doivent rester l\u00e9g\u00e8res. Le chat al\u00e9atoire est un moyen de s'amuser, pas un moyen de d\u00e9battre.<\/li>\n<li>Utilisez des \u00e9couteurs. Il am\u00e9liore la qualit\u00e9 audio des deux c\u00f4t\u00e9s.<\/li>\n<li>N'h\u00e9sitez pas \u00e0 passer votre tour. Tous les chats ne sont pas forc\u00e9ment adapt\u00e9s.<\/li>\n<\/ul>\n<h2>Pourquoi les gens choisissent le chat vid\u00e9o Pink<\/h2>\n<p>Avec tant de concurrents, pourquoi les utilisateurs choisiraient-ils Pink Video Chat ? La r\u00e9ponse r\u00e9side dans sa simplicit\u00e9 et son style.<\/p>\n<ul>\n<li>Facilit\u00e9 d'utilisation : Pas de compte ni de t\u00e9l\u00e9chargement.<\/li>\n<li>Une image de marque amusante : Le rose est ludique, accueillant et accessible.<\/li>\n<li>Une ambiance d\u00e9contract\u00e9e : moins de pression que sur les sites de rencontres.<\/li>\n<li>Connexion instantan\u00e9e : Parfait pour de courtes p\u00e9riodes de divertissement.<\/li>\n<\/ul>\n<h2>Probl\u00e8mes courants et solutions<\/h2>\n<ol>\n<li>L'appareil photo ne fonctionne pas\n<ol>\n<li>V\u00e9rifier les autorisations du navigateur.<\/li>\n<li>Assurez-vous qu'aucune autre application n'utilise votre appareil photo.<\/li>\n<\/ol>\n<\/li>\n<li>Impossible de trouver des correspondances\n<ol>\n<li>Essayez aux heures de pointe pour avoir plus d'utilisateurs en ligne.<\/li>\n<li>Actualisez votre navigateur.<\/li>\n<\/ol>\n<\/li>\n<li>Faible qualit\u00e9 vid\u00e9o\n<ol>\n<li>Passez en Wi-Fi pour une connexion plus forte.<\/li>\n<li>Fermez les applications ou les onglets en arri\u00e8re-plan.<\/li>\n<\/ol>\n<\/li>\n<\/ol>\n<p>Si vous cherchez un moyen rapide, gratuit et amusant de rencontrer des inconnus, Pink Video Chat est exactement ce qu'il vous faut. Il ne s'agit pas d'une application de rencontre, d'un r\u00e9seau social ou d'une plateforme de chat compliqu\u00e9e, mais d'un outil l\u00e9ger et divertissant.<\/p>\n<p>Pour les personnes qui ont aim\u00e9 Omegle et Chatroulette mais qui veulent quelque chose de frais, Pink Video Chat offre une alternative attrayante avec une touche de marque ludique.<\/p>\n<p>En bref : Pink Video Chat est un outil de connexion instantan\u00e9e d\u00e9contract\u00e9 et sans pression qui vaut la peine d'\u00eatre essay\u00e9 si vous aimez l'impr\u00e9visibilit\u00e9 de la discussion avec des inconnus en ligne.<\/p>","protected":false},"excerpt":{"rendered":"<p>The world of random video chat platforms is constantly evolving. From the early days of Omegle to modern apps like ChatHub, Emerald Chat, and Monkey, people have always sought fun, unpredictable, and exciting ways to meet strangers online. Pink Video Chat is one of the newer names to enter this space, bringing with it a [&hellip;]<\/p>\n","protected":false},"author":6,"featured_media":0,"parent":0,"menu_order":0,"comment_status":"closed","ping_status":"closed","template":"","meta":{"footnotes":""},"class_list":["post-12683","page","type-page","status-publish","hentry"],"yoast_head":"<!-- This site is optimized with the Yoast SEO plugin v27.6 - https:\/\/yoast.com\/product\/yoast-seo-wordpress\/ -->\n<title>Pink Video Chat - Random Video Chat with People - TinyChat.com<\/title>\n<meta name=\"description\" content=\"Enjoying Pink Video Chat? Join over 50,000,000 strangers on TinyChat! Turn on your cam and start meeting new people, or find a match.\" \/>\n<meta name=\"robots\" content=\"index, follow, max-snippet:-1, max-image-preview:large, max-video-preview:-1\" \/>\n<link rel=\"canonical\" href=\"https:\/\/tinychat.com\/fr\/pink-video-chat\/\" \/>\n<meta property=\"og:locale\" content=\"fr_FR\" \/>\n<meta property=\"og:type\" content=\"article\" \/>\n<meta property=\"og:title\" content=\"Pink Video Chat - Random Video Chat with People - TinyChat.com\" \/>\n<meta property=\"og:description\" content=\"Enjoying Pink Video Chat? Join over 50,000,000 strangers on TinyChat! Turn on your cam and start meeting new people, or find a match.\" \/>\n<meta property=\"og:url\" content=\"https:\/\/tinychat.com\/fr\/pink-video-chat\/\" \/>\n<meta property=\"og:site_name\" content=\"TinyChat\" \/>\n<meta property=\"article:publisher\" content=\"https:\/\/www.facebook.com\/tinychat\" \/>\n<meta property=\"article:modified_time\" content=\"2025-08-18T08:20:31+00:00\" \/>\n<meta property=\"og:image\" content=\"https:\/\/tinychat.com\/wp-content\/uploads\/2020\/04\/Tinychat-logo-1280x284-new-black.png\" \/>\n\t<meta property=\"og:image:width\" content=\"1280\" \/>\n\t<meta property=\"og:image:height\" content=\"284\" \/>\n\t<meta property=\"og:image:type\" content=\"image\/png\" \/>\n<meta name=\"twitter:card\" content=\"summary_large_image\" \/>\n<meta name=\"twitter:site\" content=\"@tinychat\" \/>\n<meta name=\"twitter:label1\" content=\"Dur\u00e9e de lecture estim\u00e9e\" \/>\n\t<meta name=\"twitter:data1\" content=\"5 minutes\" \/>\n<script type=\"application\/ld+json\" class=\"yoast-schema-graph\">{\"@context\":\"https:\\\/\\\/schema.org\",\"@graph\":[{\"@type\":\"WebPage\",\"@id\":\"https:\\\/\\\/tinychat.com\\\/pink-video-chat\\\/\",\"url\":\"https:\\\/\\\/tinychat.com\\\/pink-video-chat\\\/\",\"name\":\"Pink Video Chat - Random Video Chat with People - TinyChat.com\",\"isPartOf\":{\"@id\":\"https:\\\/\\\/tinychat.com\\\/#website\"},\"datePublished\":\"2025-08-18T07:35:45+00:00\",\"dateModified\":\"2025-08-18T08:20:31+00:00\",\"description\":\"Enjoying Pink Video Chat? Join over 50,000,000 strangers on TinyChat! Turn on your cam and start meeting new people, or find a match.\",\"breadcrumb\":{\"@id\":\"https:\\\/\\\/tinychat.com\\\/pink-video-chat\\\/#breadcrumb\"},\"inLanguage\":\"fr-FR\",\"potentialAction\":[{\"@type\":\"ReadAction\",\"target\":[\"https:\\\/\\\/tinychat.com\\\/pink-video-chat\\\/\"]}]},{\"@type\":\"BreadcrumbList\",\"@id\":\"https:\\\/\\\/tinychat.com\\\/pink-video-chat\\\/#breadcrumb\",\"itemListElement\":[{\"@type\":\"ListItem\",\"position\":1,\"name\":\"Home\",\"item\":\"https:\\\/\\\/tinychat.com\\\/\"},{\"@type\":\"ListItem\",\"position\":2,\"name\":\"Pink Video Chat\"}]},{\"@type\":\"WebSite\",\"@id\":\"https:\\\/\\\/tinychat.com\\\/#website\",\"url\":\"https:\\\/\\\/tinychat.com\\\/\",\"name\":\"TinyChat\",\"description\":\"Random Video Chat with Strangers\",\"publisher\":{\"@id\":\"https:\\\/\\\/tinychat.com\\\/#organization\"},\"alternateName\":\"TinyChat.com\",\"potentialAction\":[{\"@type\":\"SearchAction\",\"target\":{\"@type\":\"EntryPoint\",\"urlTemplate\":\"https:\\\/\\\/tinychat.com\\\/?s={search_term_string}\"},\"query-input\":{\"@type\":\"PropertyValueSpecification\",\"valueRequired\":true,\"valueName\":\"search_term_string\"}}],\"inLanguage\":\"fr-FR\"},{\"@type\":\"Organization\",\"@id\":\"https:\\\/\\\/tinychat.com\\\/#organization\",\"name\":\"TinyChat\",\"alternateName\":\"TinyChat.com\",\"url\":\"https:\\\/\\\/tinychat.com\\\/\",\"logo\":{\"@type\":\"ImageObject\",\"inLanguage\":\"fr-FR\",\"@id\":\"https:\\\/\\\/tinychat.com\\\/#\\\/schema\\\/logo\\\/image\\\/\",\"url\":\"https:\\\/\\\/tinychat.com\\\/wp-content\\\/uploads\\\/2023\\\/11\\\/Tinychat-icon-square.png\",\"contentUrl\":\"https:\\\/\\\/tinychat.com\\\/wp-content\\\/uploads\\\/2023\\\/11\\\/Tinychat-icon-square.png\",\"width\":284,\"height\":284,\"caption\":\"TinyChat\"},\"image\":{\"@id\":\"https:\\\/\\\/tinychat.com\\\/#\\\/schema\\\/logo\\\/image\\\/\"},\"sameAs\":[\"https:\\\/\\\/www.facebook.com\\\/tinychat\",\"https:\\\/\\\/x.com\\\/tinychat\"]}]}<\/script>\n<!-- \/ Yoast SEO plugin. -->","yoast_head_json":{"title":"Pink Video Chat - Chat vid\u00e9o al\u00e9atoire avec des personnes - TinyChat.com","description":"Vous aimez le Pink Video Chat ? Rejoignez plus de 50 000 000 d'inconnus sur TinyChat ! Allumez votre cam\u00e9ra et commencez \u00e0 rencontrer de nouvelles personnes, ou trouvez un partenaire.","robots":{"index":"index","follow":"follow","max-snippet":"max-snippet:-1","max-image-preview":"max-image-preview:large","max-video-preview":"max-video-preview:-1"},"canonical":"https:\/\/tinychat.com\/fr\/pink-video-chat\/","og_locale":"fr_FR","og_type":"article","og_title":"Pink Video Chat - Random Video Chat with People - TinyChat.com","og_description":"Enjoying Pink Video Chat? Join over 50,000,000 strangers on TinyChat! Turn on your cam and start meeting new people, or find a match.","og_url":"https:\/\/tinychat.com\/fr\/pink-video-chat\/","og_site_name":"TinyChat","article_publisher":"https:\/\/www.facebook.com\/tinychat","article_modified_time":"2025-08-18T08:20:31+00:00","og_image":[{"width":1280,"height":284,"url":"https:\/\/tinychat.com\/wp-content\/uploads\/2020\/04\/Tinychat-logo-1280x284-new-black.png","type":"image\/png"}],"twitter_card":"summary_large_image","twitter_site":"@tinychat","twitter_misc":{"Dur\u00e9e de lecture estim\u00e9e":"5 minutes"},"schema":{"@context":"https:\/\/schema.org","@graph":[{"@type":"WebPage","@id":"https:\/\/tinychat.com\/pink-video-chat\/","url":"https:\/\/tinychat.com\/pink-video-chat\/","name":"Pink Video Chat - Chat vid\u00e9o al\u00e9atoire avec des personnes - TinyChat.com","isPartOf":{"@id":"https:\/\/tinychat.com\/#website"},"datePublished":"2025-08-18T07:35:45+00:00","dateModified":"2025-08-18T08:20:31+00:00","description":"Vous aimez le Pink Video Chat ? Rejoignez plus de 50 000 000 d'inconnus sur TinyChat ! Allumez votre cam\u00e9ra et commencez \u00e0 rencontrer de nouvelles personnes, ou trouvez un partenaire.","breadcrumb":{"@id":"https:\/\/tinychat.com\/pink-video-chat\/#breadcrumb"},"inLanguage":"fr-FR","potentialAction":[{"@type":"ReadAction","target":["https:\/\/tinychat.com\/pink-video-chat\/"]}]},{"@type":"BreadcrumbList","@id":"https:\/\/tinychat.com\/pink-video-chat\/#breadcrumb","itemListElement":[{"@type":"ListItem","position":1,"name":"Home","item":"https:\/\/tinychat.com\/"},{"@type":"ListItem","position":2,"name":"Pink Video Chat"}]},{"@type":"WebSite","@id":"https:\/\/tinychat.com\/#website","url":"https:\/\/tinychat.com\/","name":"TinyChat","description":"Chat vid\u00e9o al\u00e9atoire avec des inconnus","publisher":{"@id":"https:\/\/tinychat.com\/#organization"},"alternateName":"TinyChat.com","potentialAction":[{"@type":"SearchAction","target":{"@type":"EntryPoint","urlTemplate":"https:\/\/tinychat.com\/?s={search_term_string}"},"query-input":{"@type":"PropertyValueSpecification","valueRequired":true,"valueName":"search_term_string"}}],"inLanguage":"fr-FR"},{"@type":"Organization","@id":"https:\/\/tinychat.com\/#organization","name":"TinyChat","alternateName":"TinyChat.com","url":"https:\/\/tinychat.com\/","logo":{"@type":"ImageObject","inLanguage":"fr-FR","@id":"https:\/\/tinychat.com\/#\/schema\/logo\/image\/","url":"https:\/\/tinychat.com\/wp-content\/uploads\/2023\/11\/Tinychat-icon-square.png","contentUrl":"https:\/\/tinychat.com\/wp-content\/uploads\/2023\/11\/Tinychat-icon-square.png","width":284,"height":284,"caption":"TinyChat"},"image":{"@id":"https:\/\/tinychat.com\/#\/schema\/logo\/image\/"},"sameAs":["https:\/\/www.facebook.com\/tinychat","https:\/\/x.com\/tinychat"]}]}},"_links":{"self":[{"href":"https:\/\/tinychat.com\/fr\/wp-json\/wp\/v2\/pages\/12683","targetHints":{"allow":["GET"]}}],"collection":[{"href":"https:\/\/tinychat.com\/fr\/wp-json\/wp\/v2\/pages"}],"about":[{"href":"https:\/\/tinychat.com\/fr\/wp-json\/wp\/v2\/types\/page"}],"author":[{"embeddable":true,"href":"https:\/\/tinychat.com\/fr\/wp-json\/wp\/v2\/users\/6"}],"replies":[{"embeddable":true,"href":"https:\/\/tinychat.com\/fr\/wp-json\/wp\/v2\/comments?post=12683"}],"version-history":[{"count":3,"href":"https:\/\/tinychat.com\/fr\/wp-json\/wp\/v2\/pages\/12683\/revisions"}],"predecessor-version":[{"id":13461,"href":"https:\/\/tinychat.com\/fr\/wp-json\/wp\/v2\/pages\/12683\/revisions\/13461"}],"wp:attachment":[{"href":"https:\/\/tinychat.com\/fr\/wp-json\/wp\/v2\/media?parent=12683"}],"curies":[{"name":"wp","href":"https:\/\/api.w.org\/{rel}","templated":true}]}}