{"id":12712,"date":"2025-08-27T08:51:13","date_gmt":"2025-08-27T06:51:13","guid":{"rendered":"https:\/\/tinychat.com\/?page_id=12712"},"modified":"2025-08-27T09:28:35","modified_gmt":"2025-08-27T07:28:35","slug":"xmegle","status":"publish","type":"page","link":"https:\/\/tinychat.com\/fr\/xmegle\/","title":{"rendered":"Xmegle"},"content":{"rendered":"<p>L'internet a toujours \u00e9t\u00e9 un lieu o\u00f9 la curiosit\u00e9 rencontre la connexion. Des premiers salons de discussion aux plateformes de chat vid\u00e9o d'aujourd'hui, les gens ont \u00e9t\u00e9 attir\u00e9s par le plaisir de rencontrer quelqu'un de nouveau, compl\u00e8tement au hasard. Parmi les plateformes qui perp\u00e9tuent cette tradition, Xmegle est apparu comme une nouvelle alternative, un site qui capture la spontan\u00e9it\u00e9 et la simplicit\u00e9 du chat vid\u00e9o al\u00e9atoire classique tout en offrant un design plus moderne et une exp\u00e9rience plus fluide.<\/p>\n<p>Pour beaucoup, Xmegle est un moyen de se d\u00e9tendre, d'explorer diff\u00e9rentes cultures, de pratiquer des langues ou simplement de passer le temps avec des inconnus du monde entier. Il \u00e9limine les complexit\u00e9s des m\u00e9dias sociaux et des rencontres en ligne, pour se concentrer sur l'essentiel : une vraie conversation avec quelqu'un que vous n'avez jamais rencontr\u00e9 auparavant.<\/p>\n<p>Dans cet article d\u00e9taill\u00e9, nous examinerons ce qu'est le Xmegle, ses caract\u00e9ristiques, son fonctionnement, l'exp\u00e9rience de l'utilisateur et sa comparaison avec d'autres plateformes, ainsi que des astuces, des conseils de d\u00e9pannage et de s\u00e9curit\u00e9 pour en tirer le meilleur parti.<\/p>\n<h2>Qu'est-ce que le Xmegle ?<\/h2>\n<p>Xmegle est une plateforme de chat vid\u00e9o al\u00e9atoire con\u00e7ue pour mettre instantan\u00e9ment en relation des inconnus pour des conversations en t\u00eate-\u00e0-t\u00eate. L'id\u00e9e est simple : cliquez sur \"D\u00e9marrer\", activez votre cam\u00e9ra et votre microphone et, en quelques secondes, vous vous retrouvez face \u00e0 face avec quelqu'un de n'importe o\u00f9 dans le monde.<\/p>\n<p>Contrairement aux sites de r\u00e9seautage social traditionnels, Xmegle ne s'appuie pas sur.. :<\/p>\n<ul>\n<li>Longues proc\u00e9dures d'inscription.<\/li>\n<li>Profils d\u00e9taill\u00e9s.<\/li>\n<li>Algorithmes pr\u00e9-appari\u00e9s.<\/li>\n<\/ul>\n<p>Au lieu de cela, il s'appuie sur l'excitation du hasard. Chaque chat est diff\u00e9rent et vous ne savez jamais qui vous rencontrerez ensuite. Cette impr\u00e9visibilit\u00e9 est au c\u0153ur de l'attrait des plateformes telles que Xmegle.<\/p>\n<p>Il met \u00e9galement l'accent sur l'anonymat. Vous n'avez pas \u00e0 r\u00e9v\u00e9ler votre vrai nom, votre lieu de r\u00e9sidence ou vos coordonn\u00e9es personnelles. Cette libert\u00e9 favorise les conversations naturelles, o\u00f9 les gens peuvent simplement parler sans pression.<\/p>\n<h2>Caract\u00e9ristiques principales de Xmegle<\/h2>\n<p>Le Xmegle peut sembler minimal en surface, mais il contient l'essentiel pour des discussions vid\u00e9o al\u00e9atoires fluides et agr\u00e9ables.<\/p>\n<h3>1. Chat vid\u00e9o al\u00e9atoire instantan\u00e9<\/h3>\n<ul>\n<li>Aucun compte n'est n\u00e9cessaire, il suffit de cliquer et de commencer.<\/li>\n<li>Les correspondances se font en quelques secondes avec un temps d'arr\u00eat minimal.<\/li>\n<li>Possibilit\u00e9 de sauter instantan\u00e9ment si une conversation ne fonctionne pas.<\/li>\n<li>Favorise les interactions naturelles et sans pression.<\/li>\n<\/ul>\n<h3>2. Base mondiale d'utilisateurs<\/h3>\n<ul>\n<li>Entrez en contact avec des personnes de pays et d'horizons diff\u00e9rents.<\/li>\n<li>L'\u00e9change culturel est un facteur d'attraction important : les utilisateurs se connectent souvent pour apprendre \u00e0 conna\u00eetre les autres.<\/li>\n<li>Les fuseaux horaires influent sur la disponibilit\u00e9 des utilisateurs, ce qui rend les heures de pointe plus anim\u00e9es.<\/li>\n<\/ul>\n<h3>3. Int\u00e9gration du texte et de la vid\u00e9o<\/h3>\n<ul>\n<li>Passez facilement du chat par webcam aux messages textuels.<\/li>\n<li>Le chat textuel est utile si l'audio est instable ou si vous souhaitez une introduction plus l\u00e9g\u00e8re.<\/li>\n<li>Certains utilisateurs pr\u00e9f\u00e8rent commencer \u00e0 taper avant d'afficher leur flux vid\u00e9o.<\/li>\n<\/ul>\n<h3>4. Anonymat et vie priv\u00e9e<\/h3>\n<ul>\n<li>Pas de profils, pas de comptes, pas de donn\u00e9es permanentes.<\/li>\n<li>Les chats sont temporaires et disparaissent d\u00e8s que vous quittez le site.<\/li>\n<li>Les utilisateurs peuvent d\u00e9cider de la quantit\u00e9 de renseignements qu'ils souhaitent divulguer.<\/li>\n<\/ul>\n<h3>5. Conception adapt\u00e9e aux mobiles<\/h3>\n<ul>\n<li>Optimis\u00e9 pour les navigateurs mobiles et les ordinateurs de bureau.<\/li>\n<li>Aucune application n'est n\u00e9cessaire : il suffit de consulter le site web.<\/li>\n<li>Facile \u00e0 utiliser, m\u00eame sur des appareils plus lents.<\/li>\n<\/ul>\n<h3>6. La simplicit\u00e9 plut\u00f4t que la complexit\u00e9<\/h3>\n<ul>\n<li>Xmegle n'inclut pas les jeux, les flux sociaux ou la cr\u00e9ation de profils.<\/li>\n<li>L'accent est mis sur ce que les gens veulent le plus : des conversations rapides et r\u00e9elles.<\/li>\n<\/ul>\n<h2>Comment utiliser Xmegle<\/h2>\n<p>D\u00e9marrer sur Xmegle prend moins d'une minute.<\/p>\n<h3>\u00c9tape 1 : Visiter le site web<\/h3>\n<ul>\n<li>Ouvrez Xmegle sur le navigateur de votre ordinateur ou de votre t\u00e9l\u00e9phone portable.<\/li>\n<\/ul>\n<h3>\u00c9tape 2 : Activation des autorisations<\/h3>\n<ul>\n<li>Autoriser l'acc\u00e8s \u00e0 la cam\u00e9ra et au microphone pour le chat vid\u00e9o.<\/li>\n<\/ul>\n<h3>\u00c9tape 3 : Cliquez sur D\u00e9marrer<\/h3>\n<ul>\n<li>Vous \u00eates instantan\u00e9ment mis en relation avec un inconnu au hasard.<\/li>\n<\/ul>\n<h3>\u00c9tape 4 : Discuter ou passer<\/h3>\n<ul>\n<li>Restez et parlez si vous appr\u00e9ciez la conversation.<\/li>\n<li>Ou appuyez sur \"Suivant\" pour passer \u00e0 une autre personne.<\/li>\n<\/ul>\n<h3>\u00c9tape 5 : R\u00e9p\u00e9ter<\/h3>\n<ul>\n<li>Continuez \u00e0 vous connecter aussi longtemps que vous le souhaitez, il n'y a pas de limite.<\/li>\n<\/ul>\n<p>C'est ce mode de fonctionnement qui rend Xmegle accessible \u00e0 tous, que vous disposiez de cinq minutes ou d'une soir\u00e9e enti\u00e8re.<\/p>\n<h2>Exp\u00e9rience utilisateur sur Xmegle<\/h2>\n<p>Xmegle s'articule autour de l'id\u00e9e d'interactions rapides et sans friction.<\/p>\n<h3>Ce que les utilisateurs aiment<\/h3>\n<ul>\n<li>Correspondance instantan\u00e9e sans connexion.<\/li>\n<li>L'anonymat, qui r\u00e9duit la pression.<\/li>\n<li>Interface simple, sans distraction.<\/li>\n<li>Libert\u00e9 de passer rapidement \u00e0 autre chose si le chat ne fonctionne pas.<\/li>\n<li>Navigation adapt\u00e9e aux mobiles pour des discussions en d\u00e9placement.<\/li>\n<\/ul>\n<h3>Ce que les utilisateurs trouvent limitant<\/h3>\n<ul>\n<li>Pas de filtres avanc\u00e9s (comme le sexe ou la localisation) par d\u00e9faut.<\/li>\n<li>Pas d'option \"ami\" ou de reconnexion si vous perdez une bonne discussion.<\/li>\n<li>Le hasard fait que vous pouvez rencontrer des personnes qui ne vous conviennent pas.<\/li>\n<li>Pool d'utilisateurs plus restreint par rapport \u00e0 des g\u00e9ants comme Omegle.<\/li>\n<\/ul>\n<p>N\u00e9anmoins, la majorit\u00e9 des utilisateurs appr\u00e9cient l'approche basique de Xmegle, qui se rapproche de l'amusement brut qui a rendu le chat al\u00e9atoire populaire en premier lieu.<\/p>\n<h2>Xmegle vs. autres plateformes de chat vid\u00e9o al\u00e9atoire<\/h2>\n<p>Comment le Xmegle se situe-t-il par rapport \u00e0 d'autres plates-formes bien connues ?<\/p>\n<table>\n<thead>\n<tr>\n<th>Fonctionnalit\u00e9<\/th>\n<th>Xmegle<\/th>\n<th>Omegle<\/th>\n<th>Chatroulette<\/th>\n<th>ChatHub<\/th>\n<th>Emerald Chat<\/th>\n<th>Singe<\/th>\n<\/tr>\n<\/thead>\n<tbody>\n<tr>\n<td>Chat vid\u00e9o instantan\u00e9<\/td>\n<td>\u2705 Oui<\/td>\n<td>\u2705 Oui<\/td>\n<td>\u2705 Oui<\/td>\n<td>\u2705 Oui<\/td>\n<td>\u2705 Oui<\/td>\n<td>\u2705 Oui<\/td>\n<\/tr>\n<tr>\n<td>Option de chat textuel<\/td>\n<td>\u2705 Oui<\/td>\n<td>\u2705 Oui<\/td>\n<td>\u2705 Oui<\/td>\n<td>\u2705 Oui<\/td>\n<td>\u2705 Oui<\/td>\n<td>\u2705 Oui<\/td>\n<\/tr>\n<tr>\n<td>Anonymat<\/td>\n<td>\u2705 Fort<\/td>\n<td>\u2705 Fort<\/td>\n<td>\u2705 Fort<\/td>\n<td>\u2705 Mod\u00e9r\u00e9<\/td>\n<td>\u2705 Mod\u00e9r\u00e9<\/td>\n<td>\u26a0\ufe0f Limited<\/td>\n<\/tr>\n<tr>\n<td>Filtres (sexe\/localisation)<\/td>\n<td>\u274c Non<\/td>\n<td>\u274c Non<\/td>\n<td>\u2705 Limit\u00e9e<\/td>\n<td>\u2705 Oui<\/td>\n<td>\u2705 Oui<\/td>\n<td>\u2705 Oui<\/td>\n<\/tr>\n<tr>\n<td>Syst\u00e8me Ami\/Suivi<\/td>\n<td>\u274c Non<\/td>\n<td>\u274c Non<\/td>\n<td>\u274c Non<\/td>\n<td>\u2705 Oui<\/td>\n<td>\u2705 Oui<\/td>\n<td>\u2705 Oui<\/td>\n<\/tr>\n<tr>\n<td>Adapt\u00e9e aux mobiles<\/td>\n<td>\u2705 Oui<\/td>\n<td>\u2705 Oui<\/td>\n<td>\u2705 Oui<\/td>\n<td>\u2705 Oui<\/td>\n<td>\u2705 Oui<\/td>\n<td>\u2705 Oui<\/td>\n<\/tr>\n<tr>\n<td>Caract\u00e9ristiques suppl\u00e9mentaires<\/td>\n<td>\u274c Minimal<\/td>\n<td>\u274c Minimal<\/td>\n<td>\u274c Minimal<\/td>\n<td>\u2705 Fort<\/td>\n<td>\u2705 Fort<\/td>\n<td>\u2705 Fort<\/td>\n<\/tr>\n<\/tbody>\n<\/table>\n<p>R\u00e9sum\u00e9 : Xmegle s'adresse \u00e0 ceux qui privil\u00e9gient la vitesse, la confidentialit\u00e9 et la simplicit\u00e9 plut\u00f4t que les modules compl\u00e9mentaires. Si vous voulez des filtres, des listes d'amis ou un environnement plus communautaire, des plateformes comme Emerald Chat ou ChatHub peuvent \u00eatre plus adapt\u00e9es. Mais si vous voulez une discussion pure et instantan\u00e9e, Xmegle est \u00e0 la hauteur.<\/p>\n<h2>Le Xmegle est-il s\u00fbr ?<\/h2>\n<p>La s\u00e9curit\u00e9 est une pr\u00e9occupation commune \u00e0 toutes les plateformes de chat vid\u00e9o al\u00e9atoire. Xmegle offre un anonymat de base, mais n'exige pas d'enregistrement ni de compte. Cela vous donne de la libert\u00e9, mais cela signifie aussi que vous devez faire preuve de bon sens.<\/p>\n<h3>S\u00e9curit\u00e9 int\u00e9gr\u00e9e<\/h3>\n<ul>\n<li>L'anonymat par d\u00e9faut.<\/li>\n<li>Bouton de saut pour quitter instantan\u00e9ment les chats g\u00eanants.<\/li>\n<li>Conversations temporaires - rien n'est stock\u00e9 publiquement.<\/li>\n<\/ul>\n<h3>Conseils de s\u00e9curit\u00e9 pour les utilisateurs<\/h3>\n<ul>\n<li>Ne communiquez jamais vos donn\u00e9es personnelles (nom, adresse, num\u00e9ro de t\u00e9l\u00e9phone, informations financi\u00e8res).<\/li>\n<li>Mettez fin aux discussions qui vous mettent mal \u00e0 l'aise.<\/li>\n<li>Utiliser dans un environnement s\u00fbr et priv\u00e9.<\/li>\n<li>Les parents doivent surveiller de pr\u00e8s les jeunes utilisateurs.<\/li>\n<li>Envisagez d'utiliser un r\u00e9seau priv\u00e9 virtuel (VPN) pour plus de confidentialit\u00e9.<\/li>\n<\/ul>\n<h2>Conseils pour tirer le meilleur parti de Xmegle<\/h2>\n<p>Pour optimiser votre exp\u00e9rience :<\/p>\n<ul>\n<li>Explorez la diversit\u00e9 mondiale : Acceptez le hasard - ne cherchez pas toujours des correspondances locales.<\/li>\n<li>Essayez les heures de pointe : L'activit\u00e9 varie ; les soirs et les week-ends, le nombre d'utilisateurs en ligne est plus \u00e9lev\u00e9.<\/li>\n<li>Utilisez un bon \u00e9clairage : Une vid\u00e9o claire am\u00e9liore la premi\u00e8re impression.<\/li>\n<li>Gardez les conversations l\u00e9g\u00e8res : Les gens r\u00e9agissent mieux \u00e0 l'humour et aux sujets d\u00e9contract\u00e9s.<\/li>\n<li>Utilisez la fonction \"sauter\" avec parcimonie : Toutes les correspondances ne sont pas forc\u00e9ment bonnes \u00e0 prendre - continuez jusqu'\u00e0 ce que vous en trouviez une.<\/li>\n<li>Utilisez des \u00e9couteurs : Meilleure qualit\u00e9 audio pour les deux parties.<\/li>\n<\/ul>\n<h2>Probl\u00e8mes courants et solutions<\/h2>\n<h3>L'appareil photo ou le micro ne fonctionne pas<\/h3>\n<ul>\n<li>V\u00e9rifier les autorisations du navigateur.<\/li>\n<li>Assurez-vous qu'aucune autre application n'utilise votre appareil photo.<\/li>\n<li>Red\u00e9marrer le navigateur ou l'appareil.<\/li>\n<\/ul>\n<h3>Aucune correspondance trouv\u00e9e<\/h3>\n<ul>\n<li>Actualiser la page.<\/li>\n<li>Essayez \u00e0 des heures diff\u00e9rentes (heures de pointe).<\/li>\n<\/ul>\n<h3>Mauvaise qualit\u00e9 vid\u00e9o<\/h3>\n<ul>\n<li>Utilisez le Wi-Fi au lieu des donn\u00e9es mobiles.<\/li>\n<li>Fermez les autres applications qui utilisent la bande passante.<\/li>\n<\/ul>\n<h3>Rencontre avec un comportement n\u00e9gatif<\/h3>\n<ul>\n<li>Passer imm\u00e9diatement.<\/li>\n<li>S'il est disponible, signalez l'utilisateur.<\/li>\n<\/ul>\n<h2>Pourquoi les gens choisissent Xmegle<\/h2>\n<p>Face \u00e0 tant de concurrents, qu'est-ce qui rend le Xmegle si attrayant ?<\/p>\n<ul>\n<li>C'est rapide. Pas de compte, pas de formulaire, juste une discussion instantan\u00e9e.<\/li>\n<li>Il est anonyme. Parfait pour des interactions sans pression.<\/li>\n<li>Il est moderne. Son design \u00e9pur\u00e9 et sa prise en charge mobile le rendent facile \u00e0 utiliser.<\/li>\n<li>C'est simple. Il met l'accent sur les personnes et non sur les fonctionnalit\u00e9s.<\/li>\n<\/ul>\n<p>Pour beaucoup, il s'agit d'une r\u00e9incarnation moderne de Omegle, mais avec un aspect plus frais et une exp\u00e9rience plus fluide.<\/p>\n<p>Si vous recherchez une exp\u00e9rience de chat vid\u00e9o purement al\u00e9atoire, facile, anonyme et accessible, Xmegle m\u00e9rite absolument d'\u00eatre essay\u00e9. Il ne dispose pas de toutes les fonctionnalit\u00e9s des plateformes plus avanc\u00e9es, mais c'est pr\u00e9cis\u00e9ment ce qui fait sa force : il est minimaliste et simple, con\u00e7u pour les personnes qui souhaitent simplement se connecter.<\/p>\n<p>Que vous soyez d'humeur \u00e0 rire rapidement, \u00e0 participer \u00e0 un \u00e9change culturel int\u00e9ressant ou simplement \u00e0 passer le temps, Xmegle vous offre l'excitation de l'impr\u00e9visibilit\u00e9 qui a toujours caract\u00e9ris\u00e9 les discussions al\u00e9atoires.<\/p>\n<p>En bref : Xmegle est une alternative rapide, moderne et simple qui capture le c\u0153ur du chat vid\u00e9o al\u00e9atoire tout en gardant l'exp\u00e9rience propre et conviviale.<\/p>\n<p>Pr\u00eat \u00e0 commencer ? Visitez le site Xmegle, cliquez sur \"commencer\" et voyez qui vous rencontrerez ensuite.<\/p>","protected":false},"excerpt":{"rendered":"<p>The internet has always been a place where curiosity meets connection. From early chatrooms to today\u2019s video chat platforms, people have been drawn to the thrill of meeting someone new, completely at random. Among the platforms that continue this tradition, Xmegle has emerged as a fresh alternative\u2014a site that captures the spontaneity and simplicity of [&hellip;]<\/p>\n","protected":false},"author":6,"featured_media":0,"parent":0,"menu_order":0,"comment_status":"closed","ping_status":"closed","template":"","meta":{"footnotes":""},"class_list":["post-12712","page","type-page","status-publish","hentry"],"yoast_head":"<!-- This site is optimized with the Yoast SEO plugin v27.5 - https:\/\/yoast.com\/product\/yoast-seo-wordpress\/ -->\n<title>Xmegle - Live Video Chat With Girls - TinyChat.com<\/title>\n<meta name=\"description\" content=\"Enjoying Xmegle? Join over 50,000,000 strangers on TinyChat! Turn on your cam and start meeting new people, or find a match.\" \/>\n<meta name=\"robots\" content=\"index, follow, max-snippet:-1, max-image-preview:large, max-video-preview:-1\" \/>\n<link rel=\"canonical\" href=\"https:\/\/tinychat.com\/fr\/xmegle\/\" \/>\n<meta property=\"og:locale\" content=\"fr_FR\" \/>\n<meta property=\"og:type\" content=\"article\" \/>\n<meta property=\"og:title\" content=\"Xmegle - Live Video Chat With Girls - TinyChat.com\" \/>\n<meta property=\"og:description\" content=\"Enjoying Xmegle? Join over 50,000,000 strangers on TinyChat! Turn on your cam and start meeting new people, or find a match.\" \/>\n<meta property=\"og:url\" content=\"https:\/\/tinychat.com\/fr\/xmegle\/\" \/>\n<meta property=\"og:site_name\" content=\"TinyChat\" \/>\n<meta property=\"article:publisher\" content=\"https:\/\/www.facebook.com\/tinychat\" \/>\n<meta property=\"article:modified_time\" content=\"2025-08-27T07:28:35+00:00\" \/>\n<meta property=\"og:image\" content=\"https:\/\/tinychat.com\/wp-content\/uploads\/2020\/04\/Tinychat-logo-1280x284-new-black.png\" \/>\n\t<meta property=\"og:image:width\" content=\"1280\" \/>\n\t<meta property=\"og:image:height\" content=\"284\" \/>\n\t<meta property=\"og:image:type\" content=\"image\/png\" \/>\n<meta name=\"twitter:card\" content=\"summary_large_image\" \/>\n<meta name=\"twitter:site\" content=\"@tinychat\" \/>\n<meta name=\"twitter:label1\" content=\"Dur\u00e9e de lecture estim\u00e9e\" \/>\n\t<meta name=\"twitter:data1\" content=\"6 minutes\" \/>\n<script type=\"application\/ld+json\" class=\"yoast-schema-graph\">{\"@context\":\"https:\\\/\\\/schema.org\",\"@graph\":[{\"@type\":\"WebPage\",\"@id\":\"https:\\\/\\\/tinychat.com\\\/xmegle\\\/\",\"url\":\"https:\\\/\\\/tinychat.com\\\/xmegle\\\/\",\"name\":\"Xmegle - Live Video Chat With Girls - TinyChat.com\",\"isPartOf\":{\"@id\":\"https:\\\/\\\/tinychat.com\\\/#website\"},\"datePublished\":\"2025-08-27T06:51:13+00:00\",\"dateModified\":\"2025-08-27T07:28:35+00:00\",\"description\":\"Enjoying Xmegle? Join over 50,000,000 strangers on TinyChat! Turn on your cam and start meeting new people, or find a match.\",\"breadcrumb\":{\"@id\":\"https:\\\/\\\/tinychat.com\\\/xmegle\\\/#breadcrumb\"},\"inLanguage\":\"fr-FR\",\"potentialAction\":[{\"@type\":\"ReadAction\",\"target\":[\"https:\\\/\\\/tinychat.com\\\/xmegle\\\/\"]}]},{\"@type\":\"BreadcrumbList\",\"@id\":\"https:\\\/\\\/tinychat.com\\\/xmegle\\\/#breadcrumb\",\"itemListElement\":[{\"@type\":\"ListItem\",\"position\":1,\"name\":\"Home\",\"item\":\"https:\\\/\\\/tinychat.com\\\/\"},{\"@type\":\"ListItem\",\"position\":2,\"name\":\"Xmegle\"}]},{\"@type\":\"WebSite\",\"@id\":\"https:\\\/\\\/tinychat.com\\\/#website\",\"url\":\"https:\\\/\\\/tinychat.com\\\/\",\"name\":\"TinyChat\",\"description\":\"Random Video Chat with Strangers\",\"publisher\":{\"@id\":\"https:\\\/\\\/tinychat.com\\\/#organization\"},\"alternateName\":\"TinyChat.com\",\"potentialAction\":[{\"@type\":\"SearchAction\",\"target\":{\"@type\":\"EntryPoint\",\"urlTemplate\":\"https:\\\/\\\/tinychat.com\\\/?s={search_term_string}\"},\"query-input\":{\"@type\":\"PropertyValueSpecification\",\"valueRequired\":true,\"valueName\":\"search_term_string\"}}],\"inLanguage\":\"fr-FR\"},{\"@type\":\"Organization\",\"@id\":\"https:\\\/\\\/tinychat.com\\\/#organization\",\"name\":\"TinyChat\",\"alternateName\":\"TinyChat.com\",\"url\":\"https:\\\/\\\/tinychat.com\\\/\",\"logo\":{\"@type\":\"ImageObject\",\"inLanguage\":\"fr-FR\",\"@id\":\"https:\\\/\\\/tinychat.com\\\/#\\\/schema\\\/logo\\\/image\\\/\",\"url\":\"https:\\\/\\\/tinychat.com\\\/wp-content\\\/uploads\\\/2023\\\/11\\\/Tinychat-icon-square.png\",\"contentUrl\":\"https:\\\/\\\/tinychat.com\\\/wp-content\\\/uploads\\\/2023\\\/11\\\/Tinychat-icon-square.png\",\"width\":284,\"height\":284,\"caption\":\"TinyChat\"},\"image\":{\"@id\":\"https:\\\/\\\/tinychat.com\\\/#\\\/schema\\\/logo\\\/image\\\/\"},\"sameAs\":[\"https:\\\/\\\/www.facebook.com\\\/tinychat\",\"https:\\\/\\\/x.com\\\/tinychat\"]}]}<\/script>\n<!-- \/ Yoast SEO plugin. -->","yoast_head_json":{"title":"Xmegle - Chat vid\u00e9o en direct avec des filles - TinyChat.com","description":"Vous aimez Xmegle ? Rejoignez plus de 50 000 000 d'inconnus sur TinyChat ! Allumez votre cam\u00e9ra et commencez \u00e0 rencontrer de nouvelles personnes, ou trouvez un partenaire.","robots":{"index":"index","follow":"follow","max-snippet":"max-snippet:-1","max-image-preview":"max-image-preview:large","max-video-preview":"max-video-preview:-1"},"canonical":"https:\/\/tinychat.com\/fr\/xmegle\/","og_locale":"fr_FR","og_type":"article","og_title":"Xmegle - Live Video Chat With Girls - TinyChat.com","og_description":"Enjoying Xmegle? Join over 50,000,000 strangers on TinyChat! Turn on your cam and start meeting new people, or find a match.","og_url":"https:\/\/tinychat.com\/fr\/xmegle\/","og_site_name":"TinyChat","article_publisher":"https:\/\/www.facebook.com\/tinychat","article_modified_time":"2025-08-27T07:28:35+00:00","og_image":[{"width":1280,"height":284,"url":"https:\/\/tinychat.com\/wp-content\/uploads\/2020\/04\/Tinychat-logo-1280x284-new-black.png","type":"image\/png"}],"twitter_card":"summary_large_image","twitter_site":"@tinychat","twitter_misc":{"Dur\u00e9e de lecture estim\u00e9e":"6 minutes"},"schema":{"@context":"https:\/\/schema.org","@graph":[{"@type":"WebPage","@id":"https:\/\/tinychat.com\/xmegle\/","url":"https:\/\/tinychat.com\/xmegle\/","name":"Xmegle - Chat vid\u00e9o en direct avec des filles - TinyChat.com","isPartOf":{"@id":"https:\/\/tinychat.com\/#website"},"datePublished":"2025-08-27T06:51:13+00:00","dateModified":"2025-08-27T07:28:35+00:00","description":"Vous aimez Xmegle ? Rejoignez plus de 50 000 000 d'inconnus sur TinyChat ! Allumez votre cam\u00e9ra et commencez \u00e0 rencontrer de nouvelles personnes, ou trouvez un partenaire.","breadcrumb":{"@id":"https:\/\/tinychat.com\/xmegle\/#breadcrumb"},"inLanguage":"fr-FR","potentialAction":[{"@type":"ReadAction","target":["https:\/\/tinychat.com\/xmegle\/"]}]},{"@type":"BreadcrumbList","@id":"https:\/\/tinychat.com\/xmegle\/#breadcrumb","itemListElement":[{"@type":"ListItem","position":1,"name":"Home","item":"https:\/\/tinychat.com\/"},{"@type":"ListItem","position":2,"name":"Xmegle"}]},{"@type":"WebSite","@id":"https:\/\/tinychat.com\/#website","url":"https:\/\/tinychat.com\/","name":"TinyChat","description":"Chat vid\u00e9o al\u00e9atoire avec des inconnus","publisher":{"@id":"https:\/\/tinychat.com\/#organization"},"alternateName":"TinyChat.com","potentialAction":[{"@type":"SearchAction","target":{"@type":"EntryPoint","urlTemplate":"https:\/\/tinychat.com\/?s={search_term_string}"},"query-input":{"@type":"PropertyValueSpecification","valueRequired":true,"valueName":"search_term_string"}}],"inLanguage":"fr-FR"},{"@type":"Organization","@id":"https:\/\/tinychat.com\/#organization","name":"TinyChat","alternateName":"TinyChat.com","url":"https:\/\/tinychat.com\/","logo":{"@type":"ImageObject","inLanguage":"fr-FR","@id":"https:\/\/tinychat.com\/#\/schema\/logo\/image\/","url":"https:\/\/tinychat.com\/wp-content\/uploads\/2023\/11\/Tinychat-icon-square.png","contentUrl":"https:\/\/tinychat.com\/wp-content\/uploads\/2023\/11\/Tinychat-icon-square.png","width":284,"height":284,"caption":"TinyChat"},"image":{"@id":"https:\/\/tinychat.com\/#\/schema\/logo\/image\/"},"sameAs":["https:\/\/www.facebook.com\/tinychat","https:\/\/x.com\/tinychat"]}]}},"_links":{"self":[{"href":"https:\/\/tinychat.com\/fr\/wp-json\/wp\/v2\/pages\/12712","targetHints":{"allow":["GET"]}}],"collection":[{"href":"https:\/\/tinychat.com\/fr\/wp-json\/wp\/v2\/pages"}],"about":[{"href":"https:\/\/tinychat.com\/fr\/wp-json\/wp\/v2\/types\/page"}],"author":[{"embeddable":true,"href":"https:\/\/tinychat.com\/fr\/wp-json\/wp\/v2\/users\/6"}],"replies":[{"embeddable":true,"href":"https:\/\/tinychat.com\/fr\/wp-json\/wp\/v2\/comments?post=12712"}],"version-history":[{"count":5,"href":"https:\/\/tinychat.com\/fr\/wp-json\/wp\/v2\/pages\/12712\/revisions"}],"predecessor-version":[{"id":13473,"href":"https:\/\/tinychat.com\/fr\/wp-json\/wp\/v2\/pages\/12712\/revisions\/13473"}],"wp:attachment":[{"href":"https:\/\/tinychat.com\/fr\/wp-json\/wp\/v2\/media?parent=12712"}],"curies":[{"name":"wp","href":"https:\/\/api.w.org\/{rel}","templated":true}]}}