{"id":12724,"date":"2025-08-07T10:14:49","date_gmt":"2025-08-07T08:14:49","guid":{"rendered":"https:\/\/tinychat.com\/?page_id=12724"},"modified":"2025-08-07T11:00:11","modified_gmt":"2025-08-07T09:00:11","slug":"incognito-chat","status":"publish","type":"page","link":"https:\/\/tinychat.com\/fr\/incognito-chat\/","title":{"rendered":"Chat Incognito"},"content":{"rendered":"<p>Avez-vous d\u00e9j\u00e0 eu envie de parler \u00e0 quelqu'un en ligne, de lui poser une question, de partager une anecdote ou simplement de discuter, sans r\u00e9v\u00e9ler votre identit\u00e9 ? C'est l\u00e0 tout l'attrait du chat incognito : une confidentialit\u00e9 totale, une libert\u00e9 totale et de vraies conversations, sans avoir besoin de montrer votre visage ou de partager votre nom.<\/p>\n<p>Que vous soyez \u00e0 la recherche d'un espace s\u00fbr pour discuter de sujets personnels, que vous souhaitiez rencontrer de nouvelles personnes sans pression ou que vous ayez simplement envie de profiter de l'anonymat total, les salons de discussion et les applications incognito sont votre cachette num\u00e9rique. Voici tout ce que vous devez savoir sur le chat en mode incognito et sur les raisons de sa popularit\u00e9.<\/p>\n<h2>Qu'est-ce que le chat incognito ?<\/h2>\n<p>Le chat incognito fait r\u00e9f\u00e9rence aux plateformes, applications ou salons de chat en ligne qui permettent aux utilisateurs de discuter avec d'autres personnes de mani\u00e8re anonyme. Contrairement aux m\u00e9dias sociaux ou aux applications de messagerie traditionnelles, vous n'avez pas besoin de vous inscrire avec votre vrai nom, d'utiliser votre photo ou m\u00eame de cr\u00e9er un profil. Vous \u00eates libre d'\u00eatre n'importe qui (ou personne) tout en ayant des conversations authentiques.<\/p>\n<p>Le chat incognito en ligne, c'est tout cela :<\/p>\n<ul>\n<li>Anonymat : Pas besoin de r\u00e9v\u00e9ler votre identit\u00e9 : utilisez un surnom, restez \"incognito\" ou laissez l'application g\u00e9n\u00e9rer un nom al\u00e9atoire pour vous.<\/li>\n<li>Confidentialit\u00e9 : Les conversations ne sont pas li\u00e9es \u00e0 vos comptes et ne sont g\u00e9n\u00e9ralement pas sauvegard\u00e9es.<\/li>\n<li>La libert\u00e9 : Dites ce que vous pensez sans craindre d'\u00eatre jug\u00e9 ou de subir des cons\u00e9quences.<\/li>\n<\/ul>\n<p>Les plateformes peuvent proposer des chats textuels, vocaux ou m\u00eame vid\u00e9o, mais toujours dans le respect de l'anonymat.<\/p>\n<h2>Pourquoi utiliser le Chat Incognito en ligne ?<\/h2>\n<p>Les gens sont attir\u00e9s par le chat incognito pour toutes sortes de raisons :<\/p>\n<ul>\n<li>Partagez librement : Il est plus facile de parler ouvertement de ses sentiments, de ses secrets ou de sujets difficiles lorsque l'on est anonyme.<\/li>\n<li>Obtenez des conseils honn\u00eates : Les gens ont tendance \u00e0 donner un avis plus sinc\u00e8re lorsqu'il n'y a pas de cons\u00e9quences sociales.<\/li>\n<li>Rencontrez de nouvelles personnes : Entrez en contact avec des inconnus du monde entier, sans pression ni engagement.<\/li>\n<li>\u00c9viter les maladresses : Vous n'avez pas peur de croiser des personnes que vous connaissez ou de dire quelque chose d'embarrassant.<\/li>\n<li>Soutien et aide : Id\u00e9al pour trouver des groupes de soutien, des chats sur la sant\u00e9 mentale ou des conseils de pair \u00e0 pair.<\/li>\n<\/ul>\n<blockquote><p>\"J'utilise les applications de chat incognito lorsque j'ai besoin de conseils sur des sujets dont je ne peux pas parler \u00e0 mes amis. C'est l\u00e0 que j'ai eu certaines de mes conversations les plus honn\u00eates et les plus utiles\".<\/p><\/blockquote>\n<h2>Types populaires de Chat Incognito<\/h2>\n<p>Il existe tout un monde d'applications et de plateformes de chat incognito \u00e0 explorer :<\/p>\n<h3>1. Salles de chat anonymes et incognito<\/h3>\n<p>Il s'agit de salons classiques bas\u00e9s sur le texte, o\u00f9 tout le monde est anonyme. Chat Avenue, Wireclub et TinyChat proposent tous des salons publics et priv\u00e9s dans lesquels vous pouvez entrer instantan\u00e9ment.<\/p>\n<h3>2. Applications de chat incognito<\/h3>\n<p>Les applications mobiles telles que Chatous, Whisper et Wakie sont con\u00e7ues pour les discussions anonymes. Choisissez votre pseudo et commencez \u00e0 envoyer des messages. Aucun num\u00e9ro de t\u00e9l\u00e9phone ou identifiant social n'est requis.<\/p>\n<h3>3. Chat vid\u00e9o incognito en t\u00eate-\u00e0-t\u00eate<\/h3>\n<p>Des plateformes comme Omegle et Chatroulette vous permettent de discuter par vid\u00e9o sans inscription. Votre v\u00e9ritable identit\u00e9 n'est jamais r\u00e9v\u00e9l\u00e9e, sauf si vous le souhaitez.<\/p>\n<h3>4. Discussions de groupe incognito<\/h3>\n<p>Rejoignez des salons th\u00e9matiques ou ax\u00e9s sur des centres d'int\u00e9r\u00eat (musique, sant\u00e9 mentale, rencontres, etc.) et entrez en contact avec d'autres personnes qui souhaitent \u00e9galement rester incognito.<\/p>\n<h2>Chat Incognito vs. Chat en ligne normal<\/h2>\n<table>\n<thead>\n<tr>\n<th>Fonctionnalit\u00e9<\/th>\n<th>Chat Incognito<\/th>\n<th>Apps de chat r\u00e9guli\u00e8res<\/th>\n<th>M\u00e9dias sociaux<\/th>\n<\/tr>\n<\/thead>\n<tbody>\n<tr>\n<td>Aucun nom\/profil r\u00e9el n'est n\u00e9cessaire<\/td>\n<td>\u2705<\/td>\n<td>\u274c<\/td>\n<td>\u274c<\/td>\n<\/tr>\n<tr>\n<td>Connexion anonyme<\/td>\n<td>\u2705<\/td>\n<td>\u274c<\/td>\n<td>\u274c<\/td>\n<\/tr>\n<tr>\n<td>Conversations non sauvegard\u00e9es<\/td>\n<td>\u2705\/\u274c<\/td>\n<td>\u274c<\/td>\n<td>\u274c<\/td>\n<\/tr>\n<tr>\n<td>Options de groupe ou priv\u00e9es<\/td>\n<td>\u2705<\/td>\n<td>\u2705<\/td>\n<td>\u2705<\/td>\n<\/tr>\n<tr>\n<td>Utilisation gratuite<\/td>\n<td>\u2705<\/td>\n<td>\u2705<\/td>\n<td>\u2705<\/td>\n<\/tr>\n<tr>\n<td>Possibilit\u00e9 d'appariement al\u00e9atoire<\/td>\n<td>\u2705<\/td>\n<td>\u274c<\/td>\n<td>\u274c<\/td>\n<\/tr>\n<\/tbody>\n<\/table>\n<p>Le chat Incognito se distingue par sa libert\u00e9, sa flexibilit\u00e9 et sa tranquillit\u00e9 d'esprit.<\/p>\n<h2>Comment fonctionne le Chat Incognito ?<\/h2>\n<p>Il est tr\u00e8s simple de commencer \u00e0 utiliser le chat incognito en ligne :<\/p>\n<ol>\n<li>Choisissez une plateforme ou une application : D\u00e9cidez si vous souhaitez un chat textuel, vocal ou vid\u00e9o.<\/li>\n<li>Cr\u00e9ez un pseudonyme (ou allez-y en tant qu'\"invit\u00e9\") : La plupart des sites vous permettent de vous connecter sans inscription.<\/li>\n<li>Choisissez un salon de discussion ou commencez une discussion en t\u00eate-\u00e0-t\u00eate : Certaines plateformes proposent des salons \u00e0 th\u00e8me pour des sujets sp\u00e9cifiques.<\/li>\n<li>Commencez \u00e0 chatter ! Partagez ce que vous voulez, \u00e9coutez et entrez en contact avec des personnes de n'importe o\u00f9.<\/li>\n<li>Vous pouvez partir ou passer \u00e0 tout moment : Si la conversation ne vous int\u00e9resse pas, vous \u00eates libre de passer \u00e0 autre chose.<\/li>\n<\/ol>\n<p>La plupart des applications et des sites sont gratuits. Certains proposent des fonctionnalit\u00e9s payantes telles que la suppression des publicit\u00e9s, des filtres avanc\u00e9s ou des salons VIP.<\/p>\n<h2>Qui utilise le Chat Incognito ?<\/h2>\n<p>Tout le monde ! Les utilisateurs types sont les suivants<\/p>\n<ul>\n<li>Adolescents et jeunes adultes \u00e0 la recherche de conseils ou d'un soutien par les pairs<\/li>\n<li>Les personnes qui se posent des questions sur les relations, la sant\u00e9 ou les luttes personnelles<\/li>\n<li>Les c\u00e9libataires souhaitant flirter ou rencontrer de nouvelles personnes sans partager d'informations priv\u00e9es.<\/li>\n<li>Professionnels ou \u00e9tudiants souhaitant parler ouvertement du stress au travail ou \u00e0 l'\u00e9cole<\/li>\n<li>Toute personne souhaitant une conversation honn\u00eate et sans pression<\/li>\n<\/ul>\n<p>Il n'y a pas d'\u00e2ge pour avoir besoin d'un peu d'intimit\u00e9.<\/p>\n<h2>Le chat incognito est-il vraiment s\u00fbr ?<\/h2>\n<p>Le chat incognito est plus s\u00fbr que la plupart des plateformes sociales, mais il faut toujours faire preuve de bon sens :<\/p>\n<ul>\n<li>Ne communiquez pas vos vrais noms, adresses, num\u00e9ros de t\u00e9l\u00e9phone ou informations personnelles.<\/li>\n<li>Soyez prudent avec les photos et les vid\u00e9os : N'envoyez jamais d'images que vous ne souhaitez pas rendre publiques.<\/li>\n<li>Si une discussion vous met mal \u00e0 l'aise, quittez-la imm\u00e9diatement.<\/li>\n<li>Utiliser des plateformes dot\u00e9es de fonctions de mod\u00e9ration et de signalement.<\/li>\n<li>N'oubliez pas que l'anonymat va dans les deux sens : Les autres utilisateurs sont \u00e9galement anonymes - faites confiance \u00e0 votre instinct.<\/li>\n<\/ul>\n<p>Si vous utilisez le chat incognito pour des questions de sant\u00e9 mentale ou de soutien, recherchez des services avec des mod\u00e9rateurs form\u00e9s ou des aides v\u00e9rifi\u00e9es.<\/p>\n<h2>Meilleures caract\u00e9ristiques des applications et sites de chat incognito<\/h2>\n<ul>\n<li>Aucune inscription n'est requise : Vous pouvez participer instantan\u00e9ment, sans avoir besoin d'un num\u00e9ro de t\u00e9l\u00e9phone ou d'une adresse \u00e9lectronique.<\/li>\n<li>Salons de discussion priv\u00e9s incognito : Rejoignez des salons de discussion th\u00e9matiques ou g\u00e9n\u00e9raux, quelle que soit votre humeur.<\/li>\n<li>Histoires de chat temporaires : De nombreuses applications ne sauvegardent pas les conversations, de sorte que vos propos disparaissent lorsque vous les quittez.<\/li>\n<li>Contr\u00f4le des utilisateurs : Bloquez ou signalez toute personne qui d\u00e9passe les bornes.<\/li>\n<li>Option texte, voix ou vid\u00e9o : Choisissez la quantit\u00e9 de donn\u00e9es que vous souhaitez partager.<\/li>\n<li>Correspondance bas\u00e9e sur les centres d'int\u00e9r\u00eat : filtrez les salons en fonction du sujet, de l'emplacement ou de l'\u00e2ge pour des discussions plus pertinentes.<\/li>\n<\/ul>\n<h2>Conseils pour une meilleure exp\u00e9rience de chat en mode Incognito<\/h2>\n<ul>\n<li>Commencez par des salons g\u00e9n\u00e9raux : Mettez-vous \u00e0 l'aise avant de partager plus de choses dans les chats priv\u00e9s.<\/li>\n<li>Soyez poli et respectueux : L'anonymat n'est pas une licence pour \u00eatre impoli - les bonnes vibrations sont tr\u00e8s utiles.<\/li>\n<li>Ne partagez pas trop : M\u00eame si vous \u00eates anonyme, gardez certaines limites.<\/li>\n<li>Utilisez des balises d'int\u00e9r\u00eat : Ils vous aident \u00e0 trouver des personnes avec lesquelles vous aurez envie de parler.<\/li>\n<li>Exp\u00e9rimentez diff\u00e9rentes plateformes : Chacune d'entre elles a sa propre ambiance et ses propres caract\u00e9ristiques.<\/li>\n<\/ul>\n<h2>Quand utiliser le chat incognito<\/h2>\n<ul>\n<li>Si vous avez besoin d'un conseil ou si vous voulez vous exprimer de mani\u00e8re anonyme<\/li>\n<li>Se faire des amis sans partager son identit\u00e9<\/li>\n<li>Pour le flirt priv\u00e9 ou les chats de rencontre<\/li>\n<li>Pour explorer des sujets sensibles dont on ne peut pas parler ailleurs<\/li>\n<li>Si vous \u00eates novice en mati\u00e8re de chat en ligne et que vous souhaitez l'essayer sans risque<\/li>\n<\/ul>\n<h2>Fonctionnalit\u00e9s du chat incognito gratuit ou payant<\/h2>\n<p>La plupart des plateformes de chat incognito sont gratuites. Les mises \u00e0 jour payantes peuvent inclure :<\/p>\n<ul>\n<li>Une exp\u00e9rience sans publicit\u00e9<\/li>\n<li>Filtres de correspondance avanc\u00e9s<\/li>\n<li>Salles VIP ou priv\u00e9es<\/li>\n<li>Emojis ou autocollants personnalis\u00e9s<\/li>\n<\/ul>\n<p>Mais pour la plupart des utilisateurs, la version gratuite offre beaucoup de confidentialit\u00e9 et de flexibilit\u00e9.<\/p>\n<p>Le chat incognito est l'ultime espace s\u00e9curis\u00e9 en ligne, o\u00f9 vous pouvez dire ce qui vous pr\u00e9occupe, poser les questions que vous ne pouvez poser nulle part ailleurs et rencontrer des gens du monde entier, tout en restant totalement anonyme. Que vous soyez \u00e0 la recherche de conseils, d'amiti\u00e9, de plaisir ou simplement d'une nouvelle perspective, il y a une application ou une salle de chat incognito qui vous attend.<\/p>\n<p>Pr\u00eat \u00e0 essayer ? Sautez dans un salon de chat incognito ce soir et d\u00e9couvrez la libert\u00e9 d'une connexion en ligne vraiment priv\u00e9e.<\/p>","protected":false},"excerpt":{"rendered":"<p>Have you ever wanted to talk to someone online\u2014ask a question, share a story, or just vent\u2014without revealing who you are? That\u2019s the appeal of incognito chat: complete privacy, total freedom, and real conversations, with no need to show your face or share your name. Whether you\u2019re looking for a safe space to discuss personal [&hellip;]<\/p>\n","protected":false},"author":8,"featured_media":0,"parent":0,"menu_order":0,"comment_status":"closed","ping_status":"closed","template":"","meta":{"footnotes":""},"class_list":["post-12724","page","type-page","status-publish","hentry"],"yoast_head":"<!-- This site is optimized with the Yoast SEO plugin v27.5 - https:\/\/yoast.com\/product\/yoast-seo-wordpress\/ -->\n<title>Incognito Chat with Video Chat on TinyChat.com<\/title>\n<meta name=\"description\" content=\"Enjoying Incognito Chat? Join over 50,000,000 strangers on TinyChat! Turn on your cam and start meeting new people, or find a match.\" \/>\n<meta name=\"robots\" content=\"index, follow, max-snippet:-1, max-image-preview:large, max-video-preview:-1\" \/>\n<link rel=\"canonical\" href=\"https:\/\/tinychat.com\/fr\/incognito-chat\/\" \/>\n<meta property=\"og:locale\" content=\"fr_FR\" \/>\n<meta property=\"og:type\" content=\"article\" \/>\n<meta property=\"og:title\" content=\"Incognito Chat with Video Chat on TinyChat.com\" \/>\n<meta property=\"og:description\" content=\"Enjoying Incognito Chat? Join over 50,000,000 strangers on TinyChat! Turn on your cam and start meeting new people, or find a match.\" \/>\n<meta property=\"og:url\" content=\"https:\/\/tinychat.com\/fr\/incognito-chat\/\" \/>\n<meta property=\"og:site_name\" content=\"TinyChat\" \/>\n<meta property=\"article:publisher\" content=\"https:\/\/www.facebook.com\/tinychat\" \/>\n<meta property=\"article:modified_time\" content=\"2025-08-07T09:00:11+00:00\" \/>\n<meta property=\"og:image\" content=\"https:\/\/tinychat.com\/wp-content\/uploads\/2020\/04\/Tinychat-logo-1280x284-new-black.png\" \/>\n\t<meta property=\"og:image:width\" content=\"1280\" \/>\n\t<meta property=\"og:image:height\" content=\"284\" \/>\n\t<meta property=\"og:image:type\" content=\"image\/png\" \/>\n<meta name=\"twitter:card\" content=\"summary_large_image\" \/>\n<meta name=\"twitter:site\" content=\"@tinychat\" \/>\n<meta name=\"twitter:label1\" content=\"Dur\u00e9e de lecture estim\u00e9e\" \/>\n\t<meta name=\"twitter:data1\" content=\"5 minutes\" \/>\n<script type=\"application\/ld+json\" class=\"yoast-schema-graph\">{\"@context\":\"https:\\\/\\\/schema.org\",\"@graph\":[{\"@type\":\"WebPage\",\"@id\":\"https:\\\/\\\/tinychat.com\\\/incognito-chat\\\/\",\"url\":\"https:\\\/\\\/tinychat.com\\\/incognito-chat\\\/\",\"name\":\"Incognito Chat with Video Chat on TinyChat.com\",\"isPartOf\":{\"@id\":\"https:\\\/\\\/tinychat.com\\\/#website\"},\"datePublished\":\"2025-08-07T08:14:49+00:00\",\"dateModified\":\"2025-08-07T09:00:11+00:00\",\"description\":\"Enjoying Incognito Chat? Join over 50,000,000 strangers on TinyChat! Turn on your cam and start meeting new people, or find a match.\",\"breadcrumb\":{\"@id\":\"https:\\\/\\\/tinychat.com\\\/incognito-chat\\\/#breadcrumb\"},\"inLanguage\":\"fr-FR\",\"potentialAction\":[{\"@type\":\"ReadAction\",\"target\":[\"https:\\\/\\\/tinychat.com\\\/incognito-chat\\\/\"]}]},{\"@type\":\"BreadcrumbList\",\"@id\":\"https:\\\/\\\/tinychat.com\\\/incognito-chat\\\/#breadcrumb\",\"itemListElement\":[{\"@type\":\"ListItem\",\"position\":1,\"name\":\"Home\",\"item\":\"https:\\\/\\\/tinychat.com\\\/\"},{\"@type\":\"ListItem\",\"position\":2,\"name\":\"Incognito Chat\"}]},{\"@type\":\"WebSite\",\"@id\":\"https:\\\/\\\/tinychat.com\\\/#website\",\"url\":\"https:\\\/\\\/tinychat.com\\\/\",\"name\":\"TinyChat\",\"description\":\"Random Video Chat with Strangers\",\"publisher\":{\"@id\":\"https:\\\/\\\/tinychat.com\\\/#organization\"},\"alternateName\":\"TinyChat.com\",\"potentialAction\":[{\"@type\":\"SearchAction\",\"target\":{\"@type\":\"EntryPoint\",\"urlTemplate\":\"https:\\\/\\\/tinychat.com\\\/?s={search_term_string}\"},\"query-input\":{\"@type\":\"PropertyValueSpecification\",\"valueRequired\":true,\"valueName\":\"search_term_string\"}}],\"inLanguage\":\"fr-FR\"},{\"@type\":\"Organization\",\"@id\":\"https:\\\/\\\/tinychat.com\\\/#organization\",\"name\":\"TinyChat\",\"alternateName\":\"TinyChat.com\",\"url\":\"https:\\\/\\\/tinychat.com\\\/\",\"logo\":{\"@type\":\"ImageObject\",\"inLanguage\":\"fr-FR\",\"@id\":\"https:\\\/\\\/tinychat.com\\\/#\\\/schema\\\/logo\\\/image\\\/\",\"url\":\"https:\\\/\\\/tinychat.com\\\/wp-content\\\/uploads\\\/2023\\\/11\\\/Tinychat-icon-square.png\",\"contentUrl\":\"https:\\\/\\\/tinychat.com\\\/wp-content\\\/uploads\\\/2023\\\/11\\\/Tinychat-icon-square.png\",\"width\":284,\"height\":284,\"caption\":\"TinyChat\"},\"image\":{\"@id\":\"https:\\\/\\\/tinychat.com\\\/#\\\/schema\\\/logo\\\/image\\\/\"},\"sameAs\":[\"https:\\\/\\\/www.facebook.com\\\/tinychat\",\"https:\\\/\\\/x.com\\\/tinychat\"]}]}<\/script>\n<!-- \/ Yoast SEO plugin. -->","yoast_head_json":{"title":"Chat Incognito avec Video Chat sur TinyChat.com","description":"Vous aimez le Chat Incognito ? Rejoignez plus de 50 000 000 d'inconnus sur TinyChat ! Allumez votre cam\u00e9ra et commencez \u00e0 rencontrer de nouvelles personnes, ou trouvez un partenaire.","robots":{"index":"index","follow":"follow","max-snippet":"max-snippet:-1","max-image-preview":"max-image-preview:large","max-video-preview":"max-video-preview:-1"},"canonical":"https:\/\/tinychat.com\/fr\/incognito-chat\/","og_locale":"fr_FR","og_type":"article","og_title":"Incognito Chat with Video Chat on TinyChat.com","og_description":"Enjoying Incognito Chat? Join over 50,000,000 strangers on TinyChat! Turn on your cam and start meeting new people, or find a match.","og_url":"https:\/\/tinychat.com\/fr\/incognito-chat\/","og_site_name":"TinyChat","article_publisher":"https:\/\/www.facebook.com\/tinychat","article_modified_time":"2025-08-07T09:00:11+00:00","og_image":[{"width":1280,"height":284,"url":"https:\/\/tinychat.com\/wp-content\/uploads\/2020\/04\/Tinychat-logo-1280x284-new-black.png","type":"image\/png"}],"twitter_card":"summary_large_image","twitter_site":"@tinychat","twitter_misc":{"Dur\u00e9e de lecture estim\u00e9e":"5 minutes"},"schema":{"@context":"https:\/\/schema.org","@graph":[{"@type":"WebPage","@id":"https:\/\/tinychat.com\/incognito-chat\/","url":"https:\/\/tinychat.com\/incognito-chat\/","name":"Chat Incognito avec Video Chat sur TinyChat.com","isPartOf":{"@id":"https:\/\/tinychat.com\/#website"},"datePublished":"2025-08-07T08:14:49+00:00","dateModified":"2025-08-07T09:00:11+00:00","description":"Vous aimez le Chat Incognito ? Rejoignez plus de 50 000 000 d'inconnus sur TinyChat ! Allumez votre cam\u00e9ra et commencez \u00e0 rencontrer de nouvelles personnes, ou trouvez un partenaire.","breadcrumb":{"@id":"https:\/\/tinychat.com\/incognito-chat\/#breadcrumb"},"inLanguage":"fr-FR","potentialAction":[{"@type":"ReadAction","target":["https:\/\/tinychat.com\/incognito-chat\/"]}]},{"@type":"BreadcrumbList","@id":"https:\/\/tinychat.com\/incognito-chat\/#breadcrumb","itemListElement":[{"@type":"ListItem","position":1,"name":"Home","item":"https:\/\/tinychat.com\/"},{"@type":"ListItem","position":2,"name":"Incognito Chat"}]},{"@type":"WebSite","@id":"https:\/\/tinychat.com\/#website","url":"https:\/\/tinychat.com\/","name":"TinyChat","description":"Chat vid\u00e9o al\u00e9atoire avec des inconnus","publisher":{"@id":"https:\/\/tinychat.com\/#organization"},"alternateName":"TinyChat.com","potentialAction":[{"@type":"SearchAction","target":{"@type":"EntryPoint","urlTemplate":"https:\/\/tinychat.com\/?s={search_term_string}"},"query-input":{"@type":"PropertyValueSpecification","valueRequired":true,"valueName":"search_term_string"}}],"inLanguage":"fr-FR"},{"@type":"Organization","@id":"https:\/\/tinychat.com\/#organization","name":"TinyChat","alternateName":"TinyChat.com","url":"https:\/\/tinychat.com\/","logo":{"@type":"ImageObject","inLanguage":"fr-FR","@id":"https:\/\/tinychat.com\/#\/schema\/logo\/image\/","url":"https:\/\/tinychat.com\/wp-content\/uploads\/2023\/11\/Tinychat-icon-square.png","contentUrl":"https:\/\/tinychat.com\/wp-content\/uploads\/2023\/11\/Tinychat-icon-square.png","width":284,"height":284,"caption":"TinyChat"},"image":{"@id":"https:\/\/tinychat.com\/#\/schema\/logo\/image\/"},"sameAs":["https:\/\/www.facebook.com\/tinychat","https:\/\/x.com\/tinychat"]}]}},"_links":{"self":[{"href":"https:\/\/tinychat.com\/fr\/wp-json\/wp\/v2\/pages\/12724","targetHints":{"allow":["GET"]}}],"collection":[{"href":"https:\/\/tinychat.com\/fr\/wp-json\/wp\/v2\/pages"}],"about":[{"href":"https:\/\/tinychat.com\/fr\/wp-json\/wp\/v2\/types\/page"}],"author":[{"embeddable":true,"href":"https:\/\/tinychat.com\/fr\/wp-json\/wp\/v2\/users\/8"}],"replies":[{"embeddable":true,"href":"https:\/\/tinychat.com\/fr\/wp-json\/wp\/v2\/comments?post=12724"}],"version-history":[{"count":2,"href":"https:\/\/tinychat.com\/fr\/wp-json\/wp\/v2\/pages\/12724\/revisions"}],"predecessor-version":[{"id":13418,"href":"https:\/\/tinychat.com\/fr\/wp-json\/wp\/v2\/pages\/12724\/revisions\/13418"}],"wp:attachment":[{"href":"https:\/\/tinychat.com\/fr\/wp-json\/wp\/v2\/media?parent=12724"}],"curies":[{"name":"wp","href":"https:\/\/api.w.org\/{rel}","templated":true}]}}