{"id":12732,"date":"2025-03-12T09:40:59","date_gmt":"2025-03-12T07:40:59","guid":{"rendered":"https:\/\/tinychat.com\/?page_id=12732"},"modified":"2025-07-16T15:01:20","modified_gmt":"2025-07-16T13:01:20","slug":"live-chat-online","status":"publish","type":"page","link":"https:\/\/tinychat.com\/fr\/live-chat-online\/","title":{"rendered":"Chat en ligne"},"content":{"rendered":"<p>Vous souvenez-vous de l'\u00e9poque o\u00f9 chatter en ligne signifiait envoyer des messages et attendre les r\u00e9ponses ? Cette \u00e9poque est r\u00e9volue. Aujourd'hui, gr\u00e2ce aux plateformes de chat en ligne, vous pouvez vous connecter instantan\u00e9ment - par texte, voix ou vid\u00e9o - et partager des rires, des conseils et m\u00eame des moments d\u00e9cisifs avec des personnes du monde entier en temps r\u00e9el. Que vous ayez envie d'une conversation spontan\u00e9e, que vous cherchiez \u00e0 vous faire de nouveaux amis ou que vous vouliez une r\u00e9ponse rapide \u00e0 une question br\u00fblante, les salons de discussion en direct et les applications rendent tout cela possible d'un simple clic.<\/p>\n<p>Plongeons dans le monde du chat en direct en ligne - ce que c'est, o\u00f9 trouver les meilleures exp\u00e9riences, comment rester en s\u00e9curit\u00e9, et pourquoi de plus en plus de gens aiment cette nouvelle fa\u00e7on de se connecter.<\/p>\n<h2>Qu'est-ce que le chat en ligne ?<\/h2>\n<p>Le chat en ligne est une conversation en temps r\u00e9el sur l'internet. Contrairement aux courriels traditionnels ou aux forums lents, le chat en direct vous permet d'\u00e9changer des messages, voire des vid\u00e9os et des sons, avec quelqu'un de mani\u00e8re instantan\u00e9e. Cela peut signifier<\/p>\n<ul>\n<li>Salles de chat textuelles : Vieille \u00e9cole, mais toujours aussi g\u00e9niale. Participez \u00e0 un groupe ou \u00e0 une conversation priv\u00e9e et parlez de tout et de rien.<\/li>\n<li>Chat vid\u00e9o en ligne : Passez \u00e0 la vitesse sup\u00e9rieure avec des conversations en face \u00e0 face. Tout ce dont vous avez besoin, c'est d'une webcam et d'un peu de courage !<\/li>\n<li>Chat vocal : Vous pr\u00e9f\u00e9rez parler, mais vous n'\u00eates pas pr\u00eat pour la vid\u00e9o ? Le chat vocal comble le foss\u00e9.<\/li>\n<li>Chat al\u00e9atoire en direct avec des inconnus : Faites-vous jumeler avec quelqu'un de totalement nouveau pour une conversation in\u00e9dite \u00e0 chaque fois.<\/li>\n<\/ul>\n<p>Que vous souhaitiez discuter rapidement avec des amis ou rencontrer quelqu'un de nouveau \u00e0 l'autre bout du monde, le chat en direct en ligne vous offre tout ce dont vous avez besoin.<\/p>\n<h2>Pourquoi le chat en ligne est-il si populaire ?<\/h2>\n<p>Il y a des tas de raisons pour lesquelles le chat en direct en ligne est en plein essor :<\/p>\n<ul>\n<li>Gratification instantan\u00e9e : Pas d'attente de r\u00e9ponse. La conversation a lieu maintenant.<\/li>\n<li>Rencontrez de nouvelles personnes : Entrez en contact avec des inconnus de n'importe o\u00f9 - chaque discussion est une surprise.<\/li>\n<li>Restez proche de vos amis et de votre famille : Surtout si vous \u00eates \u00e9loign\u00e9s les uns des autres, le chat en direct permet de franchir la distance.<\/li>\n<li>Apprendre et partager : Les chats de groupe, les salles de conseil et les groupes de soutien sont \u00e0 port\u00e9e de clic.<\/li>\n<li>Amusement et jeux : De nombreux salons de discussion proposent des jeux, des quiz ou des \u00e9v\u00e9nements en direct.<\/li>\n<\/ul>\n<p>De plus, vous pouvez chatter en tant que vous-m\u00eame, utiliser un pseudo ou rester compl\u00e8tement anonyme - \u00e0 vous de choisir.<\/p>\n<h2>Types de salles et de plateformes de chat en direct<\/h2>\n<p>La beaut\u00e9 du chat en ligne est qu'il y en a pour tous les go\u00fbts. Voici quelques-unes des options les plus populaires :<\/p>\n<h3>1. Salles de chat en ligne gratuites<\/h3>\n<p>Envie de discuter ? Il existe des milliers de salons de discussion publics sur des plateformes telles que Chat Avenue, Wireclub et Paltalk. Vous pouvez rejoindre des salons g\u00e9n\u00e9raux ou des salons consacr\u00e9s \u00e0 des passe-temps, des lieux ou des centres d'int\u00e9r\u00eat.<\/p>\n<h3>2. Chat al\u00e9atoire en direct avec des inconnus<\/h3>\n<p>Des sites comme Omegle, Chatroulette et Chatspin permettent de rencontrer facilement une nouvelle personne \u00e0 chaque clic. C'est parfait pour ceux qui aiment les surprises et la spontan\u00e9it\u00e9.<\/p>\n<h3>3. Chat vid\u00e9o en ligne<\/h3>\n<p>Les plateformes de chat en face \u00e0 face telles que Camsurf, Bazoocam ou m\u00eame WhatsApp vid\u00e9o vous permettent de partager des sourires, des histoires et des r\u00e9actions r\u00e9elles avec des personnes du monde entier.<\/p>\n<h3>4. Chat priv\u00e9 en direct<\/h3>\n<p>Envie d'un espace plus calme ? La plupart des plateformes vous permettent de cr\u00e9er ou de rejoindre des chats priv\u00e9s, que ce soit en t\u00eate-\u00e0-t\u00eate ou avec un groupe d'amis s\u00e9lectionn\u00e9s.<\/p>\n<h3>5. Chats de soutien et de conseil<\/h3>\n<p>Besoin de parler \u00e0 quelqu'un ? Des plateformes telles que 7 Cups et BlahTherapy proposent un chat anonyme en direct avec des b\u00e9n\u00e9voles ou des auditeurs form\u00e9s pour apporter soutien et conseils.<\/p>\n<h3>6. Business Live Chat<\/h3>\n<p>De nombreuses entreprises utilisent le chat en direct pour l'assistance \u00e0 la client\u00e8le, mais ces chats sont g\u00e9n\u00e9ralement plus formels et ax\u00e9s sur la r\u00e9solution de probl\u00e8mes.<\/p>\n<h2>Chat en ligne vs. autres moyens de connexion<\/h2>\n<table>\n<thead>\n<tr>\n<th>Fonctionnalit\u00e9<\/th>\n<th>Chat en ligne<\/th>\n<th>M\u00e9dias sociaux<\/th>\n<th>Courriel<\/th>\n<th>Forums\/Threads<\/th>\n<th>R\u00e9unions vid\u00e9o<\/th>\n<\/tr>\n<\/thead>\n<tbody>\n<tr>\n<td>Conversation en temps r\u00e9el<\/td>\n<td>\u2705<\/td>\n<td>\u2705<\/td>\n<td>\u274c<\/td>\n<td>\u274c<\/td>\n<td>\u2705<\/td>\n<\/tr>\n<tr>\n<td>Texte, voix et vid\u00e9o<\/td>\n<td>\u2705<\/td>\n<td>\u2705<\/td>\n<td>\u274c<\/td>\n<td>\u274c<\/td>\n<td>\u2705<\/td>\n<\/tr>\n<tr>\n<td>Option anonyme<\/td>\n<td>\u2705<\/td>\n<td>\u274c<\/td>\n<td>\u2705\/\u274c<\/td>\n<td>\u2705<\/td>\n<td>\u274c<\/td>\n<\/tr>\n<tr>\n<td>Correspondance al\u00e9atoire<\/td>\n<td>\u2705<\/td>\n<td>\u274c<\/td>\n<td>\u274c<\/td>\n<td>\u274c<\/td>\n<td>\u274c<\/td>\n<\/tr>\n<tr>\n<td>Utilisation gratuite<\/td>\n<td>\u2705<\/td>\n<td>\u2705<\/td>\n<td>\u2705<\/td>\n<td>\u2705<\/td>\n<td>\u2705\/\u274c<\/td>\n<\/tr>\n<tr>\n<td>Options de groupe ou priv\u00e9es<\/td>\n<td>\u2705<\/td>\n<td>\u2705<\/td>\n<td>\u2705<\/td>\n<td>\u2705<\/td>\n<td>\u2705<\/td>\n<\/tr>\n<\/tbody>\n<\/table>\n<p>Le chat en ligne se distingue par sa rapidit\u00e9, sa polyvalence et sa port\u00e9e mondiale.<\/p>\n<h2>Comment d\u00e9buter avec le Live Chat en ligne<\/h2>\n<p>Aucune comp\u00e9tence technique n'est requise ! Voici un rapide pas-\u00e0-pas :<\/p>\n<ol>\n<li>Choisissez votre plateforme : D\u00e9cidez si vous voulez participer \u00e0 un chat de groupe, \u00e0 un chat vid\u00e9o ou \u00e0 un chat en direct avec des inconnus.<\/li>\n<li>D\u00e9finissez votre pseudonyme ou inscrivez-vous (si n\u00e9cessaire) : De nombreuses plateformes vous permettent d'entrer directement dans le jeu ; d'autres peuvent vous demander de vous inscrire rapidement.<\/li>\n<li>Choisissez votre chambre ou cliquez sur \"D\u00e9marrer\" : Entrez dans une chambre \u00e0 th\u00e8me, recherchez vos centres d'int\u00e9r\u00eat ou cliquez sur \"suivant\" pour rencontrer quelqu'un de nouveau.<\/li>\n<li>Commencez \u00e0 discuter : Dites bonjour ! Parlez de vous, posez des questions et laissez-vous guider.<\/li>\n<li>Partez ou passez \u00e0 tout moment : Si la conversation ne vous convient pas, vous pouvez tout \u00e0 fait passer \u00e0 autre chose.<\/li>\n<\/ol>\n<p>La plupart des plateformes proposent des options gratuites et payantes - commencez par le chat en ligne gratuit et passez \u00e0 la version sup\u00e9rieure si vous souhaitez des fonctionnalit\u00e9s suppl\u00e9mentaires.<\/p>\n<h2>Meilleures plates-formes gratuites de chat en direct<\/h2>\n<p>Voici quelques-unes des options les plus populaires et les plus fiables :<\/p>\n<ul>\n<li>Omegle : L'OG du chat al\u00e9atoire en direct avec des inconnus - pas d'inscription, il suffit de cliquer et de discuter (texte ou vid\u00e9o).<\/li>\n<li>Chat Avenue : Des dizaines de salons de discussion \u00e0 th\u00e8me, y compris des salons g\u00e9n\u00e9raux, des salons pour c\u00e9libataires et des salons pour adolescents.<\/li>\n<li>Chatspin : Chat vid\u00e9o al\u00e9atoire avec filtres pour les centres d'int\u00e9r\u00eat, le pays, etc.<\/li>\n<li>Camsurf : Chat vid\u00e9o en ligne s\u00fbr et simple, disponible dans le monde entier.<\/li>\n<li>Discord : Cr\u00e9ez ou rejoignez des serveurs sur n'importe quel sujet, avec des fonctions de chat vocal, textuel et vid\u00e9o.<\/li>\n<li>Wireclub : Salles de chat classiques et DM priv\u00e9s, plus des jeux et des quiz amusants.<\/li>\n<li>7 Coupes : Pour obtenir du soutien, de la sant\u00e9 mentale et des conseils, discutez anonymement avec des auditeurs.<\/li>\n<\/ul>\n<p>Essayez-en quelques-uns pour voir lequel correspond \u00e0 votre style. Il y a un salon de discussion en direct pour chaque humeur et chaque personnalit\u00e9.<\/p>\n<h2>Le chat en ligne est-il s\u00fbr ?<\/h2>\n<p>Dans l'ensemble, oui, mais comme pour tout ce qui se passe en ligne, il convient de faire preuve de bon sens :<\/p>\n<ul>\n<li>Ne communiquez jamais votre nom complet, votre adresse, votre num\u00e9ro de t\u00e9l\u00e9phone ou d'autres informations personnelles.<\/li>\n<li>Utilisez un surnom ou un nom d'utilisateur anonyme.<\/li>\n<li>Si vous utilisez la vid\u00e9o, gardez un arri\u00e8re-plan neutre pour prot\u00e9ger votre vie priv\u00e9e.<\/li>\n<li>Mettez fin \u00e0 toute discussion qui vous met mal \u00e0 l'aise.<\/li>\n<li>Signaler et bloquer toute personne enfreignant les r\u00e8gles ou se montrant inappropri\u00e9e.<\/li>\n<li>Si vous avez moins de 18 ans, n'utilisez que des salons de discussion adapt\u00e9s aux adolescents ou \u00e0 leur \u00e2ge.<\/li>\n<\/ul>\n<p>La plupart des grandes plateformes disposent de mod\u00e9rateurs actifs, de fonctions de signalement et d'outils de s\u00e9curit\u00e9 pour prot\u00e9ger les utilisateurs.<\/p>\n<h2>Qui utilise le Live Chat en ligne ?<\/h2>\n<p>Tout le monde ! Vous trouverez :<\/p>\n<ul>\n<li>Adolescents et \u00e9tudiants \u00e0 la recherche de nouveaux amis ou d'aide pour leurs devoirs<\/li>\n<li>C\u00e9libataires int\u00e9ress\u00e9s par un flirt ou une rencontre en ligne<\/li>\n<li>Les noctambules et les l\u00e8ve-t\u00f4t qui veulent de la compagnie \u00e0 toute heure<\/li>\n<li>Les voyageurs et les expatri\u00e9s se connectent au-del\u00e0 des fronti\u00e8res<\/li>\n<li>Les personnes \u00e0 la recherche de conseils, de soutien ou simplement d'une nouvelle conversation<\/li>\n<li>Entreprises fournissant un service \u00e0 la client\u00e8le et une aide en temps r\u00e9el<\/li>\n<\/ul>\n<p>Il y a vraiment un espace pour tous les \u00e2ges, tous les int\u00e9r\u00eats et tous les milieux.<\/p>\n<h2>Chat vid\u00e9o en ligne : Pourquoi c'est si populaire<\/h2>\n<p>Si vous souhaitez une connexion plus profonde et plus authentique, le chat vid\u00e9o en direct en ligne est l'\u00e9tape suivante. C'est id\u00e9al pour :<\/p>\n<ul>\n<li>Voir des r\u00e9actions, des sourires et des rires r\u00e9els<\/li>\n<li>Pratiquer une nouvelle langue avec des locuteurs natifs<\/li>\n<li>Avoir des rendez-vous virtuels ou des rencontres \u00e0 distance<\/li>\n<li>Participer \u00e0 des \u00e9v\u00e9nements de groupe, \u00e0 des concerts ou \u00e0 des s\u00e9ances de questions-r\u00e9ponses en direct<\/li>\n<\/ul>\n<p>De nombreuses plateformes vous permettent de passer du texte \u00e0 la vid\u00e9o, ce qui vous permet de rester ma\u00eetre de votre niveau de confort.<\/p>\n<h2>Conseils pour une meilleure exp\u00e9rience de chat en ligne<\/h2>\n<ul>\n<li>Soyez aimable et respectueux : La gentillesse est tr\u00e8s appr\u00e9ci\u00e9e en ligne.<\/li>\n<li>Posez des questions ouvertes : La question \"Qu'est-ce que vous pr\u00e9f\u00e9rez dans votre ville ?\" est une excellente fa\u00e7on de commencer.<\/li>\n<li>Essayez diff\u00e9rentes salles et diff\u00e9rents horaires : Des personnes du monde entier sont en ligne \u00e0 des heures diff\u00e9rentes.<\/li>\n<li>Gardez vos attentes ouvertes : Certains chats seront extraordinaires, d'autres courts ou stupides. Appr\u00e9ciez l'impr\u00e9visibilit\u00e9 !<\/li>\n<li>Utilisez des filtres d'int\u00e9r\u00eat : De nombreuses plateformes vous permettent de trouver des personnes qui partagent vos loisirs, vos go\u00fbts musicaux ou votre langue.<\/li>\n<\/ul>\n<h2>Quand utiliser le chat en ligne<\/h2>\n<ul>\n<li>Lorsque vous vous sentez seul ou que vous vous ennuyez<\/li>\n<li>Se faire des amis au-del\u00e0 de son cercle actuel<\/li>\n<li>Pour des conseils, de l'aide \u00e0 l'\u00e9tude ou du soutien<\/li>\n<li>Pratiquer de nouvelles comp\u00e9tences (linguistiques, sociales ou simplement de conversation)<\/li>\n<li>Quand vous voulez rire, raconter une histoire ou quelque chose de totalement inattendu<\/li>\n<\/ul>\n<p>On ne sait jamais : vous pourriez rencontrer votre meilleur ami, votre mentor ou votre compagnon de discussion pr\u00e9f\u00e9r\u00e9 \u00e0 l'autre bout du monde.<\/p>\n<h2>Fonctionnalit\u00e9s gratuites ou payantes du Live Chat en ligne<\/h2>\n<p>La plupart des sites et des applications offrent une exp\u00e9rience de chat en ligne gratuit et robuste, mais les mises \u00e0 niveau payantes peuvent inclure :<\/p>\n<ul>\n<li>Filtres avanc\u00e9s (sexe, \u00e2ge, localisation, centres d'int\u00e9r\u00eat)<\/li>\n<li>Correspondance\/saut de page prioritaire ou illimit\u00e9e<\/li>\n<li>Navigation sans publicit\u00e9<\/li>\n<li>Salles priv\u00e9es ou \"VIP<\/li>\n<li>Emojis personnalis\u00e9s, autocollants ou jeux dans le chat<\/li>\n<\/ul>\n<p>Pour la plupart des utilisateurs, la version gratuite est plus que suffisante pour des conversations int\u00e9ressantes et amusantes.<\/p>\n<p>Le chat en ligne a r\u00e9volutionn\u00e9 notre fa\u00e7on de communiquer. C'est rapide, spontan\u00e9 et plein de surprises, que vous discutiez avec de vieux amis ou que vous rencontriez quelqu'un de totalement nouveau. Et le plus beau, c'est qu'il est disponible \u00e0 tout moment et en tout lieu. Il est disponible \u00e0 tout moment, n'importe o\u00f9, et g\u00e9n\u00e9ralement gratuitement.<\/p>\n<p>Alors pourquoi ne pas l'essayer ? Sautez dans une salle de chat en direct, essayez un chat vid\u00e9o en direct al\u00e9atoire ou cr\u00e9ez votre propre groupe d\u00e8s aujourd'hui. Votre prochaine histoire, votre prochain ami ou votre prochain \u00e9clat de rire pourrait \u00eatre \u00e0 port\u00e9e de clic.<\/p>","protected":false},"excerpt":{"rendered":"<p>Remember when chatting online meant sending messages and waiting for replies? Those days are gone. Now, with live chat online platforms, you can connect instantly\u2014by text, voice, or video\u2014sharing laughs, advice, and even life-changing moments with people around the world in real time. Whether you\u2019re craving spontaneous conversation, looking to meet new friends, or want [&hellip;]<\/p>\n","protected":false},"author":8,"featured_media":0,"parent":0,"menu_order":0,"comment_status":"closed","ping_status":"closed","template":"","meta":{"footnotes":""},"class_list":["post-12732","page","type-page","status-publish","hentry"],"yoast_head":"<!-- This site is optimized with the Yoast SEO plugin v27.4 - https:\/\/yoast.com\/product\/yoast-seo-wordpress\/ -->\n<title>Live Chat Online with Video Chat on TinyChat.com<\/title>\n<meta name=\"description\" content=\"Enjoying Live Chat Online? Join over 50,000,000 strangers on TinyChat! Turn on your cam and start meeting new people, or find a match.\" \/>\n<meta name=\"robots\" content=\"index, follow, max-snippet:-1, max-image-preview:large, max-video-preview:-1\" \/>\n<link rel=\"canonical\" href=\"https:\/\/tinychat.com\/fr\/live-chat-online\/\" \/>\n<meta property=\"og:locale\" content=\"fr_FR\" \/>\n<meta property=\"og:type\" content=\"article\" \/>\n<meta property=\"og:title\" content=\"Live Chat Online with Video Chat on TinyChat.com\" \/>\n<meta property=\"og:description\" content=\"Enjoying Live Chat Online? Join over 50,000,000 strangers on TinyChat! Turn on your cam and start meeting new people, or find a match.\" \/>\n<meta property=\"og:url\" content=\"https:\/\/tinychat.com\/fr\/live-chat-online\/\" \/>\n<meta property=\"og:site_name\" content=\"TinyChat\" \/>\n<meta property=\"article:publisher\" content=\"https:\/\/www.facebook.com\/tinychat\" \/>\n<meta property=\"article:modified_time\" content=\"2025-07-16T13:01:20+00:00\" \/>\n<meta property=\"og:image\" content=\"https:\/\/tinychat.com\/wp-content\/uploads\/2020\/04\/Tinychat-logo-1280x284-new-black.png\" \/>\n\t<meta property=\"og:image:width\" content=\"1280\" \/>\n\t<meta property=\"og:image:height\" content=\"284\" \/>\n\t<meta property=\"og:image:type\" content=\"image\/png\" \/>\n<meta name=\"twitter:card\" content=\"summary_large_image\" \/>\n<meta name=\"twitter:site\" content=\"@tinychat\" \/>\n<meta name=\"twitter:label1\" content=\"Dur\u00e9e de lecture estim\u00e9e\" \/>\n\t<meta name=\"twitter:data1\" content=\"7 minutes\" \/>\n<script type=\"application\/ld+json\" class=\"yoast-schema-graph\">{\"@context\":\"https:\\\/\\\/schema.org\",\"@graph\":[{\"@type\":\"WebPage\",\"@id\":\"https:\\\/\\\/tinychat.com\\\/live-chat-online\\\/\",\"url\":\"https:\\\/\\\/tinychat.com\\\/live-chat-online\\\/\",\"name\":\"Live Chat Online with Video Chat on TinyChat.com\",\"isPartOf\":{\"@id\":\"https:\\\/\\\/tinychat.com\\\/#website\"},\"datePublished\":\"2025-03-12T07:40:59+00:00\",\"dateModified\":\"2025-07-16T13:01:20+00:00\",\"description\":\"Enjoying Live Chat Online? Join over 50,000,000 strangers on TinyChat! Turn on your cam and start meeting new people, or find a match.\",\"breadcrumb\":{\"@id\":\"https:\\\/\\\/tinychat.com\\\/live-chat-online\\\/#breadcrumb\"},\"inLanguage\":\"fr-FR\",\"potentialAction\":[{\"@type\":\"ReadAction\",\"target\":[\"https:\\\/\\\/tinychat.com\\\/live-chat-online\\\/\"]}]},{\"@type\":\"BreadcrumbList\",\"@id\":\"https:\\\/\\\/tinychat.com\\\/live-chat-online\\\/#breadcrumb\",\"itemListElement\":[{\"@type\":\"ListItem\",\"position\":1,\"name\":\"Home\",\"item\":\"https:\\\/\\\/tinychat.com\\\/\"},{\"@type\":\"ListItem\",\"position\":2,\"name\":\"Live Chat Online\"}]},{\"@type\":\"WebSite\",\"@id\":\"https:\\\/\\\/tinychat.com\\\/#website\",\"url\":\"https:\\\/\\\/tinychat.com\\\/\",\"name\":\"TinyChat\",\"description\":\"Random Video Chat with Strangers\",\"publisher\":{\"@id\":\"https:\\\/\\\/tinychat.com\\\/#organization\"},\"alternateName\":\"TinyChat.com\",\"potentialAction\":[{\"@type\":\"SearchAction\",\"target\":{\"@type\":\"EntryPoint\",\"urlTemplate\":\"https:\\\/\\\/tinychat.com\\\/?s={search_term_string}\"},\"query-input\":{\"@type\":\"PropertyValueSpecification\",\"valueRequired\":true,\"valueName\":\"search_term_string\"}}],\"inLanguage\":\"fr-FR\"},{\"@type\":\"Organization\",\"@id\":\"https:\\\/\\\/tinychat.com\\\/#organization\",\"name\":\"TinyChat\",\"alternateName\":\"TinyChat.com\",\"url\":\"https:\\\/\\\/tinychat.com\\\/\",\"logo\":{\"@type\":\"ImageObject\",\"inLanguage\":\"fr-FR\",\"@id\":\"https:\\\/\\\/tinychat.com\\\/#\\\/schema\\\/logo\\\/image\\\/\",\"url\":\"https:\\\/\\\/tinychat.com\\\/wp-content\\\/uploads\\\/2023\\\/11\\\/Tinychat-icon-square.png\",\"contentUrl\":\"https:\\\/\\\/tinychat.com\\\/wp-content\\\/uploads\\\/2023\\\/11\\\/Tinychat-icon-square.png\",\"width\":284,\"height\":284,\"caption\":\"TinyChat\"},\"image\":{\"@id\":\"https:\\\/\\\/tinychat.com\\\/#\\\/schema\\\/logo\\\/image\\\/\"},\"sameAs\":[\"https:\\\/\\\/www.facebook.com\\\/tinychat\",\"https:\\\/\\\/x.com\\\/tinychat\"]}]}<\/script>\n<!-- \/ Yoast SEO plugin. -->","yoast_head_json":{"title":"Live Chat Online avec Video Chat sur TinyChat.com","description":"Vous aimez le Live Chat en ligne ? Rejoignez plus de 50 000 000 d'inconnus sur TinyChat ! Allumez votre cam\u00e9ra et commencez \u00e0 rencontrer de nouvelles personnes, ou trouvez un partenaire.","robots":{"index":"index","follow":"follow","max-snippet":"max-snippet:-1","max-image-preview":"max-image-preview:large","max-video-preview":"max-video-preview:-1"},"canonical":"https:\/\/tinychat.com\/fr\/live-chat-online\/","og_locale":"fr_FR","og_type":"article","og_title":"Live Chat Online with Video Chat on TinyChat.com","og_description":"Enjoying Live Chat Online? Join over 50,000,000 strangers on TinyChat! Turn on your cam and start meeting new people, or find a match.","og_url":"https:\/\/tinychat.com\/fr\/live-chat-online\/","og_site_name":"TinyChat","article_publisher":"https:\/\/www.facebook.com\/tinychat","article_modified_time":"2025-07-16T13:01:20+00:00","og_image":[{"width":1280,"height":284,"url":"https:\/\/tinychat.com\/wp-content\/uploads\/2020\/04\/Tinychat-logo-1280x284-new-black.png","type":"image\/png"}],"twitter_card":"summary_large_image","twitter_site":"@tinychat","twitter_misc":{"Dur\u00e9e de lecture estim\u00e9e":"7 minutes"},"schema":{"@context":"https:\/\/schema.org","@graph":[{"@type":"WebPage","@id":"https:\/\/tinychat.com\/live-chat-online\/","url":"https:\/\/tinychat.com\/live-chat-online\/","name":"Live Chat Online avec Video Chat sur TinyChat.com","isPartOf":{"@id":"https:\/\/tinychat.com\/#website"},"datePublished":"2025-03-12T07:40:59+00:00","dateModified":"2025-07-16T13:01:20+00:00","description":"Vous aimez le Live Chat en ligne ? Rejoignez plus de 50 000 000 d'inconnus sur TinyChat ! Allumez votre cam\u00e9ra et commencez \u00e0 rencontrer de nouvelles personnes, ou trouvez un partenaire.","breadcrumb":{"@id":"https:\/\/tinychat.com\/live-chat-online\/#breadcrumb"},"inLanguage":"fr-FR","potentialAction":[{"@type":"ReadAction","target":["https:\/\/tinychat.com\/live-chat-online\/"]}]},{"@type":"BreadcrumbList","@id":"https:\/\/tinychat.com\/live-chat-online\/#breadcrumb","itemListElement":[{"@type":"ListItem","position":1,"name":"Home","item":"https:\/\/tinychat.com\/"},{"@type":"ListItem","position":2,"name":"Live Chat Online"}]},{"@type":"WebSite","@id":"https:\/\/tinychat.com\/#website","url":"https:\/\/tinychat.com\/","name":"TinyChat","description":"Chat vid\u00e9o al\u00e9atoire avec des inconnus","publisher":{"@id":"https:\/\/tinychat.com\/#organization"},"alternateName":"TinyChat.com","potentialAction":[{"@type":"SearchAction","target":{"@type":"EntryPoint","urlTemplate":"https:\/\/tinychat.com\/?s={search_term_string}"},"query-input":{"@type":"PropertyValueSpecification","valueRequired":true,"valueName":"search_term_string"}}],"inLanguage":"fr-FR"},{"@type":"Organization","@id":"https:\/\/tinychat.com\/#organization","name":"TinyChat","alternateName":"TinyChat.com","url":"https:\/\/tinychat.com\/","logo":{"@type":"ImageObject","inLanguage":"fr-FR","@id":"https:\/\/tinychat.com\/#\/schema\/logo\/image\/","url":"https:\/\/tinychat.com\/wp-content\/uploads\/2023\/11\/Tinychat-icon-square.png","contentUrl":"https:\/\/tinychat.com\/wp-content\/uploads\/2023\/11\/Tinychat-icon-square.png","width":284,"height":284,"caption":"TinyChat"},"image":{"@id":"https:\/\/tinychat.com\/#\/schema\/logo\/image\/"},"sameAs":["https:\/\/www.facebook.com\/tinychat","https:\/\/x.com\/tinychat"]}]}},"_links":{"self":[{"href":"https:\/\/tinychat.com\/fr\/wp-json\/wp\/v2\/pages\/12732","targetHints":{"allow":["GET"]}}],"collection":[{"href":"https:\/\/tinychat.com\/fr\/wp-json\/wp\/v2\/pages"}],"about":[{"href":"https:\/\/tinychat.com\/fr\/wp-json\/wp\/v2\/types\/page"}],"author":[{"embeddable":true,"href":"https:\/\/tinychat.com\/fr\/wp-json\/wp\/v2\/users\/8"}],"replies":[{"embeddable":true,"href":"https:\/\/tinychat.com\/fr\/wp-json\/wp\/v2\/comments?post=12732"}],"version-history":[{"count":2,"href":"https:\/\/tinychat.com\/fr\/wp-json\/wp\/v2\/pages\/12732\/revisions"}],"predecessor-version":[{"id":13335,"href":"https:\/\/tinychat.com\/fr\/wp-json\/wp\/v2\/pages\/12732\/revisions\/13335"}],"wp:attachment":[{"href":"https:\/\/tinychat.com\/fr\/wp-json\/wp\/v2\/media?parent=12732"}],"curies":[{"name":"wp","href":"https:\/\/api.w.org\/{rel}","templated":true}]}}