{"id":12812,"date":"2025-07-21T11:45:21","date_gmt":"2025-07-21T09:45:21","guid":{"rendered":"https:\/\/tinychat.com\/?page_id=12812"},"modified":"2025-07-21T12:55:21","modified_gmt":"2025-07-21T10:55:21","slug":"chatmatch","status":"publish","type":"page","link":"https:\/\/tinychat.com\/fr\/chatmatch\/","title":{"rendered":"ChatMatch"},"content":{"rendered":"<p>Dans un paysage num\u00e9rique encombr\u00e9 d'applications sociales, de plateformes de rencontres et de sites de chat vid\u00e9o, ChatMatch \u00e9merge rapidement comme une alternative de confiance pour tous ceux qui recherchent des conversations en ligne significatives, spontan\u00e9es et s\u00fbres. Que vous souhaitiez vous faire de nouveaux amis, pratiquer une langue, flirter ou simplement rompre la monotonie de votre journ\u00e9e, ChatMatch offre une exp\u00e9rience de chat al\u00e9atoire de nouvelle g\u00e9n\u00e9ration, r\u00e9unissant le meilleur de Omegle, Chatroulette et des plateformes de chat plus r\u00e9centes, le tout avec une touche de modernit\u00e9.<\/p>\n<p>ChatMatch est bien plus qu'un simple site de chat \"\u00e0 la roulette\". Il s'agit d'une communaut\u00e9 mondiale con\u00e7ue pour des conversations vid\u00e9o ou textuelles instantan\u00e9es et anonymes, un filtrage intelligent et de solides fonctions de s\u00e9curit\u00e9. Sans t\u00e9l\u00e9chargement, avec une mise en relation rapide et une conception privil\u00e9giant la confidentialit\u00e9, ChatMatch est l\u00e0 pour vous aider \u00e0 d\u00e9couvrir un monde de connexions en temps r\u00e9el, un clic \u00e0 la fois.<\/p>\n<p>Ce guide couvre tout ce que vous devez savoir sur ChatMatch : son fonctionnement, ses principales fonctionnalit\u00e9s, son exp\u00e9rience utilisateur, sa s\u00e9curit\u00e9, les comparaisons avec les meilleures alternatives, le d\u00e9pannage, et des conseils de pro pour vous aider \u00e0 tirer le meilleur parti de chaque chat.<\/p>\n<h2>Qu'est-ce que ChatMatch ?<\/h2>\n<p>ChatMatch est une plateforme de chat vid\u00e9o et textuel al\u00e9atoire qui vous permet de vous connecter instantan\u00e9ment avec des inconnus du monde entier. Tout comme les applications classiques de roulette de chat, il n'est pas n\u00e9cessaire de s'inscrire. Il suffit d'ouvrir le site, d'autoriser l'acc\u00e8s \u00e0 la cam\u00e9ra ou au micro (pour la vid\u00e9o) et vous \u00eates jumel\u00e9 en quelques secondes avec quelqu'un de nouveau.<\/p>\n<p>Ce qui distingue ChatMatch, c'est l'importance qu'il accorde \u00e0 la s\u00e9curit\u00e9 et \u00e0 l'intelligence des rencontres. Avec des filtres intelligents, une mod\u00e9ration en direct et une interface \u00e9l\u00e9gante et adapt\u00e9e aux t\u00e9l\u00e9phones portables, ChatMatch allie spontan\u00e9it\u00e9 et confort, vous permettant de rencontrer des gens \u00e0 travers le monde ou plus pr\u00e8s de chez vous - toujours selon vos conditions.<\/p>\n<p>Que vous souhaitiez rencontrer un nouvel ami, profiter d'un chat amusant, trouver un partenaire linguistique ou m\u00eame tomber amoureux, ChatMatch offre un espace simple, s\u00fbr et centr\u00e9 sur l'utilisateur pour que cela se produise.<\/p>\n<h2>Principales caract\u00e9ristiques de ChatMatch<\/h2>\n<p>ChatMatch est dot\u00e9 de nombreuses fonctionnalit\u00e9s con\u00e7ues pour un chat en ligne rapide, s\u00e9curis\u00e9 et agr\u00e9able. Voici ce qui le distingue :<\/p>\n<h3>1. Chat vid\u00e9o ou textuel en un clic<\/h3>\n<p>Aucune inscription n'est n\u00e9cessaire : il vous suffit de visiter ChatMatch, de s\u00e9lectionner une vid\u00e9o ou un texte, et vous \u00eates instantan\u00e9ment mis en relation avec un inconnu. La plateforme fonctionne sur tous les appareils (ordinateur de bureau, tablette, t\u00e9l\u00e9phone portable), avec un design r\u00e9actif et des vitesses de connexion rapides.<\/p>\n<h3>2. Filtres intelligents (sexe, r\u00e9gion, langue)<\/h3>\n<p>Vous voulez plus de contr\u00f4le ? ChatMatch vous permet de filtrer les rencontres par sexe, pays et langue (certaines fonctionnalit\u00e9s peuvent n\u00e9cessiter une mise \u00e0 jour premium). C'est parfait pour ceux qui veulent :<\/p>\n<ul>\n<li>Pratiquer une nouvelle langue<\/li>\n<li>Rencontrer des personnes d'une r\u00e9gion ou d'une culture sp\u00e9cifique<\/li>\n<li>Chat uniquement avec des hommes, des femmes ou des utilisateurs non binaires<\/li>\n<\/ul>\n<h3>3. Anonymes et priv\u00e9s<\/h3>\n<p>Votre vie priv\u00e9e est primordiale. ChatMatch ne vous demande pas de cr\u00e9er un compte, de t\u00e9l\u00e9charger une photo de profil ou de partager des informations personnelles. Toutes les conversations sont priv\u00e9es et non enregistr\u00e9es, ce qui vous donne un contr\u00f4le total sur ce que vous r\u00e9v\u00e9lez.<\/p>\n<h3>4. Fonction \"Suivant\" rapide<\/h3>\n<p>Vous ne vous sentez pas concern\u00e9 par la conversation ? Il vous suffit d'appuyer sur \"Suivant\" pour rencontrer instantan\u00e9ment quelqu'un d'autre, sans attente ni tracas.<\/p>\n<h3>5. Une conception moderne, ax\u00e9e sur le mobile<\/h3>\n<p>ChatMatch est con\u00e7u pour \u00eatre utilis\u00e9 sur n'importe quel appareil - il fonctionne parfaitement sur les navigateurs de bureau et les smartphones\/tablettes, avec une interface adaptative qui assure la fluidit\u00e9 du chat vid\u00e9o et texte sur toutes les tailles d'\u00e9cran.<\/p>\n<h3>6. Traduction dans le chat<\/h3>\n<p>Faites tomber les barri\u00e8res linguistiques ! ChatMatch offre des outils de traduction en temps r\u00e9el afin que vous puissiez parler \u00e0 des utilisateurs de n'importe quel pays, quelles que soient vos comp\u00e9tences linguistiques.<\/p>\n<h3>7. Communaut\u00e9 de s\u00e9curit\u00e9 et mod\u00e9ration<\/h3>\n<p>ChatMatch utilise une combinaison de :<\/p>\n<ul>\n<li>Mod\u00e9ration automatis\u00e9e par l'IA pour filtrer la nudit\u00e9 et les abus<\/li>\n<li>Mod\u00e9rateurs humains disponibles 24 heures sur 24 et 7 jours sur 7<\/li>\n<li>Les fonctions de signalement et de blocage de l'utilisateur pour traiter rapidement les comportements inappropri\u00e9s<\/li>\n<\/ul>\n<h3>8. Partage de textes et d'images (mod\u00e9r\u00e9)<\/h3>\n<p>En plus de la vid\u00e9o et du texte en direct, ChatMatch permet de partager des images en toute s\u00e9curit\u00e9 (sous r\u00e9serve de mod\u00e9ration), ce qui rend les conversations plus attrayantes, sans sacrifier la s\u00e9curit\u00e9.<\/p>\n<h3>9. Syst\u00e8me de compte optionnel<\/h3>\n<p>Vous pr\u00e9f\u00e9rez enregistrer vos contacts favoris, acc\u00e9der \u00e0 des filtres avanc\u00e9s ou cr\u00e9er une liste d'amis ? Vous pouvez vous inscrire (avec un minimum d'informations) pour b\u00e9n\u00e9ficier de fonctions suppl\u00e9mentaires, mais ce n'est jamais obligatoire.<\/p>\n<h2>Comment utiliser ChatMatch<\/h2>\n<p>D\u00e9marrer avec ChatMatch est facile et rapide - voici un guide \u00e9tape par \u00e9tape :<\/p>\n<h3>\u00c9tape 1 : Visitez le site Web de ChatMatch<\/h3>\n<p>Ouvrez votre navigateur et allez sur chatmatch.com ou sur le domaine ChatMatch de votre r\u00e9gion.<\/p>\n<h3>\u00c9tape 2 : Choisir le chat vid\u00e9o ou textuel<\/h3>\n<p>S\u00e9lectionnez votre mode pr\u00e9f\u00e9r\u00e9 :<\/p>\n<ul>\n<li>Chat vid\u00e9o : Activez votre cam\u00e9ra\/microphone lorsque vous y \u00eates invit\u00e9.<\/li>\n<li>Chat textuel : Pas besoin d'appareil photo, il suffit de taper et de discuter.<\/li>\n<\/ul>\n<h3>\u00c9tape 3 : D\u00e9finir des filtres (facultatif)<\/h3>\n<p>Filtrez vos correspondances par sexe, pays ou langue pour une exp\u00e9rience plus personnalis\u00e9e. Certains filtres avanc\u00e9s peuvent n\u00e9cessiter la cr\u00e9ation d'un compte ou un petit paiement.<\/p>\n<h3>\u00c9tape 4 : Cliquez sur \"D\u00e9marrer\" ou \"Connecter\".<\/h3>\n<p>Vous serez instantan\u00e9ment mis en relation avec un inconnu. Dites bonjour et entamez la conversation !<\/p>\n<h3>\u00c9tape 5 : Cliquez sur \"Suivant\" pour passer \u00e0 l'\u00e9tape suivante<\/h3>\n<p>Vous n'\u00eates pas satisfait ? Cliquez sur \"Suivant\" pour trouver un nouveau partenaire de chat. Vous pouvez effectuer cette op\u00e9ration aussi souvent que vous le souhaitez.<\/p>\n<h3>\u00c9tape 6 : Utiliser la traduction, le partage d'images ou sauvegarder des amis (facultatif)<\/h3>\n<p>Essayez la traduction en direct, envoyez des images s\u00fbres ou enregistrez des utilisateurs en tant qu'amis si vous avez ouvert un compte.<\/p>\n<h3>\u00c9tape 7 : Signaler ou bloquer (si n\u00e9cessaire)<\/h3>\n<p>Vous constatez un comportement inappropri\u00e9 ? Utilisez le bouton Signaler\/Bloquer - les mod\u00e9rateurs sont toujours pr\u00eats \u00e0 vous aider.<\/p>\n<h2>Exp\u00e9rience utilisateur sur ChatMatch<\/h2>\n<p>ChatMatch est con\u00e7u pour \u00eatre rapide, s\u00fbr et surprenant. Voici ce que les utilisateurs appr\u00e9cient :<\/p>\n<h3>Ce que les utilisateurs aiment<\/h3>\n<ul>\n<li>Z\u00e9ro inscription, chat instantan\u00e9 : Le moyen le plus rapide de rencontrer quelqu'un de nouveau<\/li>\n<li>Un design moderne : Pas d'encombrement, de publicit\u00e9 ou de d\u00e9calage, mais une conversation pure et simple.<\/li>\n<li>Base d'utilisateurs mondiale : Rencontrez des personnes de tous les continents, 24 heures sur 24, 7 jours sur 7<\/li>\n<li>Choix d'un chat vid\u00e9o ou textuel<\/li>\n<li>Filtres intelligents et traduction en direct<\/li>\n<li>Anonymat : Pas de profil requis, pas de suivi, tout est priv\u00e9<\/li>\n<li>R\u00e9actif sur mobile : Parfait pour discuter en d\u00e9placement<\/li>\n<\/ul>\n<h3>Les souhaits des utilisateurs<\/h3>\n<ul>\n<li>Certains filtres et options premium sont payants (normal pour les sites de chat avanc\u00e9s)<\/li>\n<li>Pas encore de salles de groupes ou de sujets (\u00e0 venir dans les prochaines mises \u00e0 jour)<\/li>\n<li>Comme sur toutes les plateformes de chat al\u00e9atoire, des trolls apparaissent occasionnellement (ils sont rapidement bannis par la mod\u00e9ration).<\/li>\n<li>Addictif - vous pouvez passer des heures \u00e0 chatter sans vous en rendre compte !<\/li>\n<\/ul>\n<h3>Avis d'utilisateurs r\u00e9els<\/h3>\n<blockquote><p>\"Beaucoup plus s\u00fbr et fluide que l'ancien Omegle. J'aime le fait que je n'ai pas besoin de m'inscrire, et l'outil de traduction est sympa.\"<br \/>\n- <em>Jessica L., Trustpilot<\/em><\/p><\/blockquote>\n<blockquote><p>\"J'adore l'interface mobile, qui me permet de rencontrer des gens d'autres pays lorsque je m'ennuie.<br \/>\n- <em>Andre M., Google Play<\/em><\/p><\/blockquote>\n<blockquote><p>\"Je l'utilise pour les \u00e9changes linguistiques. Les filtres de pays et de langues fonctionnent tr\u00e8s bien.\"<br \/>\n- <em>Mei S., App Store<\/em><\/p><\/blockquote>\n<h2>ChatMatch vs. autres plateformes de chat vid\u00e9o al\u00e9atoire<\/h2>\n<p>Comment ChatMatch se compare-t-il aux meilleurs sites de chat vid\u00e9o actuels ?<\/p>\n<table>\n<thead>\n<tr>\n<th>Fonctionnalit\u00e9<\/th>\n<th>ChatMatch<\/th>\n<th>Omegle<\/th>\n<th>Omegla<\/th>\n<th>Chatroulette<\/th>\n<th>Chatrandom<\/th>\n<th>Funyo<\/th>\n<th>HOLLA<\/th>\n<th>LivU<\/th>\n<\/tr>\n<\/thead>\n<tbody>\n<tr>\n<td>Pas d'inscription n\u00e9cessaire<\/td>\n<td>\u2705 Oui<\/td>\n<td>\u2705 Oui<\/td>\n<td>\u2705 Oui<\/td>\n<td>\u2705 Oui<\/td>\n<td>\u2705 Oui<\/td>\n<td>\u2705 Oui<\/td>\n<td>\u2705 Oui<\/td>\n<td>\u2705 Oui<\/td>\n<\/tr>\n<tr>\n<td>Chat vid\u00e9o et texte<\/td>\n<td>\u2705 Les deux<\/td>\n<td>\u2705 Les deux<\/td>\n<td>\u2705 Les deux<\/td>\n<td>\u2705 Les deux<\/td>\n<td>\u2705 Les deux<\/td>\n<td>\u2705 Les deux<\/td>\n<td>\u2705 Les deux<\/td>\n<td>\u2705 Les deux<\/td>\n<\/tr>\n<tr>\n<td>Filtre genre\/pays<\/td>\n<td>\u2705 Oui*<\/td>\n<td>\u26a0\ufe0f Limited<\/td>\n<td>\u2705 Oui*<\/td>\n<td>\u2705 Oui<\/td>\n<td>\u2705 Oui<\/td>\n<td>\u2705 Oui<\/td>\n<td>\u2705 Oui<\/td>\n<td>\u2705 Oui<\/td>\n<\/tr>\n<tr>\n<td>Optimis\u00e9 pour les mobiles<\/td>\n<td>\u2705 Oui<\/td>\n<td>\u26a0\ufe0f Mixte<\/td>\n<td>\u2705 Oui<\/td>\n<td>\u2705 Oui<\/td>\n<td>\u2705 Oui<\/td>\n<td>\u2705 Oui<\/td>\n<td>\u2705 Oui<\/td>\n<td>\u2705 Oui<\/td>\n<\/tr>\n<tr>\n<td>Mod\u00e9ration en direct\/S\u00e9curit\u00e9<\/td>\n<td>\u2705 Fort<\/td>\n<td>\u26a0\ufe0f Limited<\/td>\n<td>\u2705 Fort<\/td>\n<td>\u26a0\ufe0f Limited<\/td>\n<td>\u2705 Oui<\/td>\n<td>\u2705 Oui<\/td>\n<td>\u2705 Fort<\/td>\n<td>\u2705 Fort<\/td>\n<\/tr>\n<tr>\n<td>Traduction dans le chat<\/td>\n<td>\u2705 Oui<\/td>\n<td>\u274c Non<\/td>\n<td>\ud83d\udd52 Bient\u00f4t<\/td>\n<td>\u274c Non<\/td>\n<td>\u274c Non<\/td>\n<td>\u274c Non<\/td>\n<td>\u2705 Oui<\/td>\n<td>\u2705 Oui<\/td>\n<\/tr>\n<tr>\n<td>Comptes facultatifs<\/td>\n<td>\u2705 Oui<\/td>\n<td>\u274c Non<\/td>\n<td>\u274c Non<\/td>\n<td>\u274c Non<\/td>\n<td>\u2705 Oui<\/td>\n<td>\u2705 Oui<\/td>\n<td>\u2705 Oui<\/td>\n<td>\u2705 Oui<\/td>\n<\/tr>\n<tr>\n<td>Partage d'images<\/td>\n<td>\u2705 Oui<\/td>\n<td>\u274c Non<\/td>\n<td>\u274c Non<\/td>\n<td>\u274c Non<\/td>\n<td>\u2705 Oui<\/td>\n<td>\u274c Non<\/td>\n<td>\u2705 Oui<\/td>\n<td>\u2705 Oui<\/td>\n<\/tr>\n<\/tbody>\n<\/table>\n<p>*Certains filtres avanc\u00e9s ou traductions peuvent n\u00e9cessiter un abonnement payant.<\/p>\n<p>R\u00e9sum\u00e9 : ChatMatch se distingue par son exp\u00e9rience de chat instantan\u00e9, anonyme et hautement personnalisable, avec d'excellents outils de mod\u00e9ration et de traduction pour une v\u00e9ritable port\u00e9e mondiale.<\/p>\n<h2>ChatMatch est-il s\u00fbr ?<\/h2>\n<p>ChatMatch place la s\u00e9curit\u00e9 des utilisateurs au c\u0153ur de sa plateforme :<\/p>\n<ul>\n<li>Mod\u00e9ration bas\u00e9e sur l'intelligence artificielle : Recherche de nudit\u00e9, de spam ou de comportement abusif en temps r\u00e9el.<\/li>\n<li>Mod\u00e9rateurs humains en chair et en os : Ils examinent et bannissent rapidement les utilisateurs qui enfreignent les r\u00e8gles.<\/li>\n<li>Boutons de signalement et de blocage : Toujours visibles dans le chat.<\/li>\n<li>Aucune information personnelle n'est requise : Restez totalement anonyme, sauf si vous d\u00e9cidez d'en dire plus.<\/li>\n<li>Discussions priv\u00e9es, en t\u00eate-\u00e0-t\u00eate : Pas de groupe ni d'historique public.<\/li>\n<\/ul>\n<h3>Conseils de s\u00e9curit\u00e9 pour les utilisateurs de ChatMatch<\/h3>\n<ul>\n<li>Ne communiquez jamais votre vrai nom, votre adresse, votre num\u00e9ro de t\u00e9l\u00e9phone ou d'autres informations priv\u00e9es.<\/li>\n<li>Signalez ou bloquez toute personne qui vous met mal \u00e0 l'aise.<\/li>\n<li>Utilisez un surnom et ne donnez que les d\u00e9tails avec lesquels vous vous sentez \u00e0 l'aise.<\/li>\n<li>M\u00e9fiez-vous de ceux qui tentent de faire dispara\u00eetre rapidement le chat de la plate-forme.<\/li>\n<li>N'oubliez pas : vous pouvez mettre fin \u00e0 la conversation et \u00e0 la rubrique \"Suivant\" \u00e0 tout moment.<\/li>\n<\/ul>\n<h2>Conseils pour profiter de ChatMatch<\/h2>\n<ul>\n<li>Commencez par un accueil amical : Les gens r\u00e9agissent mieux \u00e0 l'\u00e9nergie positive.<\/li>\n<li>Essayez \u00e0 plusieurs moments de la journ\u00e9e : La base d'utilisateurs est mondiale ; les matins et les soirs apportent de nouvelles rencontres.<\/li>\n<li>Utilisez des filtres linguistiques : Parfait pour les personnes qui apprennent une langue ou les expatri\u00e9s \u00e0 la recherche de locuteurs natifs.<\/li>\n<li>Envoyer des images (si disponibles) : Un moyen s\u00fbr de partager des m\u00e8mes, des \u0153uvres d'art ou des blagues, sous r\u00e9serve de mod\u00e9ration.<\/li>\n<li>N'h\u00e9sitez pas \u00e0 signaler ou \u00e0 bloquer : Contribuez \u00e0 ce que la communaut\u00e9 reste respectueuse de tous.<\/li>\n<li>Utilisation en d\u00e9placement : L'interface mobile permet de discuter de n'importe o\u00f9 de mani\u00e8re simple et amusante.<\/li>\n<li>S'inscrire pour les extras : Si vous utilisez souvent ChatMatch, cr\u00e9ez un compte gratuit pour b\u00e9n\u00e9ficier de plus de fonctionnalit\u00e9s.<\/li>\n<\/ul>\n<h2>R\u00e9solution des probl\u00e8mes courants li\u00e9s \u00e0 ChatMatch<\/h2>\n<h3>L'appareil photo ou le micro ne fonctionne pas<\/h3>\n<p>V\u00e9rifiez les autorisations de votre navigateur, fermez les autres applications li\u00e9es \u00e0 l'appareil photo, red\u00e9marrez le navigateur et r\u00e9essayez.<\/p>\n<h3>La connexion est lente ou tombe<\/h3>\n<p>Utilisez une connexion Wi-Fi solide, fermez les applications\/onglets en arri\u00e8re-plan et actualisez la page.<\/p>\n<h3>Les filtres ne fonctionnent pas<\/h3>\n<p>Certains filtres n\u00e9cessitent un compte ou une formule payante. V\u00e9rifiez que vous \u00eates connect\u00e9 ou mettez \u00e0 jour votre compte si n\u00e9cessaire.<\/p>\n<h3>Rencontrer des utilisateurs abusifs<\/h3>\n<p>Utilisez les boutons signaler\/bloquer. Les mod\u00e9rateurs examineront la situation et prendront rapidement des mesures.<\/p>\n<h3>La traduction ne fonctionne pas<\/h3>\n<p>Actualisez, v\u00e9rifiez votre connexion Internet ou contactez le service d'assistance. Certaines fonctions de traduction peuvent n\u00e9cessiter une mise \u00e0 jour.<\/p>\n<p>Absolument, surtout pour ceux qui recherchent une alternative moderne, rapide et s\u00fbre aux sites classiques de chat al\u00e9atoire. ChatMatch combine le plaisir instantan\u00e9 de parler \u00e0 des inconnus avec les meilleures fonctions actuelles de s\u00e9curit\u00e9, de confidentialit\u00e9 et de personnalisation.<\/p>\n<p>Que vous soyez \u00e0 la recherche d'une amiti\u00e9, d'un \u00e9change linguistique, d'un flirt ou simplement d'une conversation globale, ChatMatch rend les choses simples, anonymes et vraiment amusantes. Pas de t\u00e9l\u00e9chargement, pas d'inscription (sauf si vous le souhaitez), et une communaut\u00e9 amicale et grandissante au bout de vos doigts.<\/p>\n<p>Pr\u00eat \u00e0 commencer ? Visitez chatmatch.com, choisissez la vid\u00e9o ou le texte, et rencontrez votre prochaine grande connexion en quelques secondes.<\/p>","protected":false},"excerpt":{"rendered":"<p>In a digital landscape crowded with social apps, dating platforms, and video chat sites, ChatMatch is quickly emerging as a trusted alternative for anyone seeking meaningful, spontaneous, and safe online conversations. Whether you want to make new friends, practice a language, flirt, or just break the monotony of your day, ChatMatch offers a next-generation random [&hellip;]<\/p>\n","protected":false},"author":6,"featured_media":0,"parent":0,"menu_order":0,"comment_status":"closed","ping_status":"closed","template":"","meta":{"footnotes":""},"class_list":["post-12812","page","type-page","status-publish","hentry"],"yoast_head":"<!-- This site is optimized with the Yoast SEO plugin v27.4 - https:\/\/yoast.com\/product\/yoast-seo-wordpress\/ -->\n<title>ChatMatch - Fun Random Video Chat to Meet Girls - TinyChat.com<\/title>\n<meta name=\"description\" content=\"Enjoying ChatMatch? Join over 50,000,000 strangers on TinyChat! Turn on your cam and start meeting new people, or find a match.\" \/>\n<meta name=\"robots\" content=\"index, follow, max-snippet:-1, max-image-preview:large, max-video-preview:-1\" \/>\n<link rel=\"canonical\" href=\"https:\/\/tinychat.com\/fr\/chatmatch\/\" \/>\n<meta property=\"og:locale\" content=\"fr_FR\" \/>\n<meta property=\"og:type\" content=\"article\" \/>\n<meta property=\"og:title\" content=\"ChatMatch - Fun Random Video Chat to Meet Girls - TinyChat.com\" \/>\n<meta property=\"og:description\" content=\"Enjoying ChatMatch? Join over 50,000,000 strangers on TinyChat! Turn on your cam and start meeting new people, or find a match.\" \/>\n<meta property=\"og:url\" content=\"https:\/\/tinychat.com\/fr\/chatmatch\/\" \/>\n<meta property=\"og:site_name\" content=\"TinyChat\" \/>\n<meta property=\"article:publisher\" content=\"https:\/\/www.facebook.com\/tinychat\" \/>\n<meta property=\"article:modified_time\" content=\"2025-07-21T10:55:21+00:00\" \/>\n<meta property=\"og:image\" content=\"https:\/\/tinychat.com\/wp-content\/uploads\/2020\/04\/Tinychat-logo-1280x284-new-black.png\" \/>\n\t<meta property=\"og:image:width\" content=\"1280\" \/>\n\t<meta property=\"og:image:height\" content=\"284\" \/>\n\t<meta property=\"og:image:type\" content=\"image\/png\" \/>\n<meta name=\"twitter:card\" content=\"summary_large_image\" \/>\n<meta name=\"twitter:site\" content=\"@tinychat\" \/>\n<meta name=\"twitter:label1\" content=\"Dur\u00e9e de lecture estim\u00e9e\" \/>\n\t<meta name=\"twitter:data1\" content=\"7 minutes\" \/>\n<script type=\"application\/ld+json\" class=\"yoast-schema-graph\">{\"@context\":\"https:\\\/\\\/schema.org\",\"@graph\":[{\"@type\":\"WebPage\",\"@id\":\"https:\\\/\\\/tinychat.com\\\/chatmatch\\\/\",\"url\":\"https:\\\/\\\/tinychat.com\\\/chatmatch\\\/\",\"name\":\"ChatMatch - Fun Random Video Chat to Meet Girls - TinyChat.com\",\"isPartOf\":{\"@id\":\"https:\\\/\\\/tinychat.com\\\/#website\"},\"datePublished\":\"2025-07-21T09:45:21+00:00\",\"dateModified\":\"2025-07-21T10:55:21+00:00\",\"description\":\"Enjoying ChatMatch? Join over 50,000,000 strangers on TinyChat! Turn on your cam and start meeting new people, or find a match.\",\"breadcrumb\":{\"@id\":\"https:\\\/\\\/tinychat.com\\\/chatmatch\\\/#breadcrumb\"},\"inLanguage\":\"fr-FR\",\"potentialAction\":[{\"@type\":\"ReadAction\",\"target\":[\"https:\\\/\\\/tinychat.com\\\/chatmatch\\\/\"]}]},{\"@type\":\"BreadcrumbList\",\"@id\":\"https:\\\/\\\/tinychat.com\\\/chatmatch\\\/#breadcrumb\",\"itemListElement\":[{\"@type\":\"ListItem\",\"position\":1,\"name\":\"Home\",\"item\":\"https:\\\/\\\/tinychat.com\\\/\"},{\"@type\":\"ListItem\",\"position\":2,\"name\":\"ChatMatch\"}]},{\"@type\":\"WebSite\",\"@id\":\"https:\\\/\\\/tinychat.com\\\/#website\",\"url\":\"https:\\\/\\\/tinychat.com\\\/\",\"name\":\"TinyChat\",\"description\":\"Random Video Chat with Strangers\",\"publisher\":{\"@id\":\"https:\\\/\\\/tinychat.com\\\/#organization\"},\"alternateName\":\"TinyChat.com\",\"potentialAction\":[{\"@type\":\"SearchAction\",\"target\":{\"@type\":\"EntryPoint\",\"urlTemplate\":\"https:\\\/\\\/tinychat.com\\\/?s={search_term_string}\"},\"query-input\":{\"@type\":\"PropertyValueSpecification\",\"valueRequired\":true,\"valueName\":\"search_term_string\"}}],\"inLanguage\":\"fr-FR\"},{\"@type\":\"Organization\",\"@id\":\"https:\\\/\\\/tinychat.com\\\/#organization\",\"name\":\"TinyChat\",\"alternateName\":\"TinyChat.com\",\"url\":\"https:\\\/\\\/tinychat.com\\\/\",\"logo\":{\"@type\":\"ImageObject\",\"inLanguage\":\"fr-FR\",\"@id\":\"https:\\\/\\\/tinychat.com\\\/#\\\/schema\\\/logo\\\/image\\\/\",\"url\":\"https:\\\/\\\/tinychat.com\\\/wp-content\\\/uploads\\\/2023\\\/11\\\/Tinychat-icon-square.png\",\"contentUrl\":\"https:\\\/\\\/tinychat.com\\\/wp-content\\\/uploads\\\/2023\\\/11\\\/Tinychat-icon-square.png\",\"width\":284,\"height\":284,\"caption\":\"TinyChat\"},\"image\":{\"@id\":\"https:\\\/\\\/tinychat.com\\\/#\\\/schema\\\/logo\\\/image\\\/\"},\"sameAs\":[\"https:\\\/\\\/www.facebook.com\\\/tinychat\",\"https:\\\/\\\/x.com\\\/tinychat\"]}]}<\/script>\n<!-- \/ Yoast SEO plugin. -->","yoast_head_json":{"title":"ChatMatch - Chat vid\u00e9o al\u00e9atoire pour rencontrer des filles - TinyChat.com","description":"Vous aimez ChatMatch ? Rejoignez plus de 50 000 000 d'inconnus sur TinyChat ! Allumez votre cam\u00e9ra et commencez \u00e0 rencontrer de nouvelles personnes, ou trouvez un partenaire.","robots":{"index":"index","follow":"follow","max-snippet":"max-snippet:-1","max-image-preview":"max-image-preview:large","max-video-preview":"max-video-preview:-1"},"canonical":"https:\/\/tinychat.com\/fr\/chatmatch\/","og_locale":"fr_FR","og_type":"article","og_title":"ChatMatch - Fun Random Video Chat to Meet Girls - TinyChat.com","og_description":"Enjoying ChatMatch? Join over 50,000,000 strangers on TinyChat! Turn on your cam and start meeting new people, or find a match.","og_url":"https:\/\/tinychat.com\/fr\/chatmatch\/","og_site_name":"TinyChat","article_publisher":"https:\/\/www.facebook.com\/tinychat","article_modified_time":"2025-07-21T10:55:21+00:00","og_image":[{"width":1280,"height":284,"url":"https:\/\/tinychat.com\/wp-content\/uploads\/2020\/04\/Tinychat-logo-1280x284-new-black.png","type":"image\/png"}],"twitter_card":"summary_large_image","twitter_site":"@tinychat","twitter_misc":{"Dur\u00e9e de lecture estim\u00e9e":"7 minutes"},"schema":{"@context":"https:\/\/schema.org","@graph":[{"@type":"WebPage","@id":"https:\/\/tinychat.com\/chatmatch\/","url":"https:\/\/tinychat.com\/chatmatch\/","name":"ChatMatch - Chat vid\u00e9o al\u00e9atoire pour rencontrer des filles - TinyChat.com","isPartOf":{"@id":"https:\/\/tinychat.com\/#website"},"datePublished":"2025-07-21T09:45:21+00:00","dateModified":"2025-07-21T10:55:21+00:00","description":"Vous aimez ChatMatch ? Rejoignez plus de 50 000 000 d'inconnus sur TinyChat ! Allumez votre cam\u00e9ra et commencez \u00e0 rencontrer de nouvelles personnes, ou trouvez un partenaire.","breadcrumb":{"@id":"https:\/\/tinychat.com\/chatmatch\/#breadcrumb"},"inLanguage":"fr-FR","potentialAction":[{"@type":"ReadAction","target":["https:\/\/tinychat.com\/chatmatch\/"]}]},{"@type":"BreadcrumbList","@id":"https:\/\/tinychat.com\/chatmatch\/#breadcrumb","itemListElement":[{"@type":"ListItem","position":1,"name":"Home","item":"https:\/\/tinychat.com\/"},{"@type":"ListItem","position":2,"name":"ChatMatch"}]},{"@type":"WebSite","@id":"https:\/\/tinychat.com\/#website","url":"https:\/\/tinychat.com\/","name":"TinyChat","description":"Chat vid\u00e9o al\u00e9atoire avec des inconnus","publisher":{"@id":"https:\/\/tinychat.com\/#organization"},"alternateName":"TinyChat.com","potentialAction":[{"@type":"SearchAction","target":{"@type":"EntryPoint","urlTemplate":"https:\/\/tinychat.com\/?s={search_term_string}"},"query-input":{"@type":"PropertyValueSpecification","valueRequired":true,"valueName":"search_term_string"}}],"inLanguage":"fr-FR"},{"@type":"Organization","@id":"https:\/\/tinychat.com\/#organization","name":"TinyChat","alternateName":"TinyChat.com","url":"https:\/\/tinychat.com\/","logo":{"@type":"ImageObject","inLanguage":"fr-FR","@id":"https:\/\/tinychat.com\/#\/schema\/logo\/image\/","url":"https:\/\/tinychat.com\/wp-content\/uploads\/2023\/11\/Tinychat-icon-square.png","contentUrl":"https:\/\/tinychat.com\/wp-content\/uploads\/2023\/11\/Tinychat-icon-square.png","width":284,"height":284,"caption":"TinyChat"},"image":{"@id":"https:\/\/tinychat.com\/#\/schema\/logo\/image\/"},"sameAs":["https:\/\/www.facebook.com\/tinychat","https:\/\/x.com\/tinychat"]}]}},"_links":{"self":[{"href":"https:\/\/tinychat.com\/fr\/wp-json\/wp\/v2\/pages\/12812","targetHints":{"allow":["GET"]}}],"collection":[{"href":"https:\/\/tinychat.com\/fr\/wp-json\/wp\/v2\/pages"}],"about":[{"href":"https:\/\/tinychat.com\/fr\/wp-json\/wp\/v2\/types\/page"}],"author":[{"embeddable":true,"href":"https:\/\/tinychat.com\/fr\/wp-json\/wp\/v2\/users\/6"}],"replies":[{"embeddable":true,"href":"https:\/\/tinychat.com\/fr\/wp-json\/wp\/v2\/comments?post=12812"}],"version-history":[{"count":3,"href":"https:\/\/tinychat.com\/fr\/wp-json\/wp\/v2\/pages\/12812\/revisions"}],"predecessor-version":[{"id":13344,"href":"https:\/\/tinychat.com\/fr\/wp-json\/wp\/v2\/pages\/12812\/revisions\/13344"}],"wp:attachment":[{"href":"https:\/\/tinychat.com\/fr\/wp-json\/wp\/v2\/media?parent=12812"}],"curies":[{"name":"wp","href":"https:\/\/api.w.org\/{rel}","templated":true}]}}