{"id":1311,"date":"2025-07-07T17:56:49","date_gmt":"2025-07-07T15:56:49","guid":{"rendered":"https:\/\/tinychat.com\/?page_id=1311"},"modified":"2025-07-07T18:46:40","modified_gmt":"2025-07-07T16:46:40","slug":"holla","status":"publish","type":"page","link":"https:\/\/tinychat.com\/fr\/holla\/","title":{"rendered":"Holla"},"content":{"rendered":"<p>La fa\u00e7on dont nous rencontrons de nouvelles personnes a chang\u00e9 pour toujours, et avec la mont\u00e9e en puissance des applications de chat vid\u00e9o al\u00e9atoire, il n'a jamais \u00e9t\u00e9 aussi facile d'\u00e9tablir des connexions spontan\u00e9es \u00e0 travers le monde. HOLLA se distingue dans ce domaine encombr\u00e9 en tant que plateforme de chat de nouvelle g\u00e9n\u00e9ration qui combine le chat vid\u00e9o, vocal et textuel en temps r\u00e9el avec de puissantes fonctionnalit\u00e9s de mise en relation et un accent mis sur des interactions authentiques, amusantes et s\u00fbres.<\/p>\n<p>Que vous soyez \u00e0 la recherche d'un nouvel ami, que vous souhaitiez pratiquer une langue ou simplement discuter rapidement et de mani\u00e8re divertissante avec quelqu'un d'un autre pays, HOLLA rend tout cela possible - \u00e0 tout moment, n'importe o\u00f9, directement depuis votre smartphone.<\/p>\n<p>Ce guide d\u00e9taill\u00e9 vous fera p\u00e9n\u00e9trer dans l'univers de HOLLA : son fonctionnement, ses principales fonctionnalit\u00e9s, son exp\u00e9rience utilisateur, sa s\u00e9curit\u00e9, sa comparaison avec d'autres applications de chat, ses conseils de d\u00e9pannage et la mani\u00e8re de tirer le meilleur parti de chaque connexion.<\/p>\n<h2>Qu'est-ce que le HOLLA ?<\/h2>\n<p>HOLLA est une application gratuite de chat vid\u00e9o al\u00e9atoire et de socialisation en direct qui vous permet de vous connecter instantan\u00e9ment avec des inconnus du monde entier par le biais de la vid\u00e9o, de la voix ou du texte. Lanc\u00e9e \u00e0 l'origine en 2016, HOLLA est rapidement devenue l'une des applications de chat al\u00e9atoire les plus t\u00e9l\u00e9charg\u00e9es et les mieux not\u00e9es sur iOS et Android.<\/p>\n<p>Ce qui rend HOLLA unique, c'est son approche mobile, ses algorithmes de correspondance sophistiqu\u00e9s, ses mesures de s\u00e9curit\u00e9 dans l'application et une suite de fonctionnalit\u00e9s con\u00e7ues pour rendre chaque chat \u00e0 la fois amusant et significatif. Vous n'avez pas besoin de vous inscrire pour commencer \u00e0 utiliser HOLLA, mais l'application offre des fonctionnalit\u00e9s suppl\u00e9mentaires aux utilisateurs inscrits - de la personnalisation du profil aux filtres premium et aux contr\u00f4les de mod\u00e9ration.<\/p>\n<p>L'audience de HOLLA est v\u00e9ritablement mondiale, avec des millions d'utilisateurs actifs aux \u00c9tats-Unis, au Royaume-Uni, en Inde, au Moyen-Orient, en Asie du Sud-Est et ailleurs. Son design est jeune, vivant et inclusif, ce qui en fait le favori des adolescents, des \u00e9tudiants, des expatri\u00e9s, des voyageurs et de toute personne curieuse du monde.<\/p>\n<h2>Caract\u00e9ristiques principales de HOLLA<\/h2>\n<p>HOLLA offre un ensemble de fonctionnalit\u00e9s qui vont bien au-del\u00e0 du chat classique de type \"roulette\", en mettant l'accent sur la s\u00e9curit\u00e9 de l'utilisateur, la personnalisation et la qualit\u00e9 de la connexion :<\/p>\n<h3>1. Chat vid\u00e9o al\u00e9atoire en une touche<\/h3>\n<p>Au c\u0153ur de HOLLA se trouve le chat vid\u00e9o al\u00e9atoire. D'une simple pression, vous \u00eates instantan\u00e9ment connect\u00e9 en face \u00e0 face avec un inconnu, n'importe o\u00f9 dans le monde. Vous n'aimez pas la rencontre ? Balayez ou tapez sur \"Suivant\" pour r\u00e9essayer. Chaque chat est unique - et vous ne savez jamais qui vous rencontrerez ensuite.<\/p>\n<h3>2. Options de chat vocal et textuel<\/h3>\n<p>Vous n'\u00eates pas pr\u00eat pour la vid\u00e9o ? Vous pouvez passer au chat vocal uniquement ou commencer par de simples messages textuels. Cette flexibilit\u00e9 est id\u00e9ale pour les utilisateurs timides ou les personnes en d\u00e9placement.<\/p>\n<h3>3. Filtres de genre, de r\u00e9gion et d'int\u00e9r\u00eat<\/h3>\n<p>HOLLA vous permet de filtrer les correspondances par sexe, pays ou centres d'int\u00e9r\u00eat (les filtres peuvent \u00eatre des fonctions payantes ou limit\u00e9es pour les utilisateurs gratuits). Que vous souhaitiez discuter avec quelqu'un pr\u00e8s de chez vous ou pratiquer l'espagnol avec un locuteur natif, vous avez le contr\u00f4le.<\/p>\n<h3>4. Effets amusants et filtres AR<\/h3>\n<p>D\u00e9marquez-vous ou brisez la glace avec des filtres de visage en direct, des masques AR et des effets vid\u00e9o. HOLLA vous permet d'ajouter facilement une touche ludique \u00e0 vos appels, pour que les conversations se d\u00e9roulent naturellement.<\/p>\n<h3>5. Traduction en temps r\u00e9el<\/h3>\n<p>Vous voulez discuter, mais vous ne parlez pas la m\u00eame langue ? HOLLA offre une traduction en temps r\u00e9el, ce qui fait tomber les barri\u00e8res linguistiques et permet une v\u00e9ritable conversation mondiale.<\/p>\n<h3>6. Mod\u00e9ration et dispositifs de s\u00e9curit\u00e9<\/h3>\n<p>HOLLA prend au s\u00e9rieux la s\u00e9curit\u00e9 de la communaut\u00e9 :<\/p>\n<ul>\n<li>Mod\u00e9ration automatis\u00e9e et examen du contenu en temps r\u00e9el<\/li>\n<li>Fonctionnalit\u00e9s de rapport et de blocage rapide int\u00e9gr\u00e9es \u00e0 l'application<\/li>\n<li>\u00c9quipe de mod\u00e9ration 24\/7<\/li>\n<li>D\u00e9tection de la nudit\u00e9 et des abus gr\u00e2ce \u00e0 l'IA<\/li>\n<\/ul>\n<h3>7. Syst\u00e8me de jumelage<\/h3>\n<p>Vous avez aim\u00e9 une discussion ? Vous pouvez ajouter des utilisateurs en tant qu'amis ou \"correspondants\" pour les conversations en cours. Cr\u00e9ez votre propre liste de contacts internationaux et poursuivez la conversation.<\/p>\n<h3>8. Personnalisation du profil et avatars<\/h3>\n<p>Les utilisateurs enregistr\u00e9s peuvent cr\u00e9er un profil, t\u00e9l\u00e9charger des photos et r\u00e9diger une br\u00e8ve biographie. Cela permet d'obtenir des correspondances plus pertinentes et d'exprimer sa personnalit\u00e9.<\/p>\n<h3>9. Cadeaux virtuels et fonctionnalit\u00e9s Premium<\/h3>\n<p>HOLLA propose une monnaie in-app pour acheter des cadeaux virtuels, des autocollants, des filtres premium et des effets. Le cadeau est un moyen amusant de briser la glace ou de montrer son appr\u00e9ciation.<\/p>\n<h3>10. \u00c9v\u00e9nements et communaut\u00e9 sociale<\/h3>\n<p>Occasionnellement, HOLLA organise des \u00e9v\u00e9nements mondiaux, des concours et des d\u00e9fis communautaires - une fa\u00e7on amusante de rencontrer d'autres personnes et de montrer votre cr\u00e9ativit\u00e9.<\/p>\n<h2>Comment utiliser HOLLA<\/h2>\n<p>HOLLA est con\u00e7u pour \u00eatre facile et rapide, mais voici un guide \u00e9tape par \u00e9tape pour les nouveaux venus et les utilisateurs exp\u00e9riment\u00e9s :<\/p>\n<h3>\u00c9tape 1 : T\u00e9l\u00e9charger l'application HOLLA<\/h3>\n<p>HOLLA est disponible sur l'App Store (iOS) et Google Play (Android). T\u00e9l\u00e9chargez et installez l'application - pas besoin d'un navigateur de bureau.<\/p>\n<h3>\u00c9tape 2 : Ouvrir l'application et d\u00e9finir les autorisations<\/h3>\n<p>Accorder les autorisations de cam\u00e9ra, de micro et (facultatif) de localisation. Ces autorisations sont n\u00e9cessaires pour le chat vid\u00e9o et facilitent l'appariement.<\/p>\n<h3>\u00c9tape 3 : Cr\u00e9er un compte (facultatif)<\/h3>\n<p>Vous pouvez commencer \u00e0 chatter en tant qu'invit\u00e9, mais le fait de vous inscrire avec votre num\u00e9ro de t\u00e9l\u00e9phone, votre adresse \u00e9lectronique ou votre compte social vous permet de d\u00e9bloquer le syst\u00e8me :<\/p>\n<ul>\n<li>Syst\u00e8me d'amis<\/li>\n<li>Personnalisation du profil<\/li>\n<li>Pi\u00e8ces et filtres premium<\/li>\n<li>Historique du chat<\/li>\n<\/ul>\n<h3>\u00c9tape 4 : Appuyez sur \"Start\" ou \"Go Live\".<\/h3>\n<p>D'une simple pression, vous serez mis en relation avec un utilisateur al\u00e9atoire pour un chat vid\u00e9o, vocal ou textuel.<\/p>\n<h3>\u00c9tape 5 : Glissez, associez ou ajoutez des amis<\/h3>\n<ul>\n<li>Glissez ou tapez sur \"Suivant\" pour trouver une nouvelle correspondance.<\/li>\n<li>Utilisez des filtres pour affiner votre recherche (si disponibles)<\/li>\n<li>Ajoutez des utilisateurs en tant qu'amis si vous souhaitez continuer \u00e0 discuter plus tard.<\/li>\n<\/ul>\n<h3>\u00c9tape 6 : Utiliser les effets et la traduction<\/h3>\n<p>Essayez les masques AR, les effets vid\u00e9o et l'outil de traduction en temps r\u00e9el pour que les choses restent amusantes et inclusives.<\/p>\n<h2>L'exp\u00e9rience de l'utilisateur HOLLA<\/h2>\n<p>HOLLA est con\u00e7u pour la rapidit\u00e9, la s\u00e9curit\u00e9 et la spontan\u00e9it\u00e9, pour que chaque conversation soit une aventure. Voici ce que les utilisateurs et les critiques soulignent :<\/p>\n<h3>Ce qui rend HOLLA unique<\/h3>\n<ul>\n<li>Mobile-first : conception fluide et r\u00e9active sur les t\u00e9l\u00e9phones et les tablettes<\/li>\n<li>Modes de discussion flexibles : Vid\u00e9o, voix ou texte - changez \u00e0 tout moment<\/li>\n<li>Une ambiance jeune et amusante : les filtres et effets AR permettent de rester dans la l\u00e9g\u00e8ret\u00e9<\/li>\n<li>Une communaut\u00e9 v\u00e9ritablement mondiale : Rencontrer des personnes de tous les continents<\/li>\n<li>Traduction en temps r\u00e9el : La langue n'est plus une barri\u00e8re<\/li>\n<li>Mod\u00e9ration active : Un environnement plus s\u00fbr et plus respectueux que celui de nombreux concurrents<\/li>\n<\/ul>\n<h3>Amour des utilisateurs<\/h3>\n<ul>\n<li>\u2705 Chat d'un seul coup : Le moyen le plus rapide de rencontrer de nouvelles personnes en face \u00e0 face<\/li>\n<li>\u2705 Syst\u00e8me de correspondance et d'amiti\u00e9 : \u00c9tablir des connexions pour des conversations continues<\/li>\n<li>Une base d'utilisateurs diversifi\u00e9e : Toujours quelqu'un de nouveau \u00e0 qui parler<\/li>\n<li>\u2705 Facile \u00e0 signaler\/bloquer : Prenez le contr\u00f4le de votre exp\u00e9rience<\/li>\n<li>\u2705 Gratuit pour commencer, avec des extras sympas<\/li>\n<\/ul>\n<h3>Ce qui pourrait \u00eatre am\u00e9lior\u00e9<\/h3>\n<ul>\n<li>\u274c Certaines fonctionnalit\u00e9s premium (filtres par sexe\/pays) n\u00e9cessitent des pi\u00e8ces de monnaie ou un abonnement.<\/li>\n<li>\u274c Comportement inappropri\u00e9 occasionnel (rapidement trait\u00e9 par la mod\u00e9ration)<\/li>\n<li>\u274c Peut cr\u00e9er une d\u00e9pendance - il est facile de perdre la notion du temps !<\/li>\n<li>\u274c Forte d\u00e9pendance \u00e0 l'\u00e9gard de la t\u00e9l\u00e9phonie mobile (pas de version de bureau)<\/li>\n<li>Quelques publicit\u00e9s dans la version gratuite<\/li>\n<\/ul>\n<h2>Avis d'utilisateurs r\u00e9els<\/h2>\n<blockquote><p>\"Je me suis fait trois nouveaux amis d\u00e8s mon premier jour d'utilisation de HOLLA. L'outil de traduction est g\u00e9nial pour pratiquer mon espagnol !\"<br \/>\n- <em>James B., Google Play Review<\/em><\/p><\/blockquote>\n<blockquote><p>\"Les filtres AR sont hilarants et j'aime le fait que l'on puisse commencer par du texte ou de la voix si l'on n'est pas pr\u00eat pour la vid\u00e9o.<br \/>\n- <em>Priya K., App Store<\/em><\/p><\/blockquote>\n<blockquote><p>\"Beaucoup plus s\u00fbr que Omegle ou Chatroulette. Les gens sont plus amicaux et je n'ai pas vu de choses bizarres.\"<br \/>\n- <em>Leo M., Trustpilot<\/em><\/p><\/blockquote>\n<h2>HOLLA vs. autres applications de chat al\u00e9atoire<\/h2>\n<p>Comment HOLLA se compare-t-il aux applications de chat vid\u00e9o les plus populaires au monde ?<\/p>\n<table>\n<thead>\n<tr>\n<th>Fonctionnalit\u00e9<\/th>\n<th>HOLLA<\/th>\n<th>Omegle<\/th>\n<th>Chatroulette<\/th>\n<th>Chatrandom<\/th>\n<th>Funyo<\/th>\n<th>LuckyCrush<\/th>\n<\/tr>\n<\/thead>\n<tbody>\n<tr>\n<td>Application mobile<\/td>\n<td>\u2705 Oui<\/td>\n<td>\u274c Non<\/td>\n<td>\u274c Non<\/td>\n<td>\u2705 Oui<\/td>\n<td>\u2705 Oui<\/td>\n<td>\u2705 Oui<\/td>\n<\/tr>\n<tr>\n<td>Pas d'inscription n\u00e9cessaire<\/td>\n<td>\u2705 Oui<\/td>\n<td>\u2705 Oui<\/td>\n<td>\u2705 Oui<\/td>\n<td>\u2705 Oui<\/td>\n<td>\u2705 Oui<\/td>\n<td>\u274c Hommes seulement<\/td>\n<\/tr>\n<tr>\n<td>Vid\u00e9o\/Voix\/Texte<\/td>\n<td>\u2705 Tous<\/td>\n<td>\u2705\/\u274c\/\u2705<\/td>\n<td>\u2705\/\u274c\/\u2705<\/td>\n<td>\u2705\/\u274c\/\u2705<\/td>\n<td>\u2705\/\u274c\/\u2705<\/td>\n<td>\u2705\/\u274c\/\u2705<\/td>\n<\/tr>\n<tr>\n<td>Filtres de genre\/pays<\/td>\n<td>\u2705 Premium<\/td>\n<td>\u26a0\ufe0f Limited<\/td>\n<td>\u26a0\ufe0f Limited<\/td>\n<td>\u2705 Premium<\/td>\n<td>\u2705 Premium<\/td>\n<td>\u2705 Oui<\/td>\n<\/tr>\n<tr>\n<td>Filtres\/effets AR<\/td>\n<td>\u2705 Oui<\/td>\n<td>\u274c Non<\/td>\n<td>\u274c Non<\/td>\n<td>\u274c Non<\/td>\n<td>\u274c Non<\/td>\n<td>\u274c Non<\/td>\n<\/tr>\n<tr>\n<td>Traduction<\/td>\n<td>\u2705 Oui<\/td>\n<td>\u274c Non<\/td>\n<td>\u274c Non<\/td>\n<td>\u274c Non<\/td>\n<td>\u274c Non<\/td>\n<td>\u274c Non<\/td>\n<\/tr>\n<tr>\n<td>Syst\u00e8me d'amiti\u00e9 et d'appariement<\/td>\n<td>\u2705 Oui<\/td>\n<td>\u274c Non<\/td>\n<td>\u274c Non<\/td>\n<td>\u2705 Oui<\/td>\n<td>\u274c Non<\/td>\n<td>\u2705 Oui<\/td>\n<\/tr>\n<tr>\n<td>S\u00e9curit\u00e9\/mod\u00e9ration<\/td>\n<td>\u2705 Fort<\/td>\n<td>\u26a0\ufe0f Limited<\/td>\n<td>\u26a0\ufe0f Limited<\/td>\n<td>\u2705 Mod\u00e9r\u00e9<\/td>\n<td>\u2705 Oui<\/td>\n<td>\u2705 Oui<\/td>\n<\/tr>\n<\/tbody>\n<\/table>\n<p>R\u00e9sum\u00e9 : HOLLA est id\u00e9al pour les utilisateurs mobiles qui veulent des options de chat s\u00fbres, flexibles et globales, avec en prime des filtres amusants et une traduction en temps r\u00e9el.<\/p>\n<h2>HOLLA est-il s\u00fbr ?<\/h2>\n<p>HOLLA s'engage \u00e0 assurer la s\u00e9curit\u00e9 et le respect des utilisateurs, en combinant technologie et gestion active de la communaut\u00e9 :<\/p>\n<ul>\n<li>R\u00e9vision du contenu en temps r\u00e9el et mod\u00e9ration par l'IA<\/li>\n<li>Signalement et blocage des utilisateurs<\/li>\n<li>Mod\u00e9rateurs humains 24\/7<\/li>\n<li>Pas d'affichage public - chats priv\u00e9s et \u00e9ph\u00e9m\u00e8res<\/li>\n<li>Syst\u00e8me d'amis pour une connexion continue (au choix)<\/li>\n<\/ul>\n<h3>Conseils de s\u00e9curit\u00e9<\/h3>\n<ul>\n<li>Ne communiquez jamais vos coordonn\u00e9es personnelles, votre adresse ou vos informations financi\u00e8res.<\/li>\n<li>Utilisez les fonctions de blocage et de signalement si vous \u00eates confront\u00e9 \u00e0 un comportement inappropri\u00e9.<\/li>\n<li>Restez anonyme jusqu'\u00e0 ce que vous ayez confiance en votre partenaire<\/li>\n<li>\u00c9vitez de cliquer sur des liens inconnus ou d'accepter des fichiers<\/li>\n<li>D\u00e9connectez-vous et effacez l'historique de votre chat si vous \u00eates sur un appareil public\/partag\u00e9.<\/li>\n<\/ul>\n<h2>Conseils pour tirer le meilleur parti de HOLLA<\/h2>\n<ul>\n<li>Essayez les filtres et les effets AR - une fa\u00e7on amusante de briser la glace et de montrer votre personnalit\u00e9.<\/li>\n<li>Utilisez des filtres (le cas \u00e9ch\u00e9ant) pour trouver des personnes originaires de r\u00e9gions sp\u00e9cifiques ou parlant votre langue.<\/li>\n<li>Changez de mode de chat - commencez par le texte si vous \u00eates timide, passez \u00e0 la vid\u00e9o lorsque vous \u00eates pr\u00eat.<\/li>\n<li>N'h\u00e9sitez pas \u00e0 glisser votre doigt dans l'\u00e9tui - le prochain contact pourrait bien \u00eatre votre nouveau meilleur ami.<\/li>\n<li>Restez mobile - HOLLA est parfait pour chatter en d\u00e9placement.<\/li>\n<li>Restez en s\u00e9curit\u00e9 et respectez les autres - construisez une communaut\u00e9 positive avec chaque chat<\/li>\n<\/ul>\n<h2>D\u00e9pannage des probl\u00e8mes courants li\u00e9s \u00e0 HOLLA<\/h2>\n<h3>L'application ne se connecte pas ou se bloque<\/h3>\n<p>Mettez \u00e0 jour l'application, v\u00e9rifiez votre r\u00e9seau ou r\u00e9installez-la si n\u00e9cessaire.<\/p>\n<h3>L'appareil photo ou le micro ne fonctionne pas<\/h3>\n<p>V\u00e9rifiez les autorisations des applications dans les param\u00e8tres de votre t\u00e9l\u00e9phone et fermez les autres applications utilisant l'appareil photo.<\/p>\n<h3>Filtres de genre\/r\u00e9gion indisponibles<\/h3>\n<p>Ceux-ci peuvent n\u00e9cessiter des pi\u00e8ces de monnaie ou un abonnement.<\/p>\n<h3>Comportement inappropri\u00e9<\/h3>\n<p>\u00c9loignez, bloquez et signalez l'utilisateur. La mod\u00e9ration est rapide et r\u00e9active.<\/p>\n<h3>La traduction ne fonctionne pas<\/h3>\n<p>Assurez-vous d'avoir une connexion stable et mettez \u00e0 jour l'application avec la derni\u00e8re version.<\/p>\n<h2>R\u00e9flexions finales : HOLLA en vaut-il la peine ?<\/h2>\n<p>Absolument, en particulier pour tous ceux qui recherchent des connexions authentiques, amusantes et s\u00fbres \u00e0 travers le monde, directement \u00e0 partir de leur smartphone. HOLLA combine les meilleurs aspects du chat vid\u00e9o, vocal et textuel, avec des effets ludiques, une s\u00e9curit\u00e9 renforc\u00e9e et une communaut\u00e9 mondiale anim\u00e9e.<\/p>\n<p>Il ne s'agit pas seulement de passer le temps, mais aussi de se faire de vrais amis, de partager des cultures et de d\u00e9couvrir ce qui nous rend tous uniques.<\/p>\n<p>Que vous vous ennuyiez \u00e0 la maison, que vous voyagiez ou que vous souhaitiez simplement voir qui est l\u00e0, HOLLA vous permet de vous connecter facilement.<\/p>\n<p>T\u00e9l\u00e9chargez HOLLA sur l'App Store ou Google Play, ouvrez l'application et commencez \u00e0 chatter. Qui sait o\u00f9 vous m\u00e8nera votre prochaine conversation ?<\/p>","protected":false},"excerpt":{"rendered":"<p>The way we meet new people has changed forever, and with the rise of random video chat apps, it\u2019s never been easier to make spontaneous connections across the globe. HOLLA stands out in this crowded field as a next-generation chat platform that combines real-time video, voice, and text chat with powerful matching features and a [&hellip;]<\/p>\n","protected":false},"author":6,"featured_media":0,"parent":0,"menu_order":0,"comment_status":"closed","ping_status":"closed","template":"","meta":{"footnotes":""},"class_list":["post-1311","page","type-page","status-publish","hentry"],"yoast_head":"<!-- This site is optimized with the Yoast SEO plugin v27.5 - https:\/\/yoast.com\/product\/yoast-seo-wordpress\/ -->\n<title>Holla - Best Random Video Chat - TinyChat.com<\/title>\n<meta name=\"description\" content=\"Enjoying Holla? Join over 50,000,000 strangers on TinyChat! Turn on your cam and start meeting new people, or find a match.\" \/>\n<meta name=\"robots\" content=\"index, follow, max-snippet:-1, max-image-preview:large, max-video-preview:-1\" \/>\n<link rel=\"canonical\" href=\"https:\/\/tinychat.com\/fr\/holla\/\" \/>\n<meta property=\"og:locale\" content=\"fr_FR\" \/>\n<meta property=\"og:type\" content=\"article\" \/>\n<meta property=\"og:title\" content=\"Holla - Best Random Video Chat - TinyChat.com\" \/>\n<meta property=\"og:description\" content=\"Enjoying Holla? Join over 50,000,000 strangers on TinyChat! Turn on your cam and start meeting new people, or find a match.\" \/>\n<meta property=\"og:url\" content=\"https:\/\/tinychat.com\/fr\/holla\/\" \/>\n<meta property=\"og:site_name\" content=\"TinyChat\" \/>\n<meta property=\"article:publisher\" content=\"https:\/\/www.facebook.com\/tinychat\" \/>\n<meta property=\"article:modified_time\" content=\"2025-07-07T16:46:40+00:00\" \/>\n<meta property=\"og:image\" content=\"https:\/\/tinychat.com\/wp-content\/uploads\/2020\/04\/Tinychat-logo-1280x284-new-black.png\" \/>\n\t<meta property=\"og:image:width\" content=\"1280\" \/>\n\t<meta property=\"og:image:height\" content=\"284\" \/>\n\t<meta property=\"og:image:type\" content=\"image\/png\" \/>\n<meta name=\"twitter:card\" content=\"summary_large_image\" \/>\n<meta name=\"twitter:site\" content=\"@tinychat\" \/>\n<meta name=\"twitter:label1\" content=\"Dur\u00e9e de lecture estim\u00e9e\" \/>\n\t<meta name=\"twitter:data1\" content=\"7 minutes\" \/>\n<script type=\"application\/ld+json\" class=\"yoast-schema-graph\">{\"@context\":\"https:\\\/\\\/schema.org\",\"@graph\":[{\"@type\":\"WebPage\",\"@id\":\"https:\\\/\\\/tinychat.com\\\/holla\\\/\",\"url\":\"https:\\\/\\\/tinychat.com\\\/holla\\\/\",\"name\":\"Holla - Best Random Video Chat - TinyChat.com\",\"isPartOf\":{\"@id\":\"https:\\\/\\\/tinychat.com\\\/#website\"},\"datePublished\":\"2025-07-07T15:56:49+00:00\",\"dateModified\":\"2025-07-07T16:46:40+00:00\",\"description\":\"Enjoying Holla? Join over 50,000,000 strangers on TinyChat! Turn on your cam and start meeting new people, or find a match.\",\"breadcrumb\":{\"@id\":\"https:\\\/\\\/tinychat.com\\\/holla\\\/#breadcrumb\"},\"inLanguage\":\"fr-FR\",\"potentialAction\":[{\"@type\":\"ReadAction\",\"target\":[\"https:\\\/\\\/tinychat.com\\\/holla\\\/\"]}]},{\"@type\":\"BreadcrumbList\",\"@id\":\"https:\\\/\\\/tinychat.com\\\/holla\\\/#breadcrumb\",\"itemListElement\":[{\"@type\":\"ListItem\",\"position\":1,\"name\":\"Home\",\"item\":\"https:\\\/\\\/tinychat.com\\\/\"},{\"@type\":\"ListItem\",\"position\":2,\"name\":\"Holla\"}]},{\"@type\":\"WebSite\",\"@id\":\"https:\\\/\\\/tinychat.com\\\/#website\",\"url\":\"https:\\\/\\\/tinychat.com\\\/\",\"name\":\"TinyChat\",\"description\":\"Random Video Chat with Strangers\",\"publisher\":{\"@id\":\"https:\\\/\\\/tinychat.com\\\/#organization\"},\"alternateName\":\"TinyChat.com\",\"potentialAction\":[{\"@type\":\"SearchAction\",\"target\":{\"@type\":\"EntryPoint\",\"urlTemplate\":\"https:\\\/\\\/tinychat.com\\\/?s={search_term_string}\"},\"query-input\":{\"@type\":\"PropertyValueSpecification\",\"valueRequired\":true,\"valueName\":\"search_term_string\"}}],\"inLanguage\":\"fr-FR\"},{\"@type\":\"Organization\",\"@id\":\"https:\\\/\\\/tinychat.com\\\/#organization\",\"name\":\"TinyChat\",\"alternateName\":\"TinyChat.com\",\"url\":\"https:\\\/\\\/tinychat.com\\\/\",\"logo\":{\"@type\":\"ImageObject\",\"inLanguage\":\"fr-FR\",\"@id\":\"https:\\\/\\\/tinychat.com\\\/#\\\/schema\\\/logo\\\/image\\\/\",\"url\":\"https:\\\/\\\/tinychat.com\\\/wp-content\\\/uploads\\\/2023\\\/11\\\/Tinychat-icon-square.png\",\"contentUrl\":\"https:\\\/\\\/tinychat.com\\\/wp-content\\\/uploads\\\/2023\\\/11\\\/Tinychat-icon-square.png\",\"width\":284,\"height\":284,\"caption\":\"TinyChat\"},\"image\":{\"@id\":\"https:\\\/\\\/tinychat.com\\\/#\\\/schema\\\/logo\\\/image\\\/\"},\"sameAs\":[\"https:\\\/\\\/www.facebook.com\\\/tinychat\",\"https:\\\/\\\/x.com\\\/tinychat\"]}]}<\/script>\n<!-- \/ Yoast SEO plugin. -->","yoast_head_json":{"title":"Holla - Meilleur chat vid\u00e9o al\u00e9atoire - TinyChat.com","description":"Vous appr\u00e9ciez Holla ? Rejoignez plus de 50 000 000 d'inconnus sur TinyChat ! Allumez votre cam\u00e9ra et commencez \u00e0 rencontrer de nouvelles personnes, ou trouvez un partenaire.","robots":{"index":"index","follow":"follow","max-snippet":"max-snippet:-1","max-image-preview":"max-image-preview:large","max-video-preview":"max-video-preview:-1"},"canonical":"https:\/\/tinychat.com\/fr\/holla\/","og_locale":"fr_FR","og_type":"article","og_title":"Holla - Best Random Video Chat - TinyChat.com","og_description":"Enjoying Holla? Join over 50,000,000 strangers on TinyChat! Turn on your cam and start meeting new people, or find a match.","og_url":"https:\/\/tinychat.com\/fr\/holla\/","og_site_name":"TinyChat","article_publisher":"https:\/\/www.facebook.com\/tinychat","article_modified_time":"2025-07-07T16:46:40+00:00","og_image":[{"width":1280,"height":284,"url":"https:\/\/tinychat.com\/wp-content\/uploads\/2020\/04\/Tinychat-logo-1280x284-new-black.png","type":"image\/png"}],"twitter_card":"summary_large_image","twitter_site":"@tinychat","twitter_misc":{"Dur\u00e9e de lecture estim\u00e9e":"7 minutes"},"schema":{"@context":"https:\/\/schema.org","@graph":[{"@type":"WebPage","@id":"https:\/\/tinychat.com\/holla\/","url":"https:\/\/tinychat.com\/holla\/","name":"Holla - Meilleur chat vid\u00e9o al\u00e9atoire - TinyChat.com","isPartOf":{"@id":"https:\/\/tinychat.com\/#website"},"datePublished":"2025-07-07T15:56:49+00:00","dateModified":"2025-07-07T16:46:40+00:00","description":"Vous appr\u00e9ciez Holla ? Rejoignez plus de 50 000 000 d'inconnus sur TinyChat ! Allumez votre cam\u00e9ra et commencez \u00e0 rencontrer de nouvelles personnes, ou trouvez un partenaire.","breadcrumb":{"@id":"https:\/\/tinychat.com\/holla\/#breadcrumb"},"inLanguage":"fr-FR","potentialAction":[{"@type":"ReadAction","target":["https:\/\/tinychat.com\/holla\/"]}]},{"@type":"BreadcrumbList","@id":"https:\/\/tinychat.com\/holla\/#breadcrumb","itemListElement":[{"@type":"ListItem","position":1,"name":"Home","item":"https:\/\/tinychat.com\/"},{"@type":"ListItem","position":2,"name":"Holla"}]},{"@type":"WebSite","@id":"https:\/\/tinychat.com\/#website","url":"https:\/\/tinychat.com\/","name":"TinyChat","description":"Chat vid\u00e9o al\u00e9atoire avec des inconnus","publisher":{"@id":"https:\/\/tinychat.com\/#organization"},"alternateName":"TinyChat.com","potentialAction":[{"@type":"SearchAction","target":{"@type":"EntryPoint","urlTemplate":"https:\/\/tinychat.com\/?s={search_term_string}"},"query-input":{"@type":"PropertyValueSpecification","valueRequired":true,"valueName":"search_term_string"}}],"inLanguage":"fr-FR"},{"@type":"Organization","@id":"https:\/\/tinychat.com\/#organization","name":"TinyChat","alternateName":"TinyChat.com","url":"https:\/\/tinychat.com\/","logo":{"@type":"ImageObject","inLanguage":"fr-FR","@id":"https:\/\/tinychat.com\/#\/schema\/logo\/image\/","url":"https:\/\/tinychat.com\/wp-content\/uploads\/2023\/11\/Tinychat-icon-square.png","contentUrl":"https:\/\/tinychat.com\/wp-content\/uploads\/2023\/11\/Tinychat-icon-square.png","width":284,"height":284,"caption":"TinyChat"},"image":{"@id":"https:\/\/tinychat.com\/#\/schema\/logo\/image\/"},"sameAs":["https:\/\/www.facebook.com\/tinychat","https:\/\/x.com\/tinychat"]}]}},"_links":{"self":[{"href":"https:\/\/tinychat.com\/fr\/wp-json\/wp\/v2\/pages\/1311","targetHints":{"allow":["GET"]}}],"collection":[{"href":"https:\/\/tinychat.com\/fr\/wp-json\/wp\/v2\/pages"}],"about":[{"href":"https:\/\/tinychat.com\/fr\/wp-json\/wp\/v2\/types\/page"}],"author":[{"embeddable":true,"href":"https:\/\/tinychat.com\/fr\/wp-json\/wp\/v2\/users\/6"}],"replies":[{"embeddable":true,"href":"https:\/\/tinychat.com\/fr\/wp-json\/wp\/v2\/comments?post=1311"}],"version-history":[{"count":3,"href":"https:\/\/tinychat.com\/fr\/wp-json\/wp\/v2\/pages\/1311\/revisions"}],"predecessor-version":[{"id":13321,"href":"https:\/\/tinychat.com\/fr\/wp-json\/wp\/v2\/pages\/1311\/revisions\/13321"}],"wp:attachment":[{"href":"https:\/\/tinychat.com\/fr\/wp-json\/wp\/v2\/media?parent=1311"}],"curies":[{"name":"wp","href":"https:\/\/api.w.org\/{rel}","templated":true}]}}