{"id":1319,"date":"2025-08-11T08:58:22","date_gmt":"2025-08-11T06:58:22","guid":{"rendered":"https:\/\/tinychat.com\/?page_id=1319"},"modified":"2025-08-11T09:23:00","modified_gmt":"2025-08-11T07:23:00","slug":"camloo","status":"publish","type":"page","link":"https:\/\/tinychat.com\/fr\/camloo\/","title":{"rendered":"Camloo"},"content":{"rendered":"<p>\u00c0 une \u00e9poque o\u00f9 la plupart des m\u00e9dias sociaux semblent pr\u00e9visibles et guid\u00e9s par des algorithmes, Camloo se distingue en faisant revivre la spontan\u00e9it\u00e9 pure des interactions en ligne. En tant que plateforme moderne de chat vid\u00e9o al\u00e9atoire, Camloo r\u00e9unit des inconnus du monde entier pour des conversations instantan\u00e9es en face-\u00e0-face - pas de d\u00e9filement interminable, pas de fils d'actualit\u00e9, juste de vraies personnes qui se rencontrent en temps r\u00e9el.<\/p>\n<p>Avec une correspondance rapide, une qualit\u00e9 vid\u00e9o HD et une interface facile \u00e0 utiliser, Camloo vous permet d'avoir des discussions int\u00e9ressantes en quelques secondes, que vous souhaitiez vous faire de nouveaux amis, flirter, pratiquer une langue \u00e9trang\u00e8re ou simplement passer le temps avec des inconnus int\u00e9ressants.<\/p>\n<p>Cet examen complet couvre tout ce que vous devez savoir sur Camloo, y compris ses caract\u00e9ristiques, ses mesures de s\u00e9curit\u00e9 et sa comparaison avec d'autres services de chat vid\u00e9o populaires.<\/p>\n<h2>Qu'est-ce que Camloo ?<\/h2>\n<p>Camloo est un site et une application de chat vid\u00e9o al\u00e9atoire con\u00e7u pour connecter instantan\u00e9ment des personnes \u00e0 travers le monde. Comme Omegle, Chatroulette et ChatHub, son objectif principal est l'interaction vid\u00e9o en direct, mais avec une interface plus propre, une meilleure stabilit\u00e9 du flux et des outils ax\u00e9s sur la protection de la vie priv\u00e9e.<\/p>\n<p>La plateforme \u00e9limine les difficult\u00e9s li\u00e9es \u00e0 la cr\u00e9ation d'un compte ou \u00e0 la navigation dans des menus complexes : vous pouvez participer \u00e0 une conversation quelques secondes seulement apr\u00e8s avoir visit\u00e9 le site ou ouvert l'application. Cette simplicit\u00e9 est un atout majeur pour les utilisateurs occasionnels comme pour les bavards r\u00e9guliers.<\/p>\n<h2>Caract\u00e9ristiques principales de Camloo<\/h2>\n<p>Camloo est plus qu'un simple portail de chat : il comprend des fonctions bien pens\u00e9es qui rendent les conversations plus agr\u00e9ables et plus s\u00fbres.<\/p>\n<h3>1. Correspondance instantan\u00e9e<\/h3>\n<ul>\n<li>Il suffit d'un clic ou d'une pression pour entrer en contact avec un inconnu.<\/li>\n<li>Aucune proc\u00e9dure d'inscription longue n'est n\u00e9cessaire pour l'utilisation de base.<\/li>\n<li>Des vitesses de connexion rapides avec un temps d'attente minimal.<\/li>\n<\/ul>\n<h3>2. Filtres de localisation et de sexe<\/h3>\n<ul>\n<li>Choisissez de rencontrer des personnes originaires d'un pays ou d'une r\u00e9gion sp\u00e9cifique.<\/li>\n<li>Filtrez par sexe pour personnaliser votre exp\u00e9rience.<\/li>\n<li>Les filtres peuvent \u00eatre activ\u00e9s ou d\u00e9sactiv\u00e9s selon votre humeur.<\/li>\n<\/ul>\n<h3>3. Option de chat textuel<\/h3>\n<ul>\n<li>Int\u00e9gration de la messagerie textuelle et de la vid\u00e9o.<\/li>\n<li>Parfait pour partager des liens, des blagues ou des traductions rapides.<\/li>\n<\/ul>\n<h3>4. Fonctionnalit\u00e9 d'amiti\u00e9 et de reconnexion<\/h3>\n<ul>\n<li>Ajoutez des personnes int\u00e9ressantes \u00e0 votre liste d'amis.<\/li>\n<li>Se reconnecter plus tard sans d\u00e9pendre uniquement de correspondances al\u00e9atoires.<\/li>\n<\/ul>\n<h3>5. Effets visuels amusants<\/h3>\n<ul>\n<li>Utilisez des filtres et des autocollants pour am\u00e9liorer votre pr\u00e9sence vid\u00e9o.<\/li>\n<li>Id\u00e9al pour briser la glace et rendre les appels plus ludiques.<\/li>\n<\/ul>\n<h3>6. Outils de protection de la vie priv\u00e9e et de la s\u00e9curit\u00e9<\/h3>\n<ul>\n<li>Le mode de pr\u00e9visualisation du flou vous permet de voir une silhouette avant de r\u00e9v\u00e9ler le flux.<\/li>\n<li>Boutons de rapport et de blocage faciles d'acc\u00e8s.<\/li>\n<li>Mod\u00e9ration active pour supprimer les contenus inappropri\u00e9s.<\/li>\n<\/ul>\n<h3>7. Acc\u00e8s multiplateforme<\/h3>\n<ul>\n<li>Fonctionne \u00e0 la fois sur les navigateurs de bureau et sur les appareils mobiles.<\/li>\n<li>La mise en page responsive permet une navigation fluide quelle que soit la taille de l'\u00e9cran.<\/li>\n<\/ul>\n<h2>Comment utiliser Camloo<\/h2>\n<p>Le Camloo est con\u00e7u pour une facilit\u00e9 d'utilisation maximale.<\/p>\n<h3>\u00c9tape 1 : Visitez le site web ou t\u00e9l\u00e9chargez l'application<\/h3>\n<ul>\n<li>Les utilisateurs d'ordinateurs de bureau peuvent se rendre sur le site officiel de Camloo.<\/li>\n<li>Les utilisateurs mobiles peuvent utiliser la version navigateur ou l'application d\u00e9di\u00e9e.<\/li>\n<\/ul>\n<h3>\u00c9tape 2 : Ajustez vos param\u00e8tres<\/h3>\n<ul>\n<li>S\u00e9lectionnez le pays de votre choix ou laissez-le ouvert pour une correspondance mondiale.<\/li>\n<li>Choisissez un filtre de genre si vous le souhaitez.<\/li>\n<li>Active ou d\u00e9sactive le mode flou.<\/li>\n<\/ul>\n<h3>\u00c9tape 3 : Commencer \u00e0 chatter<\/h3>\n<ul>\n<li>Cliquez sur D\u00e9marrer et vous serez connect\u00e9 en quelques secondes.<\/li>\n<li>Glissez ou cliquez sur Suivant pour passer \u00e0 autre chose et rencontrer quelqu'un de nouveau.<\/li>\n<\/ul>\n<h3>\u00c9tape 4 : Ajouter des amis et continuer<\/h3>\n<ul>\n<li>Sauvegarder des contacts pour des conversations ult\u00e9rieures.<\/li>\n<li>Utilisez la barre lat\u00e9rale de chat pour envoyer des messages pendant la vid\u00e9o.<\/li>\n<\/ul>\n<h2>Exp\u00e9rience utilisateur sur Camloo<\/h2>\n<p>La conception simple et les performances stables du Camloo en ont fait le favori des utilisateurs \u00e0 la recherche d'une interaction sans probl\u00e8me.<\/p>\n<h3>Ce que les utilisateurs aiment<\/h3>\n<ul>\n<li>D\u00e9marrage rapide : le chat se fait en quelques secondes.<\/li>\n<li>Qualit\u00e9 vid\u00e9o stable m\u00eame avec des vitesses internet moyennes.<\/li>\n<li>Filtres pour trouver des correspondances pertinentes.<\/li>\n<li>Aper\u00e7u de Blur pour des premi\u00e8res impressions plus s\u00fbres.<\/li>\n<li>Une interface utilisateur conviviale qui fonctionne aussi bien sur les mobiles que sur les ordinateurs de bureau.<\/li>\n<li>Pas de pression, vous pouvez sauter \u00e0 n'importe quel moment sans g\u00eane.<\/li>\n<\/ul>\n<h3>Les points \u00e0 am\u00e9liorer selon les utilisateurs<\/h3>\n<ul>\n<li>Fonctionnalit\u00e9s avanc\u00e9es limit\u00e9es par rapport \u00e0 certains concurrents.<\/li>\n<li>Moins d'effets in-app que les plateformes \u00e0 vocation sociale comme Azar.<\/li>\n<li>Une base d'utilisateurs plus r\u00e9duite pendant les heures creuses dans certaines r\u00e9gions.<\/li>\n<li>Des avantages suppl\u00e9mentaires peuvent \u00eatre n\u00e9cessaires pour un filtrage maximal.<\/li>\n<\/ul>\n<h2>Camloo vs. autres plateformes de chat vid\u00e9o<\/h2>\n<table>\n<thead>\n<tr>\n<th>Fonctionnalit\u00e9<\/th>\n<th>Camloo<\/th>\n<th>OmegleWeb<\/th>\n<th>ChatHub<\/th>\n<th>Camzey<\/th>\n<th>LuckyCrush<\/th>\n<th>Azar<\/th>\n<\/tr>\n<\/thead>\n<tbody>\n<tr>\n<td>Random Video Chat avec des Inconnus<\/td>\n<td>\u2705 Oui<\/td>\n<td>\u2705 Oui<\/td>\n<td>\u2705 Oui<\/td>\n<td>\u2705 Oui<\/td>\n<td>\u2705 Oui<\/td>\n<td>\u2705 Oui<\/td>\n<\/tr>\n<tr>\n<td>Filtres de genre\/localisation<\/td>\n<td>\u2705 Oui<\/td>\n<td>\u26a0\ufe0f Limited<\/td>\n<td>\u2705 Oui<\/td>\n<td>\u2705 Oui<\/td>\n<td>\u2705 Oui<\/td>\n<td>\u2705 Oui<\/td>\n<\/tr>\n<tr>\n<td>Mode de pr\u00e9visualisation du flou<\/td>\n<td>\u2705 Oui<\/td>\n<td>\u274c Non<\/td>\n<td>\u2705 Oui<\/td>\n<td>\u2705 Oui<\/td>\n<td>\u274c Non<\/td>\n<td>\u2705 Oui<\/td>\n<\/tr>\n<tr>\n<td>Filtres\/effets amusants<\/td>\n<td>\u2705 Oui<\/td>\n<td>\u274c Non<\/td>\n<td>\u2705 Oui<\/td>\n<td>\u2705 Oui<\/td>\n<td>\u274c Non<\/td>\n<td>\u2705 Oui<\/td>\n<\/tr>\n<tr>\n<td>Syst\u00e8me des amis<\/td>\n<td>\u2705 Oui<\/td>\n<td>\u274c Non<\/td>\n<td>\u2705 Oui<\/td>\n<td>\u2705 Oui<\/td>\n<td>\u2705 Oui<\/td>\n<td>\u2705 Oui<\/td>\n<\/tr>\n<tr>\n<td>Traduction<\/td>\n<td>\u274c Non<\/td>\n<td>\u274c Non<\/td>\n<td>\u274c Non<\/td>\n<td>\u274c Non<\/td>\n<td>\u274c Non<\/td>\n<td>\u2705 Oui<\/td>\n<\/tr>\n<tr>\n<td>Multiplateforme<\/td>\n<td>\u2705 Oui<\/td>\n<td>\u2705 Oui<\/td>\n<td>\u2705 Oui<\/td>\n<td>\u2705 Oui<\/td>\n<td>\u2705 Oui<\/td>\n<td>\u2705 Oui<\/td>\n<\/tr>\n<\/tbody>\n<\/table>\n<p>R\u00e9sum\u00e9 : L'\u00e9quilibre entre la facilit\u00e9 d'utilisation, les outils de protection de la vie priv\u00e9e et la compatibilit\u00e9 multiplateforme du Camloo en fait un outil id\u00e9al pour les utilisateurs qui souhaitent des chats vid\u00e9o rapides, propres et agr\u00e9ables, sans complications inutiles.<\/p>\n<h2>Le Camloo est-il s\u00fbr ?<\/h2>\n<p>Yes-Camloo int\u00e8gre de nombreuses mesures de s\u00e9curit\u00e9 pour prot\u00e9ger les utilisateurs :<\/p>\n<ul>\n<li>Mod\u00e9ration par l'IA en temps r\u00e9el et examen humain.<\/li>\n<li>L'aper\u00e7u flou permet de contr\u00f4ler ce qui est affich\u00e9.<\/li>\n<li>Chat anonyme sans donn\u00e9es personnelles.<\/li>\n<li>Fonctionnalit\u00e9s de blocage et de signalement pour traiter rapidement les infractions.<\/li>\n<\/ul>\n<h3>Conseils de s\u00e9curit\u00e9<\/h3>\n<ul>\n<li>Ne partagez pas d'informations personnelles.<\/li>\n<li>Utilisez judicieusement les filtres de genre et de localisation.<\/li>\n<li>Mettez fin aux discussions qui vous mettent mal \u00e0 l'aise.<\/li>\n<li>Les parents doivent surveiller l'utilisation faite par les adolescents.<\/li>\n<\/ul>\n<h2>Conseils pour tirer le meilleur parti de Camloo<\/h2>\n<ul>\n<li>Explorez le mode mondial pour \u00e9largir vos connaissances culturelles.<\/li>\n<li>Utilisez des filtres lorsque vous souhaitez des conversations plus cibl\u00e9es.<\/li>\n<li>Connectez-vous pendant les heures de pointe pour obtenir plus de matchs.<\/li>\n<li>Essayez des effets pour rendre les chats plus divertissants.<\/li>\n<li>Gardez un bon angle de prise de vue et un bon \u00e9clairage pour para\u00eetre aimable et accessible.<\/li>\n<li>Signalez les mauvais acteurs afin de pr\u00e9server la s\u00e9curit\u00e9 de la plateforme.<\/li>\n<\/ul>\n<h2>Probl\u00e8mes et r\u00e9parations communs au Camloo<\/h2>\n<h3>Impossible d'acc\u00e9der \u00e0 la cam\u00e9ra ou au micro<\/h3>\n<p>Autoriser les permissions dans les param\u00e8tres de votre navigateur ou de votre application.<\/p>\n<h3>Faible qualit\u00e9 vid\u00e9o<\/h3>\n<p>Passez \u00e0 une connexion internet plus puissante.<\/p>\n<h3>Les filtres ne fonctionnent pas<\/h3>\n<p>Connectez-vous et v\u00e9rifiez s'ils requi\u00e8rent un acc\u00e8s premium.<\/p>\n<h3>Rencontre avec des utilisateurs inappropri\u00e9s<\/h3>\n<p>Bloquer\/rapporter et passer imm\u00e9diatement \u00e0 autre chose.<\/p>\n<p>Si vous \u00eates \u00e0 la recherche d'une plateforme de chat vid\u00e9o al\u00e9atoire simple et moderne qui vous permet d'engager rapidement des conversations, Camloo m\u00e9rite d'\u00eatre essay\u00e9. Elle est propre, rapide et poss\u00e8de juste assez de fonctionnalit\u00e9s pour rendre les interactions s\u00fbres et agr\u00e9ables, sans vous submerger d'options.<\/p>\n<p>S'il n'offre pas d'options tape-\u00e0-l'\u0153il comme la traduction ou des flux sociaux importants, le Camloo excelle dans l'\u00e9tablissement d'une connexion humaine directe et non filtr\u00e9e. Pour beaucoup, c'est exactement ce que devrait \u00eatre un chat vid\u00e9o al\u00e9atoire.<\/p>\n<p>Pr\u00eat \u00e0 l'essayer ? Visitez le site Camloo ou t\u00e9l\u00e9chargez l'application, d\u00e9marrez et voyez qui vous attend de l'autre c\u00f4t\u00e9.<\/p>","protected":false},"excerpt":{"rendered":"<p>In an era where most social media feels predictable and algorithm-driven, Camloo stands out by reviving the pure spontaneity of online interactions. As a modern random video chat platform, Camloo brings together strangers from around the world for instant, face-to-face conversations\u2014no endless scrolling, no curated feeds, just real people meeting in real time. With fast [&hellip;]<\/p>\n","protected":false},"author":6,"featured_media":0,"parent":0,"menu_order":0,"comment_status":"closed","ping_status":"closed","template":"","meta":{"footnotes":""},"class_list":["post-1319","page","type-page","status-publish","hentry"],"yoast_head":"<!-- This site is optimized with the Yoast SEO plugin v27.5 - https:\/\/yoast.com\/product\/yoast-seo-wordpress\/ -->\n<title>Camloo - Alternative to OmeTV &amp; Monkey App - TinyChat.com<\/title>\n<meta name=\"description\" content=\"Enjoying Camloo? Join over 50,000,000 strangers on TinyChat! Turn on your cam and start meeting new people, or find a match.\" \/>\n<meta name=\"robots\" content=\"index, follow, max-snippet:-1, max-image-preview:large, max-video-preview:-1\" \/>\n<link rel=\"canonical\" href=\"https:\/\/tinychat.com\/fr\/camloo\/\" \/>\n<meta property=\"og:locale\" content=\"fr_FR\" \/>\n<meta property=\"og:type\" content=\"article\" \/>\n<meta property=\"og:title\" content=\"Camloo - Alternative to OmeTV &amp; Monkey App - TinyChat.com\" \/>\n<meta property=\"og:description\" content=\"Enjoying Camloo? Join over 50,000,000 strangers on TinyChat! Turn on your cam and start meeting new people, or find a match.\" \/>\n<meta property=\"og:url\" content=\"https:\/\/tinychat.com\/fr\/camloo\/\" \/>\n<meta property=\"og:site_name\" content=\"TinyChat\" \/>\n<meta property=\"article:publisher\" content=\"https:\/\/www.facebook.com\/tinychat\" \/>\n<meta property=\"article:modified_time\" content=\"2025-08-11T07:23:00+00:00\" \/>\n<meta property=\"og:image\" content=\"https:\/\/tinychat.com\/wp-content\/uploads\/2020\/04\/Tinychat-logo-1280x284-new-black.png\" \/>\n\t<meta property=\"og:image:width\" content=\"1280\" \/>\n\t<meta property=\"og:image:height\" content=\"284\" \/>\n\t<meta property=\"og:image:type\" content=\"image\/png\" \/>\n<meta name=\"twitter:card\" content=\"summary_large_image\" \/>\n<meta name=\"twitter:site\" content=\"@tinychat\" \/>\n<meta name=\"twitter:label1\" content=\"Dur\u00e9e de lecture estim\u00e9e\" \/>\n\t<meta name=\"twitter:data1\" content=\"5 minutes\" \/>\n<script type=\"application\/ld+json\" class=\"yoast-schema-graph\">{\"@context\":\"https:\\\/\\\/schema.org\",\"@graph\":[{\"@type\":\"WebPage\",\"@id\":\"https:\\\/\\\/tinychat.com\\\/camloo\\\/\",\"url\":\"https:\\\/\\\/tinychat.com\\\/camloo\\\/\",\"name\":\"Camloo - Alternative to OmeTV & Monkey App - TinyChat.com\",\"isPartOf\":{\"@id\":\"https:\\\/\\\/tinychat.com\\\/#website\"},\"datePublished\":\"2025-08-11T06:58:22+00:00\",\"dateModified\":\"2025-08-11T07:23:00+00:00\",\"description\":\"Enjoying Camloo? Join over 50,000,000 strangers on TinyChat! Turn on your cam and start meeting new people, or find a match.\",\"breadcrumb\":{\"@id\":\"https:\\\/\\\/tinychat.com\\\/camloo\\\/#breadcrumb\"},\"inLanguage\":\"fr-FR\",\"potentialAction\":[{\"@type\":\"ReadAction\",\"target\":[\"https:\\\/\\\/tinychat.com\\\/camloo\\\/\"]}]},{\"@type\":\"BreadcrumbList\",\"@id\":\"https:\\\/\\\/tinychat.com\\\/camloo\\\/#breadcrumb\",\"itemListElement\":[{\"@type\":\"ListItem\",\"position\":1,\"name\":\"Home\",\"item\":\"https:\\\/\\\/tinychat.com\\\/\"},{\"@type\":\"ListItem\",\"position\":2,\"name\":\"Camloo\"}]},{\"@type\":\"WebSite\",\"@id\":\"https:\\\/\\\/tinychat.com\\\/#website\",\"url\":\"https:\\\/\\\/tinychat.com\\\/\",\"name\":\"TinyChat\",\"description\":\"Random Video Chat with Strangers\",\"publisher\":{\"@id\":\"https:\\\/\\\/tinychat.com\\\/#organization\"},\"alternateName\":\"TinyChat.com\",\"potentialAction\":[{\"@type\":\"SearchAction\",\"target\":{\"@type\":\"EntryPoint\",\"urlTemplate\":\"https:\\\/\\\/tinychat.com\\\/?s={search_term_string}\"},\"query-input\":{\"@type\":\"PropertyValueSpecification\",\"valueRequired\":true,\"valueName\":\"search_term_string\"}}],\"inLanguage\":\"fr-FR\"},{\"@type\":\"Organization\",\"@id\":\"https:\\\/\\\/tinychat.com\\\/#organization\",\"name\":\"TinyChat\",\"alternateName\":\"TinyChat.com\",\"url\":\"https:\\\/\\\/tinychat.com\\\/\",\"logo\":{\"@type\":\"ImageObject\",\"inLanguage\":\"fr-FR\",\"@id\":\"https:\\\/\\\/tinychat.com\\\/#\\\/schema\\\/logo\\\/image\\\/\",\"url\":\"https:\\\/\\\/tinychat.com\\\/wp-content\\\/uploads\\\/2023\\\/11\\\/Tinychat-icon-square.png\",\"contentUrl\":\"https:\\\/\\\/tinychat.com\\\/wp-content\\\/uploads\\\/2023\\\/11\\\/Tinychat-icon-square.png\",\"width\":284,\"height\":284,\"caption\":\"TinyChat\"},\"image\":{\"@id\":\"https:\\\/\\\/tinychat.com\\\/#\\\/schema\\\/logo\\\/image\\\/\"},\"sameAs\":[\"https:\\\/\\\/www.facebook.com\\\/tinychat\",\"https:\\\/\\\/x.com\\\/tinychat\"]}]}<\/script>\n<!-- \/ Yoast SEO plugin. -->","yoast_head_json":{"title":"Camloo - Alternative \u00e0 OmeTV &amp; Monkey App - TinyChat.com","description":"Vous aimez Camloo ? Rejoignez plus de 50 000 000 d'inconnus sur TinyChat ! Allumez votre cam\u00e9ra et commencez \u00e0 rencontrer de nouvelles personnes, ou trouvez un partenaire.","robots":{"index":"index","follow":"follow","max-snippet":"max-snippet:-1","max-image-preview":"max-image-preview:large","max-video-preview":"max-video-preview:-1"},"canonical":"https:\/\/tinychat.com\/fr\/camloo\/","og_locale":"fr_FR","og_type":"article","og_title":"Camloo - Alternative to OmeTV & Monkey App - TinyChat.com","og_description":"Enjoying Camloo? Join over 50,000,000 strangers on TinyChat! Turn on your cam and start meeting new people, or find a match.","og_url":"https:\/\/tinychat.com\/fr\/camloo\/","og_site_name":"TinyChat","article_publisher":"https:\/\/www.facebook.com\/tinychat","article_modified_time":"2025-08-11T07:23:00+00:00","og_image":[{"width":1280,"height":284,"url":"https:\/\/tinychat.com\/wp-content\/uploads\/2020\/04\/Tinychat-logo-1280x284-new-black.png","type":"image\/png"}],"twitter_card":"summary_large_image","twitter_site":"@tinychat","twitter_misc":{"Dur\u00e9e de lecture estim\u00e9e":"5 minutes"},"schema":{"@context":"https:\/\/schema.org","@graph":[{"@type":"WebPage","@id":"https:\/\/tinychat.com\/camloo\/","url":"https:\/\/tinychat.com\/camloo\/","name":"Camloo - Alternative \u00e0 OmeTV &amp; Monkey App - TinyChat.com","isPartOf":{"@id":"https:\/\/tinychat.com\/#website"},"datePublished":"2025-08-11T06:58:22+00:00","dateModified":"2025-08-11T07:23:00+00:00","description":"Vous aimez Camloo ? Rejoignez plus de 50 000 000 d'inconnus sur TinyChat ! Allumez votre cam\u00e9ra et commencez \u00e0 rencontrer de nouvelles personnes, ou trouvez un partenaire.","breadcrumb":{"@id":"https:\/\/tinychat.com\/camloo\/#breadcrumb"},"inLanguage":"fr-FR","potentialAction":[{"@type":"ReadAction","target":["https:\/\/tinychat.com\/camloo\/"]}]},{"@type":"BreadcrumbList","@id":"https:\/\/tinychat.com\/camloo\/#breadcrumb","itemListElement":[{"@type":"ListItem","position":1,"name":"Home","item":"https:\/\/tinychat.com\/"},{"@type":"ListItem","position":2,"name":"Camloo"}]},{"@type":"WebSite","@id":"https:\/\/tinychat.com\/#website","url":"https:\/\/tinychat.com\/","name":"TinyChat","description":"Chat vid\u00e9o al\u00e9atoire avec des inconnus","publisher":{"@id":"https:\/\/tinychat.com\/#organization"},"alternateName":"TinyChat.com","potentialAction":[{"@type":"SearchAction","target":{"@type":"EntryPoint","urlTemplate":"https:\/\/tinychat.com\/?s={search_term_string}"},"query-input":{"@type":"PropertyValueSpecification","valueRequired":true,"valueName":"search_term_string"}}],"inLanguage":"fr-FR"},{"@type":"Organization","@id":"https:\/\/tinychat.com\/#organization","name":"TinyChat","alternateName":"TinyChat.com","url":"https:\/\/tinychat.com\/","logo":{"@type":"ImageObject","inLanguage":"fr-FR","@id":"https:\/\/tinychat.com\/#\/schema\/logo\/image\/","url":"https:\/\/tinychat.com\/wp-content\/uploads\/2023\/11\/Tinychat-icon-square.png","contentUrl":"https:\/\/tinychat.com\/wp-content\/uploads\/2023\/11\/Tinychat-icon-square.png","width":284,"height":284,"caption":"TinyChat"},"image":{"@id":"https:\/\/tinychat.com\/#\/schema\/logo\/image\/"},"sameAs":["https:\/\/www.facebook.com\/tinychat","https:\/\/x.com\/tinychat"]}]}},"_links":{"self":[{"href":"https:\/\/tinychat.com\/fr\/wp-json\/wp\/v2\/pages\/1319","targetHints":{"allow":["GET"]}}],"collection":[{"href":"https:\/\/tinychat.com\/fr\/wp-json\/wp\/v2\/pages"}],"about":[{"href":"https:\/\/tinychat.com\/fr\/wp-json\/wp\/v2\/types\/page"}],"author":[{"embeddable":true,"href":"https:\/\/tinychat.com\/fr\/wp-json\/wp\/v2\/users\/6"}],"replies":[{"embeddable":true,"href":"https:\/\/tinychat.com\/fr\/wp-json\/wp\/v2\/comments?post=1319"}],"version-history":[{"count":4,"href":"https:\/\/tinychat.com\/fr\/wp-json\/wp\/v2\/pages\/1319\/revisions"}],"predecessor-version":[{"id":13433,"href":"https:\/\/tinychat.com\/fr\/wp-json\/wp\/v2\/pages\/1319\/revisions\/13433"}],"wp:attachment":[{"href":"https:\/\/tinychat.com\/fr\/wp-json\/wp\/v2\/media?parent=1319"}],"curies":[{"name":"wp","href":"https:\/\/api.w.org\/{rel}","templated":true}]}}