{"id":13225,"date":"2025-06-12T09:44:17","date_gmt":"2025-06-12T07:44:17","guid":{"rendered":"https:\/\/tinychat.com\/?page_id=13225"},"modified":"2025-06-12T09:44:51","modified_gmt":"2025-06-12T07:44:51","slug":"talk-to-people-online","status":"publish","type":"page","link":"https:\/\/tinychat.com\/fr\/talk-to-people-online\/","title":{"rendered":"Parler aux gens en ligne"},"content":{"rendered":"<p>Soyons r\u00e9alistes : parfois, on a simplement envie de parler \u00e0 des gens en ligne. Pas pour parler de la m\u00e9t\u00e9o, mais pour des discussions al\u00e9atoires, m\u00e9morables ou tout simplement int\u00e9ressantes que vous ne pouvez obtenir nulle part ailleurs. Peut-\u00eatre vous ennuyez-vous \u00e0 minuit, peut-\u00eatre avez-vous envie d'une nouvelle opinion, ou peut-\u00eatre voulez-vous simplement voir comment sont les gens dans une r\u00e9gion du monde totalement diff\u00e9rente de la v\u00f4tre. Quelle que soit la raison, l'envie d'entrer en contact avec de nouvelles personnes en ligne est aujourd'hui universelle.<\/p>\n<p>C'est l\u00e0 que des plateformes comme TinyChat entrent en jeu. Gr\u00e2ce \u00e0 elles, il est tr\u00e8s facile (et, honn\u00eatement, plut\u00f4t amusant) de parler \u00e0 des gens en ligne, n'importe quand, n'importe o\u00f9. Cet article vous expliquera pourquoi nous sommes si nombreux \u00e0 le faire, comment rester en s\u00e9curit\u00e9 et pourquoi TinyChat pourrait bien \u00eatre l'endroit le plus d\u00e9tendu pour essayer.<\/p>\n<h2>Pourquoi parler aux gens en ligne ?<\/h2>\n<p>Voyons ce qu'il en est. Pourquoi les gens prennent-ils la peine de discuter en ligne avec d'autres personnes ? Voici ce que j'ai remarqu\u00e9 (et ce que m'ont dit mes amis) :<\/p>\n<p><strong>1. Vous pouvez \u00eatre vous-m\u00eame ou qui vous voulez<\/strong><br \/>\nPas de pression, pas d'attentes. Lorsque vous discutez avec des personnes en ligne, vous pouvez vous l\u00e2cher, vous d\u00e9fouler ou tout simplement vous amuser. Vous n'avez pas \u00e0 vous soucier de ce que les autres pensent : ces personnes ne vous connaissent pas.<\/p>\n<p><strong>2. La curiosit\u00e9 a tu\u00e9 le chat, mais la satisfaction l'a ramen\u00e9<\/strong><br \/>\nIl est tout simplement int\u00e9ressant de d\u00e9couvrir comment les autres vivent, ce qui les int\u00e9resse et ce qu'ils pensent de certaines choses. Parfois, vous rencontrez des personnes en ligne qui vous ouvrent les yeux sur une mani\u00e8re totalement diff\u00e9rente de voir les choses.<\/p>\n<p><strong>3. Tuer la solitude, une conversation \u00e0 la fois<\/strong><br \/>\nSi vous vivez seul, si vous travaillez \u00e0 domicile ou si vous vous sentez tout simplement d\u00e9connect\u00e9, le fait de parler \u00e0 des gens en ligne peut vous donner une petite dose d'\u00e9nergie sociale. C'est comme si vous vous rendiez dans un caf\u00e9 tr\u00e8s fr\u00e9quent\u00e9 pour bavarder, sauf que vous n'avez m\u00eame pas besoin de quitter votre canap\u00e9.<\/p>\n<p><strong>4. Nouveaux amis, pas de bavardages g\u00eanants<\/strong><br \/>\nOui, la plupart des discussions en ligne sont courtes et agr\u00e9ables. Mais de temps en temps, on sympathise avec quelqu'un et on finit par \u00e9changer des playlists, des histoires de vie ou m\u00eame des pseudos Instagram.<\/p>\n<p><strong>5. Am\u00e9liorer votre jeu social<\/strong><br \/>\nLorsque vous discutez avec des personnes en ligne, vous finissez par apprendre beaucoup de choses - sur vous-m\u00eame, sur le monde, sur la fa\u00e7on de g\u00e9rer toutes sortes de personnalit\u00e9s. C'est un v\u00e9ritable \"XP de la vie\".<\/p>\n<h2>Que signifie aujourd'hui l'expression \"parler aux gens en ligne\" ?<\/h2>\n<p>Il ne s'agit plus seulement de DM ou de forums \u00e0 l'ancienne. Parler aux gens en ligne, c'est toute une sc\u00e8ne maintenant :<\/p>\n<ul>\n<li>Appuyez sur un bouton et vous vous retrouvez face \u00e0 face (ou en mode texte) avec une personne choisie au hasard \u00e0 l'autre bout du monde.<\/li>\n<li>Sautez dans des salons de discussion \u00e0 th\u00e8me remplis de gens qui s'int\u00e9ressent \u00e0 la musique, \u00e0 la politique, aux rencontres ou \u00e0 d'autres sujets.<\/li>\n<li>Regardez (ou animez) un chat vid\u00e9o en direct, comme une mini-soir\u00e9e de micro ouvert, mais pour parler.<\/li>\n<li>Restez totalement anonyme, ou allez-y \u00e0 fond et montrez votre vrai visage - c'est vous qui d\u00e9cidez.<\/li>\n<\/ul>\n<p>Le fait est qu'il est tr\u00e8s flexible. C'est vous qui d\u00e9cidez dans quelle mesure (ou dans quelle mesure) vous voulez vous mettre en avant.<\/p>\n<h2>O\u00f9 allez-vous pour parler aux gens en ligne ?<\/h2>\n<p>Les sites et les applications ne manquent pas, mais ils sont tous un peu diff\u00e9rents. Voici ce qui existe :<\/p>\n<p><strong>1. Chat al\u00e9atoire en t\u00eate-\u00e0-t\u00eate<\/strong><br \/>\nPensez \u00e0 Omegle, StrangerCam, ce genre de choses. Vous \u00eates associ\u00e9 \u00e0 quelqu'un au hasard. Si cela devient bizarre (ou ennuyeux), cliquez simplement sur \"suivant\".<\/p>\n<p><strong>2. Salles de discussion en groupe<\/strong><br \/>\nDes sites tels que TinyChat vous permettent d'acc\u00e9der \u00e0 des salons publics ou priv\u00e9s, g\u00e9n\u00e9ralement class\u00e9s par th\u00e8me. C'est comme rejoindre une f\u00eate o\u00f9 vous ne connaissez personne mais o\u00f9 tout le monde parle de votre groupe ou de votre \u00e9mission pr\u00e9f\u00e9r\u00e9e.<\/p>\n<p><strong>3. Espaces de discussion vid\u00e9o en direct<\/strong><br \/>\nCertaines plateformes proposent des retransmissions en direct (livestreams), que vous pouvez regarder ou auxquelles vous pouvez participer. C'est un peu comme Twitch, mais le but est de parler et de passer du temps ensemble, pas seulement de regarder.<\/p>\n<p><strong>4. Chat en mode vocal<\/strong><br \/>\nVous n'\u00eates pas fan de vid\u00e9o ? Pas de probl\u00e8me. De nombreuses applications vous mettent en relation avec des personnes pour des conversations uniquement audio, ce qui est id\u00e9al si vous \u00eates en pyjama ou si vous souhaitez simplement rester d\u00e9tendu.<\/p>\n<h2>Pourquoi TinyChat est en fait un endroit id\u00e9al pour parler aux gens en ligne<\/h2>\n<p>TinyChat existe depuis longtemps, et pour cause. Si vous cherchez un endroit o\u00f9 parler avec des gens en ligne, sans les probl\u00e8mes habituels, c'est un choix solide.<\/p>\n<p><strong>Voici ce qui le distingue :<\/strong><\/p>\n<ul>\n<li><strong>Pas d'inscription ennuyeuse :<\/strong> Il vous suffit de choisir un surnom et de vous lancer. Vous voulez plus de fonctionnalit\u00e9s ? Vous pouvez cr\u00e9er un compte, mais ce n'est pas obligatoire.<\/li>\n<li><strong>Choisissez votre mode :<\/strong> Vid\u00e9o, audio, texte - tout est l\u00e0, et vous pouvez participer de la mani\u00e8re qui vous convient le mieux.<\/li>\n<li><strong>Salles th\u00e9matiques :<\/strong> Que vous aimiez les m\u00e8mes, les rencontres, la politique ou que vous souhaitiez simplement vibrer, il y a probablement une salle pour vous.<\/li>\n<li><strong>Public ou priv\u00e9 :<\/strong> Vous voulez une salle bond\u00e9e ? Allez-y. Vous voulez quelque chose de discret ? Cr\u00e9ez la v\u00f4tre et invitez quelques personnes.<\/li>\n<li><strong>En direct :<\/strong> Si vous vous sentez audacieux, diffusez-vous et voyez qui vient discuter. Ou alors, d\u00e9tendez-vous et regardez les autres faire ce qu'ils font.<\/li>\n<li><strong>Fonctionne partout :<\/strong> Navigateur, iPhone, Android : emportez-le en d\u00e9placement ou utilisez-le \u00e0 la maison.<\/li>\n<\/ul>\n<h2>D'accord, mais est-il prudent de parler aux gens en ligne ?<\/h2>\n<p>Honn\u00eatement ? C'est possible. La plupart des gens sont juste l\u00e0 pour parler et s'amuser, mais il faut quand m\u00eame faire preuve de discernement.<\/p>\n<p><strong>Conseils de s\u00e9curit\u00e9 rapides pour parler aux gens en ligne :<\/strong><\/p>\n<ul>\n<li>Utilisez des surnoms et ne divulguez pas vos vraies informations.<\/li>\n<li>Ne communiquez pas votre adresse, votre \u00e9cole ou votre emploi.<\/li>\n<li>M\u00e9fiez-vous des photos que vous envoyez ou des liens douteux que vous cliquez.<\/li>\n<li>Ne supportez pas l'impolitesse : utilisez les fonctions de signalement et de blocage si quelqu'un d\u00e9passe les bornes.<\/li>\n<li>Si vous d\u00e9cidez de transf\u00e9rer une conversation sur les m\u00e9dias sociaux, assurez-vous que vous avez confiance en la personne.<\/li>\n<\/ul>\n<h2>Pourquoi les gens aiment parler en ligne sur TinyChat<\/h2>\n<ul>\n<li><strong>L'atmosph\u00e8re du groupe :<\/strong> Parfois, vous voulez simplement rester en arri\u00e8re-plan, \u00e9couter et intervenir lorsque vous avez quelque chose \u00e0 dire. Les salles de groupe facilitent les choses.<\/li>\n<li><strong>Des gens de partout :<\/strong> Vous discuterez avec des gens venus de partout, de cultures diff\u00e9rentes, de points de vue diff\u00e9rents. Il y a toujours quelque chose de nouveau.<\/li>\n<li><strong>Pas de pression :<\/strong> Vous n'\u00eates pas enferm\u00e9 dans une conversation. Mettez votre micro en sourdine, \u00e9teignez votre vid\u00e9o ou changez de sujet quand vous le souhaitez.<\/li>\n<li><strong>Autant de fa\u00e7ons de se connecter :<\/strong> Des conversations approfondies au partage de musique, vous pouvez fa\u00e7onner votre propre exp\u00e9rience.<\/li>\n<\/ul>\n<h2>De vrais utilisateurs s'expriment sur le fait de parler \u00e0 des gens en ligne<\/h2>\n<blockquote><p>\"J'ai fini par parler de pizza \u00e0 un gars pendant une heure. Bizarrement, c'\u00e9tait le point culminant de ma semaine.\"<br \/>\n- Molly P., \u00c9tats-Unis<\/p><\/blockquote>\n<blockquote><p>\"TinyChat est l'endroit o\u00f9 je vais quand je veux juste \u00e9couter les gens discuter, honn\u00eatement. Parfois, je ne participe m\u00eame pas, j'aime juste le bruit de fond.\"<br \/>\n- Thabo S., Afrique du Sud<\/p><\/blockquote>\n<blockquote><p>\"Le site est beaucoup moins g\u00eanant que d'autres sites de chat al\u00e9atoire. Vous pouvez juste tra\u00eener, et personne ne se soucie si vous ne parlez pas pendant un certain temps.\"<br \/>\n- Emma J., Royaume-Uni<\/p><\/blockquote>\n<h2>Comment le TinyChat se positionne-t-il ?<\/h2>\n<table>\n<thead>\n<tr>\n<th>Fonctionnalit\u00e9<\/th>\n<th>TinyChat<\/th>\n<th>Omegle<\/th>\n<th>Chatroulette<\/th>\n<th>OmeTV<\/th>\n<th>StrangerCam<\/th>\n<\/tr>\n<\/thead>\n<tbody>\n<tr>\n<td>Salons de discussion en groupe<\/td>\n<td>\u2705<\/td>\n<td>\u274c<\/td>\n<td>\u274c<\/td>\n<td>\u274c<\/td>\n<td>\u274c<\/td>\n<\/tr>\n<tr>\n<td>Texte\/Vid\u00e9o\/Voix<\/td>\n<td>\u2705<\/td>\n<td>\u2705<\/td>\n<td>\u2705<\/td>\n<td>\u2705<\/td>\n<td>\u2705<\/td>\n<\/tr>\n<tr>\n<td>Pas d'inscription n\u00e9cessaire<\/td>\n<td>\u2705<\/td>\n<td>\u2705<\/td>\n<td>\u2705<\/td>\n<td>\u2705<\/td>\n<td>\u2705<\/td>\n<\/tr>\n<tr>\n<td>Salles th\u00e9matiques<\/td>\n<td>\u2705<\/td>\n<td>\u274c<\/td>\n<td>\u274c<\/td>\n<td>\u274c<\/td>\n<td>\u274c<\/td>\n<\/tr>\n<tr>\n<td>Diffusion en direct<\/td>\n<td>\u2705<\/td>\n<td>\u274c<\/td>\n<td>\u274c<\/td>\n<td>\u274c<\/td>\n<td>\u274c<\/td>\n<\/tr>\n<tr>\n<td>Applications mobiles<\/td>\n<td>\u2705<\/td>\n<td>\u274c<\/td>\n<td>\u2705<\/td>\n<td>\u2705<\/td>\n<td>\u2705<\/td>\n<\/tr>\n<tr>\n<td>Mod\u00e9ration\/rapport<\/td>\n<td>\u2705<\/td>\n<td>\u26a0\ufe0f<\/td>\n<td>\u2705<\/td>\n<td>\u2705<\/td>\n<td>\u2705<\/td>\n<\/tr>\n<\/tbody>\n<\/table>\n<p><strong>Version courte ?<\/strong> TinyChat s'adresse aux personnes qui souhaitent b\u00e9n\u00e9ficier de l'ambiance d'un groupe, de chats th\u00e9matiques et d'un moyen sans stress de discuter en ligne avec d'autres personnes.<\/p>\n<h2>Vous voulez tirer le meilleur parti de vos conversations en ligne ? Essayez ceci :<\/h2>\n<ul>\n<li><strong>Il suffit d'\u00e9couter :<\/strong> Il n'y a pas de mal \u00e0 commencer par se cacher et \u00e0 voir comment les choses se passent.<\/li>\n<li><strong>Essayez diff\u00e9rentes pi\u00e8ces :<\/strong> Il y a un endroit pour chaque int\u00e9r\u00eat - explorez jusqu'\u00e0 ce que vous trouviez votre tribu.<\/li>\n<li><strong>Vid\u00e9o facultative :<\/strong> Ne passez \u00e0 la cam\u00e9ra que lorsque vous vous sentez pr\u00eat.<\/li>\n<li><strong>Ne vous inqui\u00e9tez pas :<\/strong> Tous les chats ne sont pas g\u00e9niaux. Continuez \u00e0 essayer, vous trouverez des perles.<\/li>\n<li><strong>Restez dans les parages :<\/strong> Plus vous vous y rendez souvent, plus cela vous semble naturel.<\/li>\n<\/ul>\n<p>\"Parler \u00e0 des gens en ligne\" \u00e9tait autrefois un peu bizarre. Aujourd'hui, c'est la fa\u00e7on dont beaucoup d'entre nous se font de nouveaux amis, apprennent des choses et passent le temps. Si l'on s'y prend bien, c'est amusant, facile et peut-\u00eatre m\u00eame un peu addictif.<\/p>\n<p>Si vous voulez un endroit d\u00e9contract\u00e9 et amical pour essayer, allez faire un tour au TinyChat. Peut-\u00eatre \u00e9couterez-vous simplement, peut-\u00eatre vous lancerez-vous dans un d\u00e9bat, ou peut-\u00eatre rencontrerez-vous quelqu'un qui vous surprendra compl\u00e8tement.<\/p>\n<p>Qui sait ? Certaines des meilleures conversations sont celles que l'on a avec des personnes rencontr\u00e9es en ligne.<\/p>","protected":false},"excerpt":{"rendered":"<p>Let\u2019s be real: sometimes you just want to talk to people online. Not to make small talk about the weather, but for those random, memorable, or just plain interesting chats you can\u2019t get anywhere else. Maybe you\u2019re bored at midnight, maybe you want a fresh opinion, or maybe you just want to see what people [&hellip;]<\/p>\n","protected":false},"author":8,"featured_media":0,"parent":0,"menu_order":0,"comment_status":"closed","ping_status":"closed","template":"","meta":{"footnotes":""},"class_list":["post-13225","page","type-page","status-publish","hentry"],"yoast_head":"<!-- This site is optimized with the Yoast SEO plugin v27.4 - https:\/\/yoast.com\/product\/yoast-seo-wordpress\/ -->\n<title>Talk to People Online with Video Chat on TinyChat.com<\/title>\n<meta name=\"description\" content=\"Enjoying Talk to People Online? Join over 50,000,000 strangers on TinyChat! Turn on your cam and start meeting new people, or find a match.\" \/>\n<meta name=\"robots\" content=\"index, follow, max-snippet:-1, max-image-preview:large, max-video-preview:-1\" \/>\n<link rel=\"canonical\" href=\"https:\/\/tinychat.com\/fr\/talk-to-people-online\/\" \/>\n<meta property=\"og:locale\" content=\"fr_FR\" \/>\n<meta property=\"og:type\" content=\"article\" \/>\n<meta property=\"og:title\" content=\"Talk to People Online with Video Chat on TinyChat.com\" \/>\n<meta property=\"og:description\" content=\"Enjoying Talk to People Online? Join over 50,000,000 strangers on TinyChat! Turn on your cam and start meeting new people, or find a match.\" \/>\n<meta property=\"og:url\" content=\"https:\/\/tinychat.com\/fr\/talk-to-people-online\/\" \/>\n<meta property=\"og:site_name\" content=\"TinyChat\" \/>\n<meta property=\"article:publisher\" content=\"https:\/\/www.facebook.com\/tinychat\" \/>\n<meta property=\"article:modified_time\" content=\"2025-06-12T07:44:51+00:00\" \/>\n<meta property=\"og:image\" content=\"https:\/\/tinychat.com\/wp-content\/uploads\/2020\/04\/Tinychat-logo-1280x284-new-black.png\" \/>\n\t<meta property=\"og:image:width\" content=\"1280\" \/>\n\t<meta property=\"og:image:height\" content=\"284\" \/>\n\t<meta property=\"og:image:type\" content=\"image\/png\" \/>\n<meta name=\"twitter:card\" content=\"summary_large_image\" \/>\n<meta name=\"twitter:site\" content=\"@tinychat\" \/>\n<meta name=\"twitter:label1\" content=\"Dur\u00e9e de lecture estim\u00e9e\" \/>\n\t<meta name=\"twitter:data1\" content=\"6 minutes\" \/>\n<script type=\"application\/ld+json\" class=\"yoast-schema-graph\">{\"@context\":\"https:\\\/\\\/schema.org\",\"@graph\":[{\"@type\":\"WebPage\",\"@id\":\"https:\\\/\\\/tinychat.com\\\/talk-to-people-online\\\/\",\"url\":\"https:\\\/\\\/tinychat.com\\\/talk-to-people-online\\\/\",\"name\":\"Talk to People Online with Video Chat on TinyChat.com\",\"isPartOf\":{\"@id\":\"https:\\\/\\\/tinychat.com\\\/#website\"},\"datePublished\":\"2025-06-12T07:44:17+00:00\",\"dateModified\":\"2025-06-12T07:44:51+00:00\",\"description\":\"Enjoying Talk to People Online? Join over 50,000,000 strangers on TinyChat! Turn on your cam and start meeting new people, or find a match.\",\"breadcrumb\":{\"@id\":\"https:\\\/\\\/tinychat.com\\\/talk-to-people-online\\\/#breadcrumb\"},\"inLanguage\":\"fr-FR\",\"potentialAction\":[{\"@type\":\"ReadAction\",\"target\":[\"https:\\\/\\\/tinychat.com\\\/talk-to-people-online\\\/\"]}]},{\"@type\":\"BreadcrumbList\",\"@id\":\"https:\\\/\\\/tinychat.com\\\/talk-to-people-online\\\/#breadcrumb\",\"itemListElement\":[{\"@type\":\"ListItem\",\"position\":1,\"name\":\"Home\",\"item\":\"https:\\\/\\\/tinychat.com\\\/\"},{\"@type\":\"ListItem\",\"position\":2,\"name\":\"Talk to People Online\"}]},{\"@type\":\"WebSite\",\"@id\":\"https:\\\/\\\/tinychat.com\\\/#website\",\"url\":\"https:\\\/\\\/tinychat.com\\\/\",\"name\":\"TinyChat\",\"description\":\"Random Video Chat with Strangers\",\"publisher\":{\"@id\":\"https:\\\/\\\/tinychat.com\\\/#organization\"},\"alternateName\":\"TinyChat.com\",\"potentialAction\":[{\"@type\":\"SearchAction\",\"target\":{\"@type\":\"EntryPoint\",\"urlTemplate\":\"https:\\\/\\\/tinychat.com\\\/?s={search_term_string}\"},\"query-input\":{\"@type\":\"PropertyValueSpecification\",\"valueRequired\":true,\"valueName\":\"search_term_string\"}}],\"inLanguage\":\"fr-FR\"},{\"@type\":\"Organization\",\"@id\":\"https:\\\/\\\/tinychat.com\\\/#organization\",\"name\":\"TinyChat\",\"alternateName\":\"TinyChat.com\",\"url\":\"https:\\\/\\\/tinychat.com\\\/\",\"logo\":{\"@type\":\"ImageObject\",\"inLanguage\":\"fr-FR\",\"@id\":\"https:\\\/\\\/tinychat.com\\\/#\\\/schema\\\/logo\\\/image\\\/\",\"url\":\"https:\\\/\\\/tinychat.com\\\/wp-content\\\/uploads\\\/2023\\\/11\\\/Tinychat-icon-square.png\",\"contentUrl\":\"https:\\\/\\\/tinychat.com\\\/wp-content\\\/uploads\\\/2023\\\/11\\\/Tinychat-icon-square.png\",\"width\":284,\"height\":284,\"caption\":\"TinyChat\"},\"image\":{\"@id\":\"https:\\\/\\\/tinychat.com\\\/#\\\/schema\\\/logo\\\/image\\\/\"},\"sameAs\":[\"https:\\\/\\\/www.facebook.com\\\/tinychat\",\"https:\\\/\\\/x.com\\\/tinychat\"]}]}<\/script>\n<!-- \/ Yoast SEO plugin. -->","yoast_head_json":{"title":"Parlez aux gens en ligne avec le chat vid\u00e9o sur TinyChat.com","description":"Vous aimez parler aux gens en ligne ? Rejoignez plus de 50 000 000 d'inconnus sur TinyChat ! Allumez votre cam\u00e9ra et commencez \u00e0 rencontrer de nouvelles personnes, ou trouvez un partenaire.","robots":{"index":"index","follow":"follow","max-snippet":"max-snippet:-1","max-image-preview":"max-image-preview:large","max-video-preview":"max-video-preview:-1"},"canonical":"https:\/\/tinychat.com\/fr\/talk-to-people-online\/","og_locale":"fr_FR","og_type":"article","og_title":"Talk to People Online with Video Chat on TinyChat.com","og_description":"Enjoying Talk to People Online? Join over 50,000,000 strangers on TinyChat! Turn on your cam and start meeting new people, or find a match.","og_url":"https:\/\/tinychat.com\/fr\/talk-to-people-online\/","og_site_name":"TinyChat","article_publisher":"https:\/\/www.facebook.com\/tinychat","article_modified_time":"2025-06-12T07:44:51+00:00","og_image":[{"width":1280,"height":284,"url":"https:\/\/tinychat.com\/wp-content\/uploads\/2020\/04\/Tinychat-logo-1280x284-new-black.png","type":"image\/png"}],"twitter_card":"summary_large_image","twitter_site":"@tinychat","twitter_misc":{"Dur\u00e9e de lecture estim\u00e9e":"6 minutes"},"schema":{"@context":"https:\/\/schema.org","@graph":[{"@type":"WebPage","@id":"https:\/\/tinychat.com\/talk-to-people-online\/","url":"https:\/\/tinychat.com\/talk-to-people-online\/","name":"Parlez aux gens en ligne avec le chat vid\u00e9o sur TinyChat.com","isPartOf":{"@id":"https:\/\/tinychat.com\/#website"},"datePublished":"2025-06-12T07:44:17+00:00","dateModified":"2025-06-12T07:44:51+00:00","description":"Vous aimez parler aux gens en ligne ? Rejoignez plus de 50 000 000 d'inconnus sur TinyChat ! Allumez votre cam\u00e9ra et commencez \u00e0 rencontrer de nouvelles personnes, ou trouvez un partenaire.","breadcrumb":{"@id":"https:\/\/tinychat.com\/talk-to-people-online\/#breadcrumb"},"inLanguage":"fr-FR","potentialAction":[{"@type":"ReadAction","target":["https:\/\/tinychat.com\/talk-to-people-online\/"]}]},{"@type":"BreadcrumbList","@id":"https:\/\/tinychat.com\/talk-to-people-online\/#breadcrumb","itemListElement":[{"@type":"ListItem","position":1,"name":"Home","item":"https:\/\/tinychat.com\/"},{"@type":"ListItem","position":2,"name":"Talk to People Online"}]},{"@type":"WebSite","@id":"https:\/\/tinychat.com\/#website","url":"https:\/\/tinychat.com\/","name":"TinyChat","description":"Chat vid\u00e9o al\u00e9atoire avec des inconnus","publisher":{"@id":"https:\/\/tinychat.com\/#organization"},"alternateName":"TinyChat.com","potentialAction":[{"@type":"SearchAction","target":{"@type":"EntryPoint","urlTemplate":"https:\/\/tinychat.com\/?s={search_term_string}"},"query-input":{"@type":"PropertyValueSpecification","valueRequired":true,"valueName":"search_term_string"}}],"inLanguage":"fr-FR"},{"@type":"Organization","@id":"https:\/\/tinychat.com\/#organization","name":"TinyChat","alternateName":"TinyChat.com","url":"https:\/\/tinychat.com\/","logo":{"@type":"ImageObject","inLanguage":"fr-FR","@id":"https:\/\/tinychat.com\/#\/schema\/logo\/image\/","url":"https:\/\/tinychat.com\/wp-content\/uploads\/2023\/11\/Tinychat-icon-square.png","contentUrl":"https:\/\/tinychat.com\/wp-content\/uploads\/2023\/11\/Tinychat-icon-square.png","width":284,"height":284,"caption":"TinyChat"},"image":{"@id":"https:\/\/tinychat.com\/#\/schema\/logo\/image\/"},"sameAs":["https:\/\/www.facebook.com\/tinychat","https:\/\/x.com\/tinychat"]}]}},"_links":{"self":[{"href":"https:\/\/tinychat.com\/fr\/wp-json\/wp\/v2\/pages\/13225","targetHints":{"allow":["GET"]}}],"collection":[{"href":"https:\/\/tinychat.com\/fr\/wp-json\/wp\/v2\/pages"}],"about":[{"href":"https:\/\/tinychat.com\/fr\/wp-json\/wp\/v2\/types\/page"}],"author":[{"embeddable":true,"href":"https:\/\/tinychat.com\/fr\/wp-json\/wp\/v2\/users\/8"}],"replies":[{"embeddable":true,"href":"https:\/\/tinychat.com\/fr\/wp-json\/wp\/v2\/comments?post=13225"}],"version-history":[{"count":2,"href":"https:\/\/tinychat.com\/fr\/wp-json\/wp\/v2\/pages\/13225\/revisions"}],"predecessor-version":[{"id":13227,"href":"https:\/\/tinychat.com\/fr\/wp-json\/wp\/v2\/pages\/13225\/revisions\/13227"}],"wp:attachment":[{"href":"https:\/\/tinychat.com\/fr\/wp-json\/wp\/v2\/media?parent=13225"}],"curies":[{"name":"wp","href":"https:\/\/api.w.org\/{rel}","templated":true}]}}