{"id":13236,"date":"2025-06-12T10:06:56","date_gmt":"2025-06-12T08:06:56","guid":{"rendered":"https:\/\/tinychat.com\/?page_id=13236"},"modified":"2025-06-12T10:06:56","modified_gmt":"2025-06-12T08:06:56","slug":"single-girl-chat-video-call","status":"publish","type":"page","link":"https:\/\/tinychat.com\/fr\/single-girl-chat-video-call\/","title":{"rendered":"Fille c\u00e9libataire Chat Appel vid\u00e9o"},"content":{"rendered":"<p>Il y a quelque chose de vraiment excitant dans le fait de se lancer dans un appel vid\u00e9o de chat pour fille c\u00e9libataire. Vous cherchez peut-\u00eatre \u00e0 rencontrer quelqu'un de nouveau, \u00e0 avoir une conversation amusante, ou vous \u00eates curieux de faire des rencontres en dehors des applications traditionnelles. L'appel vid\u00e9o avec des filles c\u00e9libataires vous offre la possibilit\u00e9 de vous connecter instantan\u00e9ment, de sauter la longue phase d'envoi de textos et de voir avec qui vous vibrez vraiment - en direct, sans filtre et en temps r\u00e9el.<\/p>\n<p>Avec tant de femmes c\u00e9libataires en ligne, vous n'\u00eates qu'\u00e0 un clic de d\u00e9couvrir de vraies conversations, de nouvelles connexions, et peut-\u00eatre m\u00eame un peu d'alchimie. Que vous soyez \u00e0 la recherche d'une amiti\u00e9, d'un flirt ou de quelque chose de plus, ces plateformes vous facilitent la t\u00e2che.<\/p>\n<h2>Qu'est-ce qui rend l'appel vid\u00e9o par chat pour fille c\u00e9libataire diff\u00e9rent ?<\/h2>\n<p>Contrairement aux sites de rencontre de l'ancienne \u00e9cole ou aux applications de swiping sans fin, un appel vid\u00e9o de chat pour fille c\u00e9libataire vous met face \u00e0 face imm\u00e9diatement. Vous ne lisez pas de profils ou n'\u00e9changez pas de messages pendant des jours - vous vous parlez, vous riez et vous vous voyez en direct.<\/p>\n<p>Voici ce qui rend ces plateformes si attrayantes :<\/p>\n<ul>\n<li>Connexion instantan\u00e9e : Pas besoin d'attendre les r\u00e9ponses, pas besoin de deviner si vous allez correspondre.<\/li>\n<li>Voir et \u00eatre vu : Les appels vid\u00e9o vous permettent de vous montrer sous votre vrai jour et de voir \u00e0 qui vous parlez.<\/li>\n<li>Rencontrez des c\u00e9libataires uniquement : La plupart des plateformes filtrent les femmes c\u00e9libataires qui cherchent r\u00e9ellement \u00e0 discuter ou \u00e0 se connecter.<\/li>\n<li>Pas de pression : si le chat ne fonctionne pas, passez simplement \u00e0 l'appel suivant. Pas d'adieux g\u00eanants.<\/li>\n<\/ul>\n<h2>Comment fonctionne l'appel vid\u00e9o par chat pour fille c\u00e9libataire ?<\/h2>\n<p>C'est aussi simple que possible. Voici comment la plupart des sites proc\u00e8dent :<\/p>\n<ol>\n<li>Choisissez une plateforme d'appel vid\u00e9o par chat pour fille unique.<\/li>\n<li>Autorisez l'acc\u00e8s \u00e0 votre appareil photo et \u00e0 votre microphone.<\/li>\n<li>Cliquez sur \"D\u00e9marrer\" ou \"Se connecter\" et rencontrez instantan\u00e9ment une fille c\u00e9libataire qui cherche \u00e0 chatter.<\/li>\n<li>Discutez, flirtez ou passez simplement du temps ensemble. Si vous ne le sentez pas, cliquez sur \"suivant\" et rencontrez quelqu'un d'autre.<\/li>\n<\/ol>\n<p>Certaines plateformes vous permettent m\u00eame de d\u00e9finir des pr\u00e9f\u00e9rences, comme le pays, l'\u00e2ge ou les centres d'int\u00e9r\u00eat, afin d'am\u00e9liorer encore vos correspondances.<\/p>\n<h2>O\u00f9 trouver les meilleures plateformes d'appel vid\u00e9o pour filles c\u00e9libataires ?<\/h2>\n<p>Tous les sites d'appels vid\u00e9o ne se valent pas. Les meilleurs mettent l'accent sur la qualit\u00e9 des connexions, la s\u00e9curit\u00e9 et l'amusement. Voici quelques-uns de nos sites pr\u00e9f\u00e9r\u00e9s :<\/p>\n<ul>\n<li>CooMeet : vous met en contact uniquement avec des filles c\u00e9libataires v\u00e9rifi\u00e9es, avec une mod\u00e9ration en temps r\u00e9el.<\/li>\n<li>Chatrandom (Chat de filles) : Vous permet de filtrer les femmes, afin que l'exp\u00e9rience reste cibl\u00e9e.<\/li>\n<li>LuckyCrush : met en relation des hommes et des femmes c\u00e9libataires pour des chats vid\u00e9o en t\u00eate-\u00e0-t\u00eate.<\/li>\n<li>StrangerCam : Rapide, facile et plein de visages sympathiques.<\/li>\n<li>Chatspin : Propose des filtres de genre et des effets vid\u00e9o sympas.<\/li>\n<\/ul>\n<p>Explorez-en quelques-uns pour voir lequel vous convient le mieux. L'atmosph\u00e8re et les fonctionnalit\u00e9s peuvent vraiment influencer le type de discussions que vous aurez.<\/p>\n<h2>Rester en s\u00e9curit\u00e9 et respectueux lors d'un appel vid\u00e9o sur Single Girl Chat<\/h2>\n<p>Le respect et la s\u00e9curit\u00e9 sont essentiels pour passer un bon moment. La plupart des filles c\u00e9libataires en ligne sont l\u00e0 pour rencontrer de nouvelles personnes, mais tout le monde veut se sentir \u00e0 l'aise.<\/p>\n<p>Quelques conseils pour une bonne exp\u00e9rience :<\/p>\n<ul>\n<li>Restez amical et poli - la premi\u00e8re impression est importante.<\/li>\n<li>Ne demandez pas trop t\u00f4t des informations personnelles ou des informations sur les r\u00e9seaux sociaux.<\/li>\n<li>Ne jamais faire pression sur quelqu'un pour quoi que ce soit.<\/li>\n<li>Si vous sentez que quelque chose ne va pas, mettez fin \u00e0 la discussion et passez \u00e0 autre chose.<\/li>\n<li>Utilisez les fonctions de blocage\/rapport si vous rencontrez des probl\u00e8mes.<\/li>\n<\/ul>\n<p>La plupart des plateformes ont des lignes directrices claires pour que les choses restent positives et s\u00fbres pour tout le monde.<\/p>\n<h2>Pourquoi les gens adorent les appels vid\u00e9o par chat de filles c\u00e9libataires<\/h2>\n<p>Ces appels repr\u00e9sentent bien plus qu'un simple flirt ou une rencontre. Ce sont les r\u00e9actions instantan\u00e9es, les vrais rires et les moments spontan\u00e9s qui incitent les utilisateurs \u00e0 revenir.<\/p>\n<p>Voici ce qu'en disent certains :<\/p>\n<blockquote><p>\"L'appel vid\u00e9o avec des filles c\u00e9libataires est bien plus r\u00e9el que le simple chat. Vous savez tout de suite si vous avez le d\u00e9clic et vous pouvez avoir une vraie conversation.<\/p>\n<p>\"Parfois, il s'agit juste d'une discussion rapide sur des sujets al\u00e9atoires, mais il arrive aussi que vous rencontriez quelqu'un qui vous comprend.<\/p>\n<p>\"C'est amusant, facile et pas du tout g\u00eanant - il suffit de passer \u00e0 autre chose si \u00e7a ne marche pas.<\/p><\/blockquote>\n<h2>Comment se comparent les appels vid\u00e9o par chat pour filles c\u00e9libataires<\/h2>\n<table>\n<thead>\n<tr>\n<th>Fonctionnalit\u00e9<\/th>\n<th>Fille c\u00e9libataire Chat Appel vid\u00e9o<\/th>\n<th>Applications de rencontre<\/th>\n<th>Chat vid\u00e9o de groupe<\/th>\n<\/tr>\n<\/thead>\n<tbody>\n<tr>\n<td>Vid\u00e9o en direct en t\u00eate-\u00e0-t\u00eate<\/td>\n<td>\u2705<\/td>\n<td>\u274c<\/td>\n<td>\u2705<\/td>\n<\/tr>\n<tr>\n<td>Seulement les c\u00e9libataires, seulement les filles<\/td>\n<td>\u2705<\/td>\n<td>\u2705<\/td>\n<td>\u274c<\/td>\n<\/tr>\n<tr>\n<td>Pas d'attente - connexion instantan\u00e9e<\/td>\n<td>\u2705<\/td>\n<td>\u274c<\/td>\n<td>\u2705<\/td>\n<\/tr>\n<tr>\n<td>Passer au match suivant \u00e0 tout moment<\/td>\n<td>\u2705<\/td>\n<td>\u274c<\/td>\n<td>\u2705<\/td>\n<\/tr>\n<tr>\n<td>Pas de longs profils \u00e0 remplir<\/td>\n<td>\u2705<\/td>\n<td>\u274c<\/td>\n<td>\u2705<\/td>\n<\/tr>\n<\/tbody>\n<\/table>\n<p>Il est direct, personnel et cibl\u00e9 - parfait si vous \u00eates pr\u00eat \u00e0 parler au lieu de vous contenter d'envoyer des messages.<\/p>\n<h2>Conseils pour une meilleure exp\u00e9rience d'appel vid\u00e9o par chat pour fille c\u00e9libataire<\/h2>\n<p>Vous voulez tirer le meilleur parti de vos appels ? Essayez ceci :<\/p>\n<ul>\n<li>Souriez et gardez une attitude positive, cela vous aidera beaucoup.<\/li>\n<li>Commencez par un simple bonjour et voyez o\u00f9 en est la discussion.<\/li>\n<li>Ne vous inqui\u00e9tez pas si tous les chats ne sont pas extraordinaires, mais appr\u00e9ciez la vari\u00e9t\u00e9.<\/li>\n<li>Faites preuve d'ouverture d'esprit ; vous ne savez jamais qui vous rencontrerez ensuite.<\/li>\n<li>Si vous avez le d\u00e9clic, n'h\u00e9sitez pas \u00e0 prolonger la conversation (tout en respectant les limites).<\/li>\n<\/ul>\n<p>Les plateformes d'appel vid\u00e9o pour filles c\u00e9libataires changent la fa\u00e7on dont les gens se connectent et se rencontrent en ligne. Elles sont spontan\u00e9es, r\u00e9elles et, honn\u00eatement, beaucoup plus amusantes que de parcourir des profils interminables. Que vous cherchiez \u00e0 flirter, \u00e0 vous faire des amis ou simplement \u00e0 rompre la routine, l'appel vid\u00e9o avec une fille c\u00e9libataire pourrait \u00eatre exactement ce qu'il vous faut.<\/p>\n<p>Prenez votre webcam, ayez confiance en vous et commencez \u00e0 chatter. Votre prochaine grande conversation - ou peut-\u00eatre m\u00eame une \u00e9tincelle - pourrait n'\u00eatre qu'\u00e0 un clic de vous.<\/p>","protected":false},"excerpt":{"rendered":"<p>There\u2019s something genuinely exciting about jumping into a single girl chat video call. Maybe you\u2019re looking to meet someone new, want a fun conversation, or are curious about dating outside of traditional apps. Video calling with single girls offers a chance to connect instantly, skip the long texting phase, and see who you really vibe [&hellip;]<\/p>\n","protected":false},"author":8,"featured_media":0,"parent":0,"menu_order":0,"comment_status":"closed","ping_status":"closed","template":"","meta":{"footnotes":""},"class_list":["post-13236","page","type-page","status-publish","hentry"],"yoast_head":"<!-- This site is optimized with the Yoast SEO plugin v27.4 - https:\/\/yoast.com\/product\/yoast-seo-wordpress\/ -->\n<title>Single Girl Chat Video Call with Video Chat on TinyChat.com<\/title>\n<meta name=\"description\" content=\"Enjoying Single Girl Chat Video Call? Join over 50,000,000 strangers on TinyChat! Turn on your cam and start meeting new people, or find a match.\" \/>\n<meta name=\"robots\" content=\"index, follow, max-snippet:-1, max-image-preview:large, max-video-preview:-1\" \/>\n<link rel=\"canonical\" href=\"https:\/\/tinychat.com\/fr\/single-girl-chat-video-call\/\" \/>\n<meta property=\"og:locale\" content=\"fr_FR\" \/>\n<meta property=\"og:type\" content=\"article\" \/>\n<meta property=\"og:title\" content=\"Single Girl Chat Video Call with Video Chat on TinyChat.com\" \/>\n<meta property=\"og:description\" content=\"Enjoying Single Girl Chat Video Call? Join over 50,000,000 strangers on TinyChat! Turn on your cam and start meeting new people, or find a match.\" \/>\n<meta property=\"og:url\" content=\"https:\/\/tinychat.com\/fr\/single-girl-chat-video-call\/\" \/>\n<meta property=\"og:site_name\" content=\"TinyChat\" \/>\n<meta property=\"article:publisher\" content=\"https:\/\/www.facebook.com\/tinychat\" \/>\n<meta property=\"og:image\" content=\"https:\/\/tinychat.com\/wp-content\/uploads\/2020\/04\/Tinychat-logo-1280x284-new-black.png\" \/>\n\t<meta property=\"og:image:width\" content=\"1280\" \/>\n\t<meta property=\"og:image:height\" content=\"284\" \/>\n\t<meta property=\"og:image:type\" content=\"image\/png\" \/>\n<meta name=\"twitter:card\" content=\"summary_large_image\" \/>\n<meta name=\"twitter:site\" content=\"@tinychat\" \/>\n<meta name=\"twitter:label1\" content=\"Dur\u00e9e de lecture estim\u00e9e\" \/>\n\t<meta name=\"twitter:data1\" content=\"4 minutes\" \/>\n<script type=\"application\/ld+json\" class=\"yoast-schema-graph\">{\"@context\":\"https:\\\/\\\/schema.org\",\"@graph\":[{\"@type\":\"WebPage\",\"@id\":\"https:\\\/\\\/tinychat.com\\\/single-girl-chat-video-call\\\/\",\"url\":\"https:\\\/\\\/tinychat.com\\\/single-girl-chat-video-call\\\/\",\"name\":\"Single Girl Chat Video Call with Video Chat on TinyChat.com\",\"isPartOf\":{\"@id\":\"https:\\\/\\\/tinychat.com\\\/#website\"},\"datePublished\":\"2025-06-12T08:06:56+00:00\",\"description\":\"Enjoying Single Girl Chat Video Call? Join over 50,000,000 strangers on TinyChat! Turn on your cam and start meeting new people, or find a match.\",\"breadcrumb\":{\"@id\":\"https:\\\/\\\/tinychat.com\\\/single-girl-chat-video-call\\\/#breadcrumb\"},\"inLanguage\":\"fr-FR\",\"potentialAction\":[{\"@type\":\"ReadAction\",\"target\":[\"https:\\\/\\\/tinychat.com\\\/single-girl-chat-video-call\\\/\"]}]},{\"@type\":\"BreadcrumbList\",\"@id\":\"https:\\\/\\\/tinychat.com\\\/single-girl-chat-video-call\\\/#breadcrumb\",\"itemListElement\":[{\"@type\":\"ListItem\",\"position\":1,\"name\":\"Home\",\"item\":\"https:\\\/\\\/tinychat.com\\\/\"},{\"@type\":\"ListItem\",\"position\":2,\"name\":\"Single Girl Chat Video Call\"}]},{\"@type\":\"WebSite\",\"@id\":\"https:\\\/\\\/tinychat.com\\\/#website\",\"url\":\"https:\\\/\\\/tinychat.com\\\/\",\"name\":\"TinyChat\",\"description\":\"Random Video Chat with Strangers\",\"publisher\":{\"@id\":\"https:\\\/\\\/tinychat.com\\\/#organization\"},\"alternateName\":\"TinyChat.com\",\"potentialAction\":[{\"@type\":\"SearchAction\",\"target\":{\"@type\":\"EntryPoint\",\"urlTemplate\":\"https:\\\/\\\/tinychat.com\\\/?s={search_term_string}\"},\"query-input\":{\"@type\":\"PropertyValueSpecification\",\"valueRequired\":true,\"valueName\":\"search_term_string\"}}],\"inLanguage\":\"fr-FR\"},{\"@type\":\"Organization\",\"@id\":\"https:\\\/\\\/tinychat.com\\\/#organization\",\"name\":\"TinyChat\",\"alternateName\":\"TinyChat.com\",\"url\":\"https:\\\/\\\/tinychat.com\\\/\",\"logo\":{\"@type\":\"ImageObject\",\"inLanguage\":\"fr-FR\",\"@id\":\"https:\\\/\\\/tinychat.com\\\/#\\\/schema\\\/logo\\\/image\\\/\",\"url\":\"https:\\\/\\\/tinychat.com\\\/wp-content\\\/uploads\\\/2023\\\/11\\\/Tinychat-icon-square.png\",\"contentUrl\":\"https:\\\/\\\/tinychat.com\\\/wp-content\\\/uploads\\\/2023\\\/11\\\/Tinychat-icon-square.png\",\"width\":284,\"height\":284,\"caption\":\"TinyChat\"},\"image\":{\"@id\":\"https:\\\/\\\/tinychat.com\\\/#\\\/schema\\\/logo\\\/image\\\/\"},\"sameAs\":[\"https:\\\/\\\/www.facebook.com\\\/tinychat\",\"https:\\\/\\\/x.com\\\/tinychat\"]}]}<\/script>\n<!-- \/ Yoast SEO plugin. -->","yoast_head_json":{"title":"Single Girl Chat Video Call with Video Chat on TinyChat.com","description":"Vous aimez les appels vid\u00e9o sur le chat pour filles c\u00e9libataires ? Rejoignez plus de 50 000 000 d'inconnus sur TinyChat ! Allumez votre cam\u00e9ra et commencez \u00e0 rencontrer de nouvelles personnes, ou trouvez un partenaire.","robots":{"index":"index","follow":"follow","max-snippet":"max-snippet:-1","max-image-preview":"max-image-preview:large","max-video-preview":"max-video-preview:-1"},"canonical":"https:\/\/tinychat.com\/fr\/single-girl-chat-video-call\/","og_locale":"fr_FR","og_type":"article","og_title":"Single Girl Chat Video Call with Video Chat on TinyChat.com","og_description":"Enjoying Single Girl Chat Video Call? Join over 50,000,000 strangers on TinyChat! Turn on your cam and start meeting new people, or find a match.","og_url":"https:\/\/tinychat.com\/fr\/single-girl-chat-video-call\/","og_site_name":"TinyChat","article_publisher":"https:\/\/www.facebook.com\/tinychat","og_image":[{"width":1280,"height":284,"url":"https:\/\/tinychat.com\/wp-content\/uploads\/2020\/04\/Tinychat-logo-1280x284-new-black.png","type":"image\/png"}],"twitter_card":"summary_large_image","twitter_site":"@tinychat","twitter_misc":{"Dur\u00e9e de lecture estim\u00e9e":"4 minutes"},"schema":{"@context":"https:\/\/schema.org","@graph":[{"@type":"WebPage","@id":"https:\/\/tinychat.com\/single-girl-chat-video-call\/","url":"https:\/\/tinychat.com\/single-girl-chat-video-call\/","name":"Single Girl Chat Video Call with Video Chat on TinyChat.com","isPartOf":{"@id":"https:\/\/tinychat.com\/#website"},"datePublished":"2025-06-12T08:06:56+00:00","description":"Vous aimez les appels vid\u00e9o sur le chat pour filles c\u00e9libataires ? Rejoignez plus de 50 000 000 d'inconnus sur TinyChat ! Allumez votre cam\u00e9ra et commencez \u00e0 rencontrer de nouvelles personnes, ou trouvez un partenaire.","breadcrumb":{"@id":"https:\/\/tinychat.com\/single-girl-chat-video-call\/#breadcrumb"},"inLanguage":"fr-FR","potentialAction":[{"@type":"ReadAction","target":["https:\/\/tinychat.com\/single-girl-chat-video-call\/"]}]},{"@type":"BreadcrumbList","@id":"https:\/\/tinychat.com\/single-girl-chat-video-call\/#breadcrumb","itemListElement":[{"@type":"ListItem","position":1,"name":"Home","item":"https:\/\/tinychat.com\/"},{"@type":"ListItem","position":2,"name":"Single Girl Chat Video Call"}]},{"@type":"WebSite","@id":"https:\/\/tinychat.com\/#website","url":"https:\/\/tinychat.com\/","name":"TinyChat","description":"Chat vid\u00e9o al\u00e9atoire avec des inconnus","publisher":{"@id":"https:\/\/tinychat.com\/#organization"},"alternateName":"TinyChat.com","potentialAction":[{"@type":"SearchAction","target":{"@type":"EntryPoint","urlTemplate":"https:\/\/tinychat.com\/?s={search_term_string}"},"query-input":{"@type":"PropertyValueSpecification","valueRequired":true,"valueName":"search_term_string"}}],"inLanguage":"fr-FR"},{"@type":"Organization","@id":"https:\/\/tinychat.com\/#organization","name":"TinyChat","alternateName":"TinyChat.com","url":"https:\/\/tinychat.com\/","logo":{"@type":"ImageObject","inLanguage":"fr-FR","@id":"https:\/\/tinychat.com\/#\/schema\/logo\/image\/","url":"https:\/\/tinychat.com\/wp-content\/uploads\/2023\/11\/Tinychat-icon-square.png","contentUrl":"https:\/\/tinychat.com\/wp-content\/uploads\/2023\/11\/Tinychat-icon-square.png","width":284,"height":284,"caption":"TinyChat"},"image":{"@id":"https:\/\/tinychat.com\/#\/schema\/logo\/image\/"},"sameAs":["https:\/\/www.facebook.com\/tinychat","https:\/\/x.com\/tinychat"]}]}},"_links":{"self":[{"href":"https:\/\/tinychat.com\/fr\/wp-json\/wp\/v2\/pages\/13236","targetHints":{"allow":["GET"]}}],"collection":[{"href":"https:\/\/tinychat.com\/fr\/wp-json\/wp\/v2\/pages"}],"about":[{"href":"https:\/\/tinychat.com\/fr\/wp-json\/wp\/v2\/types\/page"}],"author":[{"embeddable":true,"href":"https:\/\/tinychat.com\/fr\/wp-json\/wp\/v2\/users\/8"}],"replies":[{"embeddable":true,"href":"https:\/\/tinychat.com\/fr\/wp-json\/wp\/v2\/comments?post=13236"}],"version-history":[{"count":2,"href":"https:\/\/tinychat.com\/fr\/wp-json\/wp\/v2\/pages\/13236\/revisions"}],"predecessor-version":[{"id":13238,"href":"https:\/\/tinychat.com\/fr\/wp-json\/wp\/v2\/pages\/13236\/revisions\/13238"}],"wp:attachment":[{"href":"https:\/\/tinychat.com\/fr\/wp-json\/wp\/v2\/media?parent=13236"}],"curies":[{"name":"wp","href":"https:\/\/api.w.org\/{rel}","templated":true}]}}