{"id":13261,"date":"2025-06-17T13:46:44","date_gmt":"2025-06-17T11:46:44","guid":{"rendered":"https:\/\/tinychat.com\/?page_id=13261"},"modified":"2025-06-17T13:47:34","modified_gmt":"2025-06-17T11:47:34","slug":"roulette-chat","status":"publish","type":"page","link":"https:\/\/tinychat.com\/fr\/roulette-chat\/","title":{"rendered":"Roulette Chat"},"content":{"rendered":"<p>Vous n'avez jamais souhait\u00e9 pouvoir lancer les d\u00e9s et voir qui vous rencontrerez ensuite en ligne ? C'est exactement ce qui rend le chat roulette si amusant. Contrairement aux applications de messagerie traditionnelles ou aux m\u00e9dias sociaux, le chat roulette vous permet de vous connecter instantan\u00e9ment avec des personnes au hasard, o\u00f9 qu'elles se trouvent dans le monde. Chaque fois que vous cliquez sur \"Suivant\", c'est comme si vous faisiez tourner la roue : vous pourriez avoir une conversation int\u00e9ressante, rencontrer un nouvel ami ou m\u00eame vivre une histoire d'amour inattendue.<\/p>\n<p>Que vous soyez chez vous lors d'une soir\u00e9e paresseuse, que vous cherchiez \u00e0 rompre l'ennui ou que vous soyez simplement curieux de savoir qui est l\u00e0, les sites de chat \u00e0 la roulette vous offrent un moyen facile et sans pression de d\u00e9couvrir de nouveaux visages. L'attrait de ces sites r\u00e9side dans leur spontan\u00e9it\u00e9 : il n'y a pas de profils \u00e0 lire, pas de longues pr\u00e9sentations, juste des conversations pures et impr\u00e9visibles.<\/p>\n<h2>Qu'est-ce que Roulette Chat ?<\/h2>\n<p>Le chat roulette est une plateforme de chat en ligne qui vous met en relation avec des utilisateurs al\u00e9atoires en temps r\u00e9el, g\u00e9n\u00e9ralement par le biais de la vid\u00e9o et parfois du texte. Il repose sur l'id\u00e9e d'un jumelage al\u00e9atoire. Il s'agit de la version en ligne du tirage au sort d'un nom et de l'identification de la prochaine personne \u00e0 qui vous parlerez.<\/p>\n<p>La plupart des sites de chat sur la roulette sont con\u00e7us pour \u00eatre rapides, simples et conviviaux :<\/p>\n<ul>\n<li>Pas besoin de s'inscrire longuement (souvent, il suffit de choisir un pseudo et de partir)<\/li>\n<li>S'engager directement dans une session de chat avec un partenaire al\u00e9atoire<\/li>\n<li>Si la conversation ne vous convient pas, il vous suffit de cliquer sur \"suivant\" et vous obtiendrez instantan\u00e9ment quelqu'un d'autre.<\/li>\n<\/ul>\n<p>Il y a quelque chose d'excitant \u00e0 ne jamais savoir qui va appara\u00eetre sur votre \u00e9cran. Parfois, c'est un camarade de classe \u00e0 l'autre bout du monde, parfois c'est un habitant de la r\u00e9gion, et parfois c'est simplement quelqu'un qui cherche \u00e0 rire un bon coup.<\/p>\n<h2>Comment fonctionne Roulette Chat ?<\/h2>\n<p>La proc\u00e9dure est simple et presque toujours la m\u00eame :<\/p>\n<ol>\n<li>Visitez une plateforme ou une application de chat sur la roulette.<\/li>\n<li>Autorisez l'acc\u00e8s \u00e0 la cam\u00e9ra et au micro si vous voulez de la vid\u00e9o (la plupart proposent \u00e9galement le chat textuel).<\/li>\n<li>Cliquez sur \"Start\" ou \"Connect\" pour rejoindre la file d'attente al\u00e9atoire.<\/li>\n<li>Vous \u00eates instantan\u00e9ment jumel\u00e9 \u00e0 un autre utilisateur.<\/li>\n<li>Discutez aussi longtemps (ou aussi bri\u00e8vement) que vous le souhaitez.<\/li>\n<li>Cliquez sur \"suivant\" \u00e0 tout moment pour passer \u00e0 autre chose et rencontrer quelqu'un d'autre.<\/li>\n<\/ol>\n<p>De nombreux sites de chat sur la roulette sont \u00e9galement enti\u00e8rement gratuits, ce qui les rend parfaits pour des rencontres spontan\u00e9es.<\/p>\n<h2>Types d'exp\u00e9riences Roulette Chat<\/h2>\n<p>Le chat de la roulette n'est pas une chose unique : il existe de nombreuses variantes. Parmi les options les plus populaires, citons<\/p>\n<ul>\n<li>Chat vid\u00e9o sur la roulette al\u00e9atoire : Webcam classique \u00e0 Webcam, face \u00e0 face avec des inconnus.<\/li>\n<li>Chat de roulette en texte seul : Si vous n'\u00eates pas pr\u00eat pour la cam\u00e9ra, contentez-vous de taper.<\/li>\n<li>Chat de roulette gratuit : La plupart des sites offrent les fonctions de base gratuitement.<\/li>\n<li>Applications mobiles de chat sur la roulette : Pour chatter en d\u00e9placement, o\u00f9 que vous soyez.<\/li>\n<li>Salles de chat \u00e0 th\u00e8me : Certains sites proposent des filtres pour les centres d'int\u00e9r\u00eat, les langues ou l'\u00e2ge.<\/li>\n<\/ul>\n<p>Quel que soit votre style, il existe une option de chat sur la roulette qui correspond \u00e0 votre humeur et \u00e0 votre style.<\/p>\n<h2>Pourquoi les gens aiment-ils Roulette Chat ?<\/h2>\n<p>Il y a de nombreuses raisons pour lesquelles le chat roulette est devenu si populaire, en particulier aupr\u00e8s des personnes qui sont fatigu\u00e9es du d\u00e9filement sans fin ou de la pression des applications de rencontre.<\/p>\n<ul>\n<li>C'est spontan\u00e9 : Chaque discussion est un nouveau d\u00e9part. Si c'est g\u00eanant ou ennuyeux, vous pouvez passer \u00e0 autre chose imm\u00e9diatement.<\/li>\n<li>Il est mondial : vous rencontrez des gens du monde entier, de tous les horizons.<\/li>\n<li>Il est anonyme : utilisez un pseudonyme, pas de profil et soyez aussi ouvert (ou priv\u00e9) que vous le souhaitez.<\/li>\n<li>Il n'y a pas de pression : on ne s'attend pas \u00e0 ce que vous \u00e9changiez vos num\u00e9ros ou vos contacts sociaux, sauf si vous le souhaitez.<\/li>\n<li>C'est tout simplement amusant : Il y a toujours une chance de rencontrer quelqu'un d'inoubliable.<\/li>\n<\/ul>\n<p>\"Le chat de la roulette m'a aid\u00e9 \u00e0 surmonter ma timidit\u00e9. On ne sait jamais qui sera le prochain, alors on se d\u00e9tend et on suit le mouvement.\"<\/p>\n<p>\"Parfois, on rencontre des gens qui deviennent des amis, parfois c'est juste un petit rire. Ce n'est jamais deux fois la m\u00eame chose !<\/p>\n<h2>Plates-formes Roulette Chat populaires<\/h2>\n<p>Quelques sites de chat sur la roulette se distinguent par leur simplicit\u00e9, leur large base d'utilisateurs et leur bonne mod\u00e9ration :<\/p>\n<ul>\n<li>Chatroulette : L'original, toujours l'un des plus actifs et des plus globaux.<\/li>\n<li>Omegle (chat vid\u00e9o) : Offre des options de texte et de webcam avec un bouton \"suivant\" pour un jumelage instantan\u00e9.<\/li>\n<li>Chatrandom : Connu pour ses filtres, comme le sexe et le pays, et sa base d'utilisateurs active et nombreuse.<\/li>\n<li>Camsurf : Simple, adapt\u00e9 aux mobiles et ax\u00e9 sur les chats vid\u00e9o rapides \u00e0 la roulette.<\/li>\n<li>Chatspin : Filtres d'int\u00e9r\u00eat et modes vid\u00e9o et texte.<\/li>\n<\/ul>\n<p>Chacun d'entre eux a sa propre ambiance : certains sont plus d\u00e9contract\u00e9s, d'autres plus flirteurs ou aventureux. Essayez-en plusieurs pour voir quel chat de roulette vous convient le mieux.<\/p>\n<h2>Rester en s\u00e9curit\u00e9 et respectueux dans Roulette Chat<\/h2>\n<p>Le chat \u00e0 la roulette est g\u00e9n\u00e9ralement s\u00fbr et amusant, mais comme vous ne savez jamais qui se trouve de l'autre c\u00f4t\u00e9, quelques habitudes intelligentes peuvent faire toute la diff\u00e9rence :<\/p>\n<ul>\n<li>Ne communiquez jamais d'informations priv\u00e9es (nom de famille, adresse, lieu de travail).<\/li>\n<li>Utilisez un surnom, surtout lorsque vous commencez \u00e0 discuter.<\/li>\n<li>Si quelqu'un vous met mal \u00e0 l'aise, partez ou cliquez sur \"suivant\" - aucune explication n'est n\u00e9cessaire.<\/li>\n<li>Signalez ou bloquez toute personne qui d\u00e9passe les bornes ; la plupart des sites disposent d'outils faciles \u00e0 utiliser \u00e0 cet effet.<\/li>\n<li>Si vous utilisez le chat de roulette pour adultes, assurez-vous toujours que vous \u00eates sur un site r\u00e9put\u00e9 pour ses 18 ans et plus.<\/li>\n<\/ul>\n<p>La plupart des utilisateurs sont juste l\u00e0 pour discuter, rire ou rencontrer quelqu'un de nouveau. Un peu de prudence s'impose.<\/p>\n<h2>Roulette Chat vs. autres options de chat en ligne<\/h2>\n<table>\n<thead>\n<tr>\n<th>Fonctionnalit\u00e9<\/th>\n<th>Roulette Chat<\/th>\n<th>M\u00e9dias sociaux<\/th>\n<th>Applications de rencontre<\/th>\n<th>Salons de discussion en groupe<\/th>\n<\/tr>\n<\/thead>\n<tbody>\n<tr>\n<td>Correspondance instantan\u00e9e al\u00e9atoire<\/td>\n<td>\u2705<\/td>\n<td>\u274c<\/td>\n<td>\u274c<\/td>\n<td>\u274c<\/td>\n<\/tr>\n<tr>\n<td>Aucun profil n'est requis<\/td>\n<td>\u2705<\/td>\n<td>\u274c<\/td>\n<td>\u274c<\/td>\n<td>\u274c<\/td>\n<\/tr>\n<tr>\n<td>Anonymat<\/td>\n<td>\u2705<\/td>\n<td>\u274c<\/td>\n<td>\u2705<\/td>\n<td>\u2705<\/td>\n<\/tr>\n<tr>\n<td>Chat vid\u00e9o disponible<\/td>\n<td>\u2705<\/td>\n<td>\u2705<\/td>\n<td>\u2705<\/td>\n<td>\u2705<\/td>\n<\/tr>\n<tr>\n<td>Utilisation gratuite<\/td>\n<td>\u2705<\/td>\n<td>\u2705<\/td>\n<td>\u274c<\/td>\n<td>\u2705<\/td>\n<\/tr>\n<tr>\n<td>\"Suivant\"\/sauter \u00e0 tout moment<\/td>\n<td>\u2705<\/td>\n<td>\u274c<\/td>\n<td>\u274c<\/td>\n<td>\u2705<\/td>\n<\/tr>\n<\/tbody>\n<\/table>\n<p>Le chat de la roulette est ax\u00e9 sur la rapidit\u00e9, la surprise et la simplicit\u00e9 - pas de mur d'inscription, pas de biographies interminables et pas d'obligations.<\/p>\n<h2>Comment tirer le meilleur parti de Roulette Chat<\/h2>\n<p>Quelques conseils simples peuvent rendre le chat sur la roulette encore plus amusant :<\/p>\n<ul>\n<li>Restez positif : les sourires, les plaisanteries et la curiosit\u00e9 font beaucoup de bien.<\/li>\n<li>Ne vous pr\u00e9occupez pas des discussions maladroites ; passez votre tour et essayez \u00e0 nouveau.<\/li>\n<li>Si vous recherchez des conversations sp\u00e9cifiques (comme des \u00e9changes linguistiques ou des jeux), mentionnez-le d\u00e8s le d\u00e9but de la discussion.<\/li>\n<li>Respectez les limites de chacun - la plupart des gens veulent juste passer un bon moment, pas de drame.<\/li>\n<li>Essayez le chat \u00e0 la roulette \u00e0 diff\u00e9rents moments de la journ\u00e9e pour rencontrer des personnes situ\u00e9es dans d'autres fuseaux horaires.<\/li>\n<\/ul>\n<p>Et n'oubliez pas : c'est fait pour s'amuser ! Consid\u00e9rez chaque discussion comme une nouvelle aventure.<\/p>\n<h2>Quand devriez-vous essayer Roulette Chat ?<\/h2>\n<p>Honn\u00eatement, \u00e0 chaque fois que vous voulez une vraie conversation ou quelque chose de diff\u00e9rent. Certaines personnes utilisent le chat de la roulette pour :<\/p>\n<ul>\n<li>Combattre l'ennui lors d'une soir\u00e9e calme<\/li>\n<li>S'entra\u00eener \u00e0 parler une nouvelle langue<\/li>\n<li>Rire apr\u00e8s une journ\u00e9e difficile<\/li>\n<li>Rencontrer de nouveaux amis dans un cadre totalement d\u00e9contract\u00e9<\/li>\n<li>Explorer les possibilit\u00e9s de rencontres et de flirt, sans pression<\/li>\n<li>D\u00e9couvrir des points de vue du monde entier<\/li>\n<\/ul>\n<p>Le chat de la roulette est parfait pour les v\u00e9rifications rapides ou les longues discussions de fin de soir\u00e9e.<\/p>\n<p>Le chat Roulette est la r\u00e9ponse du web \u00e0 la connexion spontan\u00e9e et sans engagement. C'est facile, instantan\u00e9 et ouvert \u00e0 tous, que vous souhaitiez vous faire des amis, flirter ou simplement voir ce que vous pouvez trouver de dr\u00f4le au hasard. Pas d'inscription, pas de pression, et chaque conversation est un nouveau d\u00e9part.<\/p>\n<p>Pr\u00eat \u00e0 voir qui est l\u00e0 ? Essayez le tchat roulette gratuit ce soir, rencontrez des personnes que vous n'auriez jamais trouv\u00e9es autrement, et vivez l'excitation de ne pas savoir qui sera le prochain.<\/p>\n<p>Avec le chat sur la roulette, le monde est toujours \u00e0 un clic.<\/p>","protected":false},"excerpt":{"rendered":"<p>Ever wish you could just roll the dice and see who you meet next online? That\u2019s exactly what makes roulette chat so much fun. Unlike traditional messaging apps or social media, roulette chat lets you connect instantly with random people from anywhere in the world. Every time you hit \u201cnext,\u201d it\u2019s like spinning the wheel\u2014you [&hellip;]<\/p>\n","protected":false},"author":8,"featured_media":0,"parent":0,"menu_order":0,"comment_status":"closed","ping_status":"closed","template":"","meta":{"footnotes":""},"class_list":["post-13261","page","type-page","status-publish","hentry"],"yoast_head":"<!-- This site is optimized with the Yoast SEO plugin v27.5 - https:\/\/yoast.com\/product\/yoast-seo-wordpress\/ -->\n<title>Roulette Chat with Video Chat on TinyChat.com<\/title>\n<meta name=\"description\" content=\"Enjoying Roulette Chat? Join over 50,000,000 strangers on TinyChat! Turn on your cam and start meeting new people, or find a match.\" \/>\n<meta name=\"robots\" content=\"index, follow, max-snippet:-1, max-image-preview:large, max-video-preview:-1\" \/>\n<link rel=\"canonical\" href=\"https:\/\/tinychat.com\/fr\/roulette-chat\/\" \/>\n<meta property=\"og:locale\" content=\"fr_FR\" \/>\n<meta property=\"og:type\" content=\"article\" \/>\n<meta property=\"og:title\" content=\"Roulette Chat with Video Chat on TinyChat.com\" \/>\n<meta property=\"og:description\" content=\"Enjoying Roulette Chat? Join over 50,000,000 strangers on TinyChat! Turn on your cam and start meeting new people, or find a match.\" \/>\n<meta property=\"og:url\" content=\"https:\/\/tinychat.com\/fr\/roulette-chat\/\" \/>\n<meta property=\"og:site_name\" content=\"TinyChat\" \/>\n<meta property=\"article:publisher\" content=\"https:\/\/www.facebook.com\/tinychat\" \/>\n<meta property=\"article:modified_time\" content=\"2025-06-17T11:47:34+00:00\" \/>\n<meta property=\"og:image\" content=\"https:\/\/tinychat.com\/wp-content\/uploads\/2020\/04\/Tinychat-logo-1280x284-new-black.png\" \/>\n\t<meta property=\"og:image:width\" content=\"1280\" \/>\n\t<meta property=\"og:image:height\" content=\"284\" \/>\n\t<meta property=\"og:image:type\" content=\"image\/png\" \/>\n<meta name=\"twitter:card\" content=\"summary_large_image\" \/>\n<meta name=\"twitter:site\" content=\"@tinychat\" \/>\n<meta name=\"twitter:label1\" content=\"Dur\u00e9e de lecture estim\u00e9e\" \/>\n\t<meta name=\"twitter:data1\" content=\"6 minutes\" \/>\n<script type=\"application\/ld+json\" class=\"yoast-schema-graph\">{\"@context\":\"https:\\\/\\\/schema.org\",\"@graph\":[{\"@type\":\"WebPage\",\"@id\":\"https:\\\/\\\/tinychat.com\\\/roulette-chat\\\/\",\"url\":\"https:\\\/\\\/tinychat.com\\\/roulette-chat\\\/\",\"name\":\"Roulette Chat with Video Chat on TinyChat.com\",\"isPartOf\":{\"@id\":\"https:\\\/\\\/tinychat.com\\\/#website\"},\"datePublished\":\"2025-06-17T11:46:44+00:00\",\"dateModified\":\"2025-06-17T11:47:34+00:00\",\"description\":\"Enjoying Roulette Chat? Join over 50,000,000 strangers on TinyChat! Turn on your cam and start meeting new people, or find a match.\",\"breadcrumb\":{\"@id\":\"https:\\\/\\\/tinychat.com\\\/roulette-chat\\\/#breadcrumb\"},\"inLanguage\":\"fr-FR\",\"potentialAction\":[{\"@type\":\"ReadAction\",\"target\":[\"https:\\\/\\\/tinychat.com\\\/roulette-chat\\\/\"]}]},{\"@type\":\"BreadcrumbList\",\"@id\":\"https:\\\/\\\/tinychat.com\\\/roulette-chat\\\/#breadcrumb\",\"itemListElement\":[{\"@type\":\"ListItem\",\"position\":1,\"name\":\"Home\",\"item\":\"https:\\\/\\\/tinychat.com\\\/\"},{\"@type\":\"ListItem\",\"position\":2,\"name\":\"Roulette Chat\"}]},{\"@type\":\"WebSite\",\"@id\":\"https:\\\/\\\/tinychat.com\\\/#website\",\"url\":\"https:\\\/\\\/tinychat.com\\\/\",\"name\":\"TinyChat\",\"description\":\"Random Video Chat with Strangers\",\"publisher\":{\"@id\":\"https:\\\/\\\/tinychat.com\\\/#organization\"},\"alternateName\":\"TinyChat.com\",\"potentialAction\":[{\"@type\":\"SearchAction\",\"target\":{\"@type\":\"EntryPoint\",\"urlTemplate\":\"https:\\\/\\\/tinychat.com\\\/?s={search_term_string}\"},\"query-input\":{\"@type\":\"PropertyValueSpecification\",\"valueRequired\":true,\"valueName\":\"search_term_string\"}}],\"inLanguage\":\"fr-FR\"},{\"@type\":\"Organization\",\"@id\":\"https:\\\/\\\/tinychat.com\\\/#organization\",\"name\":\"TinyChat\",\"alternateName\":\"TinyChat.com\",\"url\":\"https:\\\/\\\/tinychat.com\\\/\",\"logo\":{\"@type\":\"ImageObject\",\"inLanguage\":\"fr-FR\",\"@id\":\"https:\\\/\\\/tinychat.com\\\/#\\\/schema\\\/logo\\\/image\\\/\",\"url\":\"https:\\\/\\\/tinychat.com\\\/wp-content\\\/uploads\\\/2023\\\/11\\\/Tinychat-icon-square.png\",\"contentUrl\":\"https:\\\/\\\/tinychat.com\\\/wp-content\\\/uploads\\\/2023\\\/11\\\/Tinychat-icon-square.png\",\"width\":284,\"height\":284,\"caption\":\"TinyChat\"},\"image\":{\"@id\":\"https:\\\/\\\/tinychat.com\\\/#\\\/schema\\\/logo\\\/image\\\/\"},\"sameAs\":[\"https:\\\/\\\/www.facebook.com\\\/tinychat\",\"https:\\\/\\\/x.com\\\/tinychat\"]}]}<\/script>\n<!-- \/ Yoast SEO plugin. -->","yoast_head_json":{"title":"Roulette Chat avec chat vid\u00e9o sur TinyChat.com","description":"Vous appr\u00e9ciez Roulette Chat ? Rejoignez plus de 50 000 000 d'inconnus sur TinyChat ! Allumez votre cam\u00e9ra et commencez \u00e0 rencontrer de nouvelles personnes, ou trouvez un partenaire.","robots":{"index":"index","follow":"follow","max-snippet":"max-snippet:-1","max-image-preview":"max-image-preview:large","max-video-preview":"max-video-preview:-1"},"canonical":"https:\/\/tinychat.com\/fr\/roulette-chat\/","og_locale":"fr_FR","og_type":"article","og_title":"Roulette Chat with Video Chat on TinyChat.com","og_description":"Enjoying Roulette Chat? Join over 50,000,000 strangers on TinyChat! Turn on your cam and start meeting new people, or find a match.","og_url":"https:\/\/tinychat.com\/fr\/roulette-chat\/","og_site_name":"TinyChat","article_publisher":"https:\/\/www.facebook.com\/tinychat","article_modified_time":"2025-06-17T11:47:34+00:00","og_image":[{"width":1280,"height":284,"url":"https:\/\/tinychat.com\/wp-content\/uploads\/2020\/04\/Tinychat-logo-1280x284-new-black.png","type":"image\/png"}],"twitter_card":"summary_large_image","twitter_site":"@tinychat","twitter_misc":{"Dur\u00e9e de lecture estim\u00e9e":"6 minutes"},"schema":{"@context":"https:\/\/schema.org","@graph":[{"@type":"WebPage","@id":"https:\/\/tinychat.com\/roulette-chat\/","url":"https:\/\/tinychat.com\/roulette-chat\/","name":"Roulette Chat avec chat vid\u00e9o sur TinyChat.com","isPartOf":{"@id":"https:\/\/tinychat.com\/#website"},"datePublished":"2025-06-17T11:46:44+00:00","dateModified":"2025-06-17T11:47:34+00:00","description":"Vous appr\u00e9ciez Roulette Chat ? Rejoignez plus de 50 000 000 d'inconnus sur TinyChat ! Allumez votre cam\u00e9ra et commencez \u00e0 rencontrer de nouvelles personnes, ou trouvez un partenaire.","breadcrumb":{"@id":"https:\/\/tinychat.com\/roulette-chat\/#breadcrumb"},"inLanguage":"fr-FR","potentialAction":[{"@type":"ReadAction","target":["https:\/\/tinychat.com\/roulette-chat\/"]}]},{"@type":"BreadcrumbList","@id":"https:\/\/tinychat.com\/roulette-chat\/#breadcrumb","itemListElement":[{"@type":"ListItem","position":1,"name":"Home","item":"https:\/\/tinychat.com\/"},{"@type":"ListItem","position":2,"name":"Roulette Chat"}]},{"@type":"WebSite","@id":"https:\/\/tinychat.com\/#website","url":"https:\/\/tinychat.com\/","name":"TinyChat","description":"Chat vid\u00e9o al\u00e9atoire avec des inconnus","publisher":{"@id":"https:\/\/tinychat.com\/#organization"},"alternateName":"TinyChat.com","potentialAction":[{"@type":"SearchAction","target":{"@type":"EntryPoint","urlTemplate":"https:\/\/tinychat.com\/?s={search_term_string}"},"query-input":{"@type":"PropertyValueSpecification","valueRequired":true,"valueName":"search_term_string"}}],"inLanguage":"fr-FR"},{"@type":"Organization","@id":"https:\/\/tinychat.com\/#organization","name":"TinyChat","alternateName":"TinyChat.com","url":"https:\/\/tinychat.com\/","logo":{"@type":"ImageObject","inLanguage":"fr-FR","@id":"https:\/\/tinychat.com\/#\/schema\/logo\/image\/","url":"https:\/\/tinychat.com\/wp-content\/uploads\/2023\/11\/Tinychat-icon-square.png","contentUrl":"https:\/\/tinychat.com\/wp-content\/uploads\/2023\/11\/Tinychat-icon-square.png","width":284,"height":284,"caption":"TinyChat"},"image":{"@id":"https:\/\/tinychat.com\/#\/schema\/logo\/image\/"},"sameAs":["https:\/\/www.facebook.com\/tinychat","https:\/\/x.com\/tinychat"]}]}},"_links":{"self":[{"href":"https:\/\/tinychat.com\/fr\/wp-json\/wp\/v2\/pages\/13261","targetHints":{"allow":["GET"]}}],"collection":[{"href":"https:\/\/tinychat.com\/fr\/wp-json\/wp\/v2\/pages"}],"about":[{"href":"https:\/\/tinychat.com\/fr\/wp-json\/wp\/v2\/types\/page"}],"author":[{"embeddable":true,"href":"https:\/\/tinychat.com\/fr\/wp-json\/wp\/v2\/users\/8"}],"replies":[{"embeddable":true,"href":"https:\/\/tinychat.com\/fr\/wp-json\/wp\/v2\/comments?post=13261"}],"version-history":[{"count":1,"href":"https:\/\/tinychat.com\/fr\/wp-json\/wp\/v2\/pages\/13261\/revisions"}],"predecessor-version":[{"id":13262,"href":"https:\/\/tinychat.com\/fr\/wp-json\/wp\/v2\/pages\/13261\/revisions\/13262"}],"wp:attachment":[{"href":"https:\/\/tinychat.com\/fr\/wp-json\/wp\/v2\/media?parent=13261"}],"curies":[{"name":"wp","href":"https:\/\/api.w.org\/{rel}","templated":true}]}}