{"id":13268,"date":"2025-06-17T14:13:46","date_gmt":"2025-06-17T12:13:46","guid":{"rendered":"https:\/\/tinychat.com\/?page_id=13268"},"modified":"2025-06-17T14:13:46","modified_gmt":"2025-06-17T12:13:46","slug":"free-video-chat","status":"publish","type":"page","link":"https:\/\/tinychat.com\/fr\/free-video-chat\/","title":{"rendered":"Chat vid\u00e9o gratuit"},"content":{"rendered":"<p>Ne nous voilons pas la face : le chat vid\u00e9o gratuit a chang\u00e9 notre fa\u00e7on de socialiser, de travailler et m\u00eame d'avoir des rendez-vous en ligne. Que vous retrouviez de vieux amis, que vous rencontriez quelqu'un de nouveau ou que vous participiez \u00e0 un appel de groupe anim\u00e9, la possibilit\u00e9 de voir et d'entendre les gens en temps r\u00e9el (gratuitement !) rend chaque conversation un peu plus personnelle.<\/p>\n<p>Le plus beau ? Vous n'avez pas besoin d'un abonnement premium ou d'un \u00e9quipement sp\u00e9cial. Avec votre t\u00e9l\u00e9phone ou votre ordinateur portable, vous pouvez engager une conversation avec n'importe qui, n'importe o\u00f9, instantan\u00e9ment.<\/p>\n<h2>Pourquoi le chat vid\u00e9o gratuit est-il si populaire ?<\/h2>\n<p>Ce n'est pas pour rien que de nombreuses personnes sont pass\u00e9es aux plateformes de chat vid\u00e9o gratuites ces derni\u00e8res ann\u00e9es :<\/p>\n<ul>\n<li>Sans frais : Vous pouvez vous connecter avec n'importe qui dans le monde sans vous soucier des frais ou des limites mensuelles.<\/li>\n<li>Spontan\u00e9it\u00e9 : Des petits bonjours aux appels de plusieurs heures, vous pouvez discuter d\u00e8s que l'envie vous en prend.<\/li>\n<li>Acc\u00e8s facile : La plupart des plateformes fonctionnent directement dans votre navigateur ou par le biais d'une simple application - aucun t\u00e9l\u00e9chargement ni aucune carte de cr\u00e9dit n'est n\u00e9cessaire.<\/li>\n<li>Rencontrez de nouvelles personnes : Gr\u00e2ce \u00e0 des options telles que le chat vid\u00e9o al\u00e9atoire gratuit, vous pouvez entrer en contact avec des inconnus du monde entier d'un simple clic.<\/li>\n<li>Confidentialit\u00e9 et contr\u00f4le : Commencez par un pseudo ou restez anonyme si vous le souhaitez. Vous gardez toujours le contr\u00f4le.<\/li>\n<\/ul>\n<p>Que vous souhaitiez discuter avec des amis ou rencontrer de parfaits inconnus, les plateformes de chat vid\u00e9o gratuit vous permettent de prendre les commandes.<\/p>\n<h2>Comment fonctionne le chat vid\u00e9o gratuit ?<\/h2>\n<p>Il n'y a rien de plus simple que de commencer. Voici le processus habituel :<\/p>\n<ol>\n<li>Ouvrez un site ou une application de chat vid\u00e9o gratuit (pensez \u00e0 Omegle, Chatspin, TinyChat, ou m\u00eame Zoom et Google Meet pour les appels de groupe).<\/li>\n<li>Autorisez l'acc\u00e8s \u00e0 votre appareil photo et \u00e0 votre microphone.<\/li>\n<li>Choisissez votre mode : en t\u00eate-\u00e0-t\u00eate, en groupe ou en vid\u00e9o gratuite et al\u00e9atoire.<\/li>\n<li>Connectez-vous instantan\u00e9ment - aucune inscription ni aucun paiement n'est requis sur la plupart des sites.<\/li>\n<li>Discutez aussi longtemps que vous le souhaitez et passez \u00e0 autre chose quand vous en avez envie.<\/li>\n<\/ol>\n<p>De nombreuses plateformes proposent \u00e9galement des options telles que le chat vid\u00e9o de groupe gratuit ou des salons de discussion th\u00e9matiques, afin que vous puissiez adapter votre exp\u00e9rience \u00e0 votre humeur.<\/p>\n<h2>Meilleures plateformes de chat vid\u00e9o gratuites<\/h2>\n<p>Avec un tel choix, il y en a pour tous les go\u00fbts. Voici quelques-unes des meilleures options, que vous souhaitiez rencontrer de nouvelles personnes, vous retrouver entre amis ou organiser une f\u00eate virtuelle :<\/p>\n<ul>\n<li>Omegle : C\u00e9l\u00e8bre pour son chat vid\u00e9o gratuit et al\u00e9atoire avec des inconnus du monde entier.<\/li>\n<li>Chatroulette : offre des connexions al\u00e9atoires avec une ambiance amusante et rapide.<\/li>\n<li>Chatspin : Permet de filtrer par localisation et par centres d'int\u00e9r\u00eat pour une meilleure ad\u00e9quation.<\/li>\n<li>TinyChat : Parfait pour le chat vid\u00e9o de groupe gratuit avec des salles et des \u00e9v\u00e9nements \u00e0 th\u00e8me.<\/li>\n<li>Camsurf : Id\u00e9al pour des connexions rapides, faciles et anonymes.<\/li>\n<li>Zoom\/Google Meet : Id\u00e9al pour les appels vid\u00e9o de groupe avec des amis, des membres de la famille ou des coll\u00e8gues de travail.<\/li>\n<li>Skype\/WhatsApp : Id\u00e9al pour les chats vid\u00e9o priv\u00e9s, en t\u00eate-\u00e0-t\u00eate, avec des personnes que vous connaissez.<\/li>\n<\/ul>\n<p>Pour ceux qui se sentent aventureux, les plateformes qui se concentrent sur le chat vid\u00e9o gratuit et al\u00e9atoire avec des inconnus offrent un moyen facile de rencontrer de nouveaux visages et peut-\u00eatre m\u00eame de se faire un ami dans un autre pays.<\/p>\n<h2>Chat vid\u00e9o gratuit vs. autres communications en ligne<\/h2>\n<table>\n<thead>\n<tr>\n<th>Fonctionnalit\u00e9<\/th>\n<th>Chat vid\u00e9o gratuit<\/th>\n<th>Applications de messagerie<\/th>\n<th>Appels t\u00e9l\u00e9phoniques<\/th>\n<th>Chat vid\u00e9o payant<\/th>\n<\/tr>\n<\/thead>\n<tbody>\n<tr>\n<td>Face \u00e0 face en temps r\u00e9el<\/td>\n<td>\u2705<\/td>\n<td>\u274c<\/td>\n<td>\u274c<\/td>\n<td>\u2705<\/td>\n<\/tr>\n<tr>\n<td>Aucun co\u00fbt<\/td>\n<td>\u2705<\/td>\n<td>\u2705<\/td>\n<td>\u274c<\/td>\n<td>\u274c<\/td>\n<\/tr>\n<tr>\n<td>Correspondance al\u00e9atoire<\/td>\n<td>\u2705 (sur certaines plateformes)<\/td>\n<td>\u274c<\/td>\n<td>\u274c<\/td>\n<td>\u2705<\/td>\n<\/tr>\n<tr>\n<td>Soutient les groupes et les rencontres individuelles<\/td>\n<td>\u2705<\/td>\n<td>\u2705<\/td>\n<td>\u2705<\/td>\n<td>\u2705<\/td>\n<\/tr>\n<tr>\n<td>Anonymat disponible<\/td>\n<td>\u2705<\/td>\n<td>\u2705<\/td>\n<td>\u274c<\/td>\n<td>\u2705<\/td>\n<\/tr>\n<\/tbody>\n<\/table>\n<p>Le chat vid\u00e9o gratuit combine le meilleur de tous les mondes : instantan\u00e9, personnel, flexible et totalement abordable.<\/p>\n<h2>Comment rester en s\u00e9curit\u00e9<\/h2>\n<p>La plupart des plateformes s'efforcent de garantir la s\u00e9curit\u00e9, mais quelques habitudes intelligentes permettent d'am\u00e9liorer encore votre exp\u00e9rience :<\/p>\n<ul>\n<li>Utilisez un surnom et \u00e9vitez de communiquer votre nom de famille ou d'autres informations personnelles.<\/li>\n<li>Ne cliquez pas sur des liens \u00e9tranges et ne partagez pas d'images priv\u00e9es, en particulier sur les sites de chat vid\u00e9o gratuits et al\u00e9atoires.<\/li>\n<li>Si une conversation ne vous semble pas appropri\u00e9e, passez \u00e0 autre chose. Aucune explication n'est n\u00e9cessaire.<\/li>\n<li>Utilisez les fonctions de blocage et de signalement en cas de comportement inappropri\u00e9.<\/li>\n<li>V\u00e9rifiez les directives de la plateforme, en particulier les restrictions d'\u00e2ge et les param\u00e8tres de confidentialit\u00e9.<\/li>\n<\/ul>\n<p>Un peu de prudence est synonyme de beaucoup plus de plaisir et de tranquillit\u00e9 d'esprit, surtout lorsque vous discutez avec des inconnus.<\/p>\n<h2>Pourquoi les gens adorent le chat vid\u00e9o al\u00e9atoire gratuit<\/h2>\n<p>Il y a quelque chose de sp\u00e9cial dans le fait de parler \u00e0 quelqu'un que vous n'auriez jamais rencontr\u00e9 autrement. Les plateformes gratuites de chat vid\u00e9o al\u00e9atoire facilitent la :<\/p>\n<ul>\n<li>Sortez de votre routine et parlez \u00e0 des gens du monde entier.<\/li>\n<li>Pratiquez une nouvelle langue, partagez des histoires ou riez simplement avec un \u00e9tranger.<\/li>\n<li>Combattre la solitude ou l'ennui, en particulier lors des soir\u00e9es tranquilles.<\/li>\n<li>D\u00e9couvrez de nouvelles cultures, opinions et id\u00e9es en temps r\u00e9el.<\/li>\n<\/ul>\n<p>\"J'ai commenc\u00e9 \u00e0 utiliser le chat vid\u00e9o gratuit et al\u00e9atoire juste pour passer le temps, mais j'ai fini par me faire des amis sur trois continents. Honn\u00eatement, c'est une v\u00e9ritable d\u00e9pendance.\"<\/p>\n<p>\"Parfois, on a des discussions rapides et stupides. Parfois, vous rencontrez quelqu'un qui change vraiment votre journ\u00e9e\".<\/p>\n<h2>Conseils pour tirer le meilleur parti de votre exp\u00e9rience<\/h2>\n<ul>\n<li>V\u00e9rifiez votre appareil photo et votre micro avant de commencer, afin de ne manquer aucun moment.<\/li>\n<li>Trouvez un endroit calme et bien \u00e9clair\u00e9 pour mieux t\u00e9l\u00e9phoner.<\/li>\n<li>Souriez, d\u00e9tendez-vous et n'ayez pas peur de mettre fin \u00e0 une discussion qui ne vous convient pas.<\/li>\n<li>Essayez les salons de chat vid\u00e9o en groupe si vous voulez faire la f\u00eate, ou restez en t\u00eate-\u00e0-t\u00eate pour des discussions plus approfondies.<\/li>\n<li>M\u00e9langez : utilisez les appels al\u00e9atoires et les appels priv\u00e9s en fonction de votre humeur.<\/li>\n<\/ul>\n<p>Changer de plateforme, de moment de la journ\u00e9e ou m\u00eame de pays (en utilisant des VPN) peut donner lieu \u00e0 de nouvelles conversations.<\/p>\n<h2>Qui utilise le chat vid\u00e9o gratuit ?<\/h2>\n<p>Tout le monde ! Le chat vid\u00e9o gratuit est parfait pour :<\/p>\n<ul>\n<li>Les \u00e9tudiants qui \u00e9tudient ou socialisent \u00e0 distance<\/li>\n<li>Nomades num\u00e9riques et travailleurs \u00e0 distance<\/li>\n<li>Personnes cherchant \u00e0 se faire des amis ou \u00e0 trouver l'amour en ligne<\/li>\n<li>Les apprenants de langues veulent de vraies conversations<\/li>\n<li>Toute personne s'ennuyant \u00e0 la maison et ayant besoin de compagnie<\/li>\n<\/ul>\n<p>Qu'il s'agisse de discussions d\u00e9contract\u00e9es ou de relations s\u00e9rieuses, il y en a pour tous les \u00e2ges et tous les milieux (veillez simplement \u00e0 respecter les r\u00e8gles et les salles adapt\u00e9es \u00e0 l'\u00e2ge des participants).<\/p>\n<h2>Quand utiliser le chat vid\u00e9o gratuit<\/h2>\n<ul>\n<li>Rattraper les amis et la famille, proches ou lointains<\/li>\n<li>Organiser des rencontres virtuelles, des soir\u00e9es de jeux ou des groupes d'\u00e9tude<\/li>\n<li>Rencontrer de nouvelles personnes sur des plateformes de chat al\u00e9atoires<\/li>\n<li>Avoir des rendez-vous virtuels avant de se rencontrer en personne<\/li>\n<li>Collaborer avec des coll\u00e8gues ou des partenaires d'\u00e9tude<\/li>\n<li>S'entra\u00eener aux entretiens, aux pr\u00e9sentations ou aux langues en direct<\/li>\n<\/ul>\n<p>Si vous avez une webcam et un peu de curiosit\u00e9, vous \u00eates pr\u00eat !<\/p>\n<p>Le chat vid\u00e9o gratuit est votre porte ouverte sur le monde. Avec des options pour les appels de groupe, les inconnus, les conversations priv\u00e9es et tous les types de communaut\u00e9s interm\u00e9diaires, il n'a jamais \u00e9t\u00e9 aussi facile et abordable de se connecter. Que vous souhaitiez vous faire des amis, apprendre, rire ou simplement rompre la routine, il vous suffit d'un clic et d'un sourire.<\/p>\n<p>Pr\u00eat \u00e0 essayer ? Ouvrez une plateforme de chat vid\u00e9o gratuite d\u00e8s aujourd'hui et voyez qui attend de vous rencontrer. Votre prochaine grande conversation existe, pourquoi ne pas commencer d\u00e8s maintenant ?<\/p>","protected":false},"excerpt":{"rendered":"<p>Let\u2019s face it\u2014free video chat has changed the way we socialize, work, and even date online. Whether you\u2019re catching up with old friends, meeting someone new, or joining a lively group call, the ability to see and hear people in real time (for free!) makes every conversation feel a little more personal. The best part? [&hellip;]<\/p>\n","protected":false},"author":8,"featured_media":0,"parent":0,"menu_order":0,"comment_status":"closed","ping_status":"closed","template":"","meta":{"footnotes":""},"class_list":["post-13268","page","type-page","status-publish","hentry"],"yoast_head":"<!-- This site is optimized with the Yoast SEO plugin v27.5 - https:\/\/yoast.com\/product\/yoast-seo-wordpress\/ -->\n<title>Free Video Chat with Video Chat on TinyChat.com<\/title>\n<meta name=\"description\" content=\"Enjoying Free Video Chat? Join over 50,000,000 strangers on TinyChat! Turn on your cam and start meeting new people, or find a match.\" \/>\n<meta name=\"robots\" content=\"index, follow, max-snippet:-1, max-image-preview:large, max-video-preview:-1\" \/>\n<link rel=\"canonical\" href=\"https:\/\/tinychat.com\/fr\/free-video-chat\/\" \/>\n<meta property=\"og:locale\" content=\"fr_FR\" \/>\n<meta property=\"og:type\" content=\"article\" \/>\n<meta property=\"og:title\" content=\"Free Video Chat with Video Chat on TinyChat.com\" \/>\n<meta property=\"og:description\" content=\"Enjoying Free Video Chat? Join over 50,000,000 strangers on TinyChat! Turn on your cam and start meeting new people, or find a match.\" \/>\n<meta property=\"og:url\" content=\"https:\/\/tinychat.com\/fr\/free-video-chat\/\" \/>\n<meta property=\"og:site_name\" content=\"TinyChat\" \/>\n<meta property=\"article:publisher\" content=\"https:\/\/www.facebook.com\/tinychat\" \/>\n<meta property=\"og:image\" content=\"https:\/\/tinychat.com\/wp-content\/uploads\/2020\/04\/Tinychat-logo-1280x284-new-black.png\" \/>\n\t<meta property=\"og:image:width\" content=\"1280\" \/>\n\t<meta property=\"og:image:height\" content=\"284\" \/>\n\t<meta property=\"og:image:type\" content=\"image\/png\" \/>\n<meta name=\"twitter:card\" content=\"summary_large_image\" \/>\n<meta name=\"twitter:site\" content=\"@tinychat\" \/>\n<meta name=\"twitter:label1\" content=\"Dur\u00e9e de lecture estim\u00e9e\" \/>\n\t<meta name=\"twitter:data1\" content=\"5 minutes\" \/>\n<script type=\"application\/ld+json\" class=\"yoast-schema-graph\">{\"@context\":\"https:\\\/\\\/schema.org\",\"@graph\":[{\"@type\":\"WebPage\",\"@id\":\"https:\\\/\\\/tinychat.com\\\/free-video-chat\\\/\",\"url\":\"https:\\\/\\\/tinychat.com\\\/free-video-chat\\\/\",\"name\":\"Free Video Chat with Video Chat on TinyChat.com\",\"isPartOf\":{\"@id\":\"https:\\\/\\\/tinychat.com\\\/#website\"},\"datePublished\":\"2025-06-17T12:13:46+00:00\",\"description\":\"Enjoying Free Video Chat? Join over 50,000,000 strangers on TinyChat! Turn on your cam and start meeting new people, or find a match.\",\"breadcrumb\":{\"@id\":\"https:\\\/\\\/tinychat.com\\\/free-video-chat\\\/#breadcrumb\"},\"inLanguage\":\"fr-FR\",\"potentialAction\":[{\"@type\":\"ReadAction\",\"target\":[\"https:\\\/\\\/tinychat.com\\\/free-video-chat\\\/\"]}]},{\"@type\":\"BreadcrumbList\",\"@id\":\"https:\\\/\\\/tinychat.com\\\/free-video-chat\\\/#breadcrumb\",\"itemListElement\":[{\"@type\":\"ListItem\",\"position\":1,\"name\":\"Home\",\"item\":\"https:\\\/\\\/tinychat.com\\\/\"},{\"@type\":\"ListItem\",\"position\":2,\"name\":\"Free Video Chat\"}]},{\"@type\":\"WebSite\",\"@id\":\"https:\\\/\\\/tinychat.com\\\/#website\",\"url\":\"https:\\\/\\\/tinychat.com\\\/\",\"name\":\"TinyChat\",\"description\":\"Random Video Chat with Strangers\",\"publisher\":{\"@id\":\"https:\\\/\\\/tinychat.com\\\/#organization\"},\"alternateName\":\"TinyChat.com\",\"potentialAction\":[{\"@type\":\"SearchAction\",\"target\":{\"@type\":\"EntryPoint\",\"urlTemplate\":\"https:\\\/\\\/tinychat.com\\\/?s={search_term_string}\"},\"query-input\":{\"@type\":\"PropertyValueSpecification\",\"valueRequired\":true,\"valueName\":\"search_term_string\"}}],\"inLanguage\":\"fr-FR\"},{\"@type\":\"Organization\",\"@id\":\"https:\\\/\\\/tinychat.com\\\/#organization\",\"name\":\"TinyChat\",\"alternateName\":\"TinyChat.com\",\"url\":\"https:\\\/\\\/tinychat.com\\\/\",\"logo\":{\"@type\":\"ImageObject\",\"inLanguage\":\"fr-FR\",\"@id\":\"https:\\\/\\\/tinychat.com\\\/#\\\/schema\\\/logo\\\/image\\\/\",\"url\":\"https:\\\/\\\/tinychat.com\\\/wp-content\\\/uploads\\\/2023\\\/11\\\/Tinychat-icon-square.png\",\"contentUrl\":\"https:\\\/\\\/tinychat.com\\\/wp-content\\\/uploads\\\/2023\\\/11\\\/Tinychat-icon-square.png\",\"width\":284,\"height\":284,\"caption\":\"TinyChat\"},\"image\":{\"@id\":\"https:\\\/\\\/tinychat.com\\\/#\\\/schema\\\/logo\\\/image\\\/\"},\"sameAs\":[\"https:\\\/\\\/www.facebook.com\\\/tinychat\",\"https:\\\/\\\/x.com\\\/tinychat\"]}]}<\/script>\n<!-- \/ Yoast SEO plugin. -->","yoast_head_json":{"title":"Chat vid\u00e9o gratuit avec Video Chat sur TinyChat.com","description":"Vous aimez le chat vid\u00e9o gratuit ? Rejoignez plus de 50 000 000 d'inconnus sur TinyChat ! Allumez votre cam\u00e9ra et commencez \u00e0 rencontrer de nouvelles personnes, ou trouvez un partenaire.","robots":{"index":"index","follow":"follow","max-snippet":"max-snippet:-1","max-image-preview":"max-image-preview:large","max-video-preview":"max-video-preview:-1"},"canonical":"https:\/\/tinychat.com\/fr\/free-video-chat\/","og_locale":"fr_FR","og_type":"article","og_title":"Free Video Chat with Video Chat on TinyChat.com","og_description":"Enjoying Free Video Chat? Join over 50,000,000 strangers on TinyChat! Turn on your cam and start meeting new people, or find a match.","og_url":"https:\/\/tinychat.com\/fr\/free-video-chat\/","og_site_name":"TinyChat","article_publisher":"https:\/\/www.facebook.com\/tinychat","og_image":[{"width":1280,"height":284,"url":"https:\/\/tinychat.com\/wp-content\/uploads\/2020\/04\/Tinychat-logo-1280x284-new-black.png","type":"image\/png"}],"twitter_card":"summary_large_image","twitter_site":"@tinychat","twitter_misc":{"Dur\u00e9e de lecture estim\u00e9e":"5 minutes"},"schema":{"@context":"https:\/\/schema.org","@graph":[{"@type":"WebPage","@id":"https:\/\/tinychat.com\/free-video-chat\/","url":"https:\/\/tinychat.com\/free-video-chat\/","name":"Chat vid\u00e9o gratuit avec Video Chat sur TinyChat.com","isPartOf":{"@id":"https:\/\/tinychat.com\/#website"},"datePublished":"2025-06-17T12:13:46+00:00","description":"Vous aimez le chat vid\u00e9o gratuit ? Rejoignez plus de 50 000 000 d'inconnus sur TinyChat ! Allumez votre cam\u00e9ra et commencez \u00e0 rencontrer de nouvelles personnes, ou trouvez un partenaire.","breadcrumb":{"@id":"https:\/\/tinychat.com\/free-video-chat\/#breadcrumb"},"inLanguage":"fr-FR","potentialAction":[{"@type":"ReadAction","target":["https:\/\/tinychat.com\/free-video-chat\/"]}]},{"@type":"BreadcrumbList","@id":"https:\/\/tinychat.com\/free-video-chat\/#breadcrumb","itemListElement":[{"@type":"ListItem","position":1,"name":"Home","item":"https:\/\/tinychat.com\/"},{"@type":"ListItem","position":2,"name":"Free Video Chat"}]},{"@type":"WebSite","@id":"https:\/\/tinychat.com\/#website","url":"https:\/\/tinychat.com\/","name":"TinyChat","description":"Chat vid\u00e9o al\u00e9atoire avec des inconnus","publisher":{"@id":"https:\/\/tinychat.com\/#organization"},"alternateName":"TinyChat.com","potentialAction":[{"@type":"SearchAction","target":{"@type":"EntryPoint","urlTemplate":"https:\/\/tinychat.com\/?s={search_term_string}"},"query-input":{"@type":"PropertyValueSpecification","valueRequired":true,"valueName":"search_term_string"}}],"inLanguage":"fr-FR"},{"@type":"Organization","@id":"https:\/\/tinychat.com\/#organization","name":"TinyChat","alternateName":"TinyChat.com","url":"https:\/\/tinychat.com\/","logo":{"@type":"ImageObject","inLanguage":"fr-FR","@id":"https:\/\/tinychat.com\/#\/schema\/logo\/image\/","url":"https:\/\/tinychat.com\/wp-content\/uploads\/2023\/11\/Tinychat-icon-square.png","contentUrl":"https:\/\/tinychat.com\/wp-content\/uploads\/2023\/11\/Tinychat-icon-square.png","width":284,"height":284,"caption":"TinyChat"},"image":{"@id":"https:\/\/tinychat.com\/#\/schema\/logo\/image\/"},"sameAs":["https:\/\/www.facebook.com\/tinychat","https:\/\/x.com\/tinychat"]}]}},"_links":{"self":[{"href":"https:\/\/tinychat.com\/fr\/wp-json\/wp\/v2\/pages\/13268","targetHints":{"allow":["GET"]}}],"collection":[{"href":"https:\/\/tinychat.com\/fr\/wp-json\/wp\/v2\/pages"}],"about":[{"href":"https:\/\/tinychat.com\/fr\/wp-json\/wp\/v2\/types\/page"}],"author":[{"embeddable":true,"href":"https:\/\/tinychat.com\/fr\/wp-json\/wp\/v2\/users\/8"}],"replies":[{"embeddable":true,"href":"https:\/\/tinychat.com\/fr\/wp-json\/wp\/v2\/comments?post=13268"}],"version-history":[{"count":3,"href":"https:\/\/tinychat.com\/fr\/wp-json\/wp\/v2\/pages\/13268\/revisions"}],"predecessor-version":[{"id":13271,"href":"https:\/\/tinychat.com\/fr\/wp-json\/wp\/v2\/pages\/13268\/revisions\/13271"}],"wp:attachment":[{"href":"https:\/\/tinychat.com\/fr\/wp-json\/wp\/v2\/media?parent=13268"}],"curies":[{"name":"wp","href":"https:\/\/api.w.org\/{rel}","templated":true}]}}