{"id":13273,"date":"2025-06-17T14:20:28","date_gmt":"2025-06-17T12:20:28","guid":{"rendered":"https:\/\/tinychat.com\/?page_id=13273"},"modified":"2025-06-17T14:20:28","modified_gmt":"2025-06-17T12:20:28","slug":"video-chat-with-women","status":"publish","type":"page","link":"https:\/\/tinychat.com\/fr\/video-chat-with-women\/","title":{"rendered":"Chat vid\u00e9o avec des femmes"},"content":{"rendered":"<p>Depuis quelques ann\u00e9es, de plus en plus de personnes cherchent des moyens de dialoguer par vid\u00e9o avec des femmes en ligne. Il n'est pas difficile de comprendre pourquoi : le chat vid\u00e9o est personnel, se d\u00e9roule en temps r\u00e9el et semble beaucoup plus authentique que les textos interminables ou la consultation de profils. Que vous souhaitiez vous faire un nouvel ami, flirter ou simplement avoir une vraie conversation avec une personne du monde entier, le chat vid\u00e9o avec des femmes offre un moyen frais et spontan\u00e9 de se connecter.<\/p>\n<p>Les plateformes d'aujourd'hui facilitent les choses : pas d'installation d\u00e9licate, pas de d\u00e9lai d'attente pour les r\u00e9ponses. Il suffit de cliquer, de se connecter et de voir o\u00f9 va la conversation. Dans ce guide, vous d\u00e9couvrirez comment commencer, quelles plateformes essayer et comment tirer le meilleur parti de votre exp\u00e9rience, que vous soyez un d\u00e9butant ou un bavard chevronn\u00e9.<\/p>\n<h2>Qu'est-ce qui rend le chat vid\u00e9o avec les femmes si attrayant ?<\/h2>\n<p>Soyons honn\u00eates : parler en face \u00e0 face, c'est diff\u00e9rent. Le chat vid\u00e9o vous permet de voir des sourires, d'entendre des rires et de saisir toutes les petites choses qui ne sont pas exprim\u00e9es dans les messages texte. C'est pourquoi de nombreuses personnes pr\u00e9f\u00e8rent le chat vid\u00e9o avec les femmes aux applications de rencontres traditionnelles ou aux r\u00e9seaux sociaux.<\/p>\n<p>Voici ce qui attire les gens :<\/p>\n<ul>\n<li>Une v\u00e9ritable interaction : Il ne s'agit pas seulement d'un texte sur un \u00e9cran : vous pouvez voir et entendre l'autre personne en temps r\u00e9el.<\/li>\n<li>Une alchimie instantan\u00e9e : Vous saurez en quelques secondes si l'ambiance est bonne, ce qui fera gagner du temps \u00e0 tout le monde.<\/li>\n<li>Pas d'attente : Si vous utilisez un site de chat vid\u00e9o al\u00e9atoire, vous pouvez rencontrer quelqu'un de nouveau en quelques secondes, pas en quelques jours.<\/li>\n<li>Des connexions plus respectueuses : La plupart des plateformes encouragent les bonnes mani\u00e8res lorsque vous \u00eates face \u00e0 face.<\/li>\n<li>Amusement et vari\u00e9t\u00e9 : Chaque conversation est une surprise. Une conversation peut \u00eatre l\u00e9g\u00e8re et amusante, la suivante profonde et significative.<\/li>\n<\/ul>\n<h2>Comment d\u00e9marrer un chat vid\u00e9o avec des femmes en ligne<\/h2>\n<p>Il n'a jamais \u00e9t\u00e9 aussi facile de se lancer. Voici le parcours type :<\/p>\n<ol>\n<li>Choisissez une plateforme : il existe des sites sp\u00e9cialement con\u00e7us pour le chat vid\u00e9o al\u00e9atoire avec des femmes, ou des applications de chat plus larges avec des filtres de genre.<\/li>\n<li>Installez votre cam\u00e9ra et votre microphone. Une bonne connexion Internet est \u00e9galement utile.<\/li>\n<li>Utilisez un surnom ou votre vrai pr\u00e9nom - la plupart des plateformes n'exigent pas de profils complets.<\/li>\n<li>Cliquez pour commencer \u00e0 chatter, et vous serez mis en relation avec des femmes int\u00e9ress\u00e9es par de nouvelles rencontres.<\/li>\n<li>Si cela ne convient pas, vous pouvez toujours passer \u00e0 la discussion suivante, sans g\u00eane ni pression.<\/li>\n<\/ol>\n<p>De nombreuses plateformes offrent \u00e9galement la possibilit\u00e9 de commencer par du texte ou de l'audio, ce qui vous permet de vous familiariser avec la plateforme si vous \u00eates timide ou si vous souhaitez d'abord vous familiariser avec elle.<\/p>\n<h2>Meilleures plateformes pour le chat vid\u00e9o avec des femmes<\/h2>\n<p>Le choix de la bonne plateforme d\u00e9pend de votre style : voulez-vous quelque chose de d\u00e9contract\u00e9, de coquet ou d'ax\u00e9 sur l'amiti\u00e9 ? Voici quelques unes des meilleures options :<\/p>\n<ul>\n<li>CooMeet : Connu pour mettre en relation des hommes avec des utilisatrices v\u00e9rifi\u00e9es, ce qui facilite la t\u00e2che de ceux qui cherchent \u00e0 avoir des conversations authentiques avec des femmes.<\/li>\n<li>Chatspin : Comprend des filtres de genre et une interface simple pour les chats al\u00e9atoires et priv\u00e9s.<\/li>\n<li>Chatrandom (Chat de filles) : Vous permet de vous connecter directement avec des femmes qui cherchent \u00e0 discuter en filtrant les autres utilisateurs.<\/li>\n<li>OmeTV et Chatroulette : ces deux sites offrent une port\u00e9e mondiale et des paires al\u00e9atoires, avec une grande communaut\u00e9 de femmes en ligne.<\/li>\n<li>LuckyCrush : Associe de mani\u00e8re al\u00e9atoire des hommes et des femmes pour des sessions de chat vid\u00e9o en t\u00eate-\u00e0-t\u00eate.<\/li>\n<li>TinyChat : Id\u00e9al pour les chats de groupe ou les salles vid\u00e9o \u00e0 th\u00e8me, mais des connexions priv\u00e9es avec des femmes sont \u00e9galement possibles.<\/li>\n<\/ul>\n<p>Essayez-en plusieurs pour voir quelle est l'ambiance qui vous convient - chacune a sa propre communaut\u00e9 et son propre style.<\/p>\n<h2>A quoi s'attendre : Chat vid\u00e9o al\u00e9atoire avec des femmes<\/h2>\n<p>Le chat vid\u00e9o al\u00e9atoire est un peu comme un speed dating en ligne, mais sans la pression. Vous vous inscrivez sur une plateforme, vous cliquez pour commencer et vous \u00eates instantan\u00e9ment mis en relation avec quelqu'un de nouveau. Si vous vous entendez bien, vous continuez \u00e0 parler. Sinon, vous passez \u00e0 autre chose, sans rancune.<\/p>\n<p>Voici ce qui rend le chat vid\u00e9o al\u00e9atoire avec des femmes unique :<\/p>\n<ul>\n<li>Une vari\u00e9t\u00e9 totale : Rencontrez des femmes de tous horizons et du monde entier.<\/li>\n<li>Des r\u00e9actions authentiques : Voyez des expressions r\u00e9elles et entendez des rires honn\u00eates (ou des g\u00e9missements \u00e0 vos blagues).<\/li>\n<li>Contr\u00f4le total : Restez dans une discussion aussi longtemps que vous le souhaitez ou passez \u00e0 une autre personne \u00e0 tout moment.<\/li>\n<li>Aucun engagement : Pas de num\u00e9ros, pas de rencontres, sauf si vous le souhaitez tous les deux.<\/li>\n<\/ul>\n<h2>Conseils pour une bonne discussion vid\u00e9o avec des femmes<\/h2>\n<p>Que vous soyez l\u00e0 pour vous amuser ou que vous esp\u00e9riez \u00e9tablir une v\u00e9ritable connexion, ces conseils vous aideront \u00e0 avoir de meilleures conversations :<\/p>\n<ul>\n<li>Soyez respectueux : Traitez chaque femme que vous rencontrez comme vous aimeriez \u00eatre trait\u00e9. Les bonnes mani\u00e8res simples font beaucoup.<\/li>\n<li>Commencez par une salutation sinc\u00e8re : \"Hey, how's it going ?\" vaut mieux qu'une phrase de drague g\u00e9n\u00e9rique.<\/li>\n<li>Souriez et \u00e9tablissez un contact visuel : M\u00eame \u00e0 travers un \u00e9cran, cela permet d'instaurer un climat de confiance et de r\u00e9confort.<\/li>\n<li>Trouvez des points communs : Posez des questions sur vos centres d'int\u00e9r\u00eat, vos passe-temps ou votre musique pr\u00e9f\u00e9r\u00e9e. Les gens aiment parler de ce qu'ils aiment.<\/li>\n<li>Ne vous pr\u00e9cipitez pas : Laissez la conversation se d\u00e9rouler. S'il y a des atomes crochus, vous le sentirez tous les deux.<\/li>\n<li>Respectez les limites : Si elle n'est pas int\u00e9ress\u00e9e ou demande \u00e0 passer \u00e0 autre chose, ne le prenez pas personnellement.<\/li>\n<\/ul>\n<p>N'oubliez pas que chaque chat est une nouvelle chance et que chaque connexion n'est pas forc\u00e9ment \"la bonne\". Cela fait partie du plaisir.<\/p>\n<h2>Rester en s\u00e9curit\u00e9 lors de l'utilisation de plateformes de chat vid\u00e9o gratuites<\/h2>\n<p>La plupart des plateformes sont s\u00fbres, mais quelques pr\u00e9cautions vous permettront de vivre une exp\u00e9rience positive :<\/p>\n<ul>\n<li>Ne communiquez pas de d\u00e9tails personnels (nom complet, adresse, num\u00e9ro de t\u00e9l\u00e9phone) tant que vous n'\u00eates pas \u00e0 l'aise.<\/li>\n<li>Utilisez un surnom si vous n'\u00eates pas pr\u00eat \u00e0 r\u00e9v\u00e9ler votre vrai nom.<\/li>\n<li>N'envoyez jamais d'argent ou d'informations sensibles \u00e0 une personne que vous venez de rencontrer.<\/li>\n<li>Si une personne est inappropri\u00e9e, utilisez les fonctions de blocage et de signalement. Toutes les bonnes plateformes en sont dot\u00e9es.<\/li>\n<li>Pour plus d'intimit\u00e9, utilisez un arri\u00e8re-plan neutre et \u00e9vitez de montrer des informations identifiables \u00e0 la cam\u00e9ra.<\/li>\n<\/ul>\n<p>La s\u00e9curit\u00e9 avant tout, surtout si vous utilisez un site de chat vid\u00e9o gratuit avec des femmes ouvert \u00e0 tous.<\/p>\n<h2>Chat vid\u00e9o gratuit ou payant : Quelle est la diff\u00e9rence ?<\/h2>\n<p>La plupart des plateformes proposent le chat vid\u00e9o gratuit avec des femmes comme fonctionnalit\u00e9 principale. Certaines proposent des options payantes pour des fonctions suppl\u00e9mentaires, comme les filtres de sexe, les cadeaux virtuels ou la correspondance des priorit\u00e9s. En voici un aper\u00e7u :<\/p>\n<table>\n<thead>\n<tr>\n<th>Fonctionnalit\u00e9<\/th>\n<th>Chat vid\u00e9o gratuit avec des femmes<\/th>\n<th>Chat vid\u00e9o payant<\/th>\n<\/tr>\n<\/thead>\n<tbody>\n<tr>\n<td>Aucun co\u00fbt<\/td>\n<td>\u2705<\/td>\n<td>\u274c<\/td>\n<\/tr>\n<tr>\n<td>Correspondance al\u00e9atoire<\/td>\n<td>\u2705<\/td>\n<td>\u2705<\/td>\n<\/tr>\n<tr>\n<td>Filtres de genre<\/td>\n<td>\u2705 (sur certains)<\/td>\n<td>\u2705<\/td>\n<\/tr>\n<tr>\n<td>Salons de discussion en groupe<\/td>\n<td>\u2705 (sur certains)<\/td>\n<td>\u2705<\/td>\n<\/tr>\n<tr>\n<td>Discussions prioritaires ou priv\u00e9es<\/td>\n<td>\u274c<\/td>\n<td>\u2705<\/td>\n<\/tr>\n<tr>\n<td>Acc\u00e8s aux fonctionnalit\u00e9s premium<\/td>\n<td>\u274c<\/td>\n<td>\u2705<\/td>\n<\/tr>\n<\/tbody>\n<\/table>\n<p>Pour la plupart des utilisateurs, les plateformes gratuites suffisent amplement pour avoir de bonnes conversations. Les versions payantes ne valent la peine que si vous voulez garantir une certaine exp\u00e9rience ou \u00e9viter les files d'attente.<\/p>\n<h2>Pourquoi le chat vid\u00e9o avec les femmes est mieux que le swiping ou la messagerie<\/h2>\n<p>Les chats textuels et les applications de rencontre ont leur place, mais rien ne vaut une conversation en temps r\u00e9el avec quelqu'un de nouveau. Voici pourquoi tant de gens pr\u00e9f\u00e8rent le chat vid\u00e9o en ligne avec des filles \u00e0 la messagerie sans fin :<\/p>\n<ul>\n<li>Vous apprenez \u00e0 conna\u00eetre la personnalit\u00e9 de quelqu'un beaucoup plus rapidement.<\/li>\n<li>Pas de risque de \"catfishing\" - vous voyez imm\u00e9diatement la vraie personne.<\/li>\n<li>Les silences g\u00eanants ne sont pas si g\u00eanants quand on peut en rire ensemble.<\/li>\n<li>Il est plus facile de sentir l'alchimie (ou l'absence d'alchimie !).<\/li>\n<li>Si vous n'\u00eates pas int\u00e9ress\u00e9, il est simple et poli de passer \u00e0 autre chose.<\/li>\n<\/ul>\n<h2>Qui utilise le chat vid\u00e9o pour entrer en contact avec des femmes ?<\/h2>\n<p>Ce n'est pas seulement pour les c\u00e9libataires ! Des personnes de tous \u00e2ges et de tous horizons utilisent le chat vid\u00e9o pour diff\u00e9rentes raisons :<\/p>\n<ul>\n<li>Singles looking for dating or flirting<\/li>\n<li>Expats et voyageurs \u00e0 la recherche de nouveaux amis \u00e0 l'\u00e9tranger<\/li>\n<li>Les apprenants en langues s'exercent avec des locuteurs natifs<\/li>\n<li>Les personnes qui s'ennuient \u00e0 la maison et qui ont besoin d'une nouvelle perspective<\/li>\n<li>Toute personne souhaitant explorer et s'amuser en toute s\u00e9curit\u00e9 et dans le respect de la personne.<\/li>\n<\/ul>\n<p>Le chat vid\u00e9o avec des femmes n'est pas seulement une question de romance, c'est aussi un moyen d'apprendre, de partager, de rire et de se connecter.<\/p>\n<h2>De quoi pouvez-vous parler ?<\/h2>\n<p>C'est l\u00e0 toute la beaut\u00e9 de la chose : presque tout ! Commencez par les bases ou plongez directement dans vos sujets pr\u00e9f\u00e9r\u00e9s. Voici quelques id\u00e9es :<\/p>\n<ul>\n<li>Musique, films ou \u00e9missions de t\u00e9l\u00e9vision pr\u00e9f\u00e9r\u00e9s<\/li>\n<li>R\u00eaves ou r\u00e9cits de voyage<\/li>\n<li>Passe-temps, sports ou talents cach\u00e9s<\/li>\n<li>Le meilleur repas que vous ayez jamais mang\u00e9<\/li>\n<li>Cultures, traditions ou \"comment c'est dans votre pays ?\".<\/li>\n<li>Jeux idiots ou d\u00e9fis virtuels<\/li>\n<\/ul>\n<p>N'oubliez pas que tout le monde est l\u00e0 pour \u00e9tablir des liens et profiter d'une bonne discussion.<\/p>\n<h2>Chat vid\u00e9o avec des femmes vs. autres options en ligne<\/h2>\n<table>\n<thead>\n<tr>\n<th>Fonctionnalit\u00e9<\/th>\n<th>Chat vid\u00e9o avec des femmes<\/th>\n<th>Applications de rencontre<\/th>\n<th>DM sur les m\u00e9dias sociaux<\/th>\n<th>Salons de discussion en groupe<\/th>\n<\/tr>\n<\/thead>\n<tbody>\n<tr>\n<td>Face \u00e0 face en temps r\u00e9el<\/td>\n<td>\u2705<\/td>\n<td>\u274c<\/td>\n<td>\u274c<\/td>\n<td>\u2705<\/td>\n<\/tr>\n<tr>\n<td>Correspondance al\u00e9atoire disponible<\/td>\n<td>\u2705<\/td>\n<td>\u274c<\/td>\n<td>\u274c<\/td>\n<td>\u2705<\/td>\n<\/tr>\n<tr>\n<td>Aucun profil n'est n\u00e9cessaire<\/td>\n<td>\u2705<\/td>\n<td>\u274c<\/td>\n<td>\u274c<\/td>\n<td>\u274c<\/td>\n<\/tr>\n<tr>\n<td>Utilisation gratuite<\/td>\n<td>\u2705<\/td>\n<td>\u2705\/\u274c<\/td>\n<td>\u2705<\/td>\n<td>\u2705<\/td>\n<\/tr>\n<tr>\n<td>Option pour passer\/suivre<\/td>\n<td>\u2705<\/td>\n<td>\u274c<\/td>\n<td>\u274c<\/td>\n<td>\u2705<\/td>\n<\/tr>\n<\/tbody>\n<\/table>\n<h2>Comment tirer le meilleur parti de votre exp\u00e9rience<\/h2>\n<ul>\n<li>Essayez plusieurs plateformes diff\u00e9rentes pour voir quelle communaut\u00e9 vous convient le mieux.<\/li>\n<li>Changez d'approche : parfois, un compliment amical ou un int\u00e9r\u00eat partag\u00e9 permet d'entamer la meilleure conversation.<\/li>\n<li>Utilisez les salles de groupe si vous \u00eates nerveux ; vous vous sentirez plus \u00e0 l'aise avant de vous lancer dans un face-\u00e0-face.<\/li>\n<li>M\u00e9langez les moments de la journ\u00e9e pour rencontrer des femmes de pays et d'horizons diff\u00e9rents.<\/li>\n<li>Ne vous d\u00e9couragez pas si vous avez quelques discussions difficiles. La prochaine pourrait bien \u00eatre votre pr\u00e9f\u00e9r\u00e9e.<\/li>\n<\/ul>\n<p>Si vous \u00eates pr\u00eat pour quelque chose de diff\u00e9rent - quelque chose de plus r\u00e9el, imm\u00e9diat et personnel - le chat vid\u00e9o avec des femmes est la voie \u00e0 suivre. Que vous souhaitiez vous faire des amis, pratiquer une langue, flirter un peu ou simplement voir \u00e0 quoi ressemble la vie \u00e0 l'autre bout du monde, une plateforme (et une conversation) vous attend.<\/p>\n<p>Alors pourquoi ne pas essayer ? Le prochain chat, la prochaine histoire ou m\u00eame la prochaine amiti\u00e9 pourrait \u00eatre \u00e0 port\u00e9e de clic.<\/p>\n<p>Branchez-vous, connectez-vous et entamez votre premi\u00e8re conversation d\u00e8s ce soir.<\/p>","protected":false},"excerpt":{"rendered":"<p>In the last few years, more and more people are searching for ways to video chat with women online. It\u2019s not hard to see why: video chat is personal, real-time, and feels so much more authentic than endless texting or swiping through profiles. Whether you\u2019re hoping to make a new friend, flirt, or just have [&hellip;]<\/p>\n","protected":false},"author":8,"featured_media":0,"parent":0,"menu_order":0,"comment_status":"closed","ping_status":"closed","template":"","meta":{"footnotes":""},"class_list":["post-13273","page","type-page","status-publish","hentry"],"yoast_head":"<!-- This site is optimized with the Yoast SEO plugin v27.5 - https:\/\/yoast.com\/product\/yoast-seo-wordpress\/ -->\n<title>Video Chat with Women with Video Chat on TinyChat.com<\/title>\n<meta name=\"description\" content=\"Enjoying Video Chat with Women? Join over 50,000,000 strangers on TinyChat! Turn on your cam and start meeting new people, or find a match.\" \/>\n<meta name=\"robots\" content=\"index, follow, max-snippet:-1, max-image-preview:large, max-video-preview:-1\" \/>\n<link rel=\"canonical\" href=\"https:\/\/tinychat.com\/fr\/video-chat-with-women\/\" \/>\n<meta property=\"og:locale\" content=\"fr_FR\" \/>\n<meta property=\"og:type\" content=\"article\" \/>\n<meta property=\"og:title\" content=\"Video Chat with Women with Video Chat on TinyChat.com\" \/>\n<meta property=\"og:description\" content=\"Enjoying Video Chat with Women? Join over 50,000,000 strangers on TinyChat! Turn on your cam and start meeting new people, or find a match.\" \/>\n<meta property=\"og:url\" content=\"https:\/\/tinychat.com\/fr\/video-chat-with-women\/\" \/>\n<meta property=\"og:site_name\" content=\"TinyChat\" \/>\n<meta property=\"article:publisher\" content=\"https:\/\/www.facebook.com\/tinychat\" \/>\n<meta property=\"og:image\" content=\"https:\/\/tinychat.com\/wp-content\/uploads\/2020\/04\/Tinychat-logo-1280x284-new-black.png\" \/>\n\t<meta property=\"og:image:width\" content=\"1280\" \/>\n\t<meta property=\"og:image:height\" content=\"284\" \/>\n\t<meta property=\"og:image:type\" content=\"image\/png\" \/>\n<meta name=\"twitter:card\" content=\"summary_large_image\" \/>\n<meta name=\"twitter:site\" content=\"@tinychat\" \/>\n<meta name=\"twitter:label1\" content=\"Dur\u00e9e de lecture estim\u00e9e\" \/>\n\t<meta name=\"twitter:data1\" content=\"7 minutes\" \/>\n<script type=\"application\/ld+json\" class=\"yoast-schema-graph\">{\"@context\":\"https:\\\/\\\/schema.org\",\"@graph\":[{\"@type\":\"WebPage\",\"@id\":\"https:\\\/\\\/tinychat.com\\\/video-chat-with-women\\\/\",\"url\":\"https:\\\/\\\/tinychat.com\\\/video-chat-with-women\\\/\",\"name\":\"Video Chat with Women with Video Chat on TinyChat.com\",\"isPartOf\":{\"@id\":\"https:\\\/\\\/tinychat.com\\\/#website\"},\"datePublished\":\"2025-06-17T12:20:28+00:00\",\"description\":\"Enjoying Video Chat with Women? Join over 50,000,000 strangers on TinyChat! Turn on your cam and start meeting new people, or find a match.\",\"breadcrumb\":{\"@id\":\"https:\\\/\\\/tinychat.com\\\/video-chat-with-women\\\/#breadcrumb\"},\"inLanguage\":\"fr-FR\",\"potentialAction\":[{\"@type\":\"ReadAction\",\"target\":[\"https:\\\/\\\/tinychat.com\\\/video-chat-with-women\\\/\"]}]},{\"@type\":\"BreadcrumbList\",\"@id\":\"https:\\\/\\\/tinychat.com\\\/video-chat-with-women\\\/#breadcrumb\",\"itemListElement\":[{\"@type\":\"ListItem\",\"position\":1,\"name\":\"Home\",\"item\":\"https:\\\/\\\/tinychat.com\\\/\"},{\"@type\":\"ListItem\",\"position\":2,\"name\":\"Video Chat with Women\"}]},{\"@type\":\"WebSite\",\"@id\":\"https:\\\/\\\/tinychat.com\\\/#website\",\"url\":\"https:\\\/\\\/tinychat.com\\\/\",\"name\":\"TinyChat\",\"description\":\"Random Video Chat with Strangers\",\"publisher\":{\"@id\":\"https:\\\/\\\/tinychat.com\\\/#organization\"},\"alternateName\":\"TinyChat.com\",\"potentialAction\":[{\"@type\":\"SearchAction\",\"target\":{\"@type\":\"EntryPoint\",\"urlTemplate\":\"https:\\\/\\\/tinychat.com\\\/?s={search_term_string}\"},\"query-input\":{\"@type\":\"PropertyValueSpecification\",\"valueRequired\":true,\"valueName\":\"search_term_string\"}}],\"inLanguage\":\"fr-FR\"},{\"@type\":\"Organization\",\"@id\":\"https:\\\/\\\/tinychat.com\\\/#organization\",\"name\":\"TinyChat\",\"alternateName\":\"TinyChat.com\",\"url\":\"https:\\\/\\\/tinychat.com\\\/\",\"logo\":{\"@type\":\"ImageObject\",\"inLanguage\":\"fr-FR\",\"@id\":\"https:\\\/\\\/tinychat.com\\\/#\\\/schema\\\/logo\\\/image\\\/\",\"url\":\"https:\\\/\\\/tinychat.com\\\/wp-content\\\/uploads\\\/2023\\\/11\\\/Tinychat-icon-square.png\",\"contentUrl\":\"https:\\\/\\\/tinychat.com\\\/wp-content\\\/uploads\\\/2023\\\/11\\\/Tinychat-icon-square.png\",\"width\":284,\"height\":284,\"caption\":\"TinyChat\"},\"image\":{\"@id\":\"https:\\\/\\\/tinychat.com\\\/#\\\/schema\\\/logo\\\/image\\\/\"},\"sameAs\":[\"https:\\\/\\\/www.facebook.com\\\/tinychat\",\"https:\\\/\\\/x.com\\\/tinychat\"]}]}<\/script>\n<!-- \/ Yoast SEO plugin. -->","yoast_head_json":{"title":"Chat vid\u00e9o avec des femmes sur TinyChat.com","description":"Vous aimez le chat vid\u00e9o avec des femmes ? Rejoignez plus de 50 000 000 d'inconnus sur TinyChat ! Allumez votre cam\u00e9ra et commencez \u00e0 rencontrer de nouvelles personnes, ou trouvez un partenaire.","robots":{"index":"index","follow":"follow","max-snippet":"max-snippet:-1","max-image-preview":"max-image-preview:large","max-video-preview":"max-video-preview:-1"},"canonical":"https:\/\/tinychat.com\/fr\/video-chat-with-women\/","og_locale":"fr_FR","og_type":"article","og_title":"Video Chat with Women with Video Chat on TinyChat.com","og_description":"Enjoying Video Chat with Women? Join over 50,000,000 strangers on TinyChat! Turn on your cam and start meeting new people, or find a match.","og_url":"https:\/\/tinychat.com\/fr\/video-chat-with-women\/","og_site_name":"TinyChat","article_publisher":"https:\/\/www.facebook.com\/tinychat","og_image":[{"width":1280,"height":284,"url":"https:\/\/tinychat.com\/wp-content\/uploads\/2020\/04\/Tinychat-logo-1280x284-new-black.png","type":"image\/png"}],"twitter_card":"summary_large_image","twitter_site":"@tinychat","twitter_misc":{"Dur\u00e9e de lecture estim\u00e9e":"7 minutes"},"schema":{"@context":"https:\/\/schema.org","@graph":[{"@type":"WebPage","@id":"https:\/\/tinychat.com\/video-chat-with-women\/","url":"https:\/\/tinychat.com\/video-chat-with-women\/","name":"Chat vid\u00e9o avec des femmes sur TinyChat.com","isPartOf":{"@id":"https:\/\/tinychat.com\/#website"},"datePublished":"2025-06-17T12:20:28+00:00","description":"Vous aimez le chat vid\u00e9o avec des femmes ? Rejoignez plus de 50 000 000 d'inconnus sur TinyChat ! Allumez votre cam\u00e9ra et commencez \u00e0 rencontrer de nouvelles personnes, ou trouvez un partenaire.","breadcrumb":{"@id":"https:\/\/tinychat.com\/video-chat-with-women\/#breadcrumb"},"inLanguage":"fr-FR","potentialAction":[{"@type":"ReadAction","target":["https:\/\/tinychat.com\/video-chat-with-women\/"]}]},{"@type":"BreadcrumbList","@id":"https:\/\/tinychat.com\/video-chat-with-women\/#breadcrumb","itemListElement":[{"@type":"ListItem","position":1,"name":"Home","item":"https:\/\/tinychat.com\/"},{"@type":"ListItem","position":2,"name":"Video Chat with Women"}]},{"@type":"WebSite","@id":"https:\/\/tinychat.com\/#website","url":"https:\/\/tinychat.com\/","name":"TinyChat","description":"Chat vid\u00e9o al\u00e9atoire avec des inconnus","publisher":{"@id":"https:\/\/tinychat.com\/#organization"},"alternateName":"TinyChat.com","potentialAction":[{"@type":"SearchAction","target":{"@type":"EntryPoint","urlTemplate":"https:\/\/tinychat.com\/?s={search_term_string}"},"query-input":{"@type":"PropertyValueSpecification","valueRequired":true,"valueName":"search_term_string"}}],"inLanguage":"fr-FR"},{"@type":"Organization","@id":"https:\/\/tinychat.com\/#organization","name":"TinyChat","alternateName":"TinyChat.com","url":"https:\/\/tinychat.com\/","logo":{"@type":"ImageObject","inLanguage":"fr-FR","@id":"https:\/\/tinychat.com\/#\/schema\/logo\/image\/","url":"https:\/\/tinychat.com\/wp-content\/uploads\/2023\/11\/Tinychat-icon-square.png","contentUrl":"https:\/\/tinychat.com\/wp-content\/uploads\/2023\/11\/Tinychat-icon-square.png","width":284,"height":284,"caption":"TinyChat"},"image":{"@id":"https:\/\/tinychat.com\/#\/schema\/logo\/image\/"},"sameAs":["https:\/\/www.facebook.com\/tinychat","https:\/\/x.com\/tinychat"]}]}},"_links":{"self":[{"href":"https:\/\/tinychat.com\/fr\/wp-json\/wp\/v2\/pages\/13273","targetHints":{"allow":["GET"]}}],"collection":[{"href":"https:\/\/tinychat.com\/fr\/wp-json\/wp\/v2\/pages"}],"about":[{"href":"https:\/\/tinychat.com\/fr\/wp-json\/wp\/v2\/types\/page"}],"author":[{"embeddable":true,"href":"https:\/\/tinychat.com\/fr\/wp-json\/wp\/v2\/users\/8"}],"replies":[{"embeddable":true,"href":"https:\/\/tinychat.com\/fr\/wp-json\/wp\/v2\/comments?post=13273"}],"version-history":[{"count":2,"href":"https:\/\/tinychat.com\/fr\/wp-json\/wp\/v2\/pages\/13273\/revisions"}],"predecessor-version":[{"id":13275,"href":"https:\/\/tinychat.com\/fr\/wp-json\/wp\/v2\/pages\/13273\/revisions\/13275"}],"wp:attachment":[{"href":"https:\/\/tinychat.com\/fr\/wp-json\/wp\/v2\/media?parent=13273"}],"curies":[{"name":"wp","href":"https:\/\/api.w.org\/{rel}","templated":true}]}}