{"id":13277,"date":"2025-06-17T14:25:46","date_gmt":"2025-06-17T12:25:46","guid":{"rendered":"https:\/\/tinychat.com\/?page_id=13277"},"modified":"2025-06-17T14:25:46","modified_gmt":"2025-06-17T12:25:46","slug":"video-chat-hot","status":"publish","type":"page","link":"https:\/\/tinychat.com\/fr\/video-chat-hot\/","title":{"rendered":"Video Chat Hot"},"content":{"rendered":"<p>Vous cherchez plus qu'un simple bonjour amical ? Vous voulez ajouter une petite \u00e9tincelle \u00e0 votre soir\u00e9e ou rencontrer quelqu'un d'aussi audacieux et spontan\u00e9 que vous ? C'est l\u00e0 que les sites de chat vid\u00e9o entrent en jeu. Ces plates-formes ne se contentent pas de dire bonjour - elles sont synonymes d'excitation, d'alchimie et de connexion avec des personnes pr\u00eates \u00e0 s'amuser, \u00e0 flirter et parfois m\u00eame \u00e0 en faire un peu plus.<\/p>\n<p>Dans un monde o\u00f9 tout le monde recherche quelque chose d'authentique mais aussi d'un peu excitant, les sites de chat vid\u00e9o offrent le meilleur des deux mondes : des conversations vid\u00e9o en temps r\u00e9el avec de vraies personnes, mais avec la libert\u00e9 de jouer, de flirter et, bien s\u00fbr... d'\u00eatre un peu sauvage.<\/p>\n<h2>Qu'est-ce qu'un site de chat vid\u00e9o \"chaud\" ?<\/h2>\n<p>Une plateforme de chat vid\u00e9o sexy est un site ou une application de chat vid\u00e9o o\u00f9 les utilisateurs recherchent plus qu'une simple discussion informelle. Il peut s'agir de chats de drague, d'appels vid\u00e9o pour adultes ou simplement de conversations avec des personnes qui aiment repousser les limites et garder les choses int\u00e9ressantes. Ces sites proposent g\u00e9n\u00e9ralement :<\/p>\n<ul>\n<li>Chat vid\u00e9o en direct et en t\u00eate-\u00e0-t\u00eate : Pour que vous puissiez voir et \u00eatre vu, instantan\u00e9ment.<\/li>\n<li>Anonymat et vie priv\u00e9e : Utilisez un pseudonyme, restez discret et soyez aussi ouvert que vous le souhaitez.<\/li>\n<li>Options de chat vid\u00e9o au hasard : Vous ne savez jamais qui vous rencontrerez ni quelle sera l'ambiance.<\/li>\n<li>Filtres de genre et d'int\u00e9r\u00eat : Pour trouver des personnes qui correspondent \u00e0 ce que vous recherchez.<\/li>\n<li>Pas de jugement, pas de pression : passez \u00e0 la personne suivante si elle ne vous convient pas, sans rancune.<\/li>\n<\/ul>\n<p>Certains sites sont r\u00e9serv\u00e9s aux adultes, tandis que d'autres sont tr\u00e8s ludiques et ouverts. Quoi qu'il en soit, ils sont con\u00e7us pour les personnes qui veulent plus que des bavardages.<\/p>\n<h2>Comment fonctionne le Hot Video Chat ?<\/h2>\n<p>La mise en route est simple, m\u00eame si vous \u00eates novice :<\/p>\n<ol>\n<li>Choisissez un site de chat vid\u00e9o gratuit ou t\u00e9l\u00e9chargez une application r\u00e9put\u00e9e.<\/li>\n<li>Autoriser l'acc\u00e8s \u00e0 la cam\u00e9ra et au microphone.<\/li>\n<li>D\u00e9finissez vos filtres : choisissez les personnes avec lesquelles vous souhaitez discuter (sexe, centres d'int\u00e9r\u00eat, etc.).<\/li>\n<li>Cliquez pour commencer, et vous serez instantan\u00e9ment mis en relation avec quelqu'un pr\u00eat pour une conversation amusante et chaude.<\/li>\n<li>Si les choses sont g\u00eanantes, trop simples ou si elles ne vous conviennent pas, cliquez sur suivant et continuez \u00e0 explorer. Cliquez sur \"suivant\" et continuez \u00e0 explorer.<\/li>\n<\/ol>\n<p>La plupart des plateformes ne demandent pas beaucoup d'informations personnelles. Utilisez un pseudonyme, soyez l\u00e9ger et d\u00e9cidez vous-m\u00eame de ce que vous voulez r\u00e9v\u00e9ler.<\/p>\n<h2>Plates-formes populaires pour le chat vid\u00e9o<\/h2>\n<p>Vous cherchez le bon endroit pour faire monter la temp\u00e9rature ? Voici quelques-unes des meilleures plates-formes pour des discussions vid\u00e9o \u00e9pic\u00e9es et ludiques :<\/p>\n<ul>\n<li>Flingster : C\u00e9l\u00e8bre pour son chat vid\u00e9o anonyme, r\u00e9serv\u00e9 aux adultes, avec des personnes de tous les sexes et des couples.<\/li>\n<li>Chatrandom (section adulte) : Offre des filtres de genre et de couple et de nombreuses rencontres sauvages et al\u00e9atoires.<\/li>\n<li>CooMeet : connu pour ses chats vid\u00e9o avec des femmes, ses utilisateurs v\u00e9rifi\u00e9s et ses connexions instantan\u00e9es.<\/li>\n<li>LuckyCrush : Associe de mani\u00e8re al\u00e9atoire des hommes et des femmes pour des chats en direct et des conversations amoureuses.<\/li>\n<li>Chatspin (mode adulte) : Ajout de filtres ludiques et d'options de chat pour adultes.<\/li>\n<li>Bazoocam : Ouverture d'esprit, chat vid\u00e9o al\u00e9atoire avec beaucoup de flirt et de plaisir en groupe.<\/li>\n<\/ul>\n<p>V\u00e9rifiez toujours les conditions d'\u00e2ge - la plupart des sites de chat vid\u00e9o sont r\u00e9serv\u00e9s aux utilisateurs de plus de 18 ans.<\/p>\n<h2>Pourquoi les gens adorent le chat vid\u00e9o<\/h2>\n<p>Pour beaucoup, l'attrait est \u00e9vident : c'est toute l'excitation d'un flirt r\u00e9el, mais avec plus de s\u00e9curit\u00e9 et de souplesse.<\/p>\n<ul>\n<li>Une alchimie instantan\u00e9e : Voyez s'il y a une \u00e9tincelle tout de suite, pas de messages interminables.<\/li>\n<li>Une port\u00e9e mondiale : Rencontrez des personnes s\u00e9duisantes et amusantes partout dans le monde.<\/li>\n<li>Z\u00e9ro pression : Ce n'est pas votre truc ? Passez votre chemin et trouvez quelqu'un d'autre.<\/li>\n<li>Spontan\u00e9it\u00e9 : chaque conversation est une surprise - parfois sauvage, parfois idiote, toujours r\u00e9elle.<\/li>\n<li>La libert\u00e9 : Vous pouvez fixer des limites, choisir votre rythme et explorer en toute s\u00e9curit\u00e9.<\/li>\n<\/ul>\n<p>\"J'adore le chat vid\u00e9o car on ne sait jamais qui on va rencontrer. Parfois, c'est du flirt, parfois c'est juste hilarant, et vous pouvez toujours passer \u00e0 autre chose si \u00e7a ne colle pas.\"<\/p>\n<p>\"C'est comme aller \u00e0 une f\u00eate, mais depuis mon canap\u00e9. Il y a toujours quelqu'un d'int\u00e9ressant en ligne !<\/p>\n<h2>Rester en s\u00e9curit\u00e9 lors d'un chat vid\u00e9o gratuit<\/h2>\n<p>Bien que la plupart des gens soient l\u00e0 pour s'amuser et nouer des relations amicales, quelques gestes intelligents vous permettront de garder une exp\u00e9rience positive :<\/p>\n<ul>\n<li>Ne communiquez jamais de d\u00e9tails personnels : contentez-vous d'un surnom et restez neutre.<\/li>\n<li>Fixez vos propres limites et communiquez-les clairement.<\/li>\n<li>Si quelqu'un est impoli ou vous met mal \u00e0 l'aise, utilisez imm\u00e9diatement le bouton \"bloquer\" ou \"signaler\".<\/li>\n<li>N'envoyez pas d'images explicites ou d'informations personnelles si vous n'en \u00eates pas s\u00fbr.<\/li>\n<li>Si vous souhaitez pr\u00e9server votre vie priv\u00e9e, utilisez des plateformes qui ne n\u00e9cessitent pas d'inscription et qui ne conservent pas les journaux de conversation.<\/li>\n<\/ul>\n<p>Un peu de prudence permet de s'amuser beaucoup plus.<\/p>\n<h2>Chat vid\u00e9o gratuit ou payant<\/h2>\n<p>La plupart des plates-formes proposent un service de chat vid\u00e9o al\u00e9atoire gratuit. Certaines ajoutent des fonctions payantes telles que des filtres sp\u00e9ciaux, des cadeaux ou des correspondances \"prioritaires\". Voici comment ils se comparent :<\/p>\n<table>\n<thead>\n<tr>\n<th>Fonctionnalit\u00e9<\/th>\n<th>Chat vid\u00e9o gratuit<\/th>\n<th>Paid Hot Video Chat<\/th>\n<\/tr>\n<\/thead>\n<tbody>\n<tr>\n<td>Aucun co\u00fbt<\/td>\n<td>\u2705<\/td>\n<td>\u274c<\/td>\n<\/tr>\n<tr>\n<td>Anonyme\/al\u00e9atoire<\/td>\n<td>\u2705<\/td>\n<td>\u2705<\/td>\n<\/tr>\n<tr>\n<td>Filtres de genre et d'int\u00e9r\u00eat<\/td>\n<td>\u2705 (sur certains)<\/td>\n<td>\u2705<\/td>\n<\/tr>\n<tr>\n<td>Cadeaux virtuels et extras<\/td>\n<td>\u274c<\/td>\n<td>\u2705<\/td>\n<\/tr>\n<tr>\n<td>Correspondance des priorit\u00e9s<\/td>\n<td>\u274c<\/td>\n<td>\u2705<\/td>\n<\/tr>\n<tr>\n<td>Chambres r\u00e9serv\u00e9es aux adultes<\/td>\n<td>\u2705 (la plupart des sites)<\/td>\n<td>\u2705<\/td>\n<\/tr>\n<\/tbody>\n<\/table>\n<p>La plupart des utilisateurs obtiennent tout ce dont ils ont besoin avec les options gratuites. Les fonctions payantes ne sont que des suppl\u00e9ments pour ceux qui veulent un peu plus de contr\u00f4le ou de plaisir.<\/p>\n<h2>Chat vid\u00e9o \u00e0 chaud et chat vid\u00e9o normal<\/h2>\n<table>\n<thead>\n<tr>\n<th>Fonctionnalit\u00e9<\/th>\n<th>Chat vid\u00e9o chaud<\/th>\n<th>Chat vid\u00e9o r\u00e9gulier<\/th>\n<th>Applications de rencontre<\/th>\n<th>Chat textuel<\/th>\n<\/tr>\n<\/thead>\n<tbody>\n<tr>\n<td>Utilisateurs ouverts d'esprit<\/td>\n<td>\u2705<\/td>\n<td>\u274c<\/td>\n<td>\u2705<\/td>\n<td>\u274c<\/td>\n<\/tr>\n<tr>\n<td>Anonyme \/ saut rapide<\/td>\n<td>\u2705<\/td>\n<td>\u2705<\/td>\n<td>\u274c<\/td>\n<td>\u2705<\/td>\n<\/tr>\n<tr>\n<td>Contenu adulte autoris\u00e9<\/td>\n<td>\u2705<\/td>\n<td>\u274c<\/td>\n<td>\u2705\/\u274c<\/td>\n<td>\u274c<\/td>\n<\/tr>\n<tr>\n<td>Individuel et en groupe<\/td>\n<td>\u2705<\/td>\n<td>\u2705<\/td>\n<td>\u2705<\/td>\n<td>\u2705<\/td>\n<\/tr>\n<tr>\n<td>Utilisation gratuite<\/td>\n<td>\u2705<\/td>\n<td>\u2705<\/td>\n<td>\u2705\/\u274c<\/td>\n<td>\u2705<\/td>\n<\/tr>\n<\/tbody>\n<\/table>\n<p>Le chat vid\u00e9o n'a pas pour but de faire des rencontres, mais de cr\u00e9er des liens instantan\u00e9s et non filtr\u00e9s, de s'amuser et de s'exciter.<\/p>\n<h2>Conseils pour tirer le meilleur parti de votre exp\u00e9rience<\/h2>\n<ul>\n<li>Soyez vous-m\u00eame : Les discussions en ligne sont plus agr\u00e9ables lorsque vous \u00eates d\u00e9tendu(e) et vrai(e).<\/li>\n<li>Fixez des limites : D\u00e9cidez d'embl\u00e9e de ce qui vous convient et respectez-le.<\/li>\n<li>Flirtez avec respect : L'assurance est s\u00e9duisante, la grossi\u00e8ret\u00e9 ne l'est pas.<\/li>\n<li>Amusez-vous : Essayez des filtres, des jeux ou des sujets ludiques pour briser la glace.<\/li>\n<li>Ne le prenez pas trop au s\u00e9rieux : Si l'ambiance n'est pas bonne, passez \u00e0 autre chose.<\/li>\n<\/ul>\n<p>Et respectez toujours, toujours, le niveau de confort de l'autre personne. Les meilleurs chats vid\u00e9o chauds ont lieu lorsque les deux personnes s'amusent.<\/p>\n<h2>Quand et pourquoi essayer le chat vid\u00e9o<\/h2>\n<p>Les raisons de s'y plonger ne manquent pas :<\/p>\n<ul>\n<li>Ajoutez du piquant \u00e0 une soir\u00e9e ennuyeuse gr\u00e2ce \u00e0 une vraie conversation et \u00e0 une ambiance flirteuse.<\/li>\n<li>Explorez votre c\u00f4t\u00e9 ludique dans un espace s\u00fbr et anonyme.<\/li>\n<li>Rencontrez des personnes ouvertes d'esprit du monde entier - aucun d\u00e9placement n'est n\u00e9cessaire !<\/li>\n<li>Profitez de connexions instantan\u00e9es, sans attente ni inscription compliqu\u00e9e.<\/li>\n<li>D\u00e9couvrez le frisson de ne jamais savoir qui sera le prochain.<\/li>\n<\/ul>\n<p>Que vous soyez c\u00e9libataire, en couple ou que vous souhaitiez simplement voir ce qui se passe, le chat vid\u00e9o vous permet d'explorer votre curiosit\u00e9 et de vous connecter \u00e0 votre guise.<\/p>\n<p>Les plates-formes de chat vid\u00e9o sont plus qu'une simple tendance : elles constituent une nouvelle fa\u00e7on de se rencontrer, de flirter et de s'amuser en ligne. Du chat vid\u00e9o gratuit et al\u00e9atoire avec des inconnus aux salons priv\u00e9s r\u00e9serv\u00e9s aux adultes, il y en a pour tous ceux qui veulent faire monter la temp\u00e9rature et nouer des liens r\u00e9els et m\u00e9morables.<\/p>\n<p>Pr\u00eat \u00e0 voir ce qui vous attend de l'autre c\u00f4t\u00e9 de l'\u00e9cran ? Participez d\u00e8s aujourd'hui \u00e0 un chat vid\u00e9o et d\u00e9couvrez \u00e0 quel point les conversations en ligne peuvent \u00eatre passionnantes.<\/p>\n<p>Qui sait ? Votre prochain moment inoubliable pourrait \u00eatre \u00e0 port\u00e9e de clic.<\/p>","protected":false},"excerpt":{"rendered":"<p>Looking for more than just a friendly hello? Want to add a little spark to your night, or meet someone new who\u2019s as bold and spontaneous as you are? That\u2019s where video chat hot sites come in. These platforms aren\u2019t just about saying hi\u2014they\u2019re about excitement, chemistry, and connecting with people who are open to [&hellip;]<\/p>\n","protected":false},"author":8,"featured_media":0,"parent":0,"menu_order":0,"comment_status":"closed","ping_status":"closed","template":"","meta":{"footnotes":""},"class_list":["post-13277","page","type-page","status-publish","hentry"],"yoast_head":"<!-- This site is optimized with the Yoast SEO plugin v27.4 - https:\/\/yoast.com\/product\/yoast-seo-wordpress\/ -->\n<title>Video Chat Hot with Video Chat on TinyChat.com<\/title>\n<meta name=\"description\" content=\"Enjoying Video Chat Hot? Join over 50,000,000 strangers on TinyChat! Turn on your cam and start meeting new people, or find a match.\" \/>\n<meta name=\"robots\" content=\"index, follow, max-snippet:-1, max-image-preview:large, max-video-preview:-1\" \/>\n<link rel=\"canonical\" href=\"https:\/\/tinychat.com\/fr\/video-chat-hot\/\" \/>\n<meta property=\"og:locale\" content=\"fr_FR\" \/>\n<meta property=\"og:type\" content=\"article\" \/>\n<meta property=\"og:title\" content=\"Video Chat Hot with Video Chat on TinyChat.com\" \/>\n<meta property=\"og:description\" content=\"Enjoying Video Chat Hot? Join over 50,000,000 strangers on TinyChat! Turn on your cam and start meeting new people, or find a match.\" \/>\n<meta property=\"og:url\" content=\"https:\/\/tinychat.com\/fr\/video-chat-hot\/\" \/>\n<meta property=\"og:site_name\" content=\"TinyChat\" \/>\n<meta property=\"article:publisher\" content=\"https:\/\/www.facebook.com\/tinychat\" \/>\n<meta property=\"og:image\" content=\"https:\/\/tinychat.com\/wp-content\/uploads\/2020\/04\/Tinychat-logo-1280x284-new-black.png\" \/>\n\t<meta property=\"og:image:width\" content=\"1280\" \/>\n\t<meta property=\"og:image:height\" content=\"284\" \/>\n\t<meta property=\"og:image:type\" content=\"image\/png\" \/>\n<meta name=\"twitter:card\" content=\"summary_large_image\" \/>\n<meta name=\"twitter:site\" content=\"@tinychat\" \/>\n<meta name=\"twitter:label1\" content=\"Dur\u00e9e de lecture estim\u00e9e\" \/>\n\t<meta name=\"twitter:data1\" content=\"5 minutes\" \/>\n<script type=\"application\/ld+json\" class=\"yoast-schema-graph\">{\"@context\":\"https:\\\/\\\/schema.org\",\"@graph\":[{\"@type\":\"WebPage\",\"@id\":\"https:\\\/\\\/tinychat.com\\\/video-chat-hot\\\/\",\"url\":\"https:\\\/\\\/tinychat.com\\\/video-chat-hot\\\/\",\"name\":\"Video Chat Hot with Video Chat on TinyChat.com\",\"isPartOf\":{\"@id\":\"https:\\\/\\\/tinychat.com\\\/#website\"},\"datePublished\":\"2025-06-17T12:25:46+00:00\",\"description\":\"Enjoying Video Chat Hot? Join over 50,000,000 strangers on TinyChat! Turn on your cam and start meeting new people, or find a match.\",\"breadcrumb\":{\"@id\":\"https:\\\/\\\/tinychat.com\\\/video-chat-hot\\\/#breadcrumb\"},\"inLanguage\":\"fr-FR\",\"potentialAction\":[{\"@type\":\"ReadAction\",\"target\":[\"https:\\\/\\\/tinychat.com\\\/video-chat-hot\\\/\"]}]},{\"@type\":\"BreadcrumbList\",\"@id\":\"https:\\\/\\\/tinychat.com\\\/video-chat-hot\\\/#breadcrumb\",\"itemListElement\":[{\"@type\":\"ListItem\",\"position\":1,\"name\":\"Home\",\"item\":\"https:\\\/\\\/tinychat.com\\\/\"},{\"@type\":\"ListItem\",\"position\":2,\"name\":\"Video Chat Hot\"}]},{\"@type\":\"WebSite\",\"@id\":\"https:\\\/\\\/tinychat.com\\\/#website\",\"url\":\"https:\\\/\\\/tinychat.com\\\/\",\"name\":\"TinyChat\",\"description\":\"Random Video Chat with Strangers\",\"publisher\":{\"@id\":\"https:\\\/\\\/tinychat.com\\\/#organization\"},\"alternateName\":\"TinyChat.com\",\"potentialAction\":[{\"@type\":\"SearchAction\",\"target\":{\"@type\":\"EntryPoint\",\"urlTemplate\":\"https:\\\/\\\/tinychat.com\\\/?s={search_term_string}\"},\"query-input\":{\"@type\":\"PropertyValueSpecification\",\"valueRequired\":true,\"valueName\":\"search_term_string\"}}],\"inLanguage\":\"fr-FR\"},{\"@type\":\"Organization\",\"@id\":\"https:\\\/\\\/tinychat.com\\\/#organization\",\"name\":\"TinyChat\",\"alternateName\":\"TinyChat.com\",\"url\":\"https:\\\/\\\/tinychat.com\\\/\",\"logo\":{\"@type\":\"ImageObject\",\"inLanguage\":\"fr-FR\",\"@id\":\"https:\\\/\\\/tinychat.com\\\/#\\\/schema\\\/logo\\\/image\\\/\",\"url\":\"https:\\\/\\\/tinychat.com\\\/wp-content\\\/uploads\\\/2023\\\/11\\\/Tinychat-icon-square.png\",\"contentUrl\":\"https:\\\/\\\/tinychat.com\\\/wp-content\\\/uploads\\\/2023\\\/11\\\/Tinychat-icon-square.png\",\"width\":284,\"height\":284,\"caption\":\"TinyChat\"},\"image\":{\"@id\":\"https:\\\/\\\/tinychat.com\\\/#\\\/schema\\\/logo\\\/image\\\/\"},\"sameAs\":[\"https:\\\/\\\/www.facebook.com\\\/tinychat\",\"https:\\\/\\\/x.com\\\/tinychat\"]}]}<\/script>\n<!-- \/ Yoast SEO plugin. -->","yoast_head_json":{"title":"Video Chat Hot avec Video Chat sur TinyChat.com","description":"Vous aimez le Video Chat Hot ? Rejoignez plus de 50 000 000 d'inconnus sur TinyChat ! Allumez votre cam\u00e9ra et commencez \u00e0 rencontrer de nouvelles personnes, ou trouvez un partenaire.","robots":{"index":"index","follow":"follow","max-snippet":"max-snippet:-1","max-image-preview":"max-image-preview:large","max-video-preview":"max-video-preview:-1"},"canonical":"https:\/\/tinychat.com\/fr\/video-chat-hot\/","og_locale":"fr_FR","og_type":"article","og_title":"Video Chat Hot with Video Chat on TinyChat.com","og_description":"Enjoying Video Chat Hot? Join over 50,000,000 strangers on TinyChat! Turn on your cam and start meeting new people, or find a match.","og_url":"https:\/\/tinychat.com\/fr\/video-chat-hot\/","og_site_name":"TinyChat","article_publisher":"https:\/\/www.facebook.com\/tinychat","og_image":[{"width":1280,"height":284,"url":"https:\/\/tinychat.com\/wp-content\/uploads\/2020\/04\/Tinychat-logo-1280x284-new-black.png","type":"image\/png"}],"twitter_card":"summary_large_image","twitter_site":"@tinychat","twitter_misc":{"Dur\u00e9e de lecture estim\u00e9e":"5 minutes"},"schema":{"@context":"https:\/\/schema.org","@graph":[{"@type":"WebPage","@id":"https:\/\/tinychat.com\/video-chat-hot\/","url":"https:\/\/tinychat.com\/video-chat-hot\/","name":"Video Chat Hot avec Video Chat sur TinyChat.com","isPartOf":{"@id":"https:\/\/tinychat.com\/#website"},"datePublished":"2025-06-17T12:25:46+00:00","description":"Vous aimez le Video Chat Hot ? Rejoignez plus de 50 000 000 d'inconnus sur TinyChat ! Allumez votre cam\u00e9ra et commencez \u00e0 rencontrer de nouvelles personnes, ou trouvez un partenaire.","breadcrumb":{"@id":"https:\/\/tinychat.com\/video-chat-hot\/#breadcrumb"},"inLanguage":"fr-FR","potentialAction":[{"@type":"ReadAction","target":["https:\/\/tinychat.com\/video-chat-hot\/"]}]},{"@type":"BreadcrumbList","@id":"https:\/\/tinychat.com\/video-chat-hot\/#breadcrumb","itemListElement":[{"@type":"ListItem","position":1,"name":"Home","item":"https:\/\/tinychat.com\/"},{"@type":"ListItem","position":2,"name":"Video Chat Hot"}]},{"@type":"WebSite","@id":"https:\/\/tinychat.com\/#website","url":"https:\/\/tinychat.com\/","name":"TinyChat","description":"Chat vid\u00e9o al\u00e9atoire avec des inconnus","publisher":{"@id":"https:\/\/tinychat.com\/#organization"},"alternateName":"TinyChat.com","potentialAction":[{"@type":"SearchAction","target":{"@type":"EntryPoint","urlTemplate":"https:\/\/tinychat.com\/?s={search_term_string}"},"query-input":{"@type":"PropertyValueSpecification","valueRequired":true,"valueName":"search_term_string"}}],"inLanguage":"fr-FR"},{"@type":"Organization","@id":"https:\/\/tinychat.com\/#organization","name":"TinyChat","alternateName":"TinyChat.com","url":"https:\/\/tinychat.com\/","logo":{"@type":"ImageObject","inLanguage":"fr-FR","@id":"https:\/\/tinychat.com\/#\/schema\/logo\/image\/","url":"https:\/\/tinychat.com\/wp-content\/uploads\/2023\/11\/Tinychat-icon-square.png","contentUrl":"https:\/\/tinychat.com\/wp-content\/uploads\/2023\/11\/Tinychat-icon-square.png","width":284,"height":284,"caption":"TinyChat"},"image":{"@id":"https:\/\/tinychat.com\/#\/schema\/logo\/image\/"},"sameAs":["https:\/\/www.facebook.com\/tinychat","https:\/\/x.com\/tinychat"]}]}},"_links":{"self":[{"href":"https:\/\/tinychat.com\/fr\/wp-json\/wp\/v2\/pages\/13277","targetHints":{"allow":["GET"]}}],"collection":[{"href":"https:\/\/tinychat.com\/fr\/wp-json\/wp\/v2\/pages"}],"about":[{"href":"https:\/\/tinychat.com\/fr\/wp-json\/wp\/v2\/types\/page"}],"author":[{"embeddable":true,"href":"https:\/\/tinychat.com\/fr\/wp-json\/wp\/v2\/users\/8"}],"replies":[{"embeddable":true,"href":"https:\/\/tinychat.com\/fr\/wp-json\/wp\/v2\/comments?post=13277"}],"version-history":[{"count":2,"href":"https:\/\/tinychat.com\/fr\/wp-json\/wp\/v2\/pages\/13277\/revisions"}],"predecessor-version":[{"id":13279,"href":"https:\/\/tinychat.com\/fr\/wp-json\/wp\/v2\/pages\/13277\/revisions\/13279"}],"wp:attachment":[{"href":"https:\/\/tinychat.com\/fr\/wp-json\/wp\/v2\/media?parent=13277"}],"curies":[{"name":"wp","href":"https:\/\/api.w.org\/{rel}","templated":true}]}}