{"id":13358,"date":"2025-07-26T17:37:58","date_gmt":"2025-07-26T15:37:58","guid":{"rendered":"https:\/\/tinychat.com\/?page_id=13358"},"modified":"2025-07-26T17:38:19","modified_gmt":"2025-07-26T15:38:19","slug":"chatiwi","status":"publish","type":"page","link":"https:\/\/tinychat.com\/fr\/chatiwi\/","title":{"rendered":"Chatiwi"},"content":{"rendered":"<p>Le paysage du chat en ligne est en constante \u00e9volution, les utilisateurs exigeant non seulement la rapidit\u00e9 et la facilit\u00e9, mais aussi une r\u00e9elle confidentialit\u00e9, la s\u00e9curit\u00e9 des donn\u00e9es et l'absence d'inscription, de profil et de surveillance. Si vous en avez assez de partager vos donn\u00e9es personnelles ou d'\u00eatre suivi sur toutes les plateformes, Chatiwi a \u00e9t\u00e9 con\u00e7u pour vous. Ce site de chat innovant combine tout ce que les gens aimaient chez Chatiw - un acc\u00e8s rapide, un chat mondial et une interface conviviale - avec un cryptage avanc\u00e9 et un engagement ferme en faveur de la protection de la vie priv\u00e9e.<\/p>\n<p>Que vous cherchiez \u00e0 discuter avec des inconnus, \u00e0 vous faire de nouveaux amis, \u00e0 trouver du soutien, \u00e0 flirter ou simplement \u00e0 fuir le bruit des m\u00e9dias sociaux, Chatiwi offre un m\u00e9lange unique de simplicit\u00e9, de s\u00e9curit\u00e9 et d'anonymat absolu, le tout sans t\u00e9l\u00e9chargement d'application ni formulaire d'inscription compliqu\u00e9.<\/p>\n<p>Ce guide ultime couvre tout ce que vous devez savoir sur Chatiwi : ce qu'il est, comment il fonctionne, ses principales caract\u00e9ristiques, l'exp\u00e9rience de l'utilisateur, les protocoles de s\u00e9curit\u00e9, la comparaison avec d'autres plateformes de chat, les conseils de d\u00e9pannage et les conseils d'experts pour tirer le meilleur parti de chaque session.<\/p>\n<h2>Qu'est-ce que le Chatiwi ?<\/h2>\n<p>Chatiwi est une plateforme de chat anonyme bas\u00e9e sur un navigateur qui propose des chats instantan\u00e9s, en t\u00eate-\u00e0-t\u00eate ou en groupe, avec des personnes du monde entier, sans qu'aucune inscription ne soit n\u00e9cessaire. Comme Chatiw classique, vous pouvez entrer directement dans un salon de discussion avec un simple pseudonyme, mais Chatiwi ajoute des contr\u00f4les modernes de cryptage et de confidentialit\u00e9, ce qui en fait un choix de premier ordre pour tous ceux qui tiennent \u00e0 ce que leurs conversations soient s\u00e9curis\u00e9es et priv\u00e9es.<\/p>\n<p>Il est id\u00e9al pour :<\/p>\n<ul>\n<li>Conversations anonymes et s\u00e9curis\u00e9es<\/li>\n<li>Rencontrer de nouvelles personnes du monde entier<\/li>\n<li>Chat textuel sans connexion<\/li>\n<li>\u00c9viter le suivi des donn\u00e9es et le marketing<\/li>\n<li>Ceux qui privil\u00e9gient la vie priv\u00e9e, la simplicit\u00e9 et la libert\u00e9<\/li>\n<\/ul>\n<p>La mission de Chatiwi est d'\u00eatre la plateforme de r\u00e9f\u00e9rence pour tous ceux qui souhaitent une discussion r\u00e9elle et instantan\u00e9e avec une tranquillit\u00e9 d'esprit absolue concernant leur identit\u00e9 et leurs donn\u00e9es.<\/p>\n<h2>Caract\u00e9ristiques principales de Chatiwi<\/h2>\n<p>Chatiwi se distingue dans l'espace de discussion surcharg\u00e9 en se concentrant sur ce que les utilisateurs d'aujourd'hui veulent le plus : la s\u00e9curit\u00e9, l'anonymat et l'accessibilit\u00e9.<\/p>\n<h3>1. Aucune inscription n'est requise<\/h3>\n<p>Rejoignez-nous en quelques secondes - choisissez simplement un pseudo et entrez. Aucun email, t\u00e9l\u00e9phone ou profil de m\u00e9dia social n'est jamais requis.<\/p>\n<h3>2. Chat crypt\u00e9 de bout en bout<\/h3>\n<p>Tous les messages sur Chatiwi sont crypt\u00e9s de bout en bout. Cela signifie que seuls vous et votre\/vos partenaire(s) de chat pouvez lire vos messages ; m\u00eame les serveurs de Chatiwi ne peuvent pas acc\u00e9der \u00e0 vos conversations.<\/p>\n<h3>3. Anonyme par d\u00e9faut<\/h3>\n<p>Pas besoin de r\u00e9v\u00e9ler qui vous \u00eates-Chatiwi ne demande pas, ne collecte pas et ne stocke pas d'informations personnelles. Restez toujours aussi discret que vous le souhaitez.<\/p>\n<h3>4. Chat en t\u00eate-\u00e0-t\u00eate et en groupe<\/h3>\n<ul>\n<li>Chat al\u00e9atoire : Soyez instantan\u00e9ment mis en relation avec un inconnu pour une conversation priv\u00e9e.<\/li>\n<li>Salons de discussion en groupe : Rejoignez des salons publics par centre d'int\u00e9r\u00eat ou par pays, ou cr\u00e9ez votre propre groupe priv\u00e9.<\/li>\n<\/ul>\n<h3>5. Interface simple et moderne<\/h3>\n<p>L'interface est propre, \u00e9pur\u00e9e et fonctionne parfaitement sur les navigateurs de bureau et mobiles. Pas de publicit\u00e9, pas de pop-up, juste du chat.<\/p>\n<h3>6. Journaux de discussion temporaires<\/h3>\n<p>Les discussions disparaissent lorsque vous quittez le site - aucun journal n'est stock\u00e9 sur les serveurs de Chatiwi, et rien n'est index\u00e9 ou rendu public.<\/p>\n<h3>7. Emoji et partage de m\u00e9dias (avec contr\u00f4le de la confidentialit\u00e9)<\/h3>\n<p>Exprimez-vous avec une large gamme d'emojis. Pour les images ou les m\u00e9dias, le partage est \u00e9troitement contr\u00f4l\u00e9 et toujours priv\u00e9 - pas de flux public.<\/p>\n<h3>8. Mod\u00e9ration active et contr\u00f4le des utilisateurs<\/h3>\n<p>Bien que Chatiwi soit totalement anonyme, une mod\u00e9ration active et des outils de signalement et de blocage instantan\u00e9s permettent de maintenir le spam, les abus et les robots \u00e0 un niveau minimum.<\/p>\n<h3>9. Filtres de localisation et de langue<\/h3>\n<p>Trouvez des personnes originaires de pays sp\u00e9cifiques ou filtrez par langue pour une exp\u00e9rience de chat plus pertinente (le tout sans tracer votre IP r\u00e9elle ou votre emplacement).<\/p>\n<h3>10. Pas de t\u00e9l\u00e9chargement, pas d'application n\u00e9cessaire<\/h3>\n<p>Chatiwi est 100% bas\u00e9 sur un navigateur, optimis\u00e9 pour les mobiles et les ordinateurs de bureau - aucune installation ou mise \u00e0 jour n'est n\u00e9cessaire.<\/p>\n<h2>Comment utiliser Chatiwi<\/h2>\n<p>Chatiwi est aussi simple et rapide que possible pour rejoindre un chat :<\/p>\n<h3>\u00c9tape 1 : Visitez le site Web de Chatiwi<\/h3>\n<p>Ouvrez chatiwi.com ou la version locale correspondante dans n'importe quel navigateur.<\/p>\n<h3>\u00c9tape 2 : Choisir un surnom<\/h3>\n<p>Entrez un surnom - pas besoin de noms r\u00e9els ou de d\u00e9tails.<\/p>\n<h3>\u00c9tape 3 : Choisir le mode de discussion<\/h3>\n<ul>\n<li>Chat al\u00e9atoire : Vous pouvez \u00eatre jumel\u00e9 instantan\u00e9ment pour une conversation anonyme en t\u00eate-\u00e0-t\u00eate.<\/li>\n<li>Chat de groupe : Entrez dans un salon public par th\u00e8me\/pays, ou cr\u00e9ez votre propre salon priv\u00e9 et partagez le lien.<\/li>\n<\/ul>\n<h3>\u00c9tape 4 : Commencer \u00e0 chatter<\/h3>\n<p>Dites bonjour ! Vous pouvez rester d\u00e9contract\u00e9, poser des questions, demander des conseils ou simplement passer le temps.<\/p>\n<h3>\u00c9tape 5 : Utiliser des filtres (facultatif)<\/h3>\n<p>S\u00e9lectionnez votre pays ou votre langue de pr\u00e9f\u00e9rence pour entrer en contact avec des utilisateurs plus pertinents.<\/p>\n<h3>\u00c9tape 6 : Emoji et partage de m\u00e9dias<\/h3>\n<p>Ajoutez des emojis \u00e0 vos messages ou partagez des images\/m\u00e9dias (si l'option est activ\u00e9e), le tout avec un cryptage de bout en bout et une livraison priv\u00e9e.<\/p>\n<h3>\u00c9tape 7 : Signaler ou bloquer si n\u00e9cessaire<\/h3>\n<p>Si vous rencontrez des spams ou des abus, utilisez les boutons de signalement\/blocage pour une action imm\u00e9diate.<\/p>\n<h2>Exp\u00e9rience utilisateur sur Chatiwi<\/h2>\n<p>Chatiwi est con\u00e7u pour une conversation pure, sans distraction et s\u00e9curis\u00e9e :<\/p>\n<h3>Ce que les utilisateurs aiment<\/h3>\n<ul>\n<li>Chat v\u00e9ritablement anonyme : Pas d'inscription, pas d'informations personnelles, pas de suivi.<\/li>\n<li>Cryptage de bout en bout : Il garantit que personne ne peut lire vos messages, \u00e0 l'exception de vous et de votre\/vos partenaire(s) de chat.<\/li>\n<li>Interface moderne et \u00e9pur\u00e9e : Rapide, r\u00e9active et sans publicit\u00e9.<\/li>\n<li>Base d'utilisateurs mondiale : Rencontrez instantan\u00e9ment des personnes du monde entier.<\/li>\n<li>Adaptation aux mobiles et aux ordinateurs de bureau : exp\u00e9rience transparente sur tous les appareils.<\/li>\n<li>Pas de journaux, pas de conservation de donn\u00e9es : La vie priv\u00e9e n'est jamais compromise.<\/li>\n<li>Acc\u00e8s rapide \u00e0 l'assistance et \u00e0 la mod\u00e9ration : R\u00e9duit les abus au minimum.<\/li>\n<\/ul>\n<h3>Les points \u00e0 am\u00e9liorer selon les utilisateurs<\/h3>\n<ul>\n<li>Pas de chat vid\u00e9o ou vocal (l'accent est mis sur le chat textuel s\u00e9curis\u00e9).<\/li>\n<li>Le partage des m\u00e9dias est limit\u00e9 pour des raisons de confidentialit\u00e9 (certains peuvent trouver cela restrictif).<\/li>\n<li>Parfois moins d'utilisateurs que les plateformes traditionnelles (la quantit\u00e9 est remplac\u00e9e par la qualit\u00e9 et le respect de la vie priv\u00e9e).<\/li>\n<li>L'anonymat total signifie que vous devez \u00eatre proactif dans le signalement des mauvais acteurs (mais des outils sont fournis).<\/li>\n<\/ul>\n<h3>Un vrai retour d'information de la part des utilisateurs<\/h3>\n<blockquote><p>\"Enfin un site de chat o\u00f9 je n'ai pas besoin de m'inscrire ou de m'inqui\u00e9ter que mes informations soient partag\u00e9es. Je me sens beaucoup plus en s\u00e9curit\u00e9 que les autres applications de chat al\u00e9atoires.\"<br \/>\n- <em>Khaled A., Trustpilot<\/em><\/p><\/blockquote>\n<blockquote><p>\"Le cryptage de bout en bout est la raison pour laquelle j'utilise Chatiwi. Simple, propre et totalement anonyme.\"<br \/>\n- <em>Ella P., Google Play<\/em><\/p><\/blockquote>\n<blockquote><p>\"Pas de robots, pas de spam, et personne ne vend mes donn\u00e9es. Juste du chat, comme il se doit.\"<br \/>\n- <em>David L., App Store<\/em><\/p><\/blockquote>\n<h2>Chatiwi vs. autres plateformes de chat anonyme<\/h2>\n<p>Comment le Chatiwi se situe-t-il par rapport aux alternatives les plus populaires ?<\/p>\n<table>\n<thead>\n<tr>\n<th>Fonctionnalit\u00e9<\/th>\n<th>Chatiwi<\/th>\n<th>Chatiw<\/th>\n<th>Chatib<\/th>\n<th>Ouiichat<\/th>\n<th>Chatzy<\/th>\n<th>OmegleWeb<\/th>\n<\/tr>\n<\/thead>\n<tbody>\n<tr>\n<td>Pas d'inscription n\u00e9cessaire<\/td>\n<td>\u2705 Oui<\/td>\n<td>\u2705 Oui<\/td>\n<td>\u2705 Oui<\/td>\n<td>\u2705 Oui<\/td>\n<td>\u2705 Oui<\/td>\n<td>\u2705 Oui<\/td>\n<\/tr>\n<tr>\n<td>Chiffrement de bout en bout<\/td>\n<td>\u2705 Oui<\/td>\n<td>\u274c Non<\/td>\n<td>\u274c Non<\/td>\n<td>\u274c Non<\/td>\n<td>\u274c Non<\/td>\n<td>\u274c Non<\/td>\n<\/tr>\n<tr>\n<td>Pas de conservation des donn\u00e9es<\/td>\n<td>\u2705 Oui<\/td>\n<td>\u274c Non<\/td>\n<td>\u274c Non<\/td>\n<td>\u274c Non<\/td>\n<td>\u2705 Oui<\/td>\n<td>\u274c Non<\/td>\n<\/tr>\n<tr>\n<td>Chat en groupe et en t\u00eate-\u00e0-t\u00eate<\/td>\n<td>\u2705 Les deux<\/td>\n<td>\u2705 Les deux<\/td>\n<td>\u2705 Les deux<\/td>\n<td>\u2705 Les deux<\/td>\n<td>\u2705 Les deux<\/td>\n<td>\u2705 Les deux<\/td>\n<\/tr>\n<tr>\n<td>Partage des m\u00e9dias\/Emoji<\/td>\n<td>\u2705 Oui<\/td>\n<td>\u2705 Oui<\/td>\n<td>\u2705 Oui<\/td>\n<td>\u2705 Oui<\/td>\n<td>\u2705 Oui<\/td>\n<td>\u2705 Oui<\/td>\n<\/tr>\n<tr>\n<td>Une forte mod\u00e9ration<\/td>\n<td>\u2705 Oui<\/td>\n<td>\u26a0\ufe0f Quelques-uns<\/td>\n<td>\u2705 Oui<\/td>\n<td>\u2705 Oui<\/td>\n<td>\u2705 Oui<\/td>\n<td>\u2705 Oui<\/td>\n<\/tr>\n<tr>\n<td>Optimis\u00e9 pour les mobiles<\/td>\n<td>\u2705 Oui<\/td>\n<td>\u2705 Oui<\/td>\n<td>\u2705 Oui<\/td>\n<td>\u2705 Oui<\/td>\n<td>\u2705 Oui<\/td>\n<td>\u2705 Oui<\/td>\n<\/tr>\n<tr>\n<td>Pas de publicit\u00e9\/tracking<\/td>\n<td>\u2705 Oui<\/td>\n<td>\u274c Non<\/td>\n<td>\u274c Non<\/td>\n<td>\u26a0\ufe0f Quelques-uns<\/td>\n<td>\u2705 Oui<\/td>\n<td>\u274c Non<\/td>\n<\/tr>\n<\/tbody>\n<\/table>\n<p>R\u00e9sum\u00e9 : Chatiwi se distingue par son v\u00e9ritable cryptage de bout en bout, son anonymat strict, l'absence de conservation des donn\u00e9es et une interface rapide et propre - parfait pour tous ceux qui accordent de l'importance \u00e0 la confidentialit\u00e9 et \u00e0 la s\u00e9curit\u00e9 dans les discussions en ligne.<\/p>\n<h2>Le Chatiwi est-il s\u00fbr ?<\/h2>\n<p>Chatiwi est l'une des plateformes de chat anonyme les plus s\u00fbres, gr\u00e2ce \u00e0.. :<\/p>\n<ul>\n<li>Cryptage de bout en bout : Les messages ne peuvent \u00eatre intercept\u00e9s ou lus par personne d'autre que vous et votre partenaire.<\/li>\n<li>Aucune r\u00e9tention de donn\u00e9es : Les journaux de discussion disparaissent lorsque vous quittez le site.<\/li>\n<li>Aucune inscription ou information personnelle n'est jamais collect\u00e9e.<\/li>\n<li>Mod\u00e9ration active : Les spams, les abus et les bots sont rapidement supprim\u00e9s.<\/li>\n<li>Contr\u00f4les de l'utilisateur : Bloquez ou signalez instantan\u00e9ment les probl\u00e8mes que vous rencontrez.<\/li>\n<li>Pas de publicit\u00e9 ni de scripts de suivi de tiers.<\/li>\n<\/ul>\n<h3>Conseils de s\u00e9curit\u00e9<\/h3>\n<ul>\n<li>Ne partagez pas d'informations personnelles, m\u00eame dans le cadre d'un chat priv\u00e9.<\/li>\n<li>Utilisez les salles de groupe pour plus d'anonymat, ou les salles priv\u00e9es pour des entretiens individuels en toute s\u00e9curit\u00e9.<\/li>\n<li>Ne cliquez jamais sur des liens ou ne t\u00e9l\u00e9chargez pas de fichiers si vous ne faites pas enti\u00e8rement confiance \u00e0 l'autre personne.<\/li>\n<li>Signalez imm\u00e9diatement les abus, le spam ou les utilisateurs suspects : les mod\u00e9rateurs agissent rapidement.<\/li>\n<li>Profitez de la libert\u00e9, mais respectez les limites et la vie priv\u00e9e des autres.<\/li>\n<\/ul>\n<h2>Conseils pour tirer le meilleur parti de Chatiwi<\/h2>\n<ul>\n<li>Commencez par \u00eatre aimable : Un simple \"bonjour\" ou une question peut susciter de grandes conversations.<\/li>\n<li>Utilisez le cryptage \u00e0 bon escient : Discutez de sujets sensibles en sachant que votre chat est vraiment priv\u00e9.<\/li>\n<li>Essayez les filtres de langue et de pays : Rencontrez des personnes issues de milieux sp\u00e9cifiques.<\/li>\n<li>Signalez et bloquez si n\u00e9cessaire : Aidez \u00e0 garder l'espace s\u00fbr pour tous.<\/li>\n<li>Changez d'appareil si n\u00e9cessaire : Le site est optimis\u00e9 pour tous les \u00e9crans.<\/li>\n<li>Exprimez-vous avec des emojis : Gardez les conversations anim\u00e9es.<\/li>\n<li>Restez anonyme : Ne r\u00e9v\u00e9lez pas de d\u00e9tails r\u00e9els si vous n'\u00eates pas tout \u00e0 fait \u00e0 l'aise.<\/li>\n<\/ul>\n<h2>D\u00e9pannage des probl\u00e8mes courants du Chatiwi<\/h2>\n<h3>Impossible de se connecter ou le chat ne se charge pas<\/h3>\n<p>V\u00e9rifiez votre connexion internet, actualisez la page ou essayez un autre navigateur\/appareil.<\/p>\n<h3>Impossible de partager les m\u00e9dias<\/h3>\n<p>Veillez \u00e0 ce que le fichier ne d\u00e9passe pas les limites de taille et de type ; certains partages de m\u00e9dias peuvent \u00eatre d\u00e9sactiv\u00e9s pour des raisons de confidentialit\u00e9.<\/p>\n<h3>Rencontrer des trolls ou des spams<\/h3>\n<p>Utilisez les boutons signaler\/bloquer. Les abus sont trait\u00e9s rapidement par les mod\u00e9rateurs.<\/p>\n<h3>L'histoire perdue du chat<\/h3>\n<p>Par conception, les chats ne sont pas stock\u00e9s pour des raisons de confidentialit\u00e9. Sauvegardez tout ce qui est important avant de fermer la fen\u00eatre.<\/p>\n<h3>Faible activit\u00e9 des utilisateurs<\/h3>\n<p>Essayez \u00e0 diff\u00e9rents moments de la journ\u00e9e ou utilisez des filtres de langue\/pays pour obtenir davantage de r\u00e9sultats.<\/p>\n<p>Absolument, en particulier pour tous ceux qui souhaitent une exp\u00e9rience de chat v\u00e9ritablement anonyme, s\u00e9curis\u00e9e et sans enregistrement. Chatiwi est la r\u00e9ponse moderne aux probl\u00e8mes de confidentialit\u00e9 qui ont affect\u00e9 tant d'anciennes plates-formes de chat, offrant un moyen nouveau, crypt\u00e9 et facile de se connecter sans compromis.<\/p>\n<p>Que vous souhaitiez rencontrer des inconnus, vous faire de nouveaux amis ou simplement discuter en toute confidentialit\u00e9, Chatiwi est votre havre de paix - rapide, propre et sans suivi de donn\u00e9es, enregistrement ou surveillance.<\/p>\n<p>Pr\u00eat \u00e0 discuter en toute s\u00e9curit\u00e9 ?<br \/>\nVisitez chatiwi.com, choisissez votre pseudo et commencez d\u00e8s maintenant votre prochaine conversation anonyme et crypt\u00e9e.<\/p>","protected":false},"excerpt":{"rendered":"<p>The landscape of online chatting is constantly evolving, as users demand not just speed and ease, but also real privacy, data security, and freedom from the baggage of signups, profiles, and surveillance. If you\u2019re tired of sharing your personal details or being tracked across platforms, Chatiwi is designed with you in mind. This innovative chat [&hellip;]<\/p>\n","protected":false},"author":6,"featured_media":0,"parent":0,"menu_order":0,"comment_status":"closed","ping_status":"closed","template":"","meta":{"footnotes":""},"class_list":["post-13358","page","type-page","status-publish","hentry"],"yoast_head":"<!-- This site is optimized with the Yoast SEO plugin v27.4 - https:\/\/yoast.com\/product\/yoast-seo-wordpress\/ -->\n<title>Chatiwi - Anonymous Encrypted Chat No Registration - TinyChat.com<\/title>\n<meta name=\"description\" content=\"Enjoying Chatiwi? Join over 50,000,000 strangers on TinyChat! Turn on your cam and start meeting new people, or find a match.\" \/>\n<meta name=\"robots\" content=\"index, follow, max-snippet:-1, max-image-preview:large, max-video-preview:-1\" \/>\n<link rel=\"canonical\" href=\"https:\/\/tinychat.com\/fr\/chatiwi\/\" \/>\n<meta property=\"og:locale\" content=\"fr_FR\" \/>\n<meta property=\"og:type\" content=\"article\" \/>\n<meta property=\"og:title\" content=\"Chatiwi - Anonymous Encrypted Chat No Registration - TinyChat.com\" \/>\n<meta property=\"og:description\" content=\"Enjoying Chatiwi? Join over 50,000,000 strangers on TinyChat! Turn on your cam and start meeting new people, or find a match.\" \/>\n<meta property=\"og:url\" content=\"https:\/\/tinychat.com\/fr\/chatiwi\/\" \/>\n<meta property=\"og:site_name\" content=\"TinyChat\" \/>\n<meta property=\"article:publisher\" content=\"https:\/\/www.facebook.com\/tinychat\" \/>\n<meta property=\"article:modified_time\" content=\"2025-07-26T15:38:19+00:00\" \/>\n<meta property=\"og:image\" content=\"https:\/\/tinychat.com\/wp-content\/uploads\/2020\/04\/Tinychat-logo-1280x284-new-black.png\" \/>\n\t<meta property=\"og:image:width\" content=\"1280\" \/>\n\t<meta property=\"og:image:height\" content=\"284\" \/>\n\t<meta property=\"og:image:type\" content=\"image\/png\" \/>\n<meta name=\"twitter:card\" content=\"summary_large_image\" \/>\n<meta name=\"twitter:site\" content=\"@tinychat\" \/>\n<meta name=\"twitter:label1\" content=\"Dur\u00e9e de lecture estim\u00e9e\" \/>\n\t<meta name=\"twitter:data1\" content=\"7 minutes\" \/>\n<script type=\"application\/ld+json\" class=\"yoast-schema-graph\">{\"@context\":\"https:\\\/\\\/schema.org\",\"@graph\":[{\"@type\":\"WebPage\",\"@id\":\"https:\\\/\\\/tinychat.com\\\/chatiwi\\\/\",\"url\":\"https:\\\/\\\/tinychat.com\\\/chatiwi\\\/\",\"name\":\"Chatiwi - Anonymous Encrypted Chat No Registration - TinyChat.com\",\"isPartOf\":{\"@id\":\"https:\\\/\\\/tinychat.com\\\/#website\"},\"datePublished\":\"2025-07-26T15:37:58+00:00\",\"dateModified\":\"2025-07-26T15:38:19+00:00\",\"description\":\"Enjoying Chatiwi? Join over 50,000,000 strangers on TinyChat! Turn on your cam and start meeting new people, or find a match.\",\"breadcrumb\":{\"@id\":\"https:\\\/\\\/tinychat.com\\\/chatiwi\\\/#breadcrumb\"},\"inLanguage\":\"fr-FR\",\"potentialAction\":[{\"@type\":\"ReadAction\",\"target\":[\"https:\\\/\\\/tinychat.com\\\/chatiwi\\\/\"]}]},{\"@type\":\"BreadcrumbList\",\"@id\":\"https:\\\/\\\/tinychat.com\\\/chatiwi\\\/#breadcrumb\",\"itemListElement\":[{\"@type\":\"ListItem\",\"position\":1,\"name\":\"Home\",\"item\":\"https:\\\/\\\/tinychat.com\\\/\"},{\"@type\":\"ListItem\",\"position\":2,\"name\":\"Chatiwi\"}]},{\"@type\":\"WebSite\",\"@id\":\"https:\\\/\\\/tinychat.com\\\/#website\",\"url\":\"https:\\\/\\\/tinychat.com\\\/\",\"name\":\"TinyChat\",\"description\":\"Random Video Chat with Strangers\",\"publisher\":{\"@id\":\"https:\\\/\\\/tinychat.com\\\/#organization\"},\"alternateName\":\"TinyChat.com\",\"potentialAction\":[{\"@type\":\"SearchAction\",\"target\":{\"@type\":\"EntryPoint\",\"urlTemplate\":\"https:\\\/\\\/tinychat.com\\\/?s={search_term_string}\"},\"query-input\":{\"@type\":\"PropertyValueSpecification\",\"valueRequired\":true,\"valueName\":\"search_term_string\"}}],\"inLanguage\":\"fr-FR\"},{\"@type\":\"Organization\",\"@id\":\"https:\\\/\\\/tinychat.com\\\/#organization\",\"name\":\"TinyChat\",\"alternateName\":\"TinyChat.com\",\"url\":\"https:\\\/\\\/tinychat.com\\\/\",\"logo\":{\"@type\":\"ImageObject\",\"inLanguage\":\"fr-FR\",\"@id\":\"https:\\\/\\\/tinychat.com\\\/#\\\/schema\\\/logo\\\/image\\\/\",\"url\":\"https:\\\/\\\/tinychat.com\\\/wp-content\\\/uploads\\\/2023\\\/11\\\/Tinychat-icon-square.png\",\"contentUrl\":\"https:\\\/\\\/tinychat.com\\\/wp-content\\\/uploads\\\/2023\\\/11\\\/Tinychat-icon-square.png\",\"width\":284,\"height\":284,\"caption\":\"TinyChat\"},\"image\":{\"@id\":\"https:\\\/\\\/tinychat.com\\\/#\\\/schema\\\/logo\\\/image\\\/\"},\"sameAs\":[\"https:\\\/\\\/www.facebook.com\\\/tinychat\",\"https:\\\/\\\/x.com\\\/tinychat\"]}]}<\/script>\n<!-- \/ Yoast SEO plugin. -->","yoast_head_json":{"title":"Chatiwi - Chat crypt\u00e9 anonyme sans inscription - TinyChat.com","description":"Vous aimez Chatiwi ? Rejoignez plus de 50 000 000 d'inconnus sur TinyChat ! Allumez votre cam\u00e9ra et commencez \u00e0 rencontrer de nouvelles personnes, ou trouvez un partenaire.","robots":{"index":"index","follow":"follow","max-snippet":"max-snippet:-1","max-image-preview":"max-image-preview:large","max-video-preview":"max-video-preview:-1"},"canonical":"https:\/\/tinychat.com\/fr\/chatiwi\/","og_locale":"fr_FR","og_type":"article","og_title":"Chatiwi - Anonymous Encrypted Chat No Registration - TinyChat.com","og_description":"Enjoying Chatiwi? Join over 50,000,000 strangers on TinyChat! Turn on your cam and start meeting new people, or find a match.","og_url":"https:\/\/tinychat.com\/fr\/chatiwi\/","og_site_name":"TinyChat","article_publisher":"https:\/\/www.facebook.com\/tinychat","article_modified_time":"2025-07-26T15:38:19+00:00","og_image":[{"width":1280,"height":284,"url":"https:\/\/tinychat.com\/wp-content\/uploads\/2020\/04\/Tinychat-logo-1280x284-new-black.png","type":"image\/png"}],"twitter_card":"summary_large_image","twitter_site":"@tinychat","twitter_misc":{"Dur\u00e9e de lecture estim\u00e9e":"7 minutes"},"schema":{"@context":"https:\/\/schema.org","@graph":[{"@type":"WebPage","@id":"https:\/\/tinychat.com\/chatiwi\/","url":"https:\/\/tinychat.com\/chatiwi\/","name":"Chatiwi - Chat crypt\u00e9 anonyme sans inscription - TinyChat.com","isPartOf":{"@id":"https:\/\/tinychat.com\/#website"},"datePublished":"2025-07-26T15:37:58+00:00","dateModified":"2025-07-26T15:38:19+00:00","description":"Vous aimez Chatiwi ? Rejoignez plus de 50 000 000 d'inconnus sur TinyChat ! Allumez votre cam\u00e9ra et commencez \u00e0 rencontrer de nouvelles personnes, ou trouvez un partenaire.","breadcrumb":{"@id":"https:\/\/tinychat.com\/chatiwi\/#breadcrumb"},"inLanguage":"fr-FR","potentialAction":[{"@type":"ReadAction","target":["https:\/\/tinychat.com\/chatiwi\/"]}]},{"@type":"BreadcrumbList","@id":"https:\/\/tinychat.com\/chatiwi\/#breadcrumb","itemListElement":[{"@type":"ListItem","position":1,"name":"Home","item":"https:\/\/tinychat.com\/"},{"@type":"ListItem","position":2,"name":"Chatiwi"}]},{"@type":"WebSite","@id":"https:\/\/tinychat.com\/#website","url":"https:\/\/tinychat.com\/","name":"TinyChat","description":"Chat vid\u00e9o al\u00e9atoire avec des inconnus","publisher":{"@id":"https:\/\/tinychat.com\/#organization"},"alternateName":"TinyChat.com","potentialAction":[{"@type":"SearchAction","target":{"@type":"EntryPoint","urlTemplate":"https:\/\/tinychat.com\/?s={search_term_string}"},"query-input":{"@type":"PropertyValueSpecification","valueRequired":true,"valueName":"search_term_string"}}],"inLanguage":"fr-FR"},{"@type":"Organization","@id":"https:\/\/tinychat.com\/#organization","name":"TinyChat","alternateName":"TinyChat.com","url":"https:\/\/tinychat.com\/","logo":{"@type":"ImageObject","inLanguage":"fr-FR","@id":"https:\/\/tinychat.com\/#\/schema\/logo\/image\/","url":"https:\/\/tinychat.com\/wp-content\/uploads\/2023\/11\/Tinychat-icon-square.png","contentUrl":"https:\/\/tinychat.com\/wp-content\/uploads\/2023\/11\/Tinychat-icon-square.png","width":284,"height":284,"caption":"TinyChat"},"image":{"@id":"https:\/\/tinychat.com\/#\/schema\/logo\/image\/"},"sameAs":["https:\/\/www.facebook.com\/tinychat","https:\/\/x.com\/tinychat"]}]}},"_links":{"self":[{"href":"https:\/\/tinychat.com\/fr\/wp-json\/wp\/v2\/pages\/13358","targetHints":{"allow":["GET"]}}],"collection":[{"href":"https:\/\/tinychat.com\/fr\/wp-json\/wp\/v2\/pages"}],"about":[{"href":"https:\/\/tinychat.com\/fr\/wp-json\/wp\/v2\/types\/page"}],"author":[{"embeddable":true,"href":"https:\/\/tinychat.com\/fr\/wp-json\/wp\/v2\/users\/6"}],"replies":[{"embeddable":true,"href":"https:\/\/tinychat.com\/fr\/wp-json\/wp\/v2\/comments?post=13358"}],"version-history":[{"count":1,"href":"https:\/\/tinychat.com\/fr\/wp-json\/wp\/v2\/pages\/13358\/revisions"}],"predecessor-version":[{"id":13364,"href":"https:\/\/tinychat.com\/fr\/wp-json\/wp\/v2\/pages\/13358\/revisions\/13364"}],"wp:attachment":[{"href":"https:\/\/tinychat.com\/fr\/wp-json\/wp\/v2\/media?parent=13358"}],"curies":[{"name":"wp","href":"https:\/\/api.w.org\/{rel}","templated":true}]}}