{"id":13405,"date":"2025-08-04T18:20:02","date_gmt":"2025-08-04T16:20:02","guid":{"rendered":"https:\/\/tinychat.com\/?page_id=13405"},"modified":"2025-08-04T18:20:02","modified_gmt":"2025-08-04T16:20:02","slug":"free-video-call-app-with-random-girl","status":"publish","type":"page","link":"https:\/\/tinychat.com\/fr\/free-video-call-app-with-random-girl\/","title":{"rendered":"Appel vid\u00e9o gratuit avec une fille au hasard"},"content":{"rendered":"<p>\u00c0 l'\u00e8re de la connexion instantan\u00e9e, l'id\u00e9e de discuter en face \u00e0 face avec une inconnue n'a jamais \u00e9t\u00e9 aussi excitante, ni aussi accessible. Une application gratuite d'appel vid\u00e9o avec random girl permet de rencontrer et de parler avec de vraies femmes du monde entier, directement depuis votre t\u00e9l\u00e9phone ou votre ordinateur portable, \u00e0 n'importe quelle heure. Que vous soyez \u00e0 la recherche de nouveaux amis, de conversations amoureuses ou que vous souhaitiez simplement savoir qui vous allez rencontrer, ces applications font de chaque soir\u00e9e une aventure.<\/p>\n<p>Si vous \u00eates curieux de savoir comment ces plateformes fonctionnent, ce qui les diff\u00e9rencie et comment vivre une exp\u00e9rience optimale et s\u00fbre, vous \u00eates au bon endroit. Explorons le monde des applications d'appels vid\u00e9o gratuits pour rencontrer des filles au hasard en ligne.<\/p>\n<h2>Qu'est-ce qu'une application gratuite d'appel vid\u00e9o avec une fille au hasard ?<\/h2>\n<p>Une application d'appel vid\u00e9o gratuit avec une fille au hasard est exactement ce \u00e0 quoi elle ressemble : une application ou une plateforme qui vous permet de vous connecter instantan\u00e9ment par chat vid\u00e9o avec des femmes qui cherchent \u00e9galement \u00e0 faire de nouvelles rencontres. En un clic, vous pouvez avoir une conversation spontan\u00e9e en face \u00e0 face avec une personne que vous n'avez jamais rencontr\u00e9e auparavant, sans inscription, paiement ou configuration compliqu\u00e9e.<\/p>\n<p>Ces plateformes offrent<\/p>\n<ul>\n<li>Correspondance al\u00e9atoire : vous \u00eates mis en relation instantan\u00e9ment avec une fille n'importe o\u00f9 dans le monde.<\/li>\n<li>Gratuit\u00e9 : De nombreuses applications et sites de premier plan sont totalement gratuits.<\/li>\n<li>Anonymat et vie priv\u00e9e : Vous d\u00e9cidez de ce que vous voulez partager et quand ; utilisez un pseudonyme si vous le souhaitez.<\/li>\n<li>Options de chat flexibles : Passez d'une discussion vid\u00e9o \u00e0 une discussion audio ou textuelle en fonction de votre niveau de confort.<\/li>\n<\/ul>\n<p>Il s'agit de v\u00e9ritables conversations, d'une v\u00e9ritable alchimie et de personnes r\u00e9elles, et non de robots ou de faux profils.<\/p>\n<h2>Pourquoi tant de gens utilisent-ils des applications d'appel vid\u00e9o al\u00e9atoires avec des filles ?<\/h2>\n<p>L'impr\u00e9visibilit\u00e9 du chat vid\u00e9o al\u00e9atoire a quelque chose de particuli\u00e8rement excitant, surtout si vous cherchez \u00e0 entrer en contact avec des femmes ouvertes, amicales et pr\u00eates \u00e0 vivre de nouvelles exp\u00e9riences. Voici pourquoi ces applications sont si populaires :<\/p>\n<ul>\n<li>Brisez la routine : Chaque conversation est nouvelle et diff\u00e9rente : fini les discussions de groupe ennuyeuses ou le \" swiping \" sans fin.<\/li>\n<li>Une alchimie instantan\u00e9e : Voir et entendre quelqu'un en temps r\u00e9el, ce qui facilite l'\u00e9tablissement d'un lien.<\/li>\n<li>Entra\u00eenez-vous \u00e0 flirter ou \u00e0 d\u00e9velopper vos aptitudes sociales : Id\u00e9al pour renforcer la confiance en soi dans un environnement ludique et sans pression.<\/li>\n<li>Une port\u00e9e mondiale : Rencontrez des filles de cultures, de milieux et de pays diff\u00e9rents.<\/li>\n<li>S'amuser en toute s\u00e9curit\u00e9 et de mani\u00e8re anonyme : Restez aussi discret que vous le souhaitez jusqu'\u00e0 ce que vous vous sentiez \u00e0 l'aise d'en partager davantage.<\/li>\n<\/ul>\n<blockquote><p>\"J'ai t\u00e9l\u00e9charg\u00e9 une application gratuite d'appel vid\u00e9o avec une fille au hasard juste par curiosit\u00e9, mais maintenant je l'utilise tout le temps. Certains chats sont stupides, d'autres flirtent, et quelques-uns se sont transform\u00e9s en v\u00e9ritables amiti\u00e9s.\"<\/p><\/blockquote>\n<h2>Meilleures applications pour les appels vid\u00e9o gratuits avec des filles au hasard<\/h2>\n<p>Vous vous demandez par o\u00f9 commencer ? Voici quelques-unes des options les plus populaires et les plus fiables pour rencontrer des filles par appel vid\u00e9o gratuit :<\/p>\n<h3>1. CooMeet<\/h3>\n<p>Une application bien connue con\u00e7ue pour mettre en relation des hommes avec des femmes v\u00e9rifi\u00e9es. Chaque utilisateur est r\u00e9el, et les filtres de genre facilitent le chat avec les filles uniquement. Rapide, simple et populaire dans le monde entier.<\/p>\n<h3>2. Omegle (avec filtre Girl)<\/h3>\n<p>Classique pour le chat vid\u00e9o al\u00e9atoire - bien qu'il n'y ait pas de filtre de genre int\u00e9gr\u00e9 sur Omegle, certains sites et extensions tiers facilitent la mise en relation avec des femmes.<\/p>\n<h3>3. LuckyCrush<\/h3>\n<p>Ce service met en relation instantan\u00e9ment des hommes et des femmes du monde entier pour des chats vid\u00e9o priv\u00e9s et al\u00e9atoires. Aucune inscription n'est n\u00e9cessaire et vous pouvez passer \u00e0 l'appel suivant \u00e0 tout moment.<\/p>\n<h3>4. Chatspin<\/h3>\n<p>Propose un chat vid\u00e9o avec des filtres de genre optionnels, des tags d'int\u00e9r\u00eat et une interface fluide et conviviale. Disponible sur mobile et sur ordinateur.<\/p>\n<h3>5. Chatrandom (Mode chat pour les filles)<\/h3>\n<p>Une grande communaut\u00e9 active et une section d\u00e9di\u00e9e au chat avec des filles uniquement. Gratuit, avec possibilit\u00e9 de mise \u00e0 jour pour plus de fonctionnalit\u00e9s.<\/p>\n<blockquote><p>Conseil : Utilisez toujours des applications officielles ou des sites r\u00e9put\u00e9s. \u00c9vitez les applications inconnues qui demandent des autorisations inutiles ou un paiement anticip\u00e9.<\/p><\/blockquote>\n<h2>Comment fonctionne une application d'appel vid\u00e9o al\u00e9atoire avec des filles ?<\/h2>\n<p>C'est incroyablement simple, aucune comp\u00e9tence technique n'est n\u00e9cessaire :<\/p>\n<ol>\n<li>T\u00e9l\u00e9chargez l'application ou visitez le site web. De nombreuses options sont disponibles sur iOS et Android, ou fonctionnent directement dans votre navigateur.<\/li>\n<li>Choisissez vos pr\u00e9f\u00e9rences. La plupart des applications vous permettent de filtrer en fonction du sexe, du lieu ou des centres d'int\u00e9r\u00eat.<\/li>\n<li>Autoriser l'acc\u00e8s \u00e0 la cam\u00e9ra et au microphone. Vous contr\u00f4lez le moment o\u00f9 votre cam\u00e9ra est activ\u00e9e ou d\u00e9sactiv\u00e9e.<\/li>\n<li>Cliquez sur \"D\u00e9marrer\" ou \"Se connecter\". Vous serez instantan\u00e9ment mis en relation avec une fille au hasard qui est \u00e9galement en ligne.<\/li>\n<li>Discutez, riez et voyez o\u00f9 cela vous m\u00e8ne. Si vous ne vous sentez pas \u00e0 l'aise, cliquez sur \"suivant\" pour rencontrer quelqu'un d'autre.<\/li>\n<\/ol>\n<p>Aucune inscription n'est requise sur de nombreuses plateformes, et la plupart proposent des chats gratuits illimit\u00e9s, parfaits pour une d\u00e9couverte sans fin.<\/p>\n<h2>Fonctionnalit\u00e9s gratuites ou payantes : Quelle est la diff\u00e9rence ?<\/h2>\n<p>La plupart des plateformes d'appels vid\u00e9o gratuits avec des filles au hasard vous offrent l'essentiel sans frais, mais certaines proposent des options payantes :<\/p>\n<table>\n<thead>\n<tr>\n<th>Fonctionnalit\u00e9<\/th>\n<th>Version gratuite<\/th>\n<th>Version payante<\/th>\n<\/tr>\n<\/thead>\n<tbody>\n<tr>\n<td>Correspondance vid\u00e9o al\u00e9atoire<\/td>\n<td>\u2705<\/td>\n<td>\u2705<\/td>\n<\/tr>\n<tr>\n<td>Filtres de genre<\/td>\n<td>\u2705 (de base)<\/td>\n<td>\u2705 (avanc\u00e9)<\/td>\n<\/tr>\n<tr>\n<td>Sauts\/connexions illimit\u00e9s<\/td>\n<td>\u2705 (peut \u00eatre limit\u00e9)<\/td>\n<td>\u2705 (illimit\u00e9)<\/td>\n<\/tr>\n<tr>\n<td>Pas de publicit\u00e9<\/td>\n<td>\u274c<\/td>\n<td>\u2705<\/td>\n<\/tr>\n<tr>\n<td>Acc\u00e8s prioritaire ou exclusif<\/td>\n<td>\u274c<\/td>\n<td>\u2705<\/td>\n<\/tr>\n<tr>\n<td>Cadeaux virtuels et autocollants<\/td>\n<td>\u274c<\/td>\n<td>\u2705<\/td>\n<\/tr>\n<\/tbody>\n<\/table>\n<p>Pour la plupart des utilisateurs, la version gratuite est amplement suffisante. Les fonctionnalit\u00e9s payantes sont utiles si vous souhaitez davantage de contr\u00f4le, de confidentialit\u00e9 ou une exp\u00e9rience sans publicit\u00e9.<\/p>\n<h2>Conseils de s\u00e9curit\u00e9 pour les chats vid\u00e9o al\u00e9atoires avec des filles<\/h2>\n<p>Rencontrer de nouvelles personnes en ligne est amusant, mais la s\u00e9curit\u00e9 doit toujours primer. Voici comment rester en s\u00e9curit\u00e9 :<\/p>\n<ul>\n<li>Ne partagez jamais d'informations priv\u00e9es : Ne donnez pas votre vrai nom, votre adresse, votre num\u00e9ro de t\u00e9l\u00e9phone ou vos identifiants sociaux tant que vous n'avez pas confiance en quelqu'un.<\/li>\n<li>Utilisez un surnom neutre : ne d\u00e9voilez pas votre v\u00e9ritable identit\u00e9 tant que vous ne vous sentez pas \u00e0 l'aise.<\/li>\n<li>Surveillez votre arri\u00e8re-plan : \u00c9vitez de montrer des objets personnels, des photos de famille ou l'adresse de votre domicile \u00e0 la cam\u00e9ra.<\/li>\n<li>Signalez\/bloquez les mauvais comportements : La plupart des applications disposent d'outils de blocage et de signalement instantan\u00e9s : utilisez-les pour tout ce qui est suspect ou offensant.<\/li>\n<li>N'envoyez pas d'argent et ne cliquez pas sur des liens \u00e9tranges : Prot\u00e9gez-vous des escroqueries et des tentatives d'hame\u00e7onnage.<\/li>\n<\/ul>\n<p>La plupart des utilisateurs sont l\u00e0 pour discuter de mani\u00e8re amicale et sinc\u00e8re, mais faites toujours confiance \u00e0 votre instinct.<\/p>\n<h2>Qui utilise des applications gratuites d'appel vid\u00e9o avec des filles au hasard ?<\/h2>\n<p>La r\u00e9ponse : \u00e0 peu pr\u00e8s tout le monde ! Vous trouverez :<\/p>\n<ul>\n<li>Les c\u00e9libataires recherchent des conversations agr\u00e9ables ou des rencontres d\u00e9contract\u00e9es en ligne.<\/li>\n<li>Personnes \u00e0 la recherche de nouveaux amis et de nouvelles perspectives<\/li>\n<li>Les noctambules veulent de la compagnie tard dans la nuit<\/li>\n<li>Les \u00e9tudiants pratiquent de nouvelles langues avec des locuteurs natifs<\/li>\n<li>Toute personne qui s'ennuie \u00e0 la maison et qui a envie de quelque chose de spontan\u00e9 et de nouveau<\/li>\n<\/ul>\n<p>C'est l'une des communaut\u00e9s en ligne les plus diverses et les plus impr\u00e9visibles - chaque discussion est une nouvelle histoire.<\/p>\n<h2>De quoi parler avec des filles au hasard lors d'un chat vid\u00e9o<\/h2>\n<p>Vous ne savez pas par o\u00f9 commencer ? Essayez ces id\u00e9es :<\/p>\n<ul>\n<li>Passe-temps, musique et films pr\u00e9f\u00e9r\u00e9s<\/li>\n<li>Histoires de cuisine et de voyage - o\u00f9 iriez-vous si l'argent n'\u00e9tait pas un probl\u00e8me ?<\/li>\n<li>Questions idiotes du type \"pr\u00e9f\u00e9rez-vous\" ou jeux pour briser la glace<\/li>\n<li>La chose la plus int\u00e9ressante qui vous soit arriv\u00e9e cette semaine<\/li>\n<li>Diff\u00e9rences culturelles ou \"comment c'est dans votre pays ?\".<\/li>\n<li>D\u00e9fis amusants (comme dessiner quelque chose en 10 secondes ou raconter une blague)<\/li>\n<\/ul>\n<p>Le plus important : soyez vous-m\u00eame ! C'est en \u00e9tant d\u00e9tendu, amical et sinc\u00e8re que l'on noue les meilleures relations.<\/p>\n<h2>Appel vid\u00e9o gratuit avec une fille au hasard vs. autres applications de chat<\/h2>\n<table>\n<thead>\n<tr>\n<th>Fonctionnalit\u00e9<\/th>\n<th>Appel vid\u00e9o gratuit avec une fille au hasard<\/th>\n<th>Applications de messagerie<\/th>\n<th>Applications de rencontre<\/th>\n<th>M\u00e9dias sociaux<\/th>\n<\/tr>\n<\/thead>\n<tbody>\n<tr>\n<td>Vid\u00e9o en temps r\u00e9el<\/td>\n<td>\u2705<\/td>\n<td>\u274c<\/td>\n<td>\u2705\/\u274c<\/td>\n<td>\u2705<\/td>\n<\/tr>\n<tr>\n<td>Correspondance al\u00e9atoire<\/td>\n<td>\u2705<\/td>\n<td>\u274c<\/td>\n<td>\u2705\/\u274c<\/td>\n<td>\u274c<\/td>\n<\/tr>\n<tr>\n<td>Filtres de genre<\/td>\n<td>\u2705<\/td>\n<td>\u274c<\/td>\n<td>\u2705<\/td>\n<td>\u274c<\/td>\n<\/tr>\n<tr>\n<td>Aucune inscription n'est requise<\/td>\n<td>\u2705<\/td>\n<td>\u274c<\/td>\n<td>\u274c<\/td>\n<td>\u274c<\/td>\n<\/tr>\n<tr>\n<td>Utilisation gratuite<\/td>\n<td>\u2705<\/td>\n<td>\u2705<\/td>\n<td>\u2705\/\u274c<\/td>\n<td>\u2705<\/td>\n<\/tr>\n<tr>\n<td>Option Skip\/next<\/td>\n<td>\u2705<\/td>\n<td>\u274c<\/td>\n<td>\u274c<\/td>\n<td>\u274c<\/td>\n<\/tr>\n<\/tbody>\n<\/table>\n<p>Ces applications se distinguent par leur spontan\u00e9it\u00e9, leur authenticit\u00e9 et leur vari\u00e9t\u00e9.<\/p>\n<h2>Conseils pour une exp\u00e9rience optimale<\/h2>\n<ul>\n<li>Souriez et dites bonjour - la premi\u00e8re impression compte !<\/li>\n<li>Ne prenez pas les discussions maladroites pour vous ; passez votre tour et essayez \u00e0 nouveau.<\/li>\n<li>Soyez respectueux et gardez la t\u00eate froide si vous n'\u00eates pas s\u00fbr de l'humeur de votre interlocuteur.<\/li>\n<li>Essayez de chatter \u00e0 des heures diff\u00e9rentes pour rencontrer des personnes du monde entier.<\/li>\n<li>Combinez la vid\u00e9o et le chat textuel en fonction de votre niveau de confort.<\/li>\n<\/ul>\n<h2>Quand utiliser une application gratuite d'appel vid\u00e9o avec une fille au hasard ?<\/h2>\n<ul>\n<li>Lorsque vous vous ennuyez et que vous voulez rencontrer quelqu'un de nouveau<\/li>\n<li>Pour les conversations de fin de soir\u00e9e ou pour renforcer rapidement la confiance en soi<\/li>\n<li>Pour d\u00e9couvrir d'autres cultures ou d'autres langues<\/li>\n<li>Si vous \u00eates \u00e0 la recherche d'un flirt amusant ou d'une amiti\u00e9 sinc\u00e8re<\/li>\n<li>Chaque fois que vous voulez sortir de votre routine et d\u00e9couvrir de nouveaux visages<\/li>\n<\/ul>\n<p>Un appel vid\u00e9o gratuit avec une fille au hasard est le meilleur moyen de transformer une soir\u00e9e ennuyeuse en une aventure, de se faire des amis, d'exercer ses comp\u00e9tences sociales ou m\u00eame de trouver un peu de romantisme. Avec des opportunit\u00e9s infinies, pas de pression, et de vraies conversations au bout des doigts, la prochaine grande connexion est toujours \u00e0 un clic.<\/p>\n<p>Pr\u00eat \u00e0 essayer ? T\u00e9l\u00e9chargez une application d'appel vid\u00e9o al\u00e9atoire de premier ordre ou visitez un site Web gratuit d\u00e8s maintenant - votre prochaine conversation pr\u00e9f\u00e9r\u00e9e vous attend !<\/p>","protected":false},"excerpt":{"rendered":"<p>In the age of instant connection, the idea of chatting face-to-face with a stranger has never been more exciting\u2014or more accessible. A free video call app with random girl makes it possible to meet and talk with real women from all around the world, right from your phone or laptop, at any hour. Whether you\u2019re [&hellip;]<\/p>\n","protected":false},"author":8,"featured_media":0,"parent":0,"menu_order":0,"comment_status":"closed","ping_status":"closed","template":"","meta":{"footnotes":""},"class_list":["post-13405","page","type-page","status-publish","hentry"],"yoast_head":"<!-- This site is optimized with the Yoast SEO plugin v27.5 - https:\/\/yoast.com\/product\/yoast-seo-wordpress\/ -->\n<title>Free Video Call App With Random Girl on TinyChat.com<\/title>\n<meta name=\"description\" content=\"Enjoying Free Video Call App With Random Girl? Join over 50,000,000 strangers on TinyChat! Turn on your cam and start meeting new people.\" \/>\n<meta name=\"robots\" content=\"index, follow, max-snippet:-1, max-image-preview:large, max-video-preview:-1\" \/>\n<link rel=\"canonical\" href=\"https:\/\/tinychat.com\/fr\/free-video-call-app-with-random-girl\/\" \/>\n<meta property=\"og:locale\" content=\"fr_FR\" \/>\n<meta property=\"og:type\" content=\"article\" \/>\n<meta property=\"og:title\" content=\"Free Video Call App With Random Girl on TinyChat.com\" \/>\n<meta property=\"og:description\" content=\"Enjoying Free Video Call App With Random Girl? Join over 50,000,000 strangers on TinyChat! Turn on your cam and start meeting new people.\" \/>\n<meta property=\"og:url\" content=\"https:\/\/tinychat.com\/fr\/free-video-call-app-with-random-girl\/\" \/>\n<meta property=\"og:site_name\" content=\"TinyChat\" \/>\n<meta property=\"article:publisher\" content=\"https:\/\/www.facebook.com\/tinychat\" \/>\n<meta property=\"og:image\" content=\"https:\/\/tinychat.com\/wp-content\/uploads\/2020\/04\/Tinychat-logo-1280x284-new-black.png\" \/>\n\t<meta property=\"og:image:width\" content=\"1280\" \/>\n\t<meta property=\"og:image:height\" content=\"284\" \/>\n\t<meta property=\"og:image:type\" content=\"image\/png\" \/>\n<meta name=\"twitter:card\" content=\"summary_large_image\" \/>\n<meta name=\"twitter:site\" content=\"@tinychat\" \/>\n<meta name=\"twitter:label1\" content=\"Dur\u00e9e de lecture estim\u00e9e\" \/>\n\t<meta name=\"twitter:data1\" content=\"6 minutes\" \/>\n<script type=\"application\/ld+json\" class=\"yoast-schema-graph\">{\"@context\":\"https:\\\/\\\/schema.org\",\"@graph\":[{\"@type\":\"WebPage\",\"@id\":\"https:\\\/\\\/tinychat.com\\\/free-video-call-app-with-random-girl\\\/\",\"url\":\"https:\\\/\\\/tinychat.com\\\/free-video-call-app-with-random-girl\\\/\",\"name\":\"Free Video Call App With Random Girl on TinyChat.com\",\"isPartOf\":{\"@id\":\"https:\\\/\\\/tinychat.com\\\/#website\"},\"datePublished\":\"2025-08-04T16:20:02+00:00\",\"description\":\"Enjoying Free Video Call App With Random Girl? Join over 50,000,000 strangers on TinyChat! Turn on your cam and start meeting new people.\",\"breadcrumb\":{\"@id\":\"https:\\\/\\\/tinychat.com\\\/free-video-call-app-with-random-girl\\\/#breadcrumb\"},\"inLanguage\":\"fr-FR\",\"potentialAction\":[{\"@type\":\"ReadAction\",\"target\":[\"https:\\\/\\\/tinychat.com\\\/free-video-call-app-with-random-girl\\\/\"]}]},{\"@type\":\"BreadcrumbList\",\"@id\":\"https:\\\/\\\/tinychat.com\\\/free-video-call-app-with-random-girl\\\/#breadcrumb\",\"itemListElement\":[{\"@type\":\"ListItem\",\"position\":1,\"name\":\"Home\",\"item\":\"https:\\\/\\\/tinychat.com\\\/\"},{\"@type\":\"ListItem\",\"position\":2,\"name\":\"Free Video Call App With Random Girl\"}]},{\"@type\":\"WebSite\",\"@id\":\"https:\\\/\\\/tinychat.com\\\/#website\",\"url\":\"https:\\\/\\\/tinychat.com\\\/\",\"name\":\"TinyChat\",\"description\":\"Random Video Chat with Strangers\",\"publisher\":{\"@id\":\"https:\\\/\\\/tinychat.com\\\/#organization\"},\"alternateName\":\"TinyChat.com\",\"potentialAction\":[{\"@type\":\"SearchAction\",\"target\":{\"@type\":\"EntryPoint\",\"urlTemplate\":\"https:\\\/\\\/tinychat.com\\\/?s={search_term_string}\"},\"query-input\":{\"@type\":\"PropertyValueSpecification\",\"valueRequired\":true,\"valueName\":\"search_term_string\"}}],\"inLanguage\":\"fr-FR\"},{\"@type\":\"Organization\",\"@id\":\"https:\\\/\\\/tinychat.com\\\/#organization\",\"name\":\"TinyChat\",\"alternateName\":\"TinyChat.com\",\"url\":\"https:\\\/\\\/tinychat.com\\\/\",\"logo\":{\"@type\":\"ImageObject\",\"inLanguage\":\"fr-FR\",\"@id\":\"https:\\\/\\\/tinychat.com\\\/#\\\/schema\\\/logo\\\/image\\\/\",\"url\":\"https:\\\/\\\/tinychat.com\\\/wp-content\\\/uploads\\\/2023\\\/11\\\/Tinychat-icon-square.png\",\"contentUrl\":\"https:\\\/\\\/tinychat.com\\\/wp-content\\\/uploads\\\/2023\\\/11\\\/Tinychat-icon-square.png\",\"width\":284,\"height\":284,\"caption\":\"TinyChat\"},\"image\":{\"@id\":\"https:\\\/\\\/tinychat.com\\\/#\\\/schema\\\/logo\\\/image\\\/\"},\"sameAs\":[\"https:\\\/\\\/www.facebook.com\\\/tinychat\",\"https:\\\/\\\/x.com\\\/tinychat\"]}]}<\/script>\n<!-- \/ Yoast SEO plugin. -->","yoast_head_json":{"title":"Appel vid\u00e9o gratuit avec une fille au hasard sur TinyChat.com","description":"Vous appr\u00e9ciez l'application d'appel vid\u00e9o gratuit avec une fille au hasard ? Rejoignez plus de 50 000 000 d'inconnus sur TinyChat ! Allumez votre cam\u00e9ra et commencez \u00e0 rencontrer de nouvelles personnes.","robots":{"index":"index","follow":"follow","max-snippet":"max-snippet:-1","max-image-preview":"max-image-preview:large","max-video-preview":"max-video-preview:-1"},"canonical":"https:\/\/tinychat.com\/fr\/free-video-call-app-with-random-girl\/","og_locale":"fr_FR","og_type":"article","og_title":"Free Video Call App With Random Girl on TinyChat.com","og_description":"Enjoying Free Video Call App With Random Girl? Join over 50,000,000 strangers on TinyChat! Turn on your cam and start meeting new people.","og_url":"https:\/\/tinychat.com\/fr\/free-video-call-app-with-random-girl\/","og_site_name":"TinyChat","article_publisher":"https:\/\/www.facebook.com\/tinychat","og_image":[{"width":1280,"height":284,"url":"https:\/\/tinychat.com\/wp-content\/uploads\/2020\/04\/Tinychat-logo-1280x284-new-black.png","type":"image\/png"}],"twitter_card":"summary_large_image","twitter_site":"@tinychat","twitter_misc":{"Dur\u00e9e de lecture estim\u00e9e":"6 minutes"},"schema":{"@context":"https:\/\/schema.org","@graph":[{"@type":"WebPage","@id":"https:\/\/tinychat.com\/free-video-call-app-with-random-girl\/","url":"https:\/\/tinychat.com\/free-video-call-app-with-random-girl\/","name":"Appel vid\u00e9o gratuit avec une fille au hasard sur TinyChat.com","isPartOf":{"@id":"https:\/\/tinychat.com\/#website"},"datePublished":"2025-08-04T16:20:02+00:00","description":"Vous appr\u00e9ciez l'application d'appel vid\u00e9o gratuit avec une fille au hasard ? Rejoignez plus de 50 000 000 d'inconnus sur TinyChat ! Allumez votre cam\u00e9ra et commencez \u00e0 rencontrer de nouvelles personnes.","breadcrumb":{"@id":"https:\/\/tinychat.com\/free-video-call-app-with-random-girl\/#breadcrumb"},"inLanguage":"fr-FR","potentialAction":[{"@type":"ReadAction","target":["https:\/\/tinychat.com\/free-video-call-app-with-random-girl\/"]}]},{"@type":"BreadcrumbList","@id":"https:\/\/tinychat.com\/free-video-call-app-with-random-girl\/#breadcrumb","itemListElement":[{"@type":"ListItem","position":1,"name":"Home","item":"https:\/\/tinychat.com\/"},{"@type":"ListItem","position":2,"name":"Free Video Call App With Random Girl"}]},{"@type":"WebSite","@id":"https:\/\/tinychat.com\/#website","url":"https:\/\/tinychat.com\/","name":"TinyChat","description":"Chat vid\u00e9o al\u00e9atoire avec des inconnus","publisher":{"@id":"https:\/\/tinychat.com\/#organization"},"alternateName":"TinyChat.com","potentialAction":[{"@type":"SearchAction","target":{"@type":"EntryPoint","urlTemplate":"https:\/\/tinychat.com\/?s={search_term_string}"},"query-input":{"@type":"PropertyValueSpecification","valueRequired":true,"valueName":"search_term_string"}}],"inLanguage":"fr-FR"},{"@type":"Organization","@id":"https:\/\/tinychat.com\/#organization","name":"TinyChat","alternateName":"TinyChat.com","url":"https:\/\/tinychat.com\/","logo":{"@type":"ImageObject","inLanguage":"fr-FR","@id":"https:\/\/tinychat.com\/#\/schema\/logo\/image\/","url":"https:\/\/tinychat.com\/wp-content\/uploads\/2023\/11\/Tinychat-icon-square.png","contentUrl":"https:\/\/tinychat.com\/wp-content\/uploads\/2023\/11\/Tinychat-icon-square.png","width":284,"height":284,"caption":"TinyChat"},"image":{"@id":"https:\/\/tinychat.com\/#\/schema\/logo\/image\/"},"sameAs":["https:\/\/www.facebook.com\/tinychat","https:\/\/x.com\/tinychat"]}]}},"_links":{"self":[{"href":"https:\/\/tinychat.com\/fr\/wp-json\/wp\/v2\/pages\/13405","targetHints":{"allow":["GET"]}}],"collection":[{"href":"https:\/\/tinychat.com\/fr\/wp-json\/wp\/v2\/pages"}],"about":[{"href":"https:\/\/tinychat.com\/fr\/wp-json\/wp\/v2\/types\/page"}],"author":[{"embeddable":true,"href":"https:\/\/tinychat.com\/fr\/wp-json\/wp\/v2\/users\/8"}],"replies":[{"embeddable":true,"href":"https:\/\/tinychat.com\/fr\/wp-json\/wp\/v2\/comments?post=13405"}],"version-history":[{"count":2,"href":"https:\/\/tinychat.com\/fr\/wp-json\/wp\/v2\/pages\/13405\/revisions"}],"predecessor-version":[{"id":13407,"href":"https:\/\/tinychat.com\/fr\/wp-json\/wp\/v2\/pages\/13405\/revisions\/13407"}],"wp:attachment":[{"href":"https:\/\/tinychat.com\/fr\/wp-json\/wp\/v2\/media?parent=13405"}],"curies":[{"name":"wp","href":"https:\/\/api.w.org\/{rel}","templated":true}]}}