{"id":13409,"date":"2025-08-05T11:01:10","date_gmt":"2025-08-05T09:01:10","guid":{"rendered":"https:\/\/tinychat.com\/?page_id=13409"},"modified":"2025-08-05T11:01:10","modified_gmt":"2025-08-05T09:01:10","slug":"omegle-replacement","status":"publish","type":"page","link":"https:\/\/tinychat.com\/fr\/omegle-replacement\/","title":{"rendered":"Omegle Remplacement"},"content":{"rendered":"<p>Lorsque Omegle a \u00e9t\u00e9 lanc\u00e9, il a chang\u00e9 notre fa\u00e7on de rencontrer des gens en ligne. Instantan\u00e9ment, n'importe qui pouvait se lancer dans une discussion vid\u00e9o avec un inconnu, sans profil, sans souci. Mais avec le d\u00e9veloppement de l'internet et l'\u00e9volution des besoins des utilisateurs, les attentes des gens ont \u00e9galement chang\u00e9, et le besoin de remplacer Omegle est plus grand que jamais.<\/p>\n<p>Peut-\u00eatre que Omegle est en panne, qu'il y a trop de monde ou qu'il ne vous convient plus. Ou peut-\u00eatre cherchez-vous une exp\u00e9rience plus s\u00fbre, plus riche en fonctionnalit\u00e9s, ou m\u00eame plus mod\u00e9r\u00e9e. Quelle que soit votre raison, il y a maintenant des douzaines d'alternatives \u00e0 Omegle pr\u00eates \u00e0 vous offrir des moyens nouveaux et excitants de rencontrer de nouvelles personnes en ligne.<\/p>\n<h2>Pourquoi chercher un rempla\u00e7ant au Omegle ?<\/h2>\n<p>Omegle a \u00e9t\u00e9 un pionnier, mais soyons honn\u00eates : il n'est pas parfait. Au fil des ans, de nombreux utilisateurs se sont retrouv\u00e9s \u00e0 la recherche d'un produit de remplacement pour le Omegle pour les raisons suivantes :<\/p>\n<ul>\n<li>Mod\u00e9ration incoh\u00e9rente : Trop de robots ou d'utilisateurs inappropri\u00e9s.<\/li>\n<li>Manque de filtres : Difficile de trouver des personnes en fonction de leur \u00e2ge, de leur sexe ou de leurs centres d'int\u00e9r\u00eat.<\/li>\n<li>Pas d'application mobile : Omegle n'est pas toujours adapt\u00e9 \u00e0 la mobilit\u00e9.<\/li>\n<li>Fonctionnalit\u00e9s limit\u00e9es : Peu de jeux, d'autocollants, de cadeaux ou de salons de discussion \u00e0 th\u00e8me.<\/li>\n<li>Les probl\u00e8mes de s\u00e9curit\u00e9 : L'anonymat est une bonne chose, mais il arrive que l'on veuille plus de protection.<\/li>\n<\/ul>\n<p>C'est pourquoi de nombreuses personnes explorent les sites et applications alternatifs Omegle, \u00e0 la recherche de la m\u00eame spontan\u00e9it\u00e9, mais avec plus de contr\u00f4le et de meilleures vibrations.<\/p>\n<h2>Qu'est-ce qui fait une bonne alternative au Omegle ?<\/h2>\n<p>Les meilleures plateformes de remplacement Omegle ont toutes quelques points communs :<\/p>\n<ul>\n<li>Utilisation gratuite : Pas de grands murs payants ni de co\u00fbts cach\u00e9s pour commencer \u00e0 chatter.<\/li>\n<li>Chat vid\u00e9o et texte instantan\u00e9 : Faites connaissance et rencontrez quelqu'un de nouveau en quelques secondes.<\/li>\n<li>Correspondance anonyme : restez discret, utilisez un pseudonyme et ne partagez que ce que vous voulez.<\/li>\n<li>Filtres et contr\u00f4les : Sexe, localisation, centres d'int\u00e9r\u00eat, etc.<\/li>\n<li>Mod\u00e9ration active : Blocage, signalement et normes communautaires actives.<\/li>\n<li>Compatibilit\u00e9 mobile : Applications ou sites adapt\u00e9s aux mobiles.<\/li>\n<\/ul>\n<p>Une fois ces \u00e9l\u00e9ments de base couverts, chaque remplacement de Omegle offre sa propre touche : certains mettent l'accent sur l'amusement, d'autres sur la s\u00e9curit\u00e9 et d'autres encore sur la recherche de connexions plus authentiques.<\/p>\n<h2>Meilleurs sites et applications de remplacement du Omegle<\/h2>\n<p>Pr\u00eat \u00e0 essayer quelque chose de nouveau ? Voici les meilleures alternatives \u00e0 Omegle, toutes avec leur propre saveur et leur propre base de fans :<\/p>\n<h3>1. Chatroulette<\/h3>\n<p>Le rival original du chat vid\u00e9o al\u00e9atoire. Connu pour ses correspondances rapides, son interface simple et son \u00e9norme base d'utilisateurs. Une mod\u00e9ration rigoureuse a permis d'am\u00e9liorer l'exp\u00e9rience des utilisateurs.<\/p>\n<h3>2. Chatspin<\/h3>\n<p>Propose des options de chat vid\u00e9o, texte et de groupe. Filtres pour le sexe et la localisation, effets vid\u00e9o amusants, et disponible sur ordinateur et mobile.<\/p>\n<h3>3. Camsurf<\/h3>\n<p>Un environnement s\u00fbr et propre avec mod\u00e9ration et filtres par pays et par langue. Des connexions rapides et une plateforme adapt\u00e9e aux mobiles.<\/p>\n<h3>4. Chatrandom<\/h3>\n<p>Permet de filtrer par sexe, par lieu et m\u00eame par pr\u00e9f\u00e9rence sexuelle. Comprend des salles de chat \u00e0 th\u00e8me et une option \"chat de filles uniquement\".<\/p>\n<h3>5. TinyChat<\/h3>\n<p>Chat de groupe avec salles publiques et priv\u00e9es : id\u00e9al pour participer \u00e0 des conversations sur n'importe quel sujet, ou m\u00eame pour diffuser votre propre chat vid\u00e9o.<\/p>\n<h3>6. Bazoocam<\/h3>\n<p>Populaire en Europe, Bazoocam offre une mise en relation rapide et des jeux en ligne pour aider \u00e0 briser la glace.<\/p>\n<h3>7. Emerald Chat<\/h3>\n<p>Il met l'accent sur la communaut\u00e9 et la technologie anti-bot, avec une forte mod\u00e9ration, une correspondance des int\u00e9r\u00eats et des points karma pour un bon comportement.<\/p>\n<h3>8. CooMeet<\/h3>\n<p>Pour les hommes qui cherchent \u00e0 chatter avec des femmes v\u00e9rifi\u00e9es, CooMeet est un substitut premium de Omegle avec v\u00e9rification vid\u00e9o et un ratio \u00e9lev\u00e9 de femmes par rapport aux hommes.<\/p>\n<h3>9. Shagle<\/h3>\n<p>Chat vid\u00e9o mondial al\u00e9atoire avec filtres de sexe et de lieu, cadeaux virtuels et filtres vid\u00e9o amusants.<\/p>\n<blockquote><p>Conseil : essayez-en plusieurs ! Chaque plateforme de remplacement Omegle a sa propre communaut\u00e9 et sa propre personnalit\u00e9.<\/p><\/blockquote>\n<h2>Omegle Replacement vs. Omegle : Comment se comparent-ils ?<\/h2>\n<table>\n<thead>\n<tr>\n<th>Fonctionnalit\u00e9<\/th>\n<th>Omegle<\/th>\n<th>Chatroulette<\/th>\n<th>Chatspin<\/th>\n<th>Chatrandom<\/th>\n<th>Camsurf<\/th>\n<th>Emerald Chat<\/th>\n<\/tr>\n<\/thead>\n<tbody>\n<tr>\n<td>Utilisation gratuite<\/td>\n<td>\u2705<\/td>\n<td>\u2705<\/td>\n<td>\u2705<\/td>\n<td>\u2705<\/td>\n<td>\u2705<\/td>\n<td>\u2705<\/td>\n<\/tr>\n<tr>\n<td>Chat vid\u00e9o et texte<\/td>\n<td>\u2705<\/td>\n<td>\u2705<\/td>\n<td>\u2705<\/td>\n<td>\u2705<\/td>\n<td>\u2705<\/td>\n<td>\u2705<\/td>\n<\/tr>\n<tr>\n<td>Filtres de genre<\/td>\n<td>\u274c<\/td>\n<td>\u274c<\/td>\n<td>\u2705<\/td>\n<td>\u2705<\/td>\n<td>\u2705<\/td>\n<td>\u2705<\/td>\n<\/tr>\n<tr>\n<td>Filtres d'int\u00e9r\u00eat<\/td>\n<td>\u2705<\/td>\n<td>\u274c<\/td>\n<td>\u2705<\/td>\n<td>\u2705<\/td>\n<td>\u2705<\/td>\n<td>\u2705<\/td>\n<\/tr>\n<tr>\n<td>Forte mod\u00e9ration<\/td>\n<td>\u274c<\/td>\n<td>\u2705<\/td>\n<td>\u2705<\/td>\n<td>\u2705<\/td>\n<td>\u2705<\/td>\n<td>\u2705<\/td>\n<\/tr>\n<tr>\n<td>Adapt\u00e9e aux mobiles\/application<\/td>\n<td>\u274c<\/td>\n<td>\u2705<\/td>\n<td>\u2705<\/td>\n<td>\u2705<\/td>\n<td>\u2705<\/td>\n<td>\u2705<\/td>\n<\/tr>\n<tr>\n<td>Caract\u00e9ristiques uniques<\/td>\n<td>Mode espion<\/td>\n<td>Jeux<\/td>\n<td>Effets<\/td>\n<td>Chambres \u00e0 th\u00e8me<\/td>\n<td>Langue<\/td>\n<td>Syst\u00e8me de karma<\/td>\n<\/tr>\n<\/tbody>\n<\/table>\n<p>Les alternatives \u00e0 Omegle ajoutent g\u00e9n\u00e9ralement plus de filtres, une meilleure mod\u00e9ration et des fonctionnalit\u00e9s suppl\u00e9mentaires.<\/p>\n<h2>Remplacement gratuit du Omegle : A quoi s'attendre<\/h2>\n<p>La plupart des plateformes de remplacement de Omegle sont totalement gratuites, mais certaines proposent des services suppl\u00e9mentaires payants :<\/p>\n<ul>\n<li>Filtres illimit\u00e9s<\/li>\n<li>Correspondance des priorit\u00e9s<\/li>\n<li>Pas de publicit\u00e9<\/li>\n<li>Acc\u00e8s \u00e0 des salles ou \u00e0 des fonctions \"VIP<\/li>\n<\/ul>\n<p>Mais il n'est pas n\u00e9cessaire de d\u00e9penser de l'argent pour avoir de bonnes conversations. La version gratuite de presque toutes les alternatives est robuste et riche en possibilit\u00e9s.<\/p>\n<h2>Conseils pour tirer le meilleur parti de votre alternative Omegle<\/h2>\n<ul>\n<li>Soyez ouvert et amical : La premi\u00e8re impression compte ! Un bonjour sinc\u00e8re fait beaucoup de bien.<\/li>\n<li>Essayez \u00e0 des heures diff\u00e9rentes : Des utilisateurs de diff\u00e9rents pays et fuseaux horaires sont en ligne en permanence.<\/li>\n<li>Utilisez des filtres : Le sexe, la localisation et les centres d'int\u00e9r\u00eat peuvent vous aider \u00e0 trouver de meilleures correspondances.<\/li>\n<li>Ne vous d\u00e9couragez pas : Si une discussion est maladroite ou courte, il suffit de cliquer sur \"suivant\".<\/li>\n<li>Explorez les salles \u00e0 th\u00e8me : De nombreux sites vous permettent de rejoindre des groupes consacr\u00e9s \u00e0 la musique, aux jeux, aux rencontres, etc.<\/li>\n<li>M\u00e9langez-les : Passez du texte \u00e0 la vid\u00e9o en fonction de votre niveau de confort.<\/li>\n<\/ul>\n<h2>Rester prudent sur les remplacements de Omegle<\/h2>\n<p>Le chat vid\u00e9o al\u00e9atoire est amusant, mais il faut toujours rester prudent :<\/p>\n<ul>\n<li>Ne communiquez jamais votre vrai nom, votre adresse ou vos informations personnelles.<\/li>\n<li>Utilisez un surnom et gardez un arri\u00e8re-plan neutre pour votre webcam.<\/li>\n<li>Ne cliquez pas sur des liens ou ne t\u00e9l\u00e9chargez pas de fichiers provenant d'inconnus.<\/li>\n<li>Bloquer\/rapporter toute personne impolie ou inappropri\u00e9e.<\/li>\n<li>Si vous avez moins de 18 ans, n'utilisez que des plateformes con\u00e7ues pour votre tranche d'\u00e2ge et avec une grande mod\u00e9ration.<\/li>\n<\/ul>\n<p>La plupart des alternatives r\u00e9put\u00e9es prennent la s\u00e9curit\u00e9 au s\u00e9rieux, mais il est toujours judicieux de faire preuve de discernement.<\/p>\n<h2>Qui utilise les sites de remplacement Omegle ?<\/h2>\n<p>Tout le monde ! Vous rencontrerez :<\/p>\n<ul>\n<li>Les c\u00e9libataires qui cherchent \u00e0 flirter, \u00e0 sortir ou \u00e0 se faire des amis<\/li>\n<li>Voyageurs et expatri\u00e9s souhaitant se connecter \u00e0 l'\u00e9chelle mondiale<\/li>\n<li>Les \u00e9l\u00e8ves pratiquent leurs comp\u00e9tences linguistiques<\/li>\n<li>Les noctambules et les insomniaques qui s'ennuient<\/li>\n<li>Toute personne ouverte \u00e0 une conversation fra\u00eeche et en temps r\u00e9el<\/li>\n<\/ul>\n<p>On ne sait jamais qui se trouve de l'autre c\u00f4t\u00e9 de la cam\u00e9ra - chaque discussion est une nouvelle histoire.<\/p>\n<h2>Quand utiliser un produit de remplacement Omegle ?<\/h2>\n<ul>\n<li>Lorsque Omegle est en panne ou ne fonctionne pas<\/li>\n<li>Pour un environnement plus s\u00fbr et plus mod\u00e9r\u00e9<\/li>\n<li>Si vous souhaitez utiliser des filtres pour une meilleure ad\u00e9quation<\/li>\n<li>Quand on s'ennuie et qu'on a besoin de compagnie<\/li>\n<li>Pratiquer des langues ou d\u00e9couvrir de nouvelles cultures<\/li>\n<li>Pour les groupes de discussion ou les communaut\u00e9s th\u00e9matiques<\/li>\n<\/ul>\n<h2>Omegle Replacement for Mobile : Chat en d\u00e9placement<\/h2>\n<p>La plupart des meilleures alternatives \u00e0 Omegle disposent d\u00e9sormais d'applications mobiles ou de sites Web optimis\u00e9s pour les mobiles, ce qui vous permet de les utiliser :<\/p>\n<ul>\n<li>Chat en cours de route - dans la file d'attente, pendant la pause ou tard dans la nuit<\/li>\n<li>Passez facilement de la vid\u00e9o au texte et aux discussions de groupe.<\/li>\n<li>Rencontrer des personnes du monde entier, \u00e0 tout moment et en tout lieu<\/li>\n<\/ul>\n<p>Recherchez dans votre magasin d'applications des noms comme Chatspin, Chatrandom ou Camsurf, et commencez \u00e0 chatter en quelques secondes.<\/p>\n<p>Omegle a peut-\u00eatre commenc\u00e9, mais il existe un tout nouveau monde de sites et d'applications de remplacement de Omegle, chacun offrant des moyens plus s\u00fbrs, plus intelligents et plus riches en fonctionnalit\u00e9s pour se connecter. Avec une meilleure mod\u00e9ration, des filtres r\u00e9els, un acc\u00e8s mobile et des communaut\u00e9s mondiales, vous pouvez toujours trouver la bonne ambiance, que vous soyez \u00e0 la recherche d'une amiti\u00e9, d'un flirt ou simplement d'une conversation amusante.<\/p>\n<p>Pr\u00eat \u00e0 passer \u00e0 autre chose que Omegle ? Explorez quelques alternatives ce soir - votre prochain grand chat pourrait \u00eatre juste \u00e0 un clic de l\u00e0.<\/p>","protected":false},"excerpt":{"rendered":"<p>When Omegle first launched, it changed how we met people online. Instantly, anyone could jump into a random video chat with a stranger, no profiles, no fuss. But as the internet has grown and user needs have changed, so have people\u2019s expectations\u2014and the need for an Omegle replacement is bigger than ever. Maybe Omegle is [&hellip;]<\/p>\n","protected":false},"author":8,"featured_media":0,"parent":0,"menu_order":0,"comment_status":"closed","ping_status":"closed","template":"","meta":{"footnotes":""},"class_list":["post-13409","page","type-page","status-publish","hentry"],"yoast_head":"<!-- This site is optimized with the Yoast SEO plugin v27.5 - https:\/\/yoast.com\/product\/yoast-seo-wordpress\/ -->\n<title>Omegle Replacement on TinyChat.com<\/title>\n<meta name=\"description\" content=\"Looking for an Omegle Replacement? Join over 50,000,000 strangers on TinyChat! Turn on your cam and start meeting new people.\" \/>\n<meta name=\"robots\" content=\"index, follow, max-snippet:-1, max-image-preview:large, max-video-preview:-1\" \/>\n<link rel=\"canonical\" href=\"https:\/\/tinychat.com\/fr\/omegle-replacement\/\" \/>\n<meta property=\"og:locale\" content=\"fr_FR\" \/>\n<meta property=\"og:type\" content=\"article\" \/>\n<meta property=\"og:title\" content=\"Omegle Replacement on TinyChat.com\" \/>\n<meta property=\"og:description\" content=\"Looking for an Omegle Replacement? Join over 50,000,000 strangers on TinyChat! Turn on your cam and start meeting new people.\" \/>\n<meta property=\"og:url\" content=\"https:\/\/tinychat.com\/fr\/omegle-replacement\/\" \/>\n<meta property=\"og:site_name\" content=\"TinyChat\" \/>\n<meta property=\"article:publisher\" content=\"https:\/\/www.facebook.com\/tinychat\" \/>\n<meta property=\"og:image\" content=\"https:\/\/tinychat.com\/wp-content\/uploads\/2020\/04\/Tinychat-logo-1280x284-new-black.png\" \/>\n\t<meta property=\"og:image:width\" content=\"1280\" \/>\n\t<meta property=\"og:image:height\" content=\"284\" \/>\n\t<meta property=\"og:image:type\" content=\"image\/png\" \/>\n<meta name=\"twitter:card\" content=\"summary_large_image\" \/>\n<meta name=\"twitter:site\" content=\"@tinychat\" \/>\n<meta name=\"twitter:label1\" content=\"Dur\u00e9e de lecture estim\u00e9e\" \/>\n\t<meta name=\"twitter:data1\" content=\"5 minutes\" \/>\n<script type=\"application\/ld+json\" class=\"yoast-schema-graph\">{\"@context\":\"https:\\\/\\\/schema.org\",\"@graph\":[{\"@type\":\"WebPage\",\"@id\":\"https:\\\/\\\/tinychat.com\\\/omegle-replacement\\\/\",\"url\":\"https:\\\/\\\/tinychat.com\\\/omegle-replacement\\\/\",\"name\":\"Omegle Replacement on TinyChat.com\",\"isPartOf\":{\"@id\":\"https:\\\/\\\/tinychat.com\\\/#website\"},\"datePublished\":\"2025-08-05T09:01:10+00:00\",\"description\":\"Looking for an Omegle Replacement? Join over 50,000,000 strangers on TinyChat! Turn on your cam and start meeting new people.\",\"breadcrumb\":{\"@id\":\"https:\\\/\\\/tinychat.com\\\/omegle-replacement\\\/#breadcrumb\"},\"inLanguage\":\"fr-FR\",\"potentialAction\":[{\"@type\":\"ReadAction\",\"target\":[\"https:\\\/\\\/tinychat.com\\\/omegle-replacement\\\/\"]}]},{\"@type\":\"BreadcrumbList\",\"@id\":\"https:\\\/\\\/tinychat.com\\\/omegle-replacement\\\/#breadcrumb\",\"itemListElement\":[{\"@type\":\"ListItem\",\"position\":1,\"name\":\"Home\",\"item\":\"https:\\\/\\\/tinychat.com\\\/\"},{\"@type\":\"ListItem\",\"position\":2,\"name\":\"Omegle Replacement\"}]},{\"@type\":\"WebSite\",\"@id\":\"https:\\\/\\\/tinychat.com\\\/#website\",\"url\":\"https:\\\/\\\/tinychat.com\\\/\",\"name\":\"TinyChat\",\"description\":\"Random Video Chat with Strangers\",\"publisher\":{\"@id\":\"https:\\\/\\\/tinychat.com\\\/#organization\"},\"alternateName\":\"TinyChat.com\",\"potentialAction\":[{\"@type\":\"SearchAction\",\"target\":{\"@type\":\"EntryPoint\",\"urlTemplate\":\"https:\\\/\\\/tinychat.com\\\/?s={search_term_string}\"},\"query-input\":{\"@type\":\"PropertyValueSpecification\",\"valueRequired\":true,\"valueName\":\"search_term_string\"}}],\"inLanguage\":\"fr-FR\"},{\"@type\":\"Organization\",\"@id\":\"https:\\\/\\\/tinychat.com\\\/#organization\",\"name\":\"TinyChat\",\"alternateName\":\"TinyChat.com\",\"url\":\"https:\\\/\\\/tinychat.com\\\/\",\"logo\":{\"@type\":\"ImageObject\",\"inLanguage\":\"fr-FR\",\"@id\":\"https:\\\/\\\/tinychat.com\\\/#\\\/schema\\\/logo\\\/image\\\/\",\"url\":\"https:\\\/\\\/tinychat.com\\\/wp-content\\\/uploads\\\/2023\\\/11\\\/Tinychat-icon-square.png\",\"contentUrl\":\"https:\\\/\\\/tinychat.com\\\/wp-content\\\/uploads\\\/2023\\\/11\\\/Tinychat-icon-square.png\",\"width\":284,\"height\":284,\"caption\":\"TinyChat\"},\"image\":{\"@id\":\"https:\\\/\\\/tinychat.com\\\/#\\\/schema\\\/logo\\\/image\\\/\"},\"sameAs\":[\"https:\\\/\\\/www.facebook.com\\\/tinychat\",\"https:\\\/\\\/x.com\\\/tinychat\"]}]}<\/script>\n<!-- \/ Yoast SEO plugin. -->","yoast_head_json":{"title":"Omegle Remplacement sur TinyChat.com","description":"Vous cherchez un rempla\u00e7ant \u00e0 Omegle ? Rejoignez plus de 50 000 000 d'inconnus sur TinyChat ! Allumez votre cam\u00e9ra et commencez \u00e0 rencontrer de nouvelles personnes.","robots":{"index":"index","follow":"follow","max-snippet":"max-snippet:-1","max-image-preview":"max-image-preview:large","max-video-preview":"max-video-preview:-1"},"canonical":"https:\/\/tinychat.com\/fr\/omegle-replacement\/","og_locale":"fr_FR","og_type":"article","og_title":"Omegle Replacement on TinyChat.com","og_description":"Looking for an Omegle Replacement? Join over 50,000,000 strangers on TinyChat! Turn on your cam and start meeting new people.","og_url":"https:\/\/tinychat.com\/fr\/omegle-replacement\/","og_site_name":"TinyChat","article_publisher":"https:\/\/www.facebook.com\/tinychat","og_image":[{"width":1280,"height":284,"url":"https:\/\/tinychat.com\/wp-content\/uploads\/2020\/04\/Tinychat-logo-1280x284-new-black.png","type":"image\/png"}],"twitter_card":"summary_large_image","twitter_site":"@tinychat","twitter_misc":{"Dur\u00e9e de lecture estim\u00e9e":"5 minutes"},"schema":{"@context":"https:\/\/schema.org","@graph":[{"@type":"WebPage","@id":"https:\/\/tinychat.com\/omegle-replacement\/","url":"https:\/\/tinychat.com\/omegle-replacement\/","name":"Omegle Remplacement sur TinyChat.com","isPartOf":{"@id":"https:\/\/tinychat.com\/#website"},"datePublished":"2025-08-05T09:01:10+00:00","description":"Vous cherchez un rempla\u00e7ant \u00e0 Omegle ? Rejoignez plus de 50 000 000 d'inconnus sur TinyChat ! Allumez votre cam\u00e9ra et commencez \u00e0 rencontrer de nouvelles personnes.","breadcrumb":{"@id":"https:\/\/tinychat.com\/omegle-replacement\/#breadcrumb"},"inLanguage":"fr-FR","potentialAction":[{"@type":"ReadAction","target":["https:\/\/tinychat.com\/omegle-replacement\/"]}]},{"@type":"BreadcrumbList","@id":"https:\/\/tinychat.com\/omegle-replacement\/#breadcrumb","itemListElement":[{"@type":"ListItem","position":1,"name":"Home","item":"https:\/\/tinychat.com\/"},{"@type":"ListItem","position":2,"name":"Omegle Replacement"}]},{"@type":"WebSite","@id":"https:\/\/tinychat.com\/#website","url":"https:\/\/tinychat.com\/","name":"TinyChat","description":"Chat vid\u00e9o al\u00e9atoire avec des inconnus","publisher":{"@id":"https:\/\/tinychat.com\/#organization"},"alternateName":"TinyChat.com","potentialAction":[{"@type":"SearchAction","target":{"@type":"EntryPoint","urlTemplate":"https:\/\/tinychat.com\/?s={search_term_string}"},"query-input":{"@type":"PropertyValueSpecification","valueRequired":true,"valueName":"search_term_string"}}],"inLanguage":"fr-FR"},{"@type":"Organization","@id":"https:\/\/tinychat.com\/#organization","name":"TinyChat","alternateName":"TinyChat.com","url":"https:\/\/tinychat.com\/","logo":{"@type":"ImageObject","inLanguage":"fr-FR","@id":"https:\/\/tinychat.com\/#\/schema\/logo\/image\/","url":"https:\/\/tinychat.com\/wp-content\/uploads\/2023\/11\/Tinychat-icon-square.png","contentUrl":"https:\/\/tinychat.com\/wp-content\/uploads\/2023\/11\/Tinychat-icon-square.png","width":284,"height":284,"caption":"TinyChat"},"image":{"@id":"https:\/\/tinychat.com\/#\/schema\/logo\/image\/"},"sameAs":["https:\/\/www.facebook.com\/tinychat","https:\/\/x.com\/tinychat"]}]}},"_links":{"self":[{"href":"https:\/\/tinychat.com\/fr\/wp-json\/wp\/v2\/pages\/13409","targetHints":{"allow":["GET"]}}],"collection":[{"href":"https:\/\/tinychat.com\/fr\/wp-json\/wp\/v2\/pages"}],"about":[{"href":"https:\/\/tinychat.com\/fr\/wp-json\/wp\/v2\/types\/page"}],"author":[{"embeddable":true,"href":"https:\/\/tinychat.com\/fr\/wp-json\/wp\/v2\/users\/8"}],"replies":[{"embeddable":true,"href":"https:\/\/tinychat.com\/fr\/wp-json\/wp\/v2\/comments?post=13409"}],"version-history":[{"count":1,"href":"https:\/\/tinychat.com\/fr\/wp-json\/wp\/v2\/pages\/13409\/revisions"}],"predecessor-version":[{"id":13410,"href":"https:\/\/tinychat.com\/fr\/wp-json\/wp\/v2\/pages\/13409\/revisions\/13410"}],"wp:attachment":[{"href":"https:\/\/tinychat.com\/fr\/wp-json\/wp\/v2\/media?parent=13409"}],"curies":[{"name":"wp","href":"https:\/\/api.w.org\/{rel}","templated":true}]}}