{"id":13413,"date":"2025-08-07T10:47:03","date_gmt":"2025-08-07T08:47:03","guid":{"rendered":"https:\/\/tinychat.com\/?page_id=13413"},"modified":"2025-08-07T10:47:03","modified_gmt":"2025-08-07T08:47:03","slug":"talk-to-strangers-online-video","status":"publish","type":"page","link":"https:\/\/tinychat.com\/fr\/talk-to-strangers-online-video\/","title":{"rendered":"Talk to Strangers Vid\u00e9o en ligne"},"content":{"rendered":"<p>L'internet a compl\u00e8tement chang\u00e9 notre fa\u00e7on de communiquer avec les gens, mais si vous \u00eates toujours coinc\u00e9 dans des textes de groupe interminables, des sections de commentaires ou des tableaux d'affichage ennuyeux, vous manquez peut-\u00eatre le moyen le plus excitant de rencontrer de nouvelles personnes : Parler \u00e0 des inconnus en ligne par vid\u00e9o. C'est l'avenir de la connexion r\u00e9elle, en face \u00e0 face, o\u00f9 chaque clic apporte une nouvelle histoire, un nouveau rire et parfois m\u00eame un nouvel ami.<\/p>\n<p>Que vous recherchiez le plaisir, l'amiti\u00e9, l'\u00e9change culturel ou m\u00eame un peu de flirt, parler \u00e0 des \u00e9trangers par le biais du chat vid\u00e9o en ligne est le moyen le plus rapide et le plus authentique de d\u00e9couvrir le monde depuis chez vous.<\/p>\n<h2>Qu'est-ce que la vid\u00e9o en ligne \"Talk to Strangers\" ?<\/h2>\n<p>En termes simples, les plateformes vid\u00e9o en ligne \"Parlez \u00e0 des inconnus\" sont des sites web ou des applications qui vous permettent d'avoir des conversations vid\u00e9o en direct et en temps r\u00e9el avec des personnes que vous n'avez jamais rencontr\u00e9es. Vous n'avez pas besoin de vous inscrire, de remplir de longs profils ou d'attendre une rencontre. Il vous suffit d'allumer votre webcam, de cliquer sur \"D\u00e9marrer\" et vous vous retrouvez instantan\u00e9ment face \u00e0 face avec un inconnu, n'importe o\u00f9 dans le monde.<\/p>\n<p>Voici quelques-unes des caract\u00e9ristiques les plus courantes de ces plateformes :<\/p>\n<ul>\n<li>Correspondance al\u00e9atoire : vous \u00eates mis en relation avec quelqu'un de nouveau \u00e0 chaque fois que vous commencez un chat.<\/li>\n<li>Chat vid\u00e9o gratuit en ligne avec des inconnus : De nombreux sites proposent des connexions gratuites illimit\u00e9es.<\/li>\n<li>Filtres d'int\u00e9r\u00eat et de lieu : Trouvez des personnes ayant des loisirs similaires aux v\u00f4tres ou provenant d'endroits qui vous int\u00e9ressent.<\/li>\n<li>Anonymat et vie priv\u00e9e : Utilisez un pseudonyme et contr\u00f4lez ce que vous partagez.<\/li>\n<\/ul>\n<p>Quel que soit votre objectif - discuter de mani\u00e8re conviviale, \u00e9changer des langues, se faire de nouveaux amis ou simplement voir ce qui se passe - il y a une plateforme qui correspond \u00e0 vos attentes.<\/p>\n<h2>Pourquoi essayer de parler \u00e0 des inconnus en ligne par vid\u00e9o ?<\/h2>\n<p>Il y a de nombreuses raisons pour lesquelles des millions de personnes choisissent de parler \u00e0 des inconnus en ligne par le biais d'un chat vid\u00e9o plut\u00f4t que d'envoyer des textos \u00e0 l'ancienne ou d'utiliser les m\u00e9dias sociaux traditionnels :<\/p>\n<ul>\n<li>Connexion instantan\u00e9e : Obtenez des r\u00e9actions, des sourires et des rires en temps r\u00e9el - plus besoin d'attendre les r\u00e9ponses.<\/li>\n<li>Voir de vraies personnes : Pas de fausses photos ou de profils interminables ; ce que vous voyez est ce que vous obtenez.<\/li>\n<li>Exploration culturelle : Rencontrer des personnes d'autres pays et d\u00e9couvrir de nouveaux lieux, de nouvelles coutumes et de nouvelles perspectives.<\/li>\n<li>Aucune pression : Vous ne vous sentez pas \u00e0 l'aise avec quelqu'un ? Cliquez simplement sur \"Suivant\" et passez \u00e0 la discussion suivante.<\/li>\n<li>Combattre la solitude : Que vous soyez \u00e0 la maison, en voyage ou que vous travailliez tard, il y a toujours quelqu'un en ligne pour vous tenir compagnie.<\/li>\n<li>Pratiquez vos comp\u00e9tences linguistiques : Id\u00e9al pour les \u00e9tudiants ou toute personne souhaitant am\u00e9liorer une seconde langue avec des locuteurs natifs.<\/li>\n<li>Amusement et excitation : Chaque chat est un myst\u00e8re - vous ne savez jamais qui vous allez rencontrer !<\/li>\n<\/ul>\n<blockquote><p>\"J'ai commenc\u00e9 \u00e0 utiliser le chat vid\u00e9o en ligne juste pour passer le temps pendant le lockdown, mais maintenant j'ai des amis dans cinq pays diff\u00e9rents. Chaque nuit est une nouvelle aventure !<\/p><\/blockquote>\n<h2>Comment fonctionne le chat vid\u00e9o al\u00e9atoire avec des inconnus en ligne ?<\/h2>\n<p>La mise en route est tr\u00e8s simple, m\u00eame si vous n'\u00eates pas un expert en technologie :<\/p>\n<ol>\n<li>Choisissez une plateforme : Les options les plus populaires sont Omegle, Chatroulette, Chatspin, Camsurf et Chatrandom.<\/li>\n<li>Autoriser l'acc\u00e8s \u00e0 la cam\u00e9ra et au microphone : Vous avez toujours le contr\u00f4le : activez ou d\u00e9sactivez votre cam\u00e9ra ou votre micro selon vos besoins.<\/li>\n<li>Cliquez sur \"D\u00e9marrer\" ou \"Se connecter\" : Vous \u00eates instantan\u00e9ment mis en relation avec un inconnu en ligne.<\/li>\n<li>Discutez aussi longtemps que vous le souhaitez : Si la conversation est bonne, continuez. Sinon, cliquez sur \"Suivant\" pour rencontrer quelqu'un d'autre.<\/li>\n<li>Utilisez des filtres ou des tags : De nombreux sites vous permettent d'effectuer des recherches par centres d'int\u00e9r\u00eat ou par lieu, afin d'obtenir de meilleurs r\u00e9sultats.<\/li>\n<li>Aucune inscription n'est requise : La plupart des plateformes vous permettent de rester compl\u00e8tement anonyme, en n'utilisant qu'un pseudonyme si vous le souhaitez.<\/li>\n<\/ol>\n<p>Et voil\u00e0 ! En quelques secondes, vous pouvez discuter, rire et apprendre avec quelqu'un de totalement nouveau.<\/p>\n<h2>Les meilleures plateformes pour parler \u00e0 des inconnus en ligne par vid\u00e9o<\/h2>\n<p>Il existe des dizaines d'options, chacune ayant ses propres caract\u00e9ristiques et sa propre communaut\u00e9. Voici quelques-unes des plus fiables et des plus utilis\u00e9es :<\/p>\n<ul>\n<li>Omegle : Le chat vid\u00e9o al\u00e9atoire en ligne original - texte ou vid\u00e9o, totalement gratuit, et des millions d'utilisateurs dans le monde entier.<\/li>\n<li>Chatroulette : C\u00e9l\u00e8bre pour ses correspondances rapides comme l'\u00e9clair et ses conversations vid\u00e9o r\u00e9elles.<\/li>\n<li>Chatspin : Ajoute des filtres d'int\u00e9r\u00eat et de sexe, ainsi que des effets vid\u00e9o amusants.<\/li>\n<li>Camsurf : Une interface propre, une mod\u00e9ration forte et une communaut\u00e9 amicale.<\/li>\n<li>Chatrandom : Propose des salles de chat vid\u00e9o individuelles et collectives, ainsi que des filtres par r\u00e9gion et par centre d'int\u00e9r\u00eat.<\/li>\n<li>Bazoocam : Populaire en Europe, avec des jeux et des caract\u00e9ristiques uniques pour briser la glace.<\/li>\n<\/ul>\n<p>Essayez-en plusieurs et voyez ce qui vous convient le mieux. C'est en explorant diff\u00e9rentes plateformes et diff\u00e9rents moments de la journ\u00e9e que vous obtiendrez les meilleurs r\u00e9sultats.<\/p>\n<h2>Parler \u00e0 des inconnus Vid\u00e9o en ligne vs. autres moyens de communication<\/h2>\n<table>\n<thead>\n<tr>\n<th>Fonctionnalit\u00e9<\/th>\n<th>Chat vid\u00e9o en ligne<\/th>\n<th>Chat textuel<\/th>\n<th>M\u00e9dias sociaux<\/th>\n<th>Applications de rencontre<\/th>\n<\/tr>\n<\/thead>\n<tbody>\n<tr>\n<td>Face \u00e0 face en temps r\u00e9el<\/td>\n<td>\u2705<\/td>\n<td>\u274c<\/td>\n<td>\u2705<\/td>\n<td>\u2705\/\u274c<\/td>\n<\/tr>\n<tr>\n<td>Correspondance al\u00e9atoire<\/td>\n<td>\u2705<\/td>\n<td>\u2705<\/td>\n<td>\u274c<\/td>\n<td>\u2705<\/td>\n<\/tr>\n<tr>\n<td>Aucun profil n'est n\u00e9cessaire<\/td>\n<td>\u2705<\/td>\n<td>\u2705<\/td>\n<td>\u274c<\/td>\n<td>\u274c<\/td>\n<\/tr>\n<tr>\n<td>Utilisation gratuite<\/td>\n<td>\u2705<\/td>\n<td>\u2705<\/td>\n<td>\u2705<\/td>\n<td>\u2705\/\u274c<\/td>\n<\/tr>\n<tr>\n<td>Anonymat<\/td>\n<td>\u2705<\/td>\n<td>\u2705<\/td>\n<td>\u274c<\/td>\n<td>\u274c<\/td>\n<\/tr>\n<tr>\n<td>Fonction \"Suivant\"\/sauter<\/td>\n<td>\u2705<\/td>\n<td>\u2705<\/td>\n<td>\u274c<\/td>\n<td>\u274c<\/td>\n<\/tr>\n<\/tbody>\n<\/table>\n<p>Le chat vid\u00e9o en direct avec des inconnus se distingue par son imm\u00e9diatet\u00e9, sa spontan\u00e9it\u00e9 et sa connexion authentique.<\/p>\n<h2>Parler \u00e0 des inconnus en ligne en toute s\u00e9curit\u00e9 Vid\u00e9o<\/h2>\n<p>Si la plupart des gens cherchent simplement \u00e0 avoir une conversation amicale, la s\u00e9curit\u00e9 doit toujours primer :<\/p>\n<ul>\n<li>Ne communiquez pas d'informations priv\u00e9es : Ne r\u00e9v\u00e9lez jamais votre vrai nom, votre adresse, votre num\u00e9ro de t\u00e9l\u00e9phone ou votre lieu de travail.<\/li>\n<li>Utilisez un surnom neutre : gardez votre identit\u00e9 priv\u00e9e jusqu'\u00e0 ce que vous vous sentiez \u00e0 l'aise.<\/li>\n<li>Soyez prudent avec votre appareil photo : Gardez un arri\u00e8re-plan neutre et ne montrez pas de documents ou de d\u00e9tails personnels.<\/li>\n<li>Signalez et bloquez si n\u00e9cessaire : La plupart des plateformes vous permettent de bloquer ou de signaler instantan\u00e9ment toute personne agissant de mani\u00e8re inappropri\u00e9e.<\/li>\n<li>Faites confiance \u00e0 votre instinct : si vous sentez que quelque chose ne va pas, mettez imm\u00e9diatement fin \u00e0 la discussion.<\/li>\n<\/ul>\n<p>Tenez-vous en \u00e0 des sites r\u00e9put\u00e9s et donnez toujours la priorit\u00e9 \u00e0 votre confort et \u00e0 votre s\u00e9curit\u00e9.<\/p>\n<h2>Qui utilise le chat vid\u00e9o en ligne avec des inconnus ?<\/h2>\n<p>C'est une communaut\u00e9 mondiale ! Vous y trouverez<\/p>\n<ul>\n<li>Adolescents et jeunes adultes cherchant \u00e0 s'amuser et \u00e0 nouer de nouvelles amiti\u00e9s<\/li>\n<li>Voyageurs et expatri\u00e9s en contact avec des personnes du monde entier<\/li>\n<li>Les apprenants de langues s'exercent \u00e0 de v\u00e9ritables conversations<\/li>\n<li>C\u00e9libataires \u00e0 la recherche d'un chat ou d'une \u00e9tincelle de flirt<\/li>\n<li>Toute personne qui s'ennuie, qui se sent seule ou qui a envie de quelque chose de nouveau.<\/li>\n<\/ul>\n<p>Il y a quelqu'un pour tout le monde, quel que soit votre \u00e2ge, vos centres d'int\u00e9r\u00eat ou vos ant\u00e9c\u00e9dents.<\/p>\n<h2>De quoi parler en ligne avec des inconnus<\/h2>\n<p>Vous ne savez pas par o\u00f9 commencer ? Voici quelques id\u00e9es pour briser la glace :<\/p>\n<ul>\n<li>Musique, films et \u00e9missions pr\u00e9f\u00e9r\u00e9es<\/li>\n<li>R\u00e9cits de voyage et destinations de r\u00eave<\/li>\n<li>Souvenirs d'enfance amusants ou questions \"pr\u00e9f\u00e8rerais-tu\" ?<\/li>\n<li>La vie dans votre ville ou votre pays - qu'y a-t-il d'unique l\u00e0 o\u00f9 vous vivez ?<\/li>\n<li>Passe-temps, sports ou int\u00e9r\u00eats cr\u00e9atifs<\/li>\n<li>Questions sur l'actualit\u00e9, l'\u00e9cole ou la carri\u00e8re<\/li>\n<li>Jeux idiots, trivia ou d\u00e9fis l\u00e9gers<\/li>\n<\/ul>\n<p>Rappelez-vous : vous n'avez pas besoin d'un script. Les meilleures discussions sont souvent spontan\u00e9es et authentiques.<\/p>\n<h2>Fonctionnalit\u00e9s gratuites ou payantes du chat vid\u00e9o en ligne<\/h2>\n<p>La plupart des plateformes offrent leurs principales fonctionnalit\u00e9s gratuitement. Certaines proposent des mises \u00e0 jour payantes :<\/p>\n<ul>\n<li>Filtres avanc\u00e9s (sexe, pays, langue)<\/li>\n<li>Correspondance prioritaire ou sauts illimit\u00e9s<\/li>\n<li>Une exp\u00e9rience sans publicit\u00e9<\/li>\n<li>Acc\u00e8s \u00e0 des salons de discussion ou \u00e0 des \u00e9v\u00e9nements exclusifs<\/li>\n<\/ul>\n<p>Mais il n'est pas n\u00e9cessaire de d\u00e9penser quoi que ce soit pour profiter de grandes conversations - l'exp\u00e9rience gratuite est g\u00e9n\u00e9ralement plus que suffisante.<\/p>\n<h2>Conseils pour une exp\u00e9rience g\u00e9niale de la vid\u00e9o en ligne \"Talk to Strangers\" (parler \u00e0 des \u00e9trangers)<\/h2>\n<ul>\n<li>Faites preuve d'ouverture d'esprit et de respect - chacun est l\u00e0 pour une raison diff\u00e9rente.<\/li>\n<li>Souriez et d\u00e9tendez-vous - la confiance en soi fait une grande diff\u00e9rence, m\u00eame en ligne.<\/li>\n<li>Ne vous laissez pas d\u00e9courager par quelques discussions br\u00e8ves ou maladroites - la prochaine pourrait \u00eatre extraordinaire.<\/li>\n<li>Explorez \u00e0 diff\u00e9rents moments pour rencontrer des gens du monde entier.<\/li>\n<li>Combinez le chat vid\u00e9o et le chat textuel si vous voulez vous familiariser lentement avec le sujet.<\/li>\n<\/ul>\n<h2>Quand utiliser le chat vid\u00e9o en ligne avec des inconnus<\/h2>\n<ul>\n<li>Lorsque vous vous ennuyez ou que vous avez besoin de compagnie tard dans la nuit<\/li>\n<li>Pour d\u00e9couvrir d'autres cultures ou pratiquer une langue<\/li>\n<li>Si vous voulez vous faire des amis, flirter ou simplement entendre de nouvelles histoires<\/li>\n<li>Chaque fois que vous voulez sortir de votre bulle sociale<\/li>\n<\/ul>\n<p>Les plates-formes vid\u00e9o en ligne pour parler \u00e0 des inconnus sont plus qu'une simple tendance : elles sont le moyen moderne de rencontrer des gens, d'explorer de nouvelles id\u00e9es et de s'amuser r\u00e9ellement, sans sc\u00e9nario, tout en restant chez soi. Avec autant d'options gratuites et faciles \u00e0 utiliser, il n'a jamais \u00e9t\u00e9 aussi facile de transformer une conversation al\u00e9atoire en un souvenir durable, voire en une nouvelle amiti\u00e9.<\/p>\n<p>Pr\u00eat \u00e0 essayer ? Ouvrez votre webcam, choisissez un site et plongez dans un monde de connexions spontan\u00e9es. Vous ne savez jamais qui vous allez rencontrer.<\/p>","protected":false},"excerpt":{"rendered":"<p>The internet has completely changed how we connect with people\u2014but if you\u2019re still stuck in endless group texts, comments sections, or boring message boards, you might be missing the most exciting way to meet new people: Talk to Strangers Online Video. This is the future of real, face-to-face connection, where every click brings a new [&hellip;]<\/p>\n","protected":false},"author":8,"featured_media":0,"parent":0,"menu_order":0,"comment_status":"closed","ping_status":"closed","template":"","meta":{"footnotes":""},"class_list":["post-13413","page","type-page","status-publish","hentry"],"yoast_head":"<!-- This site is optimized with the Yoast SEO plugin v27.5 - https:\/\/yoast.com\/product\/yoast-seo-wordpress\/ -->\n<title>Talk to Strangers Online Video with Video Chat on TinyChat.com<\/title>\n<meta name=\"description\" content=\"Enjoying Talk to Strangers Online Video? Join over 50,000,000 strangers on TinyChat! Turn on your cam and start meeting new people, or find a match.\" \/>\n<meta name=\"robots\" content=\"index, follow, max-snippet:-1, max-image-preview:large, max-video-preview:-1\" \/>\n<link rel=\"canonical\" href=\"https:\/\/tinychat.com\/fr\/talk-to-strangers-online-video\/\" \/>\n<meta property=\"og:locale\" content=\"fr_FR\" \/>\n<meta property=\"og:type\" content=\"article\" \/>\n<meta property=\"og:title\" content=\"Talk to Strangers Online Video with Video Chat on TinyChat.com\" \/>\n<meta property=\"og:description\" content=\"Enjoying Talk to Strangers Online Video? Join over 50,000,000 strangers on TinyChat! Turn on your cam and start meeting new people, or find a match.\" \/>\n<meta property=\"og:url\" content=\"https:\/\/tinychat.com\/fr\/talk-to-strangers-online-video\/\" \/>\n<meta property=\"og:site_name\" content=\"TinyChat\" \/>\n<meta property=\"article:publisher\" content=\"https:\/\/www.facebook.com\/tinychat\" \/>\n<meta property=\"og:image\" content=\"https:\/\/tinychat.com\/wp-content\/uploads\/2020\/04\/Tinychat-logo-1280x284-new-black.png\" \/>\n\t<meta property=\"og:image:width\" content=\"1280\" \/>\n\t<meta property=\"og:image:height\" content=\"284\" \/>\n\t<meta property=\"og:image:type\" content=\"image\/png\" \/>\n<meta name=\"twitter:card\" content=\"summary_large_image\" \/>\n<meta name=\"twitter:site\" content=\"@tinychat\" \/>\n<meta name=\"twitter:label1\" content=\"Dur\u00e9e de lecture estim\u00e9e\" \/>\n\t<meta name=\"twitter:data1\" content=\"6 minutes\" \/>\n<script type=\"application\/ld+json\" class=\"yoast-schema-graph\">{\"@context\":\"https:\\\/\\\/schema.org\",\"@graph\":[{\"@type\":\"WebPage\",\"@id\":\"https:\\\/\\\/tinychat.com\\\/talk-to-strangers-online-video\\\/\",\"url\":\"https:\\\/\\\/tinychat.com\\\/talk-to-strangers-online-video\\\/\",\"name\":\"Talk to Strangers Online Video with Video Chat on TinyChat.com\",\"isPartOf\":{\"@id\":\"https:\\\/\\\/tinychat.com\\\/#website\"},\"datePublished\":\"2025-08-07T08:47:03+00:00\",\"description\":\"Enjoying Talk to Strangers Online Video? Join over 50,000,000 strangers on TinyChat! Turn on your cam and start meeting new people, or find a match.\",\"breadcrumb\":{\"@id\":\"https:\\\/\\\/tinychat.com\\\/talk-to-strangers-online-video\\\/#breadcrumb\"},\"inLanguage\":\"fr-FR\",\"potentialAction\":[{\"@type\":\"ReadAction\",\"target\":[\"https:\\\/\\\/tinychat.com\\\/talk-to-strangers-online-video\\\/\"]}]},{\"@type\":\"BreadcrumbList\",\"@id\":\"https:\\\/\\\/tinychat.com\\\/talk-to-strangers-online-video\\\/#breadcrumb\",\"itemListElement\":[{\"@type\":\"ListItem\",\"position\":1,\"name\":\"Home\",\"item\":\"https:\\\/\\\/tinychat.com\\\/\"},{\"@type\":\"ListItem\",\"position\":2,\"name\":\"Talk to Strangers Online Video\"}]},{\"@type\":\"WebSite\",\"@id\":\"https:\\\/\\\/tinychat.com\\\/#website\",\"url\":\"https:\\\/\\\/tinychat.com\\\/\",\"name\":\"TinyChat\",\"description\":\"Random Video Chat with Strangers\",\"publisher\":{\"@id\":\"https:\\\/\\\/tinychat.com\\\/#organization\"},\"alternateName\":\"TinyChat.com\",\"potentialAction\":[{\"@type\":\"SearchAction\",\"target\":{\"@type\":\"EntryPoint\",\"urlTemplate\":\"https:\\\/\\\/tinychat.com\\\/?s={search_term_string}\"},\"query-input\":{\"@type\":\"PropertyValueSpecification\",\"valueRequired\":true,\"valueName\":\"search_term_string\"}}],\"inLanguage\":\"fr-FR\"},{\"@type\":\"Organization\",\"@id\":\"https:\\\/\\\/tinychat.com\\\/#organization\",\"name\":\"TinyChat\",\"alternateName\":\"TinyChat.com\",\"url\":\"https:\\\/\\\/tinychat.com\\\/\",\"logo\":{\"@type\":\"ImageObject\",\"inLanguage\":\"fr-FR\",\"@id\":\"https:\\\/\\\/tinychat.com\\\/#\\\/schema\\\/logo\\\/image\\\/\",\"url\":\"https:\\\/\\\/tinychat.com\\\/wp-content\\\/uploads\\\/2023\\\/11\\\/Tinychat-icon-square.png\",\"contentUrl\":\"https:\\\/\\\/tinychat.com\\\/wp-content\\\/uploads\\\/2023\\\/11\\\/Tinychat-icon-square.png\",\"width\":284,\"height\":284,\"caption\":\"TinyChat\"},\"image\":{\"@id\":\"https:\\\/\\\/tinychat.com\\\/#\\\/schema\\\/logo\\\/image\\\/\"},\"sameAs\":[\"https:\\\/\\\/www.facebook.com\\\/tinychat\",\"https:\\\/\\\/x.com\\\/tinychat\"]}]}<\/script>\n<!-- \/ Yoast SEO plugin. -->","yoast_head_json":{"title":"Parlez \u00e0 des \u00e9trangers en ligne avec le chat vid\u00e9o sur TinyChat.com","description":"Vous aimez la vid\u00e9o en ligne Talk to Strangers ? Rejoignez plus de 50 000 000 d'inconnus sur TinyChat ! Allumez votre cam\u00e9ra et commencez \u00e0 rencontrer de nouvelles personnes, ou trouvez un partenaire.","robots":{"index":"index","follow":"follow","max-snippet":"max-snippet:-1","max-image-preview":"max-image-preview:large","max-video-preview":"max-video-preview:-1"},"canonical":"https:\/\/tinychat.com\/fr\/talk-to-strangers-online-video\/","og_locale":"fr_FR","og_type":"article","og_title":"Talk to Strangers Online Video with Video Chat on TinyChat.com","og_description":"Enjoying Talk to Strangers Online Video? Join over 50,000,000 strangers on TinyChat! Turn on your cam and start meeting new people, or find a match.","og_url":"https:\/\/tinychat.com\/fr\/talk-to-strangers-online-video\/","og_site_name":"TinyChat","article_publisher":"https:\/\/www.facebook.com\/tinychat","og_image":[{"width":1280,"height":284,"url":"https:\/\/tinychat.com\/wp-content\/uploads\/2020\/04\/Tinychat-logo-1280x284-new-black.png","type":"image\/png"}],"twitter_card":"summary_large_image","twitter_site":"@tinychat","twitter_misc":{"Dur\u00e9e de lecture estim\u00e9e":"6 minutes"},"schema":{"@context":"https:\/\/schema.org","@graph":[{"@type":"WebPage","@id":"https:\/\/tinychat.com\/talk-to-strangers-online-video\/","url":"https:\/\/tinychat.com\/talk-to-strangers-online-video\/","name":"Parlez \u00e0 des \u00e9trangers en ligne avec le chat vid\u00e9o sur TinyChat.com","isPartOf":{"@id":"https:\/\/tinychat.com\/#website"},"datePublished":"2025-08-07T08:47:03+00:00","description":"Vous aimez la vid\u00e9o en ligne Talk to Strangers ? Rejoignez plus de 50 000 000 d'inconnus sur TinyChat ! Allumez votre cam\u00e9ra et commencez \u00e0 rencontrer de nouvelles personnes, ou trouvez un partenaire.","breadcrumb":{"@id":"https:\/\/tinychat.com\/talk-to-strangers-online-video\/#breadcrumb"},"inLanguage":"fr-FR","potentialAction":[{"@type":"ReadAction","target":["https:\/\/tinychat.com\/talk-to-strangers-online-video\/"]}]},{"@type":"BreadcrumbList","@id":"https:\/\/tinychat.com\/talk-to-strangers-online-video\/#breadcrumb","itemListElement":[{"@type":"ListItem","position":1,"name":"Home","item":"https:\/\/tinychat.com\/"},{"@type":"ListItem","position":2,"name":"Talk to Strangers Online Video"}]},{"@type":"WebSite","@id":"https:\/\/tinychat.com\/#website","url":"https:\/\/tinychat.com\/","name":"TinyChat","description":"Chat vid\u00e9o al\u00e9atoire avec des inconnus","publisher":{"@id":"https:\/\/tinychat.com\/#organization"},"alternateName":"TinyChat.com","potentialAction":[{"@type":"SearchAction","target":{"@type":"EntryPoint","urlTemplate":"https:\/\/tinychat.com\/?s={search_term_string}"},"query-input":{"@type":"PropertyValueSpecification","valueRequired":true,"valueName":"search_term_string"}}],"inLanguage":"fr-FR"},{"@type":"Organization","@id":"https:\/\/tinychat.com\/#organization","name":"TinyChat","alternateName":"TinyChat.com","url":"https:\/\/tinychat.com\/","logo":{"@type":"ImageObject","inLanguage":"fr-FR","@id":"https:\/\/tinychat.com\/#\/schema\/logo\/image\/","url":"https:\/\/tinychat.com\/wp-content\/uploads\/2023\/11\/Tinychat-icon-square.png","contentUrl":"https:\/\/tinychat.com\/wp-content\/uploads\/2023\/11\/Tinychat-icon-square.png","width":284,"height":284,"caption":"TinyChat"},"image":{"@id":"https:\/\/tinychat.com\/#\/schema\/logo\/image\/"},"sameAs":["https:\/\/www.facebook.com\/tinychat","https:\/\/x.com\/tinychat"]}]}},"_links":{"self":[{"href":"https:\/\/tinychat.com\/fr\/wp-json\/wp\/v2\/pages\/13413","targetHints":{"allow":["GET"]}}],"collection":[{"href":"https:\/\/tinychat.com\/fr\/wp-json\/wp\/v2\/pages"}],"about":[{"href":"https:\/\/tinychat.com\/fr\/wp-json\/wp\/v2\/types\/page"}],"author":[{"embeddable":true,"href":"https:\/\/tinychat.com\/fr\/wp-json\/wp\/v2\/users\/8"}],"replies":[{"embeddable":true,"href":"https:\/\/tinychat.com\/fr\/wp-json\/wp\/v2\/comments?post=13413"}],"version-history":[{"count":2,"href":"https:\/\/tinychat.com\/fr\/wp-json\/wp\/v2\/pages\/13413\/revisions"}],"predecessor-version":[{"id":13415,"href":"https:\/\/tinychat.com\/fr\/wp-json\/wp\/v2\/pages\/13413\/revisions\/13415"}],"wp:attachment":[{"href":"https:\/\/tinychat.com\/fr\/wp-json\/wp\/v2\/media?parent=13413"}],"curies":[{"name":"wp","href":"https:\/\/api.w.org\/{rel}","templated":true}]}}