{"id":13511,"date":"2025-09-10T10:58:25","date_gmt":"2025-09-10T08:58:25","guid":{"rendered":"https:\/\/tinychat.com\/?page_id=13511"},"modified":"2025-09-10T11:03:40","modified_gmt":"2025-09-10T09:03:40","slug":"random-chat","status":"publish","type":"page","link":"https:\/\/tinychat.com\/fr\/random-chat\/","title":{"rendered":"Chat al\u00e9atoire"},"content":{"rendered":"<p>L'un des aspects les plus int\u00e9ressants d'Internet est la facilit\u00e9 avec laquelle il nous met en contact avec des personnes que nous n'aurions jamais rencontr\u00e9es autrement. Le chat al\u00e9atoire va encore plus loin en vous permettant de parler instantan\u00e9ment avec des inconnus du monde entier. Pas de profils, pas de swiping, pas d'algorithmes - juste vous, votre appareil et la personne qui se pr\u00e9sente de l'autre c\u00f4t\u00e9.<\/p>\n<p>C'est la socialisation dans sa forme la plus simple et la plus spontan\u00e9e. Que vous souhaitiez passer le temps, d\u00e9couvrir d'autres cultures, vous faire de nouveaux amis ou m\u00eame flirter un peu, le chat al\u00e9atoire vous offre une fen\u00eatre sur l'inconnu.<\/p>\n<h2>Qu'est-ce que le chat al\u00e9atoire ?<\/h2>\n<p>\u00c0 la base, le chat al\u00e9atoire est un service en ligne qui vous met en relation avec d'autres utilisateurs au hasard. Il peut s'agir d'une discussion textuelle, vocale ou vid\u00e9o en direct. L'id\u00e9e est simple : commencez \u00e0 chatter, voyez o\u00f9 va la conversation et, si elle n'aboutit pas, passez \u00e0 la personne suivante.<\/p>\n<p>La plupart des plateformes de chat al\u00e9atoire partagent quelques caract\u00e9ristiques essentielles :<\/p>\n<ul>\n<li>Acc\u00e8s instantan\u00e9 - Pas d'inscription n\u00e9cessaire, il suffit de cliquer et de commencer.<\/li>\n<li>Anonymat - Utilisez un surnom ou restez compl\u00e8tement incognito.<\/li>\n<li>Utilisation gratuite - De nombreuses plateformes proposent des chats illimit\u00e9s sans frais.<\/li>\n<li>Port\u00e9e mondiale - Rencontrez des personnes de pays, de cultures et de modes de vie diff\u00e9rents.<\/li>\n<li>Sauter l'option - Si le chat ne fonctionne pas, cliquez sur \"suivant\" et r\u00e9essayez.<\/li>\n<\/ul>\n<p>C'est simple, rapide et souvent \u00e9tonnamment divertissant.<\/p>\n<h2>Pourquoi les gens aiment les discussions al\u00e9atoires<\/h2>\n<p>Pourquoi le chat al\u00e9atoire est-il rest\u00e9 populaire depuis plus de dix ans ? Parce qu'il offre quelque chose que les m\u00e9dias sociaux ne peuvent pas offrir : la spontan\u00e9it\u00e9.<\/p>\n<ul>\n<li>Facteur de surprise - On ne sait jamais qui sera le prochain, et cette impr\u00e9visibilit\u00e9 est excitante.<\/li>\n<li>Pas d'engagement - Pas de demandes d'amis, pas de d\u00e9compte de followers, juste des conversations en temps r\u00e9el.<\/li>\n<li>Interaction authentique - Le chat en direct est plus personnel que les messages ou les commentaires.<\/li>\n<li>Libert\u00e9 - Vous pouvez dire ce que vous voulez sans vous soucier des cons\u00e9quences \u00e0 long terme.<\/li>\n<li>Une vari\u00e9t\u00e9 infinie - Des rires rapides aux discussions approfondies, chaque chat est unique.<\/li>\n<\/ul>\n<p>Pour de nombreuses personnes, les discussions al\u00e9atoires sont rafra\u00eechissantes dans un monde de profils soign\u00e9s et d'interactions sc\u00e9naris\u00e9es.<\/p>\n<h2>Comment fonctionne le chat al\u00e9atoire<\/h2>\n<p>La plupart des plateformes de chat al\u00e9atoire sont incroyablement simples \u00e0 utiliser :<\/p>\n<ol>\n<li>Choisissez une plate-forme - Les sites les plus populaires sont Omegle, Chatroulette, Chatrandom et TinyChat.<\/li>\n<li>Choisissez un mode - Chat texte, audio ou vid\u00e9o.<\/li>\n<li>Cliquez sur \"D\u00e9marrer\" - Vous \u00eates instantan\u00e9ment mis en relation avec un inconnu.<\/li>\n<li>Bavarder ou passer - Restez si c'est bien, ou passez \u00e0 autre chose si ce n'est pas le cas.<\/li>\n<li>Explorer les filtres - Certains sites vous permettent d'ajouter des filtres d'int\u00e9r\u00eats, de lieux ou de sexe.<\/li>\n<\/ol>\n<p>En moins d'une minute, vous pouvez parler \u00e0 quelqu'un \u00e0 l'autre bout du monde.<\/p>\n<h2>Types de plateformes de chat al\u00e9atoire<\/h2>\n<p>Diff\u00e9rentes plates-formes r\u00e9pondent \u00e0 diff\u00e9rents styles de chat :<\/p>\n<h3>1. Chat al\u00e9atoire textuel<\/h3>\n<p>Parfait si vous \u00eates timide ou si vous n'\u00eates pas pr\u00eat pour la vid\u00e9o. Vous restez anonyme et vous vous concentrez sur la conversation.<\/p>\n<h3>2. Chat vid\u00e9o al\u00e9atoire<\/h3>\n<p>Ajoute un \u00e9l\u00e9ment personnel, de face-\u00e0-face. Vous pouvez voir et entendre des \u00e9trangers en temps r\u00e9el.<\/p>\n<h3>3. Chat al\u00e9atoire \u00e0 voix seule<\/h3>\n<p>Une solution interm\u00e9diaire, id\u00e9ale si vous ne voulez pas de vid\u00e9o mais que vous pr\u00e9f\u00e9rez parler plut\u00f4t que taper.<\/p>\n<h3>4. Salles de discussion th\u00e9matiques<\/h3>\n<p>Rejoignez des salons consacr\u00e9s aux loisirs, aux rencontres, aux voyages, aux jeux ou \u00e0 la conversation en g\u00e9n\u00e9ral.<\/p>\n<h3>5. Adult Random Chat<\/h3>\n<p>Espaces 18+ con\u00e7us pour le flirt et les conversations plus explicites.<\/p>\n<h2>Meilleures plateformes de chat al\u00e9atoire<\/h2>\n<p>Voici quelques-unes des options les plus populaires et les plus fiables :<\/p>\n<ul>\n<li>Omegle - Le site classique de chat al\u00e9atoire texte et vid\u00e9o.<\/li>\n<li>Chatroulette - Chat vid\u00e9o al\u00e9atoire et rapide avec des inconnus du monde entier.<\/li>\n<li>Chatrandom - Propose des salles \u00e0 th\u00e8me et des filtres de genre.<\/li>\n<li>Chatspin - Comprend des effets vid\u00e9o amusants et des applications mobiles.<\/li>\n<li>Camsurf - Plate-forme mod\u00e9r\u00e9e mettant l'accent sur la s\u00e9curit\u00e9.<\/li>\n<li>TinyChat - Chat communautaire avec salles publiques et priv\u00e9es.<\/li>\n<li>Bazoocam - Le favori europ\u00e9en avec des jeux brise-glace int\u00e9gr\u00e9s.<\/li>\n<\/ul>\n<p>Chacun d'entre eux a son propre style, alors essayez-en plusieurs pour voir lequel vous convient le mieux.<\/p>\n<h2>Discussions al\u00e9atoires et m\u00e9dias sociaux<\/h2>\n<p>Bien qu'ils mettent tous deux les gens en contact, les chats al\u00e9atoires offrent une exp\u00e9rience tr\u00e8s diff\u00e9rente.<\/p>\n<table>\n<thead>\n<tr>\n<th>Fonctionnalit\u00e9<\/th>\n<th>Chat al\u00e9atoire<\/th>\n<th>M\u00e9dias sociaux<\/th>\n<\/tr>\n<\/thead>\n<tbody>\n<tr>\n<td>Correspondance avec des inconnus au hasard<\/td>\n<td>\u2705 Oui<\/td>\n<td>\u274c Non<\/td>\n<\/tr>\n<tr>\n<td>Conversation en temps r\u00e9el<\/td>\n<td>\u2705 Instantan\u00e9<\/td>\n<td>\u26a0\ufe0f Retard\u00e9<\/td>\n<\/tr>\n<tr>\n<td>Profil requis<\/td>\n<td>\u274c Pas toujours<\/td>\n<td>\u2705 Toujours<\/td>\n<\/tr>\n<tr>\n<td>Anonymat<\/td>\n<td>\u2705 Oui<\/td>\n<td>\u274c Limit\u00e9e<\/td>\n<\/tr>\n<tr>\n<td>Sauter l'option<\/td>\n<td>\u2705 Oui<\/td>\n<td>\u274c Non<\/td>\n<\/tr>\n<\/tbody>\n<\/table>\n<p>Si les m\u00e9dias sociaux vous semblent trop dirig\u00e9s, les discussions al\u00e9atoires sont l'antidote.<\/p>\n<h2>Rester en s\u00e9curit\u00e9 lors de l'utilisation du chat al\u00e9atoire<\/h2>\n<p>Parce que vous parlez \u00e0 des \u00e9trangers, la s\u00e9curit\u00e9 est importante :<\/p>\n<ul>\n<li>Ne partagez pas vos informations personnelles - Ne divulguez pas votre nom, votre num\u00e9ro de t\u00e9l\u00e9phone et votre adresse.<\/li>\n<li>Utilisez un surnom - Restez anonyme jusqu'\u00e0 ce que vous vous sentiez \u00e0 l'aise.<\/li>\n<li>Sautez librement - Ne restez pas dans des conversations qui vous paraissent inopportunes.<\/li>\n<li>Signaler les utilisateurs inappropri\u00e9s - La plupart des plateformes disposent de fonctions de mod\u00e9ration.<\/li>\n<li>Soyez prudent avec la vid\u00e9o - Assurez-vous que votre arri\u00e8re-plan ne r\u00e9v\u00e8le pas de d\u00e9tails priv\u00e9s.<\/li>\n<\/ul>\n<p>Les discussions al\u00e9atoires sont amusantes et s\u00fbres lorsque vous fixez des limites.<\/p>\n<h2>Qui utilise le chat al\u00e9atoire ?<\/h2>\n<p>La vari\u00e9t\u00e9 des personnes que vous rencontrerez est ce qui rend le jeu si addictif. Les utilisateurs les plus courants sont les suivants :<\/p>\n<ul>\n<li>\u00c9tudiants - En qu\u00eate d'interaction sociale ou de pratique linguistique.<\/li>\n<li>C\u00e9libataires - Flirt ou recherche de rencontres occasionnelles.<\/li>\n<li>Les noctambules - Trouver une entreprise \u00e0 des heures tardives.<\/li>\n<li>Voyageurs - Rencontrer virtuellement les habitants et s'informer sur les destinations.<\/li>\n<li>Les personnes curieuses - Elles cherchent simplement \u00e0 savoir qui est l\u00e0.<\/li>\n<\/ul>\n<p>Il s'agit v\u00e9ritablement d'un m\u00e9lange mondial.<\/p>\n<h2>TinyChat : Un Chat Alternative al\u00e9atoire de type communautaire<\/h2>\n<p>Si vous aimez le chat al\u00e9atoire mais que vous souhaitez quelque chose de plus organis\u00e9, TinyChat est une excellente option. Contrairement aux plates-formes individuelles, elle associe le hasard \u00e0 un sentiment de communaut\u00e9.<\/p>\n<ul>\n<li>Salles publiques - Parlez de musique, de politique, de rencontres ou de sorties en g\u00e9n\u00e9ral.<\/li>\n<li>Salles priv\u00e9es - Cr\u00e9ez votre propre espace de discussion.<\/li>\n<li>Vid\u00e9o, audio et texte - Choisissez le format que vous pr\u00e9f\u00e9rez.<\/li>\n<li>Multiplateforme - Fonctionne sur les navigateurs de bureau et les applications mobiles.<\/li>\n<li>Acc\u00e8s instantan\u00e9 - Aucune inscription n'est n\u00e9cessaire.<\/li>\n<\/ul>\n<p>TinyChat vous offre la libert\u00e9 d'un chat al\u00e9atoire avec la profondeur des communaut\u00e9s th\u00e9matiques.<\/p>\n<h2>Conseils pour tirer le meilleur parti des discussions al\u00e9atoires<\/h2>\n<ul>\n<li>Souriez lorsque vous entrez en contact - Des ondes amicales incitent les inconnus \u00e0 rester.<\/li>\n<li>Posez des questions int\u00e9ressantes - Allez au-del\u00e0 du \"bonjour\" en posant des questions d'ouverture int\u00e9ressantes.<\/li>\n<li>Soyez respectueux - Traitez les \u00e9trangers comme vous voudriez qu'on vous traite.<\/li>\n<li>Explorer diff\u00e9rents horaires - Les bases d'utilisateurs changent d'heure en heure.<\/li>\n<li>Ne le prenez pas trop au s\u00e9rieux - Certains chats sont rapides, d'autres durent plus longtemps. Appr\u00e9ciez la vari\u00e9t\u00e9.<\/li>\n<\/ul>\n<h2>Chat al\u00e9atoire gratuit ou payant<\/h2>\n<p>La plupart des plateformes de chat al\u00e9atoire sont gratuites, mais certaines offrent des avantages suppl\u00e9mentaires.<\/p>\n<table>\n<thead>\n<tr>\n<th>Fonctionnalit\u00e9<\/th>\n<th>Chat al\u00e9atoire gratuit<\/th>\n<th>Versions payantes<\/th>\n<\/tr>\n<\/thead>\n<tbody>\n<tr>\n<td>Nombre illimit\u00e9 de matchs al\u00e9atoires<\/td>\n<td>\u2705 Oui<\/td>\n<td>\u2705 Oui<\/td>\n<\/tr>\n<tr>\n<td>Bouton de saut<\/td>\n<td>\u2705 Oui<\/td>\n<td>\u2705 Oui<\/td>\n<\/tr>\n<tr>\n<td>Filtres de genre\/localisation<\/td>\n<td>\u26a0\ufe0f Basique ou limit\u00e9<\/td>\n<td>\u2705 Avanc\u00e9<\/td>\n<\/tr>\n<tr>\n<td>Annonces supprim\u00e9es<\/td>\n<td>\u274c<\/td>\n<td>\u2705 Oui<\/td>\n<\/tr>\n<tr>\n<td>Salles VIP\/priv\u00e9es<\/td>\n<td>\u274c<\/td>\n<td>\u2705 Oui<\/td>\n<\/tr>\n<\/tbody>\n<\/table>\n<p>Pour une utilisation occasionnelle, les versions gratuites suffisent amplement.<\/p>\n<h2>L'excitation de l'inconnu<\/h2>\n<p>Ce qui fait que les gens reviennent sur le chat al\u00e9atoire, c'est l'excitation de ne pas savoir qui sera le prochain. En une seule soir\u00e9e, vous pouvez :<\/p>\n<ul>\n<li>Rire avec quelqu'un \u00e0 l'autre bout du monde.<\/li>\n<li>Apprendre \u00e0 conna\u00eetre une nouvelle culture.<\/li>\n<li>D\u00e9couvrir un nouveau groupe ou un nouveau film pr\u00e9f\u00e9r\u00e9.<\/li>\n<li>Partager des histoires de vie avec un \u00e9tranger.<\/li>\n<li>Trouvez un ami, ou m\u00eame une \u00e9tincelle de romance.<\/li>\n<\/ul>\n<p>Chaque chat est l'occasion d'un \u00e9v\u00e9nement inattendu.<\/p>\n<p>Le chat al\u00e9atoire est l'un des moyens les plus simples et les plus excitants de rencontrer des gens en ligne. Sans frais, sans profil et sans pression, il s'agit d'une forme pure de socialisation num\u00e9rique - rapide, spontan\u00e9e et mondiale.<\/p>\n<p>Que vous cherchiez \u00e0 vaincre l'ennui, \u00e0 pratiquer une langue, \u00e0 flirter avec des inconnus ou simplement \u00e0 profiter d'une connexion humaine, les plateformes de chat al\u00e9atoire vous le permettent d'un simple clic.<\/p>\n<p>Si vous \u00eates pr\u00eat pour quelque chose de nouveau, ouvrez une fen\u00eatre de chat, appuyez sur \"D\u00e9marrer\" et voyez qui vous attend. Votre prochaine discussion al\u00e9atoire pourrait \u00eatre le point culminant de votre journ\u00e9e.<\/p>","protected":false},"excerpt":{"rendered":"<p>One of the most exciting things about the internet is how easily it connects us to people we\u2019d never meet otherwise. Random chat takes that to the next level by letting you talk instantly with strangers from around the world. No profiles, no swiping, no algorithms\u2014just you, your device, and whoever shows up on the [&hellip;]<\/p>\n","protected":false},"author":8,"featured_media":0,"parent":0,"menu_order":0,"comment_status":"closed","ping_status":"closed","template":"","meta":{"footnotes":""},"class_list":["post-13511","page","type-page","status-publish","hentry"],"yoast_head":"<!-- This site is optimized with the Yoast SEO plugin v27.4 - https:\/\/yoast.com\/product\/yoast-seo-wordpress\/ -->\n<title>Random Chat with Video Chat on TinyChat.com<\/title>\n<meta name=\"description\" content=\"Enjoying Random Chat? Join over 50,000,000 strangers on TinyChat! Turn on your cam and start meeting new people, or find a match.\" \/>\n<meta name=\"robots\" content=\"index, follow, max-snippet:-1, max-image-preview:large, max-video-preview:-1\" \/>\n<link rel=\"canonical\" href=\"https:\/\/tinychat.com\/fr\/random-chat\/\" \/>\n<meta property=\"og:locale\" content=\"fr_FR\" \/>\n<meta property=\"og:type\" content=\"article\" \/>\n<meta property=\"og:title\" content=\"Random Chat with Video Chat on TinyChat.com\" \/>\n<meta property=\"og:description\" content=\"Enjoying Random Chat? Join over 50,000,000 strangers on TinyChat! Turn on your cam and start meeting new people, or find a match.\" \/>\n<meta property=\"og:url\" content=\"https:\/\/tinychat.com\/fr\/random-chat\/\" \/>\n<meta property=\"og:site_name\" content=\"TinyChat\" \/>\n<meta property=\"article:publisher\" content=\"https:\/\/www.facebook.com\/tinychat\" \/>\n<meta property=\"article:modified_time\" content=\"2025-09-10T09:03:40+00:00\" \/>\n<meta property=\"og:image\" content=\"https:\/\/tinychat.com\/wp-content\/uploads\/2020\/04\/Tinychat-logo-1280x284-new-black.png\" \/>\n\t<meta property=\"og:image:width\" content=\"1280\" \/>\n\t<meta property=\"og:image:height\" content=\"284\" \/>\n\t<meta property=\"og:image:type\" content=\"image\/png\" \/>\n<meta name=\"twitter:card\" content=\"summary_large_image\" \/>\n<meta name=\"twitter:site\" content=\"@tinychat\" \/>\n<meta name=\"twitter:label1\" content=\"Dur\u00e9e de lecture estim\u00e9e\" \/>\n\t<meta name=\"twitter:data1\" content=\"5 minutes\" \/>\n<script type=\"application\/ld+json\" class=\"yoast-schema-graph\">{\"@context\":\"https:\\\/\\\/schema.org\",\"@graph\":[{\"@type\":\"WebPage\",\"@id\":\"https:\\\/\\\/tinychat.com\\\/random-chat\\\/\",\"url\":\"https:\\\/\\\/tinychat.com\\\/random-chat\\\/\",\"name\":\"Random Chat with Video Chat on TinyChat.com\",\"isPartOf\":{\"@id\":\"https:\\\/\\\/tinychat.com\\\/#website\"},\"datePublished\":\"2025-09-10T08:58:25+00:00\",\"dateModified\":\"2025-09-10T09:03:40+00:00\",\"description\":\"Enjoying Random Chat? Join over 50,000,000 strangers on TinyChat! Turn on your cam and start meeting new people, or find a match.\",\"breadcrumb\":{\"@id\":\"https:\\\/\\\/tinychat.com\\\/random-chat\\\/#breadcrumb\"},\"inLanguage\":\"fr-FR\",\"potentialAction\":[{\"@type\":\"ReadAction\",\"target\":[\"https:\\\/\\\/tinychat.com\\\/random-chat\\\/\"]}]},{\"@type\":\"BreadcrumbList\",\"@id\":\"https:\\\/\\\/tinychat.com\\\/random-chat\\\/#breadcrumb\",\"itemListElement\":[{\"@type\":\"ListItem\",\"position\":1,\"name\":\"Home\",\"item\":\"https:\\\/\\\/tinychat.com\\\/\"},{\"@type\":\"ListItem\",\"position\":2,\"name\":\"Random Chat\"}]},{\"@type\":\"WebSite\",\"@id\":\"https:\\\/\\\/tinychat.com\\\/#website\",\"url\":\"https:\\\/\\\/tinychat.com\\\/\",\"name\":\"TinyChat\",\"description\":\"Random Video Chat with Strangers\",\"publisher\":{\"@id\":\"https:\\\/\\\/tinychat.com\\\/#organization\"},\"alternateName\":\"TinyChat.com\",\"potentialAction\":[{\"@type\":\"SearchAction\",\"target\":{\"@type\":\"EntryPoint\",\"urlTemplate\":\"https:\\\/\\\/tinychat.com\\\/?s={search_term_string}\"},\"query-input\":{\"@type\":\"PropertyValueSpecification\",\"valueRequired\":true,\"valueName\":\"search_term_string\"}}],\"inLanguage\":\"fr-FR\"},{\"@type\":\"Organization\",\"@id\":\"https:\\\/\\\/tinychat.com\\\/#organization\",\"name\":\"TinyChat\",\"alternateName\":\"TinyChat.com\",\"url\":\"https:\\\/\\\/tinychat.com\\\/\",\"logo\":{\"@type\":\"ImageObject\",\"inLanguage\":\"fr-FR\",\"@id\":\"https:\\\/\\\/tinychat.com\\\/#\\\/schema\\\/logo\\\/image\\\/\",\"url\":\"https:\\\/\\\/tinychat.com\\\/wp-content\\\/uploads\\\/2023\\\/11\\\/Tinychat-icon-square.png\",\"contentUrl\":\"https:\\\/\\\/tinychat.com\\\/wp-content\\\/uploads\\\/2023\\\/11\\\/Tinychat-icon-square.png\",\"width\":284,\"height\":284,\"caption\":\"TinyChat\"},\"image\":{\"@id\":\"https:\\\/\\\/tinychat.com\\\/#\\\/schema\\\/logo\\\/image\\\/\"},\"sameAs\":[\"https:\\\/\\\/www.facebook.com\\\/tinychat\",\"https:\\\/\\\/x.com\\\/tinychat\"]}]}<\/script>\n<!-- \/ Yoast SEO plugin. -->","yoast_head_json":{"title":"Chat al\u00e9atoire avec chat vid\u00e9o sur TinyChat.com","description":"Vous aimez le chat al\u00e9atoire ? Rejoignez plus de 50 000 000 d'inconnus sur TinyChat ! Allumez votre cam\u00e9ra et commencez \u00e0 rencontrer de nouvelles personnes, ou trouvez un partenaire.","robots":{"index":"index","follow":"follow","max-snippet":"max-snippet:-1","max-image-preview":"max-image-preview:large","max-video-preview":"max-video-preview:-1"},"canonical":"https:\/\/tinychat.com\/fr\/random-chat\/","og_locale":"fr_FR","og_type":"article","og_title":"Random Chat with Video Chat on TinyChat.com","og_description":"Enjoying Random Chat? Join over 50,000,000 strangers on TinyChat! Turn on your cam and start meeting new people, or find a match.","og_url":"https:\/\/tinychat.com\/fr\/random-chat\/","og_site_name":"TinyChat","article_publisher":"https:\/\/www.facebook.com\/tinychat","article_modified_time":"2025-09-10T09:03:40+00:00","og_image":[{"width":1280,"height":284,"url":"https:\/\/tinychat.com\/wp-content\/uploads\/2020\/04\/Tinychat-logo-1280x284-new-black.png","type":"image\/png"}],"twitter_card":"summary_large_image","twitter_site":"@tinychat","twitter_misc":{"Dur\u00e9e de lecture estim\u00e9e":"5 minutes"},"schema":{"@context":"https:\/\/schema.org","@graph":[{"@type":"WebPage","@id":"https:\/\/tinychat.com\/random-chat\/","url":"https:\/\/tinychat.com\/random-chat\/","name":"Chat al\u00e9atoire avec chat vid\u00e9o sur TinyChat.com","isPartOf":{"@id":"https:\/\/tinychat.com\/#website"},"datePublished":"2025-09-10T08:58:25+00:00","dateModified":"2025-09-10T09:03:40+00:00","description":"Vous aimez le chat al\u00e9atoire ? Rejoignez plus de 50 000 000 d'inconnus sur TinyChat ! Allumez votre cam\u00e9ra et commencez \u00e0 rencontrer de nouvelles personnes, ou trouvez un partenaire.","breadcrumb":{"@id":"https:\/\/tinychat.com\/random-chat\/#breadcrumb"},"inLanguage":"fr-FR","potentialAction":[{"@type":"ReadAction","target":["https:\/\/tinychat.com\/random-chat\/"]}]},{"@type":"BreadcrumbList","@id":"https:\/\/tinychat.com\/random-chat\/#breadcrumb","itemListElement":[{"@type":"ListItem","position":1,"name":"Home","item":"https:\/\/tinychat.com\/"},{"@type":"ListItem","position":2,"name":"Random Chat"}]},{"@type":"WebSite","@id":"https:\/\/tinychat.com\/#website","url":"https:\/\/tinychat.com\/","name":"TinyChat","description":"Chat vid\u00e9o al\u00e9atoire avec des inconnus","publisher":{"@id":"https:\/\/tinychat.com\/#organization"},"alternateName":"TinyChat.com","potentialAction":[{"@type":"SearchAction","target":{"@type":"EntryPoint","urlTemplate":"https:\/\/tinychat.com\/?s={search_term_string}"},"query-input":{"@type":"PropertyValueSpecification","valueRequired":true,"valueName":"search_term_string"}}],"inLanguage":"fr-FR"},{"@type":"Organization","@id":"https:\/\/tinychat.com\/#organization","name":"TinyChat","alternateName":"TinyChat.com","url":"https:\/\/tinychat.com\/","logo":{"@type":"ImageObject","inLanguage":"fr-FR","@id":"https:\/\/tinychat.com\/#\/schema\/logo\/image\/","url":"https:\/\/tinychat.com\/wp-content\/uploads\/2023\/11\/Tinychat-icon-square.png","contentUrl":"https:\/\/tinychat.com\/wp-content\/uploads\/2023\/11\/Tinychat-icon-square.png","width":284,"height":284,"caption":"TinyChat"},"image":{"@id":"https:\/\/tinychat.com\/#\/schema\/logo\/image\/"},"sameAs":["https:\/\/www.facebook.com\/tinychat","https:\/\/x.com\/tinychat"]}]}},"_links":{"self":[{"href":"https:\/\/tinychat.com\/fr\/wp-json\/wp\/v2\/pages\/13511","targetHints":{"allow":["GET"]}}],"collection":[{"href":"https:\/\/tinychat.com\/fr\/wp-json\/wp\/v2\/pages"}],"about":[{"href":"https:\/\/tinychat.com\/fr\/wp-json\/wp\/v2\/types\/page"}],"author":[{"embeddable":true,"href":"https:\/\/tinychat.com\/fr\/wp-json\/wp\/v2\/users\/8"}],"replies":[{"embeddable":true,"href":"https:\/\/tinychat.com\/fr\/wp-json\/wp\/v2\/comments?post=13511"}],"version-history":[{"count":1,"href":"https:\/\/tinychat.com\/fr\/wp-json\/wp\/v2\/pages\/13511\/revisions"}],"predecessor-version":[{"id":13512,"href":"https:\/\/tinychat.com\/fr\/wp-json\/wp\/v2\/pages\/13511\/revisions\/13512"}],"wp:attachment":[{"href":"https:\/\/tinychat.com\/fr\/wp-json\/wp\/v2\/media?parent=13511"}],"curies":[{"name":"wp","href":"https:\/\/api.w.org\/{rel}","templated":true}]}}