{"id":13514,"date":"2025-09-10T11:10:56","date_gmt":"2025-09-10T09:10:56","guid":{"rendered":"https:\/\/tinychat.com\/?page_id=13514"},"modified":"2025-09-10T11:13:12","modified_gmt":"2025-09-10T09:13:12","slug":"omegle-online","status":"publish","type":"page","link":"https:\/\/tinychat.com\/fr\/omegle-online\/","title":{"rendered":"Omegle en ligne"},"content":{"rendered":"<p>Si vous avez d\u00e9j\u00e0 cherch\u00e9 un moyen de parler instantan\u00e9ment \u00e0 des inconnus, il y a de fortes chances que vous soyez tomb\u00e9 sur Omegle en ligne. Depuis son lancement en 2009, Omegle est devenu l'une des plateformes de chat al\u00e9atoire les plus connues. Sa configuration simple - cliquez sur \"D\u00e9marrer\" et vous \u00eates connect\u00e9 - en a fait le lieu de pr\u00e9dilection des personnes cherchant \u00e0 rencontrer des inconnus en temps r\u00e9el.<\/p>\n<p>Au fil des ans, Omegle a inspir\u00e9 d'innombrables imitations et alternatives, mais il reste l'un des termes les plus recherch\u00e9s en mati\u00e8re de chat en ligne. Examinons de plus pr\u00e8s ce qu'offre Omegle, pourquoi il est devenu si populaire et quelles autres options existent aujourd'hui.<\/p>\n<h2>Qu'est-ce que Omegle Online ?<\/h2>\n<p>Omegle online est un service gratuit qui vous met en relation avec des inconnus du monde entier pour des sessions de chat en t\u00eate-\u00e0-t\u00eate. Vous pouvez choisir entre le chat textuel et les appels vid\u00e9o en direct. Chaque fois que vous vous connectez, vous \u00eates jumel\u00e9 au hasard avec quelqu'un de nouveau.<\/p>\n<p>Les principales caract\u00e9ristiques sont les suivantes :<\/p>\n<ul>\n<li>Chat textuel - Le mode original de Omegle. Tapez des messages dans les deux sens de mani\u00e8re anonyme.<\/li>\n<li>Chat vid\u00e9o - Ajoutez des webcams pour des conversations en face \u00e0 face.<\/li>\n<li>Balises d'int\u00e9r\u00eat - Indiquez vos passe-temps ou vos sujets afin d'\u00eatre mis en relation avec des personnes qui les partagent.<\/li>\n<li>Mode espion - Posez une question et regardez deux inconnus en discuter tout en restant anonyme.<\/li>\n<li>Aucune inscription n'est n\u00e9cessaire - Il suffit de cliquer et de discuter instantan\u00e9ment.<\/li>\n<\/ul>\n<p>C'est ce m\u00e9lange de simplicit\u00e9 et d'impr\u00e9visibilit\u00e9 qui a rendu Omegle si attrayant.<\/p>\n<h2>Pourquoi les gens utilisent-ils Omegle en ligne ?<\/h2>\n<p>Des millions de personnes \u00e0 travers le monde se sont connect\u00e9es \u00e0 Omegle pour une raison simple : c'est amusant de parler \u00e0 des inconnus. Voici ce qui fait que les gens reviennent :<\/p>\n<ul>\n<li>Acc\u00e8s instantan\u00e9 - Pas d'inscription, pas de compte - commencez simplement \u00e0 chatter.<\/li>\n<li>Anonymat - Utilisez un surnom ou restez compl\u00e8tement incognito.<\/li>\n<li>Vari\u00e9t\u00e9 de personnes - Rencontrez des utilisateurs de tous \u00e2ges, de tous horizons et de tous lieux.<\/li>\n<li>Port\u00e9e mondiale - Parlez \u00e0 quelqu'un \u00e0 l'autre bout de la ville ou \u00e0 l'autre bout du monde.<\/li>\n<li>Divertissement - Certains chats sont dr\u00f4les, d'autres perspicaces, d'autres encore totalement al\u00e9atoires.<\/li>\n<\/ul>\n<p>Omegle donne l'impression de faire tourner la roulette num\u00e9rique de la conversation - on ne sait jamais qui sera le prochain.<\/p>\n<h2>Comment utiliser Omegle en ligne<\/h2>\n<p>La mise en \u0153uvre de Omegle est incroyablement simple :<\/p>\n<ol>\n<li>Allez sur le site Web de Omegle - Aucun t\u00e9l\u00e9chargement d'application n'est n\u00e9cessaire.<\/li>\n<li>Choisir texte ou vid\u00e9o - D\u00e9cidez si vous souhaitez passer un appel texte ou vid\u00e9o.<\/li>\n<li>Ajouter des balises d'int\u00e9r\u00eat (facultatif) - Pour trouver des personnes ayant des hobbies ou des sujets similaires.<\/li>\n<li>Cliquez sur \"D\u00e9marrer\" - Entrez instantan\u00e9ment en contact avec un inconnu.<\/li>\n<li>Chat ou saut - Si la conversation ne fonctionne pas, cliquez sur \"Stop\" et recommencez.<\/li>\n<\/ol>\n<p>C'est tout : en quelques secondes, vous \u00eates en direct avec quelqu'un de nouveau.<\/p>\n<h2>Utilisations courantes de Omegle en ligne<\/h2>\n<p>Les gens utilisent Omegle pour de nombreuses raisons. Parmi les plus populaires, on peut citer<\/p>\n<ul>\n<li>Conversation d\u00e9contract\u00e9e - Parlez \u00e0 des \u00e9trangers au hasard pour le plaisir.<\/li>\n<li>Flirt et rencontres - De nombreux utilisateurs esp\u00e8rent \u00e9tablir une relation romantique.<\/li>\n<li>Pratique de la langue - Discutez avec des locuteurs natifs pour am\u00e9liorer vos comp\u00e9tences.<\/li>\n<li>\u00c9change culturel - D\u00e9couvrez la vie dans d'autres pays directement aupr\u00e8s de la population locale.<\/li>\n<li>Tuer l'ennui - Parfait pour les soir\u00e9es tardives ou les moments de d\u00e9tente o\u00f9 l'on a besoin de compagnie.<\/li>\n<\/ul>\n<h2>Avantages de Omegle en ligne<\/h2>\n<p>La simplicit\u00e9 du Omegle a toujours \u00e9t\u00e9 son principal atout :<\/p>\n<ul>\n<li>Enti\u00e8rement gratuit - Pas d'abonnement ni de frais cach\u00e9s.<\/li>\n<li>Rapide et facile - Pas d'inscription compliqu\u00e9e.<\/li>\n<li>Toujours actif - Des millions de personnes sont en ligne chaque jour.<\/li>\n<li>Pas de bagage social - Parlez sans vous soucier de votre r\u00e9putation ou de vos followers.<\/li>\n<\/ul>\n<p>Pour tous ceux qui ont besoin de contacts, c'est un exutoire instantan\u00e9.<\/p>\n<h2>Les inconv\u00e9nients de Omegle<\/h2>\n<p>Bien s\u00fbr, le Omegle n'est pas parfait. De nombreux utilisateurs recherchent d\u00e9sormais des alternatives \u00e0 Omegle en raison de probl\u00e8mes tels que :<\/p>\n<ul>\n<li>Probl\u00e8mes de mod\u00e9ration - Les contenus explicites ind\u00e9sirables sont fr\u00e9quents.<\/li>\n<li>Bots et spam - Les comptes automatis\u00e9s peuvent interrompre les chats.<\/li>\n<li>Pas d'application mobile - Omegle ne fonctionne qu'avec un navigateur, ce qui limite la commodit\u00e9 d'utilisation.<\/li>\n<li>Pas de v\u00e9ritable communaut\u00e9 - Chaque chat est al\u00e9atoire ; il n'y a pas d'option pour des groupes structur\u00e9s.<\/li>\n<\/ul>\n<p>C'est pourquoi de nombreuses personnes recherchent des sites tels que Omegle en ligne afin d'obtenir une meilleure exp\u00e9rience.<\/p>\n<h2>Omegle Online Alternatives<\/h2>\n<p>Si vous aimez l'id\u00e9e de Omegle mais que vous voulez quelque chose de diff\u00e9rent - ou de plus s\u00fbr - il existe de nombreuses alternatives.<\/p>\n<h3>1. TinyChat<\/h3>\n<p>TinyChat associe des discussions avec des inconnus au hasard \u00e0 des espaces communautaires.<\/p>\n<ul>\n<li>Salons de discussion publics pour les rencontres, la musique, les jeux ou les conversations g\u00e9n\u00e9rales.<\/li>\n<li>Des salles priv\u00e9es que vous pouvez cr\u00e9er et contr\u00f4ler.<\/li>\n<li>Options de chat vid\u00e9o, audio et texte.<\/li>\n<li>Aucune inscription n'est n\u00e9cessaire pour commencer.<\/li>\n<li>Acc\u00e8s multiplateforme via des navigateurs et des applications.<\/li>\n<\/ul>\n<p>C'est un excellent choix si vous aimez la spontan\u00e9it\u00e9 de Omegle mais que vous souhaitez une communaut\u00e9 plus structur\u00e9e.<\/p>\n<h3>2. Chatroulette<\/h3>\n<p>L'un des premiers concurrents, qui propose des chats vid\u00e9o rapides et al\u00e9atoires avec des inconnus du monde entier.<\/p>\n<h3>3. Chatspin<\/h3>\n<p>Populaire pour ses filtres de genre\/localisation et ses effets vid\u00e9o amusants.<\/p>\n<h3>4. Camsurf<\/h3>\n<p>Connu pour une meilleure mod\u00e9ration et une base d'utilisateurs plus amicale.<\/p>\n<h3>5. Chatrandom<\/h3>\n<p>Propose \u00e0 la fois des chats vid\u00e9o individuels et des salles de groupe \u00e0 th\u00e8me.<\/p>\n<h2>Omegle Online vs. Alternatives<\/h2>\n<p>Voici une comparaison rapide des performances du Omegle :<\/p>\n<table>\n<thead>\n<tr>\n<th>Fonctionnalit\u00e9<\/th>\n<th>Omegle en ligne<\/th>\n<th>TinyChat<\/th>\n<th>Chatspin<\/th>\n<th>Camsurf<\/th>\n<\/tr>\n<\/thead>\n<tbody>\n<tr>\n<td>Texte + Chat vid\u00e9o<\/td>\n<td>\u2705 Oui<\/td>\n<td>\u2705 Oui<\/td>\n<td>\u2705 Oui<\/td>\n<td>\u2705 Oui<\/td>\n<\/tr>\n<tr>\n<td>Pas d'inscription n\u00e9cessaire<\/td>\n<td>\u2705 Oui<\/td>\n<td>\u2705 Oui<\/td>\n<td>\u2705 Oui<\/td>\n<td>\u2705 Oui<\/td>\n<\/tr>\n<tr>\n<td>Filtres d'int\u00e9r\u00eat<\/td>\n<td>\u2705 Basique<\/td>\n<td>\u2705 Chambres<\/td>\n<td>\u2705 Avanc\u00e9<\/td>\n<td>\u26a0\ufe0f Limited<\/td>\n<\/tr>\n<tr>\n<td>Salons de discussion en groupe<\/td>\n<td>\u274c Non<\/td>\n<td>\u2705 Oui<\/td>\n<td>\u274c Non<\/td>\n<td>\u274c Non<\/td>\n<\/tr>\n<tr>\n<td>Application mobile disponible<\/td>\n<td>\u274c Non<\/td>\n<td>\u2705 Oui<\/td>\n<td>\u2705 Oui<\/td>\n<td>\u2705 Oui<\/td>\n<\/tr>\n<tr>\n<td>Une forte mod\u00e9ration<\/td>\n<td>\u26a0\ufe0f Faible<\/td>\n<td>\u2705 Bon<\/td>\n<td>\u2705 Bon<\/td>\n<td>\u2705 Bon<\/td>\n<\/tr>\n<\/tbody>\n<\/table>\n<h2>Conseils de s\u00e9curit\u00e9 pour Omegle en ligne<\/h2>\n<p>Le site Omegle \u00e9tant anonyme et ouvert \u00e0 tous, la s\u00e9curit\u00e9 est essentielle :<\/p>\n<ul>\n<li>Ne partagez pas vos informations personnelles - Ne divulguez pas votre nom, votre lieu de r\u00e9sidence et vos coordonn\u00e9es.<\/li>\n<li>Utilisez un surnom - jamais votre vrai nom.<\/li>\n<li>Attention \u00e0 l'arri\u00e8re-plan - Ne montrez pas de d\u00e9tails d'identification \u00e0 l'appareil photo.<\/li>\n<li>Signalez ou d\u00e9connectez - Sautez imm\u00e9diatement si quelque chose ne va pas.<\/li>\n<li>S'en tenir \u00e0 des plateformes s\u00fbres - Si Omegle semble chaotique, essayez des alternatives mod\u00e9r\u00e9es comme TinyChat.<\/li>\n<\/ul>\n<h2>Pourquoi les gens continuent \u00e0 chercher Omegle en ligne<\/h2>\n<p>Malgr\u00e9 ses d\u00e9fauts, Omegle reste populaire parce qu'il offre quelque chose d'unique : un acc\u00e8s instantan\u00e9 et sans filtre \u00e0 des inconnus du monde entier. La simplicit\u00e9 de se connecter et d'entamer une conversation sans engagement est encore difficile \u00e0 battre.<\/p>\n<p>Mais les utilisateurs d'aujourd'hui ont plus de choix et beaucoup pr\u00e9f\u00e8rent des plateformes avec des fonctionnalit\u00e9s suppl\u00e9mentaires, une mod\u00e9ration ou une communaut\u00e9.<\/p>\n<p>Omegle online a peut-\u00eatre lanc\u00e9 la tendance du chat al\u00e9atoire, mais ce n'est plus la seule option. Bien qu'il permette encore des conversations rapides et anonymes, des alternatives comme TinyChat, Chatspin et Camsurf offrent des environnements plus s\u00fbrs et plus riches en fonctionnalit\u00e9s.<\/p>\n<p>Si vous \u00eates curieux de rencontrer des inconnus en ligne, essayez Omegle, mais explorez aussi des plateformes plus r\u00e9centes qui offrent plus de contr\u00f4le et de communaut\u00e9. Vous d\u00e9couvrirez peut-\u00eatre que les meilleures conversations ont lieu ailleurs.<\/p>\n<p>Car en fin de compte, le plaisir de chatter en ligne n'est pas li\u00e9 \u00e0 un seul site : il s'agit de l'excitation de se connecter avec quelqu'un de nouveau, n'importe o\u00f9, n'importe quand.<\/p>","protected":false},"excerpt":{"rendered":"<p>If you\u2019ve ever searched for a way to talk to strangers instantly, chances are you\u2019ve come across Omegle online. Since launching in 2009, Omegle became one of the most recognizable platforms for random chat. Its simple setup\u2014click \u201cStart\u201d and you\u2019re connected\u2014made it the go-to place for people looking to meet strangers in real time. Over [&hellip;]<\/p>\n","protected":false},"author":8,"featured_media":0,"parent":0,"menu_order":0,"comment_status":"closed","ping_status":"closed","template":"","meta":{"footnotes":""},"class_list":["post-13514","page","type-page","status-publish","hentry"],"yoast_head":"<!-- This site is optimized with the Yoast SEO plugin v27.4 - https:\/\/yoast.com\/product\/yoast-seo-wordpress\/ -->\n<title>Omegle Online with Video Chat on TinyChat.com<\/title>\n<meta name=\"description\" content=\"Enjoying Omegle Online? Join over 50,000,000 strangers on TinyChat! Turn on your cam and start meeting new people, or find a match.\" \/>\n<meta name=\"robots\" content=\"index, follow, max-snippet:-1, max-image-preview:large, max-video-preview:-1\" \/>\n<link rel=\"canonical\" href=\"https:\/\/tinychat.com\/fr\/omegle-online\/\" \/>\n<meta property=\"og:locale\" content=\"fr_FR\" \/>\n<meta property=\"og:type\" content=\"article\" \/>\n<meta property=\"og:title\" content=\"Omegle Online with Video Chat on TinyChat.com\" \/>\n<meta property=\"og:description\" content=\"Enjoying Omegle Online? Join over 50,000,000 strangers on TinyChat! Turn on your cam and start meeting new people, or find a match.\" \/>\n<meta property=\"og:url\" content=\"https:\/\/tinychat.com\/fr\/omegle-online\/\" \/>\n<meta property=\"og:site_name\" content=\"TinyChat\" \/>\n<meta property=\"article:publisher\" content=\"https:\/\/www.facebook.com\/tinychat\" \/>\n<meta property=\"article:modified_time\" content=\"2025-09-10T09:13:12+00:00\" \/>\n<meta property=\"og:image\" content=\"https:\/\/tinychat.com\/wp-content\/uploads\/2020\/04\/Tinychat-logo-1280x284-new-black.png\" \/>\n\t<meta property=\"og:image:width\" content=\"1280\" \/>\n\t<meta property=\"og:image:height\" content=\"284\" \/>\n\t<meta property=\"og:image:type\" content=\"image\/png\" \/>\n<meta name=\"twitter:card\" content=\"summary_large_image\" \/>\n<meta name=\"twitter:site\" content=\"@tinychat\" \/>\n<meta name=\"twitter:label1\" content=\"Dur\u00e9e de lecture estim\u00e9e\" \/>\n\t<meta name=\"twitter:data1\" content=\"5 minutes\" \/>\n<script type=\"application\/ld+json\" class=\"yoast-schema-graph\">{\"@context\":\"https:\\\/\\\/schema.org\",\"@graph\":[{\"@type\":\"WebPage\",\"@id\":\"https:\\\/\\\/tinychat.com\\\/omegle-online\\\/\",\"url\":\"https:\\\/\\\/tinychat.com\\\/omegle-online\\\/\",\"name\":\"Omegle Online with Video Chat on TinyChat.com\",\"isPartOf\":{\"@id\":\"https:\\\/\\\/tinychat.com\\\/#website\"},\"datePublished\":\"2025-09-10T09:10:56+00:00\",\"dateModified\":\"2025-09-10T09:13:12+00:00\",\"description\":\"Enjoying Omegle Online? Join over 50,000,000 strangers on TinyChat! Turn on your cam and start meeting new people, or find a match.\",\"breadcrumb\":{\"@id\":\"https:\\\/\\\/tinychat.com\\\/omegle-online\\\/#breadcrumb\"},\"inLanguage\":\"fr-FR\",\"potentialAction\":[{\"@type\":\"ReadAction\",\"target\":[\"https:\\\/\\\/tinychat.com\\\/omegle-online\\\/\"]}]},{\"@type\":\"BreadcrumbList\",\"@id\":\"https:\\\/\\\/tinychat.com\\\/omegle-online\\\/#breadcrumb\",\"itemListElement\":[{\"@type\":\"ListItem\",\"position\":1,\"name\":\"Home\",\"item\":\"https:\\\/\\\/tinychat.com\\\/\"},{\"@type\":\"ListItem\",\"position\":2,\"name\":\"Omegle Online\"}]},{\"@type\":\"WebSite\",\"@id\":\"https:\\\/\\\/tinychat.com\\\/#website\",\"url\":\"https:\\\/\\\/tinychat.com\\\/\",\"name\":\"TinyChat\",\"description\":\"Random Video Chat with Strangers\",\"publisher\":{\"@id\":\"https:\\\/\\\/tinychat.com\\\/#organization\"},\"alternateName\":\"TinyChat.com\",\"potentialAction\":[{\"@type\":\"SearchAction\",\"target\":{\"@type\":\"EntryPoint\",\"urlTemplate\":\"https:\\\/\\\/tinychat.com\\\/?s={search_term_string}\"},\"query-input\":{\"@type\":\"PropertyValueSpecification\",\"valueRequired\":true,\"valueName\":\"search_term_string\"}}],\"inLanguage\":\"fr-FR\"},{\"@type\":\"Organization\",\"@id\":\"https:\\\/\\\/tinychat.com\\\/#organization\",\"name\":\"TinyChat\",\"alternateName\":\"TinyChat.com\",\"url\":\"https:\\\/\\\/tinychat.com\\\/\",\"logo\":{\"@type\":\"ImageObject\",\"inLanguage\":\"fr-FR\",\"@id\":\"https:\\\/\\\/tinychat.com\\\/#\\\/schema\\\/logo\\\/image\\\/\",\"url\":\"https:\\\/\\\/tinychat.com\\\/wp-content\\\/uploads\\\/2023\\\/11\\\/Tinychat-icon-square.png\",\"contentUrl\":\"https:\\\/\\\/tinychat.com\\\/wp-content\\\/uploads\\\/2023\\\/11\\\/Tinychat-icon-square.png\",\"width\":284,\"height\":284,\"caption\":\"TinyChat\"},\"image\":{\"@id\":\"https:\\\/\\\/tinychat.com\\\/#\\\/schema\\\/logo\\\/image\\\/\"},\"sameAs\":[\"https:\\\/\\\/www.facebook.com\\\/tinychat\",\"https:\\\/\\\/x.com\\\/tinychat\"]}]}<\/script>\n<!-- \/ Yoast SEO plugin. -->","yoast_head_json":{"title":"Omegle en ligne avec chat vid\u00e9o sur TinyChat.com","description":"Vous appr\u00e9ciez Omegle en ligne ? Rejoignez plus de 50 000 000 d'inconnus sur TinyChat ! Allumez votre cam\u00e9ra et commencez \u00e0 rencontrer de nouvelles personnes, ou trouvez un partenaire.","robots":{"index":"index","follow":"follow","max-snippet":"max-snippet:-1","max-image-preview":"max-image-preview:large","max-video-preview":"max-video-preview:-1"},"canonical":"https:\/\/tinychat.com\/fr\/omegle-online\/","og_locale":"fr_FR","og_type":"article","og_title":"Omegle Online with Video Chat on TinyChat.com","og_description":"Enjoying Omegle Online? Join over 50,000,000 strangers on TinyChat! Turn on your cam and start meeting new people, or find a match.","og_url":"https:\/\/tinychat.com\/fr\/omegle-online\/","og_site_name":"TinyChat","article_publisher":"https:\/\/www.facebook.com\/tinychat","article_modified_time":"2025-09-10T09:13:12+00:00","og_image":[{"width":1280,"height":284,"url":"https:\/\/tinychat.com\/wp-content\/uploads\/2020\/04\/Tinychat-logo-1280x284-new-black.png","type":"image\/png"}],"twitter_card":"summary_large_image","twitter_site":"@tinychat","twitter_misc":{"Dur\u00e9e de lecture estim\u00e9e":"5 minutes"},"schema":{"@context":"https:\/\/schema.org","@graph":[{"@type":"WebPage","@id":"https:\/\/tinychat.com\/omegle-online\/","url":"https:\/\/tinychat.com\/omegle-online\/","name":"Omegle en ligne avec chat vid\u00e9o sur TinyChat.com","isPartOf":{"@id":"https:\/\/tinychat.com\/#website"},"datePublished":"2025-09-10T09:10:56+00:00","dateModified":"2025-09-10T09:13:12+00:00","description":"Vous appr\u00e9ciez Omegle en ligne ? Rejoignez plus de 50 000 000 d'inconnus sur TinyChat ! Allumez votre cam\u00e9ra et commencez \u00e0 rencontrer de nouvelles personnes, ou trouvez un partenaire.","breadcrumb":{"@id":"https:\/\/tinychat.com\/omegle-online\/#breadcrumb"},"inLanguage":"fr-FR","potentialAction":[{"@type":"ReadAction","target":["https:\/\/tinychat.com\/omegle-online\/"]}]},{"@type":"BreadcrumbList","@id":"https:\/\/tinychat.com\/omegle-online\/#breadcrumb","itemListElement":[{"@type":"ListItem","position":1,"name":"Home","item":"https:\/\/tinychat.com\/"},{"@type":"ListItem","position":2,"name":"Omegle Online"}]},{"@type":"WebSite","@id":"https:\/\/tinychat.com\/#website","url":"https:\/\/tinychat.com\/","name":"TinyChat","description":"Chat vid\u00e9o al\u00e9atoire avec des inconnus","publisher":{"@id":"https:\/\/tinychat.com\/#organization"},"alternateName":"TinyChat.com","potentialAction":[{"@type":"SearchAction","target":{"@type":"EntryPoint","urlTemplate":"https:\/\/tinychat.com\/?s={search_term_string}"},"query-input":{"@type":"PropertyValueSpecification","valueRequired":true,"valueName":"search_term_string"}}],"inLanguage":"fr-FR"},{"@type":"Organization","@id":"https:\/\/tinychat.com\/#organization","name":"TinyChat","alternateName":"TinyChat.com","url":"https:\/\/tinychat.com\/","logo":{"@type":"ImageObject","inLanguage":"fr-FR","@id":"https:\/\/tinychat.com\/#\/schema\/logo\/image\/","url":"https:\/\/tinychat.com\/wp-content\/uploads\/2023\/11\/Tinychat-icon-square.png","contentUrl":"https:\/\/tinychat.com\/wp-content\/uploads\/2023\/11\/Tinychat-icon-square.png","width":284,"height":284,"caption":"TinyChat"},"image":{"@id":"https:\/\/tinychat.com\/#\/schema\/logo\/image\/"},"sameAs":["https:\/\/www.facebook.com\/tinychat","https:\/\/x.com\/tinychat"]}]}},"_links":{"self":[{"href":"https:\/\/tinychat.com\/fr\/wp-json\/wp\/v2\/pages\/13514","targetHints":{"allow":["GET"]}}],"collection":[{"href":"https:\/\/tinychat.com\/fr\/wp-json\/wp\/v2\/pages"}],"about":[{"href":"https:\/\/tinychat.com\/fr\/wp-json\/wp\/v2\/types\/page"}],"author":[{"embeddable":true,"href":"https:\/\/tinychat.com\/fr\/wp-json\/wp\/v2\/users\/8"}],"replies":[{"embeddable":true,"href":"https:\/\/tinychat.com\/fr\/wp-json\/wp\/v2\/comments?post=13514"}],"version-history":[{"count":1,"href":"https:\/\/tinychat.com\/fr\/wp-json\/wp\/v2\/pages\/13514\/revisions"}],"predecessor-version":[{"id":13515,"href":"https:\/\/tinychat.com\/fr\/wp-json\/wp\/v2\/pages\/13514\/revisions\/13515"}],"wp:attachment":[{"href":"https:\/\/tinychat.com\/fr\/wp-json\/wp\/v2\/media?parent=13514"}],"curies":[{"name":"wp","href":"https:\/\/api.w.org\/{rel}","templated":true}]}}