{"id":13519,"date":"2025-09-10T11:15:35","date_gmt":"2025-09-10T09:15:35","guid":{"rendered":"https:\/\/tinychat.com\/?page_id=13519"},"modified":"2025-09-10T11:15:35","modified_gmt":"2025-09-10T09:15:35","slug":"live-video-call","status":"publish","type":"page","link":"https:\/\/tinychat.com\/fr\/live-video-call\/","title":{"rendered":"Appel vid\u00e9o en direct"},"content":{"rendered":"<p>Internet nous a offert d'innombrables moyens de communication (courriers \u00e9lectroniques, textes, messages vocaux), mais rien n'est aussi personnel et imm\u00e9diat qu'un appel vid\u00e9o en direct. Qu'il s'agisse de retrouver des amis, de collaborer avec des coll\u00e8gues ou de rencontrer des inconnus en ligne, les appels vid\u00e9o donnent vie aux conversations en vous permettant de voir, d'entendre et d'interagir en temps r\u00e9el.<\/p>\n<p>Contrairement aux anciennes applications de messagerie, le chat vid\u00e9o en direct donne une impression d'authenticit\u00e9 \u00e0 chaque conversation. Vous ne vous contentez pas de lire les mots, vous percevez le ton, le langage corporel et les expressions faciales. Gr\u00e2ce aux nombreuses plateformes gratuites disponibles aujourd'hui, il est plus facile que jamais de passer des appels vid\u00e9o en direct \u00e0 n'importe qui, n'importe o\u00f9.<\/p>\n<h2>Qu'est-ce qu'un appel vid\u00e9o en direct ?<\/h2>\n<p>Un appel vid\u00e9o en direct est une conversation en temps r\u00e9el entre deux ou plusieurs personnes utilisant des webcams et des microphones sur l'internet. Contrairement aux chats vid\u00e9o ou textuels pr\u00e9enregistr\u00e9s, tout se passe instantan\u00e9ment : vous parlez, et l'autre personne vous voit et vous entend en m\u00eame temps.<\/p>\n<p>Les utilisations les plus courantes sont les suivantes<\/p>\n<ul>\n<li>Appels personnels - Rester en contact avec la famille et les amis.<\/li>\n<li>R\u00e9unions professionnelles - Espaces de travail virtuels et collaboration en \u00e9quipe.<\/li>\n<li>Objectifs \u00e9ducatifs - Cours en ligne, tutorat ou sessions d'\u00e9tude.<\/li>\n<li>Discussions al\u00e9atoires avec des inconnus - Des conversations amusantes et spontan\u00e9es dans le monde entier.<\/li>\n<li>Rencontres et socialisation - Rencontrer de nouvelles personnes en temps r\u00e9el.<\/li>\n<\/ul>\n<p>En bref, c'est ce qui se rapproche le plus d'une conversation en personne que l'on peut avoir en ligne.<\/p>\n<h2>Pourquoi les appels vid\u00e9o en direct sont-ils si populaires ?<\/h2>\n<p>Avec l'essor des smartphones, de l'internet rapide et des applications gratuites, le chat vid\u00e9o en direct fait d\u00e9sormais partie de la vie quotidienne. Voici pourquoi les gens l'adorent :<\/p>\n<ul>\n<li>Connexion humaine - Voir le visage de quelqu'un donne plus de sens aux conversations.<\/li>\n<li>Une port\u00e9e mondiale - Parlez \u00e0 n'importe qui dans le monde en quelques secondes.<\/li>\n<li>Pratique - Pas besoin de se d\u00e9placer, il suffit d'ouvrir son t\u00e9l\u00e9phone ou son ordinateur portable.<\/li>\n<li>Polyvalence - Qu'ils soient professionnels ou ludiques, les appels vid\u00e9o s'adaptent \u00e0 tous les contextes.<\/li>\n<li>Acc\u00e8s gratuit - De nombreuses plateformes proposent des appels vid\u00e9o en direct gratuits.<\/li>\n<\/ul>\n<h2>Comment passer un appel vid\u00e9o en direct<\/h2>\n<p>Passer un appel vid\u00e9o en direct est simple et accessible \u00e0 presque tout le monde :<\/p>\n<ol>\n<li>Choisissez une plateforme - Les options vont des applications professionnelles comme Zoom et Microsoft Teams aux applications sociales comme WhatsApp, Messenger ou FaceTime.<\/li>\n<li>V\u00e9rifiez votre appareil photo et votre micro - Assurez-vous que les autorisations de votre appareil sont activ\u00e9es.<\/li>\n<li>Cliquez pour appeler - Commencez instantan\u00e9ment un appel individuel ou de groupe.<\/li>\n<li>Participez en temps r\u00e9el - Parlez, riez, collaborez ou rattrapez simplement le temps perdu.<\/li>\n<\/ol>\n<p>Pour une utilisation plus occasionnelle, des plateformes comme TinyChat, Omegle ou Chatspin vous permettent de passer des appels vid\u00e9o en direct avec des inconnus au hasard.<\/p>\n<h2>Diff\u00e9rents types d'appels vid\u00e9o en direct<\/h2>\n<p>Tous les appels vid\u00e9o en direct n'ont pas la m\u00eame finalit\u00e9. En voici quelques exemples :<\/p>\n<h3>1. Appels vid\u00e9o personnels en direct<\/h3>\n<p>Il est plus facile que jamais de parler avec sa famille ou ses amis \u00e0 l'autre bout de la ville ou du monde.<\/p>\n<h3>2. R\u00e9unions vid\u00e9o professionnelles en direct<\/h3>\n<p>La culture du travail \u00e0 domicile a fait des appels Zoom et des r\u00e9unions Teams une habitude quotidienne.<\/p>\n<h3>3. Appels vid\u00e9o al\u00e9atoires en direct avec des inconnus<\/h3>\n<p>Des plateformes telles que Omegle, Chatrandom et TinyChat vous permettent d'entrer en contact avec des inconnus pour des conversations spontan\u00e9es.<\/p>\n<h3>4. Salles de chat vid\u00e9o de groupe<\/h3>\n<p>Participez \u00e0 une conversation plus large autour d'un sujet, d'un hobby ou d'une communaut\u00e9 sp\u00e9cifique.<\/p>\n<h3>5. Diffusion en direct<\/h3>\n<p>Des applications telles que Twitch, YouTube Live ou les fonctions de diffusion de TinyChat vous permettent de vous diffuser vous-m\u00eame et d'interagir avec les spectateurs en temps r\u00e9el.<\/p>\n<h2>Meilleures plateformes pour les appels vid\u00e9o en direct<\/h2>\n<p>Voici quelques-unes des meilleures options, en fonction de ce que vous recherchez :<\/p>\n<ul>\n<li>Zoom - Id\u00e9al pour les r\u00e9unions professionnelles et les appels vid\u00e9o de groupe.<\/li>\n<li>Google Meet - Gratuit et facile \u00e0 utiliser, parfait pour un usage personnel et professionnel.<\/li>\n<li>FaceTime - Populaire chez les utilisateurs d'Apple.<\/li>\n<li>WhatsApp \/ Messenger - Id\u00e9al pour les appels personnels occasionnels.<\/li>\n<li>Skype - Un classique de longue date pour les appels personnels et professionnels.<\/li>\n<li>Omegle \/ Chatroulette - Appels vid\u00e9o al\u00e9atoires en direct avec des inconnus.<\/li>\n<li>TinyChat - Combine des appels vid\u00e9o en direct avec des salles de groupe publiques et priv\u00e9es.<\/li>\n<\/ul>\n<h2>Appel vid\u00e9o en direct gratuit ou services payants<\/h2>\n<p>La plupart des gens utilisent des applications d'appel vid\u00e9o gratuites, mais certaines plateformes proposent des mises \u00e0 niveau payantes.<\/p>\n<table>\n<thead>\n<tr>\n<th>Fonctionnalit\u00e9<\/th>\n<th>Appel vid\u00e9o gratuit en direct<\/th>\n<th>Services payants<\/th>\n<\/tr>\n<\/thead>\n<tbody>\n<tr>\n<td>Appels vid\u00e9o individuels<\/td>\n<td>\u2705 Oui<\/td>\n<td>\u2705 Oui<\/td>\n<\/tr>\n<tr>\n<td>Appels vid\u00e9o de groupe<\/td>\n<td>\u2705 Oui (limit\u00e9)<\/td>\n<td>\u2705 Une plus grande capacit\u00e9<\/td>\n<\/tr>\n<tr>\n<td>Correspondance avec des inconnus au hasard<\/td>\n<td>\u2705 Oui<\/td>\n<td>\u2705 Oui<\/td>\n<\/tr>\n<tr>\n<td>Annonces supprim\u00e9es<\/td>\n<td>\u274c<\/td>\n<td>\u2705 Oui<\/td>\n<\/tr>\n<tr>\n<td>Filtres avanc\u00e9s<\/td>\n<td>\u26a0\ufe0f Basic<\/td>\n<td>\u2705 Plus de contr\u00f4le<\/td>\n<\/tr>\n<\/tbody>\n<\/table>\n<p>Pour un usage occasionnel, les applications gratuites suffisent g\u00e9n\u00e9ralement. Les entreprises paient souvent pour la fiabilit\u00e9 et les fonctionnalit\u00e9s suppl\u00e9mentaires.<\/p>\n<h2>Pourquoi le TinyChat est une excellente option d'appel vid\u00e9o en direct<\/h2>\n<p>Si vous recherchez un appel vid\u00e9o en direct de type Chatroulette, mais plus structur\u00e9, TinyChat m\u00e9rite d'\u00eatre explor\u00e9. Contrairement aux applications ax\u00e9es uniquement sur la mise en relation individuelle, TinyChat propose :<\/p>\n<ul>\n<li>Salons de discussion publics - Rejoignez des groupes sur des sujets tels que la musique, les rencontres ou les jeux.<\/li>\n<li>Salles priv\u00e9es - Cr\u00e9ez votre propre espace pour des appels en direct avec des amis ou des inconnus.<\/li>\n<li>Mode diffusion - Diffusez des informations \u00e0 un public ou regardez d'autres animateurs.<\/li>\n<li>Acc\u00e8s multiplateforme - Fonctionne sur les navigateurs de bureau, iOS et Android.<\/li>\n<li>Pas d'inscription n\u00e9cessaire - Commencez \u00e0 chatter instantan\u00e9ment.<\/li>\n<\/ul>\n<p>Il combine la spontan\u00e9it\u00e9 des discussions al\u00e9atoires avec la stabilit\u00e9 des salles communautaires.<\/p>\n<h2>Rester en s\u00e9curit\u00e9 pendant les appels vid\u00e9o en direct<\/h2>\n<p>La plupart des plateformes d'appel vid\u00e9o sont s\u00fbres, mais la prudence est de mise lorsqu'il s'agit de parler \u00e0 des inconnus :<\/p>\n<ul>\n<li>N'en dites pas trop - Gardez vos donn\u00e9es personnelles confidentielles.<\/li>\n<li>Utilisez un surnom - Surtout sur les plateformes de chat al\u00e9atoires.<\/li>\n<li>V\u00e9rifiez vos ant\u00e9c\u00e9dents - \u00c9vitez de montrer des d\u00e9tails sensibles.<\/li>\n<li>Passer\/rapporter si n\u00e9cessaire - Se d\u00e9connecter des appels g\u00eanants.<\/li>\n<li>S'en tenir \u00e0 des plateformes r\u00e9put\u00e9es - Choisir des services dot\u00e9s d'outils de mod\u00e9ration.<\/li>\n<\/ul>\n<h2>Qui utilise les appels vid\u00e9o en direct ?<\/h2>\n<p>La r\u00e9ponse courte : tout le monde. Mais les motivations varient :<\/p>\n<ul>\n<li>Familles - Rester en contact au-del\u00e0 des distances.<\/li>\n<li>Professionnels - R\u00e9unions et entretiens \u00e0 distance.<\/li>\n<li>\u00c9tudiants - Apprentissage virtuel et projets de groupe.<\/li>\n<li>C\u00e9libataires - Flirter, faire des rencontres ou explorer des chats al\u00e9atoires.<\/li>\n<li>Voyageurs - Rencontrer virtuellement les habitants avant ou pendant les voyages.<\/li>\n<li>Cr\u00e9ateurs - Diffusion en direct \u00e0 des fins de divertissement.<\/li>\n<\/ul>\n<h2>Conseils pour une bonne exp\u00e9rience d'appel vid\u00e9o en direct<\/h2>\n<ul>\n<li>Un bon \u00e9clairage est important - Il vous rend plus accessible.<\/li>\n<li>Souriez d\u00e8s le d\u00e9part - La premi\u00e8re impression compte, m\u00eame en ligne.<\/li>\n<li>Posez des questions engageantes - Faites en sorte que les conversations se poursuivent.<\/li>\n<li>Restez respectueux - Surtout dans les discussions avec des inconnus.<\/li>\n<li>Exp\u00e9rimentez avec le timing - Diff\u00e9rents moments = diff\u00e9rentes personnes en ligne.<\/li>\n<\/ul>\n<h2>La joie des conversations en direct<\/h2>\n<p>Ce qui rend les appels vid\u00e9o en direct si attrayants, c'est l'instantan\u00e9it\u00e9. En une seule soir\u00e9e, vous pouvez :<\/p>\n<ul>\n<li>Rire avec quelqu'un \u00e0 l'autre bout du monde.<\/li>\n<li>Partagez de la musique ou montrez votre animal de compagnie pr\u00e9f\u00e9r\u00e9.<\/li>\n<li>Pratiquer une langue \u00e9trang\u00e8re.<\/li>\n<li>Avoir une conversation \u00e0 c\u0153ur ouvert avec un parfait inconnu.<\/li>\n<li>D\u00e9couvrez un nouvel ami, voire une \u00e9tincelle de romance.<\/li>\n<\/ul>\n<p>Chaque appel est diff\u00e9rent, ce qui permet de renouveler l'exp\u00e9rience et de s'amuser.<\/p>\n<p>Les plateformes d'appels vid\u00e9o en direct ont transform\u00e9 notre fa\u00e7on de communiquer. Qu'il s'agisse de r\u00e9unions professionnelles ou de discussions spontan\u00e9es entre inconnus, elles nous permettent de parler en face \u00e0 face instantan\u00e9ment, \u00e0 tout moment et en tout lieu.<\/p>\n<p>Si vous souhaitez passer des appels simples et gratuits avec vos amis et votre famille, des applications comme Zoom, Meet ou FaceTime font l'affaire. Mais si vous avez envie de rencontrer de nouvelles personnes de mani\u00e8re impr\u00e9visible, des plateformes comme TinyChat, Omegle et Chatspin vous offrent cette exp\u00e9rience al\u00e9atoire et excitante.<\/p>\n<p>La beaut\u00e9 des appels vid\u00e9o en direct r\u00e9side dans leur flexibilit\u00e9 : vous pouvez les utiliser pour le travail, les loisirs, les rencontres, l'apprentissage ou simplement pour passer le temps. Tout ce dont vous avez besoin, c'est d'une webcam, d'une connexion internet et d'un peu de curiosit\u00e9.<\/p>\n<p>Alors pourquoi attendre ? Lancez un appel vid\u00e9o en direct d\u00e8s aujourd'hui et voyez qui est de l'autre c\u00f4t\u00e9 - vous pourriez \u00eatre surpris de voir \u00e0 quel point cela peut \u00eatre amusant.<\/p>","protected":false},"excerpt":{"rendered":"<p>The internet has given us countless ways to communicate\u2014emails, texts, voice messages\u2014but nothing feels as personal and immediate as a live video call. Whether it\u2019s catching up with friends, collaborating with coworkers, or meeting strangers online, video calls bring conversations to life by letting you see, hear, and interact in real time. Unlike old-school messaging [&hellip;]<\/p>\n","protected":false},"author":8,"featured_media":0,"parent":0,"menu_order":0,"comment_status":"closed","ping_status":"closed","template":"","meta":{"footnotes":""},"class_list":["post-13519","page","type-page","status-publish","hentry"],"yoast_head":"<!-- This site is optimized with the Yoast SEO plugin v27.4 - https:\/\/yoast.com\/product\/yoast-seo-wordpress\/ -->\n<title>Live Video Call with Video Chat on TinyChat.com<\/title>\n<meta name=\"description\" content=\"Enjoying Live Video Call? Join over 50,000,000 strangers on TinyChat! Turn on your cam and start meeting new people, or find a match.\" \/>\n<meta name=\"robots\" content=\"index, follow, max-snippet:-1, max-image-preview:large, max-video-preview:-1\" \/>\n<link rel=\"canonical\" href=\"https:\/\/tinychat.com\/fr\/live-video-call\/\" \/>\n<meta property=\"og:locale\" content=\"fr_FR\" \/>\n<meta property=\"og:type\" content=\"article\" \/>\n<meta property=\"og:title\" content=\"Live Video Call with Video Chat on TinyChat.com\" \/>\n<meta property=\"og:description\" content=\"Enjoying Live Video Call? Join over 50,000,000 strangers on TinyChat! Turn on your cam and start meeting new people, or find a match.\" \/>\n<meta property=\"og:url\" content=\"https:\/\/tinychat.com\/fr\/live-video-call\/\" \/>\n<meta property=\"og:site_name\" content=\"TinyChat\" \/>\n<meta property=\"article:publisher\" content=\"https:\/\/www.facebook.com\/tinychat\" \/>\n<meta property=\"og:image\" content=\"https:\/\/tinychat.com\/wp-content\/uploads\/2020\/04\/Tinychat-logo-1280x284-new-black.png\" \/>\n\t<meta property=\"og:image:width\" content=\"1280\" \/>\n\t<meta property=\"og:image:height\" content=\"284\" \/>\n\t<meta property=\"og:image:type\" content=\"image\/png\" \/>\n<meta name=\"twitter:card\" content=\"summary_large_image\" \/>\n<meta name=\"twitter:site\" content=\"@tinychat\" \/>\n<meta name=\"twitter:label1\" content=\"Dur\u00e9e de lecture estim\u00e9e\" \/>\n\t<meta name=\"twitter:data1\" content=\"5 minutes\" \/>\n<script type=\"application\/ld+json\" class=\"yoast-schema-graph\">{\"@context\":\"https:\\\/\\\/schema.org\",\"@graph\":[{\"@type\":\"WebPage\",\"@id\":\"https:\\\/\\\/tinychat.com\\\/live-video-call\\\/\",\"url\":\"https:\\\/\\\/tinychat.com\\\/live-video-call\\\/\",\"name\":\"Live Video Call with Video Chat on TinyChat.com\",\"isPartOf\":{\"@id\":\"https:\\\/\\\/tinychat.com\\\/#website\"},\"datePublished\":\"2025-09-10T09:15:35+00:00\",\"description\":\"Enjoying Live Video Call? Join over 50,000,000 strangers on TinyChat! Turn on your cam and start meeting new people, or find a match.\",\"breadcrumb\":{\"@id\":\"https:\\\/\\\/tinychat.com\\\/live-video-call\\\/#breadcrumb\"},\"inLanguage\":\"fr-FR\",\"potentialAction\":[{\"@type\":\"ReadAction\",\"target\":[\"https:\\\/\\\/tinychat.com\\\/live-video-call\\\/\"]}]},{\"@type\":\"BreadcrumbList\",\"@id\":\"https:\\\/\\\/tinychat.com\\\/live-video-call\\\/#breadcrumb\",\"itemListElement\":[{\"@type\":\"ListItem\",\"position\":1,\"name\":\"Home\",\"item\":\"https:\\\/\\\/tinychat.com\\\/\"},{\"@type\":\"ListItem\",\"position\":2,\"name\":\"Live Video Call\"}]},{\"@type\":\"WebSite\",\"@id\":\"https:\\\/\\\/tinychat.com\\\/#website\",\"url\":\"https:\\\/\\\/tinychat.com\\\/\",\"name\":\"TinyChat\",\"description\":\"Random Video Chat with Strangers\",\"publisher\":{\"@id\":\"https:\\\/\\\/tinychat.com\\\/#organization\"},\"alternateName\":\"TinyChat.com\",\"potentialAction\":[{\"@type\":\"SearchAction\",\"target\":{\"@type\":\"EntryPoint\",\"urlTemplate\":\"https:\\\/\\\/tinychat.com\\\/?s={search_term_string}\"},\"query-input\":{\"@type\":\"PropertyValueSpecification\",\"valueRequired\":true,\"valueName\":\"search_term_string\"}}],\"inLanguage\":\"fr-FR\"},{\"@type\":\"Organization\",\"@id\":\"https:\\\/\\\/tinychat.com\\\/#organization\",\"name\":\"TinyChat\",\"alternateName\":\"TinyChat.com\",\"url\":\"https:\\\/\\\/tinychat.com\\\/\",\"logo\":{\"@type\":\"ImageObject\",\"inLanguage\":\"fr-FR\",\"@id\":\"https:\\\/\\\/tinychat.com\\\/#\\\/schema\\\/logo\\\/image\\\/\",\"url\":\"https:\\\/\\\/tinychat.com\\\/wp-content\\\/uploads\\\/2023\\\/11\\\/Tinychat-icon-square.png\",\"contentUrl\":\"https:\\\/\\\/tinychat.com\\\/wp-content\\\/uploads\\\/2023\\\/11\\\/Tinychat-icon-square.png\",\"width\":284,\"height\":284,\"caption\":\"TinyChat\"},\"image\":{\"@id\":\"https:\\\/\\\/tinychat.com\\\/#\\\/schema\\\/logo\\\/image\\\/\"},\"sameAs\":[\"https:\\\/\\\/www.facebook.com\\\/tinychat\",\"https:\\\/\\\/x.com\\\/tinychat\"]}]}<\/script>\n<!-- \/ Yoast SEO plugin. -->","yoast_head_json":{"title":"Appel vid\u00e9o en direct avec chat vid\u00e9o sur TinyChat.com","description":"Vous aimez les appels vid\u00e9o en direct ? Rejoignez plus de 50 000 000 d'inconnus sur TinyChat ! Allumez votre cam\u00e9ra et commencez \u00e0 rencontrer de nouvelles personnes, ou trouvez un partenaire.","robots":{"index":"index","follow":"follow","max-snippet":"max-snippet:-1","max-image-preview":"max-image-preview:large","max-video-preview":"max-video-preview:-1"},"canonical":"https:\/\/tinychat.com\/fr\/live-video-call\/","og_locale":"fr_FR","og_type":"article","og_title":"Live Video Call with Video Chat on TinyChat.com","og_description":"Enjoying Live Video Call? Join over 50,000,000 strangers on TinyChat! Turn on your cam and start meeting new people, or find a match.","og_url":"https:\/\/tinychat.com\/fr\/live-video-call\/","og_site_name":"TinyChat","article_publisher":"https:\/\/www.facebook.com\/tinychat","og_image":[{"width":1280,"height":284,"url":"https:\/\/tinychat.com\/wp-content\/uploads\/2020\/04\/Tinychat-logo-1280x284-new-black.png","type":"image\/png"}],"twitter_card":"summary_large_image","twitter_site":"@tinychat","twitter_misc":{"Dur\u00e9e de lecture estim\u00e9e":"5 minutes"},"schema":{"@context":"https:\/\/schema.org","@graph":[{"@type":"WebPage","@id":"https:\/\/tinychat.com\/live-video-call\/","url":"https:\/\/tinychat.com\/live-video-call\/","name":"Appel vid\u00e9o en direct avec chat vid\u00e9o sur TinyChat.com","isPartOf":{"@id":"https:\/\/tinychat.com\/#website"},"datePublished":"2025-09-10T09:15:35+00:00","description":"Vous aimez les appels vid\u00e9o en direct ? Rejoignez plus de 50 000 000 d'inconnus sur TinyChat ! Allumez votre cam\u00e9ra et commencez \u00e0 rencontrer de nouvelles personnes, ou trouvez un partenaire.","breadcrumb":{"@id":"https:\/\/tinychat.com\/live-video-call\/#breadcrumb"},"inLanguage":"fr-FR","potentialAction":[{"@type":"ReadAction","target":["https:\/\/tinychat.com\/live-video-call\/"]}]},{"@type":"BreadcrumbList","@id":"https:\/\/tinychat.com\/live-video-call\/#breadcrumb","itemListElement":[{"@type":"ListItem","position":1,"name":"Home","item":"https:\/\/tinychat.com\/"},{"@type":"ListItem","position":2,"name":"Live Video Call"}]},{"@type":"WebSite","@id":"https:\/\/tinychat.com\/#website","url":"https:\/\/tinychat.com\/","name":"TinyChat","description":"Chat vid\u00e9o al\u00e9atoire avec des inconnus","publisher":{"@id":"https:\/\/tinychat.com\/#organization"},"alternateName":"TinyChat.com","potentialAction":[{"@type":"SearchAction","target":{"@type":"EntryPoint","urlTemplate":"https:\/\/tinychat.com\/?s={search_term_string}"},"query-input":{"@type":"PropertyValueSpecification","valueRequired":true,"valueName":"search_term_string"}}],"inLanguage":"fr-FR"},{"@type":"Organization","@id":"https:\/\/tinychat.com\/#organization","name":"TinyChat","alternateName":"TinyChat.com","url":"https:\/\/tinychat.com\/","logo":{"@type":"ImageObject","inLanguage":"fr-FR","@id":"https:\/\/tinychat.com\/#\/schema\/logo\/image\/","url":"https:\/\/tinychat.com\/wp-content\/uploads\/2023\/11\/Tinychat-icon-square.png","contentUrl":"https:\/\/tinychat.com\/wp-content\/uploads\/2023\/11\/Tinychat-icon-square.png","width":284,"height":284,"caption":"TinyChat"},"image":{"@id":"https:\/\/tinychat.com\/#\/schema\/logo\/image\/"},"sameAs":["https:\/\/www.facebook.com\/tinychat","https:\/\/x.com\/tinychat"]}]}},"_links":{"self":[{"href":"https:\/\/tinychat.com\/fr\/wp-json\/wp\/v2\/pages\/13519","targetHints":{"allow":["GET"]}}],"collection":[{"href":"https:\/\/tinychat.com\/fr\/wp-json\/wp\/v2\/pages"}],"about":[{"href":"https:\/\/tinychat.com\/fr\/wp-json\/wp\/v2\/types\/page"}],"author":[{"embeddable":true,"href":"https:\/\/tinychat.com\/fr\/wp-json\/wp\/v2\/users\/8"}],"replies":[{"embeddable":true,"href":"https:\/\/tinychat.com\/fr\/wp-json\/wp\/v2\/comments?post=13519"}],"version-history":[{"count":1,"href":"https:\/\/tinychat.com\/fr\/wp-json\/wp\/v2\/pages\/13519\/revisions"}],"predecessor-version":[{"id":13520,"href":"https:\/\/tinychat.com\/fr\/wp-json\/wp\/v2\/pages\/13519\/revisions\/13520"}],"wp:attachment":[{"href":"https:\/\/tinychat.com\/fr\/wp-json\/wp\/v2\/media?parent=13519"}],"curies":[{"name":"wp","href":"https:\/\/api.w.org\/{rel}","templated":true}]}}