{"id":13525,"date":"2025-09-18T09:57:22","date_gmt":"2025-09-18T07:57:22","guid":{"rendered":"https:\/\/tinychat.com\/?page_id=13525"},"modified":"2025-09-18T09:57:22","modified_gmt":"2025-09-18T07:57:22","slug":"american-random-video-call","status":"publish","type":"page","link":"https:\/\/tinychat.com\/fr\/american-random-video-call\/","title":{"rendered":"Appel vid\u00e9o al\u00e9atoire am\u00e9ricain"},"content":{"rendered":"<p>L'internet a permis d'entrer en contact avec des personnes du monde entier, mais il arrive parfois que l'on veuille quelque chose de plus proche de chez soi. C'est l\u00e0 qu'interviennent les plateformes d'appels vid\u00e9o al\u00e9atoires am\u00e9ricaines. Ces services vous permettent de vous connecter instantan\u00e9ment avec des personnes aux \u00c9tats-Unis, que vous souhaitiez vous faire de nouveaux amis, flirter un peu ou simplement passer le temps avec une conversation d\u00e9contract\u00e9e.<\/p>\n<p>Des \u00e9tudiants de New York aux professionnels de Los Angeles, vous ne savez jamais qui va appara\u00eetre sur votre \u00e9cran. C'est spontan\u00e9, passionnant et 100% en direct.<\/p>\n<h2>Qu'est-ce qu'un appel vid\u00e9o al\u00e9atoire am\u00e9ricain ?<\/h2>\n<p>Un appel vid\u00e9o al\u00e9atoire am\u00e9ricain est un chat en temps r\u00e9el avec quelqu'un aux \u00c9tats-Unis qui se produit instantan\u00e9ment gr\u00e2ce \u00e0 un syst\u00e8me de correspondance al\u00e9atoire. Vous ne choisissez pas votre interlocuteur, la plateforme le fait pour vous.<\/p>\n<p>Vous y trouverez g\u00e9n\u00e9ralement les caract\u00e9ristiques suivantes<\/p>\n<ul>\n<li>Correspondance instantan\u00e9e - Entrez en contact avec un inconnu am\u00e9ricain au hasard en quelques secondes.<\/li>\n<li>Acc\u00e8s gratuit - De nombreux sites vous permettent de vous inscrire sans payer.<\/li>\n<li>Chat vid\u00e9o - Se voir et s'entendre en direct.<\/li>\n<li>Sauter le bouton - Vous ne vous sentez pas \u00e0 l'aise ? Appuyez sur \"suivant\" pour rencontrer quelqu'un d'autre.<\/li>\n<li>Filtres facultatifs - Limitez les correspondances en fonction du sexe, du lieu ou des centres d'int\u00e9r\u00eat.<\/li>\n<\/ul>\n<p>C'est comme un speed dating en ligne, mais sans la pression - juste une cam\u00e9ra, un micro et le frisson de l'inconnu.<\/p>\n<h2>Pourquoi les gens utilisent le chat vid\u00e9o am\u00e9ricain al\u00e9atoire<\/h2>\n<p>Il y a de nombreuses raisons pour lesquelles les gens choisissent des plateformes ax\u00e9es sur les \u00c9tats-Unis plut\u00f4t que sur le monde entier :<\/p>\n<ul>\n<li>Familiarit\u00e9 culturelle - Conversations plus faciles avec des personnes qui partagent le m\u00eame argot, le m\u00eame humour ou les m\u00eames r\u00e9f\u00e9rences.<\/li>\n<li>Possibilit\u00e9s de rencontres - De nombreuses personnes utilisent les appels vid\u00e9o al\u00e9atoires pour flirter ou rencontrer des partenaires potentiels.<\/li>\n<li>Amiti\u00e9 - Un moyen de rencontrer de nouvelles personnes dans le m\u00eame pays.<\/li>\n<li>Confort linguistique - Plus besoin de se battre avec la traduction lorsque l'on discute en anglais.<\/li>\n<li>Commodit\u00e9 - Les fuseaux horaires s'alignent, ce qui facilite les longues conversations.<\/li>\n<\/ul>\n<p>Que vous cherchiez \u00e0 vous amuser ou \u00e0 approfondir quelque chose, le chat vid\u00e9o al\u00e9atoire avec des Am\u00e9ricains rend les choses plus r\u00e9alistes.<\/p>\n<h2>Comment fonctionne l'appel vid\u00e9o al\u00e9atoire am\u00e9ricain<\/h2>\n<p>L'utilisation de l'une de ces plateformes est simple, m\u00eame si vous n'avez jamais essay\u00e9 le chat vid\u00e9o al\u00e9atoire auparavant :<\/p>\n<ol>\n<li>Choisissez une plateforme - Les options incluent Omegle, Chatspin, Chatrandom, et TinyChat.<\/li>\n<li>Autoriser l'acc\u00e8s \u00e0 la cam\u00e9ra et au micro - Ces plateformes ont besoin de votre webcam et de votre syst\u00e8me audio.<\/li>\n<li>Cliquez sur \"Start\" - Vous serez mis en relation instantan\u00e9ment avec une personne aux \u00c9tats-Unis.<\/li>\n<li>Rester ou passer - Si la conversation fonctionne, continuez \u00e0 discuter ; sinon, passez \u00e0 autre chose.<\/li>\n<li>R\u00e9p\u00e9ter - Chaque connexion est diff\u00e9rente et le plaisir r\u00e9side dans la vari\u00e9t\u00e9.<\/li>\n<\/ol>\n<p>C'est tout : pas d'inscription compliqu\u00e9e, pas de longs formulaires, pas d'attente.<\/p>\n<h2>Types d'appels vid\u00e9o al\u00e9atoires am\u00e9ricains<\/h2>\n<p>Il n'y a pas qu'une seule fa\u00e7on de se connecter. Diff\u00e9rentes plateformes r\u00e9pondent \u00e0 des styles diff\u00e9rents :<\/p>\n<h3>1. Appels vid\u00e9o individuels<\/h3>\n<p>Le chat classique de type Omegle : juste vous et un \u00e9tranger am\u00e9ricain.<\/p>\n<h3>2. Salles de chat vid\u00e9o de groupe<\/h3>\n<p>Rejoignez une salle plus grande o\u00f9 plusieurs Am\u00e9ricains discutent ensemble, ce qui est id\u00e9al pour rencontrer plusieurs personnes \u00e0 la fois.<\/p>\n<h3>3. Salles th\u00e9matiques<\/h3>\n<p>Discutez de sport, de rencontres, de jeux, de politique ou tout simplement de socialisation avec des Am\u00e9ricains qui partagent vos centres d'int\u00e9r\u00eat.<\/p>\n<h3>4. Retransmissions en direct<\/h3>\n<p>Certaines plateformes, comme TinyChat, permettent aux utilisateurs de diffuser en continu dans une salle et d'interagir avec les spectateurs en temps r\u00e9el.<\/p>\n<h3>5. Appels al\u00e9atoires r\u00e9serv\u00e9s aux adultes<\/h3>\n<p>Pour les plus de 18 ans, certaines plateformes mettent l'accent sur le flirt ou les conversations plus explicites.<\/p>\n<h2>Meilleures plateformes pour les appels vid\u00e9o al\u00e9atoires am\u00e9ricains<\/h2>\n<p>Voici quelques-unes des meilleures options si vous souhaitez entrer en contact avec des personnes aux \u00c9tats-Unis :<\/p>\n<ul>\n<li>Omegle - Le site de chat al\u00e9atoire classique, bien que la mod\u00e9ration puisse \u00eatre faible.<\/li>\n<li>Chatspin - Populaire aux \u00c9tats-Unis, avec des filtres de genre et de localisation.<\/li>\n<li>Chatrandom - Comprend un mode \"filles seulement\" et des salons de discussion centr\u00e9s sur les \u00c9tats-Unis.<\/li>\n<li>Camsurf - Une alternative plus s\u00fbre avec une meilleure mod\u00e9ration.<\/li>\n<li>TinyChat - M\u00e9lange d'appels vid\u00e9o al\u00e9atoires et de forums de discussion th\u00e9matiques.<\/li>\n<li>Bazoocam - Bas\u00e9 en Europe, il compte encore des utilisateurs actifs aux \u00c9tats-Unis.<\/li>\n<\/ul>\n<h2>Pourquoi TinyChat se d\u00e9marque<\/h2>\n<p>Si vous recherchez sp\u00e9cifiquement un chat vid\u00e9o al\u00e9atoire am\u00e9ricain mais que vous ne voulez pas le chaos de Omegle, TinyChat est l'une des meilleures options.<\/p>\n<ul>\n<li>Salles publiques - Rejoignez des salons de discussion ou des espaces th\u00e9matiques ax\u00e9s sur les \u00c9tats-Unis.<\/li>\n<li>Salles priv\u00e9es - Cr\u00e9ez votre propre chat avec un groupe plus restreint.<\/li>\n<li>Vid\u00e9o, audio et texte - Choisissez votre mode de connexion pr\u00e9f\u00e9r\u00e9.<\/li>\n<li>Multiplateforme - Fonctionne sur les navigateurs, iOS et Android.<\/li>\n<li>Esprit de communaut\u00e9 - Plus structur\u00e9 que le saut \u00e0 la corde individuel et sans fin.<\/li>\n<\/ul>\n<p>C'est l'id\u00e9al si vous voulez \u00e0 la fois de la spontan\u00e9it\u00e9 et la possibilit\u00e9 de rester au m\u00eame endroit et de rencontrer plusieurs personnes.<\/p>\n<h2>Appel vid\u00e9o al\u00e9atoire am\u00e9ricain contre chat mondial<\/h2>\n<p>Alors pourquoi choisir une plateforme centr\u00e9e sur les \u00c9tats-Unis plut\u00f4t qu'une plateforme mondiale ?<\/p>\n<table>\n<thead>\n<tr>\n<th>Fonctionnalit\u00e9<\/th>\n<th>Appel vid\u00e9o al\u00e9atoire am\u00e9ricain<\/th>\n<th>Appel vid\u00e9o al\u00e9atoire mondial<\/th>\n<\/tr>\n<\/thead>\n<tbody>\n<tr>\n<td>Familiarit\u00e9 culturelle<\/td>\n<td>Haut<\/td>\n<td>\u26a0\ufe0f Mixte<\/td>\n<\/tr>\n<tr>\n<td>Barri\u00e8re linguistique<\/td>\n<td>\u274c Minimal<\/td>\n<td>\u26a0\ufe0f Possible<\/td>\n<\/tr>\n<tr>\n<td>Alignement des fuseaux horaires<\/td>\n<td>\u2705 Oui<\/td>\n<td>\u274c Pas toujours<\/td>\n<\/tr>\n<tr>\n<td>Potentiel de rencontres<\/td>\n<td>\u2705 Plus facile localement<\/td>\n<td>\u2705 Une port\u00e9e plus large<\/td>\n<\/tr>\n<tr>\n<td>Diversit\u00e9 des exp\u00e9riences<\/td>\n<td>\u26a0\ufe0f Limited<\/td>\n<td>\u2705 Tr\u00e8s \u00e9lev\u00e9<\/td>\n<\/tr>\n<\/tbody>\n<\/table>\n<p>Les deux ont des avantages, mais si vous souhaitez \u00e9tablir des relations et faciliter la communication, il est pr\u00e9f\u00e9rable d'opter pour des chats \u00e0 l'am\u00e9ricaine.<\/p>\n<h2>Rester en s\u00e9curit\u00e9 lors d'appels vid\u00e9o \u00e0 des inconnus<\/h2>\n<p>Comme pour toute plateforme de chat avec des inconnus, la s\u00e9curit\u00e9 est importante :<\/p>\n<ul>\n<li>N'en dites pas trop - Gardez votre nom, votre num\u00e9ro de t\u00e9l\u00e9phone et votre adresse confidentiels.<\/li>\n<li>Utilisez un surnom - L'anonymat est un gage de s\u00e9curit\u00e9.<\/li>\n<li>Sauter\/rapporter - Si une discussion vous met mal \u00e0 l'aise, passez imm\u00e9diatement \u00e0 autre chose.<\/li>\n<li>Faites attention \u00e0 vos ant\u00e9c\u00e9dents - \u00c9vitez de montrer des d\u00e9tails personnels \u00e0 l'appareil photo.<\/li>\n<li>Tenez-vous en aux plateformes mod\u00e9r\u00e9es - TinyChat et Chatspin sont plus s\u00fbrs que les sites non surveill\u00e9s.<\/li>\n<\/ul>\n<h2>Qui utilise les appels vid\u00e9o al\u00e9atoires am\u00e9ricains ?<\/h2>\n<p>La vari\u00e9t\u00e9 des personnes que vous rencontrerez est \u00e9norme. Les utilisateurs les plus courants sont les suivants :<\/p>\n<ul>\n<li>\u00c9tudiants - De toutes les universit\u00e9s des \u00c9tats-Unis, \u00e0 la recherche de conversations amusantes.<\/li>\n<li>Les c\u00e9libataires - Ils esp\u00e8rent flirter ou sortir avec quelqu'un d'autre.<\/li>\n<li>Expats \u00e0 l'\u00e9tranger - Am\u00e9ricains \u00e0 l'\u00e9tranger souhaitant entrer en contact avec des personnes de leur pays d'origine.<\/li>\n<li>Voyageurs - Discuter avec les habitants avant de visiter une nouvelle ville.<\/li>\n<li>Utilisateurs curieux - Cherchant simplement \u00e0 rencontrer de nouvelles personnes en ligne.<\/li>\n<\/ul>\n<p>Chaque appel est diff\u00e9rent - c'est l\u00e0 tout l'int\u00e9r\u00eat.<\/p>\n<h2>Conseils pour un appel vid\u00e9o al\u00e9atoire am\u00e9ricain de qualit\u00e9<\/h2>\n<p>Vous voulez de meilleures conversations ? Gardez ces conseils \u00e0 l'esprit :<\/p>\n<ul>\n<li>Souriez lorsque vous vous connectez - La premi\u00e8re impression est importante.<\/li>\n<li>Posez des questions ouvertes - \"Quelle est votre ville pr\u00e9f\u00e9r\u00e9e aux \u00c9tats-Unis ?\" va plus loin que \"Bonjour\".<\/li>\n<li>Soyez respectueux - De bonnes mani\u00e8res = de meilleures discussions.<\/li>\n<li>Restez patient - Certains chats seront courts, d'autres vous surprendront.<\/li>\n<li>Exp\u00e9rimentez les horaires - Aux \u00c9tats-Unis, les apr\u00e8s-midi et les soir\u00e9es sont les plus charg\u00e9es.<\/li>\n<\/ul>\n<h2>Chat vid\u00e9o am\u00e9ricain gratuit ou payant<\/h2>\n<p>La plupart des plateformes sont gratuites, mais des mises \u00e0 jour payantes peuvent am\u00e9liorer votre exp\u00e9rience.<\/p>\n<table>\n<thead>\n<tr>\n<th>Fonctionnalit\u00e9<\/th>\n<th>Version gratuite<\/th>\n<th>Version payante<\/th>\n<\/tr>\n<\/thead>\n<tbody>\n<tr>\n<td>Correspondance al\u00e9atoire<\/td>\n<td>\u2705 Oui<\/td>\n<td>\u2705 Oui<\/td>\n<\/tr>\n<tr>\n<td>Nombre illimit\u00e9 de sauts<\/td>\n<td>\u26a0\ufe0f Sometimes limited<\/td>\n<td>\u2705 Illimit\u00e9<\/td>\n<\/tr>\n<tr>\n<td>Filtres de genre\/localisation<\/td>\n<td>\u26a0\ufe0f Basic<\/td>\n<td>\u2705 Avanc\u00e9<\/td>\n<\/tr>\n<tr>\n<td>Annonces supprim\u00e9es<\/td>\n<td>\u274c<\/td>\n<td>\u2705 Oui<\/td>\n<\/tr>\n<tr>\n<td>Salles VIP\/priv\u00e9es<\/td>\n<td>\u274c<\/td>\n<td>\u2705 Oui<\/td>\n<\/tr>\n<\/tbody>\n<\/table>\n<p>Pour une utilisation occasionnelle, les versions gratuites sont g\u00e9n\u00e9ralement suffisantes.<\/p>\n<h2>L'excitation des rencontres al\u00e9atoires<\/h2>\n<p>Le meilleur aspect des appels vid\u00e9o al\u00e9atoires am\u00e9ricains est leur caract\u00e8re impr\u00e9visible. En une seule soir\u00e9e, vous pourriez :<\/p>\n<ul>\n<li>Plaisanter avec quelqu'un du Texas.<\/li>\n<li>Parlez sport avec un fan de Chicago.<\/li>\n<li>D\u00e9couvrez la vie quotidienne \u00e0 New York.<\/li>\n<li>Flirtez avec une fille en Californie.<\/li>\n<li>Faites-vous un ami en Floride qui deviendra un compagnon de chat r\u00e9gulier.<\/li>\n<\/ul>\n<p>Il s'agit de personnes r\u00e9elles, de voix r\u00e9elles et de moments r\u00e9els, qui se d\u00e9roulent tous en direct.<\/p>\n<p>Les plateformes d'appels vid\u00e9o al\u00e9atoires am\u00e9ricaines constituent l'un des moyens les plus int\u00e9ressants de rencontrer des gens en ligne. Elles associent spontan\u00e9it\u00e9 et familiarit\u00e9 culturelle, ce qui permet de discuter, de rire, de flirter ou de se faire des amis \u00e0 travers les \u00c9tats-Unis.<\/p>\n<p>Si Omegle et Chatroulette ont rendu l'id\u00e9e c\u00e9l\u00e8bre, des plateformes telles que TinyChat, Chatspin et Chatrandom offrent d\u00e9sormais des options plus s\u00fbres, plus attrayantes et davantage ax\u00e9es sur la communaut\u00e9.<\/p>\n<p>Si vous \u00eates pr\u00eat \u00e0 entrer en contact avec des Am\u00e9ricains en ligne, allumez votre webcam, cliquez sur \"D\u00e9marrer\" et voyez qui appara\u00eet. Votre prochaine conversation pourrait n'\u00eatre qu'\u00e0 un clic.<\/p>","protected":false},"excerpt":{"rendered":"<p>The internet has made it possible to connect with people all over the world, but sometimes, you want something closer to home. That\u2019s where American random video call platforms come in. These services let you connect instantly with people in the United States\u2014whether you\u2019re hoping to make new friends, flirt a little, or just pass [&hellip;]<\/p>\n","protected":false},"author":8,"featured_media":0,"parent":0,"menu_order":0,"comment_status":"closed","ping_status":"closed","template":"","meta":{"footnotes":""},"class_list":["post-13525","page","type-page","status-publish","hentry"],"yoast_head":"<!-- This site is optimized with the Yoast SEO plugin v27.5 - https:\/\/yoast.com\/product\/yoast-seo-wordpress\/ -->\n<title>American Random Video Call with Video Chat on TinyChat.com<\/title>\n<meta name=\"description\" content=\"Enjoying American Random Video Call? Join over 50,000,000 strangers on TinyChat! Turn on your cam and start meeting new people, or find a match.\" \/>\n<meta name=\"robots\" content=\"index, follow, max-snippet:-1, max-image-preview:large, max-video-preview:-1\" \/>\n<link rel=\"canonical\" href=\"https:\/\/tinychat.com\/fr\/american-random-video-call\/\" \/>\n<meta property=\"og:locale\" content=\"fr_FR\" \/>\n<meta property=\"og:type\" content=\"article\" \/>\n<meta property=\"og:title\" content=\"American Random Video Call with Video Chat on TinyChat.com\" \/>\n<meta property=\"og:description\" content=\"Enjoying American Random Video Call? Join over 50,000,000 strangers on TinyChat! Turn on your cam and start meeting new people, or find a match.\" \/>\n<meta property=\"og:url\" content=\"https:\/\/tinychat.com\/fr\/american-random-video-call\/\" \/>\n<meta property=\"og:site_name\" content=\"TinyChat\" \/>\n<meta property=\"article:publisher\" content=\"https:\/\/www.facebook.com\/tinychat\" \/>\n<meta property=\"og:image\" content=\"https:\/\/tinychat.com\/wp-content\/uploads\/2020\/04\/Tinychat-logo-1280x284-new-black.png\" \/>\n\t<meta property=\"og:image:width\" content=\"1280\" \/>\n\t<meta property=\"og:image:height\" content=\"284\" \/>\n\t<meta property=\"og:image:type\" content=\"image\/png\" \/>\n<meta name=\"twitter:card\" content=\"summary_large_image\" \/>\n<meta name=\"twitter:site\" content=\"@tinychat\" \/>\n<meta name=\"twitter:label1\" content=\"Dur\u00e9e de lecture estim\u00e9e\" \/>\n\t<meta name=\"twitter:data1\" content=\"6 minutes\" \/>\n<script type=\"application\/ld+json\" class=\"yoast-schema-graph\">{\"@context\":\"https:\\\/\\\/schema.org\",\"@graph\":[{\"@type\":\"WebPage\",\"@id\":\"https:\\\/\\\/tinychat.com\\\/american-random-video-call\\\/\",\"url\":\"https:\\\/\\\/tinychat.com\\\/american-random-video-call\\\/\",\"name\":\"American Random Video Call with Video Chat on TinyChat.com\",\"isPartOf\":{\"@id\":\"https:\\\/\\\/tinychat.com\\\/#website\"},\"datePublished\":\"2025-09-18T07:57:22+00:00\",\"description\":\"Enjoying American Random Video Call? Join over 50,000,000 strangers on TinyChat! Turn on your cam and start meeting new people, or find a match.\",\"breadcrumb\":{\"@id\":\"https:\\\/\\\/tinychat.com\\\/american-random-video-call\\\/#breadcrumb\"},\"inLanguage\":\"fr-FR\",\"potentialAction\":[{\"@type\":\"ReadAction\",\"target\":[\"https:\\\/\\\/tinychat.com\\\/american-random-video-call\\\/\"]}]},{\"@type\":\"BreadcrumbList\",\"@id\":\"https:\\\/\\\/tinychat.com\\\/american-random-video-call\\\/#breadcrumb\",\"itemListElement\":[{\"@type\":\"ListItem\",\"position\":1,\"name\":\"Home\",\"item\":\"https:\\\/\\\/tinychat.com\\\/\"},{\"@type\":\"ListItem\",\"position\":2,\"name\":\"American Random Video Call\"}]},{\"@type\":\"WebSite\",\"@id\":\"https:\\\/\\\/tinychat.com\\\/#website\",\"url\":\"https:\\\/\\\/tinychat.com\\\/\",\"name\":\"TinyChat\",\"description\":\"Random Video Chat with Strangers\",\"publisher\":{\"@id\":\"https:\\\/\\\/tinychat.com\\\/#organization\"},\"alternateName\":\"TinyChat.com\",\"potentialAction\":[{\"@type\":\"SearchAction\",\"target\":{\"@type\":\"EntryPoint\",\"urlTemplate\":\"https:\\\/\\\/tinychat.com\\\/?s={search_term_string}\"},\"query-input\":{\"@type\":\"PropertyValueSpecification\",\"valueRequired\":true,\"valueName\":\"search_term_string\"}}],\"inLanguage\":\"fr-FR\"},{\"@type\":\"Organization\",\"@id\":\"https:\\\/\\\/tinychat.com\\\/#organization\",\"name\":\"TinyChat\",\"alternateName\":\"TinyChat.com\",\"url\":\"https:\\\/\\\/tinychat.com\\\/\",\"logo\":{\"@type\":\"ImageObject\",\"inLanguage\":\"fr-FR\",\"@id\":\"https:\\\/\\\/tinychat.com\\\/#\\\/schema\\\/logo\\\/image\\\/\",\"url\":\"https:\\\/\\\/tinychat.com\\\/wp-content\\\/uploads\\\/2023\\\/11\\\/Tinychat-icon-square.png\",\"contentUrl\":\"https:\\\/\\\/tinychat.com\\\/wp-content\\\/uploads\\\/2023\\\/11\\\/Tinychat-icon-square.png\",\"width\":284,\"height\":284,\"caption\":\"TinyChat\"},\"image\":{\"@id\":\"https:\\\/\\\/tinychat.com\\\/#\\\/schema\\\/logo\\\/image\\\/\"},\"sameAs\":[\"https:\\\/\\\/www.facebook.com\\\/tinychat\",\"https:\\\/\\\/x.com\\\/tinychat\"]}]}<\/script>\n<!-- \/ Yoast SEO plugin. -->","yoast_head_json":{"title":"Appel vid\u00e9o al\u00e9atoire am\u00e9ricain avec chat vid\u00e9o sur TinyChat.com","description":"Vous appr\u00e9ciez l'appel vid\u00e9o al\u00e9atoire am\u00e9ricain ? Rejoignez plus de 50 000 000 d'inconnus sur TinyChat ! Allumez votre cam\u00e9ra et commencez \u00e0 rencontrer de nouvelles personnes, ou trouvez un partenaire.","robots":{"index":"index","follow":"follow","max-snippet":"max-snippet:-1","max-image-preview":"max-image-preview:large","max-video-preview":"max-video-preview:-1"},"canonical":"https:\/\/tinychat.com\/fr\/american-random-video-call\/","og_locale":"fr_FR","og_type":"article","og_title":"American Random Video Call with Video Chat on TinyChat.com","og_description":"Enjoying American Random Video Call? Join over 50,000,000 strangers on TinyChat! Turn on your cam and start meeting new people, or find a match.","og_url":"https:\/\/tinychat.com\/fr\/american-random-video-call\/","og_site_name":"TinyChat","article_publisher":"https:\/\/www.facebook.com\/tinychat","og_image":[{"width":1280,"height":284,"url":"https:\/\/tinychat.com\/wp-content\/uploads\/2020\/04\/Tinychat-logo-1280x284-new-black.png","type":"image\/png"}],"twitter_card":"summary_large_image","twitter_site":"@tinychat","twitter_misc":{"Dur\u00e9e de lecture estim\u00e9e":"6 minutes"},"schema":{"@context":"https:\/\/schema.org","@graph":[{"@type":"WebPage","@id":"https:\/\/tinychat.com\/american-random-video-call\/","url":"https:\/\/tinychat.com\/american-random-video-call\/","name":"Appel vid\u00e9o al\u00e9atoire am\u00e9ricain avec chat vid\u00e9o sur TinyChat.com","isPartOf":{"@id":"https:\/\/tinychat.com\/#website"},"datePublished":"2025-09-18T07:57:22+00:00","description":"Vous appr\u00e9ciez l'appel vid\u00e9o al\u00e9atoire am\u00e9ricain ? Rejoignez plus de 50 000 000 d'inconnus sur TinyChat ! Allumez votre cam\u00e9ra et commencez \u00e0 rencontrer de nouvelles personnes, ou trouvez un partenaire.","breadcrumb":{"@id":"https:\/\/tinychat.com\/american-random-video-call\/#breadcrumb"},"inLanguage":"fr-FR","potentialAction":[{"@type":"ReadAction","target":["https:\/\/tinychat.com\/american-random-video-call\/"]}]},{"@type":"BreadcrumbList","@id":"https:\/\/tinychat.com\/american-random-video-call\/#breadcrumb","itemListElement":[{"@type":"ListItem","position":1,"name":"Home","item":"https:\/\/tinychat.com\/"},{"@type":"ListItem","position":2,"name":"American Random Video Call"}]},{"@type":"WebSite","@id":"https:\/\/tinychat.com\/#website","url":"https:\/\/tinychat.com\/","name":"TinyChat","description":"Chat vid\u00e9o al\u00e9atoire avec des inconnus","publisher":{"@id":"https:\/\/tinychat.com\/#organization"},"alternateName":"TinyChat.com","potentialAction":[{"@type":"SearchAction","target":{"@type":"EntryPoint","urlTemplate":"https:\/\/tinychat.com\/?s={search_term_string}"},"query-input":{"@type":"PropertyValueSpecification","valueRequired":true,"valueName":"search_term_string"}}],"inLanguage":"fr-FR"},{"@type":"Organization","@id":"https:\/\/tinychat.com\/#organization","name":"TinyChat","alternateName":"TinyChat.com","url":"https:\/\/tinychat.com\/","logo":{"@type":"ImageObject","inLanguage":"fr-FR","@id":"https:\/\/tinychat.com\/#\/schema\/logo\/image\/","url":"https:\/\/tinychat.com\/wp-content\/uploads\/2023\/11\/Tinychat-icon-square.png","contentUrl":"https:\/\/tinychat.com\/wp-content\/uploads\/2023\/11\/Tinychat-icon-square.png","width":284,"height":284,"caption":"TinyChat"},"image":{"@id":"https:\/\/tinychat.com\/#\/schema\/logo\/image\/"},"sameAs":["https:\/\/www.facebook.com\/tinychat","https:\/\/x.com\/tinychat"]}]}},"_links":{"self":[{"href":"https:\/\/tinychat.com\/fr\/wp-json\/wp\/v2\/pages\/13525","targetHints":{"allow":["GET"]}}],"collection":[{"href":"https:\/\/tinychat.com\/fr\/wp-json\/wp\/v2\/pages"}],"about":[{"href":"https:\/\/tinychat.com\/fr\/wp-json\/wp\/v2\/types\/page"}],"author":[{"embeddable":true,"href":"https:\/\/tinychat.com\/fr\/wp-json\/wp\/v2\/users\/8"}],"replies":[{"embeddable":true,"href":"https:\/\/tinychat.com\/fr\/wp-json\/wp\/v2\/comments?post=13525"}],"version-history":[{"count":2,"href":"https:\/\/tinychat.com\/fr\/wp-json\/wp\/v2\/pages\/13525\/revisions"}],"predecessor-version":[{"id":13527,"href":"https:\/\/tinychat.com\/fr\/wp-json\/wp\/v2\/pages\/13525\/revisions\/13527"}],"wp:attachment":[{"href":"https:\/\/tinychat.com\/fr\/wp-json\/wp\/v2\/media?parent=13525"}],"curies":[{"name":"wp","href":"https:\/\/api.w.org\/{rel}","templated":true}]}}