{"id":13528,"date":"2025-09-18T10:00:10","date_gmt":"2025-09-18T08:00:10","guid":{"rendered":"https:\/\/tinychat.com\/?page_id=13528"},"modified":"2025-09-18T10:00:10","modified_gmt":"2025-09-18T08:00:10","slug":"free-chat-now","status":"publish","type":"page","link":"https:\/\/tinychat.com\/fr\/free-chat-now\/","title":{"rendered":"Chat gratuit maintenant"},"content":{"rendered":"<p>Parfois, vous n'avez pas envie d'attendre. Vous n'avez pas envie de cr\u00e9er un compte, de t\u00e9l\u00e9charger une photo de profil ou de passer des heures \u00e0 parcourir des noms. Vous voulez juste vous connecter et commencer \u00e0 parler \u00e0 quelqu'un. C'est exactement ce pour quoi les plateformes de chat gratuit sont con\u00e7ues.<\/p>\n<p>D'un simple clic, vous pouvez entrer dans un salon de discussion ou participer \u00e0 une conversation en t\u00eate-\u00e0-t\u00eate. Pas de paiement, pas d'attente, pas d'obligation, mais une connexion en direct et en temps r\u00e9el avec des inconnus (ou des groupes entiers) du monde entier.<\/p>\n<h2>Que signifie Free Chat Now ?<\/h2>\n<p>L'expression \"free chat now\" fait g\u00e9n\u00e9ralement r\u00e9f\u00e9rence \u00e0 des plateformes qui permettent des conversations en ligne instantan\u00e9es sans inscription ni paiement. Elles sont con\u00e7ues pour \u00eatre rapides et simples : il suffit de se connecter, de rejoindre une salle ou de se connecter au hasard avec un inconnu.<\/p>\n<p>Ces plates-formes offrent g\u00e9n\u00e9ralement<\/p>\n<ul>\n<li>Acc\u00e8s instantan\u00e9 - Participez aux conversations en quelques secondes.<\/li>\n<li>Aucune inscription n'est requise - la plupart des sites ne demandent pas de cr\u00e9er un compte.<\/li>\n<li>Utilisation gratuite - Chat sans abonnement.<\/li>\n<li>Formats multiples - Options texte, voix et vid\u00e9o.<\/li>\n<li>Communaut\u00e9 mondiale - Discutez avec des personnes du monde entier.<\/li>\n<\/ul>\n<p>C'est l'un des moyens les plus faciles de socialiser en ligne, surtout si vous vous ennuyez, si vous vous sentez seul ou si vous \u00eates simplement curieux.<\/p>\n<h2>Pourquoi les gens recherchent-ils le chat gratuit maintenant ?<\/h2>\n<p>L'int\u00e9r\u00eat est simple : rapidit\u00e9 et accessibilit\u00e9. Les gens veulent discuter en toute tranquillit\u00e9.<\/p>\n<p>Voici les raisons les plus courantes :<\/p>\n<ul>\n<li>Combattre l'ennui - Parfait pour les conversations de fin de soir\u00e9e ou les moments de d\u00e9tente.<\/li>\n<li>Lien social - Rencontrez des \u00e9trangers lorsque vous vous sentez isol\u00e9.<\/li>\n<li>Amiti\u00e9s mondiales - Parler \u00e0 des personnes de pays et de cultures diff\u00e9rents.<\/li>\n<li>Flirt et rencontres - Nombreux sont ceux qui s'inscrivent pour rencontrer des c\u00e9libataires en toute d\u00e9contraction.<\/li>\n<li>Interaction avec la communaut\u00e9 - Participez \u00e0 des discussions de groupe sur des sujets qui vous passionnent.<\/li>\n<\/ul>\n<p>Contrairement aux r\u00e9seaux sociaux qui n\u00e9cessitent un effort pour \u00e9tablir des connexions, les plateformes de chat gratuites vous permettent de vous connecter instantan\u00e9ment.<\/p>\n<h2>Types de plateformes de chat gratuites disponibles aujourd'hui<\/h2>\n<p>Tous les sites de chat gratuit ne fonctionnent pas de la m\u00eame mani\u00e8re. Voici les principales cat\u00e9gories :<\/p>\n<h3>1. Chat al\u00e9atoire en t\u00eate-\u00e0-t\u00eate<\/h3>\n<p>Des sites comme Omegle, Chatroulette et Chatrandom vous mettent instantan\u00e9ment en contact avec un inconnu pour des conversations textuelles ou vid\u00e9o.<\/p>\n<h3>2. Salons de discussion en ligne gratuits<\/h3>\n<p>Les salons de discussion classiques o\u00f9 plusieurs personnes tapent ou parlent en m\u00eame temps, souvent sur des sujets tels que la musique, les rencontres ou les jeux.<\/p>\n<h3>3. Salles de chat vid\u00e9o<\/h3>\n<p>Des services comme TinyChat vous permettent de participer \u00e0 des appels vid\u00e9o de groupe ou de vous diffuser aupr\u00e8s d'un public.<\/p>\n<h3>4. Applications de chat mobile<\/h3>\n<p>Des applications comme Chatspin ou LivU proposent des appels vid\u00e9o instantan\u00e9s et al\u00e9atoires directement \u00e0 partir de votre t\u00e9l\u00e9phone.<\/p>\n<h3>5. Chat gratuit pour adultes<\/h3>\n<p>Les plateformes 18+ se concentrent sur le flirt ou sur des conversations plus explicites.<\/p>\n<h2>Les meilleures plateformes \u00e0 essayer si vous voulez chatter gratuitement maintenant<\/h2>\n<p>Si vous \u00eates pr\u00eat \u00e0 vous lancer, voici quelques-unes des meilleures options :<\/p>\n<ul>\n<li>Omegle - Le pionnier du chat al\u00e9atoire, avec texte et vid\u00e9o.<\/li>\n<li>Chatroulette - Appels vid\u00e9o al\u00e9atoires et rapides avec des inconnus du monde entier.<\/li>\n<li>Chatrandom - Comprend des salons de discussion \u00e0 th\u00e8me et des options \"filles seulement\".<\/li>\n<li>Chatspin - Propose des filtres pour le sexe et la localisation, ainsi que des effets vid\u00e9o.<\/li>\n<li>TinyChat - Combine des conversations al\u00e9atoires avec des salons de discussion publics et priv\u00e9s.<\/li>\n<li>Camsurf - Se concentre sur la mod\u00e9ration et la s\u00e9curit\u00e9 des utilisateurs.<\/li>\n<li>Bazoocam - Ajoute des jeux brise-glace pour rendre les conversations amusantes.<\/li>\n<\/ul>\n<h2>Pourquoi TinyChat est un choix judicieux pour le chat gratuit<\/h2>\n<p>Si vous aimez le hasard mais que vous voulez aussi des options, TinyChat est l'une des meilleures plateformes de chat gratuites actuellement disponibles.<\/p>\n<ul>\n<li>Salons de discussion th\u00e9matiques - Rencontres, jeux, musique, politique, etc.<\/li>\n<li>Chat individuel ou en groupe - Flexibilit\u00e9 en fonction de votre humeur.<\/li>\n<li>Vid\u00e9o, voix ou texte - Choisissez votre niveau d'interaction.<\/li>\n<li>Aucune inscription n'est n\u00e9cessaire - Entrez imm\u00e9diatement dans une salle.<\/li>\n<li>Acc\u00e8s multiplateforme - Utilisez-le sur des navigateurs de bureau ou des applications mobiles.<\/li>\n<\/ul>\n<p>C'est un bon \u00e9quilibre entre le chaos d'un chat al\u00e9atoire en t\u00eate-\u00e0-t\u00eate et la structure d'une plateforme communautaire.<\/p>\n<h2>Chat gratuit vs. m\u00e9dias sociaux<\/h2>\n<p>Bien qu'ils relient tous deux les gens, ils servent des objectifs tr\u00e8s diff\u00e9rents.<\/p>\n<table>\n<thead>\n<tr>\n<th>Fonctionnalit\u00e9<\/th>\n<th>Chat gratuit maintenant<\/th>\n<th>M\u00e9dias sociaux<\/th>\n<\/tr>\n<\/thead>\n<tbody>\n<tr>\n<td>Connexions al\u00e9atoires instantan\u00e9es<\/td>\n<td>\u2705 Oui<\/td>\n<td>\u274c Non<\/td>\n<\/tr>\n<tr>\n<td>Aucun profil n'est requis<\/td>\n<td>\u2705 Oui<\/td>\n<td>\u274c Doit en cr\u00e9er un<\/td>\n<\/tr>\n<tr>\n<td>Anonymat<\/td>\n<td>\u2705 Possible<\/td>\n<td>\u274c Limit\u00e9e<\/td>\n<\/tr>\n<tr>\n<td>Interaction en temps r\u00e9el<\/td>\n<td>\u2705 Toujours<\/td>\n<td>\u26a0\ufe0f Uniquement en DMs\/vid\u00e9o<\/td>\n<\/tr>\n<tr>\n<td>Sentiment d'appartenance \u00e0 un groupe ou \u00e0 une communaut\u00e9<\/td>\n<td>\u2705 Oui<\/td>\n<td>\u2705 Oui<\/td>\n<\/tr>\n<\/tbody>\n<\/table>\n<p>Si vous recherchez des conversations imm\u00e9diates et non filtr\u00e9es, les plateformes de chat gratuites l'emportent \u00e0 tous les coups.<\/p>\n<h2>Rester en s\u00e9curit\u00e9 lors de l'utilisation de Free Chat Now<\/h2>\n<p>Comme ces plateformes vous mettent en contact avec des inconnus, la s\u00e9curit\u00e9 doit toujours \u00eatre une priorit\u00e9 :<\/p>\n<ul>\n<li>Ne communiquez pas d'informations personnelles - Ne divulguez pas votre nom, votre num\u00e9ro de t\u00e9l\u00e9phone et votre adresse.<\/li>\n<li>Utilisez un surnom - Restez anonyme jusqu'\u00e0 ce que vous vous sentiez \u00e0 l'aise.<\/li>\n<li>Attention \u00e0 l'arri\u00e8re-plan de l'appareil photo - \u00c9vitez de montrer des d\u00e9tails personnels.<\/li>\n<li>Sauter\/reporter les utilisateurs inappropri\u00e9s - Ne restez pas dans les conversations qui vous semblent inappropri\u00e9es.<\/li>\n<li>Choisissez des plateformes mod\u00e9r\u00e9es - Des services comme TinyChat ou Camsurf sont plus s\u00fbrs.<\/li>\n<\/ul>\n<h2>Qui utilise les plateformes de chat gratuit ?<\/h2>\n<p>Vous rencontrerez un large \u00e9ventail de personnes. Parmi les groupes les plus courants, citons<\/p>\n<ul>\n<li>\u00c9tudiants - A la recherche de conversations amusantes ou de pauses pour \u00e9tudier.<\/li>\n<li>C\u00e9libataires - Esp\u00e9rant flirter ou sortir avec un ami.<\/li>\n<li>Voyageurs - Se connecter virtuellement avec les habitants.<\/li>\n<li>Expats - Discuter avec les gens de son pays d'origine.<\/li>\n<li>Les noctambules - Trouver une entreprise \u00e0 des heures tardives.<\/li>\n<li>Utilisateurs curieux - Voir simplement qui est en ligne.<\/li>\n<\/ul>\n<p>C'est un m\u00e9lange qui rend chaque discussion impr\u00e9visible et captivante.<\/p>\n<h2>Conseils pour une meilleure exp\u00e9rience de chat gratuit<\/h2>\n<p>Vous voulez profiter au maximum de votre temps en ligne ? Essayez ceci :<\/p>\n<ul>\n<li>Commencez par un sourire - Un visage amical encourage la conversation.<\/li>\n<li>Posez des questions int\u00e9ressantes - Allez au-del\u00e0 du \"bonjour\" en abordant des sujets tels que les voyages, la musique ou les loisirs.<\/li>\n<li>Restez respectueux - Les bonnes mani\u00e8res augmentent vos chances d'avoir des discussions int\u00e9ressantes.<\/li>\n<li>Ne prenez pas les choses trop au s\u00e9rieux - Certaines conversations seront rapides, d'autres vous surprendront.<\/li>\n<li>Exp\u00e9rimentez avec le timing - Des heures diff\u00e9rentes de la journ\u00e9e am\u00e8nent des foules diff\u00e9rentes.<\/li>\n<\/ul>\n<h2>Fonctionnalit\u00e9s de chat gratuites ou payantes<\/h2>\n<p>La plupart des plateformes de \"chat gratuit\" sont gratuites, mais certaines proposent des options payantes.<\/p>\n<table>\n<thead>\n<tr>\n<th>Fonctionnalit\u00e9<\/th>\n<th>Acc\u00e8s gratuit<\/th>\n<th>Acc\u00e8s payant<\/th>\n<\/tr>\n<\/thead>\n<tbody>\n<tr>\n<td>Correspondance al\u00e9atoire<\/td>\n<td>\u2705 Oui<\/td>\n<td>\u2705 Oui<\/td>\n<\/tr>\n<tr>\n<td>Nombre illimit\u00e9 de sauts<\/td>\n<td>\u26a0\ufe0f Sometimes limited<\/td>\n<td>\u2705 Toujours<\/td>\n<\/tr>\n<tr>\n<td>Filtres de genre\/localisation<\/td>\n<td>\u26a0\ufe0f Basic<\/td>\n<td>\u2705 Avanc\u00e9<\/td>\n<\/tr>\n<tr>\n<td>Annonces supprim\u00e9es<\/td>\n<td>\u274c<\/td>\n<td>\u2705 Oui<\/td>\n<\/tr>\n<tr>\n<td>Salles VIP\/priv\u00e9es<\/td>\n<td>\u274c<\/td>\n<td>\u2705 Oui<\/td>\n<\/tr>\n<\/tbody>\n<\/table>\n<p>Pour un usage occasionnel, les options gratuites sont g\u00e9n\u00e9ralement suffisantes.<\/p>\n<h2>Le frisson de la connexion instantan\u00e9e<\/h2>\n<p>La magie du chat gratuit r\u00e9side dans son impr\u00e9visibilit\u00e9. Vous pouvez :<\/p>\n<ul>\n<li>Se faire un nouvel ami d'un autre pays.<\/li>\n<li>Partager des recommandations musicales avec quelqu'un \u00e0 travers les \u00c9tats-Unis.<\/li>\n<li>Flirter avec un inconnu tard dans la nuit.<\/li>\n<li>D\u00e9couvrez une culture que vous n'avez jamais connue.<\/li>\n<li>Trouvez le rire dans des conversations inattendues.<\/li>\n<\/ul>\n<p>Chaque clic ouvre la porte \u00e0 quelque chose de nouveau.<\/p>\n<p>Les plateformes de chat gratuit constituent l'un des moyens les plus simples et les plus int\u00e9ressants de se connecter en ligne. Sans inscription, sans frais et avec un acc\u00e8s instantan\u00e9, elles ram\u00e8nent le chat \u00e0 ses principes de base : l'interaction humaine spontan\u00e9e.<\/p>\n<p>Que vous souhaitiez participer \u00e0 une discussion de groupe, passer un appel vid\u00e9o en t\u00eate-\u00e0-t\u00eate avec un inconnu ou simplement passer le temps dans une salle anim\u00e9e, il existe une option de chat gratuit pour vous.<\/p>\n<p>Si vous avez envie de conversations rapides et authentiques, d\u00e9couvrez d\u00e8s aujourd'hui des plateformes telles que TinyChat, Chatspin ou Chatrandom. Car parfois, les meilleures conversations ont lieu au moment o\u00f9 l'on s'y attend le moins, c'est-\u00e0-dire maintenant.<\/p>","protected":false},"excerpt":{"rendered":"<p>Sometimes you don\u2019t want to wait. You don\u2019t want to set up an account, upload a profile picture, or spend hours swiping through names. You just want to jump online and start talking to someone. That\u2019s exactly what free chat now platforms are built for. With just a click, you can enter a chat room [&hellip;]<\/p>\n","protected":false},"author":8,"featured_media":0,"parent":0,"menu_order":0,"comment_status":"closed","ping_status":"closed","template":"","meta":{"footnotes":""},"class_list":["post-13528","page","type-page","status-publish","hentry"],"yoast_head":"<!-- This site is optimized with the Yoast SEO plugin v27.5 - https:\/\/yoast.com\/product\/yoast-seo-wordpress\/ -->\n<title>Free Chat Now with Video Chat on TinyChat.com<\/title>\n<meta name=\"description\" content=\"Enjoying Free Chat Now? Join over 50,000,000 strangers on TinyChat! Turn on your cam and start meeting new people, or find a match.\" \/>\n<meta name=\"robots\" content=\"index, follow, max-snippet:-1, max-image-preview:large, max-video-preview:-1\" \/>\n<link rel=\"canonical\" href=\"https:\/\/tinychat.com\/fr\/free-chat-now\/\" \/>\n<meta property=\"og:locale\" content=\"fr_FR\" \/>\n<meta property=\"og:type\" content=\"article\" \/>\n<meta property=\"og:title\" content=\"Free Chat Now with Video Chat on TinyChat.com\" \/>\n<meta property=\"og:description\" content=\"Enjoying Free Chat Now? Join over 50,000,000 strangers on TinyChat! Turn on your cam and start meeting new people, or find a match.\" \/>\n<meta property=\"og:url\" content=\"https:\/\/tinychat.com\/fr\/free-chat-now\/\" \/>\n<meta property=\"og:site_name\" content=\"TinyChat\" \/>\n<meta property=\"article:publisher\" content=\"https:\/\/www.facebook.com\/tinychat\" \/>\n<meta property=\"og:image\" content=\"https:\/\/tinychat.com\/wp-content\/uploads\/2020\/04\/Tinychat-logo-1280x284-new-black.png\" \/>\n\t<meta property=\"og:image:width\" content=\"1280\" \/>\n\t<meta property=\"og:image:height\" content=\"284\" \/>\n\t<meta property=\"og:image:type\" content=\"image\/png\" \/>\n<meta name=\"twitter:card\" content=\"summary_large_image\" \/>\n<meta name=\"twitter:site\" content=\"@tinychat\" \/>\n<meta name=\"twitter:label1\" content=\"Dur\u00e9e de lecture estim\u00e9e\" \/>\n\t<meta name=\"twitter:data1\" content=\"5 minutes\" \/>\n<script type=\"application\/ld+json\" class=\"yoast-schema-graph\">{\"@context\":\"https:\\\/\\\/schema.org\",\"@graph\":[{\"@type\":\"WebPage\",\"@id\":\"https:\\\/\\\/tinychat.com\\\/free-chat-now\\\/\",\"url\":\"https:\\\/\\\/tinychat.com\\\/free-chat-now\\\/\",\"name\":\"Free Chat Now with Video Chat on TinyChat.com\",\"isPartOf\":{\"@id\":\"https:\\\/\\\/tinychat.com\\\/#website\"},\"datePublished\":\"2025-09-18T08:00:10+00:00\",\"description\":\"Enjoying Free Chat Now? Join over 50,000,000 strangers on TinyChat! Turn on your cam and start meeting new people, or find a match.\",\"breadcrumb\":{\"@id\":\"https:\\\/\\\/tinychat.com\\\/free-chat-now\\\/#breadcrumb\"},\"inLanguage\":\"fr-FR\",\"potentialAction\":[{\"@type\":\"ReadAction\",\"target\":[\"https:\\\/\\\/tinychat.com\\\/free-chat-now\\\/\"]}]},{\"@type\":\"BreadcrumbList\",\"@id\":\"https:\\\/\\\/tinychat.com\\\/free-chat-now\\\/#breadcrumb\",\"itemListElement\":[{\"@type\":\"ListItem\",\"position\":1,\"name\":\"Home\",\"item\":\"https:\\\/\\\/tinychat.com\\\/\"},{\"@type\":\"ListItem\",\"position\":2,\"name\":\"Free Chat Now\"}]},{\"@type\":\"WebSite\",\"@id\":\"https:\\\/\\\/tinychat.com\\\/#website\",\"url\":\"https:\\\/\\\/tinychat.com\\\/\",\"name\":\"TinyChat\",\"description\":\"Random Video Chat with Strangers\",\"publisher\":{\"@id\":\"https:\\\/\\\/tinychat.com\\\/#organization\"},\"alternateName\":\"TinyChat.com\",\"potentialAction\":[{\"@type\":\"SearchAction\",\"target\":{\"@type\":\"EntryPoint\",\"urlTemplate\":\"https:\\\/\\\/tinychat.com\\\/?s={search_term_string}\"},\"query-input\":{\"@type\":\"PropertyValueSpecification\",\"valueRequired\":true,\"valueName\":\"search_term_string\"}}],\"inLanguage\":\"fr-FR\"},{\"@type\":\"Organization\",\"@id\":\"https:\\\/\\\/tinychat.com\\\/#organization\",\"name\":\"TinyChat\",\"alternateName\":\"TinyChat.com\",\"url\":\"https:\\\/\\\/tinychat.com\\\/\",\"logo\":{\"@type\":\"ImageObject\",\"inLanguage\":\"fr-FR\",\"@id\":\"https:\\\/\\\/tinychat.com\\\/#\\\/schema\\\/logo\\\/image\\\/\",\"url\":\"https:\\\/\\\/tinychat.com\\\/wp-content\\\/uploads\\\/2023\\\/11\\\/Tinychat-icon-square.png\",\"contentUrl\":\"https:\\\/\\\/tinychat.com\\\/wp-content\\\/uploads\\\/2023\\\/11\\\/Tinychat-icon-square.png\",\"width\":284,\"height\":284,\"caption\":\"TinyChat\"},\"image\":{\"@id\":\"https:\\\/\\\/tinychat.com\\\/#\\\/schema\\\/logo\\\/image\\\/\"},\"sameAs\":[\"https:\\\/\\\/www.facebook.com\\\/tinychat\",\"https:\\\/\\\/x.com\\\/tinychat\"]}]}<\/script>\n<!-- \/ Yoast SEO plugin. -->","yoast_head_json":{"title":"Free Chat Now with Video Chat on TinyChat.com","description":"Vous appr\u00e9ciez le Free Chat Now ? Rejoignez plus de 50 000 000 d'inconnus sur TinyChat ! Allumez votre cam\u00e9ra et commencez \u00e0 rencontrer de nouvelles personnes, ou trouvez un partenaire.","robots":{"index":"index","follow":"follow","max-snippet":"max-snippet:-1","max-image-preview":"max-image-preview:large","max-video-preview":"max-video-preview:-1"},"canonical":"https:\/\/tinychat.com\/fr\/free-chat-now\/","og_locale":"fr_FR","og_type":"article","og_title":"Free Chat Now with Video Chat on TinyChat.com","og_description":"Enjoying Free Chat Now? Join over 50,000,000 strangers on TinyChat! Turn on your cam and start meeting new people, or find a match.","og_url":"https:\/\/tinychat.com\/fr\/free-chat-now\/","og_site_name":"TinyChat","article_publisher":"https:\/\/www.facebook.com\/tinychat","og_image":[{"width":1280,"height":284,"url":"https:\/\/tinychat.com\/wp-content\/uploads\/2020\/04\/Tinychat-logo-1280x284-new-black.png","type":"image\/png"}],"twitter_card":"summary_large_image","twitter_site":"@tinychat","twitter_misc":{"Dur\u00e9e de lecture estim\u00e9e":"5 minutes"},"schema":{"@context":"https:\/\/schema.org","@graph":[{"@type":"WebPage","@id":"https:\/\/tinychat.com\/free-chat-now\/","url":"https:\/\/tinychat.com\/free-chat-now\/","name":"Free Chat Now with Video Chat on TinyChat.com","isPartOf":{"@id":"https:\/\/tinychat.com\/#website"},"datePublished":"2025-09-18T08:00:10+00:00","description":"Vous appr\u00e9ciez le Free Chat Now ? Rejoignez plus de 50 000 000 d'inconnus sur TinyChat ! Allumez votre cam\u00e9ra et commencez \u00e0 rencontrer de nouvelles personnes, ou trouvez un partenaire.","breadcrumb":{"@id":"https:\/\/tinychat.com\/free-chat-now\/#breadcrumb"},"inLanguage":"fr-FR","potentialAction":[{"@type":"ReadAction","target":["https:\/\/tinychat.com\/free-chat-now\/"]}]},{"@type":"BreadcrumbList","@id":"https:\/\/tinychat.com\/free-chat-now\/#breadcrumb","itemListElement":[{"@type":"ListItem","position":1,"name":"Home","item":"https:\/\/tinychat.com\/"},{"@type":"ListItem","position":2,"name":"Free Chat Now"}]},{"@type":"WebSite","@id":"https:\/\/tinychat.com\/#website","url":"https:\/\/tinychat.com\/","name":"TinyChat","description":"Chat vid\u00e9o al\u00e9atoire avec des inconnus","publisher":{"@id":"https:\/\/tinychat.com\/#organization"},"alternateName":"TinyChat.com","potentialAction":[{"@type":"SearchAction","target":{"@type":"EntryPoint","urlTemplate":"https:\/\/tinychat.com\/?s={search_term_string}"},"query-input":{"@type":"PropertyValueSpecification","valueRequired":true,"valueName":"search_term_string"}}],"inLanguage":"fr-FR"},{"@type":"Organization","@id":"https:\/\/tinychat.com\/#organization","name":"TinyChat","alternateName":"TinyChat.com","url":"https:\/\/tinychat.com\/","logo":{"@type":"ImageObject","inLanguage":"fr-FR","@id":"https:\/\/tinychat.com\/#\/schema\/logo\/image\/","url":"https:\/\/tinychat.com\/wp-content\/uploads\/2023\/11\/Tinychat-icon-square.png","contentUrl":"https:\/\/tinychat.com\/wp-content\/uploads\/2023\/11\/Tinychat-icon-square.png","width":284,"height":284,"caption":"TinyChat"},"image":{"@id":"https:\/\/tinychat.com\/#\/schema\/logo\/image\/"},"sameAs":["https:\/\/www.facebook.com\/tinychat","https:\/\/x.com\/tinychat"]}]}},"_links":{"self":[{"href":"https:\/\/tinychat.com\/fr\/wp-json\/wp\/v2\/pages\/13528","targetHints":{"allow":["GET"]}}],"collection":[{"href":"https:\/\/tinychat.com\/fr\/wp-json\/wp\/v2\/pages"}],"about":[{"href":"https:\/\/tinychat.com\/fr\/wp-json\/wp\/v2\/types\/page"}],"author":[{"embeddable":true,"href":"https:\/\/tinychat.com\/fr\/wp-json\/wp\/v2\/users\/8"}],"replies":[{"embeddable":true,"href":"https:\/\/tinychat.com\/fr\/wp-json\/wp\/v2\/comments?post=13528"}],"version-history":[{"count":1,"href":"https:\/\/tinychat.com\/fr\/wp-json\/wp\/v2\/pages\/13528\/revisions"}],"predecessor-version":[{"id":13529,"href":"https:\/\/tinychat.com\/fr\/wp-json\/wp\/v2\/pages\/13528\/revisions\/13529"}],"wp:attachment":[{"href":"https:\/\/tinychat.com\/fr\/wp-json\/wp\/v2\/media?parent=13528"}],"curies":[{"name":"wp","href":"https:\/\/api.w.org\/{rel}","templated":true}]}}