{"id":201,"date":"2025-08-14T09:43:14","date_gmt":"2025-08-14T07:43:14","guid":{"rendered":"https:\/\/tinychat.com\/?page_id=201"},"modified":"2025-08-14T10:02:20","modified_gmt":"2025-08-14T08:02:20","slug":"random-cam-chat","status":"publish","type":"page","link":"https:\/\/tinychat.com\/fr\/random-cam-chat\/","title":{"rendered":"Chat Cam al\u00e9atoire"},"content":{"rendered":"<p>Il y a quelque chose d'excitant \u00e0 ne pas savoir qui vous allez rencontrer. C'est exactement ce que propose le chat al\u00e9atoire avec webcam, qui vous met en contact avec des inconnus du monde entier en un instant. Pas de profil \u00e0 faire d\u00e9filer, pas de biographie \u00e0 lire - juste de vraies personnes, face \u00e0 face, pr\u00eates \u00e0 discuter.<\/p>\n<p>Que vous cherchiez \u00e0 vous faire des amis, \u00e0 flirter, \u00e0 partager un rire ou simplement \u00e0 voir ce qui se passe, le chat vid\u00e9o avec cam\u00e9ra al\u00e9atoire vous donne le frisson de l'impr\u00e9visibilit\u00e9 \u00e0 chaque fois que vous appuyez sur \"suivant\". C'est comme une roulette pour les conversations, sauf que le prix est une nouvelle connexion humaine.<\/p>\n<h2>Qu'est-ce que le Random Cam Chat ?<\/h2>\n<p>En termes simples, le chat par webcam al\u00e9atoire est un service de chat vid\u00e9o en ligne qui vous met en relation avec un inconnu au hasard. Vous allumez votre webcam et la plateforme vous met instantan\u00e9ment en relation avec quelqu'un d'autre qui cherche \u00e9galement \u00e0 discuter. Lorsque la conversation se termine - ou si vous souhaitez passer \u00e0 autre chose -, vous cliquez pour passer \u00e0 autre chose et un nouveau visage appara\u00eet.<\/p>\n<p>C'est une fa\u00e7on vivante, visuelle et personnelle de rencontrer des gens. Contrairement aux salons de discussion en texte seul, le chat par cam\u00e9ra al\u00e9atoire vous permet de voir les expressions faciales, d'entendre les voix et de ressentir le flux naturel d'une conversation en temps r\u00e9el.<\/p>\n<p>Certaines plateformes proposent \u00e9galement des options texte et audio uniquement si vous n'\u00eates pas pr\u00eat \u00e0 utiliser la vid\u00e9o tout de suite, ce qui vous permet de vous familiariser avec l'exp\u00e9rience.<\/p>\n<h2>Pourquoi les gens adorent le chat sur cam\u00e9ra al\u00e9atoire<\/h2>\n<p>L'attrait du chat par webcam al\u00e9atoire est simple : c'est impr\u00e9visible, c'est amusant et c'est instantan\u00e9. Voici pourquoi tant de gens sont accros :<\/p>\n<ul>\n<li>Connexions instantan\u00e9es : Pas d'inscription, pas d'attente : il suffit de cliquer pour entamer une conversation en direct.<\/li>\n<li>Une port\u00e9e mondiale : Rencontrez des personnes de pays, de cultures et de milieux diff\u00e9rents.<\/li>\n<li>Tout peut arriver : Qu'il s'agisse de moments ridicules ou de discussions s\u00e9rieuses, vous ne savez jamais o\u00f9 la conversation va vous mener.<\/li>\n<li>L'anonymat quand vous le souhaitez : Utilisez un surnom ou gardez votre appareil photo \u00e9teint jusqu'\u00e0 ce que vous vous sentiez \u00e0 l'aise.<\/li>\n<li>Contr\u00f4lez votre exp\u00e9rience : Si vous ne vous sentez pas \u00e0 l'aise avec quelqu'un, passez votre tour et essayez le match suivant.<\/li>\n<\/ul>\n<p>Pour beaucoup, l'excitation r\u00e9side dans les premi\u00e8res secondes qui suivent la connexion - on se demande qui est de l'autre c\u00f4t\u00e9 et ce qu'il va dire.<\/p>\n<h2>Comment fonctionne le Random Cam Chat ?<\/h2>\n<p>Si vous n'avez jamais essay\u00e9, il est tr\u00e8s facile de commencer :<\/p>\n<ol>\n<li>Choisir une plateforme - Il existe de nombreux sites et applications de chat par webcam gratuits et al\u00e9atoires, tels que TinyChat, CamSurf et Bazoocam.<\/li>\n<li>Activez votre webcam et votre microphone - La plateforme vous demandera l'autorisation d'acc\u00e9der \u00e0 votre cam\u00e9ra et \u00e0 votre microphone.<\/li>\n<li>Commencez \u00e0 chatter - Vous serez instantan\u00e9ment connect\u00e9 \u00e0 une personne au hasard, o\u00f9 qu'elle se trouve dans le monde.<\/li>\n<li>Passer ou continuer - Si vous voulez passer \u00e0 autre chose, cliquez simplement sur \"suivant\" et le syst\u00e8me vous trouvera une autre correspondance.<\/li>\n<\/ol>\n<p>De nombreux sites vous permettent de filtrer par pays ou par centre d'int\u00e9r\u00eat afin d'augmenter vos chances de rencontrer des personnes partageant les m\u00eames centres d'int\u00e9r\u00eat.<\/p>\n<h2>Types d'exp\u00e9riences de chat sur cam\u00e9ra al\u00e9atoire<\/h2>\n<p>Bien que le concept de base soit le m\u00eame, les diff\u00e9rentes plateformes de chat avec cam\u00e9ra al\u00e9atoire offrent des fonctionnalit\u00e9s diff\u00e9rentes :<\/p>\n<h3>1. Chat Cam gratuit et al\u00e9atoire<\/h3>\n<p>Parfaites pour les d\u00e9butants, elles permettent de se lancer sans d\u00e9bourser un centime. La plupart des plateformes gratuites ne n\u00e9cessitent pas de compte et vous permettent de vous connecter instantan\u00e9ment.<\/p>\n<h3>2. Chat Cam anonyme et al\u00e9atoire<\/h3>\n<p>Pour ceux qui souhaitent une confidentialit\u00e9 totale, les modes anonymes masquent votre nom et vous permettent de d\u00e9sactiver votre appareil photo jusqu'\u00e0 ce que vous d\u00e9cidiez de le partager.<\/p>\n<h3>3. L'appariement bas\u00e9 sur les int\u00e9r\u00eats<\/h3>\n<p>Certains sites de rencontres al\u00e9atoires vous permettent d'indiquer vos centres d'int\u00e9r\u00eat afin que vous puissiez rencontrer des personnes qui partagent vos hobbies ou vos passions.<\/p>\n<h3>4. Adult Random Cam Chat<\/h3>\n<p>Bien qu'elles ne soient pas destin\u00e9es \u00e0 tout le monde, il existe des versions 18+ o\u00f9 les gens se connectent pour des conversations flirteuses ou explicites. Ces versions sont g\u00e9n\u00e9ralement s\u00e9par\u00e9es des plateformes g\u00e9n\u00e9rales pour des raisons de s\u00e9curit\u00e9 et de consentement.<\/p>\n<h2>Chat par cam\u00e9ra al\u00e9atoire ou chat par texte<\/h2>\n<p>Si les salons de discussion al\u00e9atoire bas\u00e9s sur le texte sont toujours populaires, le chat al\u00e9atoire par cam\u00e9ra pr\u00e9sente un grand avantage :<\/p>\n<table>\n<thead>\n<tr>\n<th>Fonctionnalit\u00e9<\/th>\n<th>Chat Cam al\u00e9atoire<\/th>\n<th>Chat textuel<\/th>\n<\/tr>\n<\/thead>\n<tbody>\n<tr>\n<td>Voir les expressions faciales<\/td>\n<td>\u2705<\/td>\n<td>\u274c<\/td>\n<\/tr>\n<tr>\n<td>Entendre le ton de la voix<\/td>\n<td>\u2705<\/td>\n<td>\u274c<\/td>\n<\/tr>\n<tr>\n<td>Un lien plus personnel<\/td>\n<td>\u2705<\/td>\n<td>\u26a0\ufe0f Moins<\/td>\n<\/tr>\n<tr>\n<td>Engagement visuel<\/td>\n<td>\u2705<\/td>\n<td>\u274c<\/td>\n<\/tr>\n<tr>\n<td>N\u00e9cessite un appareil photo\/micro<\/td>\n<td>\u2705<\/td>\n<td>\u274c<\/td>\n<\/tr>\n<\/tbody>\n<\/table>\n<p>La vid\u00e9o ajoute une couche d'authenticit\u00e9 - voir le sourire ou le rire de quelqu'un rend l'interaction plus r\u00e9elle.<\/p>\n<h2>Rester en s\u00e9curit\u00e9 sur les forums de discussion al\u00e9atoires<\/h2>\n<p>Parce que vous rencontrez des \u00e9trangers, la s\u00e9curit\u00e9 doit toujours \u00eatre une priorit\u00e9 :<\/p>\n<ul>\n<li>Ne communiquez pas d'informations personnelles - \u00c9vitez de donner votre nom complet, votre adresse ou vos coordonn\u00e9es.<\/li>\n<li>Utilisez le bouton \"sauter\" - Si une personne vous met mal \u00e0 l'aise, passez imm\u00e9diatement \u00e0 autre chose.<\/li>\n<li>Signaler un comportement inappropri\u00e9 - La plupart des plateformes disposent d'outils de signalement int\u00e9gr\u00e9s.<\/li>\n<li>Soyez prudent avec votre appareil photo - Ne montrez que ce que vous \u00eates pr\u00eat \u00e0 laisser voir aux autres.<\/li>\n<li>S'en tenir \u00e0 des plateformes r\u00e9put\u00e9es - Choisissez des services mod\u00e9r\u00e9s et des directives communautaires claires.<\/li>\n<\/ul>\n<p>Le chat par webcam al\u00e9atoire peut \u00eatre s\u00fbr et amusant si vous fixez vos limites et que vous vous y tenez.<\/p>\n<h2>L'aspect social du chat sur cam\u00e9ra al\u00e9atoire<\/h2>\n<p>L'un des aspects les plus int\u00e9ressants du chat par webcam est la diversit\u00e9 des personnes que l'on rencontre. Sur une m\u00eame plateforme, vous pouvez parler \u00e0 un \u00e9tudiant au Br\u00e9sil, \u00e0 un musicien en France, \u00e0 un joueur au Japon et \u00e0 un voyageur en Afrique du Sud, le tout au cours de la m\u00eame soir\u00e9e.<\/p>\n<p>C'est un peu comme une r\u00e9union sociale mondiale sans les frais de d\u00e9placement. Les gens l'utilisent souvent pour :<\/p>\n<ul>\n<li>Pratiquer une nouvelle langue<\/li>\n<li>Apprendre \u00e0 conna\u00eetre d'autres cultures<\/li>\n<li>Partager de la musique ou de l'art<\/li>\n<li>Collaborer \u00e0 des projets cr\u00e9atifs<\/li>\n<li>Se faire de nouveaux amis ou trouver des opportunit\u00e9s de rencontres en ligne<\/li>\n<\/ul>\n<h2>Random Cam Chat pour le plaisir et le flirt<\/h2>\n<p>Bien que de nombreuses personnes utilisent le chat par webcam al\u00e9atoire pour une conversation d\u00e9contract\u00e9e, il est \u00e9galement devenu un point n\u00e9vralgique pour le flirt en ligne. En voyant quelqu'un face \u00e0 face, il est plus facile de d\u00e9tecter les atomes crochus et d'\u00e9tablir une connexion en temps r\u00e9el.<\/p>\n<p>Certains sites proposent m\u00eame des modes \"flirt\" ou \"rencontre\" pour vous mettre en relation avec des personnes ouvertes \u00e0 des conversations plus ludiques.<\/p>\n<h2>Applications gratuites de chat sur cam\u00e9ra al\u00e9atoire<\/h2>\n<p>Si vous pr\u00e9f\u00e9rez chatter depuis votre t\u00e9l\u00e9phone, il existe de nombreuses applications gratuites pour Android et iOS qui vous permettent de profiter de l'exp\u00e9rience de la cam\u00e9ra al\u00e9atoire dans votre poche. Il s'agit souvent de :<\/p>\n<ul>\n<li>Fonctionnalit\u00e9s \"swipe-to-skip<\/li>\n<li>Notifications push lorsque quelqu'un souhaite discuter<\/li>\n<li>Tags d'int\u00e9r\u00eat pour de meilleures correspondances<\/li>\n<li>Filtres vid\u00e9o et effets amusants<\/li>\n<\/ul>\n<p>Le chat mobile avec cam\u00e9ra al\u00e9atoire est parfait pour tuer le temps en d\u00e9placement ou pour se connecter depuis son canap\u00e9.<\/p>\n<h2>Conseils pour une bonne exp\u00e9rience de chat sur cam\u00e9ra al\u00e9atoire<\/h2>\n<ul>\n<li>Souriez lorsque vous vous connectez - La premi\u00e8re impression est importante, m\u00eame en ligne.<\/li>\n<li>Soyez curieux - Posez des questions ouvertes pour que les conversations se poursuivent.<\/li>\n<li>Utilisez un bon \u00e9clairage - Il rend votre vid\u00e9o plus claire et plus attrayante.<\/li>\n<li>Restez d\u00e9tendu - N'oubliez pas que si le courant ne passe pas, vous pouvez toujours passer \u00e0 autre chose.<\/li>\n<li>Exp\u00e9rimentez les heures de la journ\u00e9e - Des heures diff\u00e9rentes peuvent permettre de rencontrer des personnes de diff\u00e9rentes parties du monde.<\/li>\n<\/ul>\n<h2>Pourquoi TinyChat est une excellente option pour le chat sur cam\u00e9ra al\u00e9atoire<\/h2>\n<p>Alors que de nombreuses plateformes proposent des chats vid\u00e9o al\u00e9atoires, TinyChat se distingue par son m\u00e9lange de salles de chat publiques, d'appels priv\u00e9s et de fonctions de vid\u00e9o de groupe. Vous pouvez participer \u00e0 un chat vid\u00e9o al\u00e9atoire avec une seule personne ou rejoindre une salle avec plusieurs flux simultan\u00e9s.<\/p>\n<p>Il est parfait pour les personnes qui souhaitent \u00e0 la fois des interactions individuelles et un environnement de chat plus social et ouvert. De plus, vous n'avez pas besoin de vous inscrire pour commencer.<\/p>\n<h2>Le plaisir des connexions al\u00e9atoires<\/h2>\n<p>La magie du chat par cam\u00e9ra al\u00e9atoire r\u00e9side dans le fait qu'il n'est pas sc\u00e9naris\u00e9. Vous n'\u00eates pas en train de parcourir des profils ou d'attendre une correspondance. Vous vous connectez en temps r\u00e9el avec de vraies personnes, et tout peut arriver.<\/p>\n<p>Parfois, vous aurez un rire rapide, parfois une conversation profonde, et parfois vous rencontrerez quelqu'un avec qui vous voudrez parler encore et encore. C'est cette impr\u00e9visibilit\u00e9 qui fait que les gens reviennent.<\/p>\n<p>Le chat avec cam\u00e9ra al\u00e9atoire est l'un des moyens les plus rapides et les plus excitants de rencontrer de nouvelles personnes en ligne. Il s'agit d'un moyen instantan\u00e9, mondial et personnel, qui permet \u00e0 des \u00e9trangers du monde entier de se rencontrer, que ce soit dans le cadre d'une discussion informelle ou d'une amiti\u00e9 s\u00e9rieuse.<\/p>\n<p>Que vous l'utilisiez pour vous amuser, pour des \u00e9changes culturels, pour pratiquer une langue ou m\u00eame pour faire des rencontres, le chat vid\u00e9o avec cam\u00e9ra al\u00e9atoire offre des possibilit\u00e9s infinies. N'oubliez pas de rester prudent, de respecter les autres et de garder l'esprit ouvert.<\/p>\n<p>Si vous \u00eates pr\u00eat \u00e0 voir qui est l\u00e0, allumez votre webcam et plongez dans un chat al\u00e9atoire ce soir - vous ne savez jamais qui vous attend de l'autre c\u00f4t\u00e9.<\/p>","protected":false},"excerpt":{"rendered":"<p>There\u2019s something exciting about not knowing who you\u2019ll meet next. That\u2019s exactly what random cam chat is all about\u2014connecting you with strangers from around the world in an instant. No profiles to scroll, no bios to read\u2014just real people, face-to-face, ready to chat. Whether you\u2019re looking to make friends, flirt, share a laugh, or just [&hellip;]<\/p>\n","protected":false},"author":8,"featured_media":0,"parent":0,"menu_order":0,"comment_status":"closed","ping_status":"closed","template":"","meta":{"footnotes":""},"class_list":["post-201","page","type-page","status-publish","hentry"],"yoast_head":"<!-- This site is optimized with the Yoast SEO plugin v27.6 - https:\/\/yoast.com\/product\/yoast-seo-wordpress\/ -->\n<title>Random Cam Chat with Video Chat on TinyChat.com<\/title>\n<meta name=\"description\" content=\"Enjoying Random Cam Chat? Join over 50,000,000 strangers on TinyChat! Turn on your cam and start meeting new people, or find a match.\" \/>\n<meta name=\"robots\" content=\"index, follow, max-snippet:-1, max-image-preview:large, max-video-preview:-1\" \/>\n<link rel=\"canonical\" href=\"https:\/\/tinychat.com\/fr\/random-cam-chat\/\" \/>\n<meta property=\"og:locale\" content=\"fr_FR\" \/>\n<meta property=\"og:type\" content=\"article\" \/>\n<meta property=\"og:title\" content=\"Random Cam Chat with Video Chat on TinyChat.com\" \/>\n<meta property=\"og:description\" content=\"Enjoying Random Cam Chat? Join over 50,000,000 strangers on TinyChat! Turn on your cam and start meeting new people, or find a match.\" \/>\n<meta property=\"og:url\" content=\"https:\/\/tinychat.com\/fr\/random-cam-chat\/\" \/>\n<meta property=\"og:site_name\" content=\"TinyChat\" \/>\n<meta property=\"article:publisher\" content=\"https:\/\/www.facebook.com\/tinychat\" \/>\n<meta property=\"article:modified_time\" content=\"2025-08-14T08:02:20+00:00\" \/>\n<meta property=\"og:image\" content=\"https:\/\/tinychat.com\/wp-content\/uploads\/2020\/04\/Tinychat-logo-1280x284-new-black.png\" \/>\n\t<meta property=\"og:image:width\" content=\"1280\" \/>\n\t<meta property=\"og:image:height\" content=\"284\" \/>\n\t<meta property=\"og:image:type\" content=\"image\/png\" \/>\n<meta name=\"twitter:card\" content=\"summary_large_image\" \/>\n<meta name=\"twitter:site\" content=\"@tinychat\" \/>\n<meta name=\"twitter:label1\" content=\"Dur\u00e9e de lecture estim\u00e9e\" \/>\n\t<meta name=\"twitter:data1\" content=\"6 minutes\" \/>\n<script type=\"application\/ld+json\" class=\"yoast-schema-graph\">{\"@context\":\"https:\\\/\\\/schema.org\",\"@graph\":[{\"@type\":\"WebPage\",\"@id\":\"https:\\\/\\\/tinychat.com\\\/random-cam-chat\\\/\",\"url\":\"https:\\\/\\\/tinychat.com\\\/random-cam-chat\\\/\",\"name\":\"Random Cam Chat with Video Chat on TinyChat.com\",\"isPartOf\":{\"@id\":\"https:\\\/\\\/tinychat.com\\\/#website\"},\"datePublished\":\"2025-08-14T07:43:14+00:00\",\"dateModified\":\"2025-08-14T08:02:20+00:00\",\"description\":\"Enjoying Random Cam Chat? Join over 50,000,000 strangers on TinyChat! Turn on your cam and start meeting new people, or find a match.\",\"breadcrumb\":{\"@id\":\"https:\\\/\\\/tinychat.com\\\/random-cam-chat\\\/#breadcrumb\"},\"inLanguage\":\"fr-FR\",\"potentialAction\":[{\"@type\":\"ReadAction\",\"target\":[\"https:\\\/\\\/tinychat.com\\\/random-cam-chat\\\/\"]}]},{\"@type\":\"BreadcrumbList\",\"@id\":\"https:\\\/\\\/tinychat.com\\\/random-cam-chat\\\/#breadcrumb\",\"itemListElement\":[{\"@type\":\"ListItem\",\"position\":1,\"name\":\"Home\",\"item\":\"https:\\\/\\\/tinychat.com\\\/\"},{\"@type\":\"ListItem\",\"position\":2,\"name\":\"Random Cam Chat\"}]},{\"@type\":\"WebSite\",\"@id\":\"https:\\\/\\\/tinychat.com\\\/#website\",\"url\":\"https:\\\/\\\/tinychat.com\\\/\",\"name\":\"TinyChat\",\"description\":\"Random Video Chat with Strangers\",\"publisher\":{\"@id\":\"https:\\\/\\\/tinychat.com\\\/#organization\"},\"alternateName\":\"TinyChat.com\",\"potentialAction\":[{\"@type\":\"SearchAction\",\"target\":{\"@type\":\"EntryPoint\",\"urlTemplate\":\"https:\\\/\\\/tinychat.com\\\/?s={search_term_string}\"},\"query-input\":{\"@type\":\"PropertyValueSpecification\",\"valueRequired\":true,\"valueName\":\"search_term_string\"}}],\"inLanguage\":\"fr-FR\"},{\"@type\":\"Organization\",\"@id\":\"https:\\\/\\\/tinychat.com\\\/#organization\",\"name\":\"TinyChat\",\"alternateName\":\"TinyChat.com\",\"url\":\"https:\\\/\\\/tinychat.com\\\/\",\"logo\":{\"@type\":\"ImageObject\",\"inLanguage\":\"fr-FR\",\"@id\":\"https:\\\/\\\/tinychat.com\\\/#\\\/schema\\\/logo\\\/image\\\/\",\"url\":\"https:\\\/\\\/tinychat.com\\\/wp-content\\\/uploads\\\/2023\\\/11\\\/Tinychat-icon-square.png\",\"contentUrl\":\"https:\\\/\\\/tinychat.com\\\/wp-content\\\/uploads\\\/2023\\\/11\\\/Tinychat-icon-square.png\",\"width\":284,\"height\":284,\"caption\":\"TinyChat\"},\"image\":{\"@id\":\"https:\\\/\\\/tinychat.com\\\/#\\\/schema\\\/logo\\\/image\\\/\"},\"sameAs\":[\"https:\\\/\\\/www.facebook.com\\\/tinychat\",\"https:\\\/\\\/x.com\\\/tinychat\"]}]}<\/script>\n<!-- \/ Yoast SEO plugin. -->","yoast_head_json":{"title":"Random Cam Chat avec Video Chat sur TinyChat.com","description":"Vous aimez le Random Cam Chat ? Rejoignez plus de 50 000 000 d'inconnus sur TinyChat ! Allumez votre cam et commencez \u00e0 rencontrer de nouvelles personnes, ou trouvez un partenaire.","robots":{"index":"index","follow":"follow","max-snippet":"max-snippet:-1","max-image-preview":"max-image-preview:large","max-video-preview":"max-video-preview:-1"},"canonical":"https:\/\/tinychat.com\/fr\/random-cam-chat\/","og_locale":"fr_FR","og_type":"article","og_title":"Random Cam Chat with Video Chat on TinyChat.com","og_description":"Enjoying Random Cam Chat? Join over 50,000,000 strangers on TinyChat! Turn on your cam and start meeting new people, or find a match.","og_url":"https:\/\/tinychat.com\/fr\/random-cam-chat\/","og_site_name":"TinyChat","article_publisher":"https:\/\/www.facebook.com\/tinychat","article_modified_time":"2025-08-14T08:02:20+00:00","og_image":[{"width":1280,"height":284,"url":"https:\/\/tinychat.com\/wp-content\/uploads\/2020\/04\/Tinychat-logo-1280x284-new-black.png","type":"image\/png"}],"twitter_card":"summary_large_image","twitter_site":"@tinychat","twitter_misc":{"Dur\u00e9e de lecture estim\u00e9e":"6 minutes"},"schema":{"@context":"https:\/\/schema.org","@graph":[{"@type":"WebPage","@id":"https:\/\/tinychat.com\/random-cam-chat\/","url":"https:\/\/tinychat.com\/random-cam-chat\/","name":"Random Cam Chat avec Video Chat sur TinyChat.com","isPartOf":{"@id":"https:\/\/tinychat.com\/#website"},"datePublished":"2025-08-14T07:43:14+00:00","dateModified":"2025-08-14T08:02:20+00:00","description":"Vous aimez le Random Cam Chat ? Rejoignez plus de 50 000 000 d'inconnus sur TinyChat ! Allumez votre cam et commencez \u00e0 rencontrer de nouvelles personnes, ou trouvez un partenaire.","breadcrumb":{"@id":"https:\/\/tinychat.com\/random-cam-chat\/#breadcrumb"},"inLanguage":"fr-FR","potentialAction":[{"@type":"ReadAction","target":["https:\/\/tinychat.com\/random-cam-chat\/"]}]},{"@type":"BreadcrumbList","@id":"https:\/\/tinychat.com\/random-cam-chat\/#breadcrumb","itemListElement":[{"@type":"ListItem","position":1,"name":"Home","item":"https:\/\/tinychat.com\/"},{"@type":"ListItem","position":2,"name":"Random Cam Chat"}]},{"@type":"WebSite","@id":"https:\/\/tinychat.com\/#website","url":"https:\/\/tinychat.com\/","name":"TinyChat","description":"Chat vid\u00e9o al\u00e9atoire avec des inconnus","publisher":{"@id":"https:\/\/tinychat.com\/#organization"},"alternateName":"TinyChat.com","potentialAction":[{"@type":"SearchAction","target":{"@type":"EntryPoint","urlTemplate":"https:\/\/tinychat.com\/?s={search_term_string}"},"query-input":{"@type":"PropertyValueSpecification","valueRequired":true,"valueName":"search_term_string"}}],"inLanguage":"fr-FR"},{"@type":"Organization","@id":"https:\/\/tinychat.com\/#organization","name":"TinyChat","alternateName":"TinyChat.com","url":"https:\/\/tinychat.com\/","logo":{"@type":"ImageObject","inLanguage":"fr-FR","@id":"https:\/\/tinychat.com\/#\/schema\/logo\/image\/","url":"https:\/\/tinychat.com\/wp-content\/uploads\/2023\/11\/Tinychat-icon-square.png","contentUrl":"https:\/\/tinychat.com\/wp-content\/uploads\/2023\/11\/Tinychat-icon-square.png","width":284,"height":284,"caption":"TinyChat"},"image":{"@id":"https:\/\/tinychat.com\/#\/schema\/logo\/image\/"},"sameAs":["https:\/\/www.facebook.com\/tinychat","https:\/\/x.com\/tinychat"]}]}},"_links":{"self":[{"href":"https:\/\/tinychat.com\/fr\/wp-json\/wp\/v2\/pages\/201","targetHints":{"allow":["GET"]}}],"collection":[{"href":"https:\/\/tinychat.com\/fr\/wp-json\/wp\/v2\/pages"}],"about":[{"href":"https:\/\/tinychat.com\/fr\/wp-json\/wp\/v2\/types\/page"}],"author":[{"embeddable":true,"href":"https:\/\/tinychat.com\/fr\/wp-json\/wp\/v2\/users\/8"}],"replies":[{"embeddable":true,"href":"https:\/\/tinychat.com\/fr\/wp-json\/wp\/v2\/comments?post=201"}],"version-history":[{"count":3,"href":"https:\/\/tinychat.com\/fr\/wp-json\/wp\/v2\/pages\/201\/revisions"}],"predecessor-version":[{"id":13447,"href":"https:\/\/tinychat.com\/fr\/wp-json\/wp\/v2\/pages\/201\/revisions\/13447"}],"wp:attachment":[{"href":"https:\/\/tinychat.com\/fr\/wp-json\/wp\/v2\/media?parent=201"}],"curies":[{"name":"wp","href":"https:\/\/api.w.org\/{rel}","templated":true}]}}