{"id":3171,"date":"2025-10-21T11:14:34","date_gmt":"2025-10-21T09:14:34","guid":{"rendered":"https:\/\/tinychat.com\/?page_id=3171"},"modified":"2025-10-21T13:21:20","modified_gmt":"2025-10-21T11:21:20","slug":"chatblink","status":"publish","type":"page","link":"https:\/\/tinychat.com\/fr\/chatblink\/","title":{"rendered":"ChatBlink"},"content":{"rendered":"<p>Dans le monde num\u00e9rique d'aujourd'hui, o\u00f9 tant d'applications reposent sur des filtres, des followers et des paywalls, ChatBlink se distingue par sa simplicit\u00e9. Il s'agit d'une plateforme de chat al\u00e9atoire, facile et gratuite, qui met les gens en contact instantan\u00e9ment - sans inscription, sans t\u00e9l\u00e9chargement et sans tracas. Que vous soyez \u00e0 la recherche d'un chat rapide, d'un nouvel ami ou d'une conversation vid\u00e9o spontan\u00e9e avec quelqu'un \u00e0 travers le monde, ChatBlink offre un moyen direct et agr\u00e9able de se connecter.<\/p>\n<p>Construit autour du concept d'anonymat et de spontan\u00e9it\u00e9, ChatBlink fusionne le meilleur du chat vid\u00e9o al\u00e9atoire et de l'interaction textuelle classique. Il fait partie d'une nouvelle vague de plateformes qui maintiennent l'exp\u00e9rience sociale en ligne ouverte, humaine et amusante, comme l'a \u00e9t\u00e9 Omegle, mais avec une technologie plus fluide et un design plus \u00e9pur\u00e9.<\/p>\n<p>Cet examen approfondi couvre ce qu'est ChatBlink, comment il fonctionne, ses principales caract\u00e9ristiques, l'exp\u00e9rience de l'utilisateur, les mesures de s\u00e9curit\u00e9, les comparaisons avec d'autres plateformes et des conseils pratiques pour vous aider \u00e0 en tirer le meilleur parti.<\/p>\n<h2>Qu'est-ce que ChatBlink ?<\/h2>\n<p>ChatBlink est une plateforme de chat al\u00e9atoire qui met en relation des utilisateurs du monde entier en quelques secondes. Vous pouvez discuter par texte ou activer votre webcam pour parler en face \u00e0 face, le tout sans avoir besoin de cr\u00e9er un compte. L'id\u00e9e de base de la plateforme est simple : une communication al\u00e9atoire, anonyme et gratuite entre des personnes qui ont simplement envie de parler.<\/p>\n<p>Il s'adresse \u00e0 tous ceux qui aiment :<\/p>\n<ul>\n<li>Des conversations d\u00e9contract\u00e9es, non sc\u00e9naris\u00e9es.<\/li>\n<li>Rencontrer de nouvelles personnes de diff\u00e9rents pays.<\/li>\n<li>Chatter sans engagement ni longue inscription.<\/li>\n<\/ul>\n<p>Contrairement \u00e0 de nombreuses applications de chat qui cachent des fonctionnalit\u00e9s derri\u00e8re des abonnements, ChatBlink garde tout ouvert - il suffit de charger le site, de cliquer sur \u201cD\u00e9marrer\u201d et de commencer \u00e0 chatter.<\/p>\n<h2>Caract\u00e9ristiques principales de ChatBlink<\/h2>\n<p>La conception du ChatBlink est ax\u00e9e sur la vitesse, la simplicit\u00e9 et la flexibilit\u00e9. Voici les principales caract\u00e9ristiques qui le distinguent :<\/p>\n<h3>1. Chat vid\u00e9o al\u00e9atoire<\/h3>\n<ul>\n<li>Entrez instantan\u00e9ment en contact avec un inconnu par le biais d'une webcam.<\/li>\n<li>Vid\u00e9o de haute qualit\u00e9 avec un d\u00e9calage minimal.<\/li>\n<li>Fonctionne dans le navigateur - aucun t\u00e9l\u00e9chargement n'est n\u00e9cessaire.<\/li>\n<\/ul>\n<h3>2. Mode Chat textuel<\/h3>\n<ul>\n<li>Id\u00e9al pour les utilisateurs qui pr\u00e9f\u00e8rent la dactylographie \u00e0 la vid\u00e9o.<\/li>\n<li>Id\u00e9al pour les conversations priv\u00e9es, sans pression.<\/li>\n<li>Commutation transparente entre les options texte et vid\u00e9o.<\/li>\n<\/ul>\n<h3>3. Acc\u00e8s instantan\u00e9 - Pas d'enregistrement<\/h3>\n<ul>\n<li>Commencez \u00e0 chatter imm\u00e9diatement sans cr\u00e9er de compte.<\/li>\n<li>L'anonymat est pr\u00e9serv\u00e9 - il n'est pas n\u00e9cessaire de communiquer des informations personnelles.<\/li>\n<\/ul>\n<h3>4. Port\u00e9e mondiale<\/h3>\n<ul>\n<li>Entrez en contact avec des utilisateurs du monde entier.<\/li>\n<li>Rencontrer des personnes de cultures, de langues et d'int\u00e9r\u00eats diff\u00e9rents.<\/li>\n<\/ul>\n<h3>5. Bouton de saut<\/h3>\n<ul>\n<li>Passez instantan\u00e9ment \u00e0 la personne suivante si le chat ne fonctionne pas.<\/li>\n<li>Il fait en sorte que l'exp\u00e9rience soit amusante et qu'elle se d\u00e9roule \u00e0 un rythme rapide.<\/li>\n<\/ul>\n<h3>6. Convivialit\u00e9 pour les mobiles et les ordinateurs de bureau<\/h3>\n<ul>\n<li>Fonctionne parfaitement sur les smartphones et les ordinateurs de bureau.<\/li>\n<li>Enti\u00e8rement bas\u00e9 sur un navigateur - aucune application n'est n\u00e9cessaire.<\/li>\n<\/ul>\n<h3>7. Interface simple et moderne<\/h3>\n<ul>\n<li>Une mise en page claire et sans distraction.<\/li>\n<li>Con\u00e7u pour une utilisation ais\u00e9e et une navigation fluide.<\/li>\n<\/ul>\n<h2>Comment utiliser ChatBlink<\/h2>\n<p>L'un des principaux attraits du ChatBlink est sa facilit\u00e9 et sa rapidit\u00e9 d'utilisation.<\/p>\n<h3>\u00c9tape 1 : Visiter le site web<\/h3>\n<p>Ouvrez ChatBlink dans votre navigateur - aucun t\u00e9l\u00e9chargement ni inscription n'est n\u00e9cessaire.<\/p>\n<h3>\u00c9tape 2 : Choisissez votre mode<\/h3>\n<p>S\u00e9lectionnez le chat texte ou le chat vid\u00e9o en fonction de vos pr\u00e9f\u00e9rences.<\/p>\n<h3>\u00c9tape 3 : Autoriser l'acc\u00e8s \u00e0 la cam\u00e9ra et au microphone<\/h3>\n<p>Si vous utilisez la vid\u00e9o, accordez les autorisations du navigateur lorsqu'elles vous sont demand\u00e9es.<\/p>\n<h3>\u00c9tape 4 : Cliquez sur \"D\u00e9marrer\"<\/h3>\n<p>Vous serez instantan\u00e9ment jumel\u00e9 \u00e0 un \u00e9tranger au hasard.<\/p>\n<h3>\u00c9tape 5 : Discuter, se connecter ou passer \u00e0 autre chose<\/h3>\n<p>Profitez de la conversation - ou appuyez sur \u201cSuivant\u201d pour passer \u00e0 autre chose et rencontrer quelqu'un d'autre.<\/p>\n<p>C'est tout ce qu'il faut - vous pouvez chatter en quelques secondes.<\/p>\n<h2>Exp\u00e9rience utilisateur sur ChatBlink<\/h2>\n<p>Le ChatBlink offre une exp\u00e9rience fluide et l\u00e9g\u00e8re qui s\u00e9duit les utilisateurs qui privil\u00e9gient la vitesse et la simplicit\u00e9.<\/p>\n<h3>Ce que les utilisateurs aiment<\/h3>\n<ul>\n<li>Acc\u00e8s imm\u00e9diat - pas d'inscription ni d'enregistrement.<\/li>\n<li>Fonctionne parfaitement sur mobile et sur ordinateur.<\/li>\n<li>Connexions rapides avec un d\u00e9calage minimal.<\/li>\n<li>Gratuit et anonyme.<\/li>\n<li>Modes texte et vid\u00e9o en un seul endroit.<\/li>\n<\/ul>\n<h3>Les points \u00e0 am\u00e9liorer selon les utilisateurs<\/h3>\n<ul>\n<li>Pas de listes d'amis ni de fonctions de profil.<\/li>\n<li>Filtres limit\u00e9s (on ne peut pas choisir le sexe ou le pays).<\/li>\n<li>Utilisateurs occasionnels de spam.<\/li>\n<li>Pas de fonction de reconnexion pour les conversations perdues.<\/li>\n<\/ul>\n<p>Malgr\u00e9 ces compromis, le ChatBlink reste un favori pour les utilisateurs qui souhaitent des discussions rapides, d\u00e9contract\u00e9es et sans engagement, sans barri\u00e8res.<\/p>\n<h2>ChatBlink vs. autres plateformes de chat<\/h2>\n<p>Voici comment ChatBlink se compare \u00e0 d'autres sites de chat populaires :<\/p>\n<table>\n<thead>\n<tr>\n<th>Fonctionnalit\u00e9<\/th>\n<th>ChatBlink<\/th>\n<th>Omegle<\/th>\n<th>Chatroulette<\/th>\n<th>ChatHub<\/th>\n<th>Emerald Chat<\/th>\n<th>ChatRandom<\/th>\n<\/tr>\n<\/thead>\n<tbody>\n<tr>\n<td>Random Video Chat avec des Inconnus<\/td>\n<td>\u2705 Oui<\/td>\n<td>\u2705 Oui<\/td>\n<td>\u2705 Oui<\/td>\n<td>\u2705 Oui<\/td>\n<td>\u2705 Oui<\/td>\n<td>\u2705 Oui<\/td>\n<\/tr>\n<tr>\n<td>Chat textuel<\/td>\n<td>\u2705 Oui<\/td>\n<td>\u2705 Oui<\/td>\n<td>\u2705 Oui<\/td>\n<td>\u2705 Oui<\/td>\n<td>\u2705 Oui<\/td>\n<td>\u2705 Oui<\/td>\n<\/tr>\n<tr>\n<td>Inscription obligatoire<\/td>\n<td>\u274c Non<\/td>\n<td>\u274c Non<\/td>\n<td>\u274c Non<\/td>\n<td>\u2705 Facultatif<\/td>\n<td>\u2705 Facultatif<\/td>\n<td>\u2705 Facultatif<\/td>\n<\/tr>\n<tr>\n<td>Filtres de genre\/localisation<\/td>\n<td>\u274c Non<\/td>\n<td>\u274c Non<\/td>\n<td>\u2705 Limit\u00e9e<\/td>\n<td>\u2705 Oui<\/td>\n<td>\u2705 Oui<\/td>\n<td>\u2705 Oui<\/td>\n<\/tr>\n<tr>\n<td>Profils\/Listes d'amis<\/td>\n<td>\u274c Non<\/td>\n<td>\u274c Non<\/td>\n<td>\u274c Non<\/td>\n<td>\u2705 Oui<\/td>\n<td>\u2705 Oui<\/td>\n<td>\u2705 Oui<\/td>\n<\/tr>\n<tr>\n<td>Adapt\u00e9e aux mobiles<\/td>\n<td>\u2705 Oui<\/td>\n<td>\u2705 Oui<\/td>\n<td>\u2705 Oui<\/td>\n<td>\u2705 Oui<\/td>\n<td>\u2705 Oui<\/td>\n<td>\u2705 Oui<\/td>\n<\/tr>\n<tr>\n<td>Acc\u00e8s gratuit<\/td>\n<td>\u2705 Toujours<\/td>\n<td>\u2705 Toujours<\/td>\n<td>\u2705 Toujours<\/td>\n<td>\u2705 Oui<\/td>\n<td>\u2705 Oui<\/td>\n<td>\u2705 Oui<\/td>\n<\/tr>\n<\/tbody>\n<\/table>\n<p>R\u00e9sum\u00e9 : ChatBlink offre la simplicit\u00e9 brute de Omegle avec la stabilit\u00e9 de plateformes modernes comme ChatHub - parfait pour les utilisateurs qui pr\u00e9f\u00e8rent un chat rapide et anonyme sans extras.<\/p>\n<h2>Le ChatBlink est-il s\u00fbr ?<\/h2>\n<p>ChatBlink respecte la vie priv\u00e9e des utilisateurs en maintenant l'anonymat et l'absence d'enregistrement. Cependant, comme pour toute plateforme ouverte, la s\u00e9curit\u00e9 d\u00e9pend d'une utilisation responsable.<\/p>\n<h3>Dispositifs de s\u00e9curit\u00e9 int\u00e9gr\u00e9s<\/h3>\n<ul>\n<li>Discussions anonymes - aucune information personnelle n'est requise.<\/li>\n<li>Le bouton \"Skip\" permet de quitter imm\u00e9diatement une conversation.<\/li>\n<li>Les chats ne sont pas stock\u00e9s ou sauvegard\u00e9s.<\/li>\n<\/ul>\n<h3>Conseils de s\u00e9curit\u00e9 pour les utilisateurs<\/h3>\n<ul>\n<li>Ne communiquez jamais d'informations personnelles (nom, adresse ou coordonn\u00e9es).<\/li>\n<li>Mettez fin aux discussions qui vous mettent mal \u00e0 l'aise.<\/li>\n<li>\u00c9vitez de cliquer sur des liens provenant d'inconnus.<\/li>\n<li>Les parents doivent surveiller les mineurs qui utilisent la plateforme.<\/li>\n<li>Utilisez un r\u00e9seau priv\u00e9 virtuel (VPN) pour une protection suppl\u00e9mentaire de la vie priv\u00e9e.<\/li>\n<\/ul>\n<p>Utilis\u00e9 de mani\u00e8re responsable, ChatBlink est un moyen s\u00fbr et direct de rencontrer des gens en ligne.<\/p>\n<h2>Conseils pour tirer le meilleur parti de ChatBlink<\/h2>\n<ul>\n<li>Essayez \u00e0 des heures diff\u00e9rentes - les heures de pointe attirent davantage d'utilisateurs actifs.<\/li>\n<li>Utilisez des \u00e9couteurs pour un son plus clair et pour plus de confidentialit\u00e9.<\/li>\n<li>Commencez par des sujets simples - cela permet de briser la glace.<\/li>\n<li>Un bon \u00e9clairage rend les conversations vid\u00e9o plus agr\u00e9ables.<\/li>\n<li>Restez d\u00e9contract\u00e9 - \u00e9vitez les conversations trop r\u00e9fl\u00e9chies.<\/li>\n<li>Passez rapidement \u00e0 autre chose si l'ambiance n'est pas bonne - il y a toujours une autre personne qui attend.<\/li>\n<\/ul>\n<p>Ces petits ajustements peuvent rendre votre exp\u00e9rience plus fluide et plus agr\u00e9able.<\/p>\n<h2>Probl\u00e8mes courants et solutions<\/h2>\n<h3>Probl\u00e8me : L'appareil photo ou le microphone ne fonctionne pas<\/h3>\n<ul>\n<li>V\u00e9rifier les param\u00e8tres du navigateur pour les autorisations.<\/li>\n<li>Red\u00e9marrez votre navigateur ou votre appareil.<\/li>\n<li>Fermez toute autre application utilisant votre webcam.<\/li>\n<\/ul>\n<h3>Probl\u00e8me : Connexion lente ou d\u00e9calage<\/h3>\n<ul>\n<li>Passez \u00e0 une connexion Wi-Fi stable.<\/li>\n<li>Fermez les onglets ou les applications en arri\u00e8re-plan qui consomment beaucoup de bande passante.<\/li>\n<\/ul>\n<h3>Probl\u00e8me : Peu d'utilisateurs en ligne<\/h3>\n<ul>\n<li>Essayez pendant les heures de soir\u00e9e r\u00e9gionales.<\/li>\n<li>Actualisez le site pour r\u00e9initialiser votre file d'attente.<\/li>\n<\/ul>\n<h3>Probl\u00e8me : rencontre avec des spams<\/h3>\n<ul>\n<li>Passer imm\u00e9diatement.<\/li>\n<li>Utiliser les outils de rapport s'ils sont disponibles.<\/li>\n<\/ul>\n<h2>Pourquoi les gens choisissent ChatBlink<\/h2>\n<p>La popularit\u00e9 de ChatBlink repose sur la rapidit\u00e9, la simplicit\u00e9 et l'authenticit\u00e9. Il \u00e9limine tout ce qui n'est pas n\u00e9cessaire et se concentre sur la joie pure de la connexion avec les autres.<\/p>\n<p>Les gens l'aiment pour :<\/p>\n<ul>\n<li>Chat instantan\u00e9 et anonyme.<\/li>\n<li>Pas d'inscription ni de connexion.<\/li>\n<li>Options de texte libre et de vid\u00e9o.<\/li>\n<li>Interface propre et adapt\u00e9e \u00e0 la mobilit\u00e9.<\/li>\n<li>Base d'utilisateurs mondiale.<\/li>\n<\/ul>\n<p>Il s'agit d'une plateforme destin\u00e9e \u00e0 tous ceux qui appr\u00e9cient les connexions sans complexit\u00e9, ce qui est de plus en plus rare dans le monde num\u00e9rique d'aujourd'hui.<\/p>\n<h2>R\u00e9flexions finales : Le ChatBlink vaut-il la peine d'\u00eatre utilis\u00e9 ?<\/h2>\n<p>Si vous \u00eates \u00e0 la recherche d'une plateforme de chat al\u00e9atoire rapide, gratuite et anonyme, ChatBlink m\u00e9rite absolument une place sur votre liste. C'est l'un de ces sites qui reste fid\u00e8le \u00e0 ce qui rend le chat amusant - le plaisir de rencontrer quelqu'un de nouveau, sans attentes ni obligations.<\/p>\n<p>Bien qu'il ne dispose pas des filtres avanc\u00e9s ou des listes d'amis de plateformes telles que ChatHub ou Emerald Chat, sa simplicit\u00e9 est sa plus grande force. Il suffit de l'ouvrir, de cliquer sur \u201cD\u00e9marrer\u201d et de commencer instantan\u00e9ment \u00e0 parler \u00e0 quelqu'un quelque part dans le monde.<\/p>\n<p>Que vous le vouliez ou non :<\/p>\n<ul>\n<li>Discutez rapidement au hasard,<\/li>\n<li>Rencontrer des personnes de nouveaux pays, ou<\/li>\n<li>Il suffit de se d\u00e9tendre et de parler avec quelqu'un qui ne fait pas partie de votre cercle habituel...<\/li>\n<\/ul>\n<p>C'est exactement ce que propose le ChatBlink.<\/p>\n<p>En bref : ChatBlink est un site de chat l\u00e9ger, sans inscription, qui allie la nostalgie des premiers salons de discussion \u00e0 la rapidit\u00e9 de la technologie vid\u00e9o moderne. Il est parfait pour les connexions spontan\u00e9es et r\u00e9elles - gratuit, priv\u00e9 et disponible \u00e0 tout moment.<\/p>\n<p>Pr\u00eat \u00e0 essayer ? Visitez le site ChatBlink, cliquez sur \u201cD\u00e9marrer\u201d et voyez qui vous rencontrerez ensuite - les conversations du monde entier ne sont qu'\u00e0 un clic.<\/p>","protected":false},"excerpt":{"rendered":"<p>In today\u2019s digital world, where so many apps rely on filters, followers, and paywalls, ChatBlink stands out for keeping things simple. It\u2019s an easy, free random chat platform that connects people instantly \u2014 no registration, no downloads, and no fuss. Whether you\u2019re looking for a quick chat, a new friend, or a spontaneous video conversation [&hellip;]<\/p>\n","protected":false},"author":6,"featured_media":0,"parent":0,"menu_order":0,"comment_status":"closed","ping_status":"closed","template":"","meta":{"footnotes":""},"class_list":["post-3171","page","type-page","status-publish","hentry"],"yoast_head":"<!-- This site is optimized with the Yoast SEO plugin v27.4 - https:\/\/yoast.com\/product\/yoast-seo-wordpress\/ -->\n<title>ChatBlink - Free Online Chat &amp; Meet New Friends - TinyChat.com<\/title>\n<meta name=\"description\" content=\"Enjoying ChatBlink? Join over 50,000,000 strangers on TinyChat! Turn on your cam and start meeting new people, or find a match.\" \/>\n<meta name=\"robots\" content=\"index, follow, max-snippet:-1, max-image-preview:large, max-video-preview:-1\" \/>\n<link rel=\"canonical\" href=\"https:\/\/tinychat.com\/fr\/chatblink\/\" \/>\n<meta property=\"og:locale\" content=\"fr_FR\" \/>\n<meta property=\"og:type\" content=\"article\" \/>\n<meta property=\"og:title\" content=\"ChatBlink - Free Online Chat &amp; Meet New Friends - TinyChat.com\" \/>\n<meta property=\"og:description\" content=\"Enjoying ChatBlink? Join over 50,000,000 strangers on TinyChat! Turn on your cam and start meeting new people, or find a match.\" \/>\n<meta property=\"og:url\" content=\"https:\/\/tinychat.com\/fr\/chatblink\/\" \/>\n<meta property=\"og:site_name\" content=\"TinyChat\" \/>\n<meta property=\"article:publisher\" content=\"https:\/\/www.facebook.com\/tinychat\" \/>\n<meta property=\"article:modified_time\" content=\"2025-10-21T11:21:20+00:00\" \/>\n<meta property=\"og:image\" content=\"https:\/\/tinychat.com\/wp-content\/uploads\/2020\/04\/Tinychat-logo-1280x284-new-black.png\" \/>\n\t<meta property=\"og:image:width\" content=\"1280\" \/>\n\t<meta property=\"og:image:height\" content=\"284\" \/>\n\t<meta property=\"og:image:type\" content=\"image\/png\" \/>\n<meta name=\"twitter:card\" content=\"summary_large_image\" \/>\n<meta name=\"twitter:site\" content=\"@tinychat\" \/>\n<meta name=\"twitter:label1\" content=\"Dur\u00e9e de lecture estim\u00e9e\" \/>\n\t<meta name=\"twitter:data1\" content=\"6 minutes\" \/>\n<script type=\"application\/ld+json\" class=\"yoast-schema-graph\">{\"@context\":\"https:\\\/\\\/schema.org\",\"@graph\":[{\"@type\":\"WebPage\",\"@id\":\"https:\\\/\\\/tinychat.com\\\/chatblink\\\/\",\"url\":\"https:\\\/\\\/tinychat.com\\\/chatblink\\\/\",\"name\":\"ChatBlink - Free Online Chat & Meet New Friends - TinyChat.com\",\"isPartOf\":{\"@id\":\"https:\\\/\\\/tinychat.com\\\/#website\"},\"datePublished\":\"2025-10-21T09:14:34+00:00\",\"dateModified\":\"2025-10-21T11:21:20+00:00\",\"description\":\"Enjoying ChatBlink? Join over 50,000,000 strangers on TinyChat! Turn on your cam and start meeting new people, or find a match.\",\"breadcrumb\":{\"@id\":\"https:\\\/\\\/tinychat.com\\\/chatblink\\\/#breadcrumb\"},\"inLanguage\":\"fr-FR\",\"potentialAction\":[{\"@type\":\"ReadAction\",\"target\":[\"https:\\\/\\\/tinychat.com\\\/chatblink\\\/\"]}]},{\"@type\":\"BreadcrumbList\",\"@id\":\"https:\\\/\\\/tinychat.com\\\/chatblink\\\/#breadcrumb\",\"itemListElement\":[{\"@type\":\"ListItem\",\"position\":1,\"name\":\"Home\",\"item\":\"https:\\\/\\\/tinychat.com\\\/\"},{\"@type\":\"ListItem\",\"position\":2,\"name\":\"ChatBlink\"}]},{\"@type\":\"WebSite\",\"@id\":\"https:\\\/\\\/tinychat.com\\\/#website\",\"url\":\"https:\\\/\\\/tinychat.com\\\/\",\"name\":\"TinyChat\",\"description\":\"Random Video Chat with Strangers\",\"publisher\":{\"@id\":\"https:\\\/\\\/tinychat.com\\\/#organization\"},\"alternateName\":\"TinyChat.com\",\"potentialAction\":[{\"@type\":\"SearchAction\",\"target\":{\"@type\":\"EntryPoint\",\"urlTemplate\":\"https:\\\/\\\/tinychat.com\\\/?s={search_term_string}\"},\"query-input\":{\"@type\":\"PropertyValueSpecification\",\"valueRequired\":true,\"valueName\":\"search_term_string\"}}],\"inLanguage\":\"fr-FR\"},{\"@type\":\"Organization\",\"@id\":\"https:\\\/\\\/tinychat.com\\\/#organization\",\"name\":\"TinyChat\",\"alternateName\":\"TinyChat.com\",\"url\":\"https:\\\/\\\/tinychat.com\\\/\",\"logo\":{\"@type\":\"ImageObject\",\"inLanguage\":\"fr-FR\",\"@id\":\"https:\\\/\\\/tinychat.com\\\/#\\\/schema\\\/logo\\\/image\\\/\",\"url\":\"https:\\\/\\\/tinychat.com\\\/wp-content\\\/uploads\\\/2023\\\/11\\\/Tinychat-icon-square.png\",\"contentUrl\":\"https:\\\/\\\/tinychat.com\\\/wp-content\\\/uploads\\\/2023\\\/11\\\/Tinychat-icon-square.png\",\"width\":284,\"height\":284,\"caption\":\"TinyChat\"},\"image\":{\"@id\":\"https:\\\/\\\/tinychat.com\\\/#\\\/schema\\\/logo\\\/image\\\/\"},\"sameAs\":[\"https:\\\/\\\/www.facebook.com\\\/tinychat\",\"https:\\\/\\\/x.com\\\/tinychat\"]}]}<\/script>\n<!-- \/ Yoast SEO plugin. -->","yoast_head_json":{"title":"ChatBlink - Chat en ligne gratuit et rencontre de nouveaux amis - TinyChat.com","description":"Vous aimez ChatBlink ? Rejoignez plus de 50 000 000 d'inconnus sur TinyChat ! Allumez votre cam\u00e9ra et commencez \u00e0 rencontrer de nouvelles personnes, ou trouvez un partenaire.","robots":{"index":"index","follow":"follow","max-snippet":"max-snippet:-1","max-image-preview":"max-image-preview:large","max-video-preview":"max-video-preview:-1"},"canonical":"https:\/\/tinychat.com\/fr\/chatblink\/","og_locale":"fr_FR","og_type":"article","og_title":"ChatBlink - Free Online Chat & Meet New Friends - TinyChat.com","og_description":"Enjoying ChatBlink? Join over 50,000,000 strangers on TinyChat! Turn on your cam and start meeting new people, or find a match.","og_url":"https:\/\/tinychat.com\/fr\/chatblink\/","og_site_name":"TinyChat","article_publisher":"https:\/\/www.facebook.com\/tinychat","article_modified_time":"2025-10-21T11:21:20+00:00","og_image":[{"width":1280,"height":284,"url":"https:\/\/tinychat.com\/wp-content\/uploads\/2020\/04\/Tinychat-logo-1280x284-new-black.png","type":"image\/png"}],"twitter_card":"summary_large_image","twitter_site":"@tinychat","twitter_misc":{"Dur\u00e9e de lecture estim\u00e9e":"6 minutes"},"schema":{"@context":"https:\/\/schema.org","@graph":[{"@type":"WebPage","@id":"https:\/\/tinychat.com\/chatblink\/","url":"https:\/\/tinychat.com\/chatblink\/","name":"ChatBlink - Chat en ligne gratuit et rencontre de nouveaux amis - TinyChat.com","isPartOf":{"@id":"https:\/\/tinychat.com\/#website"},"datePublished":"2025-10-21T09:14:34+00:00","dateModified":"2025-10-21T11:21:20+00:00","description":"Vous aimez ChatBlink ? Rejoignez plus de 50 000 000 d'inconnus sur TinyChat ! Allumez votre cam\u00e9ra et commencez \u00e0 rencontrer de nouvelles personnes, ou trouvez un partenaire.","breadcrumb":{"@id":"https:\/\/tinychat.com\/chatblink\/#breadcrumb"},"inLanguage":"fr-FR","potentialAction":[{"@type":"ReadAction","target":["https:\/\/tinychat.com\/chatblink\/"]}]},{"@type":"BreadcrumbList","@id":"https:\/\/tinychat.com\/chatblink\/#breadcrumb","itemListElement":[{"@type":"ListItem","position":1,"name":"Home","item":"https:\/\/tinychat.com\/"},{"@type":"ListItem","position":2,"name":"ChatBlink"}]},{"@type":"WebSite","@id":"https:\/\/tinychat.com\/#website","url":"https:\/\/tinychat.com\/","name":"TinyChat","description":"Chat vid\u00e9o al\u00e9atoire avec des inconnus","publisher":{"@id":"https:\/\/tinychat.com\/#organization"},"alternateName":"TinyChat.com","potentialAction":[{"@type":"SearchAction","target":{"@type":"EntryPoint","urlTemplate":"https:\/\/tinychat.com\/?s={search_term_string}"},"query-input":{"@type":"PropertyValueSpecification","valueRequired":true,"valueName":"search_term_string"}}],"inLanguage":"fr-FR"},{"@type":"Organization","@id":"https:\/\/tinychat.com\/#organization","name":"TinyChat","alternateName":"TinyChat.com","url":"https:\/\/tinychat.com\/","logo":{"@type":"ImageObject","inLanguage":"fr-FR","@id":"https:\/\/tinychat.com\/#\/schema\/logo\/image\/","url":"https:\/\/tinychat.com\/wp-content\/uploads\/2023\/11\/Tinychat-icon-square.png","contentUrl":"https:\/\/tinychat.com\/wp-content\/uploads\/2023\/11\/Tinychat-icon-square.png","width":284,"height":284,"caption":"TinyChat"},"image":{"@id":"https:\/\/tinychat.com\/#\/schema\/logo\/image\/"},"sameAs":["https:\/\/www.facebook.com\/tinychat","https:\/\/x.com\/tinychat"]}]}},"_links":{"self":[{"href":"https:\/\/tinychat.com\/fr\/wp-json\/wp\/v2\/pages\/3171","targetHints":{"allow":["GET"]}}],"collection":[{"href":"https:\/\/tinychat.com\/fr\/wp-json\/wp\/v2\/pages"}],"about":[{"href":"https:\/\/tinychat.com\/fr\/wp-json\/wp\/v2\/types\/page"}],"author":[{"embeddable":true,"href":"https:\/\/tinychat.com\/fr\/wp-json\/wp\/v2\/users\/6"}],"replies":[{"embeddable":true,"href":"https:\/\/tinychat.com\/fr\/wp-json\/wp\/v2\/comments?post=3171"}],"version-history":[{"count":3,"href":"https:\/\/tinychat.com\/fr\/wp-json\/wp\/v2\/pages\/3171\/revisions"}],"predecessor-version":[{"id":13562,"href":"https:\/\/tinychat.com\/fr\/wp-json\/wp\/v2\/pages\/3171\/revisions\/13562"}],"wp:attachment":[{"href":"https:\/\/tinychat.com\/fr\/wp-json\/wp\/v2\/media?parent=3171"}],"curies":[{"name":"wp","href":"https:\/\/api.w.org\/{rel}","templated":true}]}}