{"id":3266,"date":"2025-09-29T11:39:15","date_gmt":"2025-09-29T09:39:15","guid":{"rendered":"https:\/\/tinychat.com\/?page_id=3266"},"modified":"2025-09-29T12:44:51","modified_gmt":"2025-09-29T10:44:51","slug":"imeetzu","status":"publish","type":"page","link":"https:\/\/tinychat.com\/fr\/imeetzu\/","title":{"rendered":"iMeetzu"},"content":{"rendered":"<p>L'essor des plateformes de chat vid\u00e9o al\u00e9atoire a modifi\u00e9 la fa\u00e7on dont les gens se connectent en ligne. Alors que les r\u00e9seaux sociaux nous lient aux amis que nous connaissons d\u00e9j\u00e0, des plateformes comme Omegle, Chatroulette et Chatrandom ont introduit le plaisir de rencontrer de parfaits inconnus en un seul clic. Parmi les plates-formes moins connues mais qui ont un impact dans ce domaine, citons iMeetzu, un service qui associe des fonctions de chat al\u00e9atoire \u00e0 des outils de r\u00e9seautage social, cr\u00e9ant ainsi une exp\u00e9rience qui va au-del\u00e0 des rencontres \u00e9ph\u00e9m\u00e8res.<\/p>\n<p>Que vous soyez \u00e0 la recherche d'un chat textuel rapide, d'un appel vid\u00e9o spontan\u00e9 ou m\u00eame d'une amiti\u00e9 durable, iMeetzu offre un m\u00e9lange d'al\u00e9atoire et de communaut\u00e9 qui lui permet de rester pertinent dans l'espace de chat concurrentiel.<\/p>\n<p>Cet examen approfondi porte sur la nature du iMeetzu, ses caract\u00e9ristiques, son mode d'emploi, l'exp\u00e9rience des utilisateurs, des comparaisons, des conseils de s\u00e9curit\u00e9 et des conseils pour en tirer le meilleur parti.<\/p>\n<h2>Qu'est-ce que le iMeetzu ?<\/h2>\n<p>iMeetzu est une plateforme de chat al\u00e9atoire qui combine des fonctions de type Omegle avec des fonctions de r\u00e9seau social. Elle permet aux utilisateurs de discuter instantan\u00e9ment avec des inconnus par le biais de textes ou de vid\u00e9os. Mais contrairement \u00e0 de nombreux services de chat ponctuels, iMeetzu comprend \u00e9galement :<\/p>\n<ul>\n<li>Salons de discussion publics<\/li>\n<li>Listes d'amis<\/li>\n<li>Profils d'utilisateurs<\/li>\n<\/ul>\n<p>Cette approche hybride le rend plus polyvalent que les plateformes minimalistes. Au lieu de proposer uniquement des rencontres al\u00e9atoires, iMeetzu fournit des outils pour rester en contact avec les personnes que vous aimez, ce qui lui conf\u00e8re une dimension sociale.<\/p>\n<h2>Caract\u00e9ristiques principales de iMeetzu<\/h2>\n<p>Le iMeetzu offre un large \u00e9ventail de fonctionnalit\u00e9s pour les utilisateurs occasionnels et ceux qui recherchent quelque chose de plus durable.<\/p>\n<h3>1. Chat \u00e0 texte al\u00e9atoire<\/h3>\n<ul>\n<li>Conversations instantan\u00e9es en t\u00eate-\u00e0-t\u00eate avec des inconnus.<\/li>\n<li>Fonctionne comme le mode texte seul classique de Omegle.<\/li>\n<li>Id\u00e9al pour les interactions rapides et \u00e0 faible pression.<\/li>\n<\/ul>\n<h3>2. Chat vid\u00e9o al\u00e9atoire<\/h3>\n<ul>\n<li>Les conversations en t\u00eate-\u00e0-t\u00eate avec des inconnus.<\/li>\n<li>Prise en charge de la webcam et du microphone.<\/li>\n<li>Le bouton \"Skip\" vous permet de passer instantan\u00e9ment \u00e0 autre chose.<\/li>\n<\/ul>\n<h3>3. Salons de discussion publics<\/h3>\n<ul>\n<li>Salles de groupe o\u00f9 plusieurs utilisateurs peuvent se parler.<\/li>\n<li>Id\u00e9al pour rencontrer plusieurs personnes \u00e0 la fois.<\/li>\n<li>Couvre une vari\u00e9t\u00e9 de sujets et d'int\u00e9r\u00eats.<\/li>\n<\/ul>\n<h3>4. Profils d'utilisateurs et amis<\/h3>\n<ul>\n<li>Contrairement aux plateformes purement al\u00e9atoires, iMeetzu vous permet de cr\u00e9er un profil.<\/li>\n<li>Ajoutez des amis pour poursuivre la conversation ult\u00e9rieurement.<\/li>\n<li>Les profils donnent une impression de \"r\u00e9seau social\".<\/li>\n<\/ul>\n<h3>5. Compatibilit\u00e9 mobile<\/h3>\n<ul>\n<li>Fonctionne dans les navigateurs mobiles.<\/li>\n<li>Offre des fonctionnalit\u00e9s similaires \u00e0 celles d'une application pour un acc\u00e8s plus facile.<\/li>\n<\/ul>\n<h3>6. Libre d'utilisation<\/h3>\n<ul>\n<li>Les fonctionnalit\u00e9s de base sont gratuites, sans abonnement obligatoire.<\/li>\n<\/ul>\n<h2>Comment utiliser iMeetzu<\/h2>\n<p>Le iMeetzu a \u00e9t\u00e9 con\u00e7u pour les d\u00e9butants. Voici comment commencer :<\/p>\n<h3>\u00c9tape 1 : Visiter le site web<\/h3>\n<ul>\n<li>Ouvrez iMeetzu dans votre navigateur (bureau ou mobile).<\/li>\n<\/ul>\n<h3>\u00c9tape 2 : Choisir un mode<\/h3>\n<ul>\n<li>Chat texte : Pour les conversations bas\u00e9es sur la saisie.<\/li>\n<li>Chat vid\u00e9o : Pour les rencontres en face \u00e0 face.<\/li>\n<li>Salons de discussion : Pour les discussions de groupe.<\/li>\n<\/ul>\n<h3>\u00c9tape 3 : Autoriser les permissions (facultatif)<\/h3>\n<ul>\n<li>Si vous utilisez la vid\u00e9o, autorisez l'acc\u00e8s \u00e0 votre cam\u00e9ra et \u00e0 votre microphone.<\/li>\n<\/ul>\n<h3>\u00c9tape 4 : Commencer \u00e0 chatter<\/h3>\n<ul>\n<li>Vous \u00eates imm\u00e9diatement jumel\u00e9 avec un \u00e9tranger.<\/li>\n<li>Ajoutez des amis si vous voulez continuer \u00e0 parler plus tard.<\/li>\n<\/ul>\n<h3>\u00c9tape 5 : Continuer \u00e0 explorer<\/h3>\n<ul>\n<li>Basculez entre le chat al\u00e9atoire, les salons de discussion et votre liste d'amis.<\/li>\n<\/ul>\n<p>Le iMeetzu est donc plus polyvalent que les plateformes qui n'offrent qu'un seul mode de discussion.<\/p>\n<h2>Exp\u00e9rience utilisateur sur iMeetzu<\/h2>\n<p>iMeetzu se distingue par son m\u00e9lange de hasard et de communaut\u00e9.<\/p>\n<h3>Ce que les utilisateurs aiment<\/h3>\n<ul>\n<li>Combine le chat al\u00e9atoire avec des fonctions sociales.<\/li>\n<li>Possibilit\u00e9 d'ajouter des amis et de cr\u00e9er des profils.<\/li>\n<li>Plusieurs modes de chat (texte, vid\u00e9o, groupe).<\/li>\n<li>Utilisation gratuite, sans restrictions majeures.<\/li>\n<\/ul>\n<h3>Les points \u00e0 am\u00e9liorer selon les utilisateurs<\/h3>\n<ul>\n<li>L'interface semble d\u00e9pass\u00e9e par rapport aux applications modernes.<\/li>\n<li>Base d'utilisateurs plus restreinte que Omegle ou Chatroulette.<\/li>\n<li>La qualit\u00e9 du match varie en fonction de l'heure de la journ\u00e9e.<\/li>\n<li>Pas aussi optimis\u00e9 pour les mobiles que les concurrents plus r\u00e9cents.<\/li>\n<\/ul>\n<p>Pour de nombreux utilisateurs, cependant, le syst\u00e8me d'amis et les salons de discussion de iMeetzu le rendent plus attrayant que les plates-formes qui ne proposent que des paires al\u00e9atoires.<\/p>\n<h2>iMeetzu vs. autres plates-formes<\/h2>\n<p>Voici comment le iMeetzu se compare \u00e0 ses concurrents :<\/p>\n<table>\n<thead>\n<tr>\n<th>Fonctionnalit\u00e9<\/th>\n<th>iMeetzu<\/th>\n<th>Omegle<\/th>\n<th>Chatroulette<\/th>\n<th>ChatHub<\/th>\n<th>Emerald Chat<\/th>\n<th>Y99<\/th>\n<\/tr>\n<\/thead>\n<tbody>\n<tr>\n<td>Chat texte al\u00e9atoire<\/td>\n<td>\u2705 Oui<\/td>\n<td>\u2705 Oui<\/td>\n<td>\u2705 Oui<\/td>\n<td>\u2705 Oui<\/td>\n<td>\u2705 Oui<\/td>\n<td>\u2705 Oui<\/td>\n<\/tr>\n<tr>\n<td>Random Video Chat avec des Inconnus<\/td>\n<td>\u2705 Oui<\/td>\n<td>\u2705 Oui<\/td>\n<td>\u2705 Oui<\/td>\n<td>\u2705 Oui<\/td>\n<td>\u2705 Oui<\/td>\n<td>\u2705 Oui<\/td>\n<\/tr>\n<tr>\n<td>Salons de discussion publics<\/td>\n<td>\u2705 Oui<\/td>\n<td>\u274c Non<\/td>\n<td>\u274c Non<\/td>\n<td>\u274c Non<\/td>\n<td>\u274c Non<\/td>\n<td>\u2705 Oui<\/td>\n<\/tr>\n<tr>\n<td>Profils d'utilisateurs et amis<\/td>\n<td>\u2705 Oui<\/td>\n<td>\u274c Non<\/td>\n<td>\u274c Non<\/td>\n<td>\u2705 Oui<\/td>\n<td>\u2705 Oui<\/td>\n<td>\u2705 Oui<\/td>\n<\/tr>\n<tr>\n<td>Anonymat<\/td>\n<td>\u2705 Mod\u00e9r\u00e9<\/td>\n<td>\u2705 Fort<\/td>\n<td>\u2705 Fort<\/td>\n<td>\u2705 Mod\u00e9r\u00e9<\/td>\n<td>\u2705 Mod\u00e9r\u00e9<\/td>\n<td>\u2705 Mod\u00e9r\u00e9<\/td>\n<\/tr>\n<tr>\n<td>Application mobile<\/td>\n<td>\u2705 Partiel<\/td>\n<td>\u2705 Oui<\/td>\n<td>\u2705 Oui<\/td>\n<td>\u2705 Oui<\/td>\n<td>\u2705 Oui<\/td>\n<td>\u274c Non<\/td>\n<\/tr>\n<\/tbody>\n<\/table>\n<p>R\u00e9sum\u00e9 : iMeetzu se situe entre le style al\u00e9atoire de Omegle et le style communautaire de Y99, offrant \u00e0 la fois des chats instantan\u00e9s et des options sociales \u00e0 long terme.<\/p>\n<h2>Le iMeetzu est-il s\u00fbr ?<\/h2>\n<p>Comme toute plateforme qui met en relation des inconnus, iMeetzu pr\u00e9sente des avantages et des inconv\u00e9nients en mati\u00e8re de s\u00e9curit\u00e9.<\/p>\n<h3>Outils de s\u00e9curit\u00e9 int\u00e9gr\u00e9s<\/h3>\n<ul>\n<li>Bouton de saut pour quitter instantan\u00e9ment la conversation.<\/li>\n<li>Signaler\/bloquer les fonctions en cas de comportement inappropri\u00e9.<\/li>\n<li>Le syst\u00e8me de profil vous permet de g\u00e9rer vos amis.<\/li>\n<\/ul>\n<h3>Conseils de s\u00e9curit\u00e9 pour les utilisateurs<\/h3>\n<ul>\n<li>Ne partagez pas d'informations personnelles avec des inconnus.<\/li>\n<li>Ne parlez pas de sujets anodins lors de discussions al\u00e9atoires.<\/li>\n<li>Les parents doivent surveiller les jeunes utilisateurs.<\/li>\n<li>N'utilisez la messagerie priv\u00e9e qu'avec des amis de confiance.<\/li>\n<li>Envisagez d'utiliser un r\u00e9seau priv\u00e9 virtuel (VPN) pour plus de confidentialit\u00e9.<\/li>\n<\/ul>\n<h2>Conseils pour tirer le meilleur parti de iMeetzu<\/h2>\n<ul>\n<li>Essayez diff\u00e9rents modes : passez du texte \u00e0 la vid\u00e9o et aux forums de discussion.<\/li>\n<li>Ajoutez des personnes int\u00e9ressantes \u00e0 votre liste d'amis afin d'\u00e9tablir des liens durables.<\/li>\n<li>Pour une stabilit\u00e9 et une qualit\u00e9 vid\u00e9o optimales, utilisez l'ordinateur de bureau.<\/li>\n<li>Soyez d\u00e9contract\u00e9 et amusant - les chats al\u00e9atoires fonctionnent mieux avec des sujets l\u00e9gers.<\/li>\n<li>Utilisez librement le bouton \"sauter\" : tous les chats ne conviennent pas.<\/li>\n<li>Explorez les salons de discussion : ils ont souvent des communaut\u00e9s actives et th\u00e9matiques.<\/li>\n<\/ul>\n<h2>Probl\u00e8mes courants et solutions<\/h2>\n<h3>Probl\u00e8me : La vid\u00e9o ne fonctionne pas<\/h3>\n<ul>\n<li>V\u00e9rifier les autorisations du navigateur.<\/li>\n<li>Red\u00e9marrer l'appareil ou le navigateur.<\/li>\n<\/ul>\n<h3>Probl\u00e8me : Peu de matchs disponibles<\/h3>\n<ul>\n<li>Essayez pendant les heures de pointe (soirs\/week-ends).<\/li>\n<li>Rejoignez les forums de discussion pour un engagement plus actif.<\/li>\n<\/ul>\n<h3>Probl\u00e8me : Interface m\u00e9diocre sur les t\u00e9l\u00e9phones portables<\/h3>\n<ul>\n<li>Utilisez le bureau pour une navigation plus fluide.<\/li>\n<li>Ou activer le \"mode bureau\" du navigateur mobile.<\/li>\n<\/ul>\n<h3>Probl\u00e8me : Spam ou bots<\/h3>\n<ul>\n<li>Passer imm\u00e9diatement.<\/li>\n<li>Signalez les comptes suspects.<\/li>\n<\/ul>\n<h2>Pourquoi les gens choisissent iMeetzu<\/h2>\n<p>Les gens se tournent vers le iMeetzu parce qu'il offre :<\/p>\n<ul>\n<li>Vari\u00e9t\u00e9 - texte, vid\u00e9o et salons de discussion en un seul endroit.<\/li>\n<li>Listes et profils d'amis de la communaut\u00e9 pour des connexions permanentes.<\/li>\n<li>Simplicit\u00e9 - pas de configuration complexe, utilisation gratuite.<\/li>\n<li>\u00c9quilibre - plaisir al\u00e9atoire et interaction structur\u00e9e.<\/li>\n<\/ul>\n<p>Il capture l'excitation des discussions al\u00e9atoires tout en ajoutant une couche sociale pour des connexions durables.<\/p>\n<h2>R\u00e9flexions finales : Le iMeetzu vaut-il la peine d'\u00eatre utilis\u00e9 ?<\/h2>\n<p>Si vous recherchez une plateforme qui offre plus que des chats al\u00e9atoires et fugaces, iMeetzu vaut la peine d'\u00eatre essay\u00e9e. Il combine la spontan\u00e9it\u00e9 de Omegle et l'esprit communautaire de Y99 ou Wireclub, ce qui le rend polyvalent pour diff\u00e9rents types d'utilisateurs.<\/p>\n<p>Que vous le vouliez ou non :<\/p>\n<ul>\n<li>Passer le temps dans des chats textuels ou vid\u00e9o al\u00e9atoires.<\/li>\n<li>Participez \u00e0 des salons de discussion publique anim\u00e9s.<\/li>\n<li>Ou cr\u00e9er des liens d'amiti\u00e9 par le biais de profils et de listes d'amis...<\/li>\n<\/ul>\n<p>Le iMeetzu offre tous ces avantages en un seul paquet.<\/p>\n<p>En bref : iMeetzu est un chat al\u00e9atoire hybride et une plateforme sociale qui permet aux utilisateurs de faire des rencontres instantan\u00e9es et d'\u00e9tablir des relations \u00e0 long terme. Si vous souhaitez plus de flexibilit\u00e9 que Omegle mais moins de structure que les r\u00e9seaux sociaux \u00e0 part enti\u00e8re, il s'agit d'une excellente solution interm\u00e9diaire.<\/p>\n<p>Pr\u00eat \u00e0 essayer ? Visitez iMeetzu, commencez \u00e0 chatter et voyez o\u00f9 vous m\u00e8nera votre prochaine connexion.<\/p>","protected":false},"excerpt":{"rendered":"<p>The rise of random video chat platforms has reshaped how people connect online. While social networks keep us tied to friends we already know, platforms like Omegle, Chatroulette, and Chatrandom introduced the thrill of meeting complete strangers with just one click. Among the lesser-known but still impactful platforms in this space is iMeetzu, a service [&hellip;]<\/p>\n","protected":false},"author":6,"featured_media":0,"parent":0,"menu_order":0,"comment_status":"closed","ping_status":"closed","template":"","meta":{"footnotes":""},"class_list":["post-3266","page","type-page","status-publish","hentry"],"yoast_head":"<!-- This site is optimized with the Yoast SEO plugin v27.6 - https:\/\/yoast.com\/product\/yoast-seo-wordpress\/ -->\n<title>iMeetzu - Chatroulette &amp; Omegle Alternative - TinyChat.com<\/title>\n<meta name=\"description\" content=\"Enjoying iMeetzu? Join over 50,000,000 strangers on TinyChat! Turn on your cam and start meeting new people, or find a match.\" \/>\n<meta name=\"robots\" content=\"index, follow, max-snippet:-1, max-image-preview:large, max-video-preview:-1\" \/>\n<link rel=\"canonical\" href=\"https:\/\/tinychat.com\/fr\/imeetzu\/\" \/>\n<meta property=\"og:locale\" content=\"fr_FR\" \/>\n<meta property=\"og:type\" content=\"article\" \/>\n<meta property=\"og:title\" content=\"iMeetzu - Chatroulette &amp; Omegle Alternative - TinyChat.com\" \/>\n<meta property=\"og:description\" content=\"Enjoying iMeetzu? Join over 50,000,000 strangers on TinyChat! Turn on your cam and start meeting new people, or find a match.\" \/>\n<meta property=\"og:url\" content=\"https:\/\/tinychat.com\/fr\/imeetzu\/\" \/>\n<meta property=\"og:site_name\" content=\"TinyChat\" \/>\n<meta property=\"article:publisher\" content=\"https:\/\/www.facebook.com\/tinychat\" \/>\n<meta property=\"article:modified_time\" content=\"2025-09-29T10:44:51+00:00\" \/>\n<meta property=\"og:image\" content=\"https:\/\/tinychat.com\/wp-content\/uploads\/2020\/04\/Tinychat-logo-1280x284-new-black.png\" \/>\n\t<meta property=\"og:image:width\" content=\"1280\" \/>\n\t<meta property=\"og:image:height\" content=\"284\" \/>\n\t<meta property=\"og:image:type\" content=\"image\/png\" \/>\n<meta name=\"twitter:card\" content=\"summary_large_image\" \/>\n<meta name=\"twitter:site\" content=\"@tinychat\" \/>\n<meta name=\"twitter:label1\" content=\"Dur\u00e9e de lecture estim\u00e9e\" \/>\n\t<meta name=\"twitter:data1\" content=\"5 minutes\" \/>\n<script type=\"application\/ld+json\" class=\"yoast-schema-graph\">{\"@context\":\"https:\\\/\\\/schema.org\",\"@graph\":[{\"@type\":\"WebPage\",\"@id\":\"https:\\\/\\\/tinychat.com\\\/imeetzu\\\/\",\"url\":\"https:\\\/\\\/tinychat.com\\\/imeetzu\\\/\",\"name\":\"iMeetzu - Chatroulette & Omegle Alternative - TinyChat.com\",\"isPartOf\":{\"@id\":\"https:\\\/\\\/tinychat.com\\\/#website\"},\"datePublished\":\"2025-09-29T09:39:15+00:00\",\"dateModified\":\"2025-09-29T10:44:51+00:00\",\"description\":\"Enjoying iMeetzu? Join over 50,000,000 strangers on TinyChat! Turn on your cam and start meeting new people, or find a match.\",\"breadcrumb\":{\"@id\":\"https:\\\/\\\/tinychat.com\\\/imeetzu\\\/#breadcrumb\"},\"inLanguage\":\"fr-FR\",\"potentialAction\":[{\"@type\":\"ReadAction\",\"target\":[\"https:\\\/\\\/tinychat.com\\\/imeetzu\\\/\"]}]},{\"@type\":\"BreadcrumbList\",\"@id\":\"https:\\\/\\\/tinychat.com\\\/imeetzu\\\/#breadcrumb\",\"itemListElement\":[{\"@type\":\"ListItem\",\"position\":1,\"name\":\"Home\",\"item\":\"https:\\\/\\\/tinychat.com\\\/\"},{\"@type\":\"ListItem\",\"position\":2,\"name\":\"iMeetzu\"}]},{\"@type\":\"WebSite\",\"@id\":\"https:\\\/\\\/tinychat.com\\\/#website\",\"url\":\"https:\\\/\\\/tinychat.com\\\/\",\"name\":\"TinyChat\",\"description\":\"Random Video Chat with Strangers\",\"publisher\":{\"@id\":\"https:\\\/\\\/tinychat.com\\\/#organization\"},\"alternateName\":\"TinyChat.com\",\"potentialAction\":[{\"@type\":\"SearchAction\",\"target\":{\"@type\":\"EntryPoint\",\"urlTemplate\":\"https:\\\/\\\/tinychat.com\\\/?s={search_term_string}\"},\"query-input\":{\"@type\":\"PropertyValueSpecification\",\"valueRequired\":true,\"valueName\":\"search_term_string\"}}],\"inLanguage\":\"fr-FR\"},{\"@type\":\"Organization\",\"@id\":\"https:\\\/\\\/tinychat.com\\\/#organization\",\"name\":\"TinyChat\",\"alternateName\":\"TinyChat.com\",\"url\":\"https:\\\/\\\/tinychat.com\\\/\",\"logo\":{\"@type\":\"ImageObject\",\"inLanguage\":\"fr-FR\",\"@id\":\"https:\\\/\\\/tinychat.com\\\/#\\\/schema\\\/logo\\\/image\\\/\",\"url\":\"https:\\\/\\\/tinychat.com\\\/wp-content\\\/uploads\\\/2023\\\/11\\\/Tinychat-icon-square.png\",\"contentUrl\":\"https:\\\/\\\/tinychat.com\\\/wp-content\\\/uploads\\\/2023\\\/11\\\/Tinychat-icon-square.png\",\"width\":284,\"height\":284,\"caption\":\"TinyChat\"},\"image\":{\"@id\":\"https:\\\/\\\/tinychat.com\\\/#\\\/schema\\\/logo\\\/image\\\/\"},\"sameAs\":[\"https:\\\/\\\/www.facebook.com\\\/tinychat\",\"https:\\\/\\\/x.com\\\/tinychat\"]}]}<\/script>\n<!-- \/ Yoast SEO plugin. -->","yoast_head_json":{"title":"iMeetzu - Chatroulette &amp; Omegle Alternative - TinyChat.com","description":"Vous aimez iMeetzu ? Rejoignez plus de 50 000 000 d'inconnus sur TinyChat ! Allumez votre cam\u00e9ra et commencez \u00e0 rencontrer de nouvelles personnes, ou trouvez un partenaire.","robots":{"index":"index","follow":"follow","max-snippet":"max-snippet:-1","max-image-preview":"max-image-preview:large","max-video-preview":"max-video-preview:-1"},"canonical":"https:\/\/tinychat.com\/fr\/imeetzu\/","og_locale":"fr_FR","og_type":"article","og_title":"iMeetzu - Chatroulette & Omegle Alternative - TinyChat.com","og_description":"Enjoying iMeetzu? Join over 50,000,000 strangers on TinyChat! Turn on your cam and start meeting new people, or find a match.","og_url":"https:\/\/tinychat.com\/fr\/imeetzu\/","og_site_name":"TinyChat","article_publisher":"https:\/\/www.facebook.com\/tinychat","article_modified_time":"2025-09-29T10:44:51+00:00","og_image":[{"width":1280,"height":284,"url":"https:\/\/tinychat.com\/wp-content\/uploads\/2020\/04\/Tinychat-logo-1280x284-new-black.png","type":"image\/png"}],"twitter_card":"summary_large_image","twitter_site":"@tinychat","twitter_misc":{"Dur\u00e9e de lecture estim\u00e9e":"5 minutes"},"schema":{"@context":"https:\/\/schema.org","@graph":[{"@type":"WebPage","@id":"https:\/\/tinychat.com\/imeetzu\/","url":"https:\/\/tinychat.com\/imeetzu\/","name":"iMeetzu - Chatroulette &amp; Omegle Alternative - TinyChat.com","isPartOf":{"@id":"https:\/\/tinychat.com\/#website"},"datePublished":"2025-09-29T09:39:15+00:00","dateModified":"2025-09-29T10:44:51+00:00","description":"Vous aimez iMeetzu ? Rejoignez plus de 50 000 000 d'inconnus sur TinyChat ! Allumez votre cam\u00e9ra et commencez \u00e0 rencontrer de nouvelles personnes, ou trouvez un partenaire.","breadcrumb":{"@id":"https:\/\/tinychat.com\/imeetzu\/#breadcrumb"},"inLanguage":"fr-FR","potentialAction":[{"@type":"ReadAction","target":["https:\/\/tinychat.com\/imeetzu\/"]}]},{"@type":"BreadcrumbList","@id":"https:\/\/tinychat.com\/imeetzu\/#breadcrumb","itemListElement":[{"@type":"ListItem","position":1,"name":"Home","item":"https:\/\/tinychat.com\/"},{"@type":"ListItem","position":2,"name":"iMeetzu"}]},{"@type":"WebSite","@id":"https:\/\/tinychat.com\/#website","url":"https:\/\/tinychat.com\/","name":"TinyChat","description":"Chat vid\u00e9o al\u00e9atoire avec des inconnus","publisher":{"@id":"https:\/\/tinychat.com\/#organization"},"alternateName":"TinyChat.com","potentialAction":[{"@type":"SearchAction","target":{"@type":"EntryPoint","urlTemplate":"https:\/\/tinychat.com\/?s={search_term_string}"},"query-input":{"@type":"PropertyValueSpecification","valueRequired":true,"valueName":"search_term_string"}}],"inLanguage":"fr-FR"},{"@type":"Organization","@id":"https:\/\/tinychat.com\/#organization","name":"TinyChat","alternateName":"TinyChat.com","url":"https:\/\/tinychat.com\/","logo":{"@type":"ImageObject","inLanguage":"fr-FR","@id":"https:\/\/tinychat.com\/#\/schema\/logo\/image\/","url":"https:\/\/tinychat.com\/wp-content\/uploads\/2023\/11\/Tinychat-icon-square.png","contentUrl":"https:\/\/tinychat.com\/wp-content\/uploads\/2023\/11\/Tinychat-icon-square.png","width":284,"height":284,"caption":"TinyChat"},"image":{"@id":"https:\/\/tinychat.com\/#\/schema\/logo\/image\/"},"sameAs":["https:\/\/www.facebook.com\/tinychat","https:\/\/x.com\/tinychat"]}]}},"_links":{"self":[{"href":"https:\/\/tinychat.com\/fr\/wp-json\/wp\/v2\/pages\/3266","targetHints":{"allow":["GET"]}}],"collection":[{"href":"https:\/\/tinychat.com\/fr\/wp-json\/wp\/v2\/pages"}],"about":[{"href":"https:\/\/tinychat.com\/fr\/wp-json\/wp\/v2\/types\/page"}],"author":[{"embeddable":true,"href":"https:\/\/tinychat.com\/fr\/wp-json\/wp\/v2\/users\/6"}],"replies":[{"embeddable":true,"href":"https:\/\/tinychat.com\/fr\/wp-json\/wp\/v2\/comments?post=3266"}],"version-history":[{"count":3,"href":"https:\/\/tinychat.com\/fr\/wp-json\/wp\/v2\/pages\/3266\/revisions"}],"predecessor-version":[{"id":13544,"href":"https:\/\/tinychat.com\/fr\/wp-json\/wp\/v2\/pages\/3266\/revisions\/13544"}],"wp:attachment":[{"href":"https:\/\/tinychat.com\/fr\/wp-json\/wp\/v2\/media?parent=3266"}],"curies":[{"name":"wp","href":"https:\/\/api.w.org\/{rel}","templated":true}]}}