{"id":3953,"date":"2025-09-03T08:28:59","date_gmt":"2025-09-03T06:28:59","guid":{"rendered":"https:\/\/tinychat.com\/?page_id=3953"},"modified":"2025-09-03T12:47:40","modified_gmt":"2025-09-03T10:47:40","slug":"random-video-chat-online","status":"publish","type":"page","link":"https:\/\/tinychat.com\/fr\/random-video-chat-online\/","title":{"rendered":"Chat vid\u00e9o al\u00e9atoire en ligne"},"content":{"rendered":"<p>L'internet nous a connect\u00e9s d'innombrables fa\u00e7ons, mais peu de choses semblent aussi excitantes, ou aussi spontan\u00e9es, que de rejoindre un chat vid\u00e9o en ligne au hasard. Il suffit d'un clic pour se retrouver face \u00e0 face avec un inconnu d'une autre ville, d'un autre pays ou d'un autre continent. Parfois, la conversation est stupide, parfois elle est \u00e9tonnamment profonde, et parfois elle d\u00e9bouche sur de nouvelles amiti\u00e9s ou plus.<\/p>\n<p>\u00c0 la diff\u00e9rence des m\u00e9dias sociaux, o\u00f9 tout est poli et \u00e9labor\u00e9, le chat vid\u00e9o en ligne al\u00e9atoire est brut, r\u00e9el et dans l'instant. Il s'agit d'une socialisation sans filtre - juste vous, votre webcam et quelqu'un que vous n'avez jamais rencontr\u00e9 auparavant.<\/p>\n<h2>Qu'est-ce que le chat vid\u00e9o al\u00e9atoire en ligne ?<\/h2>\n<p>Le chat vid\u00e9o al\u00e9atoire en ligne fait r\u00e9f\u00e9rence \u00e0 des plateformes qui vous mettent instantan\u00e9ment en contact avec des inconnus par le biais d'appels vid\u00e9o en direct. Au lieu de choisir votre interlocuteur, la plateforme vous met en relation avec quelqu'un au hasard. Si la conversation ne fonctionne pas, vous cliquez sur \"suivant\" et vous rencontrez instantan\u00e9ment quelqu'un d'autre.<\/p>\n<p>Les principales caract\u00e9ristiques sont g\u00e9n\u00e9ralement les suivantes<\/p>\n<ul>\n<li>Acc\u00e8s gratuit - La plupart des sites permettent de passer gratuitement des appels vid\u00e9o illimit\u00e9s avec des inconnus.<\/li>\n<li>Options d'anonymat - Utilisez un surnom ou laissez votre appareil photo \u00e9teint jusqu'\u00e0 ce que vous vous sentiez \u00e0 l'aise.<\/li>\n<li>Bouton de saut - Passez rapidement \u00e0 autre chose si vous n'appr\u00e9ciez pas la discussion.<\/li>\n<li>Une port\u00e9e mondiale - Rencontrez des personnes du monde entier \u00e0 tout moment, de jour comme de nuit.<\/li>\n<li>Filtres facultatifs - Limitez les correspondances en fonction des centres d'int\u00e9r\u00eat, du lieu ou du sexe.<\/li>\n<\/ul>\n<p>C'est un m\u00e9lange impr\u00e9visible de plaisir, de culture et de relations humaines.<\/p>\n<h2>Pourquoi les gens utilisent le chat cam en ligne al\u00e9atoire<\/h2>\n<p>Des millions de personnes affluent chaque mois sur le chat vid\u00e9o al\u00e9atoire gratuit en ligne. Voici pourquoi il est si attrayant :<\/p>\n<ul>\n<li>Spontan\u00e9it\u00e9 - On ne sait jamais qui sera le prochain, ce qui rend les choses passionnantes.<\/li>\n<li>Accessibilit\u00e9 - Pas d'inscription, pas d'abonnement - il suffit de cliquer et de commencer \u00e0 chatter.<\/li>\n<li>Communaut\u00e9 mondiale - Rencontrez des personnes de toutes les cultures et de tous les horizons.<\/li>\n<li>Basse pression - Vous ne sentez pas d'\u00e9tincelle ? Passez votre tour et r\u00e9essayez, sans rancune.<\/li>\n<li>Diversit\u00e9 des exp\u00e9riences - Certains chats sont amusants, d'autres \u00e9tonnamment significatifs.<\/li>\n<\/ul>\n<p>Pour beaucoup, c'est un moyen de sortir de la routine et d'exp\u00e9rimenter quelque chose de nouveau sans quitter la maison.<\/p>\n<h2>Comment fonctionne le chat vid\u00e9o al\u00e9atoire en ligne<\/h2>\n<p>Si vous n'avez jamais essay\u00e9, voici comment proc\u00e9der :<\/p>\n<ol>\n<li>Choisissez une plateforme - Les options comprennent Omegle, Chatroulette, Chatspin, Camsurf et TinyChat.<\/li>\n<li>Activer la webcam et le micro - Pour permettre \u00e0 votre appareil de vous connecter en temps r\u00e9el.<\/li>\n<li>Cliquez sur \"D\u00e9marrer\" ou \"Se connecter\" - Vous \u00eates instantan\u00e9ment mis en relation avec un inconnu au hasard.<\/li>\n<li>Rester ou partir - Discutez aussi longtemps que vous le souhaitez ou passez \u00e0 quelqu'un d'autre.<\/li>\n<li>Ajustez les filtres - Utilisez les filtres de genre, de langue ou d'int\u00e9r\u00eat s'ils sont propos\u00e9s.<\/li>\n<\/ol>\n<p>Vous gardez le contr\u00f4le tout au long du processus - c'est une question de flexibilit\u00e9 et d'amusement.<\/p>\n<h2>Meilleures plates-formes pour le chat vid\u00e9o al\u00e9atoire en ligne<\/h2>\n<p>Voici quelques-uns des sites les plus populaires et les plus fiables pour commencer :<\/p>\n<ul>\n<li>Omegle - Le pionnier du chat vid\u00e9o et textuel al\u00e9atoire.<\/li>\n<li>Chatroulette - C\u00e9l\u00e8bre pour son appariement rapide \u00e0 l'\u00e9chelle mondiale.<\/li>\n<li>Chatspin - Propose des filtres de genre et d'int\u00e9r\u00eat, ainsi que des effets vid\u00e9o amusants.<\/li>\n<li>Camsurf - Se concentre sur la mod\u00e9ration et la cr\u00e9ation d'un environnement s\u00fbr.<\/li>\n<li>Chatrandom - Comprend \u00e0 la fois des appels individuels et des salons de discussion \u00e0 th\u00e8me.<\/li>\n<li>TinyChat - M\u00e9lange des chats al\u00e9atoires avec des salons de discussion vid\u00e9o publics et priv\u00e9s.<\/li>\n<li>Bazoocam - Un favori europ\u00e9en avec des jeux int\u00e9gr\u00e9s pour briser la glace.<\/li>\n<\/ul>\n<p>Chaque communaut\u00e9 est diff\u00e9rente - certaines ont un rythme rapide, d'autres sont plus calmes. En essayant plusieurs d'entre elles, vous trouverez celle qui vous convient le mieux.<\/p>\n<h2>Chat vid\u00e9o al\u00e9atoire vs. m\u00e9dias sociaux<\/h2>\n<p>Bien qu'il s'agisse dans les deux cas d'un moyen de se connecter, ce sont des exp\u00e9riences tr\u00e8s diff\u00e9rentes.<\/p>\n<table>\n<thead>\n<tr>\n<th>Fonctionnalit\u00e9<\/th>\n<th>Chat vid\u00e9o al\u00e9atoire en ligne<\/th>\n<th>Plateformes de m\u00e9dias sociaux<\/th>\n<\/tr>\n<\/thead>\n<tbody>\n<tr>\n<td>Conversations vid\u00e9o en temps r\u00e9el<\/td>\n<td>\u2705<\/td>\n<td>\u26a0\ufe0f Parfois (appels vid\u00e9o)<\/td>\n<\/tr>\n<tr>\n<td>Correspondance al\u00e9atoire<\/td>\n<td>\u2705<\/td>\n<td>\u274c<\/td>\n<\/tr>\n<tr>\n<td>Aucun profil n'est n\u00e9cessaire<\/td>\n<td>\u2705<\/td>\n<td>\u274c<\/td>\n<\/tr>\n<tr>\n<td>Les \u00e9trangers dans le monde<\/td>\n<td>\u2705<\/td>\n<td>\u274c (surtout amis\/follows)<\/td>\n<\/tr>\n<tr>\n<td>Option de saut instantan\u00e9<\/td>\n<td>\u2705<\/td>\n<td>\u274c<\/td>\n<\/tr>\n<\/tbody>\n<\/table>\n<p>Le chat al\u00e9atoire est ax\u00e9 sur la spontan\u00e9it\u00e9, tandis que les m\u00e9dias sociaux sont plus encadr\u00e9s et contr\u00f4l\u00e9s.<\/p>\n<h2>Assurer la s\u00e9curit\u00e9 lors des discussions en ligne<\/h2>\n<p>Comme pour tout ce qui implique des \u00e9trangers, il est important de rester en s\u00e9curit\u00e9 :<\/p>\n<ul>\n<li>Prot\u00e9gez vos informations personnelles - Ne communiquez jamais votre vrai nom, votre adresse ou votre num\u00e9ro de t\u00e9l\u00e9phone.<\/li>\n<li>Utilisez un surnom neutre - Restez anonyme jusqu'\u00e0 ce que vous en d\u00e9cidiez autrement.<\/li>\n<li>Attention \u00e0 l'arri\u00e8re-plan - Ne r\u00e9v\u00e9lez pas de d\u00e9tails personnels dans la vue de l'appareil photo.<\/li>\n<li>Passez \u00e0 autre chose si vous ne vous sentez pas \u00e0 l'aise - Faites confiance \u00e0 votre instinct et passez \u00e0 autre chose si vous ne vous sentez pas \u00e0 l'aise.<\/li>\n<li>Signaler les comportements inappropri\u00e9s - Choisissez des plateformes qui proposent des outils de mod\u00e9ration.<\/li>\n<\/ul>\n<h2>Qui utilise le chat vid\u00e9o al\u00e9atoire en ligne ?<\/h2>\n<p>La beaut\u00e9 de ces plateformes r\u00e9side dans leur diversit\u00e9. Vous y trouverez<\/p>\n<ul>\n<li>C\u00e9libataires - A la recherche de chats amusants ou m\u00eame d'une histoire d'amour.<\/li>\n<li>Voyageurs - Entrer en contact avec la population locale ou pratiquer des langues.<\/li>\n<li>\u00c9tudiants - Rencontrer des pairs du monde entier.<\/li>\n<li>Les noctambules - Trouver de la compagnie tard dans la nuit.<\/li>\n<li>Des gens curieux - Pour voir qui est l\u00e0.<\/li>\n<\/ul>\n<p>C'est un m\u00e9lange de personnalit\u00e9s, et c'est exactement ce qui le rend amusant.<\/p>\n<h2>TinyChat : Les appels vid\u00e9o d'inconnus sous un angle diff\u00e9rent<\/h2>\n<p>Si vous aimez le plaisir du chat vid\u00e9o al\u00e9atoire mais que vous souhaitez une option plus communautaire, TinyChat est un excellent choix. Il combine le hasard en t\u00eate-\u00e0-t\u00eate avec les salles vid\u00e9o de groupe, ce qui vous permet :<\/p>\n<ul>\n<li>Rejoignez des salons de discussion th\u00e9matiques - de la musique aux rencontres en passant par les jeux et la politique.<\/li>\n<li>H\u00e9bergez votre propre salle priv\u00e9e - Invitez des amis ou rencontrez de nouvelles personnes dans un espace contr\u00f4l\u00e9.<\/li>\n<li>Changez de format - Choisissez le texte, la voix ou la vid\u00e9o, selon votre niveau de confort.<\/li>\n<li>Acc\u00e8s sur tous les appareils - Fonctionne dans les navigateurs et sur les applications mobiles.<\/li>\n<\/ul>\n<p>TinyChat conserve l'excitation du hasard tout en vous offrant plus de structure si vous le souhaitez.<\/p>\n<h2>Conseils pour une bonne exp\u00e9rience de chat en ligne au hasard<\/h2>\n<p>Pour rendre vos conversations plus agr\u00e9ables, essayez de suivre ces conseils :<\/p>\n<ul>\n<li>Souriez lors de la connexion - Un visage amical incite les gens \u00e0 rester.<\/li>\n<li>Posez des questions engageantes - Au lieu de simplement dire \"bonjour\", posez des questions sur vos loisirs ou vos exp\u00e9riences.<\/li>\n<li>Restez ouvert d'esprit - Vous rencontrerez des gens de tous horizons.<\/li>\n<li>Soyez respectueux - Les bonnes mani\u00e8res sont tr\u00e8s appr\u00e9ci\u00e9es.<\/li>\n<li>Exp\u00e9rimenter les horaires - Des horaires diff\u00e9rents permettent de rencontrer des personnes de pays diff\u00e9rents.<\/li>\n<\/ul>\n<h2>Fonctionnalit\u00e9s gratuites ou payantes<\/h2>\n<p>La plupart des plateformes de chat vid\u00e9o al\u00e9atoire sont gratuites, mais beaucoup proposent des options payantes.<\/p>\n<table>\n<thead>\n<tr>\n<th>Fonctionnalit\u00e9<\/th>\n<th>Version gratuite<\/th>\n<th>Version payante<\/th>\n<\/tr>\n<\/thead>\n<tbody>\n<tr>\n<td>Correspondance al\u00e9atoire<\/td>\n<td>\u2705 Oui<\/td>\n<td>\u2705 Oui<\/td>\n<\/tr>\n<tr>\n<td>Nombre illimit\u00e9 de sauts<\/td>\n<td>\u26a0\ufe0f Sometimes limited<\/td>\n<td>\u2705 Toujours<\/td>\n<\/tr>\n<tr>\n<td>Filtres de genre\/localisation<\/td>\n<td>\u26a0\ufe0f Basique ou limit\u00e9<\/td>\n<td>\u2705 Avanc\u00e9<\/td>\n<\/tr>\n<tr>\n<td>Annonces supprim\u00e9es<\/td>\n<td>\u274c<\/td>\n<td>\u2705 Oui<\/td>\n<\/tr>\n<tr>\n<td>Acc\u00e8s aux salles VIP\/priv\u00e9es<\/td>\n<td>\u274c<\/td>\n<td>\u2705 Oui<\/td>\n<\/tr>\n<\/tbody>\n<\/table>\n<p>Pour les utilisateurs occasionnels, la version gratuite offre g\u00e9n\u00e9ralement beaucoup de plaisir.<\/p>\n<h2>L'excitation des rencontres al\u00e9atoires<\/h2>\n<p>Le plus grand attrait du chat vid\u00e9o al\u00e9atoire en ligne est peut-\u00eatre l'inconnu. En une seule session, vous pouvez :<\/p>\n<ul>\n<li>Apprendre \u00e0 conna\u00eetre une autre culture de premi\u00e8re main.<\/li>\n<li>Partager des recommandations musicales ou cin\u00e9matographiques.<\/li>\n<li>Rire des blagues de quelqu'un qui se trouve \u00e0 l'autre bout du monde.<\/li>\n<li>Pratiquer une nouvelle langue avec un locuteur natif.<\/li>\n<li>Trouvez un ami, ou m\u00eame une \u00e9tincelle de romance.<\/li>\n<\/ul>\n<p>Chaque clic est l'occasion de d\u00e9couvrir quelque chose de nouveau.<\/p>\n<p>Le chat vid\u00e9o al\u00e9atoire en ligne est devenu l'un des moyens les plus spontan\u00e9s et les plus gratifiants de rencontrer des gens dans le monde entier. C'est gratuit, instantan\u00e9 et vari\u00e9 \u00e0 l'infini, ce qui est parfait lorsque vous vous ennuyez, que vous \u00eates curieux ou que vous avez envie de rencontrer quelqu'un de nouveau.<\/p>\n<p>Que vous utilisiez Omegle, Chatroulette, Chatspin ou des plateformes communautaires comme TinyChat, le principe est le m\u00eame : cliquez, connectez-vous et voyez o\u00f9 la conversation vous m\u00e8ne.<\/p>\n<p>Si vous \u00eates pr\u00eat \u00e0 sortir de votre routine et \u00e0 vous lancer dans l'inattendu, essayez d\u00e8s aujourd'hui un chat al\u00e9atoire avec une webcam en ligne. Vous ne savez jamais, le prochain inconnu sur votre \u00e9cran pourrait bien devenir votre histoire pr\u00e9f\u00e9r\u00e9e \u00e0 raconter.<\/p>","protected":false},"excerpt":{"rendered":"<p>The internet has connected us in countless ways, but few things feel as exciting\u2014or as spontaneous\u2014as joining a random video chat online. One click, and suddenly you\u2019re face-to-face with a stranger from another city, country, or continent. Sometimes the conversation is silly, sometimes it\u2019s surprisingly deep, and sometimes it leads to new friendships or more. [&hellip;]<\/p>\n","protected":false},"author":8,"featured_media":0,"parent":0,"menu_order":0,"comment_status":"closed","ping_status":"closed","template":"","meta":{"footnotes":""},"class_list":["post-3953","page","type-page","status-publish","hentry"],"yoast_head":"<!-- This site is optimized with the Yoast SEO plugin v27.4 - https:\/\/yoast.com\/product\/yoast-seo-wordpress\/ -->\n<title>Random Video Chat Online on TinyChat.com<\/title>\n<meta name=\"description\" content=\"Enjoying Random Video Chat Online? Join over 50,000,000 strangers on TinyChat! Turn on your cam and start meeting new people, or find a match.\" \/>\n<meta name=\"robots\" content=\"index, follow, max-snippet:-1, max-image-preview:large, max-video-preview:-1\" \/>\n<link rel=\"canonical\" href=\"https:\/\/tinychat.com\/fr\/random-video-chat-online\/\" \/>\n<meta property=\"og:locale\" content=\"fr_FR\" \/>\n<meta property=\"og:type\" content=\"article\" \/>\n<meta property=\"og:title\" content=\"Random Video Chat Online on TinyChat.com\" \/>\n<meta property=\"og:description\" content=\"Enjoying Random Video Chat Online? Join over 50,000,000 strangers on TinyChat! Turn on your cam and start meeting new people, or find a match.\" \/>\n<meta property=\"og:url\" content=\"https:\/\/tinychat.com\/fr\/random-video-chat-online\/\" \/>\n<meta property=\"og:site_name\" content=\"TinyChat\" \/>\n<meta property=\"article:publisher\" content=\"https:\/\/www.facebook.com\/tinychat\" \/>\n<meta property=\"article:modified_time\" content=\"2025-09-03T10:47:40+00:00\" \/>\n<meta property=\"og:image\" content=\"https:\/\/tinychat.com\/wp-content\/uploads\/2020\/04\/Tinychat-logo-1280x284-new-black.png\" \/>\n\t<meta property=\"og:image:width\" content=\"1280\" \/>\n\t<meta property=\"og:image:height\" content=\"284\" \/>\n\t<meta property=\"og:image:type\" content=\"image\/png\" \/>\n<meta name=\"twitter:card\" content=\"summary_large_image\" \/>\n<meta name=\"twitter:site\" content=\"@tinychat\" \/>\n<meta name=\"twitter:label1\" content=\"Dur\u00e9e de lecture estim\u00e9e\" \/>\n\t<meta name=\"twitter:data1\" content=\"5 minutes\" \/>\n<script type=\"application\/ld+json\" class=\"yoast-schema-graph\">{\"@context\":\"https:\\\/\\\/schema.org\",\"@graph\":[{\"@type\":\"WebPage\",\"@id\":\"https:\\\/\\\/tinychat.com\\\/random-video-chat-online\\\/\",\"url\":\"https:\\\/\\\/tinychat.com\\\/random-video-chat-online\\\/\",\"name\":\"Random Video Chat Online on TinyChat.com\",\"isPartOf\":{\"@id\":\"https:\\\/\\\/tinychat.com\\\/#website\"},\"datePublished\":\"2025-09-03T06:28:59+00:00\",\"dateModified\":\"2025-09-03T10:47:40+00:00\",\"description\":\"Enjoying Random Video Chat Online? Join over 50,000,000 strangers on TinyChat! Turn on your cam and start meeting new people, or find a match.\",\"breadcrumb\":{\"@id\":\"https:\\\/\\\/tinychat.com\\\/random-video-chat-online\\\/#breadcrumb\"},\"inLanguage\":\"fr-FR\",\"potentialAction\":[{\"@type\":\"ReadAction\",\"target\":[\"https:\\\/\\\/tinychat.com\\\/random-video-chat-online\\\/\"]}]},{\"@type\":\"BreadcrumbList\",\"@id\":\"https:\\\/\\\/tinychat.com\\\/random-video-chat-online\\\/#breadcrumb\",\"itemListElement\":[{\"@type\":\"ListItem\",\"position\":1,\"name\":\"Home\",\"item\":\"https:\\\/\\\/tinychat.com\\\/\"},{\"@type\":\"ListItem\",\"position\":2,\"name\":\"Random Video Chat Online\"}]},{\"@type\":\"WebSite\",\"@id\":\"https:\\\/\\\/tinychat.com\\\/#website\",\"url\":\"https:\\\/\\\/tinychat.com\\\/\",\"name\":\"TinyChat\",\"description\":\"Random Video Chat with Strangers\",\"publisher\":{\"@id\":\"https:\\\/\\\/tinychat.com\\\/#organization\"},\"alternateName\":\"TinyChat.com\",\"potentialAction\":[{\"@type\":\"SearchAction\",\"target\":{\"@type\":\"EntryPoint\",\"urlTemplate\":\"https:\\\/\\\/tinychat.com\\\/?s={search_term_string}\"},\"query-input\":{\"@type\":\"PropertyValueSpecification\",\"valueRequired\":true,\"valueName\":\"search_term_string\"}}],\"inLanguage\":\"fr-FR\"},{\"@type\":\"Organization\",\"@id\":\"https:\\\/\\\/tinychat.com\\\/#organization\",\"name\":\"TinyChat\",\"alternateName\":\"TinyChat.com\",\"url\":\"https:\\\/\\\/tinychat.com\\\/\",\"logo\":{\"@type\":\"ImageObject\",\"inLanguage\":\"fr-FR\",\"@id\":\"https:\\\/\\\/tinychat.com\\\/#\\\/schema\\\/logo\\\/image\\\/\",\"url\":\"https:\\\/\\\/tinychat.com\\\/wp-content\\\/uploads\\\/2023\\\/11\\\/Tinychat-icon-square.png\",\"contentUrl\":\"https:\\\/\\\/tinychat.com\\\/wp-content\\\/uploads\\\/2023\\\/11\\\/Tinychat-icon-square.png\",\"width\":284,\"height\":284,\"caption\":\"TinyChat\"},\"image\":{\"@id\":\"https:\\\/\\\/tinychat.com\\\/#\\\/schema\\\/logo\\\/image\\\/\"},\"sameAs\":[\"https:\\\/\\\/www.facebook.com\\\/tinychat\",\"https:\\\/\\\/x.com\\\/tinychat\"]}]}<\/script>\n<!-- \/ Yoast SEO plugin. -->","yoast_head_json":{"title":"Chat vid\u00e9o al\u00e9atoire en ligne sur TinyChat.com","description":"Vous aimez le chat vid\u00e9o al\u00e9atoire en ligne ? Rejoignez plus de 50 000 000 d'inconnus sur TinyChat ! Allumez votre cam\u00e9ra et commencez \u00e0 rencontrer de nouvelles personnes, ou trouvez un partenaire.","robots":{"index":"index","follow":"follow","max-snippet":"max-snippet:-1","max-image-preview":"max-image-preview:large","max-video-preview":"max-video-preview:-1"},"canonical":"https:\/\/tinychat.com\/fr\/random-video-chat-online\/","og_locale":"fr_FR","og_type":"article","og_title":"Random Video Chat Online on TinyChat.com","og_description":"Enjoying Random Video Chat Online? Join over 50,000,000 strangers on TinyChat! Turn on your cam and start meeting new people, or find a match.","og_url":"https:\/\/tinychat.com\/fr\/random-video-chat-online\/","og_site_name":"TinyChat","article_publisher":"https:\/\/www.facebook.com\/tinychat","article_modified_time":"2025-09-03T10:47:40+00:00","og_image":[{"width":1280,"height":284,"url":"https:\/\/tinychat.com\/wp-content\/uploads\/2020\/04\/Tinychat-logo-1280x284-new-black.png","type":"image\/png"}],"twitter_card":"summary_large_image","twitter_site":"@tinychat","twitter_misc":{"Dur\u00e9e de lecture estim\u00e9e":"5 minutes"},"schema":{"@context":"https:\/\/schema.org","@graph":[{"@type":"WebPage","@id":"https:\/\/tinychat.com\/random-video-chat-online\/","url":"https:\/\/tinychat.com\/random-video-chat-online\/","name":"Chat vid\u00e9o al\u00e9atoire en ligne sur TinyChat.com","isPartOf":{"@id":"https:\/\/tinychat.com\/#website"},"datePublished":"2025-09-03T06:28:59+00:00","dateModified":"2025-09-03T10:47:40+00:00","description":"Vous aimez le chat vid\u00e9o al\u00e9atoire en ligne ? Rejoignez plus de 50 000 000 d'inconnus sur TinyChat ! Allumez votre cam\u00e9ra et commencez \u00e0 rencontrer de nouvelles personnes, ou trouvez un partenaire.","breadcrumb":{"@id":"https:\/\/tinychat.com\/random-video-chat-online\/#breadcrumb"},"inLanguage":"fr-FR","potentialAction":[{"@type":"ReadAction","target":["https:\/\/tinychat.com\/random-video-chat-online\/"]}]},{"@type":"BreadcrumbList","@id":"https:\/\/tinychat.com\/random-video-chat-online\/#breadcrumb","itemListElement":[{"@type":"ListItem","position":1,"name":"Home","item":"https:\/\/tinychat.com\/"},{"@type":"ListItem","position":2,"name":"Random Video Chat Online"}]},{"@type":"WebSite","@id":"https:\/\/tinychat.com\/#website","url":"https:\/\/tinychat.com\/","name":"TinyChat","description":"Chat vid\u00e9o al\u00e9atoire avec des inconnus","publisher":{"@id":"https:\/\/tinychat.com\/#organization"},"alternateName":"TinyChat.com","potentialAction":[{"@type":"SearchAction","target":{"@type":"EntryPoint","urlTemplate":"https:\/\/tinychat.com\/?s={search_term_string}"},"query-input":{"@type":"PropertyValueSpecification","valueRequired":true,"valueName":"search_term_string"}}],"inLanguage":"fr-FR"},{"@type":"Organization","@id":"https:\/\/tinychat.com\/#organization","name":"TinyChat","alternateName":"TinyChat.com","url":"https:\/\/tinychat.com\/","logo":{"@type":"ImageObject","inLanguage":"fr-FR","@id":"https:\/\/tinychat.com\/#\/schema\/logo\/image\/","url":"https:\/\/tinychat.com\/wp-content\/uploads\/2023\/11\/Tinychat-icon-square.png","contentUrl":"https:\/\/tinychat.com\/wp-content\/uploads\/2023\/11\/Tinychat-icon-square.png","width":284,"height":284,"caption":"TinyChat"},"image":{"@id":"https:\/\/tinychat.com\/#\/schema\/logo\/image\/"},"sameAs":["https:\/\/www.facebook.com\/tinychat","https:\/\/x.com\/tinychat"]}]}},"_links":{"self":[{"href":"https:\/\/tinychat.com\/fr\/wp-json\/wp\/v2\/pages\/3953","targetHints":{"allow":["GET"]}}],"collection":[{"href":"https:\/\/tinychat.com\/fr\/wp-json\/wp\/v2\/pages"}],"about":[{"href":"https:\/\/tinychat.com\/fr\/wp-json\/wp\/v2\/types\/page"}],"author":[{"embeddable":true,"href":"https:\/\/tinychat.com\/fr\/wp-json\/wp\/v2\/users\/8"}],"replies":[{"embeddable":true,"href":"https:\/\/tinychat.com\/fr\/wp-json\/wp\/v2\/comments?post=3953"}],"version-history":[{"count":4,"href":"https:\/\/tinychat.com\/fr\/wp-json\/wp\/v2\/pages\/3953\/revisions"}],"predecessor-version":[{"id":13499,"href":"https:\/\/tinychat.com\/fr\/wp-json\/wp\/v2\/pages\/3953\/revisions\/13499"}],"wp:attachment":[{"href":"https:\/\/tinychat.com\/fr\/wp-json\/wp\/v2\/media?parent=3953"}],"curies":[{"name":"wp","href":"https:\/\/api.w.org\/{rel}","templated":true}]}}