{"id":3970,"date":"2025-08-07T10:31:39","date_gmt":"2025-08-07T08:31:39","guid":{"rendered":"https:\/\/tinychat.com\/?page_id=3970"},"modified":"2025-08-07T10:52:50","modified_gmt":"2025-08-07T08:52:50","slug":"random-webcam-chat","status":"publish","type":"page","link":"https:\/\/tinychat.com\/fr\/random-webcam-chat\/","title":{"rendered":"Chat al\u00e9atoire par webcam"},"content":{"rendered":"<p>L'internet a transform\u00e9 le monde entier en un grand quartier, et rien ne capture mieux cet esprit que le chat par webcam au hasard. En quelques clics, vous pouvez passer de votre salon \u00e0 une conversation en face \u00e0 face avec un \u00e9tranger \u00e0 travers le monde. Que vous cherchiez \u00e0 vous faire des amis, \u00e0 d\u00e9couvrir d'autres cultures ou simplement \u00e0 vous amuser spontan\u00e9ment, le chat al\u00e9atoire par webcam est l'aventure num\u00e9rique par excellence.<\/p>\n<p>Alors, qu'est-ce que le chat par webcam al\u00e9atoire, comment fonctionne-t-il et pourquoi est-il en train de prendre d'assaut le monde en ligne ? Plongeons dans le vif du sujet.<\/p>\n<h2>Qu'est-ce que le chat al\u00e9atoire par webcam ?<\/h2>\n<p>Le chat par webcam al\u00e9atoire est un concept simple mais puissant : connectez-vous \u00e0 une plateforme, allumez votre webcam et associez-vous instantan\u00e9ment \u00e0 un inconnu pour une conversation vid\u00e9o en direct. Il n'est pas n\u00e9cessaire de partager des informations personnelles, de cr\u00e9er un profil ou d'attendre une demande d'ami : la connexion est instantan\u00e9e et en temps r\u00e9el.<\/p>\n<p>Les principales caract\u00e9ristiques sont g\u00e9n\u00e9ralement les suivantes<\/p>\n<ul>\n<li>Chat webcam gratuit et al\u00e9atoire : D\u00e9marrage gratuit ; de nombreux sites proposent des chats gratuits illimit\u00e9s.<\/li>\n<li>Correspondance individuelle : vous \u00eates mis en relation avec une personne \u00e0 la fois pour une conversation authentique.<\/li>\n<li>Boutons \"Suivant\" ou \"Passer\" : Si le chat ne vous convient pas, cliquez pour rencontrer quelqu'un d'autre imm\u00e9diatement.<\/li>\n<li>Anonymat : Utilisez un surnom ou restez totalement anonyme - ne partagez que ce qui vous met \u00e0 l'aise.<\/li>\n<\/ul>\n<p>Qu'il s'agisse d'une conversation d\u00e9contract\u00e9e ou d'un entretien approfondi, chaque discussion est unique.<\/p>\n<h2>Pourquoi essayer le chat al\u00e9atoire par webcam avec des inconnus ?<\/h2>\n<p>Des millions de personnes dans le monde entier aiment le chat par webcam al\u00e9atoire pour de nombreuses raisons :<\/p>\n<ul>\n<li>Connexion instantan\u00e9e : Pas besoin de cr\u00e9er un profil ou de faire d\u00e9filer les pages pendant des heures : commencez \u00e0 chatter en quelques secondes.<\/li>\n<li>Amiti\u00e9s mondiales : Rencontrez des personnes de tous les continents, de toutes les cultures et de tous les milieux.<\/li>\n<li>Pratiquez les comp\u00e9tences sociales : Id\u00e9al pour les personnes timides, les personnes qui apprennent une langue ou toute personne souhaitant renforcer sa confiance en soi.<\/li>\n<li>Pas de pression : Vous n'\u00eates pas enthousiaste ? Passez \u00e0 autre chose, sans rancune.<\/li>\n<li>Lutte contre la solitude : Parfait pour les soir\u00e9es tardives, les jours de pluie ou chaque fois que vous avez besoin d'un peu de contact humain.<\/li>\n<li>Un plaisir impr\u00e9visible : Chaque chat est une nouvelle histoire ; vous ne savez jamais qui vous allez rencontrer ni de quoi vous allez parler.<\/li>\n<\/ul>\n<blockquote><p>\"J'ai rejoint un chat par webcam au hasard, juste pour tuer le temps, et maintenant j'ai des amis de quatre pays diff\u00e9rents. Certains chats sont stupides, d'autres sont profonds, et d'autres encore me font simplement rire.\"<\/p><\/blockquote>\n<h2>Comment fonctionne le chat al\u00e9atoire gratuit par webcam ?<\/h2>\n<p>Il n'y a rien de plus facile que de commencer \u00e0 discuter par webcam, m\u00eame si vous n'avez jamais essay\u00e9 auparavant :<\/p>\n<ol>\n<li>Choisissez une plateforme : Il existe des dizaines de sites et d'applications de chat par webcam gratuits et al\u00e9atoires (voir ci-dessous pour les meilleurs choix).<\/li>\n<li>Autoriser l'acc\u00e8s \u00e0 la cam\u00e9ra et au micro : Votre navigateur ou votre application vous demandera l'autorisation d'utiliser votre webcam et votre microphone.<\/li>\n<li>Choisissez vos options : Certaines plateformes vous permettent de filtrer par sexe, pays ou centres d'int\u00e9r\u00eat.<\/li>\n<li>Cliquez sur \"D\u00e9marrer\", \"Se connecter\" ou \"Suivant\" : Vous \u00eates instantan\u00e9ment mis en relation avec un inconnu au hasard pour un chat vid\u00e9o en direct.<\/li>\n<li>Discutez aussi longtemps que vous le souhaitez : Si quelqu'un vous pla\u00eet, restez avec lui. Si ce n'est pas le cas, cliquez sur \"suivant\" pour une nouvelle rencontre.<\/li>\n<\/ol>\n<p>Pas d'inscription, pas d'engagement, juste une conversation pure et directe.<\/p>\n<h2>Meilleurs sites et applications de chat par webcam au hasard<\/h2>\n<p>Curieux de savoir par o\u00f9 commencer ? Voici quelques-unes des plateformes les mieux not\u00e9es et les plus fiables pour le chat webcam gratuit et al\u00e9atoire :<\/p>\n<ul>\n<li>Omegle : L'original, toujours d'actualit\u00e9 pour le chat vid\u00e9o anonyme avec des inconnus.<\/li>\n<li>Chatroulette : rythme rapide, toujours actif et populaire dans le monde entier.<\/li>\n<li>Chatspin : Filtres pour le sexe, la localisation et les centres d'int\u00e9r\u00eat. Effets vid\u00e9o amusants et faciles \u00e0 utiliser.<\/li>\n<li>Camsurf : Mod\u00e9r\u00e9 pour la s\u00e9curit\u00e9 et la positivit\u00e9 ; convivial et simple.<\/li>\n<li>Chatrandom : Discussions en groupe et en priv\u00e9, ainsi que des filtres pour des correspondances personnalis\u00e9es.<\/li>\n<li>Bazoocam : Populaire en Europe, avec des jeux pour briser la glace.<\/li>\n<\/ul>\n<p>Essayez-en plusieurs pour voir quelle ambiance et quelles caract\u00e9ristiques vous conviennent le mieux - chaque communaut\u00e9 a sa propre \u00e9nergie.<\/p>\n<h2>Chat al\u00e9atoire par webcam vs. autres chats en ligne<\/h2>\n<table>\n<thead>\n<tr>\n<th>Fonctionnalit\u00e9<\/th>\n<th>Chat al\u00e9atoire par webcam<\/th>\n<th>Chat de groupe<\/th>\n<th>M\u00e9dias sociaux<\/th>\n<th>Applications de messagerie<\/th>\n<\/tr>\n<\/thead>\n<tbody>\n<tr>\n<td>Vid\u00e9o en temps r\u00e9el<\/td>\n<td>\u2705<\/td>\n<td>\u2705<\/td>\n<td>\u2705<\/td>\n<td>\u2705<\/td>\n<\/tr>\n<tr>\n<td>Appariement al\u00e9atoire et anonyme<\/td>\n<td>\u2705<\/td>\n<td>\u274c<\/td>\n<td>\u274c<\/td>\n<td>\u274c<\/td>\n<\/tr>\n<tr>\n<td>Option \"Suivant\"\/sauter<\/td>\n<td>\u2705<\/td>\n<td>\u274c<\/td>\n<td>\u274c<\/td>\n<td>\u274c<\/td>\n<\/tr>\n<tr>\n<td>Aucune inscription n'est requise<\/td>\n<td>\u2705<\/td>\n<td>\u2705\/\u274c<\/td>\n<td>\u274c<\/td>\n<td>\u274c<\/td>\n<\/tr>\n<tr>\n<td>Utilisation gratuite<\/td>\n<td>\u2705<\/td>\n<td>\u2705<\/td>\n<td>\u2705<\/td>\n<td>\u2705<\/td>\n<\/tr>\n<\/tbody>\n<\/table>\n<p>Le chat webcam al\u00e9atoire est in\u00e9gal\u00e9 pour sa spontan\u00e9it\u00e9, son anonymat et l'excitation de ne pas savoir qui vous rencontrerez ensuite.<\/p>\n<h2>Le chat al\u00e9atoire par webcam est-il s\u00fbr ?<\/h2>\n<p>La plupart des gens utilisent le chat par webcam au hasard pour s'amuser, mais comme pour tout ce qui se passe en ligne, la s\u00e9curit\u00e9 est primordiale :<\/p>\n<ul>\n<li>Ne communiquez jamais vos donn\u00e9es personnelles : Ne divulguez pas votre nom complet, votre adresse, votre num\u00e9ro de t\u00e9l\u00e9phone et vos coordonn\u00e9es sociales.<\/li>\n<li>Utilisez un fond neutre : Ne montrez rien que vous ne voudriez pas que des \u00e9trangers voient.<\/li>\n<li>Faites confiance \u00e0 votre instinct : Si quelqu'un vous semble bizarre ou vous met mal \u00e0 l'aise, ignorez-le ou bloquez-le.<\/li>\n<li>Signalez les comportements inappropri\u00e9s : La plupart des plateformes disposent de fonctions de signalement et de blocage rapides.<\/li>\n<li>Soyez prudent avec les liens et les fichiers : Ne cliquez jamais sur un lien ou ne t\u00e9l\u00e9chargez rien provenant d'un inconnu.<\/li>\n<\/ul>\n<p>Pour une exp\u00e9rience optimale, tenez-vous en \u00e0 des sites r\u00e9put\u00e9s, dot\u00e9s d'une mod\u00e9ration active et de r\u00e8gles claires.<\/p>\n<h2>Qui utilise le chat al\u00e9atoire par webcam ?<\/h2>\n<p>Il s'adresse \u00e0 tout le monde ! Les utilisateurs types sont les suivants :<\/p>\n<ul>\n<li>C\u00e9libataires cherchant \u00e0 flirter ou \u00e0 se faire de nouveaux amis<\/li>\n<li>Les \u00e9tudiants et les apprenants de langues s'exercent \u00e0 la conversation<\/li>\n<li>Les noctambules et les insomniaques qui s'ennuient recherchent de la compagnie<\/li>\n<li>Les personnes souhaitant se connecter \u00e0 l'\u00e9chelle mondiale ou d\u00e9couvrir de nouvelles cultures<\/li>\n<li>Toute personne souhaitant s'amuser de mani\u00e8re spontan\u00e9e<\/li>\n<\/ul>\n<p>Quel que soit votre \u00e2ge, votre parcours ou vos centres d'int\u00e9r\u00eat, vous rencontrerez probablement quelqu'un qui vous surprendra.<\/p>\n<h2>Conseils pour une bonne exp\u00e9rience de chat par webcam al\u00e9atoire<\/h2>\n<ul>\n<li>Soyez aimable : souriez, dites bonjour et commencez par une question simple.<\/li>\n<li>Faites preuve de l\u00e9g\u00e8ret\u00e9 : N'ayez pas peur de faire des b\u00eatises, de raconter une blague ou de poser des questions sur vos loisirs.<\/li>\n<li>Ne le prenez pas personnellement si quelqu'un s'absente : Chacun cherche quelque chose de diff\u00e9rent.<\/li>\n<li>Utilisez des filtres si possible : Le sexe, le pays ou les centres d'int\u00e9r\u00eat permettent de trouver de meilleures correspondances.<\/li>\n<li>Essayez \u00e0 des heures diff\u00e9rentes : Le monde est toujours \u00e9veill\u00e9 quelque part - m\u00e9langez les horaires pour d\u00e9couvrir de nouveaux visages.<\/li>\n<\/ul>\n<h2>Quand utiliser le chat al\u00e9atoire par webcam<\/h2>\n<ul>\n<li>Quand on s'ennuie et qu'on a besoin d'une compagnie spontan\u00e9e<\/li>\n<li>Rencontrer des personnes d'autres pays et d'autres cultures<\/li>\n<li>Pour pratiquer de nouvelles langues ou acqu\u00e9rir des comp\u00e9tences sociales<\/li>\n<li>Si vous vous sentez seul ou si vous voulez simplement parler<\/li>\n<li>Chaque fois que vous souhaitez vivre une aventure non sc\u00e9naris\u00e9e, en temps r\u00e9el<\/li>\n<\/ul>\n<h2>Fonctionnalit\u00e9s gratuites ou payantes<\/h2>\n<p>La plupart des plateformes de chat par webcam al\u00e9atoire sont totalement gratuites. Certaines proposent des options payantes telles que :<\/p>\n<ul>\n<li>Nombre illimit\u00e9 de filtres ou de correspondances<\/li>\n<li>Une exp\u00e9rience sans publicit\u00e9<\/li>\n<li>Priorit\u00e9 dans les files d'attente ou les fonctionnalit\u00e9s premium<\/li>\n<li>Acc\u00e8s \u00e0 des salons de discussion priv\u00e9s ou exclusifs<\/li>\n<\/ul>\n<p>La version gratuite suffit amplement \u00e0 la plupart des utilisateurs. Il n'est pas n\u00e9cessaire de payer, sauf si vous souhaitez b\u00e9n\u00e9ficier d'avantages suppl\u00e9mentaires.<\/p>\n<p>Le chat par webcam al\u00e9atoire est la r\u00e9ponse moderne \u00e0 la curiosit\u00e9, \u00e0 la connexion et \u00e0 l'amusement \u00e0 l'\u00e9chelle mondiale. Que vous recherchiez l'amiti\u00e9, la romance, la pratique d'une langue ou simplement quelque chose pour briser la routine, ces plateformes mettent un monde de visages \u00e0 votre port\u00e9e - pas d'engagement, pas de pression, juste de vraies personnes et de vraies conversations.<\/p>\n<p>Pr\u00eat \u00e0 essayer ? Allumez votre webcam, choisissez un site et voyez qui est l\u00e0. Votre prochain chat pr\u00e9f\u00e9r\u00e9 pourrait \u00eatre \u00e0 port\u00e9e de clic.<\/p>","protected":false},"excerpt":{"rendered":"<p>The internet has turned the whole world into one big neighborhood\u2014and nothing captures that spirit quite like random webcam chat. In just a few clicks, you can go from your living room to a face-to-face conversation with a stranger across the globe. Whether you\u2019re looking to make friends, learn about other cultures, or just have [&hellip;]<\/p>\n","protected":false},"author":8,"featured_media":0,"parent":0,"menu_order":0,"comment_status":"closed","ping_status":"closed","template":"","meta":{"footnotes":""},"class_list":["post-3970","page","type-page","status-publish","hentry"],"yoast_head":"<!-- This site is optimized with the Yoast SEO plugin v27.5 - https:\/\/yoast.com\/product\/yoast-seo-wordpress\/ -->\n<title>Random Webcam Chat with Video Chat on TinyChat.com<\/title>\n<meta name=\"description\" content=\"Enjoying Random Webcam Chat? Join over 50,000,000 strangers on TinyChat! Turn on your cam and start meeting new people, or find a match.\" \/>\n<meta name=\"robots\" content=\"index, follow, max-snippet:-1, max-image-preview:large, max-video-preview:-1\" \/>\n<link rel=\"canonical\" href=\"https:\/\/tinychat.com\/fr\/random-webcam-chat\/\" \/>\n<meta property=\"og:locale\" content=\"fr_FR\" \/>\n<meta property=\"og:type\" content=\"article\" \/>\n<meta property=\"og:title\" content=\"Random Webcam Chat with Video Chat on TinyChat.com\" \/>\n<meta property=\"og:description\" content=\"Enjoying Random Webcam Chat? Join over 50,000,000 strangers on TinyChat! Turn on your cam and start meeting new people, or find a match.\" \/>\n<meta property=\"og:url\" content=\"https:\/\/tinychat.com\/fr\/random-webcam-chat\/\" \/>\n<meta property=\"og:site_name\" content=\"TinyChat\" \/>\n<meta property=\"article:publisher\" content=\"https:\/\/www.facebook.com\/tinychat\" \/>\n<meta property=\"article:modified_time\" content=\"2025-08-07T08:52:50+00:00\" \/>\n<meta property=\"og:image\" content=\"https:\/\/tinychat.com\/wp-content\/uploads\/2020\/04\/Tinychat-logo-1280x284-new-black.png\" \/>\n\t<meta property=\"og:image:width\" content=\"1280\" \/>\n\t<meta property=\"og:image:height\" content=\"284\" \/>\n\t<meta property=\"og:image:type\" content=\"image\/png\" \/>\n<meta name=\"twitter:card\" content=\"summary_large_image\" \/>\n<meta name=\"twitter:site\" content=\"@tinychat\" \/>\n<meta name=\"twitter:label1\" content=\"Dur\u00e9e de lecture estim\u00e9e\" \/>\n\t<meta name=\"twitter:data1\" content=\"5 minutes\" \/>\n<script type=\"application\/ld+json\" class=\"yoast-schema-graph\">{\"@context\":\"https:\\\/\\\/schema.org\",\"@graph\":[{\"@type\":\"WebPage\",\"@id\":\"https:\\\/\\\/tinychat.com\\\/random-webcam-chat\\\/\",\"url\":\"https:\\\/\\\/tinychat.com\\\/random-webcam-chat\\\/\",\"name\":\"Random Webcam Chat with Video Chat on TinyChat.com\",\"isPartOf\":{\"@id\":\"https:\\\/\\\/tinychat.com\\\/#website\"},\"datePublished\":\"2025-08-07T08:31:39+00:00\",\"dateModified\":\"2025-08-07T08:52:50+00:00\",\"description\":\"Enjoying Random Webcam Chat? Join over 50,000,000 strangers on TinyChat! Turn on your cam and start meeting new people, or find a match.\",\"breadcrumb\":{\"@id\":\"https:\\\/\\\/tinychat.com\\\/random-webcam-chat\\\/#breadcrumb\"},\"inLanguage\":\"fr-FR\",\"potentialAction\":[{\"@type\":\"ReadAction\",\"target\":[\"https:\\\/\\\/tinychat.com\\\/random-webcam-chat\\\/\"]}]},{\"@type\":\"BreadcrumbList\",\"@id\":\"https:\\\/\\\/tinychat.com\\\/random-webcam-chat\\\/#breadcrumb\",\"itemListElement\":[{\"@type\":\"ListItem\",\"position\":1,\"name\":\"Home\",\"item\":\"https:\\\/\\\/tinychat.com\\\/\"},{\"@type\":\"ListItem\",\"position\":2,\"name\":\"Random Webcam Chat\"}]},{\"@type\":\"WebSite\",\"@id\":\"https:\\\/\\\/tinychat.com\\\/#website\",\"url\":\"https:\\\/\\\/tinychat.com\\\/\",\"name\":\"TinyChat\",\"description\":\"Random Video Chat with Strangers\",\"publisher\":{\"@id\":\"https:\\\/\\\/tinychat.com\\\/#organization\"},\"alternateName\":\"TinyChat.com\",\"potentialAction\":[{\"@type\":\"SearchAction\",\"target\":{\"@type\":\"EntryPoint\",\"urlTemplate\":\"https:\\\/\\\/tinychat.com\\\/?s={search_term_string}\"},\"query-input\":{\"@type\":\"PropertyValueSpecification\",\"valueRequired\":true,\"valueName\":\"search_term_string\"}}],\"inLanguage\":\"fr-FR\"},{\"@type\":\"Organization\",\"@id\":\"https:\\\/\\\/tinychat.com\\\/#organization\",\"name\":\"TinyChat\",\"alternateName\":\"TinyChat.com\",\"url\":\"https:\\\/\\\/tinychat.com\\\/\",\"logo\":{\"@type\":\"ImageObject\",\"inLanguage\":\"fr-FR\",\"@id\":\"https:\\\/\\\/tinychat.com\\\/#\\\/schema\\\/logo\\\/image\\\/\",\"url\":\"https:\\\/\\\/tinychat.com\\\/wp-content\\\/uploads\\\/2023\\\/11\\\/Tinychat-icon-square.png\",\"contentUrl\":\"https:\\\/\\\/tinychat.com\\\/wp-content\\\/uploads\\\/2023\\\/11\\\/Tinychat-icon-square.png\",\"width\":284,\"height\":284,\"caption\":\"TinyChat\"},\"image\":{\"@id\":\"https:\\\/\\\/tinychat.com\\\/#\\\/schema\\\/logo\\\/image\\\/\"},\"sameAs\":[\"https:\\\/\\\/www.facebook.com\\\/tinychat\",\"https:\\\/\\\/x.com\\\/tinychat\"]}]}<\/script>\n<!-- \/ Yoast SEO plugin. -->","yoast_head_json":{"title":"Chat al\u00e9atoire par webcam avec chat vid\u00e9o sur TinyChat.com","description":"Vous aimez le Random Webcam Chat ? Rejoignez plus de 50 000 000 d'inconnus sur TinyChat ! Allumez votre cam\u00e9ra et commencez \u00e0 rencontrer de nouvelles personnes, ou trouvez un partenaire.","robots":{"index":"index","follow":"follow","max-snippet":"max-snippet:-1","max-image-preview":"max-image-preview:large","max-video-preview":"max-video-preview:-1"},"canonical":"https:\/\/tinychat.com\/fr\/random-webcam-chat\/","og_locale":"fr_FR","og_type":"article","og_title":"Random Webcam Chat with Video Chat on TinyChat.com","og_description":"Enjoying Random Webcam Chat? Join over 50,000,000 strangers on TinyChat! Turn on your cam and start meeting new people, or find a match.","og_url":"https:\/\/tinychat.com\/fr\/random-webcam-chat\/","og_site_name":"TinyChat","article_publisher":"https:\/\/www.facebook.com\/tinychat","article_modified_time":"2025-08-07T08:52:50+00:00","og_image":[{"width":1280,"height":284,"url":"https:\/\/tinychat.com\/wp-content\/uploads\/2020\/04\/Tinychat-logo-1280x284-new-black.png","type":"image\/png"}],"twitter_card":"summary_large_image","twitter_site":"@tinychat","twitter_misc":{"Dur\u00e9e de lecture estim\u00e9e":"5 minutes"},"schema":{"@context":"https:\/\/schema.org","@graph":[{"@type":"WebPage","@id":"https:\/\/tinychat.com\/random-webcam-chat\/","url":"https:\/\/tinychat.com\/random-webcam-chat\/","name":"Chat al\u00e9atoire par webcam avec chat vid\u00e9o sur TinyChat.com","isPartOf":{"@id":"https:\/\/tinychat.com\/#website"},"datePublished":"2025-08-07T08:31:39+00:00","dateModified":"2025-08-07T08:52:50+00:00","description":"Vous aimez le Random Webcam Chat ? Rejoignez plus de 50 000 000 d'inconnus sur TinyChat ! Allumez votre cam\u00e9ra et commencez \u00e0 rencontrer de nouvelles personnes, ou trouvez un partenaire.","breadcrumb":{"@id":"https:\/\/tinychat.com\/random-webcam-chat\/#breadcrumb"},"inLanguage":"fr-FR","potentialAction":[{"@type":"ReadAction","target":["https:\/\/tinychat.com\/random-webcam-chat\/"]}]},{"@type":"BreadcrumbList","@id":"https:\/\/tinychat.com\/random-webcam-chat\/#breadcrumb","itemListElement":[{"@type":"ListItem","position":1,"name":"Home","item":"https:\/\/tinychat.com\/"},{"@type":"ListItem","position":2,"name":"Random Webcam Chat"}]},{"@type":"WebSite","@id":"https:\/\/tinychat.com\/#website","url":"https:\/\/tinychat.com\/","name":"TinyChat","description":"Chat vid\u00e9o al\u00e9atoire avec des inconnus","publisher":{"@id":"https:\/\/tinychat.com\/#organization"},"alternateName":"TinyChat.com","potentialAction":[{"@type":"SearchAction","target":{"@type":"EntryPoint","urlTemplate":"https:\/\/tinychat.com\/?s={search_term_string}"},"query-input":{"@type":"PropertyValueSpecification","valueRequired":true,"valueName":"search_term_string"}}],"inLanguage":"fr-FR"},{"@type":"Organization","@id":"https:\/\/tinychat.com\/#organization","name":"TinyChat","alternateName":"TinyChat.com","url":"https:\/\/tinychat.com\/","logo":{"@type":"ImageObject","inLanguage":"fr-FR","@id":"https:\/\/tinychat.com\/#\/schema\/logo\/image\/","url":"https:\/\/tinychat.com\/wp-content\/uploads\/2023\/11\/Tinychat-icon-square.png","contentUrl":"https:\/\/tinychat.com\/wp-content\/uploads\/2023\/11\/Tinychat-icon-square.png","width":284,"height":284,"caption":"TinyChat"},"image":{"@id":"https:\/\/tinychat.com\/#\/schema\/logo\/image\/"},"sameAs":["https:\/\/www.facebook.com\/tinychat","https:\/\/x.com\/tinychat"]}]}},"_links":{"self":[{"href":"https:\/\/tinychat.com\/fr\/wp-json\/wp\/v2\/pages\/3970","targetHints":{"allow":["GET"]}}],"collection":[{"href":"https:\/\/tinychat.com\/fr\/wp-json\/wp\/v2\/pages"}],"about":[{"href":"https:\/\/tinychat.com\/fr\/wp-json\/wp\/v2\/types\/page"}],"author":[{"embeddable":true,"href":"https:\/\/tinychat.com\/fr\/wp-json\/wp\/v2\/users\/8"}],"replies":[{"embeddable":true,"href":"https:\/\/tinychat.com\/fr\/wp-json\/wp\/v2\/comments?post=3970"}],"version-history":[{"count":2,"href":"https:\/\/tinychat.com\/fr\/wp-json\/wp\/v2\/pages\/3970\/revisions"}],"predecessor-version":[{"id":13416,"href":"https:\/\/tinychat.com\/fr\/wp-json\/wp\/v2\/pages\/3970\/revisions\/13416"}],"wp:attachment":[{"href":"https:\/\/tinychat.com\/fr\/wp-json\/wp\/v2\/media?parent=3970"}],"curies":[{"name":"wp","href":"https:\/\/api.w.org\/{rel}","templated":true}]}}