{"id":4022,"date":"2025-08-14T09:43:36","date_gmt":"2025-08-14T07:43:36","guid":{"rendered":"https:\/\/tinychat.com\/?page_id=4022"},"modified":"2025-08-14T10:00:09","modified_gmt":"2025-08-14T08:00:09","slug":"free-random-video-chat","status":"publish","type":"page","link":"https:\/\/tinychat.com\/fr\/free-random-video-chat\/","title":{"rendered":"Chat vid\u00e9o al\u00e9atoire gratuit"},"content":{"rendered":"<p>Dans un monde o\u00f9 la plupart des interactions en ligne sont soigneusement s\u00e9lectionn\u00e9es, le chat vid\u00e9o gratuit et al\u00e9atoire redonne le go\u00fbt de la spontan\u00e9it\u00e9. Vous ne savez jamais qui vous rencontrerez ensuite - quelqu'un de l'autre c\u00f4t\u00e9 de la rue ou \u00e0 l'autre bout du monde. D'un simple clic, vous vous retrouvez face \u00e0 face avec un inconnu, pour partager des histoires, des blagues ou simplement quelques minutes de votre temps.<\/p>\n<p>Il s'agit d'une connexion r\u00e9elle et non filtr\u00e9e - quelque chose que les fils sociaux et les applications de rencontres ne peuvent pas vraiment reproduire.<\/p>\n<h2>Qu'est-ce que le chat vid\u00e9o al\u00e9atoire gratuit ?<\/h2>\n<p>Le chat vid\u00e9o gratuit et al\u00e9atoire est exactement ce qu'il semble \u00eatre : une conversation vid\u00e9o en direct et en t\u00eate-\u00e0-t\u00eate avec un inconnu, jumel\u00e9 de mani\u00e8re totalement al\u00e9atoire, sans d\u00e9bourser un centime. Vous ouvrez le site ou l'application, vous autorisez votre webcam et votre microphone, et la plateforme vous met instantan\u00e9ment en relation avec une autre personne qui fait de m\u00eame.<\/p>\n<p>Pas de profils, pas de swiping, pas de longues biographies - juste une communication instantan\u00e9e et en temps r\u00e9el.<\/p>\n<p>Certaines plateformes laissent le hasard de c\u00f4t\u00e9, tandis que d'autres vous permettent d'ajouter des filtres tels que les centres d'int\u00e9r\u00eat, le lieu ou le sexe pour orienter vos rencontres.<\/p>\n<h2>Pourquoi les gens aiment les appels vid\u00e9o al\u00e9atoires gratuits<\/h2>\n<p>L'attrait se r\u00e9sume en un mot : surprise. Chaque clic est un nouveau d\u00e9part, sans que rien ne vous oblige \u00e0 poursuivre la conversation si vous ne le souhaitez pas.<\/p>\n<p>Voici pourquoi tant de personnes choisissent le chat vid\u00e9o al\u00e9atoire gratuit :<\/p>\n<ul>\n<li>C'est instantan\u00e9 - Pas besoin d'inscription ni de carte de cr\u00e9dit. Il suffit de s'inscrire et de commencer \u00e0 parler.<\/li>\n<li>C'est mondial - Rencontrez des personnes de cultures, de fuseaux horaires et de milieux diff\u00e9rents.<\/li>\n<li>C'est impr\u00e9visible - Chaque appel est diff\u00e9rent ; vous pouvez apprendre, rire ou m\u00eame vous faire un nouvel ami.<\/li>\n<li>C'est priv\u00e9 - La plupart des plateformes n'exigent pas de nom r\u00e9el, ce qui permet de prot\u00e9ger votre identit\u00e9.<\/li>\n<li>Il est flexible - Restez des heures avec une personne, ou passez apr\u00e8s quelques secondes - c'est vous qui d\u00e9cidez.<\/li>\n<\/ul>\n<h2>Comment fonctionne le chat vid\u00e9o al\u00e9atoire gratuit<\/h2>\n<p>La mise en route est simple et rapide :<\/p>\n<ol>\n<li>Choisissez une plateforme - Les options incluent TinyChat, Chatspin, CamSurf, et d'autres qui offrent un chat vid\u00e9o en direct gratuit et al\u00e9atoire.<\/li>\n<li>Activer la cam\u00e9ra et le micro - Cela vous permet de voir et d'entendre l'autre personne en temps r\u00e9el.<\/li>\n<li>Cliquer pour se connecter - La plateforme vous met en relation avec un autre utilisateur de mani\u00e8re al\u00e9atoire.<\/li>\n<li>D\u00e9cidez si vous restez ou si vous passez - Si vous appr\u00e9ciez la discussion, continuez. Si ce n'est pas le cas, cliquez sur \"Suivant\" et rencontrez instantan\u00e9ment quelqu'un de nouveau.<\/li>\n<\/ol>\n<p>De nombreux sites fonctionnent \u00e0 la fois sur les navigateurs de bureau et sur les appareils mobiles, de sorte que vous pouvez les utiliser n'importe o\u00f9.<\/p>\n<h2>Types populaires d'exp\u00e9riences de chat vid\u00e9o al\u00e9atoire<\/h2>\n<p>Les chats al\u00e9atoires gratuits se pr\u00e9sentent sous diff\u00e9rents formats, chacun ayant sa propre ambiance :<\/p>\n<ul>\n<li>Chats vid\u00e9o en t\u00eate-\u00e0-t\u00eate - Matchs classiques de type Omegle pour des conversations priv\u00e9es.<\/li>\n<li>Correspondance bas\u00e9e sur les centres d'int\u00e9r\u00eat - Saisissez des th\u00e8mes tels que \"musique\", \"sports\" ou \"voyages\" pour rencontrer des personnes partageant les m\u00eames centres d'int\u00e9r\u00eat.<\/li>\n<li>Chat vid\u00e9o anonyme - Gardez votre cam\u00e9ra \u00e9teinte ou cachez votre identit\u00e9 jusqu'\u00e0 ce que vous soyez pr\u00eat \u00e0 partager.<\/li>\n<li>Sections r\u00e9serv\u00e9es aux adultes - Certaines plateformes proposent des sections r\u00e9serv\u00e9es aux plus de 18 ans pour ceux qui recherchent des discussions flirteuses ou explicites.<\/li>\n<li>Salles vid\u00e9o de groupe - Rejoignez des salles ouvertes o\u00f9 plusieurs webcams sont en direct en m\u00eame temps.<\/li>\n<\/ul>\n<h2>Rester en s\u00e9curit\u00e9 lors de l'utilisation du chat vid\u00e9o al\u00e9atoire gratuit<\/h2>\n<p>La plupart des personnes que vous rencontrerez sont amicales et respectueuses, mais la s\u00e9curit\u00e9 en ligne doit toujours \u00eatre une priorit\u00e9.<\/p>\n<ul>\n<li>Prot\u00e9gez votre identit\u00e9 - Utilisez un surnom au lieu de votre vrai nom.<\/li>\n<li>\u00c9vitez de communiquer des informations personnelles - Ne donnez pas votre adresse, votre lieu de travail ou votre num\u00e9ro de t\u00e9l\u00e9phone.<\/li>\n<li>Contr\u00f4lez l'arri\u00e8re-plan de votre cam\u00e9ra - Assurez-vous que rien de priv\u00e9 n'est visible.<\/li>\n<li>Utilisez librement le bouton \"sauter\" - Vous n'\u00eates jamais oblig\u00e9 de rester dans une discussion.<\/li>\n<li>Signaler un mauvais comportement - La plupart des plateformes disposent de fonctions de signalement et de blocage rapides.<\/li>\n<\/ul>\n<h2>TinyChat : Une excellente option gratuite de chat vid\u00e9o al\u00e9atoire<\/h2>\n<p>Bien qu'il existe de nombreuses plateformes, TinyChat se distingue comme une alternative polyvalente aux sites classiques de chat vid\u00e9o al\u00e9atoire. Il combine l'excitation des appels al\u00e9atoires individuels avec des salons de discussion de groupe que vous pouvez rejoindre par th\u00e8me.<\/p>\n<p>Pourquoi le TinyChat vaut la peine d'\u00eatre essay\u00e9 :<\/p>\n<ul>\n<li>Pas d'inscription forc\u00e9e - Vous pouvez vous connecter imm\u00e9diatement ou vous inscrire pour b\u00e9n\u00e9ficier d'autres fonctionnalit\u00e9s.<\/li>\n<li>Plusieurs fa\u00e7ons de chatter - Vid\u00e9o, audio et texte sont tous disponibles.<\/li>\n<li>Salons th\u00e9matiques - Rejoignez des espaces d\u00e9di\u00e9s \u00e0 la musique, aux rencontres, \u00e0 la politique ou \u00e0 la convivialit\u00e9.<\/li>\n<li>Public ou priv\u00e9 - Rencontrez de nouvelles personnes dans des salles publiques tr\u00e8s fr\u00e9quent\u00e9es ou cr\u00e9ez votre propre espace priv\u00e9.<\/li>\n<li>Acc\u00e8s multiplateforme - Fonctionne sur les navigateurs et dispose d'applications iOS\/Android pour les discussions en d\u00e9placement.<\/li>\n<\/ul>\n<p>Si vous aimez l'impr\u00e9visibilit\u00e9 des chats vid\u00e9o gratuits et al\u00e9atoires, mais que vous souhaitez mieux contr\u00f4ler les personnes que vous rencontrez, le TinyChat est un choix solide.<\/p>\n<h2>Chat vid\u00e9o al\u00e9atoire gratuit vs chat vid\u00e9o payant<\/h2>\n<p>Vous vous demandez peut-\u00eatre si le fait de payer pour un service de chat n'offre pas plus. Bien que les plateformes payantes puissent offrir des avantages suppl\u00e9mentaires tels qu'un meilleur filtrage des correspondances ou l'absence de publicit\u00e9, le chat vid\u00e9o al\u00e9atoire gratuit a son propre attrait.<\/p>\n<table>\n<thead>\n<tr>\n<th>Fonctionnalit\u00e9<\/th>\n<th>Chat vid\u00e9o al\u00e9atoire gratuit<\/th>\n<th>Services de chat vid\u00e9o payants<\/th>\n<\/tr>\n<\/thead>\n<tbody>\n<tr>\n<td>Co\u00fbt<\/td>\n<td>\u2705 Gratuit<\/td>\n<td>\u274c Abonnement requis<\/td>\n<\/tr>\n<tr>\n<td>Acc\u00e8s instantan\u00e9<\/td>\n<td>\u2705 Oui<\/td>\n<td>\u26a0\ufe0f Sometimes limited<\/td>\n<\/tr>\n<tr>\n<td>Port\u00e9e mondiale<\/td>\n<td>\u2705 Oui<\/td>\n<td>\u2705 Oui<\/td>\n<\/tr>\n<tr>\n<td>Filtres (lieu\/genre)<\/td>\n<td>\u26a0\ufe0f Limited<\/td>\n<td>\u2705 Plus avanc\u00e9s<\/td>\n<\/tr>\n<tr>\n<td>Pas d'engagement<\/td>\n<td>\u2705 Oui<\/td>\n<td>\u26a0\ufe0f Il faut souvent s'inscrire<\/td>\n<\/tr>\n<\/tbody>\n<\/table>\n<p>Pour la plupart des utilisateurs occasionnels, les services gratuits sont plus que suffisants.<\/p>\n<h2>Pourquoi les gens reviennent toujours<\/h2>\n<p>Le chat vid\u00e9o al\u00e9atoire gratuit en direct n'est pas seulement un moyen de tuer le temps : il s'agit d'une connexion humaine sans les couches des m\u00e9dias sociaux. Vous pouvez parler \u00e0 de vraies personnes en temps r\u00e9el, avec toutes les bizarreries et l'impr\u00e9visibilit\u00e9 qui en d\u00e9coulent.<\/p>\n<p>Certains l'utilisent pour :<\/p>\n<ul>\n<li>S'entra\u00eener \u00e0 parler une nouvelle langue.<\/li>\n<li>Apprendre \u00e0 conna\u00eetre d'autres pays et d'autres cultures.<\/li>\n<li>D\u00e9couvrez de nouvelles musiques, de nouveaux spectacles ou de nouveaux passe-temps gr\u00e2ce \u00e0 la conversation.<\/li>\n<li>Rompre l'ennui et se sentir moins isol\u00e9.<\/li>\n<li>Flirtez ou rencontrez quelqu'un de sp\u00e9cial.<\/li>\n<\/ul>\n<h2>Conseils pour une bonne exp\u00e9rience de chat vid\u00e9o al\u00e9atoire<\/h2>\n<ul>\n<li>Commencez par un sourire - La premi\u00e8re impression est importante, m\u00eame en ligne.<\/li>\n<li>Faire preuve d'ouverture d'esprit - Le plaisir est de rencontrer tous les types de personnes.<\/li>\n<li>Restez respectueux - La gentillesse est souvent \u00e0 l'origine des meilleures conversations.<\/li>\n<li>Changez de rythme - Essayez diff\u00e9rents moments de la journ\u00e9e pour rencontrer des personnes d'autres r\u00e9gions du monde.<\/li>\n<li>Sachez quand mettre fin \u00e0 la conversation - Ne faites pas durer une conversation que vous n'appr\u00e9ciez pas.<\/li>\n<\/ul>\n<h2>La joie de l'inattendu<\/h2>\n<p>L'un des aspects les plus int\u00e9ressants des chats al\u00e9atoires gratuits est leur caract\u00e8re impr\u00e9visible. En une seule soir\u00e9e, vous pouvez parler \u00e0 un \u00e9tudiant en Espagne, \u00e0 un joueur au Japon et \u00e0 un musicien au Br\u00e9sil. Certains chats peuvent durer 30 secondes, d'autres une heure, mais chacun est une petite fen\u00eatre sur une autre vie.<\/p>\n<p>Le chat vid\u00e9o al\u00e9atoire gratuit est plus qu'une simple tendance : c'est un moyen de se connecter au monde en temps r\u00e9el, sans d\u00e9penser un centime. Que vous cherchiez \u00e0 vous faire des amis, \u00e0 pratiquer une langue, \u00e0 flirter un peu ou simplement \u00e0 profiter d'une conversation avec quelqu'un de nouveau, il existe une plateforme pour vous.<\/p>\n<p>La beaut\u00e9 r\u00e9side dans la simplicit\u00e9 : allumez votre appareil photo, cliquez sur \"connecter\" et voyez o\u00f9 le moment vous m\u00e8ne. On ne sait jamais, votre prochaine discussion pourrait bien \u00eatre le point culminant de votre journ\u00e9e.<\/p>","protected":false},"excerpt":{"rendered":"<p>In a world where most online interactions are carefully curated, free random video chat brings back the thrill of spontaneity. You never know who you\u2019ll meet next\u2014someone from across the street, or halfway around the world. With just one click, you\u2019re face-to-face with a stranger, sharing stories, jokes, or simply a few minutes of your [&hellip;]<\/p>\n","protected":false},"author":8,"featured_media":0,"parent":0,"menu_order":0,"comment_status":"closed","ping_status":"closed","template":"","meta":{"footnotes":""},"class_list":["post-4022","page","type-page","status-publish","hentry"],"yoast_head":"<!-- This site is optimized with the Yoast SEO plugin v27.6 - https:\/\/yoast.com\/product\/yoast-seo-wordpress\/ -->\n<title>Free Random Video Chat with Video Chat on TinyChat.com<\/title>\n<meta name=\"description\" content=\"Enjoying Free Random Video Chat? Join over 50,000,000 strangers on TinyChat! Turn on your cam and start meeting new people, or find a match.\" \/>\n<meta name=\"robots\" content=\"index, follow, max-snippet:-1, max-image-preview:large, max-video-preview:-1\" \/>\n<link rel=\"canonical\" href=\"https:\/\/tinychat.com\/fr\/free-random-video-chat\/\" \/>\n<meta property=\"og:locale\" content=\"fr_FR\" \/>\n<meta property=\"og:type\" content=\"article\" \/>\n<meta property=\"og:title\" content=\"Free Random Video Chat with Video Chat on TinyChat.com\" \/>\n<meta property=\"og:description\" content=\"Enjoying Free Random Video Chat? Join over 50,000,000 strangers on TinyChat! Turn on your cam and start meeting new people, or find a match.\" \/>\n<meta property=\"og:url\" content=\"https:\/\/tinychat.com\/fr\/free-random-video-chat\/\" \/>\n<meta property=\"og:site_name\" content=\"TinyChat\" \/>\n<meta property=\"article:publisher\" content=\"https:\/\/www.facebook.com\/tinychat\" \/>\n<meta property=\"article:modified_time\" content=\"2025-08-14T08:00:09+00:00\" \/>\n<meta property=\"og:image\" content=\"https:\/\/tinychat.com\/wp-content\/uploads\/2020\/04\/Tinychat-logo-1280x284-new-black.png\" \/>\n\t<meta property=\"og:image:width\" content=\"1280\" \/>\n\t<meta property=\"og:image:height\" content=\"284\" \/>\n\t<meta property=\"og:image:type\" content=\"image\/png\" \/>\n<meta name=\"twitter:card\" content=\"summary_large_image\" \/>\n<meta name=\"twitter:site\" content=\"@tinychat\" \/>\n<meta name=\"twitter:label1\" content=\"Dur\u00e9e de lecture estim\u00e9e\" \/>\n\t<meta name=\"twitter:data1\" content=\"5 minutes\" \/>\n<script type=\"application\/ld+json\" class=\"yoast-schema-graph\">{\"@context\":\"https:\\\/\\\/schema.org\",\"@graph\":[{\"@type\":\"WebPage\",\"@id\":\"https:\\\/\\\/tinychat.com\\\/free-random-video-chat\\\/\",\"url\":\"https:\\\/\\\/tinychat.com\\\/free-random-video-chat\\\/\",\"name\":\"Free Random Video Chat with Video Chat on TinyChat.com\",\"isPartOf\":{\"@id\":\"https:\\\/\\\/tinychat.com\\\/#website\"},\"datePublished\":\"2025-08-14T07:43:36+00:00\",\"dateModified\":\"2025-08-14T08:00:09+00:00\",\"description\":\"Enjoying Free Random Video Chat? Join over 50,000,000 strangers on TinyChat! Turn on your cam and start meeting new people, or find a match.\",\"breadcrumb\":{\"@id\":\"https:\\\/\\\/tinychat.com\\\/free-random-video-chat\\\/#breadcrumb\"},\"inLanguage\":\"fr-FR\",\"potentialAction\":[{\"@type\":\"ReadAction\",\"target\":[\"https:\\\/\\\/tinychat.com\\\/free-random-video-chat\\\/\"]}]},{\"@type\":\"BreadcrumbList\",\"@id\":\"https:\\\/\\\/tinychat.com\\\/free-random-video-chat\\\/#breadcrumb\",\"itemListElement\":[{\"@type\":\"ListItem\",\"position\":1,\"name\":\"Home\",\"item\":\"https:\\\/\\\/tinychat.com\\\/\"},{\"@type\":\"ListItem\",\"position\":2,\"name\":\"Free Random Video Chat\"}]},{\"@type\":\"WebSite\",\"@id\":\"https:\\\/\\\/tinychat.com\\\/#website\",\"url\":\"https:\\\/\\\/tinychat.com\\\/\",\"name\":\"TinyChat\",\"description\":\"Random Video Chat with Strangers\",\"publisher\":{\"@id\":\"https:\\\/\\\/tinychat.com\\\/#organization\"},\"alternateName\":\"TinyChat.com\",\"potentialAction\":[{\"@type\":\"SearchAction\",\"target\":{\"@type\":\"EntryPoint\",\"urlTemplate\":\"https:\\\/\\\/tinychat.com\\\/?s={search_term_string}\"},\"query-input\":{\"@type\":\"PropertyValueSpecification\",\"valueRequired\":true,\"valueName\":\"search_term_string\"}}],\"inLanguage\":\"fr-FR\"},{\"@type\":\"Organization\",\"@id\":\"https:\\\/\\\/tinychat.com\\\/#organization\",\"name\":\"TinyChat\",\"alternateName\":\"TinyChat.com\",\"url\":\"https:\\\/\\\/tinychat.com\\\/\",\"logo\":{\"@type\":\"ImageObject\",\"inLanguage\":\"fr-FR\",\"@id\":\"https:\\\/\\\/tinychat.com\\\/#\\\/schema\\\/logo\\\/image\\\/\",\"url\":\"https:\\\/\\\/tinychat.com\\\/wp-content\\\/uploads\\\/2023\\\/11\\\/Tinychat-icon-square.png\",\"contentUrl\":\"https:\\\/\\\/tinychat.com\\\/wp-content\\\/uploads\\\/2023\\\/11\\\/Tinychat-icon-square.png\",\"width\":284,\"height\":284,\"caption\":\"TinyChat\"},\"image\":{\"@id\":\"https:\\\/\\\/tinychat.com\\\/#\\\/schema\\\/logo\\\/image\\\/\"},\"sameAs\":[\"https:\\\/\\\/www.facebook.com\\\/tinychat\",\"https:\\\/\\\/x.com\\\/tinychat\"]}]}<\/script>\n<!-- \/ Yoast SEO plugin. -->","yoast_head_json":{"title":"Chat vid\u00e9o al\u00e9atoire gratuit avec Chat vid\u00e9o sur TinyChat.com","description":"Vous aimez le chat vid\u00e9o al\u00e9atoire gratuit ? Rejoignez plus de 50 000 000 d'inconnus sur TinyChat ! Allumez votre cam\u00e9ra et commencez \u00e0 rencontrer de nouvelles personnes, ou trouvez un partenaire.","robots":{"index":"index","follow":"follow","max-snippet":"max-snippet:-1","max-image-preview":"max-image-preview:large","max-video-preview":"max-video-preview:-1"},"canonical":"https:\/\/tinychat.com\/fr\/free-random-video-chat\/","og_locale":"fr_FR","og_type":"article","og_title":"Free Random Video Chat with Video Chat on TinyChat.com","og_description":"Enjoying Free Random Video Chat? Join over 50,000,000 strangers on TinyChat! Turn on your cam and start meeting new people, or find a match.","og_url":"https:\/\/tinychat.com\/fr\/free-random-video-chat\/","og_site_name":"TinyChat","article_publisher":"https:\/\/www.facebook.com\/tinychat","article_modified_time":"2025-08-14T08:00:09+00:00","og_image":[{"width":1280,"height":284,"url":"https:\/\/tinychat.com\/wp-content\/uploads\/2020\/04\/Tinychat-logo-1280x284-new-black.png","type":"image\/png"}],"twitter_card":"summary_large_image","twitter_site":"@tinychat","twitter_misc":{"Dur\u00e9e de lecture estim\u00e9e":"5 minutes"},"schema":{"@context":"https:\/\/schema.org","@graph":[{"@type":"WebPage","@id":"https:\/\/tinychat.com\/free-random-video-chat\/","url":"https:\/\/tinychat.com\/free-random-video-chat\/","name":"Chat vid\u00e9o al\u00e9atoire gratuit avec Chat vid\u00e9o sur TinyChat.com","isPartOf":{"@id":"https:\/\/tinychat.com\/#website"},"datePublished":"2025-08-14T07:43:36+00:00","dateModified":"2025-08-14T08:00:09+00:00","description":"Vous aimez le chat vid\u00e9o al\u00e9atoire gratuit ? Rejoignez plus de 50 000 000 d'inconnus sur TinyChat ! Allumez votre cam\u00e9ra et commencez \u00e0 rencontrer de nouvelles personnes, ou trouvez un partenaire.","breadcrumb":{"@id":"https:\/\/tinychat.com\/free-random-video-chat\/#breadcrumb"},"inLanguage":"fr-FR","potentialAction":[{"@type":"ReadAction","target":["https:\/\/tinychat.com\/free-random-video-chat\/"]}]},{"@type":"BreadcrumbList","@id":"https:\/\/tinychat.com\/free-random-video-chat\/#breadcrumb","itemListElement":[{"@type":"ListItem","position":1,"name":"Home","item":"https:\/\/tinychat.com\/"},{"@type":"ListItem","position":2,"name":"Free Random Video Chat"}]},{"@type":"WebSite","@id":"https:\/\/tinychat.com\/#website","url":"https:\/\/tinychat.com\/","name":"TinyChat","description":"Chat vid\u00e9o al\u00e9atoire avec des inconnus","publisher":{"@id":"https:\/\/tinychat.com\/#organization"},"alternateName":"TinyChat.com","potentialAction":[{"@type":"SearchAction","target":{"@type":"EntryPoint","urlTemplate":"https:\/\/tinychat.com\/?s={search_term_string}"},"query-input":{"@type":"PropertyValueSpecification","valueRequired":true,"valueName":"search_term_string"}}],"inLanguage":"fr-FR"},{"@type":"Organization","@id":"https:\/\/tinychat.com\/#organization","name":"TinyChat","alternateName":"TinyChat.com","url":"https:\/\/tinychat.com\/","logo":{"@type":"ImageObject","inLanguage":"fr-FR","@id":"https:\/\/tinychat.com\/#\/schema\/logo\/image\/","url":"https:\/\/tinychat.com\/wp-content\/uploads\/2023\/11\/Tinychat-icon-square.png","contentUrl":"https:\/\/tinychat.com\/wp-content\/uploads\/2023\/11\/Tinychat-icon-square.png","width":284,"height":284,"caption":"TinyChat"},"image":{"@id":"https:\/\/tinychat.com\/#\/schema\/logo\/image\/"},"sameAs":["https:\/\/www.facebook.com\/tinychat","https:\/\/x.com\/tinychat"]}]}},"_links":{"self":[{"href":"https:\/\/tinychat.com\/fr\/wp-json\/wp\/v2\/pages\/4022","targetHints":{"allow":["GET"]}}],"collection":[{"href":"https:\/\/tinychat.com\/fr\/wp-json\/wp\/v2\/pages"}],"about":[{"href":"https:\/\/tinychat.com\/fr\/wp-json\/wp\/v2\/types\/page"}],"author":[{"embeddable":true,"href":"https:\/\/tinychat.com\/fr\/wp-json\/wp\/v2\/users\/8"}],"replies":[{"embeddable":true,"href":"https:\/\/tinychat.com\/fr\/wp-json\/wp\/v2\/comments?post=4022"}],"version-history":[{"count":3,"href":"https:\/\/tinychat.com\/fr\/wp-json\/wp\/v2\/pages\/4022\/revisions"}],"predecessor-version":[{"id":13445,"href":"https:\/\/tinychat.com\/fr\/wp-json\/wp\/v2\/pages\/4022\/revisions\/13445"}],"wp:attachment":[{"href":"https:\/\/tinychat.com\/fr\/wp-json\/wp\/v2\/media?parent=4022"}],"curies":[{"name":"wp","href":"https:\/\/api.w.org\/{rel}","templated":true}]}}