{"id":4039,"date":"2025-09-03T08:47:55","date_gmt":"2025-09-03T06:47:55","guid":{"rendered":"https:\/\/tinychat.com\/?page_id=4039"},"modified":"2025-09-03T12:38:11","modified_gmt":"2025-09-03T10:38:11","slug":"random-video-chat-with-strangers","status":"publish","type":"page","link":"https:\/\/tinychat.com\/fr\/random-video-chat-with-strangers\/","title":{"rendered":"Chat vid\u00e9o al\u00e9atoire avec des inconnus"},"content":{"rendered":"<p>Il y a quelque chose d'excitant \u00e0 entamer une conversation avec un parfait inconnu. Si l'on y ajoute la vid\u00e9o, l'exp\u00e9rience devient encore plus r\u00e9elle, personnelle et spontan\u00e9e. C'est pourquoi des millions de personnes dans le monde entier se tournent chaque jour vers le chat vid\u00e9o al\u00e9atoire avec des inconnus. En un clic, vous vous retrouvez face \u00e0 face avec une personne que vous n'avez jamais rencontr\u00e9e auparavant. Vous partagez des histoires, des plaisanteries et, parfois, vous \u00e9tablissez m\u00eame des liens \u00e0 long terme.<\/p>\n<p>Contrairement aux m\u00e9dias sociaux ou aux applications de rencontre, il n'y a pas de profils \u00e0 faire d\u00e9filer ou de biographies \u00e0 lire. Le chat vid\u00e9o al\u00e9atoire \u00e9limine les filtres et vous permet de vous lancer directement dans une conversation en direct, sans filtre.<\/p>\n<h2>Qu'est-ce que le chat vid\u00e9o al\u00e9atoire avec des inconnus ?<\/h2>\n<p>\u00c0 la base, le chat vid\u00e9o al\u00e9atoire avec des inconnus est une plateforme en ligne qui vous associe \u00e0 une autre personne de mani\u00e8re totalement al\u00e9atoire pour un appel vid\u00e9o en direct en t\u00eate-\u00e0-t\u00eate. Vous pouvez discuter aussi longtemps que vous le souhaitez ou cliquer sur \"Suivant\" pour passer instantan\u00e9ment \u00e0 un autre utilisateur.<\/p>\n<p>Ces chats sont :<\/p>\n<ul>\n<li>Gratuit\u00e9 et instantan\u00e9it\u00e9 - De nombreuses plateformes ne n\u00e9cessitent pas d'inscription ni de paiement.<\/li>\n<li>Anonyme - Utilisez un surnom ou restez incognito jusqu'\u00e0 ce que vous soyez pr\u00eat \u00e0 partager.<\/li>\n<li>Souplesse - Commencez par un chat vid\u00e9o, vocal ou textuel.<\/li>\n<li>Impr\u00e9visible - Vous ne savez jamais qui vous allez rencontrer.<\/li>\n<\/ul>\n<p>C'est comme une aventure num\u00e9rique - chaque connexion est une nouvelle histoire qui attend d'\u00eatre racont\u00e9e.<\/p>\n<h2>Pourquoi les gens adorent les discussions vid\u00e9o al\u00e9atoires<\/h2>\n<p>Qu'est-ce qui rend ce format si populaire ? Voici quelques-unes des principales raisons :<\/p>\n<ul>\n<li>Spontan\u00e9it\u00e9 - Chaque appel est frais et inattendu.<\/li>\n<li>Une port\u00e9e mondiale - Rencontrez des personnes de cultures, de fuseaux horaires et de milieux diff\u00e9rents.<\/li>\n<li>Connexion humaine - La vid\u00e9o permet de voir des sourires, d'entendre des voix et de se connecter de mani\u00e8re authentique.<\/li>\n<li>Faible pression - Si la discussion ne vous semble pas appropri\u00e9e, passez votre chemin et passez \u00e0 autre chose.<\/li>\n<li>Amusement et vari\u00e9t\u00e9 - Des plaisanteries l\u00e9g\u00e8res aux discussions approfondies en fin de soir\u00e9e, il n'y a pas deux chats identiques.<\/li>\n<\/ul>\n<p>Pour beaucoup, le chat vid\u00e9o al\u00e9atoire consiste \u00e0 red\u00e9couvrir le plaisir de parler sans trop r\u00e9fl\u00e9chir.<\/p>\n<h2>Comment fonctionne le chat vid\u00e9o al\u00e9atoire avec des inconnus<\/h2>\n<p>La mise en route est simple, m\u00eame si vous n'\u00eates pas un expert en technologie :<\/p>\n<ol>\n<li>Choisissez une plateforme - Des sites comme Omegle, Chatroulette, Chatspin et TinyChat sont des choix populaires.<\/li>\n<li>Autorisez votre webcam et votre microphone - Les plateformes demanderont un acc\u00e8s pour que vous puissiez \u00eatre vu et entendu.<\/li>\n<li>Cliquez sur \"Start\" ou \"Connect\" - Vous serez instantan\u00e9ment mis en relation avec un inconnu au hasard.<\/li>\n<li>Discuter ou sauter - Restez dans la conversation si elle est bonne, ou passez \u00e0 autre chose pour rencontrer quelqu'un de nouveau.<\/li>\n<li>Utilisez des filtres si possible - Certaines plateformes vous permettent de limiter les correspondances en fonction des centres d'int\u00e9r\u00eat, du lieu ou du sexe.<\/li>\n<\/ol>\n<p>C'est tout : pas de configuration compliqu\u00e9e, juste des conversations vid\u00e9o instantan\u00e9es.<\/p>\n<h2>Meilleures plates-formes pour les discussions vid\u00e9o al\u00e9atoires avec des inconnus<\/h2>\n<p>Voici quelques-unes des options les plus connues et les plus fiables :<\/p>\n<ul>\n<li>Omegle - Le site original de chat vid\u00e9o al\u00e9atoire, avec des modes texte et vid\u00e9o.<\/li>\n<li>Chatroulette - Plate-forme mondiale avec une mise en relation rapide et une large base d'utilisateurs.<\/li>\n<li>Chatspin - Ajoute des filtres pour le sexe, la localisation et les centres d'int\u00e9r\u00eat, ainsi que des effets vid\u00e9o amusants.<\/li>\n<li>Camsurf - Connu pour son design \u00e9pur\u00e9, sa mod\u00e9ration et sa communaut\u00e9 amicale.<\/li>\n<li>Chatrandom - Propose des salles de chat \u00e0 th\u00e8me, ainsi qu'un mode \"girls chat only\".<\/li>\n<li>TinyChat - Combine le chat entre inconnus et les salles vid\u00e9o de groupe, ce qui donne une impression de communaut\u00e9.<\/li>\n<li>Bazoocam - Le favori europ\u00e9en avec des jeux brise-glace int\u00e9gr\u00e9s dans le chat.<\/li>\n<\/ul>\n<p>Chaque plateforme a ses propres atouts, alors essayez-en plusieurs pour voir laquelle correspond \u00e0 vos attentes.<\/p>\n<h2>Chat vid\u00e9o al\u00e9atoire vs. autres conversations en ligne<\/h2>\n<p>S'il existe de nombreuses fa\u00e7ons de discuter en ligne, le chat vid\u00e9o avec un inconnu se distingue des autres.<\/p>\n<table>\n<thead>\n<tr>\n<th>Fonctionnalit\u00e9<\/th>\n<th>Random Video Chat avec des Inconnus<\/th>\n<th>M\u00e9dias sociaux<\/th>\n<th>Applications de rencontre<\/th>\n<th>Salles de chat textuel<\/th>\n<\/tr>\n<\/thead>\n<tbody>\n<tr>\n<td>Vid\u00e9o en temps r\u00e9el<\/td>\n<td>\u2705<\/td>\n<td>\u2705<\/td>\n<td>\u2705<\/td>\n<td>\u274c<\/td>\n<\/tr>\n<tr>\n<td>Correspondance al\u00e9atoire<\/td>\n<td>\u2705<\/td>\n<td>\u274c<\/td>\n<td>\u2705\/\u274c<\/td>\n<td>\u2705<\/td>\n<\/tr>\n<tr>\n<td>Aucun profil n'est n\u00e9cessaire<\/td>\n<td>\u2705<\/td>\n<td>\u274c<\/td>\n<td>\u274c<\/td>\n<td>\u2705<\/td>\n<\/tr>\n<tr>\n<td>Acc\u00e8s gratuit et instantan\u00e9<\/td>\n<td>\u2705<\/td>\n<td>\u2705<\/td>\n<td>\u26a0\ufe0f Souvent pay\u00e9<\/td>\n<td>\u2705<\/td>\n<\/tr>\n<tr>\n<td>Option Skip\/next<\/td>\n<td>\u2705<\/td>\n<td>\u274c<\/td>\n<td>\u274c<\/td>\n<td>\u274c<\/td>\n<\/tr>\n<\/tbody>\n<\/table>\n<p>C'est l'imm\u00e9diatet\u00e9, l'impr\u00e9visibilit\u00e9 et le face-\u00e0-face qui le rendent unique.<\/p>\n<h2>Rester en s\u00e9curit\u00e9 lorsque l'on discute avec des inconnus<\/h2>\n<p>La plupart des utilisateurs sont l\u00e0 pour s'amuser et discuter, mais la s\u00e9curit\u00e9 est toujours importante :<\/p>\n<ul>\n<li>Ne communiquez pas vos donn\u00e9es personnelles - Ne divulguez pas votre nom complet, votre adresse et votre num\u00e9ro de t\u00e9l\u00e9phone.<\/li>\n<li>Utilisez un arri\u00e8re-plan neutre - \u00c9vitez de montrer des informations personnelles dans la vue de votre webcam.<\/li>\n<li>Soyez prudent avec les liens - Ne cliquez jamais sur des fichiers provenant d'inconnus et ne les t\u00e9l\u00e9chargez pas.<\/li>\n<li>Signaler ou ignorer les utilisateurs inappropri\u00e9s - Les plateformes r\u00e9put\u00e9es disposent de fonctions de mod\u00e9ration.<\/li>\n<li>Faites confiance \u00e0 votre instinct - Si vous avez l'impression que quelque chose ne va pas, passez \u00e0 autre chose.<\/li>\n<\/ul>\n<p>S'il est bien fait, le chat vid\u00e9o al\u00e9atoire est \u00e0 la fois amusant et s\u00fbr.<\/p>\n<h2>Pourquoi les gens s'inscrivent-ils \u00e0 des sessions de chat sur des cam\u00e9ras inconnues ?<\/h2>\n<p>Vous trouverez une grande vari\u00e9t\u00e9 de personnes qui utilisent le chat vid\u00e9o al\u00e9atoire gratuit avec des inconnus. Les raisons les plus courantes sont les suivantes :<\/p>\n<ul>\n<li>Combattre l'ennui - Se divertir \u00e0 la maison en fin de soir\u00e9e.<\/li>\n<li>Curiosit\u00e9 culturelle - Apprendre \u00e0 conna\u00eetre des pays et des modes de vie diff\u00e9rents.<\/li>\n<li>Pratique de la langue - Parler avec des locuteurs natifs pour am\u00e9liorer la fluidit\u00e9.<\/li>\n<li>Flirt et rencontres - Esp\u00e9rer rencontrer quelqu'un d'int\u00e9ressant.<\/li>\n<li>Conversation d\u00e9contract\u00e9e - Envie de parler \u00e0 quelqu'un de nouveau.<\/li>\n<\/ul>\n<p>L'impr\u00e9visibilit\u00e9 maintient la fra\u00eecheur - chaque connexion est une chance de d\u00e9couvrir quelque chose d'inattendu.<\/p>\n<h2>TinyChat : une alternative ax\u00e9e sur la communaut\u00e9<\/h2>\n<p>Si vous aimez l'id\u00e9e du chat vid\u00e9o entre inconnus mais que vous souhaitez un peu plus de structure, TinyChat vaut la peine d'\u00eatre essay\u00e9. Au lieu de proposer des rencontres al\u00e9atoires en t\u00eate-\u00e0-t\u00eate, il offre :<\/p>\n<ul>\n<li>Salons de discussion publics - Participez \u00e0 des conversations de groupe sur des sujets sp\u00e9cifiques.<\/li>\n<li>Salles priv\u00e9es - Cr\u00e9ez votre propre espace pour des entretiens individuels.<\/li>\n<li>Formats de chat multiples - Passez du texte \u00e0 l'audio et \u00e0 la vid\u00e9o.<\/li>\n<li>Acc\u00e8s multiplateforme - Utilisez-le dans votre navigateur ou via des applications mobiles.<\/li>\n<li>\u00c9v\u00e9nements communautaires - Rencontrez des personnes partageant les m\u00eames id\u00e9es dans le cadre de sessions de groupe permanentes.<\/li>\n<\/ul>\n<p>C'est un bon \u00e9quilibre entre les discussions spontan\u00e9es et l'interaction \u00e0 long terme avec la communaut\u00e9.<\/p>\n<h2>Conseils pour une bonne exp\u00e9rience de chat vid\u00e9o al\u00e9atoire<\/h2>\n<p>Vous voulez tirer le meilleur parti de vos sessions ? Essayez ceci :<\/p>\n<ul>\n<li>Souriez et soyez accueillant - La premi\u00e8re impression est importante, m\u00eame en ligne.<\/li>\n<li>Posez des questions engageantes - \"Quel est l'endroit o\u00f9 vous avez le plus voyag\u00e9 ?\" bat \"Bonjour\".<\/li>\n<li>Restez respectueux - Une attitude positive incite les gens \u00e0 rester.<\/li>\n<li>Exp\u00e9rimentez les horaires - Selon les fuseaux horaires, les internautes ne sont pas les m\u00eames.<\/li>\n<li>Sachez quand passer votre tour - Toutes les correspondances ne sont pas forc\u00e9ment concluantes, et c'est tr\u00e8s bien ainsi.<\/li>\n<\/ul>\n<h2>Fonctionnalit\u00e9s du chat vid\u00e9o al\u00e9atoire gratuit ou payant<\/h2>\n<p>La plupart des plateformes sont gratuites, mais certaines proposent des mises \u00e0 jour :<\/p>\n<table>\n<thead>\n<tr>\n<th>Fonctionnalit\u00e9<\/th>\n<th>Version gratuite<\/th>\n<th>Version payante<\/th>\n<\/tr>\n<\/thead>\n<tbody>\n<tr>\n<td>Correspondance al\u00e9atoire<\/td>\n<td>\u2705 Oui<\/td>\n<td>\u2705 Oui<\/td>\n<\/tr>\n<tr>\n<td>Nombre illimit\u00e9 de sauts<\/td>\n<td>\u26a0\ufe0f Parfois plafonn\u00e9<\/td>\n<td>\u2705 Illimit\u00e9<\/td>\n<\/tr>\n<tr>\n<td>Filtres de genre\/localisation<\/td>\n<td>\u26a0\ufe0f Basic<\/td>\n<td>\u2705 Avanc\u00e9<\/td>\n<\/tr>\n<tr>\n<td>Annonces supprim\u00e9es<\/td>\n<td>\u274c<\/td>\n<td>\u2705 Oui<\/td>\n<\/tr>\n<tr>\n<td>Salles VIP\/priv\u00e9es<\/td>\n<td>\u274c<\/td>\n<td>\u2705 Oui<\/td>\n<\/tr>\n<\/tbody>\n<\/table>\n<p>Pour une utilisation occasionnelle, le chat al\u00e9atoire gratuit est plus que suffisant - vous n'avez pas besoin de payer pour vous amuser.<\/p>\n<h2>Les joies du hasard<\/h2>\n<p>Le plus grand int\u00e9r\u00eat du chat vid\u00e9o al\u00e9atoire avec des inconnus est son caract\u00e8re impr\u00e9visible. En une seule soir\u00e9e, vous pouvez :<\/p>\n<ul>\n<li>Rire avec quelqu'un \u00e0 l'autre bout du monde.<\/li>\n<li>Apprenez une phrase dans une autre langue.<\/li>\n<li>Partager des recommandations musicales ou cin\u00e9matographiques.<\/li>\n<li>Discutez avec quelqu'un qui vous a tap\u00e9 dans l'\u0153il.<\/li>\n<li>Vous obtiendrez ainsi une histoire que vous raconterez pendant des ann\u00e9es.<\/li>\n<\/ul>\n<p>Il s'agit d'une possibilit\u00e9, d'un visage inconnu qui attend de l'autre c\u00f4t\u00e9 de l'\u00e9cran.<\/p>\n<p>Le chat vid\u00e9o al\u00e9atoire avec des inconnus est l'un des moyens les plus simples et les plus passionnants de se connecter en ligne. C'est un moyen spontan\u00e9, global et humainement rafra\u00eechissant. Que vous soyez \u00e0 la recherche d'un divertissement d\u00e9contract\u00e9, d'un \u00e9change culturel ou m\u00eame d'une \u00e9tincelle de romance, ces plateformes vous donnent un acc\u00e8s instantan\u00e9 \u00e0 de vraies personnes - pas de profils, pas de swipes, pas de stress.<\/p>\n<p>Si vous \u00eates curieux, allumez votre webcam, cliquez sur \"D\u00e9marrer\" et voyez qui vous rencontrez. Le prochain inconnu pourrait bien \u00eatre le clou de votre soir\u00e9e.<\/p>","protected":false},"excerpt":{"rendered":"<p>There\u2019s something exciting about striking up a conversation with a complete stranger. Add video into the mix, and the experience becomes even more real, personal, and spontaneous. That\u2019s why millions of people around the world turn to random video chat with strangers every day. With one click, you\u2019re face-to-face with someone you\u2019ve never met before\u2014sharing [&hellip;]<\/p>\n","protected":false},"author":8,"featured_media":0,"parent":0,"menu_order":0,"comment_status":"closed","ping_status":"closed","template":"","meta":{"footnotes":""},"class_list":["post-4039","page","type-page","status-publish","hentry"],"yoast_head":"<!-- This site is optimized with the Yoast SEO plugin v27.4 - https:\/\/yoast.com\/product\/yoast-seo-wordpress\/ -->\n<title>Random Video Chat With Strangers on TinyChat.com<\/title>\n<meta name=\"description\" content=\"Enjoying Random Video Chat With Strangers? Join over 50,000,000 strangers on TinyChat! Turn on your cam and start meeting new people, or find a match.\" \/>\n<meta name=\"robots\" content=\"index, follow, max-snippet:-1, max-image-preview:large, max-video-preview:-1\" \/>\n<link rel=\"canonical\" href=\"https:\/\/tinychat.com\/fr\/random-video-chat-with-strangers\/\" \/>\n<meta property=\"og:locale\" content=\"fr_FR\" \/>\n<meta property=\"og:type\" content=\"article\" \/>\n<meta property=\"og:title\" content=\"Random Video Chat With Strangers on TinyChat.com\" \/>\n<meta property=\"og:description\" content=\"Enjoying Random Video Chat With Strangers? Join over 50,000,000 strangers on TinyChat! Turn on your cam and start meeting new people, or find a match.\" \/>\n<meta property=\"og:url\" content=\"https:\/\/tinychat.com\/fr\/random-video-chat-with-strangers\/\" \/>\n<meta property=\"og:site_name\" content=\"TinyChat\" \/>\n<meta property=\"article:publisher\" content=\"https:\/\/www.facebook.com\/tinychat\" \/>\n<meta property=\"article:modified_time\" content=\"2025-09-03T10:38:11+00:00\" \/>\n<meta property=\"og:image\" content=\"https:\/\/tinychat.com\/wp-content\/uploads\/2020\/04\/Tinychat-logo-1280x284-new-black.png\" \/>\n\t<meta property=\"og:image:width\" content=\"1280\" \/>\n\t<meta property=\"og:image:height\" content=\"284\" \/>\n\t<meta property=\"og:image:type\" content=\"image\/png\" \/>\n<meta name=\"twitter:card\" content=\"summary_large_image\" \/>\n<meta name=\"twitter:site\" content=\"@tinychat\" \/>\n<meta name=\"twitter:label1\" content=\"Dur\u00e9e de lecture estim\u00e9e\" \/>\n\t<meta name=\"twitter:data1\" content=\"5 minutes\" \/>\n<script type=\"application\/ld+json\" class=\"yoast-schema-graph\">{\"@context\":\"https:\\\/\\\/schema.org\",\"@graph\":[{\"@type\":\"WebPage\",\"@id\":\"https:\\\/\\\/tinychat.com\\\/random-video-chat-with-strangers\\\/\",\"url\":\"https:\\\/\\\/tinychat.com\\\/random-video-chat-with-strangers\\\/\",\"name\":\"Random Video Chat With Strangers on TinyChat.com\",\"isPartOf\":{\"@id\":\"https:\\\/\\\/tinychat.com\\\/#website\"},\"datePublished\":\"2025-09-03T06:47:55+00:00\",\"dateModified\":\"2025-09-03T10:38:11+00:00\",\"description\":\"Enjoying Random Video Chat With Strangers? Join over 50,000,000 strangers on TinyChat! Turn on your cam and start meeting new people, or find a match.\",\"breadcrumb\":{\"@id\":\"https:\\\/\\\/tinychat.com\\\/random-video-chat-with-strangers\\\/#breadcrumb\"},\"inLanguage\":\"fr-FR\",\"potentialAction\":[{\"@type\":\"ReadAction\",\"target\":[\"https:\\\/\\\/tinychat.com\\\/random-video-chat-with-strangers\\\/\"]}]},{\"@type\":\"BreadcrumbList\",\"@id\":\"https:\\\/\\\/tinychat.com\\\/random-video-chat-with-strangers\\\/#breadcrumb\",\"itemListElement\":[{\"@type\":\"ListItem\",\"position\":1,\"name\":\"Home\",\"item\":\"https:\\\/\\\/tinychat.com\\\/\"},{\"@type\":\"ListItem\",\"position\":2,\"name\":\"Random Video Chat With Strangers\"}]},{\"@type\":\"WebSite\",\"@id\":\"https:\\\/\\\/tinychat.com\\\/#website\",\"url\":\"https:\\\/\\\/tinychat.com\\\/\",\"name\":\"TinyChat\",\"description\":\"Random Video Chat with Strangers\",\"publisher\":{\"@id\":\"https:\\\/\\\/tinychat.com\\\/#organization\"},\"alternateName\":\"TinyChat.com\",\"potentialAction\":[{\"@type\":\"SearchAction\",\"target\":{\"@type\":\"EntryPoint\",\"urlTemplate\":\"https:\\\/\\\/tinychat.com\\\/?s={search_term_string}\"},\"query-input\":{\"@type\":\"PropertyValueSpecification\",\"valueRequired\":true,\"valueName\":\"search_term_string\"}}],\"inLanguage\":\"fr-FR\"},{\"@type\":\"Organization\",\"@id\":\"https:\\\/\\\/tinychat.com\\\/#organization\",\"name\":\"TinyChat\",\"alternateName\":\"TinyChat.com\",\"url\":\"https:\\\/\\\/tinychat.com\\\/\",\"logo\":{\"@type\":\"ImageObject\",\"inLanguage\":\"fr-FR\",\"@id\":\"https:\\\/\\\/tinychat.com\\\/#\\\/schema\\\/logo\\\/image\\\/\",\"url\":\"https:\\\/\\\/tinychat.com\\\/wp-content\\\/uploads\\\/2023\\\/11\\\/Tinychat-icon-square.png\",\"contentUrl\":\"https:\\\/\\\/tinychat.com\\\/wp-content\\\/uploads\\\/2023\\\/11\\\/Tinychat-icon-square.png\",\"width\":284,\"height\":284,\"caption\":\"TinyChat\"},\"image\":{\"@id\":\"https:\\\/\\\/tinychat.com\\\/#\\\/schema\\\/logo\\\/image\\\/\"},\"sameAs\":[\"https:\\\/\\\/www.facebook.com\\\/tinychat\",\"https:\\\/\\\/x.com\\\/tinychat\"]}]}<\/script>\n<!-- \/ Yoast SEO plugin. -->","yoast_head_json":{"title":"Chat vid\u00e9o al\u00e9atoire avec des inconnus sur TinyChat.com","description":"Vous aimez le chat vid\u00e9o al\u00e9atoire avec des inconnus ? Rejoignez plus de 50 000 000 d'inconnus sur TinyChat ! Allumez votre cam\u00e9ra et commencez \u00e0 rencontrer de nouvelles personnes, ou trouvez un partenaire.","robots":{"index":"index","follow":"follow","max-snippet":"max-snippet:-1","max-image-preview":"max-image-preview:large","max-video-preview":"max-video-preview:-1"},"canonical":"https:\/\/tinychat.com\/fr\/random-video-chat-with-strangers\/","og_locale":"fr_FR","og_type":"article","og_title":"Random Video Chat With Strangers on TinyChat.com","og_description":"Enjoying Random Video Chat With Strangers? Join over 50,000,000 strangers on TinyChat! Turn on your cam and start meeting new people, or find a match.","og_url":"https:\/\/tinychat.com\/fr\/random-video-chat-with-strangers\/","og_site_name":"TinyChat","article_publisher":"https:\/\/www.facebook.com\/tinychat","article_modified_time":"2025-09-03T10:38:11+00:00","og_image":[{"width":1280,"height":284,"url":"https:\/\/tinychat.com\/wp-content\/uploads\/2020\/04\/Tinychat-logo-1280x284-new-black.png","type":"image\/png"}],"twitter_card":"summary_large_image","twitter_site":"@tinychat","twitter_misc":{"Dur\u00e9e de lecture estim\u00e9e":"5 minutes"},"schema":{"@context":"https:\/\/schema.org","@graph":[{"@type":"WebPage","@id":"https:\/\/tinychat.com\/random-video-chat-with-strangers\/","url":"https:\/\/tinychat.com\/random-video-chat-with-strangers\/","name":"Chat vid\u00e9o al\u00e9atoire avec des inconnus sur TinyChat.com","isPartOf":{"@id":"https:\/\/tinychat.com\/#website"},"datePublished":"2025-09-03T06:47:55+00:00","dateModified":"2025-09-03T10:38:11+00:00","description":"Vous aimez le chat vid\u00e9o al\u00e9atoire avec des inconnus ? Rejoignez plus de 50 000 000 d'inconnus sur TinyChat ! Allumez votre cam\u00e9ra et commencez \u00e0 rencontrer de nouvelles personnes, ou trouvez un partenaire.","breadcrumb":{"@id":"https:\/\/tinychat.com\/random-video-chat-with-strangers\/#breadcrumb"},"inLanguage":"fr-FR","potentialAction":[{"@type":"ReadAction","target":["https:\/\/tinychat.com\/random-video-chat-with-strangers\/"]}]},{"@type":"BreadcrumbList","@id":"https:\/\/tinychat.com\/random-video-chat-with-strangers\/#breadcrumb","itemListElement":[{"@type":"ListItem","position":1,"name":"Home","item":"https:\/\/tinychat.com\/"},{"@type":"ListItem","position":2,"name":"Random Video Chat With Strangers"}]},{"@type":"WebSite","@id":"https:\/\/tinychat.com\/#website","url":"https:\/\/tinychat.com\/","name":"TinyChat","description":"Chat vid\u00e9o al\u00e9atoire avec des inconnus","publisher":{"@id":"https:\/\/tinychat.com\/#organization"},"alternateName":"TinyChat.com","potentialAction":[{"@type":"SearchAction","target":{"@type":"EntryPoint","urlTemplate":"https:\/\/tinychat.com\/?s={search_term_string}"},"query-input":{"@type":"PropertyValueSpecification","valueRequired":true,"valueName":"search_term_string"}}],"inLanguage":"fr-FR"},{"@type":"Organization","@id":"https:\/\/tinychat.com\/#organization","name":"TinyChat","alternateName":"TinyChat.com","url":"https:\/\/tinychat.com\/","logo":{"@type":"ImageObject","inLanguage":"fr-FR","@id":"https:\/\/tinychat.com\/#\/schema\/logo\/image\/","url":"https:\/\/tinychat.com\/wp-content\/uploads\/2023\/11\/Tinychat-icon-square.png","contentUrl":"https:\/\/tinychat.com\/wp-content\/uploads\/2023\/11\/Tinychat-icon-square.png","width":284,"height":284,"caption":"TinyChat"},"image":{"@id":"https:\/\/tinychat.com\/#\/schema\/logo\/image\/"},"sameAs":["https:\/\/www.facebook.com\/tinychat","https:\/\/x.com\/tinychat"]}]}},"_links":{"self":[{"href":"https:\/\/tinychat.com\/fr\/wp-json\/wp\/v2\/pages\/4039","targetHints":{"allow":["GET"]}}],"collection":[{"href":"https:\/\/tinychat.com\/fr\/wp-json\/wp\/v2\/pages"}],"about":[{"href":"https:\/\/tinychat.com\/fr\/wp-json\/wp\/v2\/types\/page"}],"author":[{"embeddable":true,"href":"https:\/\/tinychat.com\/fr\/wp-json\/wp\/v2\/users\/8"}],"replies":[{"embeddable":true,"href":"https:\/\/tinychat.com\/fr\/wp-json\/wp\/v2\/comments?post=4039"}],"version-history":[{"count":4,"href":"https:\/\/tinychat.com\/fr\/wp-json\/wp\/v2\/pages\/4039\/revisions"}],"predecessor-version":[{"id":13497,"href":"https:\/\/tinychat.com\/fr\/wp-json\/wp\/v2\/pages\/4039\/revisions\/13497"}],"wp:attachment":[{"href":"https:\/\/tinychat.com\/fr\/wp-json\/wp\/v2\/media?parent=4039"}],"curies":[{"name":"wp","href":"https:\/\/api.w.org\/{rel}","templated":true}]}}