{"id":4056,"date":"2025-09-03T08:50:30","date_gmt":"2025-09-03T06:50:30","guid":{"rendered":"https:\/\/tinychat.com\/?page_id=4056"},"modified":"2025-09-03T12:43:21","modified_gmt":"2025-09-03T10:43:21","slug":"stranger-video-chat","status":"publish","type":"page","link":"https:\/\/tinychat.com\/fr\/stranger-video-chat\/","title":{"rendered":"Chat vid\u00e9o avec un \u00e9tranger"},"content":{"rendered":"<p>Parfois, les meilleures conversations sont celles que l'on ne voit jamais venir. C'est exactement ce que propose le chat vid\u00e9o avec des inconnus : se connecter instantan\u00e9ment avec des personnes que vous ne connaissez pas, n'importe o\u00f9 dans le monde, par le biais d'une vid\u00e9o en direct. Pas de longs profils, pas de swiping, pas d'algorithmes - juste vous, votre webcam, et la surprise de voir qui appara\u00eet de l'autre c\u00f4t\u00e9.<\/p>\n<p>Pour des millions de personnes, c'est devenu l'un des moyens les plus excitants de socialiser en ligne. Que vous cherchiez \u00e0 combattre l'ennui, \u00e0 rencontrer de nouveaux amis, \u00e0 flirter un peu ou \u00e0 d\u00e9couvrir d'autres cultures, les plateformes de chat avec cam\u00e9ra pour \u00e9trangers rendent les choses faciles, gratuites et spontan\u00e9es.<\/p>\n<h2>Qu'est-ce que le chat vid\u00e9o pour \u00e9trangers ?<\/h2>\n<p>Le chat vid\u00e9o entre inconnus est un concept simple mais puissant : un site web ou une application vous associe de mani\u00e8re al\u00e9atoire \u00e0 un autre utilisateur pour une conversation vid\u00e9o en direct. Vous pouvez parler aussi longtemps que vous le souhaitez ou cliquer sur \"suivant\" pour rencontrer quelqu'un instantan\u00e9ment.<\/p>\n<p>Les caract\u00e9ristiques principales sont souvent les suivantes :<\/p>\n<ul>\n<li>Chat vid\u00e9o entre inconnus gratuit et sans inscription.<\/li>\n<li>Un jumelage al\u00e9atoire en t\u00eate-\u00e0-t\u00eate pour des conversations priv\u00e9es.<\/li>\n<li>Options de chat textuel et vocal si vous ne voulez pas vous montrer tout de suite.<\/li>\n<li>Boutons Skip\/next pour contr\u00f4ler la personne \u00e0 qui vous parlez.<\/li>\n<li>Filtres d'int\u00e9r\u00eat ou de localisation pour vous aider \u00e0 rencontrer des personnes qui partagent vos go\u00fbts.<\/li>\n<\/ul>\n<p>C'est un moyen peu contraignant de faire l'exp\u00e9rience d'une interaction humaine en ligne en temps r\u00e9el.<\/p>\n<h2>Pourquoi les gens adorent les conversations vid\u00e9o avec des inconnus<\/h2>\n<p>L'attrait est simple : chaque chat est une surprise, et cette impr\u00e9visibilit\u00e9 rend le jeu amusant. Voici pourquoi les gens reviennent encore et encore :<\/p>\n<ul>\n<li>Connexion humaine instantan\u00e9e - Rencontrez quelqu'un en face \u00e0 face en quelques secondes.<\/li>\n<li>Port\u00e9e mondiale - Parler \u00e0 des personnes de pays, de milieux et de cultures diff\u00e9rents.<\/li>\n<li>Peu d'enjeux - Pas de profils, de likes ou de followers \u00e0 g\u00e9rer. Si c'est g\u00eanant, passez votre chemin.<\/li>\n<li>Anonymat - Restez discret en utilisant un surnom ou en gardant votre appareil photo \u00e9teint jusqu'\u00e0 ce que vous soyez pr\u00eat.<\/li>\n<li>Vari\u00e9t\u00e9 - Qu'il s'agisse de conversations stupides ou de discussions approfondies en fin de soir\u00e9e, chaque session est diff\u00e9rente.<\/li>\n<\/ul>\n<p>C'est la socialisation dans sa forme la plus spontan\u00e9e.<\/p>\n<h2>Comment fonctionne le chat sur la cam\u00e9ra d'un inconnu<\/h2>\n<p>Si vous n'avez jamais essay\u00e9, il est facile de commencer :<\/p>\n<ol>\n<li>Choisissez une plate-forme - Les options comprennent Omegle, Chatroulette, Chatspin, TinyChat et Camsurf.<\/li>\n<li>Activez votre cam\u00e9ra et votre micro - La plupart des sites vous demanderont l'autorisation avant de se connecter.<\/li>\n<li>Cliquez sur \"D\u00e9marrer\" - Vous \u00eates instantan\u00e9ment mis en relation avec un inconnu pour un chat vid\u00e9o en direct.<\/li>\n<li>Discuter ou passer - Profitez de la conversation ou appuyez sur \"suivant\" pour passer \u00e0 autre chose quand vous le souhaitez.<\/li>\n<li>Ajustez les filtres - Certains sites vous permettent de choisir vos centres d'int\u00e9r\u00eat, votre sexe ou votre lieu de r\u00e9sidence afin de r\u00e9duire le nombre de correspondances.<\/li>\n<\/ol>\n<p>Vous gardez le contr\u00f4le \u00e0 tout moment - que vous discutiez quelques secondes ou que vous restiez une heure.<\/p>\n<h2>Meilleures plates-formes pour le chat vid\u00e9o entre inconnus<\/h2>\n<p>Il existe des dizaines d'options, mais voici quelques-uns des sites les plus populaires et les plus fiables :<\/p>\n<ul>\n<li>Omegle - La plateforme originale de chat avec des inconnus au hasard, avec des modes texte et vid\u00e9o.<\/li>\n<li>Chatroulette - Connu pour ses appels vid\u00e9o al\u00e9atoires et rapides et sa port\u00e9e mondiale.<\/li>\n<li>Chatspin - Propose des filtres pour le sexe et la localisation, ainsi que des effets vid\u00e9o amusants.<\/li>\n<li>Camsurf - Une plateforme propre et mod\u00e9r\u00e9e avec une communaut\u00e9 amicale.<\/li>\n<li>Chatrandom - Comprend des salles \u00e0 th\u00e8me et un mode \"r\u00e9serv\u00e9 aux filles\".<\/li>\n<li>TinyChat - M\u00e9lange de chat entre inconnus et de salles de groupe pour une impression de communaut\u00e9.<\/li>\n<li>Bazoocam - Populaire en Europe, avec des jeux brise-glace int\u00e9gr\u00e9s.<\/li>\n<\/ul>\n<p>Chacun d'entre eux a sa propre ambiance, il vaut donc la peine d'en essayer plusieurs pour voir o\u00f9 vous vous sentez le plus \u00e0 l'aise.<\/p>\n<h2>Chat vid\u00e9o avec un \u00e9tranger ou chat textuel<\/h2>\n<p>Si le chat textuel reste une option, le chat vid\u00e9o entre inconnus ajoute une toute nouvelle dimension d'authenticit\u00e9.<\/p>\n<table>\n<thead>\n<tr>\n<th>Fonctionnalit\u00e9<\/th>\n<th>Chat vid\u00e9o avec un \u00e9tranger<\/th>\n<th>Chat textuel<\/th>\n<\/tr>\n<\/thead>\n<tbody>\n<tr>\n<td>Voir les expressions faciales<\/td>\n<td>\u2705<\/td>\n<td>\u274c<\/td>\n<\/tr>\n<tr>\n<td>Entendre le ton de la voix<\/td>\n<td>\u2705<\/td>\n<td>\u274c<\/td>\n<\/tr>\n<tr>\n<td>Connexion plus rapide<\/td>\n<td>\u2705<\/td>\n<td>\u26a0\ufe0f Parfois<\/td>\n<\/tr>\n<tr>\n<td>Une exp\u00e9rience plus personnelle<\/td>\n<td>\u2705<\/td>\n<td>\u274c<\/td>\n<\/tr>\n<tr>\n<td>Il est plus facile de mal interpr\u00e9ter le texte<\/td>\n<td>\u274c<\/td>\n<td>\u2705<\/td>\n<\/tr>\n<\/tbody>\n<\/table>\n<p>Le fait de voir et d'entendre quelqu'un en temps r\u00e9el rend les conversations plus naturelles et plus engageantes.<\/p>\n<h2>La s\u00e9curit\u00e9 dans les discussions vid\u00e9o avec des inconnus<\/h2>\n<p>La majorit\u00e9 des gens s'inscrivent \u00e0 des chats par webcam pour s'amuser, mais il est judicieux de prendre des pr\u00e9cautions de bon sens :<\/p>\n<ul>\n<li>Prot\u00e9gez votre vie priv\u00e9e - Ne communiquez pas votre vrai nom, votre num\u00e9ro de t\u00e9l\u00e9phone ou votre localisation.<\/li>\n<li>Utilisez un arri\u00e8re-plan neutre - Ne laissez pas de d\u00e9tails personnels dans le cadre de votre appareil photo.<\/li>\n<li>Sautez librement - Si quelqu'un vous met mal \u00e0 l'aise, partez imm\u00e9diatement.<\/li>\n<li>Signaler un comportement inappropri\u00e9 - Les plateformes r\u00e9put\u00e9es disposent d'outils de mod\u00e9ration.<\/li>\n<li>S'en tenir \u00e0 des sites connus - \u00c9viter les plates-formes douteuses qui ne respectent pas les r\u00e8gles de s\u00e9curit\u00e9.<\/li>\n<\/ul>\n<p>S'il est bien fait, le chat vid\u00e9o entre inconnus peut \u00eatre \u00e0 la fois s\u00fbr et agr\u00e9able.<\/p>\n<h2>Pourquoi les gens s'inscrivent-ils \u00e0 des sessions de chat sur des cam\u00e9ras inconnues ?<\/h2>\n<p>Vous \u00eates-vous d\u00e9j\u00e0 demand\u00e9 pourquoi les gens sont si d\u00e9sireux de parler \u00e0 des inconnus en ligne ? Les raisons varient, mais les plus courantes sont les suivantes :<\/p>\n<ul>\n<li>Combattre l'ennui - Parfait pour les soir\u00e9es tardives ou les temps morts.<\/li>\n<li>Lien social - Un moyen rapide de se sentir moins isol\u00e9.<\/li>\n<li>Flirt et rencontres - De nombreux utilisateurs esp\u00e8rent une alchimie et une romance.<\/li>\n<li>Apprentissage - Pratiquez une langue ou \u00e9coutez les points de vue de diff\u00e9rentes cultures.<\/li>\n<li>Curiosit\u00e9 - Il est parfois amusant de voir qui est l\u00e0.<\/li>\n<\/ul>\n<p>Ce m\u00e9lange de curiosit\u00e9 et de connexion est ce qui maintient ces plateformes en vie.<\/p>\n<h2>Conseils pour une meilleure exp\u00e9rience de chat vid\u00e9o avec des inconnus<\/h2>\n<p>Vous voulez tirer le meilleur parti de vos chats ? Voici quelques moyens simples d'am\u00e9liorer l'exp\u00e9rience :<\/p>\n<ul>\n<li>Souriez et dites bonjour d'abord - Les ondes amicales sont tr\u00e8s appr\u00e9ci\u00e9es.<\/li>\n<li>Posez des questions ouvertes - Au lieu de poser des questions \"oui\/non\", posez des questions sur les centres d'int\u00e9r\u00eat ou les anecdotes.<\/li>\n<li>Soyez respectueux - Traitez les autres comme vous voulez qu'on vous traite.<\/li>\n<li>Soyez l\u00e9ger au d\u00e9but - L'humour et une conversation d\u00e9contract\u00e9e aident \u00e0 briser la glace.<\/li>\n<li>Exp\u00e9rimentez avec les horaires - Des fuseaux horaires diff\u00e9rents signifient des personnes diff\u00e9rentes en ligne.<\/li>\n<\/ul>\n<h2>Chat vid\u00e9o entre inconnus pour diff\u00e9rents besoins<\/h2>\n<p>Le chat avec cam\u00e9ra pour \u00e9trangers n'est pas r\u00e9serv\u00e9 \u00e0 un seul type de personne. Il peut fonctionner pour :<\/p>\n<ul>\n<li>C\u00e9libataires - A la recherche d'une conversation amicale ou d'une rencontre potentielle.<\/li>\n<li>Voyageurs - Rencontrer virtuellement les habitants avant de se rendre dans un nouveau lieu.<\/li>\n<li>\u00c9tudiants - Pratiquer une deuxi\u00e8me langue avec des locuteurs natifs.<\/li>\n<li>Travailleurs \u00e0 distance - Rompre les longues journ\u00e9es avec l'interaction sociale.<\/li>\n<li>Esprits curieux - Explorer simplement le c\u00f4t\u00e9 humain de l'internet.<\/li>\n<\/ul>\n<h2>Fonctionnalit\u00e9s du chat vid\u00e9o entre inconnus, gratuit ou payant<\/h2>\n<p>La plupart des plateformes de cam\u00e9ras \u00e9trang\u00e8res sont gratuites, mais certaines proposent des mises \u00e0 jour.<\/p>\n<table>\n<thead>\n<tr>\n<th>Fonctionnalit\u00e9<\/th>\n<th>Version gratuite<\/th>\n<th>Version payante<\/th>\n<\/tr>\n<\/thead>\n<tbody>\n<tr>\n<td>Correspondance al\u00e9atoire<\/td>\n<td>\u2705 Oui<\/td>\n<td>\u2705 Oui<\/td>\n<\/tr>\n<tr>\n<td>Nombre illimit\u00e9 de sauts<\/td>\n<td>\u26a0\ufe0f Sometimes limited<\/td>\n<td>\u2705 Toujours<\/td>\n<\/tr>\n<tr>\n<td>Filtres de genre<\/td>\n<td>\u26a0\ufe0f Basic<\/td>\n<td>\u2705 Avanc\u00e9<\/td>\n<\/tr>\n<tr>\n<td>Annonces supprim\u00e9es<\/td>\n<td>\u274c<\/td>\n<td>\u2705 Oui<\/td>\n<\/tr>\n<tr>\n<td>Correspondance des priorit\u00e9s<\/td>\n<td>\u274c<\/td>\n<td>\u2705 Oui<\/td>\n<\/tr>\n<\/tbody>\n<\/table>\n<p>Pour les utilisateurs occasionnels, la version gratuite est g\u00e9n\u00e9ralement plus que suffisante.<\/p>\n<h2>TinyChat comme un \u00e9tranger Vid\u00e9o Chat Alternative<\/h2>\n<p>Si vous cherchez quelque chose d'autre qu'un simple match entre inconnus, TinyChat vous propose une nouveaut\u00e9 unique. Au lieu d'appels al\u00e9atoires, vous pouvez rejoindre des groupes \u00e0 th\u00e8me ou organiser votre propre groupe. Cela vous permet de trouver facilement des personnes qui partagent vos centres d'int\u00e9r\u00eat tout en conservant la spontan\u00e9it\u00e9 des rencontres avec des inconnus.<\/p>\n<p>TinyChat est id\u00e9al pour :<\/p>\n<ul>\n<li>Participer \u00e0 des conversations de groupe anim\u00e9es sur la musique, les rencontres, les jeux ou l'actualit\u00e9.<\/li>\n<li>Cr\u00e9ation d'un espace de discussion priv\u00e9 pour des entretiens individuels.<\/li>\n<li>Passer de la vid\u00e9o \u00e0 l'audio et au texte en fonction de votre humeur.<\/li>\n<li>Chat multiplateforme sur ordinateur ou applications mobiles.<\/li>\n<\/ul>\n<p>Il conserve l'excitation du chat vid\u00e9o entre inconnus tout en vous offrant plus de contr\u00f4le et de communaut\u00e9.<\/p>\n<p>Le chat vid\u00e9o entre inconnus est devenu l'un des moyens les plus amusants et les plus spontan\u00e9s de se connecter en ligne. Il suffit d'une webcam et d'un clic pour se retrouver face \u00e0 face avec une nouvelle personne, n'importe o\u00f9 dans le monde. C'est impr\u00e9visible, authentique et souvent \u00e9tonnamment gratifiant.<\/p>\n<p>Que vous cherchiez \u00e0 vous amuser, \u00e0 avoir un \u00e9change culturel, \u00e0 passer la nuit en compagnie d'autres personnes ou m\u00eame \u00e0 avoir une chance de faire l'amour, le tchat avec une cam\u00e9ra \u00e9trang\u00e8re offre des possibilit\u00e9s infinies, sans frais ni engagement.<\/p>\n<p>Si vous \u00eates pr\u00eat \u00e0 essayer, rendez-vous sur une plateforme gratuite comme TinyChat ou Chatspin, allumez votre appareil photo et regardez qui est l\u00e0. Votre prochaine grande conversation pourrait n'\u00eatre qu'\u00e0 un clic de vous.<\/p>","protected":false},"excerpt":{"rendered":"<p>Sometimes the best conversations are the ones you never see coming. That\u2019s exactly what stranger video chat is all about\u2014connecting instantly with people you don\u2019t know, anywhere in the world, through live video. No long profiles, no swiping, no algorithms\u2014just you, your webcam, and the surprise of seeing who pops up on the other side. [&hellip;]<\/p>\n","protected":false},"author":8,"featured_media":0,"parent":0,"menu_order":0,"comment_status":"closed","ping_status":"closed","template":"","meta":{"footnotes":""},"class_list":["post-4056","page","type-page","status-publish","hentry"],"yoast_head":"<!-- This site is optimized with the Yoast SEO plugin v27.4 - https:\/\/yoast.com\/product\/yoast-seo-wordpress\/ -->\n<title>Stranger Video Chat with Video Chat on TinyChat.com<\/title>\n<meta name=\"description\" content=\"Enjoying Stranger Video Chat? Join over 50,000,000 strangers on TinyChat! Turn on your cam and start meeting new people, or find a match.\" \/>\n<meta name=\"robots\" content=\"index, follow, max-snippet:-1, max-image-preview:large, max-video-preview:-1\" \/>\n<link rel=\"canonical\" href=\"https:\/\/tinychat.com\/fr\/stranger-video-chat\/\" \/>\n<meta property=\"og:locale\" content=\"fr_FR\" \/>\n<meta property=\"og:type\" content=\"article\" \/>\n<meta property=\"og:title\" content=\"Stranger Video Chat with Video Chat on TinyChat.com\" \/>\n<meta property=\"og:description\" content=\"Enjoying Stranger Video Chat? Join over 50,000,000 strangers on TinyChat! Turn on your cam and start meeting new people, or find a match.\" \/>\n<meta property=\"og:url\" content=\"https:\/\/tinychat.com\/fr\/stranger-video-chat\/\" \/>\n<meta property=\"og:site_name\" content=\"TinyChat\" \/>\n<meta property=\"article:publisher\" content=\"https:\/\/www.facebook.com\/tinychat\" \/>\n<meta property=\"article:modified_time\" content=\"2025-09-03T10:43:21+00:00\" \/>\n<meta property=\"og:image\" content=\"https:\/\/tinychat.com\/wp-content\/uploads\/2020\/04\/Tinychat-logo-1280x284-new-black.png\" \/>\n\t<meta property=\"og:image:width\" content=\"1280\" \/>\n\t<meta property=\"og:image:height\" content=\"284\" \/>\n\t<meta property=\"og:image:type\" content=\"image\/png\" \/>\n<meta name=\"twitter:card\" content=\"summary_large_image\" \/>\n<meta name=\"twitter:site\" content=\"@tinychat\" \/>\n<meta name=\"twitter:label1\" content=\"Dur\u00e9e de lecture estim\u00e9e\" \/>\n\t<meta name=\"twitter:data1\" content=\"6 minutes\" \/>\n<script type=\"application\/ld+json\" class=\"yoast-schema-graph\">{\"@context\":\"https:\\\/\\\/schema.org\",\"@graph\":[{\"@type\":\"WebPage\",\"@id\":\"https:\\\/\\\/tinychat.com\\\/stranger-video-chat\\\/\",\"url\":\"https:\\\/\\\/tinychat.com\\\/stranger-video-chat\\\/\",\"name\":\"Stranger Video Chat with Video Chat on TinyChat.com\",\"isPartOf\":{\"@id\":\"https:\\\/\\\/tinychat.com\\\/#website\"},\"datePublished\":\"2025-09-03T06:50:30+00:00\",\"dateModified\":\"2025-09-03T10:43:21+00:00\",\"description\":\"Enjoying Stranger Video Chat? Join over 50,000,000 strangers on TinyChat! Turn on your cam and start meeting new people, or find a match.\",\"breadcrumb\":{\"@id\":\"https:\\\/\\\/tinychat.com\\\/stranger-video-chat\\\/#breadcrumb\"},\"inLanguage\":\"fr-FR\",\"potentialAction\":[{\"@type\":\"ReadAction\",\"target\":[\"https:\\\/\\\/tinychat.com\\\/stranger-video-chat\\\/\"]}]},{\"@type\":\"BreadcrumbList\",\"@id\":\"https:\\\/\\\/tinychat.com\\\/stranger-video-chat\\\/#breadcrumb\",\"itemListElement\":[{\"@type\":\"ListItem\",\"position\":1,\"name\":\"Home\",\"item\":\"https:\\\/\\\/tinychat.com\\\/\"},{\"@type\":\"ListItem\",\"position\":2,\"name\":\"Stranger Video Chat\"}]},{\"@type\":\"WebSite\",\"@id\":\"https:\\\/\\\/tinychat.com\\\/#website\",\"url\":\"https:\\\/\\\/tinychat.com\\\/\",\"name\":\"TinyChat\",\"description\":\"Random Video Chat with Strangers\",\"publisher\":{\"@id\":\"https:\\\/\\\/tinychat.com\\\/#organization\"},\"alternateName\":\"TinyChat.com\",\"potentialAction\":[{\"@type\":\"SearchAction\",\"target\":{\"@type\":\"EntryPoint\",\"urlTemplate\":\"https:\\\/\\\/tinychat.com\\\/?s={search_term_string}\"},\"query-input\":{\"@type\":\"PropertyValueSpecification\",\"valueRequired\":true,\"valueName\":\"search_term_string\"}}],\"inLanguage\":\"fr-FR\"},{\"@type\":\"Organization\",\"@id\":\"https:\\\/\\\/tinychat.com\\\/#organization\",\"name\":\"TinyChat\",\"alternateName\":\"TinyChat.com\",\"url\":\"https:\\\/\\\/tinychat.com\\\/\",\"logo\":{\"@type\":\"ImageObject\",\"inLanguage\":\"fr-FR\",\"@id\":\"https:\\\/\\\/tinychat.com\\\/#\\\/schema\\\/logo\\\/image\\\/\",\"url\":\"https:\\\/\\\/tinychat.com\\\/wp-content\\\/uploads\\\/2023\\\/11\\\/Tinychat-icon-square.png\",\"contentUrl\":\"https:\\\/\\\/tinychat.com\\\/wp-content\\\/uploads\\\/2023\\\/11\\\/Tinychat-icon-square.png\",\"width\":284,\"height\":284,\"caption\":\"TinyChat\"},\"image\":{\"@id\":\"https:\\\/\\\/tinychat.com\\\/#\\\/schema\\\/logo\\\/image\\\/\"},\"sameAs\":[\"https:\\\/\\\/www.facebook.com\\\/tinychat\",\"https:\\\/\\\/x.com\\\/tinychat\"]}]}<\/script>\n<!-- \/ Yoast SEO plugin. -->","yoast_head_json":{"title":"Chat vid\u00e9o avec des inconnus sur TinyChat.com","description":"Vous aimez le chat vid\u00e9o avec des inconnus ? Rejoignez plus de 50 000 000 d'inconnus sur TinyChat ! Allumez votre cam\u00e9ra et commencez \u00e0 rencontrer de nouvelles personnes, ou trouvez un partenaire.","robots":{"index":"index","follow":"follow","max-snippet":"max-snippet:-1","max-image-preview":"max-image-preview:large","max-video-preview":"max-video-preview:-1"},"canonical":"https:\/\/tinychat.com\/fr\/stranger-video-chat\/","og_locale":"fr_FR","og_type":"article","og_title":"Stranger Video Chat with Video Chat on TinyChat.com","og_description":"Enjoying Stranger Video Chat? Join over 50,000,000 strangers on TinyChat! Turn on your cam and start meeting new people, or find a match.","og_url":"https:\/\/tinychat.com\/fr\/stranger-video-chat\/","og_site_name":"TinyChat","article_publisher":"https:\/\/www.facebook.com\/tinychat","article_modified_time":"2025-09-03T10:43:21+00:00","og_image":[{"width":1280,"height":284,"url":"https:\/\/tinychat.com\/wp-content\/uploads\/2020\/04\/Tinychat-logo-1280x284-new-black.png","type":"image\/png"}],"twitter_card":"summary_large_image","twitter_site":"@tinychat","twitter_misc":{"Dur\u00e9e de lecture estim\u00e9e":"6 minutes"},"schema":{"@context":"https:\/\/schema.org","@graph":[{"@type":"WebPage","@id":"https:\/\/tinychat.com\/stranger-video-chat\/","url":"https:\/\/tinychat.com\/stranger-video-chat\/","name":"Chat vid\u00e9o avec des inconnus sur TinyChat.com","isPartOf":{"@id":"https:\/\/tinychat.com\/#website"},"datePublished":"2025-09-03T06:50:30+00:00","dateModified":"2025-09-03T10:43:21+00:00","description":"Vous aimez le chat vid\u00e9o avec des inconnus ? Rejoignez plus de 50 000 000 d'inconnus sur TinyChat ! Allumez votre cam\u00e9ra et commencez \u00e0 rencontrer de nouvelles personnes, ou trouvez un partenaire.","breadcrumb":{"@id":"https:\/\/tinychat.com\/stranger-video-chat\/#breadcrumb"},"inLanguage":"fr-FR","potentialAction":[{"@type":"ReadAction","target":["https:\/\/tinychat.com\/stranger-video-chat\/"]}]},{"@type":"BreadcrumbList","@id":"https:\/\/tinychat.com\/stranger-video-chat\/#breadcrumb","itemListElement":[{"@type":"ListItem","position":1,"name":"Home","item":"https:\/\/tinychat.com\/"},{"@type":"ListItem","position":2,"name":"Stranger Video Chat"}]},{"@type":"WebSite","@id":"https:\/\/tinychat.com\/#website","url":"https:\/\/tinychat.com\/","name":"TinyChat","description":"Chat vid\u00e9o al\u00e9atoire avec des inconnus","publisher":{"@id":"https:\/\/tinychat.com\/#organization"},"alternateName":"TinyChat.com","potentialAction":[{"@type":"SearchAction","target":{"@type":"EntryPoint","urlTemplate":"https:\/\/tinychat.com\/?s={search_term_string}"},"query-input":{"@type":"PropertyValueSpecification","valueRequired":true,"valueName":"search_term_string"}}],"inLanguage":"fr-FR"},{"@type":"Organization","@id":"https:\/\/tinychat.com\/#organization","name":"TinyChat","alternateName":"TinyChat.com","url":"https:\/\/tinychat.com\/","logo":{"@type":"ImageObject","inLanguage":"fr-FR","@id":"https:\/\/tinychat.com\/#\/schema\/logo\/image\/","url":"https:\/\/tinychat.com\/wp-content\/uploads\/2023\/11\/Tinychat-icon-square.png","contentUrl":"https:\/\/tinychat.com\/wp-content\/uploads\/2023\/11\/Tinychat-icon-square.png","width":284,"height":284,"caption":"TinyChat"},"image":{"@id":"https:\/\/tinychat.com\/#\/schema\/logo\/image\/"},"sameAs":["https:\/\/www.facebook.com\/tinychat","https:\/\/x.com\/tinychat"]}]}},"_links":{"self":[{"href":"https:\/\/tinychat.com\/fr\/wp-json\/wp\/v2\/pages\/4056","targetHints":{"allow":["GET"]}}],"collection":[{"href":"https:\/\/tinychat.com\/fr\/wp-json\/wp\/v2\/pages"}],"about":[{"href":"https:\/\/tinychat.com\/fr\/wp-json\/wp\/v2\/types\/page"}],"author":[{"embeddable":true,"href":"https:\/\/tinychat.com\/fr\/wp-json\/wp\/v2\/users\/8"}],"replies":[{"embeddable":true,"href":"https:\/\/tinychat.com\/fr\/wp-json\/wp\/v2\/comments?post=4056"}],"version-history":[{"count":5,"href":"https:\/\/tinychat.com\/fr\/wp-json\/wp\/v2\/pages\/4056\/revisions"}],"predecessor-version":[{"id":13496,"href":"https:\/\/tinychat.com\/fr\/wp-json\/wp\/v2\/pages\/4056\/revisions\/13496"}],"wp:attachment":[{"href":"https:\/\/tinychat.com\/fr\/wp-json\/wp\/v2\/media?parent=4056"}],"curies":[{"name":"wp","href":"https:\/\/api.w.org\/{rel}","templated":true}]}}