{"id":4124,"date":"2025-05-23T18:02:09","date_gmt":"2025-05-23T16:02:09","guid":{"rendered":"https:\/\/tinychat.com\/?page_id=4124"},"modified":"2025-07-07T18:19:41","modified_gmt":"2025-07-07T16:19:41","slug":"cam-with-strangers","status":"publish","type":"page","link":"https:\/\/tinychat.com\/fr\/cam-with-strangers\/","title":{"rendered":"Cam avec des \u00e9trangers"},"content":{"rendered":"<p>Si vous cherchez \u00e0 secouer votre vie sociale, \u00e0 essayer quelque chose de nouveau ou simplement \u00e0 sortir d'une soir\u00e9e ennuyeuse, peu de choses sont aussi excitantes, ou aussi impr\u00e9visibles, que l'utilisation d'une cam\u00e9ra avec une plateforme d'inconnus. Oubliez les discussions de groupe interminables ou le d\u00e9filement des m\u00e9dias sociaux. Il vous suffit d'une webcam et d'un clic pour vous connecter instantan\u00e9ment en face \u00e0 face avec des personnes du monde entier, sans pression ni attente, juste une conversation authentique et en direct.<\/p>\n<p>Que vous soyez d'humeur \u00e0 discuter en profondeur, \u00e0 rire ou \u00e0 flirter, le camming avec des inconnus rend chaque nuit un peu plus int\u00e9ressante.<\/p>\n<h2>Que signifie Camper avec des \u00e9trangers ?<\/h2>\n<p>Au fond, la cam avec des inconnus consiste simplement \u00e0 utiliser votre webcam (et parfois votre microphone) pour discuter avec des personnes al\u00e9atoires en ligne. Contrairement aux salons de discussion traditionnels, il ne s'agit pas d'envoyer des messages et d'attendre une r\u00e9ponse. Vous rencontrez des gens en direct, en temps r\u00e9el, vous voyez leur visage, vous entendez leur voix et vous partagez un moment authentique en ligne.<\/p>\n<p>Il existe plusieurs saveurs diff\u00e9rentes, notamment :<\/p>\n<ul>\n<li>Cam\u00e9ra gratuite avec des inconnus : Pas d'inscription, pas de paiement, juste un chat vid\u00e9o instantan\u00e9 en direct.<\/li>\n<li>Cam\u00e9ra al\u00e9atoire avec des inconnus : Vous serez jumel\u00e9 \u00e0 quelqu'un de nouveau chaque fois que vous cliquerez sur \"suivant\".<\/li>\n<li>Chat par cam\u00e9ra avec des inconnus : Combine la vid\u00e9o, l'audio et le texte pour une exp\u00e9rience d'une souplesse in\u00e9gal\u00e9e.<\/li>\n<\/ul>\n<p>La beaut\u00e9 r\u00e9side dans la surprise - vous ne savez jamais qui vous rencontrerez, ni o\u00f9 ira la conversation.<\/p>\n<h2>Pourquoi tant de gens essaient-ils de faire de la webcam avec des inconnus ?<\/h2>\n<p>Soyons honn\u00eates : nous avons tous besoin d'une connexion r\u00e9elle dans un monde num\u00e9rique. Voici pourquoi le camming avec des inconnus prend de l'ampleur :<\/p>\n<ul>\n<li>Spontan\u00e9it\u00e9 : Chaque chat est un myst\u00e8re. Vous pouvez rencontrer un nouvel ami, un futur rendez-vous ou simplement partager un rire.<\/li>\n<li>Une port\u00e9e mondiale : Parlez \u00e0 des personnes de tout le pays ou du monde entier en quelques secondes.<\/li>\n<li>Pas d'engagement : Restez cinq minutes ou cinq heures. Passez \u00e0 la discussion suivante \u00e0 tout moment.<\/li>\n<li>Soyez vous-m\u00eame : Avec de parfaits inconnus, il n'y a ni bagages, ni attentes, ni besoin d'impressionner qui que ce soit d'autre que vous-m\u00eame.<\/li>\n<li>Pratiquez les comp\u00e9tences sociales : Id\u00e9al pour briser la glace, am\u00e9liorer les comp\u00e9tences linguistiques ou simplement renforcer la confiance en soi.<\/li>\n<li>Combattre la solitude : Parfait pour ceux qui veulent de la compagnie sans engagement.<\/li>\n<\/ul>\n<p>\"J'ai commenc\u00e9 \u00e0 utiliser la cam avec des inconnus juste pour pratiquer l'anglais, mais maintenant j'ai des amis du monde entier et chaque nuit est diff\u00e9rente.<\/p>\n<p>\"Parfois, c'est idiot, parfois c'est du flirt, parfois c'est \u00e9tonnamment profond. On ne sait jamais qui se trouve de l'autre c\u00f4t\u00e9 de la cam\u00e9ra\".<\/p>\n<h2>Comment fonctionne Cam With Strangers ?<\/h2>\n<p>La plupart des plateformes sont incroyablement faciles \u00e0 utiliser. Voici ce \u00e0 quoi il faut s'attendre :<\/p>\n<ol>\n<li>Visitez un site web ou une application de cam gratuits avec des \u00e9trangers.<\/li>\n<li>Autoriser l'acc\u00e8s \u00e0 la cam\u00e9ra et au microphone (vous contr\u00f4lez ce qui est partag\u00e9).<\/li>\n<li>Cliquez sur \"D\u00e9marrer\" ou \"Suivant\" pour \u00eatre mis en relation avec un utilisateur al\u00e9atoire.<\/li>\n<li>Discutez aussi longtemps que vous le souhaitez, puis cliquez sur \"suivant\" pour \u00e9tablir une nouvelle connexion.<\/li>\n<li>De nombreux sites proposent \u00e9galement un chat textuel, des filtres pour le sexe, le lieu et les centres d'int\u00e9r\u00eat, ainsi que la possibilit\u00e9 de rester anonyme.<\/li>\n<\/ol>\n<p>Certaines plateformes ne requi\u00e8rent aucune inscription - juste un pseudonyme ou m\u00eame un anonymat total. D'autres proposent des inscriptions facultatives pour des fonctions suppl\u00e9mentaires.<\/p>\n<h2>Les meilleures plateformes pour cammer avec des inconnus<\/h2>\n<p>Vous ne savez pas par o\u00f9 commencer ? Voici quelques-uns des meilleurs endroits pour rencontrer des inconnus et faire de la webcam :<\/p>\n<ul>\n<li>Omegle : Le site classique de chat vid\u00e9o et textuel al\u00e9atoire, enti\u00e8rement gratuit et mondial.<\/li>\n<li>Chatroulette : Rapide, facile \u00e0 utiliser et c\u00e9l\u00e8bre pour son bouton \"suivant\".<\/li>\n<li>Chatspin : Filtres d'int\u00e9r\u00eat et de sexe pour une exp\u00e9rience plus personnalis\u00e9e.<\/li>\n<li>Camsurf : Propre, convivial et ax\u00e9 sur la positivit\u00e9 des chats.<\/li>\n<li>Chatrandom : Comprend des salons de discussion \u00e0 th\u00e8me, des filtres de localisation et un acc\u00e8s facile pour les ordinateurs de bureau et les t\u00e9l\u00e9phones portables.<\/li>\n<li>Bazoocam : Populaire en Europe, il offre \u00e0 la fois des fonctions vid\u00e9o et des fonctions de jeu.<\/li>\n<\/ul>\n<p>Chacune d'entre elles a sa propre ambiance. Essayez-en plusieurs pour voir quelle communaut\u00e9 correspond \u00e0 votre style.<\/p>\n<h2>Cam avec des inconnus vs. autres options de chat<\/h2>\n<table>\n<thead>\n<tr>\n<th>Fonctionnalit\u00e9<\/th>\n<th>Cam avec des \u00e9trangers<\/th>\n<th>Salons de discussion en groupe<\/th>\n<th>Applications de messagerie<\/th>\n<th>M\u00e9dias sociaux<\/th>\n<\/tr>\n<\/thead>\n<tbody>\n<tr>\n<td>Vid\u00e9o en temps r\u00e9el<\/td>\n<td>\u2705<\/td>\n<td>\u2705<\/td>\n<td>\u274c<\/td>\n<td>\u2705<\/td>\n<\/tr>\n<tr>\n<td>Correspondance anonyme et al\u00e9atoire<\/td>\n<td>\u2705<\/td>\n<td>\u274c<\/td>\n<td>\u274c<\/td>\n<td>\u274c<\/td>\n<\/tr>\n<tr>\n<td>Aucune inscription n'est requise<\/td>\n<td>\u2705<\/td>\n<td>\u2705\/\u274c<\/td>\n<td>\u274c<\/td>\n<td>\u274c<\/td>\n<\/tr>\n<tr>\n<td>Bouton \"Suivant\" (sauter les utilisateurs)<\/td>\n<td>\u2705<\/td>\n<td>\u274c<\/td>\n<td>\u274c<\/td>\n<td>\u274c<\/td>\n<\/tr>\n<tr>\n<td>Une communaut\u00e9 mondiale et diversifi\u00e9e<\/td>\n<td>\u2705<\/td>\n<td>\u2705<\/td>\n<td>\u2705<\/td>\n<td>\u2705<\/td>\n<\/tr>\n<tr>\n<td>Utilisation gratuite<\/td>\n<td>\u2705<\/td>\n<td>\u2705<\/td>\n<td>\u2705<\/td>\n<td>\u2705<\/td>\n<\/tr>\n<\/tbody>\n<\/table>\n<p>Cam with strangers wins for real-time, anonymous, instant connections - no fuss, no wait.<\/p>\n<h2>Comment rester en s\u00e9curit\u00e9 lorsque l'on camme avec des inconnus ?<\/h2>\n<p>La plupart des gens cherchent simplement \u00e0 s'amuser, \u00e0 se lier d'amiti\u00e9 ou \u00e0 discuter, mais la s\u00e9curit\u00e9 passe toujours avant tout. Voici comment vous prot\u00e9ger :<\/p>\n<ul>\n<li>Ne communiquez jamais de donn\u00e9es personnelles (nom complet, adresse, num\u00e9ro de t\u00e9l\u00e9phone, etc.).<\/li>\n<li>Utilisez un surnom ou restez anonyme.<\/li>\n<li>Veillez \u00e0 ce que l'arri\u00e8re-plan de votre webcam soit neutre afin d'\u00e9viter de montrer votre domicile ou votre lieu de r\u00e9sidence.<\/li>\n<li>Ne vous sentez pas sous pression - mettez fin \u00e0 toute discussion qui vous semble inconfortable ou bizarre.<\/li>\n<li>Utilisez des plateformes dot\u00e9es d'outils de mod\u00e9ration - signalez ou bloquez des utilisateurs si n\u00e9cessaire.<\/li>\n<li>Pour plus de confidentialit\u00e9, \u00e9vitez de partager vos m\u00e9dias sociaux ou vos coordonn\u00e9es tant que vous n'avez pas confiance en quelqu'un.<\/li>\n<\/ul>\n<p>Un peu de prudence ne fait pas de mal - la protection de votre vie priv\u00e9e contribue \u00e0 ce que l'exp\u00e9rience reste agr\u00e9able pour tout le monde.<\/p>\n<h2>Qui utilise la cam\u00e9ra avec des inconnus ?<\/h2>\n<p>La r\u00e9ponse : <em>tout le monde !<\/em> Ces plateformes attirent un large \u00e9ventail de personnes :<\/p>\n<ul>\n<li>\u00c9tudiants souhaitant se faire des amis dans le monde entier ou pratiquer des comp\u00e9tences linguistiques<\/li>\n<li>C\u00e9libataires \u00e0 la recherche d'une romance ou simplement d'un peu de plaisir et de flirt.<\/li>\n<li>Voyageurs et expatri\u00e9s en contact avec de nouvelles communaut\u00e9s<\/li>\n<li>Les personnes qui s'ennuient \u00e0 la maison et qui veulent voir de nouveaux visages et avoir des conversations int\u00e9ressantes<\/li>\n<li>Toute personne \u00e0 la recherche d'un soutien, d'un conseil ou d'une nouvelle perspective<\/li>\n<\/ul>\n<p>Des introvertis timides aux aventuriers extravertis, il y a une place pour chacun.<\/p>\n<h2>Conseils pour tirer le meilleur parti de Cam avec des inconnus<\/h2>\n<ul>\n<li>Souriez et soyez aimable ! La premi\u00e8re impression est importante, m\u00eame en ligne.<\/li>\n<li>Soyez curieux : posez des questions sur la musique, la culture, les loisirs ou les voyages.<\/li>\n<li>Essayez de chatter \u00e0 diff\u00e9rentes heures de la journ\u00e9e pour rencontrer des personnes de diff\u00e9rents pays.<\/li>\n<li>Si vous vous sentez mal \u00e0 l'aise, ce n'est pas grave : tout le monde est nouveau ici aussi.<\/li>\n<li>Ne vous laissez pas d\u00e9courager par une conversation parfois maladroite ; votre prochaine conversation pourrait \u00eatre \u00e9tonnante.<\/li>\n<li>Explorez les modes vid\u00e9o et texte. Parfois, vous voulez \u00eatre film\u00e9, parfois non !<\/li>\n<\/ul>\n<h2>Quand essayer la cam avec des inconnus<\/h2>\n<ul>\n<li>Quand on se sent seul et qu'on a besoin de compagnie en temps r\u00e9el<\/li>\n<li>Si vous voulez vous faire des amis dans le monde entier<\/li>\n<li>Apprendre ou pratiquer une nouvelle langue<\/li>\n<li>Pour un flirt ou une relation romantique sans la pression des applications de rencontres<\/li>\n<li>Lorsque vous avez besoin de rire ou de voir ce qui se passe aux quatre coins du monde.<\/li>\n<\/ul>\n<h2>Cam\u00e9ra gratuite avec des inconnus vs. fonctions payantes<\/h2>\n<p>La plupart des sites proposent des rencontres gratuites avec des inconnus comme service de base, mais certains proposent des options payantes pour des services tels que.. :<\/p>\n<ul>\n<li>Filtres suppl\u00e9mentaires (sexe, lieu, int\u00e9r\u00eats)<\/li>\n<li>Correspondance prioritaire ou saut illimit\u00e9<\/li>\n<li>Cadeaux virtuels, autocollants ou jeux dans le chat<\/li>\n<li>Salles priv\u00e9es \"sur invitation seulement<\/li>\n<\/ul>\n<p>Pour la plupart des utilisateurs, la version gratuite est plus que suffisante. Les fonctions payantes sont l\u00e0 pour ceux qui veulent un peu plus de contr\u00f4le ou d'amusement.<\/p>\n<p>Que vous soyez \u00e0 la recherche d'une grande conversation, d'un nouvel ami ou simplement d'un peu d'excitation, le cam avec des inconnus est le meilleur moyen d'ouvrir votre monde depuis le confort de votre maison. Avec des connexions instantan\u00e9es en face \u00e0 face, des conversations en temps r\u00e9el et une libert\u00e9 totale, chaque nuit est une nouvelle aventure - sans pression, sans engagement et sans savoir qui vous rencontrerez ensuite.<\/p>\n<p>Pr\u00eat \u00e0 essayer ? Allumez votre webcam, choisissez une plateforme et commencez \u00e0 cammer avec des inconnus ce soir. Votre prochaine histoire ou amiti\u00e9 n'est qu'\u00e0 un clic.<\/p>","protected":false},"excerpt":{"rendered":"<p>If you\u2019re looking to shake up your social life, try something new, or just beat a boring night, few things are as thrilling\u2014or as unpredictable\u2014as using a cam with strangers platform. Forget endless group chats or scrolling social media. With just a webcam and a click, you can instantly connect face-to-face with people from all [&hellip;]<\/p>\n","protected":false},"author":8,"featured_media":0,"parent":0,"menu_order":0,"comment_status":"closed","ping_status":"closed","template":"","meta":{"footnotes":""},"class_list":["post-4124","page","type-page","status-publish","hentry"],"yoast_head":"<!-- This site is optimized with the Yoast SEO plugin v27.6 - https:\/\/yoast.com\/product\/yoast-seo-wordpress\/ -->\n<title>Cam With Strangers with Video Chat on TinyChat.com<\/title>\n<meta name=\"description\" content=\"Enjoying Cam With Strangers? Join over 50,000,000 strangers on TinyChat! Turn on your cam and start meeting new people, or find a match.\" \/>\n<meta name=\"robots\" content=\"index, follow, max-snippet:-1, max-image-preview:large, max-video-preview:-1\" \/>\n<link rel=\"canonical\" href=\"https:\/\/tinychat.com\/fr\/cam-with-strangers\/\" \/>\n<meta property=\"og:locale\" content=\"fr_FR\" \/>\n<meta property=\"og:type\" content=\"article\" \/>\n<meta property=\"og:title\" content=\"Cam With Strangers with Video Chat on TinyChat.com\" \/>\n<meta property=\"og:description\" content=\"Enjoying Cam With Strangers? Join over 50,000,000 strangers on TinyChat! Turn on your cam and start meeting new people, or find a match.\" \/>\n<meta property=\"og:url\" content=\"https:\/\/tinychat.com\/fr\/cam-with-strangers\/\" \/>\n<meta property=\"og:site_name\" content=\"TinyChat\" \/>\n<meta property=\"article:publisher\" content=\"https:\/\/www.facebook.com\/tinychat\" \/>\n<meta property=\"article:modified_time\" content=\"2025-07-07T16:19:41+00:00\" \/>\n<meta property=\"og:image\" content=\"https:\/\/tinychat.com\/wp-content\/uploads\/2020\/04\/Tinychat-logo-1280x284-new-black.png\" \/>\n\t<meta property=\"og:image:width\" content=\"1280\" \/>\n\t<meta property=\"og:image:height\" content=\"284\" \/>\n\t<meta property=\"og:image:type\" content=\"image\/png\" \/>\n<meta name=\"twitter:card\" content=\"summary_large_image\" \/>\n<meta name=\"twitter:site\" content=\"@tinychat\" \/>\n<meta name=\"twitter:label1\" content=\"Dur\u00e9e de lecture estim\u00e9e\" \/>\n\t<meta name=\"twitter:data1\" content=\"6 minutes\" \/>\n<script type=\"application\/ld+json\" class=\"yoast-schema-graph\">{\"@context\":\"https:\\\/\\\/schema.org\",\"@graph\":[{\"@type\":\"WebPage\",\"@id\":\"https:\\\/\\\/tinychat.com\\\/cam-with-strangers\\\/\",\"url\":\"https:\\\/\\\/tinychat.com\\\/cam-with-strangers\\\/\",\"name\":\"Cam With Strangers with Video Chat on TinyChat.com\",\"isPartOf\":{\"@id\":\"https:\\\/\\\/tinychat.com\\\/#website\"},\"datePublished\":\"2025-05-23T16:02:09+00:00\",\"dateModified\":\"2025-07-07T16:19:41+00:00\",\"description\":\"Enjoying Cam With Strangers? Join over 50,000,000 strangers on TinyChat! Turn on your cam and start meeting new people, or find a match.\",\"breadcrumb\":{\"@id\":\"https:\\\/\\\/tinychat.com\\\/cam-with-strangers\\\/#breadcrumb\"},\"inLanguage\":\"fr-FR\",\"potentialAction\":[{\"@type\":\"ReadAction\",\"target\":[\"https:\\\/\\\/tinychat.com\\\/cam-with-strangers\\\/\"]}]},{\"@type\":\"BreadcrumbList\",\"@id\":\"https:\\\/\\\/tinychat.com\\\/cam-with-strangers\\\/#breadcrumb\",\"itemListElement\":[{\"@type\":\"ListItem\",\"position\":1,\"name\":\"Home\",\"item\":\"https:\\\/\\\/tinychat.com\\\/\"},{\"@type\":\"ListItem\",\"position\":2,\"name\":\"Cam With Strangers\"}]},{\"@type\":\"WebSite\",\"@id\":\"https:\\\/\\\/tinychat.com\\\/#website\",\"url\":\"https:\\\/\\\/tinychat.com\\\/\",\"name\":\"TinyChat\",\"description\":\"Random Video Chat with Strangers\",\"publisher\":{\"@id\":\"https:\\\/\\\/tinychat.com\\\/#organization\"},\"alternateName\":\"TinyChat.com\",\"potentialAction\":[{\"@type\":\"SearchAction\",\"target\":{\"@type\":\"EntryPoint\",\"urlTemplate\":\"https:\\\/\\\/tinychat.com\\\/?s={search_term_string}\"},\"query-input\":{\"@type\":\"PropertyValueSpecification\",\"valueRequired\":true,\"valueName\":\"search_term_string\"}}],\"inLanguage\":\"fr-FR\"},{\"@type\":\"Organization\",\"@id\":\"https:\\\/\\\/tinychat.com\\\/#organization\",\"name\":\"TinyChat\",\"alternateName\":\"TinyChat.com\",\"url\":\"https:\\\/\\\/tinychat.com\\\/\",\"logo\":{\"@type\":\"ImageObject\",\"inLanguage\":\"fr-FR\",\"@id\":\"https:\\\/\\\/tinychat.com\\\/#\\\/schema\\\/logo\\\/image\\\/\",\"url\":\"https:\\\/\\\/tinychat.com\\\/wp-content\\\/uploads\\\/2023\\\/11\\\/Tinychat-icon-square.png\",\"contentUrl\":\"https:\\\/\\\/tinychat.com\\\/wp-content\\\/uploads\\\/2023\\\/11\\\/Tinychat-icon-square.png\",\"width\":284,\"height\":284,\"caption\":\"TinyChat\"},\"image\":{\"@id\":\"https:\\\/\\\/tinychat.com\\\/#\\\/schema\\\/logo\\\/image\\\/\"},\"sameAs\":[\"https:\\\/\\\/www.facebook.com\\\/tinychat\",\"https:\\\/\\\/x.com\\\/tinychat\"]}]}<\/script>\n<!-- \/ Yoast SEO plugin. -->","yoast_head_json":{"title":"Camper avec des inconnus gr\u00e2ce au chat vid\u00e9o sur TinyChat.com","description":"Vous aimez la Cam avec des inconnus ? Rejoignez plus de 50 000 000 d'inconnus sur TinyChat ! Allumez votre cam et commencez \u00e0 rencontrer de nouvelles personnes, ou trouvez un partenaire.","robots":{"index":"index","follow":"follow","max-snippet":"max-snippet:-1","max-image-preview":"max-image-preview:large","max-video-preview":"max-video-preview:-1"},"canonical":"https:\/\/tinychat.com\/fr\/cam-with-strangers\/","og_locale":"fr_FR","og_type":"article","og_title":"Cam With Strangers with Video Chat on TinyChat.com","og_description":"Enjoying Cam With Strangers? Join over 50,000,000 strangers on TinyChat! Turn on your cam and start meeting new people, or find a match.","og_url":"https:\/\/tinychat.com\/fr\/cam-with-strangers\/","og_site_name":"TinyChat","article_publisher":"https:\/\/www.facebook.com\/tinychat","article_modified_time":"2025-07-07T16:19:41+00:00","og_image":[{"width":1280,"height":284,"url":"https:\/\/tinychat.com\/wp-content\/uploads\/2020\/04\/Tinychat-logo-1280x284-new-black.png","type":"image\/png"}],"twitter_card":"summary_large_image","twitter_site":"@tinychat","twitter_misc":{"Dur\u00e9e de lecture estim\u00e9e":"6 minutes"},"schema":{"@context":"https:\/\/schema.org","@graph":[{"@type":"WebPage","@id":"https:\/\/tinychat.com\/cam-with-strangers\/","url":"https:\/\/tinychat.com\/cam-with-strangers\/","name":"Camper avec des inconnus gr\u00e2ce au chat vid\u00e9o sur TinyChat.com","isPartOf":{"@id":"https:\/\/tinychat.com\/#website"},"datePublished":"2025-05-23T16:02:09+00:00","dateModified":"2025-07-07T16:19:41+00:00","description":"Vous aimez la Cam avec des inconnus ? Rejoignez plus de 50 000 000 d'inconnus sur TinyChat ! Allumez votre cam et commencez \u00e0 rencontrer de nouvelles personnes, ou trouvez un partenaire.","breadcrumb":{"@id":"https:\/\/tinychat.com\/cam-with-strangers\/#breadcrumb"},"inLanguage":"fr-FR","potentialAction":[{"@type":"ReadAction","target":["https:\/\/tinychat.com\/cam-with-strangers\/"]}]},{"@type":"BreadcrumbList","@id":"https:\/\/tinychat.com\/cam-with-strangers\/#breadcrumb","itemListElement":[{"@type":"ListItem","position":1,"name":"Home","item":"https:\/\/tinychat.com\/"},{"@type":"ListItem","position":2,"name":"Cam With Strangers"}]},{"@type":"WebSite","@id":"https:\/\/tinychat.com\/#website","url":"https:\/\/tinychat.com\/","name":"TinyChat","description":"Chat vid\u00e9o al\u00e9atoire avec des inconnus","publisher":{"@id":"https:\/\/tinychat.com\/#organization"},"alternateName":"TinyChat.com","potentialAction":[{"@type":"SearchAction","target":{"@type":"EntryPoint","urlTemplate":"https:\/\/tinychat.com\/?s={search_term_string}"},"query-input":{"@type":"PropertyValueSpecification","valueRequired":true,"valueName":"search_term_string"}}],"inLanguage":"fr-FR"},{"@type":"Organization","@id":"https:\/\/tinychat.com\/#organization","name":"TinyChat","alternateName":"TinyChat.com","url":"https:\/\/tinychat.com\/","logo":{"@type":"ImageObject","inLanguage":"fr-FR","@id":"https:\/\/tinychat.com\/#\/schema\/logo\/image\/","url":"https:\/\/tinychat.com\/wp-content\/uploads\/2023\/11\/Tinychat-icon-square.png","contentUrl":"https:\/\/tinychat.com\/wp-content\/uploads\/2023\/11\/Tinychat-icon-square.png","width":284,"height":284,"caption":"TinyChat"},"image":{"@id":"https:\/\/tinychat.com\/#\/schema\/logo\/image\/"},"sameAs":["https:\/\/www.facebook.com\/tinychat","https:\/\/x.com\/tinychat"]}]}},"_links":{"self":[{"href":"https:\/\/tinychat.com\/fr\/wp-json\/wp\/v2\/pages\/4124","targetHints":{"allow":["GET"]}}],"collection":[{"href":"https:\/\/tinychat.com\/fr\/wp-json\/wp\/v2\/pages"}],"about":[{"href":"https:\/\/tinychat.com\/fr\/wp-json\/wp\/v2\/types\/page"}],"author":[{"embeddable":true,"href":"https:\/\/tinychat.com\/fr\/wp-json\/wp\/v2\/users\/8"}],"replies":[{"embeddable":true,"href":"https:\/\/tinychat.com\/fr\/wp-json\/wp\/v2\/comments?post=4124"}],"version-history":[{"count":4,"href":"https:\/\/tinychat.com\/fr\/wp-json\/wp\/v2\/pages\/4124\/revisions"}],"predecessor-version":[{"id":13305,"href":"https:\/\/tinychat.com\/fr\/wp-json\/wp\/v2\/pages\/4124\/revisions\/13305"}],"wp:attachment":[{"href":"https:\/\/tinychat.com\/fr\/wp-json\/wp\/v2\/media?parent=4124"}],"curies":[{"name":"wp","href":"https:\/\/api.w.org\/{rel}","templated":true}]}}