{"id":4141,"date":"2025-05-23T18:04:51","date_gmt":"2025-05-23T16:04:51","guid":{"rendered":"https:\/\/tinychat.com\/?page_id=4141"},"modified":"2025-07-07T18:19:49","modified_gmt":"2025-07-07T16:19:49","slug":"cam-dating","status":"publish","type":"page","link":"https:\/\/tinychat.com\/fr\/cam-dating\/","title":{"rendered":"Cam Dating"},"content":{"rendered":"<p>Les rencontres en ligne ont beaucoup \u00e9volu\u00e9 depuis les SMS et les photos de profil soigneusement s\u00e9lectionn\u00e9es. Les sites de rencontres par webcam changent la donne en permettant de se connecter instantan\u00e9ment en face \u00e0 face - fini les messages interminables, le \"catfishing\" ou les devinettes. Dans un monde o\u00f9 nous recherchons \u00e0 la fois l'intimit\u00e9 et l'authenticit\u00e9, les sites de rencontres par cam\u00e9ra offrent aux c\u00e9libataires (et m\u00eame aux couples) un moyen de se rencontrer, de flirter et de tomber amoureux l'un de l'autre... tout cela en temps r\u00e9el.<\/p>\n<p>Que vous soyez \u00e0 la recherche d'un divertissement d\u00e9contract\u00e9, d'une relation s\u00e9rieuse ou simplement d'un rendez-vous virtuel m\u00e9morable, les rencontres par cam\u00e9scope vous permettent de vous connecter directement \u00e0 votre \u00e9cran.<\/p>\n<h2>Qu'est-ce que le Cam Dating ?<\/h2>\n<p>En termes simples, les rencontres par webcam sont des rencontres en ligne avec une touche de vid\u00e9o en direct. Au lieu d'attendre des r\u00e9ponses ou de vous perdre dans une mer de textes, vous vous lancez dans un chat vid\u00e9o en temps r\u00e9el avec une nouvelle personne - vous voyez, entendez et r\u00e9agissez dans l'instant. C'est un peu le speed dating de l'\u00e8re num\u00e9rique : spontan\u00e9, honn\u00eate et amusant.<\/p>\n<p>La plupart des sites de rencontres par webcam offrent :<\/p>\n<ul>\n<li>Chat vid\u00e9o en direct et en t\u00eate-\u00e0-t\u00eate : Rencontrez-vous et interagissez instantan\u00e9ment.<\/li>\n<li>Rencontres par webcam al\u00e9atoire : Vous \u00eates mis en relation avec des c\u00e9libataires du monde entier en cliquant sur un bouton.<\/li>\n<li>Filtres de genre et de localisation : Pour que vous puissiez entrer en contact avec des personnes qui vous int\u00e9ressent vraiment.<\/li>\n<li>Navigation dans le profil : Pour ceux qui veulent en savoir un peu plus avant de se lancer.<\/li>\n<li>Options de vid\u00e9o priv\u00e9e et de groupe : Des rendez-vous priv\u00e9s aux soir\u00e9es cam d\u00e9contract\u00e9es.<\/li>\n<\/ul>\n<p>C'est ce qui se rapproche le plus d'une rencontre en personne, sans jamais quitter son domicile.<\/p>\n<h2>Pourquoi essayer Cam Dating ?<\/h2>\n<p>Les textos et le swiping n'ont qu'une port\u00e9e limit\u00e9e. Voici pourquoi les c\u00e9libataires sont de plus en plus nombreux \u00e0 passer \u00e0 l'acte :<\/p>\n<ul>\n<li>D\u00e9couvrez une v\u00e9ritable alchimie : Le chat vid\u00e9o montre des sourires, des rires et une attirance instantan\u00e9e - plus besoin de deviner \u00e0 partir des photos de profil.<\/li>\n<li>\u00c9vitez l'hame\u00e7onnage : rencontrez la vraie personne, tout de suite.<\/li>\n<li>Gagner du temps : Apprenez \u00e0 vous conna\u00eetre instantan\u00e9ment, sans avoir \u00e0 discuter sans fin.<\/li>\n<li>Plus personnelle : La vid\u00e9o rend les conversations plus profondes, plus dr\u00f4les et plus m\u00e9morables.<\/li>\n<li>Spontan\u00e9it\u00e9 : chaque appel est un nouveau d\u00e9part et une nouvelle histoire.<\/li>\n<\/ul>\n<p>Que vous soyez timide, extraverti ou entre les deux, les rencontres par webcam conviennent \u00e0 tous les styles.<\/p>\n<h2>Comment fonctionne le Cam Dating<\/h2>\n<p>La plupart des sites et applications de rencontres par webcam sont tr\u00e8s faciles \u00e0 utiliser :<\/p>\n<ol>\n<li>Inscrivez-vous avec un nom d'utilisateur, un courriel ou parfois m\u00eame de mani\u00e8re anonyme.<\/li>\n<li>D\u00e9finissez vos pr\u00e9f\u00e9rences - qui vous voulez rencontrer et o\u00f9.<\/li>\n<li>Participez \u00e0 une session de rencontre par webcam al\u00e9atoire ou parcourez les profils pour inviter quelqu'un \u00e0 un chat priv\u00e9.<\/li>\n<li>Autoriser l'acc\u00e8s \u00e0 la cam\u00e9ra et au microphone. (Vous contr\u00f4lez le moment o\u00f9 votre cam\u00e9ra s'allume).<\/li>\n<li>Commencez votre rendez-vous ! Restez quelques minutes ou une heure, c'est vous qui d\u00e9cidez.<\/li>\n<li>Vous ne vous sentez pas \u00e0 l'aise ? Passez \u00e0 autre chose d'un simple clic - pas de maladresse, pas de pression.<\/li>\n<\/ol>\n<p>Certaines plateformes proposent m\u00eame des \u00e9v\u00e9nements de \"speed dating\", des activit\u00e9s brise-glace ou des salons de discussion vid\u00e9o th\u00e9matiques pour vous aider \u00e0 d\u00e9marrer.<\/p>\n<h2>Meilleurs sites et applications de rencontres par cam\u00e9ra<\/h2>\n<p>Vous ne savez pas par o\u00f9 commencer ? Voici quelques-uns des endroits les plus populaires pour essayer les rencontres par webcam :<\/p>\n<ul>\n<li>CooMeet : Connu pour sa v\u00e9rification des sexes et ses chats vid\u00e9o amicaux et s\u00e9duisants entre hommes et femmes.<\/li>\n<li>LuckyCrush : Le site met en relation de fa\u00e7on al\u00e9atoire des hommes et des femmes du monde entier pour des rencontres par webcam en direct.<\/li>\n<li>Flingster : Le site se concentre sur les rencontres par webcam pour adultes et sur les conversations ouvertes et flirteuses.<\/li>\n<li>Chatspin : Offre des filtres pour le sexe, la localisation et les int\u00e9r\u00eats, ainsi que des options de rencontres par cam\u00e9ra al\u00e9atoire et priv\u00e9e.<\/li>\n<li>Chatrandom : M\u00e9lange de chats occasionnels, de rencontres et de cams de groupe pour toutes les personnalit\u00e9s.<\/li>\n<li>Omegle\/Chatroulette : plates-formes classiques pour le chat al\u00e9atoire par webcam, utilis\u00e9es par de nombreux c\u00e9libataires pour s'amuser ou trouver l'amour.<\/li>\n<\/ul>\n<p>Chacun a sa propre communaut\u00e9 et sa propre ambiance. Essayez-en quelques-uns pour trouver l'exp\u00e9rience de cam dating qui vous convient.<\/p>\n<h2>Cam Dating vs. Traditional Online Dating<\/h2>\n<table>\n<thead>\n<tr>\n<th>Fonctionnalit\u00e9<\/th>\n<th>Cam Dating<\/th>\n<th>App\/Swipe Dating<\/th>\n<th>M\u00e9dias sociaux<\/th>\n<th>Chat textuel uniquement<\/th>\n<\/tr>\n<\/thead>\n<tbody>\n<tr>\n<td>Vid\u00e9o en temps r\u00e9el<\/td>\n<td>\u2705<\/td>\n<td>\u274c<\/td>\n<td>\u274c<\/td>\n<td>\u274c<\/td>\n<\/tr>\n<tr>\n<td>Chimie instantan\u00e9e<\/td>\n<td>\u2705<\/td>\n<td>\u274c<\/td>\n<td>\u274c<\/td>\n<td>\u274c<\/td>\n<\/tr>\n<tr>\n<td>\u00c0 l'\u00e9preuve des poissons-chats<\/td>\n<td>\u2705<\/td>\n<td>\u274c<\/td>\n<td>\u274c<\/td>\n<td>\u274c<\/td>\n<\/tr>\n<tr>\n<td>Chat priv\u00e9 ou al\u00e9atoire<\/td>\n<td>\u2705<\/td>\n<td>\u2705<\/td>\n<td>\u2705<\/td>\n<td>\u2705<\/td>\n<\/tr>\n<tr>\n<td>Options de chat de groupe<\/td>\n<td>\u2705<\/td>\n<td>\u274c<\/td>\n<td>\u2705<\/td>\n<td>\u2705<\/td>\n<\/tr>\n<tr>\n<td>Utilisation gratuite<\/td>\n<td>\u2705 (la plupart)<\/td>\n<td>\u2705\/\u274c<\/td>\n<td>\u2705<\/td>\n<td>\u2705<\/td>\n<\/tr>\n<\/tbody>\n<\/table>\n<p>Pour ceux qui ont envie de quelque chose de r\u00e9el et d'imm\u00e9diat, les rencontres par cam\u00e9scope sont le grand gagnant.<\/p>\n<h2>Rencontres Cam gratuites vs. options payantes<\/h2>\n<p>La plupart des plateformes de rencontres par cam\u00e9scope offrent une exp\u00e9rience de rencontre par cam\u00e9scope gratuite, avec des mises \u00e0 niveau payantes pour des fonctionnalit\u00e9s premium telles que des correspondances illimit\u00e9es, des filtres avanc\u00e9s ou des cadeaux sp\u00e9ciaux. Voici ce qu'il en est :<\/p>\n<table>\n<thead>\n<tr>\n<th>Fonctionnalit\u00e9<\/th>\n<th>Rencontres Cam gratuites<\/th>\n<th>Paid Cam Dating<\/th>\n<\/tr>\n<\/thead>\n<tbody>\n<tr>\n<td>Aucun co\u00fbt<\/td>\n<td>\u2705<\/td>\n<td>\u274c<\/td>\n<\/tr>\n<tr>\n<td>Chats al\u00e9atoires illimit\u00e9s<\/td>\n<td>\u2705 (limit\u00e9)<\/td>\n<td>\u2705<\/td>\n<\/tr>\n<tr>\n<td>Filtres avanc\u00e9s<\/td>\n<td>\u274c<\/td>\n<td>\u2705<\/td>\n<\/tr>\n<tr>\n<td>Correspondance des priorit\u00e9s<\/td>\n<td>\u274c<\/td>\n<td>\u2705<\/td>\n<\/tr>\n<tr>\n<td>Acc\u00e8s \u00e0 toutes les fonctionnalit\u00e9s<\/td>\n<td>\u274c<\/td>\n<td>\u2705<\/td>\n<\/tr>\n<\/tbody>\n<\/table>\n<p>Il n'est pas n\u00e9cessaire de payer pour s'amuser ! La plupart des gens trouvent leur compte dans les versions gratuites, les options payantes ajoutant simplement plus de contr\u00f4le ou de commodit\u00e9.<\/p>\n<h2>Rester en s\u00e9curit\u00e9 lors d'un rendez-vous par Cam<\/h2>\n<p>Les rencontres par webcam sont amusantes, mais donnez toujours la priorit\u00e9 \u00e0 votre s\u00e9curit\u00e9 :<\/p>\n<ul>\n<li>Ne partagez jamais d'informations priv\u00e9es (nom complet, adresse, num\u00e9ro de t\u00e9l\u00e9phone) tant que vous n'avez pas confiance en votre partenaire.<\/li>\n<li>Utilisez un surnom si vous souhaitez rester anonyme.<\/li>\n<li>Si vous vous sentez mal \u00e0 l'aise, quittez le chat imm\u00e9diatement, sans explication.<\/li>\n<li>Utiliser des sites dot\u00e9s de fonctions de mod\u00e9ration et de signalement.<\/li>\n<li>Soyez prudent avec le contenu explicite - connaissez les r\u00e8gles de la plateforme et votre propre zone de confort.<\/li>\n<\/ul>\n<p>Rappelez-vous que les meilleures connexions se produisent lorsque les deux personnes se sentent en s\u00e9curit\u00e9 et respect\u00e9es.<\/p>\n<h2>Qui utilise Cam Dating ?<\/h2>\n<p>Presque tout le monde ! Les rencontres par webcam sont populaires parmi les :<\/p>\n<ul>\n<li>Les c\u00e9libataires fatigu\u00e9s de l'hame\u00e7onnage et des textos interminables<\/li>\n<li>Les personnes \u00e0 la recherche de relations authentiques et directes<\/li>\n<li>Expats et voyageurs souhaitant rencontrer des personnes du monde entier<\/li>\n<li>Couples s\u00e9duisants \u00e0 la recherche de plaisir et d'aventure en ligne<\/li>\n<li>Toute personne souhaitant faire des rencontres ou socialiser selon ses propres termes, \u00e0 son propre rythme.<\/li>\n<\/ul>\n<h2>Conseils pour une exp\u00e9rience de rencontre par cam\u00e9ra optimale<\/h2>\n<ul>\n<li>Habillez-vous confortablement, mais restez vous-m\u00eame - vous n'avez pas besoin de vous mettre sur votre trente-et-un si vous ne le souhaitez pas.<\/li>\n<li>Utilisez un bon \u00e9clairage et un arri\u00e8re-plan bien rang\u00e9 pour vous mettre en valeur.<\/li>\n<li>Commencez par un bonjour amical et un sourire sinc\u00e8re.<\/li>\n<li>Posez des questions et \u00e9coutez - la conversation est une voie \u00e0 double sens.<\/li>\n<li>Ne vous d\u00e9couragez pas si un chat n'est pas extraordinaire - passez \u00e0 autre chose et essayez \u00e0 nouveau.<\/li>\n<li>Soyez clair sur vos intentions, que vous recherchiez l'amiti\u00e9, la romance ou simplement une soir\u00e9e amusante.<\/li>\n<\/ul>\n<h2>Quels sont les sujets \u00e0 aborder lors d'un rendez-vous avec un cam\u00e9raman ?<\/h2>\n<p>Besoin d'inspiration pour votre prochain rendez-vous avec un cam\u00e9raman ? Essayez ces sujets :<\/p>\n<ul>\n<li>Passe-temps, musique ou \u00e9missions pr\u00e9f\u00e9r\u00e9es<\/li>\n<li>R\u00e9cits de voyage ou destinations \u00e0 ne pas manquer<\/li>\n<li>Nourriture - quelle est la meilleure chose que vous ayez mang\u00e9e r\u00e9cemment ?<\/li>\n<li>Questions stupides du type \"pr\u00e9f\u00e9rez-vous\" ?<\/li>\n<li>D\u00e9fis ou jeux amusants (v\u00e9rit\u00e9 ou d\u00e9fi, quelqu'un ?)<\/li>\n<li>Qu'est-ce qui vous a amen\u00e9 \u00e0 faire des rencontres par webcam ?<\/li>\n<\/ul>\n<p>Un peu de curiosit\u00e9 ne fait pas de mal. Le plus important est d'\u00eatre ouvert, honn\u00eate et de s'amuser !<\/p>\n<h2>Quand les rencontres par cam\u00e9ra sont-elles le bon choix ?<\/h2>\n<ul>\n<li>Lorsque vous voulez \u00e9viter les banalit\u00e9s et voir si les \u00e9tincelles jaillissent instantan\u00e9ment.<\/li>\n<li>Pour les couples \u00e0 longue distance qui souhaitent passer du temps en t\u00eate-\u00e0-t\u00eate<\/li>\n<li>Si vous \u00eates timide \u00e0 l'id\u00e9e de vous rencontrer en personne mais que vous voulez quelque chose de concret<\/li>\n<li>Lorsque vous \u00eates fatigu\u00e9 du cycle \"swipe and ghost\" des applications de rencontre traditionnelles.<\/li>\n<li>Pour tous ceux qui veulent flirter, draguer ou simplement se connecter d'une mani\u00e8re moderne et passionnante.<\/li>\n<\/ul>\n<p>Les rencontres par cam\u00e9scope redonnent aux rencontres en ligne tout leur attrait, leur authenticit\u00e9 et leur dynamisme. C'est spontan\u00e9, amusant et rafra\u00eechissant - vous donnant la chance de vous connecter avec quelqu'un de nouveau, en face-\u00e0-face, quand vous le souhaitez. Que vous recherchiez l'amour, l'amiti\u00e9 ou simplement une petite aventure, les rencontres par webcam rendent cela possible - sans conditions, sans pression, juste une vraie connexion.<\/p>\n<p>Pr\u00eat \u00e0 voir qui est l\u00e0 ? Allumez votre webcam, trouvez un site de rencontre par webcam gratuit et commencez votre prochaine grande conversation d\u00e8s ce soir. Votre romance virtuelle - ou votre nouvelle histoire pr\u00e9f\u00e9r\u00e9e - pourrait n'\u00eatre qu'\u00e0 un clic.<\/p>","protected":false},"excerpt":{"rendered":"<p>Online dating has come a long way from text messages and carefully curated profile pics. Cam dating is changing the game by making it possible to connect face-to-face instantly\u2014no more endless messaging, catfishing, or guesswork. In a world where we crave both intimacy and authenticity, cam dating sites give singles (and even couples) a way [&hellip;]<\/p>\n","protected":false},"author":8,"featured_media":0,"parent":0,"menu_order":0,"comment_status":"closed","ping_status":"closed","template":"","meta":{"footnotes":""},"class_list":["post-4141","page","type-page","status-publish","hentry"],"yoast_head":"<!-- This site is optimized with the Yoast SEO plugin v27.6 - https:\/\/yoast.com\/product\/yoast-seo-wordpress\/ -->\n<title>Cam Dating with Video Chat on TinyChat.com<\/title>\n<meta name=\"description\" content=\"Enjoying Cam Dating? Join over 50,000,000 strangers on TinyChat! Turn on your cam and start meeting new people, or find a match.\" \/>\n<meta name=\"robots\" content=\"index, follow, max-snippet:-1, max-image-preview:large, max-video-preview:-1\" \/>\n<link rel=\"canonical\" href=\"https:\/\/tinychat.com\/fr\/cam-dating\/\" \/>\n<meta property=\"og:locale\" content=\"fr_FR\" \/>\n<meta property=\"og:type\" content=\"article\" \/>\n<meta property=\"og:title\" content=\"Cam Dating with Video Chat on TinyChat.com\" \/>\n<meta property=\"og:description\" content=\"Enjoying Cam Dating? Join over 50,000,000 strangers on TinyChat! Turn on your cam and start meeting new people, or find a match.\" \/>\n<meta property=\"og:url\" content=\"https:\/\/tinychat.com\/fr\/cam-dating\/\" \/>\n<meta property=\"og:site_name\" content=\"TinyChat\" \/>\n<meta property=\"article:publisher\" content=\"https:\/\/www.facebook.com\/tinychat\" \/>\n<meta property=\"article:modified_time\" content=\"2025-07-07T16:19:49+00:00\" \/>\n<meta property=\"og:image\" content=\"https:\/\/tinychat.com\/wp-content\/uploads\/2020\/04\/Tinychat-logo-1280x284-new-black.png\" \/>\n\t<meta property=\"og:image:width\" content=\"1280\" \/>\n\t<meta property=\"og:image:height\" content=\"284\" \/>\n\t<meta property=\"og:image:type\" content=\"image\/png\" \/>\n<meta name=\"twitter:card\" content=\"summary_large_image\" \/>\n<meta name=\"twitter:site\" content=\"@tinychat\" \/>\n<meta name=\"twitter:label1\" content=\"Dur\u00e9e de lecture estim\u00e9e\" \/>\n\t<meta name=\"twitter:data1\" content=\"6 minutes\" \/>\n<script type=\"application\/ld+json\" class=\"yoast-schema-graph\">{\"@context\":\"https:\\\/\\\/schema.org\",\"@graph\":[{\"@type\":\"WebPage\",\"@id\":\"https:\\\/\\\/tinychat.com\\\/cam-dating\\\/\",\"url\":\"https:\\\/\\\/tinychat.com\\\/cam-dating\\\/\",\"name\":\"Cam Dating with Video Chat on TinyChat.com\",\"isPartOf\":{\"@id\":\"https:\\\/\\\/tinychat.com\\\/#website\"},\"datePublished\":\"2025-05-23T16:04:51+00:00\",\"dateModified\":\"2025-07-07T16:19:49+00:00\",\"description\":\"Enjoying Cam Dating? Join over 50,000,000 strangers on TinyChat! Turn on your cam and start meeting new people, or find a match.\",\"breadcrumb\":{\"@id\":\"https:\\\/\\\/tinychat.com\\\/cam-dating\\\/#breadcrumb\"},\"inLanguage\":\"fr-FR\",\"potentialAction\":[{\"@type\":\"ReadAction\",\"target\":[\"https:\\\/\\\/tinychat.com\\\/cam-dating\\\/\"]}]},{\"@type\":\"BreadcrumbList\",\"@id\":\"https:\\\/\\\/tinychat.com\\\/cam-dating\\\/#breadcrumb\",\"itemListElement\":[{\"@type\":\"ListItem\",\"position\":1,\"name\":\"Home\",\"item\":\"https:\\\/\\\/tinychat.com\\\/\"},{\"@type\":\"ListItem\",\"position\":2,\"name\":\"Cam Dating\"}]},{\"@type\":\"WebSite\",\"@id\":\"https:\\\/\\\/tinychat.com\\\/#website\",\"url\":\"https:\\\/\\\/tinychat.com\\\/\",\"name\":\"TinyChat\",\"description\":\"Random Video Chat with Strangers\",\"publisher\":{\"@id\":\"https:\\\/\\\/tinychat.com\\\/#organization\"},\"alternateName\":\"TinyChat.com\",\"potentialAction\":[{\"@type\":\"SearchAction\",\"target\":{\"@type\":\"EntryPoint\",\"urlTemplate\":\"https:\\\/\\\/tinychat.com\\\/?s={search_term_string}\"},\"query-input\":{\"@type\":\"PropertyValueSpecification\",\"valueRequired\":true,\"valueName\":\"search_term_string\"}}],\"inLanguage\":\"fr-FR\"},{\"@type\":\"Organization\",\"@id\":\"https:\\\/\\\/tinychat.com\\\/#organization\",\"name\":\"TinyChat\",\"alternateName\":\"TinyChat.com\",\"url\":\"https:\\\/\\\/tinychat.com\\\/\",\"logo\":{\"@type\":\"ImageObject\",\"inLanguage\":\"fr-FR\",\"@id\":\"https:\\\/\\\/tinychat.com\\\/#\\\/schema\\\/logo\\\/image\\\/\",\"url\":\"https:\\\/\\\/tinychat.com\\\/wp-content\\\/uploads\\\/2023\\\/11\\\/Tinychat-icon-square.png\",\"contentUrl\":\"https:\\\/\\\/tinychat.com\\\/wp-content\\\/uploads\\\/2023\\\/11\\\/Tinychat-icon-square.png\",\"width\":284,\"height\":284,\"caption\":\"TinyChat\"},\"image\":{\"@id\":\"https:\\\/\\\/tinychat.com\\\/#\\\/schema\\\/logo\\\/image\\\/\"},\"sameAs\":[\"https:\\\/\\\/www.facebook.com\\\/tinychat\",\"https:\\\/\\\/x.com\\\/tinychat\"]}]}<\/script>\n<!-- \/ Yoast SEO plugin. -->","yoast_head_json":{"title":"Cam Dating with Video Chat on TinyChat.com","description":"Vous aimez les rencontres sur Cam ? Rejoignez plus de 50 000 000 d'inconnus sur TinyChat ! Allumez votre cam et commencez \u00e0 rencontrer de nouvelles personnes, ou trouvez un partenaire.","robots":{"index":"index","follow":"follow","max-snippet":"max-snippet:-1","max-image-preview":"max-image-preview:large","max-video-preview":"max-video-preview:-1"},"canonical":"https:\/\/tinychat.com\/fr\/cam-dating\/","og_locale":"fr_FR","og_type":"article","og_title":"Cam Dating with Video Chat on TinyChat.com","og_description":"Enjoying Cam Dating? Join over 50,000,000 strangers on TinyChat! Turn on your cam and start meeting new people, or find a match.","og_url":"https:\/\/tinychat.com\/fr\/cam-dating\/","og_site_name":"TinyChat","article_publisher":"https:\/\/www.facebook.com\/tinychat","article_modified_time":"2025-07-07T16:19:49+00:00","og_image":[{"width":1280,"height":284,"url":"https:\/\/tinychat.com\/wp-content\/uploads\/2020\/04\/Tinychat-logo-1280x284-new-black.png","type":"image\/png"}],"twitter_card":"summary_large_image","twitter_site":"@tinychat","twitter_misc":{"Dur\u00e9e de lecture estim\u00e9e":"6 minutes"},"schema":{"@context":"https:\/\/schema.org","@graph":[{"@type":"WebPage","@id":"https:\/\/tinychat.com\/cam-dating\/","url":"https:\/\/tinychat.com\/cam-dating\/","name":"Cam Dating with Video Chat on TinyChat.com","isPartOf":{"@id":"https:\/\/tinychat.com\/#website"},"datePublished":"2025-05-23T16:04:51+00:00","dateModified":"2025-07-07T16:19:49+00:00","description":"Vous aimez les rencontres sur Cam ? Rejoignez plus de 50 000 000 d'inconnus sur TinyChat ! Allumez votre cam et commencez \u00e0 rencontrer de nouvelles personnes, ou trouvez un partenaire.","breadcrumb":{"@id":"https:\/\/tinychat.com\/cam-dating\/#breadcrumb"},"inLanguage":"fr-FR","potentialAction":[{"@type":"ReadAction","target":["https:\/\/tinychat.com\/cam-dating\/"]}]},{"@type":"BreadcrumbList","@id":"https:\/\/tinychat.com\/cam-dating\/#breadcrumb","itemListElement":[{"@type":"ListItem","position":1,"name":"Home","item":"https:\/\/tinychat.com\/"},{"@type":"ListItem","position":2,"name":"Cam Dating"}]},{"@type":"WebSite","@id":"https:\/\/tinychat.com\/#website","url":"https:\/\/tinychat.com\/","name":"TinyChat","description":"Chat vid\u00e9o al\u00e9atoire avec des inconnus","publisher":{"@id":"https:\/\/tinychat.com\/#organization"},"alternateName":"TinyChat.com","potentialAction":[{"@type":"SearchAction","target":{"@type":"EntryPoint","urlTemplate":"https:\/\/tinychat.com\/?s={search_term_string}"},"query-input":{"@type":"PropertyValueSpecification","valueRequired":true,"valueName":"search_term_string"}}],"inLanguage":"fr-FR"},{"@type":"Organization","@id":"https:\/\/tinychat.com\/#organization","name":"TinyChat","alternateName":"TinyChat.com","url":"https:\/\/tinychat.com\/","logo":{"@type":"ImageObject","inLanguage":"fr-FR","@id":"https:\/\/tinychat.com\/#\/schema\/logo\/image\/","url":"https:\/\/tinychat.com\/wp-content\/uploads\/2023\/11\/Tinychat-icon-square.png","contentUrl":"https:\/\/tinychat.com\/wp-content\/uploads\/2023\/11\/Tinychat-icon-square.png","width":284,"height":284,"caption":"TinyChat"},"image":{"@id":"https:\/\/tinychat.com\/#\/schema\/logo\/image\/"},"sameAs":["https:\/\/www.facebook.com\/tinychat","https:\/\/x.com\/tinychat"]}]}},"_links":{"self":[{"href":"https:\/\/tinychat.com\/fr\/wp-json\/wp\/v2\/pages\/4141","targetHints":{"allow":["GET"]}}],"collection":[{"href":"https:\/\/tinychat.com\/fr\/wp-json\/wp\/v2\/pages"}],"about":[{"href":"https:\/\/tinychat.com\/fr\/wp-json\/wp\/v2\/types\/page"}],"author":[{"embeddable":true,"href":"https:\/\/tinychat.com\/fr\/wp-json\/wp\/v2\/users\/8"}],"replies":[{"embeddable":true,"href":"https:\/\/tinychat.com\/fr\/wp-json\/wp\/v2\/comments?post=4141"}],"version-history":[{"count":4,"href":"https:\/\/tinychat.com\/fr\/wp-json\/wp\/v2\/pages\/4141\/revisions"}],"predecessor-version":[{"id":13307,"href":"https:\/\/tinychat.com\/fr\/wp-json\/wp\/v2\/pages\/4141\/revisions\/13307"}],"wp:attachment":[{"href":"https:\/\/tinychat.com\/fr\/wp-json\/wp\/v2\/media?parent=4141"}],"curies":[{"name":"wp","href":"https:\/\/api.w.org\/{rel}","templated":true}]}}