{"id":4175,"date":"2021-05-23T18:10:09","date_gmt":"2021-05-23T16:10:09","guid":{"rendered":"https:\/\/tinychat.com\/?page_id=4175"},"modified":"2025-07-21T11:54:59","modified_gmt":"2025-07-21T09:54:59","slug":"omegle-video-chat","status":"publish","type":"page","link":"https:\/\/tinychat.com\/fr\/omegle-video-chat\/","title":{"rendered":"Omegle Chat vid\u00e9o"},"content":{"rendered":"<p>Lorsqu'il s'agit de conversations en ligne spontan\u00e9es, passionnantes et vraiment al\u00e9atoires, le chat vid\u00e9o Omegle est l'endroit o\u00f9 tout a commenc\u00e9. Depuis plus de dix ans, Omegle est la plateforme de r\u00e9f\u00e9rence pour tous ceux qui souhaitent rencontrer de nouvelles personnes sans quitter leur domicile. Que vous cherchiez \u00e0 vous faire des amis, \u00e0 rire, \u00e0 flirter un peu ou simplement \u00e0 satisfaire votre curiosit\u00e9, la marque unique de chat vid\u00e9o al\u00e9atoire de Omegle a quelque chose \u00e0 offrir \u00e0 tout le monde.<\/p>\n<p>Voyons pourquoi Omegle est si populaire, comment il fonctionne et comment tirer le meilleur parti de votre prochaine session de chat vid\u00e9o.<\/p>\n<h2>Qu'est-ce que le chat vid\u00e9o Omegle ?<\/h2>\n<p>\u00c0 la base, le chat vid\u00e9o Omegle est une id\u00e9e simple mais brillante : connecter deux inconnus, n'importe o\u00f9 dans le monde, pour une conversation vid\u00e9o (ou textuelle) en direct. Il n'y a pas de profil, pas de biographie, pas de photo \u00e0 t\u00e9l\u00e9charger, ni de long formulaire d'inscription. Il suffit de cliquer sur \"Vid\u00e9o\" et vous vous retrouvez instantan\u00e9ment face \u00e0 face avec quelqu'un de nouveau.<\/p>\n<p>Omegle vous permet :<\/p>\n<ul>\n<li>D\u00e9marrez un chat vid\u00e9o gratuit sur Omegle en un seul clic, sans inscription pr\u00e9alable.<\/li>\n<li>Discuter de mani\u00e8re anonyme, en utilisant un pseudonyme ou pas de nom du tout<\/li>\n<li>Rencontrer des personnes de tous pays et de tous horizons<\/li>\n<li>Utilisez des \u00e9tiquettes d'int\u00e9r\u00eat pour trouver des inconnus partageant les m\u00eames id\u00e9es.<\/li>\n<\/ul>\n<p>Que vous soyez un papillon social ou simplement curieux de savoir qui vous pourriez rencontrer, l'appariement al\u00e9atoire de Omegle fait de chaque session une surprise.<\/p>\n<h2>Pourquoi essayer le chat vid\u00e9o al\u00e9atoire sur Omegle ?<\/h2>\n<p>Qu'est-ce qui diff\u00e9rencie Omegle des m\u00e9dias sociaux ou des applications de rencontre ? Il s'agit de :<\/p>\n<ul>\n<li>Connexions instantan\u00e9es, en temps r\u00e9el : Pas de swiping, pas d'attente - il suffit de se lancer et de commencer \u00e0 discuter.<\/li>\n<li>Anonymat total : Vous n'avez pas besoin de partager votre identit\u00e9, ce qui facilite l'ouverture et l'authenticit\u00e9.<\/li>\n<li>Une port\u00e9e mondiale : Rencontrez des personnes du monde entier, \u00e0 toute heure du jour ou de la nuit.<\/li>\n<li>Pas de pression : Vous n'aimez pas l'ambiance ? Cliquez simplement sur \"Stop\" ou \"Suivant\" et rencontrez quelqu'un d'autre.<\/li>\n<li>La vari\u00e9t\u00e9 \u00e0 l'\u00e9tat pur : Chaque conversation est diff\u00e9rente - vous ne savez jamais si vous y trouverez un ami, un coup de c\u0153ur ou simplement une histoire int\u00e9ressante.<\/li>\n<\/ul>\n<p>\"Je me suis fait des amis sur quatre continents diff\u00e9rents en utilisant le chat vid\u00e9o de Omegle. On ne sait jamais qui sera le prochain, et c'est la moiti\u00e9 du plaisir !\"<\/p>\n<h2>Comment fonctionne le chat vid\u00e9o gratuit Omegle ?<\/h2>\n<p>C'est tr\u00e8s facile, m\u00eame si vous n'avez jamais essay\u00e9 :<\/p>\n<ol>\n<li>Allez sur la page d'accueil du Omegle.<\/li>\n<li>Choisissez \"Vid\u00e9o\" pour d\u00e9marrer un chat vid\u00e9o en direct, ou \"Texte\" si vous pr\u00e9f\u00e9rez taper.<\/li>\n<li>Autorisez l'acc\u00e8s \u00e0 votre appareil photo et \u00e0 votre microphone.<\/li>\n<li>Si vous le souhaitez, vous pouvez indiquer des centres d'int\u00e9r\u00eat pour \u00eatre mis en relation avec des personnes qui partagent vos hobbies.<\/li>\n<li>Cliquez sur \"D\u00e9marrer\" et vous serez instantan\u00e9ment mis en relation avec un inconnu.<\/li>\n<li>Parlez aussi longtemps que vous le souhaitez, puis cliquez sur \"Stop\" ou \"Suivant\" pour un nouveau match.<\/li>\n<\/ol>\n<p>Pas de connexion, pas de frais et aucune information personnelle n'est requise. Vous pouvez rester totalement anonyme si vous le souhaitez.<\/p>\n<h2>Les caract\u00e9ristiques qui distinguent le chat vid\u00e9o Omegle<\/h2>\n<p>La simplicit\u00e9 du Omegle fait partie de son charme, mais il poss\u00e8de \u00e9galement des caract\u00e9ristiques qui le distinguent :<\/p>\n<ul>\n<li>Tags d'int\u00e9r\u00eat : Entrez en contact avec des personnes qui aiment ce que vous aimez - de la musique aux films, en passant par les sports et les jeux.<\/li>\n<li>Mode espion : Observez les discussions des autres ou r\u00e9pondez aux questions de mani\u00e8re anonyme.<\/li>\n<li>Aucune inscription n'est n\u00e9cessaire : Rejoignez-nous instantan\u00e9ment - aucun profil, email ou num\u00e9ro de t\u00e9l\u00e9phone n'est requis.<\/li>\n<li>Disponible sur mobile : Utilisez le chat vid\u00e9o Omegle sur votre t\u00e9l\u00e9phone ou votre tablette pour discuter en d\u00e9placement.<\/li>\n<li>Texte ou vid\u00e9o : Vous ne vous sentez pas pr\u00eat pour la cam\u00e9ra ? Vous pouvez vous contenter d'un chat textuel quand vous le souhaitez.<\/li>\n<\/ul>\n<h2>Omegle Video Chat vs. autres plateformes<\/h2>\n<table>\n<thead>\n<tr>\n<th>Fonctionnalit\u00e9<\/th>\n<th>Omegle Chat vid\u00e9o<\/th>\n<th>Chatroulette<\/th>\n<th>Chatspin<\/th>\n<th>M\u00e9dias sociaux<\/th>\n<\/tr>\n<\/thead>\n<tbody>\n<tr>\n<td>Appariement al\u00e9atoire et anonyme<\/td>\n<td>\u2705<\/td>\n<td>\u2705<\/td>\n<td>\u2705<\/td>\n<td>\u274c<\/td>\n<\/tr>\n<tr>\n<td>Aucune inscription n'est requise<\/td>\n<td>\u2705<\/td>\n<td>\u2705<\/td>\n<td>\u2705<\/td>\n<td>\u274c<\/td>\n<\/tr>\n<tr>\n<td>\u00c9tiquettes d'int\u00e9r\u00eat<\/td>\n<td>\u2705<\/td>\n<td>\u274c<\/td>\n<td>\u2705<\/td>\n<td>\u274c<\/td>\n<\/tr>\n<tr>\n<td>Options de chat texte et vid\u00e9o<\/td>\n<td>\u2705<\/td>\n<td>\u2705<\/td>\n<td>\u2705<\/td>\n<td>\u2705<\/td>\n<\/tr>\n<tr>\n<td>Fonction \"Suivant\"\/sauter<\/td>\n<td>\u2705<\/td>\n<td>\u2705<\/td>\n<td>\u2705<\/td>\n<td>\u274c<\/td>\n<\/tr>\n<tr>\n<td>Utilisation gratuite<\/td>\n<td>\u2705<\/td>\n<td>\u2705<\/td>\n<td>\u2705<\/td>\n<td>\u2705\/\u274c<\/td>\n<\/tr>\n<\/tbody>\n<\/table>\n<p>Omegle se distingue par sa simplicit\u00e9 et sa communaut\u00e9 mondiale.<\/p>\n<h2>Rester en s\u00e9curit\u00e9 sur le chat vid\u00e9o de Omegle<\/h2>\n<p>Le chat vid\u00e9o al\u00e9atoire peut \u00eatre tr\u00e8s amusant, mais gardez toujours votre s\u00e9curit\u00e9 \u00e0 l'esprit :<\/p>\n<ul>\n<li>Ne communiquez pas votre vrai nom, votre adresse ou vos coordonn\u00e9es.<\/li>\n<li>Utilisez un surnom neutre et \u00e9vitez de montrer des objets ou des lieux personnels \u00e0 la cam\u00e9ra.<\/li>\n<li>Si une discussion vous met mal \u00e0 l'aise, mettez-y fin imm\u00e9diatement, sans explication.<\/li>\n<li>M\u00e9fiez-vous des liens suspects ou des demandes de photos priv\u00e9es.<\/li>\n<li>Utilisez la fonction \"signaler\" du Omegle pour tout comportement abusif ou inappropri\u00e9.<\/li>\n<\/ul>\n<p>La plupart des gens sont l\u00e0 pour s'amuser ou avoir une conversation amicale, mais il est toujours pr\u00e9f\u00e9rable d'\u00eatre prudent.<\/p>\n<h2>Qui utilise le syst\u00e8me de chat vid\u00e9o Omegle ?<\/h2>\n<p>Omegle attire un public tr\u00e8s diversifi\u00e9, notamment :<\/p>\n<ul>\n<li>Adolescents et \u00e9tudiants cherchant \u00e0 rencontrer des gens d'ailleurs<\/li>\n<li>Les apprenants en langues s'exercent avec des locuteurs natifs<\/li>\n<li>C\u00e9libataires int\u00e9ress\u00e9s par un flirt occasionnel ou du plaisir<\/li>\n<li>Les noctambules qui s'ennuient recherchent de la compagnie et de la conversation<\/li>\n<li>Voyageurs curieux, artistes, musiciens, et tout le monde en g\u00e9n\u00e9ral<\/li>\n<\/ul>\n<p>Quelle que soit votre humeur ou votre origine, vous trouverez tous les types de personnalit\u00e9 sur Omegle.<\/p>\n<h2>Conseils pour une meilleure exp\u00e9rience de chat vid\u00e9o Omegle<\/h2>\n<ul>\n<li>Souriez et soyez aimable - la premi\u00e8re impression compte, m\u00eame en ligne.<\/li>\n<li>Utilisez des \u00e9tiquettes d'int\u00e9r\u00eat pour trouver des personnes qui partagent vos hobbies ou vos passions.<\/li>\n<li>Posez des questions ouvertes pour que la conversation se poursuive.<\/li>\n<li>Ne vous laissez pas d\u00e9courager par des conversations courtes ou maladroites - la prochaine pourrait \u00eatre inoubliable.<\/li>\n<li>Essayez diff\u00e9rents moments de la journ\u00e9e pour rencontrer des gens du monde entier.<\/li>\n<\/ul>\n<h2>Quand utiliser le chat vid\u00e9o Omegle<\/h2>\n<ul>\n<li>Lorsque vous vous ennuyez et que vous voulez rencontrer quelqu'un de nouveau<\/li>\n<li>Pratiquer une nouvelle langue dans un contexte d\u00e9tendu et r\u00e9el<\/li>\n<li>Pour des rires spontan\u00e9s, des conversations profondes ou une compagnie rapide<\/li>\n<li>Si vous \u00eates curieux de conna\u00eetre la vie dans d'autres pays<\/li>\n<li>Chaque fois que vous souhaitez une connexion r\u00e9elle, non sc\u00e9naris\u00e9e - sans filtre, sans pression<\/li>\n<\/ul>\n<h2>Gratuit ou payant : y a-t-il un pi\u00e8ge ?<\/h2>\n<p>Le chat vid\u00e9o de Omegle est totalement gratuit. Il n'y a pas d'abonnement ni de frais cach\u00e9s. Certains sites tiers proposent des services de chat \"premium\", mais tout ce dont vous avez besoin pour une v\u00e9ritable exp\u00e9rience Omegle est gratuit - toujours.<\/p>\n<p>Le chat vid\u00e9o Omegle reste l'un des meilleurs moyens de rencontrer des inconnus, de se faire des amis et de profiter de conversations spontan\u00e9es en temps r\u00e9el, o\u00f9 que vous soyez dans le monde. Il suffit d'une webcam et d'un clic pour d\u00e9couvrir des histoires, des cultures, des amiti\u00e9s et peut-\u00eatre m\u00eame une petite histoire d'amour - sans inscription, sans tracas et sans limites.<\/p>\n<p>Alors pourquoi ne pas essayer ? Votre prochaine conversation pr\u00e9f\u00e9r\u00e9e pourrait n'\u00eatre qu'\u00e0 un seul chat vid\u00e9o Omegle.<\/p>","protected":false},"excerpt":{"rendered":"<p>When it comes to spontaneous, exciting, and truly random online conversations, Omegle video chat is where it all began. For over a decade, Omegle has been the go-to platform for anyone who wants to meet new people without leaving home. Whether you\u2019re looking to make friends, have a laugh, flirt a little, or just satisfy [&hellip;]<\/p>\n","protected":false},"author":8,"featured_media":0,"parent":0,"menu_order":0,"comment_status":"closed","ping_status":"closed","template":"","meta":{"footnotes":""},"class_list":["post-4175","page","type-page","status-publish","hentry"],"yoast_head":"<!-- This site is optimized with the Yoast SEO plugin v27.4 - https:\/\/yoast.com\/product\/yoast-seo-wordpress\/ -->\n<title>Omegle Video Chat with Video Chat on TinyChat.com<\/title>\n<meta name=\"description\" content=\"Enjoying Omegle Video Chat? Join over 50,000,000 strangers on TinyChat! Turn on your cam and start meeting new people, or find a match.\" \/>\n<meta name=\"robots\" content=\"index, follow, max-snippet:-1, max-image-preview:large, max-video-preview:-1\" \/>\n<link rel=\"canonical\" href=\"https:\/\/tinychat.com\/fr\/omegle-video-chat\/\" \/>\n<meta property=\"og:locale\" content=\"fr_FR\" \/>\n<meta property=\"og:type\" content=\"article\" \/>\n<meta property=\"og:title\" content=\"Omegle Video Chat with Video Chat on TinyChat.com\" \/>\n<meta property=\"og:description\" content=\"Enjoying Omegle Video Chat? Join over 50,000,000 strangers on TinyChat! Turn on your cam and start meeting new people, or find a match.\" \/>\n<meta property=\"og:url\" content=\"https:\/\/tinychat.com\/fr\/omegle-video-chat\/\" \/>\n<meta property=\"og:site_name\" content=\"TinyChat\" \/>\n<meta property=\"article:publisher\" content=\"https:\/\/www.facebook.com\/tinychat\" \/>\n<meta property=\"article:modified_time\" content=\"2025-07-21T09:54:59+00:00\" \/>\n<meta property=\"og:image\" content=\"https:\/\/tinychat.com\/wp-content\/uploads\/2020\/04\/Tinychat-logo-1280x284-new-black.png\" \/>\n\t<meta property=\"og:image:width\" content=\"1280\" \/>\n\t<meta property=\"og:image:height\" content=\"284\" \/>\n\t<meta property=\"og:image:type\" content=\"image\/png\" \/>\n<meta name=\"twitter:card\" content=\"summary_large_image\" \/>\n<meta name=\"twitter:site\" content=\"@tinychat\" \/>\n<meta name=\"twitter:label1\" content=\"Dur\u00e9e de lecture estim\u00e9e\" \/>\n\t<meta name=\"twitter:data1\" content=\"5 minutes\" \/>\n<script type=\"application\/ld+json\" class=\"yoast-schema-graph\">{\"@context\":\"https:\\\/\\\/schema.org\",\"@graph\":[{\"@type\":\"WebPage\",\"@id\":\"https:\\\/\\\/tinychat.com\\\/omegle-video-chat\\\/\",\"url\":\"https:\\\/\\\/tinychat.com\\\/omegle-video-chat\\\/\",\"name\":\"Omegle Video Chat with Video Chat on TinyChat.com\",\"isPartOf\":{\"@id\":\"https:\\\/\\\/tinychat.com\\\/#website\"},\"datePublished\":\"2021-05-23T16:10:09+00:00\",\"dateModified\":\"2025-07-21T09:54:59+00:00\",\"description\":\"Enjoying Omegle Video Chat? Join over 50,000,000 strangers on TinyChat! Turn on your cam and start meeting new people, or find a match.\",\"breadcrumb\":{\"@id\":\"https:\\\/\\\/tinychat.com\\\/omegle-video-chat\\\/#breadcrumb\"},\"inLanguage\":\"fr-FR\",\"potentialAction\":[{\"@type\":\"ReadAction\",\"target\":[\"https:\\\/\\\/tinychat.com\\\/omegle-video-chat\\\/\"]}]},{\"@type\":\"BreadcrumbList\",\"@id\":\"https:\\\/\\\/tinychat.com\\\/omegle-video-chat\\\/#breadcrumb\",\"itemListElement\":[{\"@type\":\"ListItem\",\"position\":1,\"name\":\"Home\",\"item\":\"https:\\\/\\\/tinychat.com\\\/\"},{\"@type\":\"ListItem\",\"position\":2,\"name\":\"Omegle Video Chat\"}]},{\"@type\":\"WebSite\",\"@id\":\"https:\\\/\\\/tinychat.com\\\/#website\",\"url\":\"https:\\\/\\\/tinychat.com\\\/\",\"name\":\"TinyChat\",\"description\":\"Random Video Chat with Strangers\",\"publisher\":{\"@id\":\"https:\\\/\\\/tinychat.com\\\/#organization\"},\"alternateName\":\"TinyChat.com\",\"potentialAction\":[{\"@type\":\"SearchAction\",\"target\":{\"@type\":\"EntryPoint\",\"urlTemplate\":\"https:\\\/\\\/tinychat.com\\\/?s={search_term_string}\"},\"query-input\":{\"@type\":\"PropertyValueSpecification\",\"valueRequired\":true,\"valueName\":\"search_term_string\"}}],\"inLanguage\":\"fr-FR\"},{\"@type\":\"Organization\",\"@id\":\"https:\\\/\\\/tinychat.com\\\/#organization\",\"name\":\"TinyChat\",\"alternateName\":\"TinyChat.com\",\"url\":\"https:\\\/\\\/tinychat.com\\\/\",\"logo\":{\"@type\":\"ImageObject\",\"inLanguage\":\"fr-FR\",\"@id\":\"https:\\\/\\\/tinychat.com\\\/#\\\/schema\\\/logo\\\/image\\\/\",\"url\":\"https:\\\/\\\/tinychat.com\\\/wp-content\\\/uploads\\\/2023\\\/11\\\/Tinychat-icon-square.png\",\"contentUrl\":\"https:\\\/\\\/tinychat.com\\\/wp-content\\\/uploads\\\/2023\\\/11\\\/Tinychat-icon-square.png\",\"width\":284,\"height\":284,\"caption\":\"TinyChat\"},\"image\":{\"@id\":\"https:\\\/\\\/tinychat.com\\\/#\\\/schema\\\/logo\\\/image\\\/\"},\"sameAs\":[\"https:\\\/\\\/www.facebook.com\\\/tinychat\",\"https:\\\/\\\/x.com\\\/tinychat\"]}]}<\/script>\n<!-- \/ Yoast SEO plugin. -->","yoast_head_json":{"title":"Omegle Video Chat avec Video Chat sur TinyChat.com","description":"Vous aimez le chat vid\u00e9o sur Omegle ? Rejoignez plus de 50 000 000 d'inconnus sur TinyChat ! Allumez votre cam\u00e9ra et commencez \u00e0 rencontrer de nouvelles personnes, ou trouvez un partenaire.","robots":{"index":"index","follow":"follow","max-snippet":"max-snippet:-1","max-image-preview":"max-image-preview:large","max-video-preview":"max-video-preview:-1"},"canonical":"https:\/\/tinychat.com\/fr\/omegle-video-chat\/","og_locale":"fr_FR","og_type":"article","og_title":"Omegle Video Chat with Video Chat on TinyChat.com","og_description":"Enjoying Omegle Video Chat? Join over 50,000,000 strangers on TinyChat! Turn on your cam and start meeting new people, or find a match.","og_url":"https:\/\/tinychat.com\/fr\/omegle-video-chat\/","og_site_name":"TinyChat","article_publisher":"https:\/\/www.facebook.com\/tinychat","article_modified_time":"2025-07-21T09:54:59+00:00","og_image":[{"width":1280,"height":284,"url":"https:\/\/tinychat.com\/wp-content\/uploads\/2020\/04\/Tinychat-logo-1280x284-new-black.png","type":"image\/png"}],"twitter_card":"summary_large_image","twitter_site":"@tinychat","twitter_misc":{"Dur\u00e9e de lecture estim\u00e9e":"5 minutes"},"schema":{"@context":"https:\/\/schema.org","@graph":[{"@type":"WebPage","@id":"https:\/\/tinychat.com\/omegle-video-chat\/","url":"https:\/\/tinychat.com\/omegle-video-chat\/","name":"Omegle Video Chat avec Video Chat sur TinyChat.com","isPartOf":{"@id":"https:\/\/tinychat.com\/#website"},"datePublished":"2021-05-23T16:10:09+00:00","dateModified":"2025-07-21T09:54:59+00:00","description":"Vous aimez le chat vid\u00e9o sur Omegle ? Rejoignez plus de 50 000 000 d'inconnus sur TinyChat ! Allumez votre cam\u00e9ra et commencez \u00e0 rencontrer de nouvelles personnes, ou trouvez un partenaire.","breadcrumb":{"@id":"https:\/\/tinychat.com\/omegle-video-chat\/#breadcrumb"},"inLanguage":"fr-FR","potentialAction":[{"@type":"ReadAction","target":["https:\/\/tinychat.com\/omegle-video-chat\/"]}]},{"@type":"BreadcrumbList","@id":"https:\/\/tinychat.com\/omegle-video-chat\/#breadcrumb","itemListElement":[{"@type":"ListItem","position":1,"name":"Home","item":"https:\/\/tinychat.com\/"},{"@type":"ListItem","position":2,"name":"Omegle Video Chat"}]},{"@type":"WebSite","@id":"https:\/\/tinychat.com\/#website","url":"https:\/\/tinychat.com\/","name":"TinyChat","description":"Chat vid\u00e9o al\u00e9atoire avec des inconnus","publisher":{"@id":"https:\/\/tinychat.com\/#organization"},"alternateName":"TinyChat.com","potentialAction":[{"@type":"SearchAction","target":{"@type":"EntryPoint","urlTemplate":"https:\/\/tinychat.com\/?s={search_term_string}"},"query-input":{"@type":"PropertyValueSpecification","valueRequired":true,"valueName":"search_term_string"}}],"inLanguage":"fr-FR"},{"@type":"Organization","@id":"https:\/\/tinychat.com\/#organization","name":"TinyChat","alternateName":"TinyChat.com","url":"https:\/\/tinychat.com\/","logo":{"@type":"ImageObject","inLanguage":"fr-FR","@id":"https:\/\/tinychat.com\/#\/schema\/logo\/image\/","url":"https:\/\/tinychat.com\/wp-content\/uploads\/2023\/11\/Tinychat-icon-square.png","contentUrl":"https:\/\/tinychat.com\/wp-content\/uploads\/2023\/11\/Tinychat-icon-square.png","width":284,"height":284,"caption":"TinyChat"},"image":{"@id":"https:\/\/tinychat.com\/#\/schema\/logo\/image\/"},"sameAs":["https:\/\/www.facebook.com\/tinychat","https:\/\/x.com\/tinychat"]}]}},"_links":{"self":[{"href":"https:\/\/tinychat.com\/fr\/wp-json\/wp\/v2\/pages\/4175","targetHints":{"allow":["GET"]}}],"collection":[{"href":"https:\/\/tinychat.com\/fr\/wp-json\/wp\/v2\/pages"}],"about":[{"href":"https:\/\/tinychat.com\/fr\/wp-json\/wp\/v2\/types\/page"}],"author":[{"embeddable":true,"href":"https:\/\/tinychat.com\/fr\/wp-json\/wp\/v2\/users\/8"}],"replies":[{"embeddable":true,"href":"https:\/\/tinychat.com\/fr\/wp-json\/wp\/v2\/comments?post=4175"}],"version-history":[{"count":3,"href":"https:\/\/tinychat.com\/fr\/wp-json\/wp\/v2\/pages\/4175\/revisions"}],"predecessor-version":[{"id":13333,"href":"https:\/\/tinychat.com\/fr\/wp-json\/wp\/v2\/pages\/4175\/revisions\/13333"}],"wp:attachment":[{"href":"https:\/\/tinychat.com\/fr\/wp-json\/wp\/v2\/media?parent=4175"}],"curies":[{"name":"wp","href":"https:\/\/api.w.org\/{rel}","templated":true}]}}