{"id":4831,"date":"2025-09-03T08:00:01","date_gmt":"2025-09-03T06:00:01","guid":{"rendered":"https:\/\/tinychat.com\/?page_id=4831"},"modified":"2025-09-03T12:22:10","modified_gmt":"2025-09-03T10:22:10","slug":"free-random-chat-with-girls","status":"publish","type":"page","link":"https:\/\/tinychat.com\/fr\/free-random-chat-with-girls\/","title":{"rendered":"Chat al\u00e9atoire gratuit avec des filles"},"content":{"rendered":"<p>Lorsque vous \u00eates en ligne et que vous cherchez \u00e0 rencontrer quelqu'un de nouveau, il y a quelque chose d'excitant \u00e0 se connecter face \u00e0 face en temps r\u00e9el. C'est l\u00e0 que le chat gratuit avec des filles entre en jeu. Au lieu de parcourir des profils interminables ou d'attendre des messages sur des applications de rencontre, vous pouvez cliquer sur un bouton et d\u00e9marrer instantan\u00e9ment une conversation en direct avec une femme quelque part dans le monde.<\/p>\n<p>C'est rapide, spontan\u00e9 et, surtout, enti\u00e8rement gratuit. Que vous soyez \u00e0 la recherche d'un chat d\u00e9contract\u00e9, de nouvelles amiti\u00e9s ou d'un moment de flirt, le chat al\u00e9atoire avec des filles en ligne vous permet de vous connecter facilement sans engagement.<\/p>\n<h2>Qu'est-ce que le chat al\u00e9atoire gratuit avec des filles ?<\/h2>\n<p>Le chat al\u00e9atoire gratuit avec des filles est un service en ligne qui vous permet de vous connecter instantan\u00e9ment avec des femmes par vid\u00e9o, texte ou audio. La partie \"al\u00e9atoire\" signifie que vous ne savez jamais qui vous rencontrerez ensuite - il peut s'agir d'une personne dans votre ville ou \u00e0 l'autre bout du monde.<\/p>\n<p>Contrairement aux applications de rencontre traditionnelles qui exigent des biographies, des photos et de longs d\u00e9lais d'attente, les plateformes de chat al\u00e9atoire sont ax\u00e9es sur l'excitation de l'imm\u00e9diatet\u00e9 :<\/p>\n<ul>\n<li>Cliquez et connectez-vous - Rencontrez instantan\u00e9ment une fille en ligne.<\/li>\n<li>Sans frais - De nombreuses plateformes vous permettent de chatter gratuitement.<\/li>\n<li>Options d'anonymat - Restez discret ou utilisez un pseudonyme jusqu'\u00e0 ce que vous soyez pr\u00eat \u00e0 en dire plus.<\/li>\n<li>Flexibilit\u00e9 - Passez du texte \u00e0 l'audio et \u00e0 la vid\u00e9o en fonction de votre niveau de confort.<\/li>\n<\/ul>\n<p>Ce type de chat est plus authentique car il n'est pas sc\u00e9naris\u00e9 : vous rencontrez de vraies personnes dans l'instant.<\/p>\n<h2>Pourquoi essayer le chat vid\u00e9o al\u00e9atoire avec des filles en ligne ?<\/h2>\n<p>Alors, pourquoi tant de gens cherchent-ils sp\u00e9cifiquement des moyens de chatter avec des filles au hasard en ligne gratuitement ? Voici quelques-unes des principales raisons :<\/p>\n<ul>\n<li>Interaction instantan\u00e9e - Vous n'avez pas besoin de passer du temps \u00e0 cr\u00e9er un profil ou \u00e0 attendre des r\u00e9ponses.<\/li>\n<li>Connexions authentiques - La vid\u00e9o en direct donne l'impression que les conversations sont r\u00e9elles et non mises en sc\u00e8ne.<\/li>\n<li>Diverses exp\u00e9riences - Chaque chat est diff\u00e9rent ; l'un peut \u00eatre stupide, l'autre profond, l'autre flirtant.<\/li>\n<li>Faible pression - Si vous ne le sentez pas, cliquez sur \"suivant\" et passez \u00e0 autre chose.<\/li>\n<li>Possibilit\u00e9 de romance - De nombreuses amiti\u00e9s et relations ont vu le jour sur des sites de chat al\u00e9atoires.<\/li>\n<\/ul>\n<blockquote><p>\"J'ai essay\u00e9 une webcam gratuite avec des filles juste pour le plaisir, mais j'ai fini par rencontrer quelqu'un avec qui je parle depuis des mois maintenant. On ne sait jamais ce qui va se passer quand on clique sur 'Start'\".<\/p><\/blockquote>\n<h2>Comment fonctionne le chat al\u00e9atoire gratuit avec des filles<\/h2>\n<p>La mise en route est incroyablement simple :<\/p>\n<ol>\n<li>Choisissez une plateforme - Choisissez un site ou une application de chat al\u00e9atoire gratuit qui propose des filtres de genre.<\/li>\n<li>Activez votre appareil photo et votre micro - Ou commencez par un chat textuel si vous pr\u00e9f\u00e9rez.<\/li>\n<li>Cliquez sur connecter - Le syst\u00e8me vous met instantan\u00e9ment en relation avec une fille al\u00e9atoire en ligne.<\/li>\n<li>Discutez, riez et voyez o\u00f9 cela m\u00e8ne - Restez aussi longtemps que vous le souhaitez tous les deux.<\/li>\n<li>Passez quand vous \u00eates pr\u00eat - Si la conversation n'est pas int\u00e9ressante, appuyez sur \"suivant\" pour rencontrer quelqu'un d'autre.<\/li>\n<\/ol>\n<p>La plupart des plateformes sont bas\u00e9es sur un navigateur, mais nombre d'entre elles disposent \u00e9galement d'applications mobiles permettant de discuter en d\u00e9placement.<\/p>\n<h2>Meilleures plateformes pour le chat al\u00e9atoire gratuit avec des filles<\/h2>\n<p>Voici quelques-unes des options les plus populaires et les plus fiables si vous \u00eates pr\u00eat \u00e0 essayer vous-m\u00eame :<\/p>\n<ul>\n<li>CooMeet - Con\u00e7u sp\u00e9cialement pour chatter avec des femmes ; toutes les utilisatrices sont v\u00e9rifi\u00e9es.<\/li>\n<li>LuckyCrush - Met en relation instantan\u00e9ment des hommes et des femmes du monde entier.<\/li>\n<li>Chatspin - Propose un chat vid\u00e9o gratuit et al\u00e9atoire avec des filtres de genre optionnels.<\/li>\n<li>Chatrandom - Comprend un mode de chat \"r\u00e9serv\u00e9 aux filles\" et des salles \u00e0 th\u00e8me.<\/li>\n<li>TinyChat - Une plateforme davantage ax\u00e9e sur la communaut\u00e9, avec des salles de groupe et des salles priv\u00e9es.<\/li>\n<li>Bazoocam - Chat vid\u00e9o al\u00e9atoire simple et rapide, populaire en Europe.<\/li>\n<\/ul>\n<h2>Chat al\u00e9atoire gratuit avec des filles vs. chat al\u00e9atoire normal<\/h2>\n<p>Quelle est la diff\u00e9rence entre une discussion g\u00e9n\u00e9rale au hasard et une discussion ax\u00e9e sur les filles ?<\/p>\n<table>\n<thead>\n<tr>\n<th>Fonctionnalit\u00e9<\/th>\n<th>Discussion g\u00e9n\u00e9rale al\u00e9atoire<\/th>\n<th>Chat al\u00e9atoire gratuit avec des filles<\/th>\n<\/tr>\n<\/thead>\n<tbody>\n<tr>\n<td>Filtres de genre<\/td>\n<td>\u274c Limit\u00e9e<\/td>\n<td>\u2705 Oui (filles uniquement)<\/td>\n<\/tr>\n<tr>\n<td>Une exp\u00e9rience cibl\u00e9e<\/td>\n<td>\u274c Mixte<\/td>\n<td>\u2705 Plus cibl\u00e9<\/td>\n<\/tr>\n<tr>\n<td>Ambiance d\u00e9contract\u00e9e ou flirteuse<\/td>\n<td>\u26a0\ufe0f Mixte<\/td>\n<td>Souvent en train de flirter ou de socialiser<\/td>\n<\/tr>\n<tr>\n<td>Plates-formes populaires<\/td>\n<td>Omegle, Chatroulette<\/td>\n<td>CooMeet, LuckyCrush, Chatspin<\/td>\n<\/tr>\n<\/tbody>\n<\/table>\n<p>Si vous cherchez sp\u00e9cifiquement \u00e0 entrer en contact avec des femmes, l'utilisation d'une plateforme qui propose un filtrage par sexe vous permet de gagner du temps et d'\u00e9viter les frustrations.<\/p>\n<h2>Rester en s\u00e9curit\u00e9 en discutant avec des filles en ligne<\/h2>\n<p>Bien que la plupart des gens soient amicaux et sinc\u00e8res, vous devez toujours garder la s\u00e9curit\u00e9 \u00e0 l'esprit :<\/p>\n<ul>\n<li>Restez anonyme dans un premier temps - Ne communiquez pas tout de suite vos donn\u00e9es personnelles.<\/li>\n<li>Soyez attentif \u00e0 la cam\u00e9ra - Gardez un arri\u00e8re-plan neutre.<\/li>\n<li>Respecter les limites - Traitez les gens comme vous aimeriez \u00eatre trait\u00e9.<\/li>\n<li>\u00c9vitez de partager des liens ou des fichiers - Contentez-vous de discuter sur la plateforme.<\/li>\n<li>Signaler les utilisateurs inappropri\u00e9s - Les bonnes plateformes disposent d'outils de signalement - utilisez-les.<\/li>\n<\/ul>\n<p>La s\u00e9curit\u00e9 garantit que l'exp\u00e9rience reste amusante et sans souci.<\/p>\n<h2>Pourquoi les filles s'inscrivent-elles sur des plateformes de chat al\u00e9atoires ?<\/h2>\n<p>Vous vous demandez peut-\u00eatre pourquoi tant de femmes en ligne cherchent \u00e0 discuter avec des inconnus ? Les raisons sont aussi vari\u00e9es que les personnes que vous rencontrerez :<\/p>\n<ul>\n<li>Je cherche \u00e0 m'amuser et \u00e0 rire pendant les p\u00e9riodes de repos.<\/li>\n<li>Curiosit\u00e9 de rencontrer des personnes d'autres pays.<\/li>\n<li>Amiti\u00e9 et connexion, surtout s'ils travaillent ou \u00e9tudient \u00e0 distance.<\/li>\n<li>Pratique de la langue avec des locuteurs natifs.<\/li>\n<li>Possibilit\u00e9s de flirt ou de rencontres occasionnelles.<\/li>\n<\/ul>\n<p>En sachant cela, il est plus facile d'aborder chaque discussion avec ouverture et respect.<\/p>\n<h2>Conseils pour une bonne discussion al\u00e9atoire avec les filles<\/h2>\n<p>Vous voulez vous d\u00e9marquer et rendre les conversations plus agr\u00e9ables ? Essayez ceci :<\/p>\n<ul>\n<li>Commencez par un sourire - Une attitude amicale permet de briser la glace.<\/li>\n<li>Posez des questions - Faites preuve d'une v\u00e9ritable curiosit\u00e9 \u00e0 l'\u00e9gard de sa vie ou de ses centres d'int\u00e9r\u00eat.<\/li>\n<li>Restez l\u00e9ger - L'humour est souvent plus efficace que les sujets lourds au d\u00e9but.<\/li>\n<li>Respectez son rythme - Si elle n'est pas \u00e0 l'aise avec la vid\u00e9o, contentez-vous du texte ou de l'audio.<\/li>\n<li>Soyez pr\u00eat \u00e0 sauter poliment - Toutes les correspondances ne se font pas, et c'est tr\u00e8s bien ainsi.<\/li>\n<\/ul>\n<h2>Avantages du chat webcam gratuit avec des filles<\/h2>\n<p>Le m\u00e9lange d'accessibilit\u00e9 et de vari\u00e9t\u00e9 rend ce type de chat attrayant :<\/p>\n<ul>\n<li>Gratuit\u00e9 - De nombreux services vous permettent de chatter gratuitement.<\/li>\n<li>Pas de pression - Vous n'\u00eates pas li\u00e9 si le chat ne fonctionne pas.<\/li>\n<li>Vari\u00e9t\u00e9 de personnes - Rencontrez des femmes de cultures, d'int\u00e9r\u00eats et de milieux diff\u00e9rents.<\/li>\n<li>Possibilit\u00e9 de connexion - Des petits rires aux amiti\u00e9s durables, tout peut arriver.<\/li>\n<li>Disponibilit\u00e9 24\/7 - Quelqu'un, quelque part, est toujours en ligne.<\/li>\n<\/ul>\n<h2>Quand utiliser le chat vid\u00e9o al\u00e9atoire avec les filles<\/h2>\n<p>Il n'y a pas de mauvais moment pour essayer, mais c'est particuli\u00e8rement bon pour :<\/p>\n<ul>\n<li>L'ennui de fin de soir\u00e9e quand on a besoin de compagnie.<\/li>\n<li>Je voyage et je cherche \u00e0 rencontrer des gens du pays virtuellement.<\/li>\n<li>S'exercer \u00e0 la conversation ou \u00e0 l'apprentissage d'une nouvelle langue.<\/li>\n<li>Flirter et voir si des \u00e9tincelles jaillissent.<\/li>\n<li>\u00c9largir son cercle social sans pression.<\/li>\n<\/ul>\n<h2>R\u00e9flexions finales<\/h2>\n<p>Le chat gratuit et al\u00e9atoire avec des filles est l'un des moyens les plus excitants de rencontrer de nouvelles personnes en ligne. C'est un moyen spontan\u00e9, flexible et vari\u00e9 - vous ne savez jamais si votre prochain chat sera un moment amusant, un \u00e9change culturel int\u00e9ressant ou le d\u00e9but d'une connexion plus profonde.<\/p>\n<p>Et le plus beau, c'est qu'il ne co\u00fbte rien \u00e0 essayer. L'essai ne co\u00fbte rien. Les plateformes offrant un acc\u00e8s gratuit et instantan\u00e9, tout ce dont vous avez besoin, c'est de curiosit\u00e9 et d'un clic.<\/p>\n<p>Alors si vous \u00eates pr\u00eat \u00e0 rencontrer quelqu'un de nouveau, participez d\u00e8s aujourd'hui \u00e0 un chat gratuit avec des filles sur une webcam al\u00e9atoire - vous pourriez \u00eatre surpris par les personnes qui attendent de vous parler.<\/p>","protected":false},"excerpt":{"rendered":"<p>When you\u2019re online looking to meet someone new, there\u2019s something exciting about connecting face-to-face in real time. That\u2019s where free random chat with girls comes in. Instead of swiping through endless profiles or waiting for messages on dating apps, you can click one button and instantly start a live conversation with a woman somewhere in [&hellip;]<\/p>\n","protected":false},"author":8,"featured_media":0,"parent":0,"menu_order":0,"comment_status":"closed","ping_status":"closed","template":"","meta":{"footnotes":""},"class_list":["post-4831","page","type-page","status-publish","hentry"],"yoast_head":"<!-- This site is optimized with the Yoast SEO plugin v27.4 - https:\/\/yoast.com\/product\/yoast-seo-wordpress\/ -->\n<title>Free Random Chat With Girls on TinyChat.com<\/title>\n<meta name=\"description\" content=\"Enjoying Free Random Chat With Girls? Join over 50,000,000 strangers on TinyChat! Turn on your cam and start meeting new people, or find a match.\" \/>\n<meta name=\"robots\" content=\"index, follow, max-snippet:-1, max-image-preview:large, max-video-preview:-1\" \/>\n<link rel=\"canonical\" href=\"https:\/\/tinychat.com\/fr\/free-random-chat-with-girls\/\" \/>\n<meta property=\"og:locale\" content=\"fr_FR\" \/>\n<meta property=\"og:type\" content=\"article\" \/>\n<meta property=\"og:title\" content=\"Free Random Chat With Girls on TinyChat.com\" \/>\n<meta property=\"og:description\" content=\"Enjoying Free Random Chat With Girls? Join over 50,000,000 strangers on TinyChat! Turn on your cam and start meeting new people, or find a match.\" \/>\n<meta property=\"og:url\" content=\"https:\/\/tinychat.com\/fr\/free-random-chat-with-girls\/\" \/>\n<meta property=\"og:site_name\" content=\"TinyChat\" \/>\n<meta property=\"article:publisher\" content=\"https:\/\/www.facebook.com\/tinychat\" \/>\n<meta property=\"article:modified_time\" content=\"2025-09-03T10:22:10+00:00\" \/>\n<meta property=\"og:image\" content=\"https:\/\/tinychat.com\/wp-content\/uploads\/2020\/04\/Tinychat-logo-1280x284-new-black.png\" \/>\n\t<meta property=\"og:image:width\" content=\"1280\" \/>\n\t<meta property=\"og:image:height\" content=\"284\" \/>\n\t<meta property=\"og:image:type\" content=\"image\/png\" \/>\n<meta name=\"twitter:card\" content=\"summary_large_image\" \/>\n<meta name=\"twitter:site\" content=\"@tinychat\" \/>\n<meta name=\"twitter:label1\" content=\"Dur\u00e9e de lecture estim\u00e9e\" \/>\n\t<meta name=\"twitter:data1\" content=\"5 minutes\" \/>\n<script type=\"application\/ld+json\" class=\"yoast-schema-graph\">{\"@context\":\"https:\\\/\\\/schema.org\",\"@graph\":[{\"@type\":\"WebPage\",\"@id\":\"https:\\\/\\\/tinychat.com\\\/free-random-chat-with-girls\\\/\",\"url\":\"https:\\\/\\\/tinychat.com\\\/free-random-chat-with-girls\\\/\",\"name\":\"Free Random Chat With Girls on TinyChat.com\",\"isPartOf\":{\"@id\":\"https:\\\/\\\/tinychat.com\\\/#website\"},\"datePublished\":\"2025-09-03T06:00:01+00:00\",\"dateModified\":\"2025-09-03T10:22:10+00:00\",\"description\":\"Enjoying Free Random Chat With Girls? Join over 50,000,000 strangers on TinyChat! Turn on your cam and start meeting new people, or find a match.\",\"breadcrumb\":{\"@id\":\"https:\\\/\\\/tinychat.com\\\/free-random-chat-with-girls\\\/#breadcrumb\"},\"inLanguage\":\"fr-FR\",\"potentialAction\":[{\"@type\":\"ReadAction\",\"target\":[\"https:\\\/\\\/tinychat.com\\\/free-random-chat-with-girls\\\/\"]}]},{\"@type\":\"BreadcrumbList\",\"@id\":\"https:\\\/\\\/tinychat.com\\\/free-random-chat-with-girls\\\/#breadcrumb\",\"itemListElement\":[{\"@type\":\"ListItem\",\"position\":1,\"name\":\"Home\",\"item\":\"https:\\\/\\\/tinychat.com\\\/\"},{\"@type\":\"ListItem\",\"position\":2,\"name\":\"Free Random Chat With Girls\"}]},{\"@type\":\"WebSite\",\"@id\":\"https:\\\/\\\/tinychat.com\\\/#website\",\"url\":\"https:\\\/\\\/tinychat.com\\\/\",\"name\":\"TinyChat\",\"description\":\"Random Video Chat with Strangers\",\"publisher\":{\"@id\":\"https:\\\/\\\/tinychat.com\\\/#organization\"},\"alternateName\":\"TinyChat.com\",\"potentialAction\":[{\"@type\":\"SearchAction\",\"target\":{\"@type\":\"EntryPoint\",\"urlTemplate\":\"https:\\\/\\\/tinychat.com\\\/?s={search_term_string}\"},\"query-input\":{\"@type\":\"PropertyValueSpecification\",\"valueRequired\":true,\"valueName\":\"search_term_string\"}}],\"inLanguage\":\"fr-FR\"},{\"@type\":\"Organization\",\"@id\":\"https:\\\/\\\/tinychat.com\\\/#organization\",\"name\":\"TinyChat\",\"alternateName\":\"TinyChat.com\",\"url\":\"https:\\\/\\\/tinychat.com\\\/\",\"logo\":{\"@type\":\"ImageObject\",\"inLanguage\":\"fr-FR\",\"@id\":\"https:\\\/\\\/tinychat.com\\\/#\\\/schema\\\/logo\\\/image\\\/\",\"url\":\"https:\\\/\\\/tinychat.com\\\/wp-content\\\/uploads\\\/2023\\\/11\\\/Tinychat-icon-square.png\",\"contentUrl\":\"https:\\\/\\\/tinychat.com\\\/wp-content\\\/uploads\\\/2023\\\/11\\\/Tinychat-icon-square.png\",\"width\":284,\"height\":284,\"caption\":\"TinyChat\"},\"image\":{\"@id\":\"https:\\\/\\\/tinychat.com\\\/#\\\/schema\\\/logo\\\/image\\\/\"},\"sameAs\":[\"https:\\\/\\\/www.facebook.com\\\/tinychat\",\"https:\\\/\\\/x.com\\\/tinychat\"]}]}<\/script>\n<!-- \/ Yoast SEO plugin. -->","yoast_head_json":{"title":"Chat al\u00e9atoire gratuit avec des filles sur TinyChat.com","description":"Tu aimes le chat al\u00e9atoire gratuit avec des filles ? Rejoignez plus de 50 000 000 d'inconnus sur TinyChat ! Allumez votre cam\u00e9ra et commencez \u00e0 rencontrer de nouvelles personnes, ou trouvez un partenaire.","robots":{"index":"index","follow":"follow","max-snippet":"max-snippet:-1","max-image-preview":"max-image-preview:large","max-video-preview":"max-video-preview:-1"},"canonical":"https:\/\/tinychat.com\/fr\/free-random-chat-with-girls\/","og_locale":"fr_FR","og_type":"article","og_title":"Free Random Chat With Girls on TinyChat.com","og_description":"Enjoying Free Random Chat With Girls? Join over 50,000,000 strangers on TinyChat! Turn on your cam and start meeting new people, or find a match.","og_url":"https:\/\/tinychat.com\/fr\/free-random-chat-with-girls\/","og_site_name":"TinyChat","article_publisher":"https:\/\/www.facebook.com\/tinychat","article_modified_time":"2025-09-03T10:22:10+00:00","og_image":[{"width":1280,"height":284,"url":"https:\/\/tinychat.com\/wp-content\/uploads\/2020\/04\/Tinychat-logo-1280x284-new-black.png","type":"image\/png"}],"twitter_card":"summary_large_image","twitter_site":"@tinychat","twitter_misc":{"Dur\u00e9e de lecture estim\u00e9e":"5 minutes"},"schema":{"@context":"https:\/\/schema.org","@graph":[{"@type":"WebPage","@id":"https:\/\/tinychat.com\/free-random-chat-with-girls\/","url":"https:\/\/tinychat.com\/free-random-chat-with-girls\/","name":"Chat al\u00e9atoire gratuit avec des filles sur TinyChat.com","isPartOf":{"@id":"https:\/\/tinychat.com\/#website"},"datePublished":"2025-09-03T06:00:01+00:00","dateModified":"2025-09-03T10:22:10+00:00","description":"Tu aimes le chat al\u00e9atoire gratuit avec des filles ? Rejoignez plus de 50 000 000 d'inconnus sur TinyChat ! Allumez votre cam\u00e9ra et commencez \u00e0 rencontrer de nouvelles personnes, ou trouvez un partenaire.","breadcrumb":{"@id":"https:\/\/tinychat.com\/free-random-chat-with-girls\/#breadcrumb"},"inLanguage":"fr-FR","potentialAction":[{"@type":"ReadAction","target":["https:\/\/tinychat.com\/free-random-chat-with-girls\/"]}]},{"@type":"BreadcrumbList","@id":"https:\/\/tinychat.com\/free-random-chat-with-girls\/#breadcrumb","itemListElement":[{"@type":"ListItem","position":1,"name":"Home","item":"https:\/\/tinychat.com\/"},{"@type":"ListItem","position":2,"name":"Free Random Chat With Girls"}]},{"@type":"WebSite","@id":"https:\/\/tinychat.com\/#website","url":"https:\/\/tinychat.com\/","name":"TinyChat","description":"Chat vid\u00e9o al\u00e9atoire avec des inconnus","publisher":{"@id":"https:\/\/tinychat.com\/#organization"},"alternateName":"TinyChat.com","potentialAction":[{"@type":"SearchAction","target":{"@type":"EntryPoint","urlTemplate":"https:\/\/tinychat.com\/?s={search_term_string}"},"query-input":{"@type":"PropertyValueSpecification","valueRequired":true,"valueName":"search_term_string"}}],"inLanguage":"fr-FR"},{"@type":"Organization","@id":"https:\/\/tinychat.com\/#organization","name":"TinyChat","alternateName":"TinyChat.com","url":"https:\/\/tinychat.com\/","logo":{"@type":"ImageObject","inLanguage":"fr-FR","@id":"https:\/\/tinychat.com\/#\/schema\/logo\/image\/","url":"https:\/\/tinychat.com\/wp-content\/uploads\/2023\/11\/Tinychat-icon-square.png","contentUrl":"https:\/\/tinychat.com\/wp-content\/uploads\/2023\/11\/Tinychat-icon-square.png","width":284,"height":284,"caption":"TinyChat"},"image":{"@id":"https:\/\/tinychat.com\/#\/schema\/logo\/image\/"},"sameAs":["https:\/\/www.facebook.com\/tinychat","https:\/\/x.com\/tinychat"]}]}},"_links":{"self":[{"href":"https:\/\/tinychat.com\/fr\/wp-json\/wp\/v2\/pages\/4831","targetHints":{"allow":["GET"]}}],"collection":[{"href":"https:\/\/tinychat.com\/fr\/wp-json\/wp\/v2\/pages"}],"about":[{"href":"https:\/\/tinychat.com\/fr\/wp-json\/wp\/v2\/types\/page"}],"author":[{"embeddable":true,"href":"https:\/\/tinychat.com\/fr\/wp-json\/wp\/v2\/users\/8"}],"replies":[{"embeddable":true,"href":"https:\/\/tinychat.com\/fr\/wp-json\/wp\/v2\/comments?post=4831"}],"version-history":[{"count":4,"href":"https:\/\/tinychat.com\/fr\/wp-json\/wp\/v2\/pages\/4831\/revisions"}],"predecessor-version":[{"id":13493,"href":"https:\/\/tinychat.com\/fr\/wp-json\/wp\/v2\/pages\/4831\/revisions\/13493"}],"wp:attachment":[{"href":"https:\/\/tinychat.com\/fr\/wp-json\/wp\/v2\/media?parent=4831"}],"curies":[{"name":"wp","href":"https:\/\/api.w.org\/{rel}","templated":true}]}}