{"id":51,"date":"2020-04-08T23:24:23","date_gmt":"2020-04-08T21:24:23","guid":{"rendered":"https:\/\/tinychat.com\/?page_id=51"},"modified":"2025-05-03T17:23:14","modified_gmt":"2025-05-03T15:23:14","slug":"rules","status":"publish","type":"page","link":"https:\/\/tinychat.com\/fr\/rules\/","title":{"rendered":"R\u00e8gles"},"content":{"rendered":"<p class=\"\" data-start=\"344\" data-end=\"639\"><a href=\"https:\/\/tinychat.com\/fr\/\">TinyChat<\/a> offre un acc\u00e8s gratuit et anonyme \u00e0 un service d'information et de conseil personnalis\u00e9. <a href=\"https:\/\/tinychat.com\/fr\/\">chat vid\u00e9o al\u00e9atoire<\/a> Aucune inscription n'est requise. Notre objectif est d'offrir une plateforme s\u00fbre, attrayante et respectueuse, semblable \u00e0 d'autres programmes de l'UE. <a href=\"https:\/\/tinychat.com\/fr\/chatroulette\/\">chat<\/a> des sites tels que <a href=\"https:\/\/tinychat.com\/fr\/omegle\/\">Omegle<\/a>o\u00f9 les utilisateurs peuvent profiter d'interactions spontan\u00e9es et rencontrer de nouvelles personnes en ligne.<\/p>\n<p class=\"\" data-start=\"641\" data-end=\"833\">Afin de garantir un environnement positif pour tous les utilisateurs, nous vous demandons de respecter les r\u00e8gles \u00e9nonc\u00e9es ci-dessous. Le non-respect de ces r\u00e8gles peut entra\u00eener une interdiction imm\u00e9diate ou un retrait permanent de la plateforme.<\/p>\n<h2 data-start=\"840\" data-end=\"878\">Comportement interdit sur TinyChat<\/h2>\n<p class=\"\" data-start=\"880\" data-end=\"988\">Afin de pr\u00e9server la s\u00e9curit\u00e9, le respect et la conformit\u00e9 l\u00e9gale, les actions suivantes sont strictement interdites sur les sites suivants <a href=\"https:\/\/tinychat.com\/fr\/\">TinyChat<\/a>:<\/p>\n<ul>\n<li data-start=\"992\" data-end=\"1127\">Acc\u00e8s des mineurs : Les utilisateurs doivent \u00eatre \u00e2g\u00e9s de 18 ans ou plus pour utiliser <a href=\"https:\/\/tinychat.com\/fr\/\">TinyChat<\/a>. L'acc\u00e8s aux personnes de moins de 18 ans est strictement interdit.<\/li>\n<li data-start=\"992\" data-end=\"1127\">Langage ou comportement inappropri\u00e9 : Il est interdit d'utiliser un langage vulgaire, sexuellement explicite, violent ou d\u00e9pressif. Notre plateforme n'est pas un lieu pour les contenus d\u00e9rangeants ou nuisibles.<\/li>\n<li data-start=\"1326\" data-end=\"1556\">Discrimination ou discours haineux : Vous ne devez pas d\u00e9grader, insulter ou attaquer les autres sur la base de la religion, de la race, du sexe, de l'orientation sexuelle, de la nationalit\u00e9 ou de l'\u00e2ge. Toute forme de discours haineux ou de comportement discriminatoire est inacceptable.<\/li>\n<li data-start=\"1560\" data-end=\"1732\">Harc\u00e8lement ou abus : Il est strictement interdit de harceler, d'intimider ou de manquer intentionnellement de respect \u00e0 l'\u00e9gard d'un autre utilisateur, sous quelque forme que ce soit - verbale, visuelle ou autre.<\/li>\n<li data-start=\"1736\" data-end=\"1949\">Nudit\u00e9 partielle sans identification : Vous ne pouvez pas montrer votre torse nu \u00e0 la cam\u00e9ra si votre visage n'est pas clairement visible en m\u00eame temps. Cette r\u00e8gle a pour but d'\u00e9viter l'exposition anonyme \u00e0 la pudeur.<\/li>\n<li data-start=\"1953\" data-end=\"2105\">Nudit\u00e9 ou exposition de sous-v\u00eatements : Il n'est en aucun cas permis d'appara\u00eetre compl\u00e8tement nu ou de ne porter que des sous-v\u00eatements devant la cam\u00e9ra.<\/li>\n<li data-start=\"1953\" data-end=\"2105\">Comportement sexuellement explicite : <span style=\"font-family: -apple-system, BlinkMacSystemFont, 'Segoe UI', Roboto, 'Helvetica Neue', Arial, 'Noto Sans', sans-serif, 'Apple Color Emoji', 'Segoe UI Emoji', 'Segoe UI Symbol', 'Noto Color Emoji';\">Il est strictement interdit de :<\/span>\n<ul>\n<li data-start=\"2178\" data-end=\"2236\">Demander ou contraindre d'autres personnes \u00e0 une activit\u00e9 sexuelle virtuelle.<\/li>\n<li data-start=\"2241\" data-end=\"2281\">Exposer ses parties intimes \u00e0 la cam\u00e9ra.<\/li>\n<li data-start=\"2286\" data-end=\"2355\">Toucher ou simuler le toucher de ses parties g\u00e9nitales lorsqu'il est visible \u00e0 la cam\u00e9ra.<\/li>\n<li data-start=\"2360\" data-end=\"2412\">Faites intentionnellement la mise au point de votre appareil photo en dessous de la poitrine.<\/li>\n<\/ul>\n<\/li>\n<li>Contenu promotionnel ou de redirection : <span style=\"font-family: -apple-system, BlinkMacSystemFont, 'Segoe UI', Roboto, 'Helvetica Neue', Arial, 'Noto Sans', sans-serif, 'Apple Color Emoji', 'Segoe UI Emoji', 'Segoe UI Symbol', 'Noto Color Emoji';\">Vous ne pouvez pas utiliser <a href=\"https:\/\/tinychat.com\/fr\/\">TinyChat<\/a> \u00e0 :<\/span>\n<ul>\n<li>Afficher du texte, des images ou des vid\u00e9os dans le but de rediriger les utilisateurs vers d'autres sites web, plateformes ou services.<\/li>\n<li>Affichez l'\u00e9cran de votre ordinateur, y compris les messages ou les promotions.<\/li>\n<li>Utiliser des \u00e9mulateurs de webcam, des appareils virtuels ou des boucles vid\u00e9o pour induire en erreur ou faire de la publicit\u00e9.<\/li>\n<li>Demander des votes, promouvoir des liens ou vendre des produits ou des services par le biais de toute forme de m\u00e9dia sur la plateforme.<\/li>\n<\/ul>\n<\/li>\n<li>Utilisation ill\u00e9gale ou abusive : <span style=\"font-family: -apple-system, BlinkMacSystemFont, 'Segoe UI', Roboto, 'Helvetica Neue', Arial, 'Noto Sans', sans-serif, 'Apple Color Emoji', 'Segoe UI Emoji', 'Segoe UI Symbol', 'Noto Color Emoji';\">Il est absolument interdit d'utiliser <a href=\"https:\/\/tinychat.com\/fr\/\">TinyChat<\/a> de s'engager dans, de promouvoir ou de faciliter toute forme de :<\/span>\n<ul>\n<li>Traite des \u00eatres humains<\/li>\n<li>Traite des \u00eatres humains<\/li>\n<li>Prostitution<\/li>\n<li>Abus physique ou psychologique<\/li>\n<li>Toute activit\u00e9 ill\u00e9gale impliquant l'exploitation d'autrui<\/li>\n<\/ul>\n<\/li>\n<\/ul>\n<h2 data-start=\"3196\" data-end=\"3222\">D\u00e9p\u00f4t d'une plainte<\/h2>\n<p class=\"\" data-start=\"3224\" data-end=\"3383\">Si vous rencontrez un utilisateur qui enfreint les r\u00e8gles, nous vous encourageons \u00e0 signaler l'incident imm\u00e9diatement. Vous pouvez d\u00e9poser une plainte via notre syst\u00e8me d'assistance.<\/p>\n<p class=\"\" data-start=\"3385\" data-end=\"3551\">Pour un traitement plus rapide et plus efficace, veuillez inclure une capture d'\u00e9cran de la violation lorsque vous d\u00e9posez votre plainte. Cela nous aidera \u00e0 prendre des mesures rapides et pr\u00e9cises.<\/p>\n<h2 data-start=\"3558\" data-end=\"3591\">Application de la loi et interdictions d'utilisation<\/h2>\n<p class=\"\" data-start=\"3593\" data-end=\"3779\"><a href=\"https:\/\/tinychat.com\/fr\/\">TinyChat<\/a> applique une politique de tol\u00e9rance z\u00e9ro \u00e0 l'\u00e9gard des utilisateurs qui enfreignent les r\u00e8gles. Si un utilisateur fait l'objet de plusieurs plaintes, notre syst\u00e8me lui bloquera automatiquement l'acc\u00e8s \u00e0 <a href=\"https:\/\/tinychat.com\/fr\/\">TinyChat<\/a>.<\/p>\n<p class=\"\" data-start=\"3781\" data-end=\"4065\">Nous prenons les signalements au s\u00e9rieux, mais nous tenons compte de plusieurs facteurs avant de prononcer une interdiction permanente. <a href=\"https:\/\/tinychat.com\/fr\/\">TinyChat<\/a> ne peut pas surveiller toutes les interactions en temps r\u00e9el. Nous comptons sur notre communaut\u00e9 pour nous aider \u00e0 maintenir un environnement respectueux. Votre coop\u00e9ration pour signaler les contrevenants est essentielle.<\/p>\n<p class=\"\" data-start=\"4067\" data-end=\"4228\">Ensemble, nous pouvons continuer \u00e0 construire une plateforme s\u00fbre, spontan\u00e9e et amusante pour tous. Merci de nous aider \u00e0 faire de <a href=\"https:\/\/tinychat.com\/fr\/\">TinyChat<\/a> un meilleur endroit pour <a href=\"https:\/\/tinychat.com\/fr\/chatroulette\/\">chat<\/a>.<\/p>","protected":false},"excerpt":{"rendered":"<p>TinyChat provides free, anonymous access to a one-on-one random video chat experience, no registration required. Our goal is to offer a safe, engaging, and respectful platform similar to other chat sites like Omegle, where users can enjoy spontaneous interactions and meet new people online. To ensure a positive environment for all users, we ask that [&hellip;]<\/p>\n","protected":false},"author":1,"featured_media":0,"parent":0,"menu_order":0,"comment_status":"closed","ping_status":"closed","template":"","meta":{"footnotes":""},"class_list":["post-51","page","type-page","status-publish","hentry"],"yoast_head":"<!-- This site is optimized with the Yoast SEO plugin v27.6 - https:\/\/yoast.com\/product\/yoast-seo-wordpress\/ -->\n<title>Rules - TinyChat<\/title>\n<meta name=\"robots\" content=\"index, follow, max-snippet:-1, max-image-preview:large, max-video-preview:-1\" \/>\n<link rel=\"canonical\" href=\"https:\/\/tinychat.com\/fr\/rules\/\" \/>\n<meta property=\"og:locale\" content=\"fr_FR\" \/>\n<meta property=\"og:type\" content=\"article\" \/>\n<meta property=\"og:title\" content=\"Rules - TinyChat\" \/>\n<meta property=\"og:description\" content=\"TinyChat provides free, anonymous access to a one-on-one random video chat experience, no registration required. Our goal is to offer a safe, engaging, and respectful platform similar to other chat sites like Omegle, where users can enjoy spontaneous interactions and meet new people online. To ensure a positive environment for all users, we ask that [&hellip;]\" \/>\n<meta property=\"og:url\" content=\"https:\/\/tinychat.com\/fr\/rules\/\" \/>\n<meta property=\"og:site_name\" content=\"TinyChat\" \/>\n<meta property=\"article:publisher\" content=\"https:\/\/www.facebook.com\/tinychat\" \/>\n<meta property=\"article:modified_time\" content=\"2025-05-03T15:23:14+00:00\" \/>\n<meta property=\"og:image\" content=\"https:\/\/tinychat.com\/wp-content\/uploads\/2020\/04\/Tinychat-logo-1280x284-new-black.png\" \/>\n\t<meta property=\"og:image:width\" content=\"1280\" \/>\n\t<meta property=\"og:image:height\" content=\"284\" \/>\n\t<meta property=\"og:image:type\" content=\"image\/png\" \/>\n<meta name=\"twitter:card\" content=\"summary_large_image\" \/>\n<meta name=\"twitter:site\" content=\"@tinychat\" \/>\n<meta name=\"twitter:label1\" content=\"Dur\u00e9e de lecture estim\u00e9e\" \/>\n\t<meta name=\"twitter:data1\" content=\"3 minutes\" \/>\n<script type=\"application\/ld+json\" class=\"yoast-schema-graph\">{\"@context\":\"https:\\\/\\\/schema.org\",\"@graph\":[{\"@type\":\"WebPage\",\"@id\":\"https:\\\/\\\/tinychat.com\\\/rules\\\/\",\"url\":\"https:\\\/\\\/tinychat.com\\\/rules\\\/\",\"name\":\"Rules - TinyChat\",\"isPartOf\":{\"@id\":\"https:\\\/\\\/tinychat.com\\\/#website\"},\"datePublished\":\"2020-04-08T21:24:23+00:00\",\"dateModified\":\"2025-05-03T15:23:14+00:00\",\"breadcrumb\":{\"@id\":\"https:\\\/\\\/tinychat.com\\\/rules\\\/#breadcrumb\"},\"inLanguage\":\"fr-FR\",\"potentialAction\":[{\"@type\":\"ReadAction\",\"target\":[\"https:\\\/\\\/tinychat.com\\\/rules\\\/\"]}]},{\"@type\":\"BreadcrumbList\",\"@id\":\"https:\\\/\\\/tinychat.com\\\/rules\\\/#breadcrumb\",\"itemListElement\":[{\"@type\":\"ListItem\",\"position\":1,\"name\":\"Home\",\"item\":\"https:\\\/\\\/tinychat.com\\\/\"},{\"@type\":\"ListItem\",\"position\":2,\"name\":\"Rules\"}]},{\"@type\":\"WebSite\",\"@id\":\"https:\\\/\\\/tinychat.com\\\/#website\",\"url\":\"https:\\\/\\\/tinychat.com\\\/\",\"name\":\"TinyChat\",\"description\":\"Random Video Chat with Strangers\",\"publisher\":{\"@id\":\"https:\\\/\\\/tinychat.com\\\/#organization\"},\"alternateName\":\"TinyChat.com\",\"potentialAction\":[{\"@type\":\"SearchAction\",\"target\":{\"@type\":\"EntryPoint\",\"urlTemplate\":\"https:\\\/\\\/tinychat.com\\\/?s={search_term_string}\"},\"query-input\":{\"@type\":\"PropertyValueSpecification\",\"valueRequired\":true,\"valueName\":\"search_term_string\"}}],\"inLanguage\":\"fr-FR\"},{\"@type\":\"Organization\",\"@id\":\"https:\\\/\\\/tinychat.com\\\/#organization\",\"name\":\"TinyChat\",\"alternateName\":\"TinyChat.com\",\"url\":\"https:\\\/\\\/tinychat.com\\\/\",\"logo\":{\"@type\":\"ImageObject\",\"inLanguage\":\"fr-FR\",\"@id\":\"https:\\\/\\\/tinychat.com\\\/#\\\/schema\\\/logo\\\/image\\\/\",\"url\":\"https:\\\/\\\/tinychat.com\\\/wp-content\\\/uploads\\\/2023\\\/11\\\/Tinychat-icon-square.png\",\"contentUrl\":\"https:\\\/\\\/tinychat.com\\\/wp-content\\\/uploads\\\/2023\\\/11\\\/Tinychat-icon-square.png\",\"width\":284,\"height\":284,\"caption\":\"TinyChat\"},\"image\":{\"@id\":\"https:\\\/\\\/tinychat.com\\\/#\\\/schema\\\/logo\\\/image\\\/\"},\"sameAs\":[\"https:\\\/\\\/www.facebook.com\\\/tinychat\",\"https:\\\/\\\/x.com\\\/tinychat\"]}]}<\/script>\n<!-- \/ Yoast SEO plugin. -->","yoast_head_json":{"title":"R\u00e8gles - TinyChat","robots":{"index":"index","follow":"follow","max-snippet":"max-snippet:-1","max-image-preview":"max-image-preview:large","max-video-preview":"max-video-preview:-1"},"canonical":"https:\/\/tinychat.com\/fr\/rules\/","og_locale":"fr_FR","og_type":"article","og_title":"Rules - TinyChat","og_description":"TinyChat provides free, anonymous access to a one-on-one random video chat experience, no registration required. Our goal is to offer a safe, engaging, and respectful platform similar to other chat sites like Omegle, where users can enjoy spontaneous interactions and meet new people online. To ensure a positive environment for all users, we ask that [&hellip;]","og_url":"https:\/\/tinychat.com\/fr\/rules\/","og_site_name":"TinyChat","article_publisher":"https:\/\/www.facebook.com\/tinychat","article_modified_time":"2025-05-03T15:23:14+00:00","og_image":[{"width":1280,"height":284,"url":"https:\/\/tinychat.com\/wp-content\/uploads\/2020\/04\/Tinychat-logo-1280x284-new-black.png","type":"image\/png"}],"twitter_card":"summary_large_image","twitter_site":"@tinychat","twitter_misc":{"Dur\u00e9e de lecture estim\u00e9e":"3 minutes"},"schema":{"@context":"https:\/\/schema.org","@graph":[{"@type":"WebPage","@id":"https:\/\/tinychat.com\/rules\/","url":"https:\/\/tinychat.com\/rules\/","name":"R\u00e8gles - TinyChat","isPartOf":{"@id":"https:\/\/tinychat.com\/#website"},"datePublished":"2020-04-08T21:24:23+00:00","dateModified":"2025-05-03T15:23:14+00:00","breadcrumb":{"@id":"https:\/\/tinychat.com\/rules\/#breadcrumb"},"inLanguage":"fr-FR","potentialAction":[{"@type":"ReadAction","target":["https:\/\/tinychat.com\/rules\/"]}]},{"@type":"BreadcrumbList","@id":"https:\/\/tinychat.com\/rules\/#breadcrumb","itemListElement":[{"@type":"ListItem","position":1,"name":"Home","item":"https:\/\/tinychat.com\/"},{"@type":"ListItem","position":2,"name":"Rules"}]},{"@type":"WebSite","@id":"https:\/\/tinychat.com\/#website","url":"https:\/\/tinychat.com\/","name":"TinyChat","description":"Chat vid\u00e9o al\u00e9atoire avec des inconnus","publisher":{"@id":"https:\/\/tinychat.com\/#organization"},"alternateName":"TinyChat.com","potentialAction":[{"@type":"SearchAction","target":{"@type":"EntryPoint","urlTemplate":"https:\/\/tinychat.com\/?s={search_term_string}"},"query-input":{"@type":"PropertyValueSpecification","valueRequired":true,"valueName":"search_term_string"}}],"inLanguage":"fr-FR"},{"@type":"Organization","@id":"https:\/\/tinychat.com\/#organization","name":"TinyChat","alternateName":"TinyChat.com","url":"https:\/\/tinychat.com\/","logo":{"@type":"ImageObject","inLanguage":"fr-FR","@id":"https:\/\/tinychat.com\/#\/schema\/logo\/image\/","url":"https:\/\/tinychat.com\/wp-content\/uploads\/2023\/11\/Tinychat-icon-square.png","contentUrl":"https:\/\/tinychat.com\/wp-content\/uploads\/2023\/11\/Tinychat-icon-square.png","width":284,"height":284,"caption":"TinyChat"},"image":{"@id":"https:\/\/tinychat.com\/#\/schema\/logo\/image\/"},"sameAs":["https:\/\/www.facebook.com\/tinychat","https:\/\/x.com\/tinychat"]}]}},"_links":{"self":[{"href":"https:\/\/tinychat.com\/fr\/wp-json\/wp\/v2\/pages\/51","targetHints":{"allow":["GET"]}}],"collection":[{"href":"https:\/\/tinychat.com\/fr\/wp-json\/wp\/v2\/pages"}],"about":[{"href":"https:\/\/tinychat.com\/fr\/wp-json\/wp\/v2\/types\/page"}],"author":[{"embeddable":true,"href":"https:\/\/tinychat.com\/fr\/wp-json\/wp\/v2\/users\/1"}],"replies":[{"embeddable":true,"href":"https:\/\/tinychat.com\/fr\/wp-json\/wp\/v2\/comments?post=51"}],"version-history":[{"count":3,"href":"https:\/\/tinychat.com\/fr\/wp-json\/wp\/v2\/pages\/51\/revisions"}],"predecessor-version":[{"id":13052,"href":"https:\/\/tinychat.com\/fr\/wp-json\/wp\/v2\/pages\/51\/revisions\/13052"}],"wp:attachment":[{"href":"https:\/\/tinychat.com\/fr\/wp-json\/wp\/v2\/media?parent=51"}],"curies":[{"name":"wp","href":"https:\/\/api.w.org\/{rel}","templated":true}]}}