{"id":7865,"date":"2025-08-27T08:33:59","date_gmt":"2025-08-27T06:33:59","guid":{"rendered":"https:\/\/tinychat.com\/?page_id=7865"},"modified":"2025-08-27T09:32:44","modified_gmt":"2025-08-27T07:32:44","slug":"talk-with-stranger","status":"publish","type":"page","link":"https:\/\/tinychat.com\/fr\/talk-with-stranger\/","title":{"rendered":"Talk With Stranger"},"content":{"rendered":"<p>Internet regorge de plateformes qui aident les gens \u00e0 se connecter, mais peu d'entre elles offrent l'impr\u00e9visibilit\u00e9 et l'excitation d'un chat al\u00e9atoire. Alors que les m\u00e9dias sociaux se r\u00e9sument \u00e0 des fils d'actualit\u00e9 et \u00e0 des cercles connus, les plateformes de chat al\u00e9atoire ram\u00e8nent la spontan\u00e9it\u00e9 dans le monde en ligne. L'un des services les plus populaires dans ce domaine est Talk With Stranger, une plateforme con\u00e7ue pour rendre les rencontres aussi simples qu'un clic sur un bouton.<\/p>\n<p>Contrairement aux applications de messagerie traditionnelles, Talk With Stranger met l'accent sur l'anonymat, le hasard et l'accessibilit\u00e9. Il vous donne la possibilit\u00e9 de rencontrer des inconnus du monde entier, que ce soit par le biais de salons de discussion ou de conversations individuelles, sans qu'il soit n\u00e9cessaire de s'inscrire. Pour les personnes qui aiment les rencontres impr\u00e9vues, cela en fait une alternative int\u00e9ressante aux grands noms tels que Omegle, Chatroulette et ChatHub.<\/p>\n<p>Dans cet article, nous examinerons de plus pr\u00e8s ce qu'offre Talk With Stranger, ses caract\u00e9ristiques, son mode d'emploi, son exp\u00e9rience utilisateur, ses outils de s\u00e9curit\u00e9 et sa comparaison avec d'autres plateformes.<\/p>\n<h2>Qu'est-ce que Talk With Stranger ?<\/h2>\n<p>Talk With Stranger est une plateforme de chat en ligne gratuite qui vous permet d'entrer en contact avec des inconnus par le biais de chats textuels, vocaux et vid\u00e9o. Son objectif est de permettre aux gens de se rencontrer sans avoir besoin de profils, d'inscriptions compliqu\u00e9es ou d'engagements \u00e0 long terme.<\/p>\n<p>\u00c0 la base, la plateforme a pour but de.. :<\/p>\n<ul>\n<li>Interactions al\u00e9atoires : On ne sait jamais qui on va rencontrer.<\/li>\n<li>Salles ax\u00e9es sur la communaut\u00e9 : Participez \u00e0 des discussions de groupe sur des sujets qui vous int\u00e9ressent.<\/li>\n<li>Anonymat : Discutez sans r\u00e9v\u00e9ler de d\u00e9tails personnels.<\/li>\n<\/ul>\n<p>Il fait partie d'une cat\u00e9gorie croissante de services de chat l\u00e9gers, bas\u00e9s sur un navigateur, qui vous donnent un acc\u00e8s instantan\u00e9 \u00e0 des inconnus, que vous souhaitiez vous faire de nouveaux amis, passer le temps ou simplement voir ce dont les autres parlent.<\/p>\n<h2>Caract\u00e9ristiques principales de Talk With Stranger<\/h2>\n<p>Talk With Stranger offre un m\u00e9lange de nostalgie des salles de chat classiques et d'outils modernes de chat al\u00e9atoire, ce qui le rend attrayant pour un large public.<\/p>\n<h3>1. Salons de discussion publics<\/h3>\n<ul>\n<li>Salles de discussion th\u00e9matiques o\u00f9 se r\u00e9unissent des groupes de personnes.<\/li>\n<li>Les sujets abord\u00e9s vont des loisirs et des sports aux espaces de rencontre d\u00e9contract\u00e9s.<\/li>\n<li>Id\u00e9al pour les utilisateurs qui pr\u00e9f\u00e8rent les conversations de groupe.<\/li>\n<\/ul>\n<h3>2. Chat en t\u00eate-\u00e0-t\u00eate<\/h3>\n<ul>\n<li>Vous vous associez au hasard avec un inconnu pour une conversation directe.<\/li>\n<li>Il peut s'agir d'un texte uniquement ou d'une vid\u00e9o et d'un fichier audio.<\/li>\n<li>Chaque match est priv\u00e9 et temporaire.<\/li>\n<\/ul>\n<h3>3. Options voix et vid\u00e9o<\/h3>\n<ul>\n<li>Allez au-del\u00e0 du texte en activant la webcam et le microphone.<\/li>\n<li>Offre une exp\u00e9rience plus personnelle et authentique.<\/li>\n<\/ul>\n<h3>4. L'anonymat<\/h3>\n<ul>\n<li>Aucune inscription n'est n\u00e9cessaire pour utiliser les fonctions de base.<\/li>\n<li>Vous pouvez rester totalement anonyme pendant le chat.<\/li>\n<\/ul>\n<h3>5. Compatibilit\u00e9 entre appareils<\/h3>\n<ul>\n<li>Fonctionne sur les navigateurs de bureau et mobiles.<\/li>\n<li>Dans certaines r\u00e9gions, l'acc\u00e8s est \u00e9galement possible par le biais d'une application.<\/li>\n<\/ul>\n<h3>6. Interaction communautaire<\/h3>\n<ul>\n<li>Les utilisateurs peuvent ajouter des amis s'ils trouvent quelqu'un d'int\u00e9ressant.<\/li>\n<li>Certaines fonctionnalit\u00e9s permettent des conversations continues plut\u00f4t que des chats ponctuels.<\/li>\n<\/ul>\n<h2>Comment utiliser Talk With Stranger<\/h2>\n<p>Talk With Stranger est con\u00e7u pour \u00eatre aussi simple que possible. Voici comment commencer :<\/p>\n<h3>\u00c9tape 1 : Visiter le site web<\/h3>\n<ul>\n<li>Ouvrez le site officiel de Talk With Stranger dans votre navigateur.<\/li>\n<\/ul>\n<h3>\u00c9tape 2 : Choisir un mode<\/h3>\n<ul>\n<li>Entrer dans un salon de discussion public.<\/li>\n<li>Ou lancez une discussion priv\u00e9e en t\u00eate-\u00e0-t\u00eate.<\/li>\n<\/ul>\n<h3>\u00c9tape 3 : Autoriser les permissions (facultatif)<\/h3>\n<ul>\n<li>Pour le chat vid\u00e9o ou vocal, autorisez l'acc\u00e8s \u00e0 votre cam\u00e9ra et \u00e0 votre microphone.<\/li>\n<\/ul>\n<h3>\u00c9tape 4 : Commencer \u00e0 parler<\/h3>\n<ul>\n<li>Participez \u00e0 la conversation, tapez un message ou activez votre webcam.<\/li>\n<\/ul>\n<h3>\u00c9tape 5 : Continuer \u00e0 explorer<\/h3>\n<ul>\n<li>Changez de salon de discussion ou passez \u00e0 de nouveaux inconnus aussi souvent que vous le souhaitez.<\/li>\n<\/ul>\n<p>Cette approche \"au compte-gouttes\" facilite son utilisation, que vous disposiez de cinq minutes ou d'une soir\u00e9e enti\u00e8re.<\/p>\n<h2>Exp\u00e9rience des utilisateurs sur Talk With Stranger<\/h2>\n<p>Talk With Stranger m\u00e9lange des \u00e9l\u00e9ments des salons de discussion Internet classiques avec des syst\u00e8mes de discussion al\u00e9atoire plus r\u00e9cents.<\/p>\n<h3>Ce que les utilisateurs aiment<\/h3>\n<ul>\n<li>Les salons de discussion publics sont nostalgiques et interactifs.<\/li>\n<li>Les chats individuels sont faciles d'acc\u00e8s et anonymes.<\/li>\n<li>Il prend en charge le texte, la voix et la vid\u00e9o pour plus de souplesse.<\/li>\n<li>Fonctionne sur tous les appareils sans aucun t\u00e9l\u00e9chargement.<\/li>\n<\/ul>\n<h3>Plaintes courantes<\/h3>\n<ul>\n<li>Les salles bond\u00e9es peuvent parfois donner l'impression d'\u00eatre chaotiques.<\/li>\n<li>Les chats al\u00e9atoires en t\u00eate-\u00e0-t\u00eate ne disposent pas de filtres avanc\u00e9s.<\/li>\n<li>La qualit\u00e9 des correspondances d\u00e9pend fortement de la personne qui est en ligne \u00e0 ce moment-l\u00e0.<\/li>\n<\/ul>\n<p>Dans l'ensemble, Talk With Stranger offre une exp\u00e9rience l\u00e9g\u00e8re, ax\u00e9e sur la communaut\u00e9, qui s\u00e9duit les personnes qui regrettent les chatrooms de groupe de l'ancienne \u00e9cole, mais qui souhaitent \u00e9galement b\u00e9n\u00e9ficier de connexions al\u00e9atoires modernes.<\/p>\n<h2>Talk With Stranger vs. autres plateformes<\/h2>\n<p>Voici comment Talk With Stranger se compare \u00e0 d'autres services de chat al\u00e9atoire populaires :<\/p>\n<table>\n<thead>\n<tr>\n<th>Fonctionnalit\u00e9<\/th>\n<th>Talk With Stranger<\/th>\n<th>Omegle<\/th>\n<th>ChatHub<\/th>\n<th>Chat Avenue<\/th>\n<th>Emerald Chat<\/th>\n<th>Y99<\/th>\n<\/tr>\n<\/thead>\n<tbody>\n<tr>\n<td>Salons de discussion publics<\/td>\n<td>\u2705 Oui<\/td>\n<td>\u274c Non<\/td>\n<td>\u274c Non<\/td>\n<td>\u2705 Oui<\/td>\n<td>\u274c Non<\/td>\n<td>\u2705 Oui<\/td>\n<\/tr>\n<tr>\n<td>Chat al\u00e9atoire en t\u00eate-\u00e0-t\u00eate<\/td>\n<td>\u2705 Oui<\/td>\n<td>\u2705 Oui<\/td>\n<td>\u2705 Oui<\/td>\n<td>\u2705 Oui<\/td>\n<td>\u2705 Oui<\/td>\n<td>\u2705 Oui<\/td>\n<\/tr>\n<tr>\n<td>Options voix et vid\u00e9o<\/td>\n<td>\u2705 Oui<\/td>\n<td>\u274c Non<\/td>\n<td>\u2705 Oui<\/td>\n<td>\u274c Non<\/td>\n<td>\u2705 Oui<\/td>\n<td>\u2705 Oui<\/td>\n<\/tr>\n<tr>\n<td>Anonymat<\/td>\n<td>\u2705 Fort<\/td>\n<td>\u2705 Fort<\/td>\n<td>\u2705 Mod\u00e9r\u00e9<\/td>\n<td>\u2705 Mod\u00e9r\u00e9<\/td>\n<td>\u2705 Mod\u00e9r\u00e9<\/td>\n<td>\u2705 Fort<\/td>\n<\/tr>\n<tr>\n<td>Options pour les amis et le profil<\/td>\n<td>\u2705 Limit\u00e9e<\/td>\n<td>\u274c Non<\/td>\n<td>\u2705 Oui<\/td>\n<td>\u274c Non<\/td>\n<td>\u2705 Oui<\/td>\n<td>\u2705 Oui<\/td>\n<\/tr>\n<tr>\n<td>Support inter-appareils<\/td>\n<td>\u2705 Oui<\/td>\n<td>\u2705 Oui<\/td>\n<td>\u2705 Oui<\/td>\n<td>\u2705 Oui<\/td>\n<td>\u2705 Oui<\/td>\n<td>\u2705 Oui<\/td>\n<\/tr>\n<\/tbody>\n<\/table>\n<p>R\u00e9sum\u00e9 : Talk With Stranger offre le meilleur des deux mondes : des salons de discussion communautaires comme Y99 et Chat Avenue, et des chats al\u00e9atoires individuels comme Omegle et ChatHub.<\/p>\n<h2>Talk With Stranger est-il s\u00fbr ?<\/h2>\n<p>Comme pour toutes les plateformes impliquant des inconnus, la s\u00e9curit\u00e9 d\u00e9pend \u00e0 la fois des outils disponibles et du comportement de l'utilisateur.<\/p>\n<h3>Outils de s\u00e9curit\u00e9 int\u00e9gr\u00e9s<\/h3>\n<ul>\n<li>Acc\u00e8s anonyme sans profil obligatoire.<\/li>\n<li>Boutons de signalement\/blocage pour g\u00e9rer les mauvais comportements.<\/li>\n<li>Mod\u00e9ration dans certaines salles publiques.<\/li>\n<\/ul>\n<h3>Conseils de s\u00e9curit\u00e9<\/h3>\n<ul>\n<li>Ne communiquez jamais d'informations personnelles telles que votre nom, votre num\u00e9ro de t\u00e9l\u00e9phone ou votre adresse.<\/li>\n<li>Utilisez le bouton \"sauter\" pour quitter les conversations g\u00eanantes.<\/li>\n<li>Les parents doivent surveiller les jeunes utilisateurs, car la plateforme est ouverte \u00e0 tous.<\/li>\n<li>Restez sur les salons de discussion publics si vous \u00eates nouveau et que vous \u00eates encore en train d'explorer.<\/li>\n<\/ul>\n<h2>Conseils pour tirer le meilleur parti de Talk With Stranger<\/h2>\n<ul>\n<li>Explorez les diff\u00e9rentes salles. Chacune a sa propre culture et son propre ton.<\/li>\n<li>Essayez la voix ou la vid\u00e9o. C'est plus personnel que le texte seul.<\/li>\n<li>Rejoignez-nous pendant les heures de pointe. Plus il y a d'activit\u00e9, plus il y a de rencontres int\u00e9ressantes.<\/li>\n<li>Gardez les conversations l\u00e9g\u00e8res. Les discussions al\u00e9atoires fonctionnent mieux avec des sujets d\u00e9contract\u00e9s et amicaux.<\/li>\n<li>Ne tardez pas \u00e0 passer votre tour. Tous les \u00e9trangers ne conviennent pas forc\u00e9ment.<\/li>\n<\/ul>\n<h2>Probl\u00e8mes courants et solutions<\/h2>\n<h3>Probl\u00e8me : Les salons de discussion ne se chargent pas<\/h3>\n<ul>\n<li>Actualisez la page ou changez de navigateur.<\/li>\n<li>Effacer les cookies\/cache.<\/li>\n<\/ul>\n<h3>Probl\u00e8me : Le micro ou l'appareil photo ne fonctionne pas<\/h3>\n<ul>\n<li>Autoriser les permissions dans votre navigateur.<\/li>\n<li>V\u00e9rifiez qu'aucune autre application n'utilise votre mat\u00e9riel.<\/li>\n<\/ul>\n<h3>Probl\u00e8me : Trop de spam dans les salles<\/h3>\n<ul>\n<li>Restez dans les salles mod\u00e9r\u00e9es.<\/li>\n<li>Signaler et bloquer les comptes de spam.<\/li>\n<\/ul>\n<h2>Pourquoi les gens utilisent Talk With Stranger<\/h2>\n<p>Les gens choisissent Talk With Stranger parce qu'il offre :<\/p>\n<ul>\n<li>Vari\u00e9t\u00e9 : Chatrooms et entretiens individuels.<\/li>\n<li>Flexibilit\u00e9 : Modes texte, voix et vid\u00e9o.<\/li>\n<li>Anonymat : Aucun compte n'est n\u00e9cessaire.<\/li>\n<li>Communaut\u00e9 : Groupes actifs avec des sujets vari\u00e9s.<\/li>\n<\/ul>\n<p>Il capture la nostalgie des salons de discussion d'antan tout en r\u00e9pondant aux attentes modernes en mati\u00e8re de discussion globale instantan\u00e9e.<\/p>\n<p>Si vous cherchez un moyen gratuit, anonyme et flexible de rencontrer des inconnus, Talk With Stranger vaut la peine d'\u00eatre essay\u00e9. Il combine des chats al\u00e9atoires en t\u00eate-\u00e0-t\u00eate avec l'animation des salons de discussion publics, ce qui donne aux utilisateurs plus de choix que les plateformes qui ne font que l'un ou l'autre.<\/p>\n<p>Il n'a peut-\u00eatre pas les filtres ou la qualit\u00e9 de services plus importants comme Emerald Chat, mais il brille par sa simplicit\u00e9 et son accessibilit\u00e9.<\/p>\n<p>En bref : Talk With Stranger est une plateforme id\u00e9ale pour tous ceux qui appr\u00e9cient l'impr\u00e9visibilit\u00e9 des discussions al\u00e9atoires, avec en prime des salles communautaires pour les interactions de groupe.<\/p>\n<p>Pr\u00eat \u00e0 essayer ? Visitez Talk With Stranger, choisissez une chambre ou cliquez sur \"Commencer\" pour rencontrer votre prochain partenaire al\u00e9atoire.<\/p>","protected":false},"excerpt":{"rendered":"<p>The internet is full of platforms that help people connect, but few offer the unpredictability and excitement of random chat. While social media is all about curated feeds and known circles, random chat platforms bring spontaneity back into the online world. One of the most popular services in this space is Talk With Stranger\u2014a platform [&hellip;]<\/p>\n","protected":false},"author":6,"featured_media":0,"parent":0,"menu_order":0,"comment_status":"closed","ping_status":"closed","template":"","meta":{"footnotes":""},"class_list":["post-7865","page","type-page","status-publish","hentry"],"yoast_head":"<!-- This site is optimized with the Yoast SEO plugin v27.4 - https:\/\/yoast.com\/product\/yoast-seo-wordpress\/ -->\n<title>Talk With Stranger - Free Random Chat Rooms - TinyChat.com<\/title>\n<meta name=\"description\" content=\"Enjoying Talk With Stranger? Join over 50,000,000 strangers on TinyChat! Turn on your cam and start meeting new people, or find a match.\" \/>\n<meta name=\"robots\" content=\"index, follow, max-snippet:-1, max-image-preview:large, max-video-preview:-1\" \/>\n<link rel=\"canonical\" href=\"https:\/\/tinychat.com\/fr\/talk-with-stranger\/\" \/>\n<meta property=\"og:locale\" content=\"fr_FR\" \/>\n<meta property=\"og:type\" content=\"article\" \/>\n<meta property=\"og:title\" content=\"Talk With Stranger - Free Random Chat Rooms - TinyChat.com\" \/>\n<meta property=\"og:description\" content=\"Enjoying Talk With Stranger? Join over 50,000,000 strangers on TinyChat! Turn on your cam and start meeting new people, or find a match.\" \/>\n<meta property=\"og:url\" content=\"https:\/\/tinychat.com\/fr\/talk-with-stranger\/\" \/>\n<meta property=\"og:site_name\" content=\"TinyChat\" \/>\n<meta property=\"article:publisher\" content=\"https:\/\/www.facebook.com\/tinychat\" \/>\n<meta property=\"article:modified_time\" content=\"2025-08-27T07:32:44+00:00\" \/>\n<meta property=\"og:image\" content=\"https:\/\/tinychat.com\/wp-content\/uploads\/2020\/04\/Tinychat-logo-1280x284-new-black.png\" \/>\n\t<meta property=\"og:image:width\" content=\"1280\" \/>\n\t<meta property=\"og:image:height\" content=\"284\" \/>\n\t<meta property=\"og:image:type\" content=\"image\/png\" \/>\n<meta name=\"twitter:card\" content=\"summary_large_image\" \/>\n<meta name=\"twitter:site\" content=\"@tinychat\" \/>\n<meta name=\"twitter:label1\" content=\"Dur\u00e9e de lecture estim\u00e9e\" \/>\n\t<meta name=\"twitter:data1\" content=\"6 minutes\" \/>\n<script type=\"application\/ld+json\" class=\"yoast-schema-graph\">{\"@context\":\"https:\\\/\\\/schema.org\",\"@graph\":[{\"@type\":\"WebPage\",\"@id\":\"https:\\\/\\\/tinychat.com\\\/talk-with-stranger\\\/\",\"url\":\"https:\\\/\\\/tinychat.com\\\/talk-with-stranger\\\/\",\"name\":\"Talk With Stranger - Free Random Chat Rooms - TinyChat.com\",\"isPartOf\":{\"@id\":\"https:\\\/\\\/tinychat.com\\\/#website\"},\"datePublished\":\"2025-08-27T06:33:59+00:00\",\"dateModified\":\"2025-08-27T07:32:44+00:00\",\"description\":\"Enjoying Talk With Stranger? Join over 50,000,000 strangers on TinyChat! Turn on your cam and start meeting new people, or find a match.\",\"breadcrumb\":{\"@id\":\"https:\\\/\\\/tinychat.com\\\/talk-with-stranger\\\/#breadcrumb\"},\"inLanguage\":\"fr-FR\",\"potentialAction\":[{\"@type\":\"ReadAction\",\"target\":[\"https:\\\/\\\/tinychat.com\\\/talk-with-stranger\\\/\"]}]},{\"@type\":\"BreadcrumbList\",\"@id\":\"https:\\\/\\\/tinychat.com\\\/talk-with-stranger\\\/#breadcrumb\",\"itemListElement\":[{\"@type\":\"ListItem\",\"position\":1,\"name\":\"Home\",\"item\":\"https:\\\/\\\/tinychat.com\\\/\"},{\"@type\":\"ListItem\",\"position\":2,\"name\":\"Talk With Stranger\"}]},{\"@type\":\"WebSite\",\"@id\":\"https:\\\/\\\/tinychat.com\\\/#website\",\"url\":\"https:\\\/\\\/tinychat.com\\\/\",\"name\":\"TinyChat\",\"description\":\"Random Video Chat with Strangers\",\"publisher\":{\"@id\":\"https:\\\/\\\/tinychat.com\\\/#organization\"},\"alternateName\":\"TinyChat.com\",\"potentialAction\":[{\"@type\":\"SearchAction\",\"target\":{\"@type\":\"EntryPoint\",\"urlTemplate\":\"https:\\\/\\\/tinychat.com\\\/?s={search_term_string}\"},\"query-input\":{\"@type\":\"PropertyValueSpecification\",\"valueRequired\":true,\"valueName\":\"search_term_string\"}}],\"inLanguage\":\"fr-FR\"},{\"@type\":\"Organization\",\"@id\":\"https:\\\/\\\/tinychat.com\\\/#organization\",\"name\":\"TinyChat\",\"alternateName\":\"TinyChat.com\",\"url\":\"https:\\\/\\\/tinychat.com\\\/\",\"logo\":{\"@type\":\"ImageObject\",\"inLanguage\":\"fr-FR\",\"@id\":\"https:\\\/\\\/tinychat.com\\\/#\\\/schema\\\/logo\\\/image\\\/\",\"url\":\"https:\\\/\\\/tinychat.com\\\/wp-content\\\/uploads\\\/2023\\\/11\\\/Tinychat-icon-square.png\",\"contentUrl\":\"https:\\\/\\\/tinychat.com\\\/wp-content\\\/uploads\\\/2023\\\/11\\\/Tinychat-icon-square.png\",\"width\":284,\"height\":284,\"caption\":\"TinyChat\"},\"image\":{\"@id\":\"https:\\\/\\\/tinychat.com\\\/#\\\/schema\\\/logo\\\/image\\\/\"},\"sameAs\":[\"https:\\\/\\\/www.facebook.com\\\/tinychat\",\"https:\\\/\\\/x.com\\\/tinychat\"]}]}<\/script>\n<!-- \/ Yoast SEO plugin. -->","yoast_head_json":{"title":"Talk With Stranger - Salles de chat gratuites et al\u00e9atoires - TinyChat.com","description":"Vous appr\u00e9ciez Talk With Stranger ? Rejoignez plus de 50 000 000 d'inconnus sur TinyChat ! Allumez votre cam\u00e9ra et commencez \u00e0 rencontrer de nouvelles personnes, ou trouvez un partenaire.","robots":{"index":"index","follow":"follow","max-snippet":"max-snippet:-1","max-image-preview":"max-image-preview:large","max-video-preview":"max-video-preview:-1"},"canonical":"https:\/\/tinychat.com\/fr\/talk-with-stranger\/","og_locale":"fr_FR","og_type":"article","og_title":"Talk With Stranger - Free Random Chat Rooms - TinyChat.com","og_description":"Enjoying Talk With Stranger? Join over 50,000,000 strangers on TinyChat! Turn on your cam and start meeting new people, or find a match.","og_url":"https:\/\/tinychat.com\/fr\/talk-with-stranger\/","og_site_name":"TinyChat","article_publisher":"https:\/\/www.facebook.com\/tinychat","article_modified_time":"2025-08-27T07:32:44+00:00","og_image":[{"width":1280,"height":284,"url":"https:\/\/tinychat.com\/wp-content\/uploads\/2020\/04\/Tinychat-logo-1280x284-new-black.png","type":"image\/png"}],"twitter_card":"summary_large_image","twitter_site":"@tinychat","twitter_misc":{"Dur\u00e9e de lecture estim\u00e9e":"6 minutes"},"schema":{"@context":"https:\/\/schema.org","@graph":[{"@type":"WebPage","@id":"https:\/\/tinychat.com\/talk-with-stranger\/","url":"https:\/\/tinychat.com\/talk-with-stranger\/","name":"Talk With Stranger - Salles de chat gratuites et al\u00e9atoires - TinyChat.com","isPartOf":{"@id":"https:\/\/tinychat.com\/#website"},"datePublished":"2025-08-27T06:33:59+00:00","dateModified":"2025-08-27T07:32:44+00:00","description":"Vous appr\u00e9ciez Talk With Stranger ? Rejoignez plus de 50 000 000 d'inconnus sur TinyChat ! Allumez votre cam\u00e9ra et commencez \u00e0 rencontrer de nouvelles personnes, ou trouvez un partenaire.","breadcrumb":{"@id":"https:\/\/tinychat.com\/talk-with-stranger\/#breadcrumb"},"inLanguage":"fr-FR","potentialAction":[{"@type":"ReadAction","target":["https:\/\/tinychat.com\/talk-with-stranger\/"]}]},{"@type":"BreadcrumbList","@id":"https:\/\/tinychat.com\/talk-with-stranger\/#breadcrumb","itemListElement":[{"@type":"ListItem","position":1,"name":"Home","item":"https:\/\/tinychat.com\/"},{"@type":"ListItem","position":2,"name":"Talk With Stranger"}]},{"@type":"WebSite","@id":"https:\/\/tinychat.com\/#website","url":"https:\/\/tinychat.com\/","name":"TinyChat","description":"Chat vid\u00e9o al\u00e9atoire avec des inconnus","publisher":{"@id":"https:\/\/tinychat.com\/#organization"},"alternateName":"TinyChat.com","potentialAction":[{"@type":"SearchAction","target":{"@type":"EntryPoint","urlTemplate":"https:\/\/tinychat.com\/?s={search_term_string}"},"query-input":{"@type":"PropertyValueSpecification","valueRequired":true,"valueName":"search_term_string"}}],"inLanguage":"fr-FR"},{"@type":"Organization","@id":"https:\/\/tinychat.com\/#organization","name":"TinyChat","alternateName":"TinyChat.com","url":"https:\/\/tinychat.com\/","logo":{"@type":"ImageObject","inLanguage":"fr-FR","@id":"https:\/\/tinychat.com\/#\/schema\/logo\/image\/","url":"https:\/\/tinychat.com\/wp-content\/uploads\/2023\/11\/Tinychat-icon-square.png","contentUrl":"https:\/\/tinychat.com\/wp-content\/uploads\/2023\/11\/Tinychat-icon-square.png","width":284,"height":284,"caption":"TinyChat"},"image":{"@id":"https:\/\/tinychat.com\/#\/schema\/logo\/image\/"},"sameAs":["https:\/\/www.facebook.com\/tinychat","https:\/\/x.com\/tinychat"]}]}},"_links":{"self":[{"href":"https:\/\/tinychat.com\/fr\/wp-json\/wp\/v2\/pages\/7865","targetHints":{"allow":["GET"]}}],"collection":[{"href":"https:\/\/tinychat.com\/fr\/wp-json\/wp\/v2\/pages"}],"about":[{"href":"https:\/\/tinychat.com\/fr\/wp-json\/wp\/v2\/types\/page"}],"author":[{"embeddable":true,"href":"https:\/\/tinychat.com\/fr\/wp-json\/wp\/v2\/users\/6"}],"replies":[{"embeddable":true,"href":"https:\/\/tinychat.com\/fr\/wp-json\/wp\/v2\/comments?post=7865"}],"version-history":[{"count":3,"href":"https:\/\/tinychat.com\/fr\/wp-json\/wp\/v2\/pages\/7865\/revisions"}],"predecessor-version":[{"id":13475,"href":"https:\/\/tinychat.com\/fr\/wp-json\/wp\/v2\/pages\/7865\/revisions\/13475"}],"wp:attachment":[{"href":"https:\/\/tinychat.com\/fr\/wp-json\/wp\/v2\/media?parent=7865"}],"curies":[{"name":"wp","href":"https:\/\/api.w.org\/{rel}","templated":true}]}}