{"id":8192,"date":"2025-08-18T09:10:14","date_gmt":"2025-08-18T07:10:14","guid":{"rendered":"https:\/\/tinychat.com\/?page_id=8192"},"modified":"2025-08-18T10:11:49","modified_gmt":"2025-08-18T08:11:49","slug":"voojio","status":"publish","type":"page","link":"https:\/\/tinychat.com\/fr\/voojio\/","title":{"rendered":"Voojio"},"content":{"rendered":"<p>L'internet regorge de moyens de se connecter, mais peu de choses sont comparables \u00e0 l'excitation de rencontrer quelqu'un de nouveau par le biais d'un chat vid\u00e9o al\u00e9atoire. Des plateformes comme Voojio ont exploit\u00e9 cette excitation en cr\u00e9ant des espaces o\u00f9 des inconnus des quatre coins du monde peuvent se rencontrer instantan\u00e9ment, en face \u00e0 face, en temps r\u00e9el et sans les barri\u00e8res des profils ou des longues inscriptions.<\/p>\n<p>Contrairement aux fils d'actualit\u00e9, Voojio mise sur l'authenticit\u00e9 et la spontan\u00e9it\u00e9. Chaque nouveau chat peut amener un ami, un rire ou m\u00eame une connexion qui changera votre vie. Dans cet article, nous allons explorer ce qui distingue Voojio, comment il fonctionne et pourquoi il attire l'attention des fans de plateformes telles que Omegle, Chatroulette et ChatHub.<\/p>\n<h2>Qu'est-ce que Voojio ?<\/h2>\n<p>Voojio est un service de chat vid\u00e9o al\u00e9atoire con\u00e7u pour connecter les gens instantan\u00e9ment par vid\u00e9o, audio ou texte. Il s'agit avant tout de cr\u00e9er un environnement dans lequel il est facile, s\u00fbr et amusant de rencontrer de nouvelles personnes. Vous n'avez pas besoin de cr\u00e9er un profil ou de payer pour commencer. Au lieu de cela, vous n'avez qu'\u00e0 cliquer, \u00e0 faire des rencontres et \u00e0 parler.<\/p>\n<p>Il fait partie d'une vague croissante d'alternatives modernes aux anciennes plateformes comme Omegle. En ajoutant des filtres actualis\u00e9s, une qualit\u00e9 vid\u00e9o plus fluide et des outils de s\u00e9curit\u00e9 int\u00e9gr\u00e9s, Voojio offre une exp\u00e9rience plus raffin\u00e9e tout en pr\u00e9servant le plaisir du chat al\u00e9atoire.<\/p>\n<h2>Caract\u00e9ristiques principales de Voojio<\/h2>\n<p>Le succ\u00e8s du Voojio est d\u00fb \u00e0 la combinaison de la simplicit\u00e9 et de caract\u00e9ristiques qui am\u00e9liorent la s\u00e9curit\u00e9 et le contr\u00f4le par l'utilisateur. Voici un aper\u00e7u plus d\u00e9taill\u00e9 :<\/p>\n<h3>1. Correspondance instantan\u00e9e<\/h3>\n<ul>\n<li>Entrez en contact avec un inconnu en quelques secondes.<\/li>\n<li>Utilisez \"Suivant\" lorsque vous \u00eates pr\u00eat \u00e0 passer \u00e0 autre chose.<\/li>\n<li>Con\u00e7ue pour \u00eatre rapide et fluide, avec un minimum d'attente.<\/li>\n<\/ul>\n<h3>2. Connexions mondiales<\/h3>\n<ul>\n<li>Rencontrez des utilisateurs du monde entier.<\/li>\n<li>Vous pouvez \u00e9galement filtrer les r\u00e9sultats par lieu si vous pr\u00e9f\u00e9rez.<\/li>\n<\/ul>\n<h3>3. Filtres de genre<\/h3>\n<ul>\n<li>Affinez vos correspondances par sexe pour des conversations plus personnalis\u00e9es.<\/li>\n<li>Il est utile lorsque vous souhaitez un type d'interaction sp\u00e9cifique.<\/li>\n<\/ul>\n<h3>4. Options de texte et de vid\u00e9o<\/h3>\n<ul>\n<li>Passez d'un chat vid\u00e9o, audio ou texte \u00e0 l'autre en toute transparence.<\/li>\n<li>Id\u00e9al si vous \u00eates dans un environnement bruyant ou si vous pr\u00e9f\u00e9rez les pr\u00e9sentations textuelles.<\/li>\n<\/ul>\n<h3>5. Interface conviviale<\/h3>\n<ul>\n<li>Un design propre et \u00e9pur\u00e9 pour les ordinateurs de bureau et les t\u00e9l\u00e9phones portables.<\/li>\n<li>La navigation est facile pour les nouveaux arrivants.<\/li>\n<\/ul>\n<h3>6. Option d'amiti\u00e9 et de reconnexion<\/h3>\n<ul>\n<li>Enregistrez vos connexions pr\u00e9f\u00e9r\u00e9es et revenez-y plus tard.<\/li>\n<li>R\u00e9duit la frustration li\u00e9e \u00e0 la perte de discussions int\u00e9ressantes.<\/li>\n<\/ul>\n<h3>7. Outils de s\u00e9curit\u00e9 int\u00e9gr\u00e9s<\/h3>\n<ul>\n<li>Boutons de rapport et de blocage rapides.<\/li>\n<li>La mod\u00e9ration permet de filtrer les contenus offensants ou nuisibles.<\/li>\n<\/ul>\n<h2>Comment utiliser Voojio<\/h2>\n<p>D\u00e9marrer une conversation sur Voojio est simple et ne n\u00e9cessite pas de connaissances techniques.<\/p>\n<h3>\u00c9tape 1 : Visiter le site web<\/h3>\n<ul>\n<li>Ouvrez Voojio dans votre navigateur ou votre appareil mobile.<\/li>\n<li>Aucune inscription n'est requise.<\/li>\n<\/ul>\n<h3>\u00c9tape 2 : Activer la cam\u00e9ra et le microphone<\/h3>\n<ul>\n<li>Permettre l'acc\u00e8s \u00e0 des discussions vid\u00e9o fluides.<\/li>\n<li>V\u00e9rifiez les param\u00e8tres de votre appareil en cas de probl\u00e8me.<\/li>\n<\/ul>\n<h3>\u00c9tape 3 : Appliquer des filtres<\/h3>\n<ul>\n<li>Choisissez un lieu ou un sexe (facultatif).<\/li>\n<li>Laissez les filtres d\u00e9sactiv\u00e9s pour un caract\u00e8re totalement al\u00e9atoire.<\/li>\n<\/ul>\n<h3>\u00c9tape 4 : Commencer \u00e0 chatter<\/h3>\n<ul>\n<li>Cliquez sur \"D\u00e9marrer\" pour vous connecter instantan\u00e9ment.<\/li>\n<li>Utilisez la touche \"Suivant\" \u00e0 tout moment pour avancer.<\/li>\n<\/ul>\n<h3>\u00c9tape 5 : Ajouter des amis ou poursuivre l'exploration<\/h3>\n<ul>\n<li>Continuez \u00e0 discuter avec les personnes que vous appr\u00e9ciez.<\/li>\n<li>Ou bien vous pouvez retourner dans la piscine des matchs al\u00e9atoires.<\/li>\n<\/ul>\n<h2>Exp\u00e9rience utilisateur sur Voojio<\/h2>\n<p>Le design minimaliste du Voojio le rend facile \u00e0 utiliser, tandis que ses caract\u00e9ristiques offrent une grande flexibilit\u00e9 aux utilisateurs.<\/p>\n<h3>Ce que les utilisateurs aiment<\/h3>\n<ul>\n<li>Connexions al\u00e9atoires instantan\u00e9es.<\/li>\n<li>Vid\u00e9o et audio de haute qualit\u00e9.<\/li>\n<li>Des filtres qui fonctionnent r\u00e9ellement.<\/li>\n<li>La s\u00e9curit\u00e9 avant tout.<\/li>\n<\/ul>\n<h3>Ce que les utilisateurs n'aiment pas<\/h3>\n<ul>\n<li>Certains filtres peuvent \u00eatre limit\u00e9s \u00e0 la prime.<\/li>\n<li>Base d'utilisateurs plus r\u00e9duite que les grands noms comme Omegle.<\/li>\n<li>Moins d'int\u00e9grations d'applications par rapport \u00e0 Azar ou LivU.<\/li>\n<\/ul>\n<h2>Voojio vs. autres plates-formes<\/h2>\n<table>\n<thead>\n<tr>\n<th>Fonctionnalit\u00e9<\/th>\n<th>Voojio<\/th>\n<th>Omegle<\/th>\n<th>Chatroulette<\/th>\n<th>ChatHub<\/th>\n<th>LuckyCrush<\/th>\n<th>Azar<\/th>\n<\/tr>\n<\/thead>\n<tbody>\n<tr>\n<td>Random Video Chat avec des Inconnus<\/td>\n<td>\u2705 Oui<\/td>\n<td>\u2705 Oui<\/td>\n<td>\u2705 Oui<\/td>\n<td>\u2705 Oui<\/td>\n<td>\u2705 Oui<\/td>\n<td>\u2705 Oui<\/td>\n<\/tr>\n<tr>\n<td>Filtres de genre\/localisation<\/td>\n<td>\u2705 Oui<\/td>\n<td>\u274c Non<\/td>\n<td>\u274c Limit\u00e9e<\/td>\n<td>\u2705 Oui<\/td>\n<td>\u2705 Oui<\/td>\n<td>\u2705 Oui<\/td>\n<\/tr>\n<tr>\n<td>Option de reconnexion des amis<\/td>\n<td>\u2705 Oui<\/td>\n<td>\u274c Non<\/td>\n<td>\u274c Non<\/td>\n<td>\u2705 Oui<\/td>\n<td>\u2705 Oui<\/td>\n<td>\u2705 Oui<\/td>\n<\/tr>\n<tr>\n<td>Option de chat textuel<\/td>\n<td>\u2705 Oui<\/td>\n<td>\u2705 Oui<\/td>\n<td>\u2705 Oui<\/td>\n<td>\u2705 Oui<\/td>\n<td>\u274c Non<\/td>\n<td>\u2705 Oui<\/td>\n<\/tr>\n<tr>\n<td>Adapt\u00e9e aux mobiles<\/td>\n<td>\u2705 Oui<\/td>\n<td>\u2705 Oui<\/td>\n<td>\u2705 Oui<\/td>\n<td>\u2705 Oui<\/td>\n<td>\u2705 Oui<\/td>\n<td>\u2705 Oui<\/td>\n<\/tr>\n<tr>\n<td>Mod\u00e9ration en mati\u00e8re de s\u00e9curit\u00e9<\/td>\n<td>\u2705 Oui<\/td>\n<td>\u274c Limit\u00e9e<\/td>\n<td>\u274c Limit\u00e9e<\/td>\n<td>\u2705 Oui<\/td>\n<td>\u2705 Oui<\/td>\n<td>\u2705 Oui<\/td>\n<\/tr>\n<\/tbody>\n<\/table>\n<p>R\u00e9sum\u00e9 : Voojio se situe dans une position interm\u00e9diaire : il offre des fonctionnalit\u00e9s modernes, des outils de s\u00e9curit\u00e9 solides et une exp\u00e9rience propre sans submerger les utilisateurs avec des extras.<\/p>\n<h2>Voojio est-il s\u00fbr ?<\/h2>\n<p>La s\u00e9curit\u00e9 est l'un des principaux atouts de Voojio. Bien que le chat al\u00e9atoire comporte toujours des risques, la plateforme met en \u0153uvre une combinaison d'outils de mod\u00e9ration et de contr\u00f4le de l'utilisateur pour assurer une plus grande s\u00e9curit\u00e9.<\/p>\n<h3>Caract\u00e9ristiques de s\u00e9curit\u00e9<\/h3>\n<ul>\n<li>Les boutons de signalement et de blocage sont toujours disponibles.<\/li>\n<li>Anonymat - aucun profil ou d\u00e9tail personnel n'est requis.<\/li>\n<li>La mod\u00e9ration communautaire r\u00e9duit les contenus offensants.<\/li>\n<li>Fonctionne mieux pour les utilisateurs qui respectent les r\u00e8gles de base de la s\u00e9curit\u00e9 en ligne.<\/li>\n<\/ul>\n<h3>Conseils de s\u00e9curit\u00e9<\/h3>\n<ul>\n<li>Ne partagez pas d'informations personnelles ou financi\u00e8res.<\/li>\n<li>Gardez des conversations l\u00e9g\u00e8res avec les inconnus.<\/li>\n<li>Signalez imm\u00e9diatement tout comportement inappropri\u00e9.<\/li>\n<li>Les parents doivent surveiller les jeunes utilisateurs.<\/li>\n<\/ul>\n<h2>Conseils pour tirer le meilleur parti de Voojio<\/h2>\n<ul>\n<li>Utilisez des filtres de localisation pour rencontrer des personnes \u00e0 proximit\u00e9 ou dans le monde entier.<\/li>\n<li>Connectez-vous pendant les heures de pointe pour obtenir plus de matchs.<\/li>\n<li>Essayez de briser la glace ou d'utiliser des accessoires pour rendre les discussions amusantes.<\/li>\n<li>Veillez \u00e0 un bon \u00e9clairage pour une meilleure impression.<\/li>\n<li>N'h\u00e9sitez pas \u00e0 utiliser le bouton bloquer\/rapporter.<\/li>\n<\/ul>\n<h2>D\u00e9pannage des probl\u00e8mes courants<\/h2>\n<h3>La cam\u00e9ra\/le micro ne fonctionne pas<\/h3>\n<ul>\n<li>V\u00e9rifiez les autorisations dans votre navigateur ou application.<\/li>\n<li>Red\u00e9marrer l'appareil si le probl\u00e8me persiste.<\/li>\n<\/ul>\n<h3>Mauvaise qualit\u00e9 vid\u00e9o<\/h3>\n<ul>\n<li>Passez au Wi-Fi si vous utilisez des donn\u00e9es mobiles.<\/li>\n<li>Fermez les autres applications qui utilisent la bande passante.<\/li>\n<\/ul>\n<h3>Le filtre ne fonctionne pas<\/h3>\n<ul>\n<li>Actualiser la page et r\u00e9appliquer les param\u00e8tres.<\/li>\n<li>Certains filtres avanc\u00e9s peuvent n\u00e9cessiter une prime.<\/li>\n<\/ul>\n<h2>Pourquoi les gens choisissent Voojio<\/h2>\n<p>L'attrait de Voojio r\u00e9side dans son approche fra\u00eeche et l\u00e9g\u00e8re du chat vid\u00e9o al\u00e9atoire. Bien qu'il n'ait pas la base d'utilisateurs massive de Omegle, son design moderne et son \u00e9tat d'esprit ax\u00e9 sur la s\u00e9curit\u00e9 en font un espace confortable pour les personnes qui souhaitent explorer les chats al\u00e9atoires sans trop d'encombrement.<\/p>\n<p>Il comble le foss\u00e9 entre la simplicit\u00e9 et la personnalisation, en donnant aux utilisateurs plus de contr\u00f4le tout en conservant l'\u00e9l\u00e9ment de surprise qui fait la force du chat al\u00e9atoire.<\/p>\n<p>Si vous \u00eates \u00e0 la recherche d'une alternative moderne \u00e0 Omegle qui concilie plaisir, spontan\u00e9it\u00e9 et s\u00e9curit\u00e9, Voojio m\u00e9rite absolument d'\u00eatre essay\u00e9. Il est rapide, intuitif et facile \u00e0 utiliser, tout en vous offrant les filtres et les outils dont vous avez besoin pour rendre votre exp\u00e9rience agr\u00e9able.<\/p>\n<p>Que vous soyez d'humeur \u00e0 discuter rapidement, \u00e0 participer \u00e0 un \u00e9change culturel mondial ou \u00e0 nouer une amiti\u00e9, Voojio est con\u00e7u pour vous faire vivre ces moments. Il ne complique pas les choses : il suffit de cliquer, de se connecter et de voir o\u00f9 la conversation vous m\u00e8ne.<\/p>\n<p>Pr\u00eat \u00e0 d\u00e9couvrir Voojio ? Visitez le site, appuyez sur \"start\" et d\u00e9couvrez le monde un \u00e9tranger \u00e0 la fois.<\/p>","protected":false},"excerpt":{"rendered":"<p>The internet is overflowing with ways to connect, but few things compare to the thrill of meeting someone new through a random video chat. Platforms like Voojio have tapped into this excitement by creating spaces where strangers from all corners of the globe can meet instantly\u2014face-to-face, in real time, and without the barriers of profiles [&hellip;]<\/p>\n","protected":false},"author":6,"featured_media":0,"parent":0,"menu_order":0,"comment_status":"closed","ping_status":"closed","template":"","meta":{"footnotes":""},"class_list":["post-8192","page","type-page","status-publish","hentry"],"yoast_head":"<!-- This site is optimized with the Yoast SEO plugin v27.6 - https:\/\/yoast.com\/product\/yoast-seo-wordpress\/ -->\n<title>Voojio - Random Video Chat like Omegle - TinyChat.com<\/title>\n<meta name=\"description\" content=\"Enjoying Voojio? Join over 50,000,000 strangers on TinyChat! Turn on your cam and start meeting new people, or find a match.\" \/>\n<meta name=\"robots\" content=\"index, follow, max-snippet:-1, max-image-preview:large, max-video-preview:-1\" \/>\n<link rel=\"canonical\" href=\"https:\/\/tinychat.com\/fr\/voojio\/\" \/>\n<meta property=\"og:locale\" content=\"fr_FR\" \/>\n<meta property=\"og:type\" content=\"article\" \/>\n<meta property=\"og:title\" content=\"Voojio - Random Video Chat like Omegle - TinyChat.com\" \/>\n<meta property=\"og:description\" content=\"Enjoying Voojio? Join over 50,000,000 strangers on TinyChat! Turn on your cam and start meeting new people, or find a match.\" \/>\n<meta property=\"og:url\" content=\"https:\/\/tinychat.com\/fr\/voojio\/\" \/>\n<meta property=\"og:site_name\" content=\"TinyChat\" \/>\n<meta property=\"article:publisher\" content=\"https:\/\/www.facebook.com\/tinychat\" \/>\n<meta property=\"article:modified_time\" content=\"2025-08-18T08:11:49+00:00\" \/>\n<meta property=\"og:image\" content=\"https:\/\/tinychat.com\/wp-content\/uploads\/2020\/04\/Tinychat-logo-1280x284-new-black.png\" \/>\n\t<meta property=\"og:image:width\" content=\"1280\" \/>\n\t<meta property=\"og:image:height\" content=\"284\" \/>\n\t<meta property=\"og:image:type\" content=\"image\/png\" \/>\n<meta name=\"twitter:card\" content=\"summary_large_image\" \/>\n<meta name=\"twitter:site\" content=\"@tinychat\" \/>\n<meta name=\"twitter:label1\" content=\"Dur\u00e9e de lecture estim\u00e9e\" \/>\n\t<meta name=\"twitter:data1\" content=\"5 minutes\" \/>\n<script type=\"application\/ld+json\" class=\"yoast-schema-graph\">{\"@context\":\"https:\\\/\\\/schema.org\",\"@graph\":[{\"@type\":\"WebPage\",\"@id\":\"https:\\\/\\\/tinychat.com\\\/voojio\\\/\",\"url\":\"https:\\\/\\\/tinychat.com\\\/voojio\\\/\",\"name\":\"Voojio - Random Video Chat like Omegle - TinyChat.com\",\"isPartOf\":{\"@id\":\"https:\\\/\\\/tinychat.com\\\/#website\"},\"datePublished\":\"2025-08-18T07:10:14+00:00\",\"dateModified\":\"2025-08-18T08:11:49+00:00\",\"description\":\"Enjoying Voojio? Join over 50,000,000 strangers on TinyChat! Turn on your cam and start meeting new people, or find a match.\",\"breadcrumb\":{\"@id\":\"https:\\\/\\\/tinychat.com\\\/voojio\\\/#breadcrumb\"},\"inLanguage\":\"fr-FR\",\"potentialAction\":[{\"@type\":\"ReadAction\",\"target\":[\"https:\\\/\\\/tinychat.com\\\/voojio\\\/\"]}]},{\"@type\":\"BreadcrumbList\",\"@id\":\"https:\\\/\\\/tinychat.com\\\/voojio\\\/#breadcrumb\",\"itemListElement\":[{\"@type\":\"ListItem\",\"position\":1,\"name\":\"Home\",\"item\":\"https:\\\/\\\/tinychat.com\\\/\"},{\"@type\":\"ListItem\",\"position\":2,\"name\":\"Voojio\"}]},{\"@type\":\"WebSite\",\"@id\":\"https:\\\/\\\/tinychat.com\\\/#website\",\"url\":\"https:\\\/\\\/tinychat.com\\\/\",\"name\":\"TinyChat\",\"description\":\"Random Video Chat with Strangers\",\"publisher\":{\"@id\":\"https:\\\/\\\/tinychat.com\\\/#organization\"},\"alternateName\":\"TinyChat.com\",\"potentialAction\":[{\"@type\":\"SearchAction\",\"target\":{\"@type\":\"EntryPoint\",\"urlTemplate\":\"https:\\\/\\\/tinychat.com\\\/?s={search_term_string}\"},\"query-input\":{\"@type\":\"PropertyValueSpecification\",\"valueRequired\":true,\"valueName\":\"search_term_string\"}}],\"inLanguage\":\"fr-FR\"},{\"@type\":\"Organization\",\"@id\":\"https:\\\/\\\/tinychat.com\\\/#organization\",\"name\":\"TinyChat\",\"alternateName\":\"TinyChat.com\",\"url\":\"https:\\\/\\\/tinychat.com\\\/\",\"logo\":{\"@type\":\"ImageObject\",\"inLanguage\":\"fr-FR\",\"@id\":\"https:\\\/\\\/tinychat.com\\\/#\\\/schema\\\/logo\\\/image\\\/\",\"url\":\"https:\\\/\\\/tinychat.com\\\/wp-content\\\/uploads\\\/2023\\\/11\\\/Tinychat-icon-square.png\",\"contentUrl\":\"https:\\\/\\\/tinychat.com\\\/wp-content\\\/uploads\\\/2023\\\/11\\\/Tinychat-icon-square.png\",\"width\":284,\"height\":284,\"caption\":\"TinyChat\"},\"image\":{\"@id\":\"https:\\\/\\\/tinychat.com\\\/#\\\/schema\\\/logo\\\/image\\\/\"},\"sameAs\":[\"https:\\\/\\\/www.facebook.com\\\/tinychat\",\"https:\\\/\\\/x.com\\\/tinychat\"]}]}<\/script>\n<!-- \/ Yoast SEO plugin. -->","yoast_head_json":{"title":"Voojio - Chat vid\u00e9o al\u00e9atoire comme Omegle - TinyChat.com","description":"Vous aimez Voojio ? Rejoignez plus de 50 000 000 d'inconnus sur TinyChat ! Allumez votre cam\u00e9ra et commencez \u00e0 rencontrer de nouvelles personnes, ou trouvez un partenaire.","robots":{"index":"index","follow":"follow","max-snippet":"max-snippet:-1","max-image-preview":"max-image-preview:large","max-video-preview":"max-video-preview:-1"},"canonical":"https:\/\/tinychat.com\/fr\/voojio\/","og_locale":"fr_FR","og_type":"article","og_title":"Voojio - Random Video Chat like Omegle - TinyChat.com","og_description":"Enjoying Voojio? Join over 50,000,000 strangers on TinyChat! Turn on your cam and start meeting new people, or find a match.","og_url":"https:\/\/tinychat.com\/fr\/voojio\/","og_site_name":"TinyChat","article_publisher":"https:\/\/www.facebook.com\/tinychat","article_modified_time":"2025-08-18T08:11:49+00:00","og_image":[{"width":1280,"height":284,"url":"https:\/\/tinychat.com\/wp-content\/uploads\/2020\/04\/Tinychat-logo-1280x284-new-black.png","type":"image\/png"}],"twitter_card":"summary_large_image","twitter_site":"@tinychat","twitter_misc":{"Dur\u00e9e de lecture estim\u00e9e":"5 minutes"},"schema":{"@context":"https:\/\/schema.org","@graph":[{"@type":"WebPage","@id":"https:\/\/tinychat.com\/voojio\/","url":"https:\/\/tinychat.com\/voojio\/","name":"Voojio - Chat vid\u00e9o al\u00e9atoire comme Omegle - TinyChat.com","isPartOf":{"@id":"https:\/\/tinychat.com\/#website"},"datePublished":"2025-08-18T07:10:14+00:00","dateModified":"2025-08-18T08:11:49+00:00","description":"Vous aimez Voojio ? Rejoignez plus de 50 000 000 d'inconnus sur TinyChat ! Allumez votre cam\u00e9ra et commencez \u00e0 rencontrer de nouvelles personnes, ou trouvez un partenaire.","breadcrumb":{"@id":"https:\/\/tinychat.com\/voojio\/#breadcrumb"},"inLanguage":"fr-FR","potentialAction":[{"@type":"ReadAction","target":["https:\/\/tinychat.com\/voojio\/"]}]},{"@type":"BreadcrumbList","@id":"https:\/\/tinychat.com\/voojio\/#breadcrumb","itemListElement":[{"@type":"ListItem","position":1,"name":"Home","item":"https:\/\/tinychat.com\/"},{"@type":"ListItem","position":2,"name":"Voojio"}]},{"@type":"WebSite","@id":"https:\/\/tinychat.com\/#website","url":"https:\/\/tinychat.com\/","name":"TinyChat","description":"Chat vid\u00e9o al\u00e9atoire avec des inconnus","publisher":{"@id":"https:\/\/tinychat.com\/#organization"},"alternateName":"TinyChat.com","potentialAction":[{"@type":"SearchAction","target":{"@type":"EntryPoint","urlTemplate":"https:\/\/tinychat.com\/?s={search_term_string}"},"query-input":{"@type":"PropertyValueSpecification","valueRequired":true,"valueName":"search_term_string"}}],"inLanguage":"fr-FR"},{"@type":"Organization","@id":"https:\/\/tinychat.com\/#organization","name":"TinyChat","alternateName":"TinyChat.com","url":"https:\/\/tinychat.com\/","logo":{"@type":"ImageObject","inLanguage":"fr-FR","@id":"https:\/\/tinychat.com\/#\/schema\/logo\/image\/","url":"https:\/\/tinychat.com\/wp-content\/uploads\/2023\/11\/Tinychat-icon-square.png","contentUrl":"https:\/\/tinychat.com\/wp-content\/uploads\/2023\/11\/Tinychat-icon-square.png","width":284,"height":284,"caption":"TinyChat"},"image":{"@id":"https:\/\/tinychat.com\/#\/schema\/logo\/image\/"},"sameAs":["https:\/\/www.facebook.com\/tinychat","https:\/\/x.com\/tinychat"]}]}},"_links":{"self":[{"href":"https:\/\/tinychat.com\/fr\/wp-json\/wp\/v2\/pages\/8192","targetHints":{"allow":["GET"]}}],"collection":[{"href":"https:\/\/tinychat.com\/fr\/wp-json\/wp\/v2\/pages"}],"about":[{"href":"https:\/\/tinychat.com\/fr\/wp-json\/wp\/v2\/types\/page"}],"author":[{"embeddable":true,"href":"https:\/\/tinychat.com\/fr\/wp-json\/wp\/v2\/users\/6"}],"replies":[{"embeddable":true,"href":"https:\/\/tinychat.com\/fr\/wp-json\/wp\/v2\/comments?post=8192"}],"version-history":[{"count":3,"href":"https:\/\/tinychat.com\/fr\/wp-json\/wp\/v2\/pages\/8192\/revisions"}],"predecessor-version":[{"id":13458,"href":"https:\/\/tinychat.com\/fr\/wp-json\/wp\/v2\/pages\/8192\/revisions\/13458"}],"wp:attachment":[{"href":"https:\/\/tinychat.com\/fr\/wp-json\/wp\/v2\/media?parent=8192"}],"curies":[{"name":"wp","href":"https:\/\/api.w.org\/{rel}","templated":true}]}}