{"id":8446,"date":"2021-10-06T19:55:53","date_gmt":"2021-10-06T17:55:53","guid":{"rendered":"https:\/\/tinychat.com\/?page_id=8446"},"modified":"2025-05-03T17:12:32","modified_gmt":"2025-05-03T15:12:32","slug":"contact","status":"publish","type":"page","link":"https:\/\/tinychat.com\/fr\/contact\/","title":{"rendered":"Nous contacter"},"content":{"rendered":"<p class=\"\" data-start=\"271\" data-end=\"502\">Si vous avez des questions ou si vous avez besoin d'aide pour utiliser <a href=\"https:\/\/tinychat.com\/fr\/\">TinyChat<\/a>vous \u00eates au bon endroit. Avant de vous contacter, nous vous recommandons de consulter la Foire aux questions ci-dessous. La plupart des utilisateurs trouvent les r\u00e9ponses dont ils ont besoin sans avoir \u00e0 attendre l'assistance.<\/p>\n<blockquote data-start=\"504\" data-end=\"768\">\n<p class=\"\" data-start=\"506\" data-end=\"768\">Remarque importante : <a href=\"https:\/\/tinychat.com\/fr\/\">TinyChat<\/a> travaille en partenariat avec CooMeet en tant qu'affili\u00e9. Cela signifie que nous ne g\u00e9rons pas directement la facturation, les abonnements ou les comptes d'utilisateurs. Pour toute question relative au remboursement ou \u00e0 l'abonnement, veuillez contacter l'\u00e9quipe d'assistance officielle de CooMeet.<\/p>\n<\/blockquote>\n<h2 data-start=\"775\" data-end=\"816\">Foire aux questions (FAQ)<\/h2>\n<h4 class=\"\" data-start=\"818\" data-end=\"864\">1. Mon abonnement sera-t-il renouvel\u00e9 automatiquement ?<\/h4>\n<p class=\"\" data-start=\"865\" data-end=\"1251\">Oui. Si vous avez souscrit \u00e0 une <a href=\"https:\/\/tinychat.com\/fr\/\">TinyChat<\/a> Premium via CooMeet, votre abonnement sera renouvel\u00e9 automatiquement sur la base du cycle de facturation que vous avez s\u00e9lectionn\u00e9. Pour annuler, veuillez visiter la page du support client de CooMeet, entrez vos d\u00e9tails de paiement et suivez les instructions pour arr\u00eater le renouvellement.<br data-start=\"1140\" data-end=\"1143\" \/>Note : Si vous avez achet\u00e9 un paquet Diamonds, il s'agit d'un achat unique qui ne sera pas renouvel\u00e9 automatiquement.<\/p>\n<h4 class=\"\" data-start=\"1258\" data-end=\"1296\">2. Puis-je supprimer mon compte ?<\/h4>\n<p class=\"\" data-start=\"1297\" data-end=\"1542\">Actuellement, <a href=\"https:\/\/tinychat.com\/fr\/\">TinyChat<\/a> ne stocke pas de donn\u00e9es personnelles sur les utilisateurs ni de comptes permanents. Il n'est donc pas n\u00e9cessaire, ni possible, de supprimer un compte. Toutefois, nous travaillons activement sur des fonctionnalit\u00e9s qui pourraient permettre un meilleur contr\u00f4le des profils \u00e0 l'avenir.<\/p>\n<h4 class=\"\" data-start=\"1549\" data-end=\"1582\">3. Puis-je \u00eatre d\u00e9bloqu\u00e9 ?<\/h4>\n<p class=\"\" data-start=\"1583\" data-end=\"1772\">Si votre compte a \u00e9t\u00e9 bloqu\u00e9 par notre \u00e9quipe de mod\u00e9ration en raison d'une violation des lignes directrices de notre plateforme, cette d\u00e9cision est d\u00e9finitive. Nous ne proposons pas de proc\u00e9dure d'appel ou de d\u00e9blocage pour le moment.<\/p>\n<h4 class=\"\" data-start=\"1779\" data-end=\"1812\">4. Puis-je obtenir un remboursement ?<\/h4>\n<p class=\"\" data-start=\"1813\" data-end=\"2081\">La facturation et les remboursements sont g\u00e9r\u00e9s par CooMeet, et non par <a href=\"https:\/\/tinychat.com\/fr\/\">TinyChat<\/a>. Veuillez consulter la politique de remboursement de CooMeet pour obtenir des informations compl\u00e8tes et conna\u00eetre les crit\u00e8res d'\u00e9ligibilit\u00e9. Si vous pensez avoir droit \u00e0 un remboursement, contactez l'\u00e9quipe d'assistance directement sur le site officiel.<\/p>\n<h2 data-start=\"2088\" data-end=\"2112\">Vous avez encore besoin d'aide ?<\/h2>\n<p class=\"\" data-start=\"2114\" data-end=\"2387\">Si votre probl\u00e8me n'est pas abord\u00e9 ci-dessus, n'h\u00e9sitez pas \u00e0 nous contacter via le formulaire de contact ci-dessous. Bien que nous ne soyons pas en mesure de vous aider pour les questions de paiement ou d'abonnement, nous ferons de notre mieux pour r\u00e9pondre \u00e0 vos questions d'ordre g\u00e9n\u00e9ral sur l'utilisation de la <a href=\"https:\/\/tinychat.com\/fr\/\">TinyChat<\/a>. Veuillez pr\u00e9voir jusqu'\u00e0 24 heures pour une r\u00e9ponse.<\/p>\n<p class=\"\" data-start=\"2389\" data-end=\"2486\">Merci d'avoir utilis\u00e9 TinyChat - nous appr\u00e9cions que vous fassiez partie de notre r\u00e9seau vid\u00e9o mondial. <a href=\"https:\/\/tinychat.com\/fr\/chatroulette\/\">chat<\/a> communaut\u00e9 !<\/p>","protected":false},"excerpt":{"rendered":"<p>If you have questions or need assistance using TinyChat, you\u2019re in the right place. Before reaching out, we recommend reviewing the Frequently Asked Questions below\u2014most users find the answers they need without waiting for support. Important Note: TinyChat works in partnership with CooMeet as an affiliate. This means we do not manage billing, subscriptions, or [&hellip;]<\/p>\n","protected":false},"author":1,"featured_media":0,"parent":0,"menu_order":0,"comment_status":"closed","ping_status":"closed","template":"","meta":{"footnotes":""},"class_list":["post-8446","page","type-page","status-publish","hentry"],"yoast_head":"<!-- This site is optimized with the Yoast SEO plugin v27.4 - https:\/\/yoast.com\/product\/yoast-seo-wordpress\/ -->\n<title>Contact Us - TinyChat<\/title>\n<meta name=\"robots\" content=\"index, follow, max-snippet:-1, max-image-preview:large, max-video-preview:-1\" \/>\n<link rel=\"canonical\" href=\"https:\/\/tinychat.com\/fr\/contact\/\" \/>\n<meta property=\"og:locale\" content=\"fr_FR\" \/>\n<meta property=\"og:type\" content=\"article\" \/>\n<meta property=\"og:title\" content=\"Contact Us - TinyChat\" \/>\n<meta property=\"og:description\" content=\"If you have questions or need assistance using TinyChat, you\u2019re in the right place. Before reaching out, we recommend reviewing the Frequently Asked Questions below\u2014most users find the answers they need without waiting for support. Important Note: TinyChat works in partnership with CooMeet as an affiliate. This means we do not manage billing, subscriptions, or [&hellip;]\" \/>\n<meta property=\"og:url\" content=\"https:\/\/tinychat.com\/fr\/contact\/\" \/>\n<meta property=\"og:site_name\" content=\"TinyChat\" \/>\n<meta property=\"article:publisher\" content=\"https:\/\/www.facebook.com\/tinychat\" \/>\n<meta property=\"article:modified_time\" content=\"2025-05-03T15:12:32+00:00\" \/>\n<meta property=\"og:image\" content=\"https:\/\/tinychat.com\/wp-content\/uploads\/2020\/04\/Tinychat-logo-1280x284-new-black.png\" \/>\n\t<meta property=\"og:image:width\" content=\"1280\" \/>\n\t<meta property=\"og:image:height\" content=\"284\" \/>\n\t<meta property=\"og:image:type\" content=\"image\/png\" \/>\n<meta name=\"twitter:card\" content=\"summary_large_image\" \/>\n<meta name=\"twitter:site\" content=\"@tinychat\" \/>\n<meta name=\"twitter:label1\" content=\"Dur\u00e9e de lecture estim\u00e9e\" \/>\n\t<meta name=\"twitter:data1\" content=\"2 minutes\" \/>\n<script type=\"application\/ld+json\" class=\"yoast-schema-graph\">{\"@context\":\"https:\\\/\\\/schema.org\",\"@graph\":[{\"@type\":\"WebPage\",\"@id\":\"https:\\\/\\\/tinychat.com\\\/contact\\\/\",\"url\":\"https:\\\/\\\/tinychat.com\\\/contact\\\/\",\"name\":\"Contact Us - TinyChat\",\"isPartOf\":{\"@id\":\"https:\\\/\\\/tinychat.com\\\/#website\"},\"datePublished\":\"2021-10-06T17:55:53+00:00\",\"dateModified\":\"2025-05-03T15:12:32+00:00\",\"breadcrumb\":{\"@id\":\"https:\\\/\\\/tinychat.com\\\/contact\\\/#breadcrumb\"},\"inLanguage\":\"fr-FR\",\"potentialAction\":[{\"@type\":\"ReadAction\",\"target\":[\"https:\\\/\\\/tinychat.com\\\/contact\\\/\"]}]},{\"@type\":\"BreadcrumbList\",\"@id\":\"https:\\\/\\\/tinychat.com\\\/contact\\\/#breadcrumb\",\"itemListElement\":[{\"@type\":\"ListItem\",\"position\":1,\"name\":\"Home\",\"item\":\"https:\\\/\\\/tinychat.com\\\/\"},{\"@type\":\"ListItem\",\"position\":2,\"name\":\"Contact Us\"}]},{\"@type\":\"WebSite\",\"@id\":\"https:\\\/\\\/tinychat.com\\\/#website\",\"url\":\"https:\\\/\\\/tinychat.com\\\/\",\"name\":\"TinyChat\",\"description\":\"Random Video Chat with Strangers\",\"publisher\":{\"@id\":\"https:\\\/\\\/tinychat.com\\\/#organization\"},\"alternateName\":\"TinyChat.com\",\"potentialAction\":[{\"@type\":\"SearchAction\",\"target\":{\"@type\":\"EntryPoint\",\"urlTemplate\":\"https:\\\/\\\/tinychat.com\\\/?s={search_term_string}\"},\"query-input\":{\"@type\":\"PropertyValueSpecification\",\"valueRequired\":true,\"valueName\":\"search_term_string\"}}],\"inLanguage\":\"fr-FR\"},{\"@type\":\"Organization\",\"@id\":\"https:\\\/\\\/tinychat.com\\\/#organization\",\"name\":\"TinyChat\",\"alternateName\":\"TinyChat.com\",\"url\":\"https:\\\/\\\/tinychat.com\\\/\",\"logo\":{\"@type\":\"ImageObject\",\"inLanguage\":\"fr-FR\",\"@id\":\"https:\\\/\\\/tinychat.com\\\/#\\\/schema\\\/logo\\\/image\\\/\",\"url\":\"https:\\\/\\\/tinychat.com\\\/wp-content\\\/uploads\\\/2023\\\/11\\\/Tinychat-icon-square.png\",\"contentUrl\":\"https:\\\/\\\/tinychat.com\\\/wp-content\\\/uploads\\\/2023\\\/11\\\/Tinychat-icon-square.png\",\"width\":284,\"height\":284,\"caption\":\"TinyChat\"},\"image\":{\"@id\":\"https:\\\/\\\/tinychat.com\\\/#\\\/schema\\\/logo\\\/image\\\/\"},\"sameAs\":[\"https:\\\/\\\/www.facebook.com\\\/tinychat\",\"https:\\\/\\\/x.com\\\/tinychat\"]}]}<\/script>\n<!-- \/ Yoast SEO plugin. -->","yoast_head_json":{"title":"Nous contacter - TinyChat","robots":{"index":"index","follow":"follow","max-snippet":"max-snippet:-1","max-image-preview":"max-image-preview:large","max-video-preview":"max-video-preview:-1"},"canonical":"https:\/\/tinychat.com\/fr\/contact\/","og_locale":"fr_FR","og_type":"article","og_title":"Contact Us - TinyChat","og_description":"If you have questions or need assistance using TinyChat, you\u2019re in the right place. Before reaching out, we recommend reviewing the Frequently Asked Questions below\u2014most users find the answers they need without waiting for support. Important Note: TinyChat works in partnership with CooMeet as an affiliate. This means we do not manage billing, subscriptions, or [&hellip;]","og_url":"https:\/\/tinychat.com\/fr\/contact\/","og_site_name":"TinyChat","article_publisher":"https:\/\/www.facebook.com\/tinychat","article_modified_time":"2025-05-03T15:12:32+00:00","og_image":[{"width":1280,"height":284,"url":"https:\/\/tinychat.com\/wp-content\/uploads\/2020\/04\/Tinychat-logo-1280x284-new-black.png","type":"image\/png"}],"twitter_card":"summary_large_image","twitter_site":"@tinychat","twitter_misc":{"Dur\u00e9e de lecture estim\u00e9e":"2 minutes"},"schema":{"@context":"https:\/\/schema.org","@graph":[{"@type":"WebPage","@id":"https:\/\/tinychat.com\/contact\/","url":"https:\/\/tinychat.com\/contact\/","name":"Nous contacter - TinyChat","isPartOf":{"@id":"https:\/\/tinychat.com\/#website"},"datePublished":"2021-10-06T17:55:53+00:00","dateModified":"2025-05-03T15:12:32+00:00","breadcrumb":{"@id":"https:\/\/tinychat.com\/contact\/#breadcrumb"},"inLanguage":"fr-FR","potentialAction":[{"@type":"ReadAction","target":["https:\/\/tinychat.com\/contact\/"]}]},{"@type":"BreadcrumbList","@id":"https:\/\/tinychat.com\/contact\/#breadcrumb","itemListElement":[{"@type":"ListItem","position":1,"name":"Home","item":"https:\/\/tinychat.com\/"},{"@type":"ListItem","position":2,"name":"Contact Us"}]},{"@type":"WebSite","@id":"https:\/\/tinychat.com\/#website","url":"https:\/\/tinychat.com\/","name":"TinyChat","description":"Chat vid\u00e9o al\u00e9atoire avec des inconnus","publisher":{"@id":"https:\/\/tinychat.com\/#organization"},"alternateName":"TinyChat.com","potentialAction":[{"@type":"SearchAction","target":{"@type":"EntryPoint","urlTemplate":"https:\/\/tinychat.com\/?s={search_term_string}"},"query-input":{"@type":"PropertyValueSpecification","valueRequired":true,"valueName":"search_term_string"}}],"inLanguage":"fr-FR"},{"@type":"Organization","@id":"https:\/\/tinychat.com\/#organization","name":"TinyChat","alternateName":"TinyChat.com","url":"https:\/\/tinychat.com\/","logo":{"@type":"ImageObject","inLanguage":"fr-FR","@id":"https:\/\/tinychat.com\/#\/schema\/logo\/image\/","url":"https:\/\/tinychat.com\/wp-content\/uploads\/2023\/11\/Tinychat-icon-square.png","contentUrl":"https:\/\/tinychat.com\/wp-content\/uploads\/2023\/11\/Tinychat-icon-square.png","width":284,"height":284,"caption":"TinyChat"},"image":{"@id":"https:\/\/tinychat.com\/#\/schema\/logo\/image\/"},"sameAs":["https:\/\/www.facebook.com\/tinychat","https:\/\/x.com\/tinychat"]}]}},"_links":{"self":[{"href":"https:\/\/tinychat.com\/fr\/wp-json\/wp\/v2\/pages\/8446","targetHints":{"allow":["GET"]}}],"collection":[{"href":"https:\/\/tinychat.com\/fr\/wp-json\/wp\/v2\/pages"}],"about":[{"href":"https:\/\/tinychat.com\/fr\/wp-json\/wp\/v2\/types\/page"}],"author":[{"embeddable":true,"href":"https:\/\/tinychat.com\/fr\/wp-json\/wp\/v2\/users\/1"}],"replies":[{"embeddable":true,"href":"https:\/\/tinychat.com\/fr\/wp-json\/wp\/v2\/comments?post=8446"}],"version-history":[{"count":1,"href":"https:\/\/tinychat.com\/fr\/wp-json\/wp\/v2\/pages\/8446\/revisions"}],"predecessor-version":[{"id":13040,"href":"https:\/\/tinychat.com\/fr\/wp-json\/wp\/v2\/pages\/8446\/revisions\/13040"}],"wp:attachment":[{"href":"https:\/\/tinychat.com\/fr\/wp-json\/wp\/v2\/media?parent=8446"}],"curies":[{"name":"wp","href":"https:\/\/api.w.org\/{rel}","templated":true}]}}