{"id":8554,"date":"2021-10-18T10:33:50","date_gmt":"2021-10-18T08:33:50","guid":{"rendered":"https:\/\/tinychat.com\/?page_id=8554"},"modified":"2025-05-03T17:25:13","modified_gmt":"2025-05-03T15:25:13","slug":"refund","status":"publish","type":"page","link":"https:\/\/tinychat.com\/fr\/refund\/","title":{"rendered":"Remboursements et r\u00e9trofacturation"},"content":{"rendered":"<p class=\"\" data-start=\"351\" data-end=\"740\">Nous vous remercions d'avoir utilis\u00e9 notre site web. Veuillez noter que toutes les questions relatives \u00e0 la facturation, aux remboursements, aux r\u00e9trocessions et \u00e0 l'assistance \u00e0 la client\u00e8le concernant les achats effectu\u00e9s par l'interm\u00e9diaire de liens sur ce site web sont exclusivement g\u00e9r\u00e9es par CooMeet. En tant qu'affili\u00e9 ind\u00e9pendant, nous ne traitons pas les paiements, ne nous occupons pas des probl\u00e8mes de facturation et ne fournissons pas de support client direct pour les transactions impliquant les services de CooMeet.<\/p>\n<h2 data-start=\"747\" data-end=\"782\">Produits et services num\u00e9riques<\/h2>\n<p class=\"\" data-start=\"784\" data-end=\"1106\">Notre site web fait la promotion de services et de produits num\u00e9riques non tangibles fournis par CooMeet. Il peut s'agir d'abonnements, d'adh\u00e9sions premium ou de fonctionnalit\u00e9s suppl\u00e9mentaires.<br data-start=\"951\" data-end=\"954\" \/>Avant tout achat, nous vous encourageons vivement \u00e0 lire attentivement la description du produit ou du service afin de vous assurer qu'il correspond \u00e0 vos attentes.<\/p>\n<p class=\"\" data-start=\"1108\" data-end=\"1335\">Si vous avez des questions sur le produit, les caract\u00e9ristiques, les prix ou les conditions d'abonnement, veuillez contacter l'\u00e9quipe d'assistance officielle de CooMeet avant d'effectuer votre paiement. Nous ne sommes pas autoris\u00e9s \u00e0 clarifier ou \u00e0 modifier ces offres.<\/p>\n<h2 data-start=\"1342\" data-end=\"1363\">Politique de remboursement<\/h2>\n<p class=\"\" data-start=\"1365\" data-end=\"1560\">CooMeet s'occupant du traitement de tous les paiements, toute demande de remboursement doit \u00eatre soumise directement \u00e0 l'\u00e9quipe d'assistance \u00e0 la client\u00e8le. Les remboursements peuvent \u00eatre envisag\u00e9s dans des circonstances sp\u00e9cifiques, telles que :<\/p>\n<ul>\n<li data-start=\"1564\" data-end=\"1588\">Transactions en double<\/li>\n<li data-start=\"1591\" data-end=\"1609\">Erreurs techniques<\/li>\n<li data-start=\"1612\" data-end=\"1632\">Frais non autoris\u00e9s<\/li>\n<\/ul>\n<p class=\"\" data-start=\"1634\" data-end=\"1709\">Pour demander un remboursement, veuillez fournir \u00e0 CooMeet les informations suivantes :<\/p>\n<ul>\n<li data-start=\"1713\" data-end=\"1741\">Date et montant du paiement<\/li>\n<li data-start=\"1744\" data-end=\"1765\">Mode de paiement utilis\u00e9<\/li>\n<li data-start=\"1768\" data-end=\"1800\">Num\u00e9ro d'identification de la transaction ou num\u00e9ro de commande<\/li>\n<li data-start=\"1803\" data-end=\"1833\">Motif de la demande de remboursement<\/li>\n<\/ul>\n<p class=\"\" data-start=\"1835\" data-end=\"2106\">Si votre remboursement est approuv\u00e9, veuillez pr\u00e9voir un d\u00e9lai de 3 \u00e0 10 jours ouvrables pour que votre banque ou l'\u00e9metteur de votre carte traite le remboursement. Nous ne sommes pas en mesure de suivre ou d'influencer le d\u00e9lai du remboursement une fois qu'il a \u00e9t\u00e9 effectu\u00e9. Pour toute mise \u00e0 jour ou pr\u00e9occupation, veuillez contacter directement le service d'assistance de CooMeet.<\/p>\n<h2 data-start=\"2113\" data-end=\"2132\">Refus de paiement<\/h2>\n<p class=\"\" data-start=\"2134\" data-end=\"2385\">Si vous envisagez d'initier une r\u00e9trofacturation, nous vous recommandons de contacter d'abord le support de CooMeet pour r\u00e9soudre le probl\u00e8me. Le fait de d\u00e9poser une demande de r\u00e9trofacturation sans avoir d'abord contact\u00e9 l'assistance peut retarder la r\u00e9solution du probl\u00e8me et entra\u00eener des restrictions sur votre compte ou sur votre acc\u00e8s futur.<\/p>\n<p class=\"\" data-start=\"2387\" data-end=\"2567\">Toutes les r\u00e9trocessions sont examin\u00e9es et \u00e9tudi\u00e9es par CooMeet. La soumission d'une r\u00e9trofacturation frauduleuse ou non justifi\u00e9e peut constituer une violation des conditions d'utilisation et peut entra\u00eener une suspension du service.<\/p>\n<h2 data-start=\"2574\" data-end=\"2610\">Services et liens de tiers<\/h2>\n<p class=\"\" data-start=\"2612\" data-end=\"2818\">Notre site web peut inclure des liens vers des plateformes tierces, y compris CooMeet. Tout produit ou service auquel vous acc\u00e9dez par le biais de ces liens est r\u00e9gi par les propres conditions et politiques de la tierce partie, et non par les n\u00f4tres.<\/p>\n<p class=\"\" data-start=\"2820\" data-end=\"3042\">Nous ne sommes pas responsables du fonctionnement de ces services externes et nous ne pouvons pas intervenir dans leur service client\u00e8le ou leurs proc\u00e9dures de remboursement. Pour tout probl\u00e8me li\u00e9 \u00e0 des achats externes, veuillez contacter directement le fournisseur tiers.<\/p>\n<h2 data-start=\"3049\" data-end=\"3070\">Nous contacter<\/h2>\n<p class=\"\" data-start=\"3072\" data-end=\"3376\">Si vous avez des questions sur le contenu de notre site ou sur notre relation d'affiliation avec CooMeet, n'h\u00e9sitez pas \u00e0 nous contacter via notre page de contact. Veuillez toutefois noter que nous ne pouvons pas vous aider pour les questions de facturation, de remboursement ou d'abonnement, qui doivent \u00eatre adress\u00e9es \u00e0 l'\u00e9quipe d'assistance \u00e0 la client\u00e8le de CooMeet.<\/p>","protected":false},"excerpt":{"rendered":"<p>Thank you for using our website. Please be advised that all billing, refunds, chargebacks, and customer support inquiries related to purchases made through links on this website are exclusively managed by CooMeet. As an independent affiliate, we do not process payments, handle billing issues, or provide direct customer support for transactions involving CooMeet services. Digital [&hellip;]<\/p>\n","protected":false},"author":1,"featured_media":0,"parent":0,"menu_order":0,"comment_status":"closed","ping_status":"closed","template":"","meta":{"footnotes":""},"class_list":["post-8554","page","type-page","status-publish","hentry"],"yoast_head":"<!-- This site is optimized with the Yoast SEO plugin v27.4 - https:\/\/yoast.com\/product\/yoast-seo-wordpress\/ -->\n<title>Refunds &amp; Chargeback - TinyChat<\/title>\n<meta name=\"robots\" content=\"index, follow, max-snippet:-1, max-image-preview:large, max-video-preview:-1\" \/>\n<link rel=\"canonical\" href=\"https:\/\/tinychat.com\/fr\/refund\/\" \/>\n<meta property=\"og:locale\" content=\"fr_FR\" \/>\n<meta property=\"og:type\" content=\"article\" \/>\n<meta property=\"og:title\" content=\"Refunds &amp; Chargeback - TinyChat\" \/>\n<meta property=\"og:description\" content=\"Thank you for using our website. Please be advised that all billing, refunds, chargebacks, and customer support inquiries related to purchases made through links on this website are exclusively managed by CooMeet. As an independent affiliate, we do not process payments, handle billing issues, or provide direct customer support for transactions involving CooMeet services. Digital [&hellip;]\" \/>\n<meta property=\"og:url\" content=\"https:\/\/tinychat.com\/fr\/refund\/\" \/>\n<meta property=\"og:site_name\" content=\"TinyChat\" \/>\n<meta property=\"article:publisher\" content=\"https:\/\/www.facebook.com\/tinychat\" \/>\n<meta property=\"article:modified_time\" content=\"2025-05-03T15:25:13+00:00\" \/>\n<meta property=\"og:image\" content=\"https:\/\/tinychat.com\/wp-content\/uploads\/2020\/04\/Tinychat-logo-1280x284-new-black.png\" \/>\n\t<meta property=\"og:image:width\" content=\"1280\" \/>\n\t<meta property=\"og:image:height\" content=\"284\" \/>\n\t<meta property=\"og:image:type\" content=\"image\/png\" \/>\n<meta name=\"twitter:card\" content=\"summary_large_image\" \/>\n<meta name=\"twitter:site\" content=\"@tinychat\" \/>\n<meta name=\"twitter:label1\" content=\"Dur\u00e9e de lecture estim\u00e9e\" \/>\n\t<meta name=\"twitter:data1\" content=\"2 minutes\" \/>\n<script type=\"application\/ld+json\" class=\"yoast-schema-graph\">{\"@context\":\"https:\\\/\\\/schema.org\",\"@graph\":[{\"@type\":\"WebPage\",\"@id\":\"https:\\\/\\\/tinychat.com\\\/refund\\\/\",\"url\":\"https:\\\/\\\/tinychat.com\\\/refund\\\/\",\"name\":\"Refunds & Chargeback - TinyChat\",\"isPartOf\":{\"@id\":\"https:\\\/\\\/tinychat.com\\\/#website\"},\"datePublished\":\"2021-10-18T08:33:50+00:00\",\"dateModified\":\"2025-05-03T15:25:13+00:00\",\"breadcrumb\":{\"@id\":\"https:\\\/\\\/tinychat.com\\\/refund\\\/#breadcrumb\"},\"inLanguage\":\"fr-FR\",\"potentialAction\":[{\"@type\":\"ReadAction\",\"target\":[\"https:\\\/\\\/tinychat.com\\\/refund\\\/\"]}]},{\"@type\":\"BreadcrumbList\",\"@id\":\"https:\\\/\\\/tinychat.com\\\/refund\\\/#breadcrumb\",\"itemListElement\":[{\"@type\":\"ListItem\",\"position\":1,\"name\":\"Home\",\"item\":\"https:\\\/\\\/tinychat.com\\\/\"},{\"@type\":\"ListItem\",\"position\":2,\"name\":\"Refunds &#038; Chargeback\"}]},{\"@type\":\"WebSite\",\"@id\":\"https:\\\/\\\/tinychat.com\\\/#website\",\"url\":\"https:\\\/\\\/tinychat.com\\\/\",\"name\":\"TinyChat\",\"description\":\"Random Video Chat with Strangers\",\"publisher\":{\"@id\":\"https:\\\/\\\/tinychat.com\\\/#organization\"},\"alternateName\":\"TinyChat.com\",\"potentialAction\":[{\"@type\":\"SearchAction\",\"target\":{\"@type\":\"EntryPoint\",\"urlTemplate\":\"https:\\\/\\\/tinychat.com\\\/?s={search_term_string}\"},\"query-input\":{\"@type\":\"PropertyValueSpecification\",\"valueRequired\":true,\"valueName\":\"search_term_string\"}}],\"inLanguage\":\"fr-FR\"},{\"@type\":\"Organization\",\"@id\":\"https:\\\/\\\/tinychat.com\\\/#organization\",\"name\":\"TinyChat\",\"alternateName\":\"TinyChat.com\",\"url\":\"https:\\\/\\\/tinychat.com\\\/\",\"logo\":{\"@type\":\"ImageObject\",\"inLanguage\":\"fr-FR\",\"@id\":\"https:\\\/\\\/tinychat.com\\\/#\\\/schema\\\/logo\\\/image\\\/\",\"url\":\"https:\\\/\\\/tinychat.com\\\/wp-content\\\/uploads\\\/2023\\\/11\\\/Tinychat-icon-square.png\",\"contentUrl\":\"https:\\\/\\\/tinychat.com\\\/wp-content\\\/uploads\\\/2023\\\/11\\\/Tinychat-icon-square.png\",\"width\":284,\"height\":284,\"caption\":\"TinyChat\"},\"image\":{\"@id\":\"https:\\\/\\\/tinychat.com\\\/#\\\/schema\\\/logo\\\/image\\\/\"},\"sameAs\":[\"https:\\\/\\\/www.facebook.com\\\/tinychat\",\"https:\\\/\\\/x.com\\\/tinychat\"]}]}<\/script>\n<!-- \/ Yoast SEO plugin. -->","yoast_head_json":{"title":"Remboursements et r\u00e9trofacturation - TinyChat","robots":{"index":"index","follow":"follow","max-snippet":"max-snippet:-1","max-image-preview":"max-image-preview:large","max-video-preview":"max-video-preview:-1"},"canonical":"https:\/\/tinychat.com\/fr\/refund\/","og_locale":"fr_FR","og_type":"article","og_title":"Refunds & Chargeback - TinyChat","og_description":"Thank you for using our website. Please be advised that all billing, refunds, chargebacks, and customer support inquiries related to purchases made through links on this website are exclusively managed by CooMeet. As an independent affiliate, we do not process payments, handle billing issues, or provide direct customer support for transactions involving CooMeet services. Digital [&hellip;]","og_url":"https:\/\/tinychat.com\/fr\/refund\/","og_site_name":"TinyChat","article_publisher":"https:\/\/www.facebook.com\/tinychat","article_modified_time":"2025-05-03T15:25:13+00:00","og_image":[{"width":1280,"height":284,"url":"https:\/\/tinychat.com\/wp-content\/uploads\/2020\/04\/Tinychat-logo-1280x284-new-black.png","type":"image\/png"}],"twitter_card":"summary_large_image","twitter_site":"@tinychat","twitter_misc":{"Dur\u00e9e de lecture estim\u00e9e":"2 minutes"},"schema":{"@context":"https:\/\/schema.org","@graph":[{"@type":"WebPage","@id":"https:\/\/tinychat.com\/refund\/","url":"https:\/\/tinychat.com\/refund\/","name":"Remboursements et r\u00e9trofacturation - TinyChat","isPartOf":{"@id":"https:\/\/tinychat.com\/#website"},"datePublished":"2021-10-18T08:33:50+00:00","dateModified":"2025-05-03T15:25:13+00:00","breadcrumb":{"@id":"https:\/\/tinychat.com\/refund\/#breadcrumb"},"inLanguage":"fr-FR","potentialAction":[{"@type":"ReadAction","target":["https:\/\/tinychat.com\/refund\/"]}]},{"@type":"BreadcrumbList","@id":"https:\/\/tinychat.com\/refund\/#breadcrumb","itemListElement":[{"@type":"ListItem","position":1,"name":"Home","item":"https:\/\/tinychat.com\/"},{"@type":"ListItem","position":2,"name":"Refunds &#038; Chargeback"}]},{"@type":"WebSite","@id":"https:\/\/tinychat.com\/#website","url":"https:\/\/tinychat.com\/","name":"TinyChat","description":"Chat vid\u00e9o al\u00e9atoire avec des inconnus","publisher":{"@id":"https:\/\/tinychat.com\/#organization"},"alternateName":"TinyChat.com","potentialAction":[{"@type":"SearchAction","target":{"@type":"EntryPoint","urlTemplate":"https:\/\/tinychat.com\/?s={search_term_string}"},"query-input":{"@type":"PropertyValueSpecification","valueRequired":true,"valueName":"search_term_string"}}],"inLanguage":"fr-FR"},{"@type":"Organization","@id":"https:\/\/tinychat.com\/#organization","name":"TinyChat","alternateName":"TinyChat.com","url":"https:\/\/tinychat.com\/","logo":{"@type":"ImageObject","inLanguage":"fr-FR","@id":"https:\/\/tinychat.com\/#\/schema\/logo\/image\/","url":"https:\/\/tinychat.com\/wp-content\/uploads\/2023\/11\/Tinychat-icon-square.png","contentUrl":"https:\/\/tinychat.com\/wp-content\/uploads\/2023\/11\/Tinychat-icon-square.png","width":284,"height":284,"caption":"TinyChat"},"image":{"@id":"https:\/\/tinychat.com\/#\/schema\/logo\/image\/"},"sameAs":["https:\/\/www.facebook.com\/tinychat","https:\/\/x.com\/tinychat"]}]}},"_links":{"self":[{"href":"https:\/\/tinychat.com\/fr\/wp-json\/wp\/v2\/pages\/8554","targetHints":{"allow":["GET"]}}],"collection":[{"href":"https:\/\/tinychat.com\/fr\/wp-json\/wp\/v2\/pages"}],"about":[{"href":"https:\/\/tinychat.com\/fr\/wp-json\/wp\/v2\/types\/page"}],"author":[{"embeddable":true,"href":"https:\/\/tinychat.com\/fr\/wp-json\/wp\/v2\/users\/1"}],"replies":[{"embeddable":true,"href":"https:\/\/tinychat.com\/fr\/wp-json\/wp\/v2\/comments?post=8554"}],"version-history":[{"count":3,"href":"https:\/\/tinychat.com\/fr\/wp-json\/wp\/v2\/pages\/8554\/revisions"}],"predecessor-version":[{"id":13054,"href":"https:\/\/tinychat.com\/fr\/wp-json\/wp\/v2\/pages\/8554\/revisions\/13054"}],"wp:attachment":[{"href":"https:\/\/tinychat.com\/fr\/wp-json\/wp\/v2\/media?parent=8554"}],"curies":[{"name":"wp","href":"https:\/\/api.w.org\/{rel}","templated":true}]}}