{"id":8588,"date":"2025-07-26T15:30:39","date_gmt":"2025-07-26T13:30:39","guid":{"rendered":"https:\/\/tinychat.com\/?page_id=8588"},"modified":"2025-07-26T17:42:37","modified_gmt":"2025-07-26T15:42:37","slug":"wireclub","status":"publish","type":"page","link":"https:\/\/tinychat.com\/fr\/wireclub\/","title":{"rendered":"Wireclub"},"content":{"rendered":"<p>Dans un monde rempli de moments fugaces sur les m\u00e9dias sociaux et de connexions superficielles, de nombreuses personnes recherchent quelque chose de plus authentique - un endroit o\u00f9 vous pouvez vraiment engager la conversation, vous faire des amis durables ou rejoindre des groupes d'int\u00e9r\u00eat sur tous les sujets, de la philosophie \u00e0 la musique en passant par les rencontres. Wireclub est l'une des communaut\u00e9s de chat les mieux \u00e9tablies, les plus dynamiques et les plus riches en fonctionnalit\u00e9s sur le Web, offrant des milliers de salles de chat, une personnalisation puissante et une base d'utilisateurs conviviale et active.<\/p>\n<p>Que vous soyez ici pour rencontrer de nouvelles personnes, trouver du soutien, discuter de vos hobbies ou m\u00eame trouver l'amour, les salles flexibles et la plateforme robuste de Wireclub en font la destination de choix pour de vraies interactions sociales en ligne. Il ne s'agit pas d'un simple site de chat : c'est un r\u00e9seau de communaut\u00e9s construites autour de la conversation, du respect et d'un amour partag\u00e9 pour la connexion en ligne.<\/p>\n<p>Ce guide approfondi couvre tout ce que vous devez savoir sur Wireclub : son fonctionnement, ses caract\u00e9ristiques principales, l'exp\u00e9rience utilisateur, la confidentialit\u00e9 et la s\u00e9curit\u00e9, les comparaisons avec d'autres plateformes, le d\u00e9pannage et les conseils d'experts pour tirer le meilleur parti de chaque chat.<\/p>\n<h2>Qu'est-ce que le Wireclub ?<\/h2>\n<p>Wireclub est une plateforme de chat et un r\u00e9seau social bas\u00e9 sur un navigateur qui permet aux utilisateurs de cr\u00e9er, de rejoindre et de participer \u00e0 des milliers de salons de chat sur presque tous les sujets imaginables. Lanc\u00e9 en 2003, Wireclub est rapidement devenu une communaut\u00e9 mondiale, avec des millions de membres enregistr\u00e9s et une r\u00e9putation d'ouverture, de convivialit\u00e9 et de personnalisation pouss\u00e9e.<\/p>\n<p>Au fond, Wireclub, c'est l'affaire de tous :<\/p>\n<ul>\n<li>Salons de discussion ouverts et messagerie priv\u00e9e<\/li>\n<li>Groupes d'int\u00e9r\u00eat et groupes r\u00e9gionaux<\/li>\n<li>Contenu g\u00e9n\u00e9r\u00e9 par les utilisateurs et mod\u00e9ration communautaire<\/li>\n<li>Un m\u00e9lange d'anonymat, de respect de la vie priv\u00e9e et de r\u00e9seaux sociaux persistants<\/li>\n<\/ul>\n<p>Le mod\u00e8le de Wireclub est diff\u00e9rent de la plupart des sites de \"chat al\u00e9atoire\" : pendant que vous <em>peut<\/em> La meilleure fa\u00e7on de d\u00e9couvrir la plateforme est de cr\u00e9er un compte gratuit afin de d\u00e9bloquer les fonctions sociales, les listes d'amis et une identit\u00e9 en ligne r\u00e9ellement persistante.<\/p>\n<h2>Caract\u00e9ristiques principales de Wireclub<\/h2>\n<p>Les fonctionnalit\u00e9s du Wireclub sont parmi les plus riches du chat en ligne :<\/p>\n<h3>1. Des milliers de salles de chat publiques et priv\u00e9es<\/h3>\n<ul>\n<li>Salles th\u00e9matiques : Rencontres, musique, jeux, philosophie, sant\u00e9, parentalit\u00e9, chat pour adultes, et plus encore.<\/li>\n<li>Salles de pays\/r\u00e9gion : Rencontrez des personnes de votre r\u00e9gion ou explorez des communaut\u00e9s mondiales.<\/li>\n<li>Salles cr\u00e9\u00e9es par les utilisateurs : Cr\u00e9ez votre propre groupe, d\u00e9finissez le sujet, animez la discussion.<\/li>\n<\/ul>\n<h3>2. Enregistrement gratuit et identit\u00e9 permanente<\/h3>\n<ul>\n<li>Cr\u00e9ez un compte gratuit : R\u00e9servez votre pseudo, cr\u00e9ez un profil et rejoignez ou cr\u00e9ez des salons de discussion.<\/li>\n<li>Personnalisez votre profil : Photos, statuts, messages sur le mur, badges, etc.<\/li>\n<li>Liste d'amis et de suiveurs : D\u00e9veloppez votre r\u00e9seau et voyez quand vos amis sont en ligne.<\/li>\n<\/ul>\n<h3>3. Messagerie priv\u00e9e et discussions de groupe<\/h3>\n<ul>\n<li>Messages individuels : Envoyez des notes priv\u00e9es \u00e0 vos amis ou \u00e0 vos nouveaux contacts.<\/li>\n<li>MPs de groupe : Cr\u00e9ez de petits groupes de discussion priv\u00e9s pour les cercles proches.<\/li>\n<\/ul>\n<h3>4. Partage des m\u00e9dias et fonctions ludiques<\/h3>\n<ul>\n<li>Partager des images et des vid\u00e9os : T\u00e9l\u00e9chargez et partagez instantan\u00e9ment des m\u00e9dias dans les salons ou les MP.<\/li>\n<li>Emojis, autocollants et cadeaux : Exprimez-vous gr\u00e2ce \u00e0 une vaste collection d'am\u00e9liorations de chat.<\/li>\n<li>Jeux et quiz : Jouez avec d'autres personnes en temps r\u00e9el pour briser la glace.<\/li>\n<\/ul>\n<h3>5. Mod\u00e9ration des salles et contr\u00f4le des utilisateurs<\/h3>\n<ul>\n<li>Cr\u00e9ez vos propres salons : D\u00e9finissez des r\u00e8gles, invitez des amis, nommez des mod\u00e9rateurs et gardez le contr\u00f4le.<\/li>\n<li>Fonctionnalit\u00e9s de signalement\/blocage : G\u00e9rez votre propre exp\u00e9rience ; des mod\u00e9rateurs sont pr\u00e9sents dans la plupart des salles occup\u00e9es.<\/li>\n<li>Personnalisation de la salle : D\u00e9finissez le th\u00e8me, les r\u00e8gles, le message de bienvenue et les r\u00f4les des utilisateurs.<\/li>\n<\/ul>\n<h3>6. Forums et messages muraux<\/h3>\n<ul>\n<li>Plus qu'un simple chat : Participez \u00e0 la vie de la communaut\u00e9 Wireclub via des forums, des messages sur le mur et des discussions sur des sujets d'actualit\u00e9.<\/li>\n<\/ul>\n<h3>7. Pi\u00e8ces et fonctionnalit\u00e9s Premium<\/h3>\n<ul>\n<li>Wireclub Coins : La monnaie virtuelle du site vous permet de d\u00e9bloquer des am\u00e9liorations de profil, d'envoyer des cadeaux, d'acheter un acc\u00e8s premium ou de cr\u00e9er des chambres extra-larges.<\/li>\n<li>Abonnements Premium : Supprimez les publicit\u00e9s, acc\u00e9dez \u00e0 des espaces sp\u00e9ciaux et am\u00e9liorez votre profil.<\/li>\n<\/ul>\n<h3>8. Acc\u00e8s aux mobiles et aux ordinateurs de bureau<\/h3>\n<p>Wireclub est enti\u00e8rement bas\u00e9 sur un navigateur, optimis\u00e9 pour les mobiles et les ordinateurs de bureau. Aucun t\u00e9l\u00e9chargement ni installation d'application n'est n\u00e9cessaire.<\/p>\n<h2>Comment utiliser Wireclub<\/h2>\n<p>Il est facile de commencer, que vous souhaitiez discuter en tant qu'invit\u00e9 ou rejoindre l'ensemble de la communaut\u00e9.<\/p>\n<h3>\u00c9tape 1 : Visiter le site web du Wireclub<\/h3>\n<p>Ouvrez wireclub.com dans un navigateur moderne.<\/p>\n<h3>\u00c9tape 2 : S'inscrire (recommand\u00e9) ou chatter en tant qu'invit\u00e9<\/h3>\n<ul>\n<li>Cr\u00e9ez un compte gratuit : D\u00e9verrouillez toutes les fonctionnalit\u00e9s, les profils persistants et les listes d'amis.<\/li>\n<li>Discuter en tant qu'invit\u00e9 : Explorer les salles publiques avec des fonctionnalit\u00e9s limit\u00e9es.<\/li>\n<\/ul>\n<h3>\u00c9tape 3 : \u00c9tablir votre profil<\/h3>\n<p>Ajoutez une photo, r\u00e9digez une courte biographie, d\u00e9finissez vos centres d'int\u00e9r\u00eat et faites ressortir votre profil. Ajoutez des amis et suivez des personnes int\u00e9ressantes.<\/p>\n<h3>\u00c9tape 4 : Trouver ou cr\u00e9er une salle de chat<\/h3>\n<ul>\n<li>Parcourez les salles \u00e0 la mode ou effectuez une recherche par th\u00e8me.<\/li>\n<li>Rejoignez des groupes de discussion par pays ou par langue ou des groupes d'int\u00e9r\u00eat sp\u00e9cialis\u00e9s.<\/li>\n<li>Cr\u00e9ez votre propre espace et personnalisez-le avec des r\u00e8gles, des th\u00e8mes et des mod\u00e9rateurs.<\/li>\n<\/ul>\n<h3>\u00c9tape 5 : Participer \u00e0 la conversation<\/h3>\n<p>Tapez des messages, envoyez des emojis, publiez des images ou jouez \u00e0 des jeux. Passez d'une salle \u00e0 l'autre ou installez-vous dans votre salle pr\u00e9f\u00e9r\u00e9e.<\/p>\n<h3>\u00c9tape 6 : Message priv\u00e9 et ajout d'amis<\/h3>\n<p>Cliquez sur un utilisateur pour ouvrir son profil, lui envoyer un message priv\u00e9 ou l'ajouter \u00e0 vos amis.<\/p>\n<h3>\u00c9tape 7 : Explorer les forums et les messages muraux<\/h3>\n<p>Outre le chat, les forums et les murs d'utilisateurs de Wireclub sont parfaits pour les discussions asynchrones et les annonces.<\/p>\n<h3>\u00c9tape 8 : D\u00e9bloquer des extras avec des pi\u00e8ces<\/h3>\n<p>Participez, jouez \u00e0 des jeux ou achetez des pi\u00e8ces pour am\u00e9liorer votre profil, recevoir des cadeaux ou devenir membre d'une cat\u00e9gorie sup\u00e9rieure.<\/p>\n<h2>Exp\u00e9rience utilisateur sur Wireclub<\/h2>\n<p>L'exp\u00e9rience de Wireclub s'articule autour de l'ouverture, du contr\u00f4le et de la vari\u00e9t\u00e9 :<\/p>\n<h3>Ce que les utilisateurs aiment<\/h3>\n<ul>\n<li>Une grande vari\u00e9t\u00e9 de salles : Il y en a toujours pour tous les go\u00fbts : rencontres, amiti\u00e9, loisirs, conseils, etc.<\/li>\n<li>Une communaut\u00e9 forte et persistante : Cr\u00e9ez de v\u00e9ritables amiti\u00e9s et des profils reconnaissables.<\/li>\n<li>Personnalisation pouss\u00e9e du profil : D\u00e9marquez-vous et entrez en contact avec des personnes partageant les m\u00eames id\u00e9es.<\/li>\n<li>Partage de m\u00e9dias et jeux : Rend les discussions anim\u00e9es et attrayantes.<\/li>\n<li>Des outils de mod\u00e9ration puissants : Gardez vos espaces propres et sans drame.<\/li>\n<li>Adapt\u00e9 aux mobiles et aux ordinateurs de bureau : Chat n'importe o\u00f9, n'importe quand.<\/li>\n<\/ul>\n<h3>Les points \u00e0 am\u00e9liorer selon les utilisateurs<\/h3>\n<ul>\n<li>Certaines fonctionnalit\u00e9s (grandes salles, cadeaux premium, pas de publicit\u00e9) n\u00e9cessitent des pi\u00e8ces ou des primes.<\/li>\n<li>Les salles tr\u00e8s fr\u00e9quent\u00e9es peuvent \u00e9voluer rapidement, tandis que les salles priv\u00e9es permettent de discuter de mani\u00e8re plus cibl\u00e9e.<\/li>\n<li>Comme sur tous les sites de discussion ouverts, des trolls peuvent appara\u00eetre (une mod\u00e9ration active aide).<\/li>\n<li>Les forums sont moins actifs que les salons de discussion.<\/li>\n<\/ul>\n<h3>Un vrai retour d'information de la part des utilisateurs<\/h3>\n<blockquote><p>\"Wireclub est ma maison en ligne. Je me suis fait des amis dans le monde entier et j'y ai m\u00eame rencontr\u00e9 mon partenaire.\"<br \/>\n- <em>Helen B., Trustpilot<\/em><\/p><\/blockquote>\n<blockquote><p>\"J'aime la vari\u00e9t\u00e9 - il y a de la place pour litt\u00e9ralement tous les int\u00e9r\u00eats, et la communaut\u00e9 est formidable.<br \/>\n- <em>Manuel S., Google Reviews<\/em><\/p><\/blockquote>\n<blockquote><p>\"Le fait de cr\u00e9er ma propre salle et de fixer les r\u00e8gles a chang\u00e9 la donne pour mon club de lecture.<br \/>\n- <em>Sarah T., App Store<\/em><\/p><\/blockquote>\n<h2>Wireclub vs. autres plates-formes de salons de discussion<\/h2>\n<p>Comment Wireclub se situe-t-il par rapport aux principaux sites de chat ?<\/p>\n<table>\n<thead>\n<tr>\n<th>Fonctionnalit\u00e9<\/th>\n<th>Wireclub<\/th>\n<th>321Chat<\/th>\n<th>Chatroom2000<\/th>\n<th>Ouiichat<\/th>\n<th>Chatzy<\/th>\n<th>Discord<\/th>\n<\/tr>\n<\/thead>\n<tbody>\n<tr>\n<td>Inscription gratuite<\/td>\n<td>\u2705 Oui<\/td>\n<td>\u2705 Oui<\/td>\n<td>\u2705 Facultatif<\/td>\n<td>\u2705 Oui<\/td>\n<td>\u2705 Facultatif<\/td>\n<td>\u2705 Oui<\/td>\n<\/tr>\n<tr>\n<td>Salles de chat publiques\/de groupe<\/td>\n<td>\u2705 Oui<\/td>\n<td>\u2705 Oui<\/td>\n<td>\u2705 Oui<\/td>\n<td>\u2705 Oui<\/td>\n<td>\u2705 Oui<\/td>\n<td>\u2705 Oui<\/td>\n<\/tr>\n<tr>\n<td>Cr\u00e9ez vos propres pi\u00e8ces<\/td>\n<td>\u2705 Oui<\/td>\n<td>\u2705 Limit\u00e9e<\/td>\n<td>\u2705 Oui<\/td>\n<td>\u2705 Oui<\/td>\n<td>\u2705 Oui<\/td>\n<td>\u2705 Oui<\/td>\n<\/tr>\n<tr>\n<td>Partage des m\u00e9dias<\/td>\n<td>\u2705 Oui<\/td>\n<td>\u2705 Oui<\/td>\n<td>\u2705 Oui<\/td>\n<td>\u2705 Oui<\/td>\n<td>\u2705 Oui<\/td>\n<td>\u2705 Oui<\/td>\n<\/tr>\n<tr>\n<td>Personnalisation du profil<\/td>\n<td>\u2705 Oui<\/td>\n<td>\u2705 Limit\u00e9e<\/td>\n<td>\u2705 Limit\u00e9e<\/td>\n<td>\u2705 Oui<\/td>\n<td>\u2705 Oui<\/td>\n<td>\u2705 Oui<\/td>\n<\/tr>\n<tr>\n<td>Optimis\u00e9 pour les mobiles<\/td>\n<td>\u2705 Oui<\/td>\n<td>\u2705 Oui<\/td>\n<td>\u2705 Oui<\/td>\n<td>\u2705 Oui<\/td>\n<td>\u2705 Oui<\/td>\n<td>\u2705 Oui<\/td>\n<\/tr>\n<tr>\n<td>Jeux et cadeaux<\/td>\n<td>\u2705 Oui<\/td>\n<td>\u274c Non<\/td>\n<td>\u274c Non<\/td>\n<td>\u2705 Limit\u00e9e<\/td>\n<td>\u274c Non<\/td>\n<td>\u2705 Oui<\/td>\n<\/tr>\n<tr>\n<td>Pi\u00e8ces de monnaie\/monnaie virtuelle<\/td>\n<td>\u2705 Oui<\/td>\n<td>\u274c Non<\/td>\n<td>\u274c Non<\/td>\n<td>\u274c Non<\/td>\n<td>\u274c Non<\/td>\n<td>\u274c Non<\/td>\n<\/tr>\n<tr>\n<td>Forums\/Postes muraux<\/td>\n<td>\u2705 Oui<\/td>\n<td>\u274c Non<\/td>\n<td>\u274c Non<\/td>\n<td>\u274c Non<\/td>\n<td>\u274c Non<\/td>\n<td>\u2705 Forums<\/td>\n<\/tr>\n<tr>\n<td>Une forte mod\u00e9ration<\/td>\n<td>\u2705 Oui<\/td>\n<td>\u2705 Oui<\/td>\n<td>\u2705 Oui<\/td>\n<td>\u2705 Oui<\/td>\n<td>\u2705 Oui<\/td>\n<td>\u2705 Oui<\/td>\n<\/tr>\n<\/tbody>\n<\/table>\n<p>R\u00e9sum\u00e9 : Wireclub offre la personnalisation la plus pouss\u00e9e, la plus grande vari\u00e9t\u00e9 de salles de chat et les meilleures fonctions sociales de toutes les plates-formes de chat bas\u00e9es sur un navigateur - id\u00e9al pour les utilisateurs qui recherchent plus qu'un simple chat anonyme.<\/p>\n<h2>Le Wireclub est-il s\u00fbr ?<\/h2>\n<p>Wireclub prend au s\u00e9rieux la protection de la vie priv\u00e9e et la s\u00e9curit\u00e9 :<\/p>\n<ul>\n<li>Confidentialit\u00e9 du profil et du salon : Contr\u00f4lez qui voit vos informations et qui rejoint votre salon.<\/li>\n<li>Mod\u00e9rateurs humains actifs : Dans les salles occup\u00e9es et pr\u00eats \u00e0 r\u00e9pondre aux signalements.<\/li>\n<li>Outils de blocage et de signalement faciles \u00e0 utiliser : Mettez instantan\u00e9ment en sourdine ou signalez les utilisateurs abusifs.<\/li>\n<li>Des salles adapt\u00e9es \u00e0 l'\u00e2ge des enfants : S\u00e9paration claire entre les espaces r\u00e9serv\u00e9s aux adultes, les espaces g\u00e9n\u00e9raux et les espaces r\u00e9serv\u00e9s aux jeunes.<\/li>\n<li>Contr\u00f4les de l'anonymat : Utiliser des surnoms, sans exiger de noms r\u00e9els.<\/li>\n<\/ul>\n<h3>Conseils de s\u00e9curit\u00e9<\/h3>\n<ul>\n<li>Ne partagez pas d'informations personnelles sensibles, en particulier dans les lieux publics.<\/li>\n<li>Utilisez des salons priv\u00e9s et des invitations pour des conversations confidentielles.<\/li>\n<li>Bloquez ou signalez toute personne qui vous met mal \u00e0 l'aise.<\/li>\n<li>Cr\u00e9ez un profil persistant et g\u00e9rez soigneusement vos amis\/suiveurs.<\/li>\n<li>\u00c9vitez de cliquer sur des liens inconnus ou d'accepter des partages de fichiers al\u00e9atoires.<\/li>\n<\/ul>\n<h2>Conseils pour tirer le meilleur parti de Wireclub<\/h2>\n<ul>\n<li>Explorez les salles : Il existe un groupe pour chaque hobby ou chaque sujet - n'h\u00e9sitez pas \u00e0 vous pr\u00e9senter.<\/li>\n<li>Cr\u00e9ez votre propre espace : D\u00e9finissez les r\u00e8gles, invitez des amis, cr\u00e9ez une communaut\u00e9.<\/li>\n<li>Personnalisez votre profil : D\u00e9marquez-vous et attirez les bonnes relations.<\/li>\n<li>Partager des m\u00e9dias : Alimentez les conversations avec des photos, des GIF et des vid\u00e9os.<\/li>\n<li>Jouer \u00e0 des jeux : Brisez la glace et amusez-vous avec des jeux et des quiz bas\u00e9s sur le chat.<\/li>\n<li>Utilisez des outils de mod\u00e9ration : Veillez \u00e0 ce que votre espace de discussion soit exempt de tout drame.<\/li>\n<li>Essayez le premium : si vous aimez Wireclub, envisagez de vous procurer des pi\u00e8ces ou de devenir membre pour b\u00e9n\u00e9ficier d'avantages suppl\u00e9mentaires.<\/li>\n<li>Passez du mobile \u00e0 l'ordinateur de bureau : Fonctionnalit\u00e9 compl\u00e8te, o\u00f9 que vous soyez.<\/li>\n<\/ul>\n<h2>D\u00e9pannage des probl\u00e8mes courants du Wireclub<\/h2>\n<h3>Impossible d'entrer dans une pi\u00e8ce<\/h3>\n<p>V\u00e9rifiez si la salle est priv\u00e9e ou si elle n\u00e9cessite une invitation. Essayez de vous inscrire ou de vous connecter pour obtenir un acc\u00e8s complet.<\/p>\n<h3>Impossible d'envoyer des images ou des cadeaux<\/h3>\n<p>Certaines fonctionnalit\u00e9s n\u00e9cessitent des pi\u00e8ces ou un compte premium ; gagnez des pi\u00e8ces en participant ou achetez-les.<\/p>\n<h3>Rencontrer des trolls ou des spams<\/h3>\n<p>Bloquez et signalez instantan\u00e9ment ; des mod\u00e9rateurs sont pr\u00e9sents dans toutes les salles principales.<\/p>\n<h3>Amis ou profil perdus<\/h3>\n<p>Cr\u00e9ez un compte et connectez-vous \u00e0 chaque fois pour conserver votre profil, vos amis et vos pr\u00e9f\u00e9rences.<\/p>\n<h3>Questions relatives \u00e0 la mobilit\u00e9<\/h3>\n<p>Wireclub est bas\u00e9 sur un navigateur - assurez-vous d'utiliser un navigateur moderne et mis \u00e0 jour pour de meilleures performances.<\/p>\n<p>Absolument, en particulier pour tous ceux qui recherchent une v\u00e9ritable communaut\u00e9 de chat social, une vari\u00e9t\u00e9 infinie de salles et plus de profondeur que les applications de chat al\u00e9atoires ou les simples messagers. Wireclub combine le chat de groupe classique avec un r\u00e9seau social moderne, ce qui en fait un lieu de rencontre num\u00e9rique pour les amis, les amateurs, les c\u00e9libataires et les personnes \u00e0 la recherche d'un soutien.<\/p>\n<p>Que vous souhaitiez rencontrer de nouvelles personnes, participer \u00e0 des d\u00e9bats, partager des m\u00e9dias ou cr\u00e9er votre propre groupe, Wireclub est votre club social en ligne - toujours ouvert, toujours anim\u00e9 et toujours gratuit au niveau de base.<\/p>\n<p>Pr\u00eat \u00e0 rejoindre la conversation ? Visitez wireclub.com, cr\u00e9ez votre profil, explorez les salles et entamez d\u00e8s aujourd'hui votre prochaine grande conversation.<\/p>","protected":false},"excerpt":{"rendered":"<p>In a world full of fleeting social media moments and surface-level connections, many people are searching for something more genuine\u2014a place where you can truly engage in conversation, make lasting friends, or join interest groups on everything from philosophy to music to dating. Wireclub stands as one of the most established, vibrant, and feature-rich chat [&hellip;]<\/p>\n","protected":false},"author":6,"featured_media":0,"parent":0,"menu_order":0,"comment_status":"closed","ping_status":"closed","template":"","meta":{"footnotes":""},"class_list":["post-8588","page","type-page","status-publish","hentry"],"yoast_head":"<!-- This site is optimized with the Yoast SEO plugin v27.4 - https:\/\/yoast.com\/product\/yoast-seo-wordpress\/ -->\n<title>Wireclub - Free Online Chat Rooms - TinyChat.com<\/title>\n<meta name=\"description\" content=\"Enjoying Wireclub? Join over 50,000,000 strangers on TinyChat! Turn on your cam and start meeting new people, or find a match.\" \/>\n<meta name=\"robots\" content=\"index, follow, max-snippet:-1, max-image-preview:large, max-video-preview:-1\" \/>\n<link rel=\"canonical\" href=\"https:\/\/tinychat.com\/fr\/wireclub\/\" \/>\n<meta property=\"og:locale\" content=\"fr_FR\" \/>\n<meta property=\"og:type\" content=\"article\" \/>\n<meta property=\"og:title\" content=\"Wireclub - Free Online Chat Rooms - TinyChat.com\" \/>\n<meta property=\"og:description\" content=\"Enjoying Wireclub? Join over 50,000,000 strangers on TinyChat! Turn on your cam and start meeting new people, or find a match.\" \/>\n<meta property=\"og:url\" content=\"https:\/\/tinychat.com\/fr\/wireclub\/\" \/>\n<meta property=\"og:site_name\" content=\"TinyChat\" \/>\n<meta property=\"article:publisher\" content=\"https:\/\/www.facebook.com\/tinychat\" \/>\n<meta property=\"article:modified_time\" content=\"2025-07-26T15:42:37+00:00\" \/>\n<meta property=\"og:image\" content=\"https:\/\/tinychat.com\/wp-content\/uploads\/2020\/04\/Tinychat-logo-1280x284-new-black.png\" \/>\n\t<meta property=\"og:image:width\" content=\"1280\" \/>\n\t<meta property=\"og:image:height\" content=\"284\" \/>\n\t<meta property=\"og:image:type\" content=\"image\/png\" \/>\n<meta name=\"twitter:card\" content=\"summary_large_image\" \/>\n<meta name=\"twitter:site\" content=\"@tinychat\" \/>\n<meta name=\"twitter:label1\" content=\"Dur\u00e9e de lecture estim\u00e9e\" \/>\n\t<meta name=\"twitter:data1\" content=\"7 minutes\" \/>\n<script type=\"application\/ld+json\" class=\"yoast-schema-graph\">{\"@context\":\"https:\\\/\\\/schema.org\",\"@graph\":[{\"@type\":\"WebPage\",\"@id\":\"https:\\\/\\\/tinychat.com\\\/wireclub\\\/\",\"url\":\"https:\\\/\\\/tinychat.com\\\/wireclub\\\/\",\"name\":\"Wireclub - Free Online Chat Rooms - TinyChat.com\",\"isPartOf\":{\"@id\":\"https:\\\/\\\/tinychat.com\\\/#website\"},\"datePublished\":\"2025-07-26T13:30:39+00:00\",\"dateModified\":\"2025-07-26T15:42:37+00:00\",\"description\":\"Enjoying Wireclub? Join over 50,000,000 strangers on TinyChat! Turn on your cam and start meeting new people, or find a match.\",\"breadcrumb\":{\"@id\":\"https:\\\/\\\/tinychat.com\\\/wireclub\\\/#breadcrumb\"},\"inLanguage\":\"fr-FR\",\"potentialAction\":[{\"@type\":\"ReadAction\",\"target\":[\"https:\\\/\\\/tinychat.com\\\/wireclub\\\/\"]}]},{\"@type\":\"BreadcrumbList\",\"@id\":\"https:\\\/\\\/tinychat.com\\\/wireclub\\\/#breadcrumb\",\"itemListElement\":[{\"@type\":\"ListItem\",\"position\":1,\"name\":\"Home\",\"item\":\"https:\\\/\\\/tinychat.com\\\/\"},{\"@type\":\"ListItem\",\"position\":2,\"name\":\"Wireclub\"}]},{\"@type\":\"WebSite\",\"@id\":\"https:\\\/\\\/tinychat.com\\\/#website\",\"url\":\"https:\\\/\\\/tinychat.com\\\/\",\"name\":\"TinyChat\",\"description\":\"Random Video Chat with Strangers\",\"publisher\":{\"@id\":\"https:\\\/\\\/tinychat.com\\\/#organization\"},\"alternateName\":\"TinyChat.com\",\"potentialAction\":[{\"@type\":\"SearchAction\",\"target\":{\"@type\":\"EntryPoint\",\"urlTemplate\":\"https:\\\/\\\/tinychat.com\\\/?s={search_term_string}\"},\"query-input\":{\"@type\":\"PropertyValueSpecification\",\"valueRequired\":true,\"valueName\":\"search_term_string\"}}],\"inLanguage\":\"fr-FR\"},{\"@type\":\"Organization\",\"@id\":\"https:\\\/\\\/tinychat.com\\\/#organization\",\"name\":\"TinyChat\",\"alternateName\":\"TinyChat.com\",\"url\":\"https:\\\/\\\/tinychat.com\\\/\",\"logo\":{\"@type\":\"ImageObject\",\"inLanguage\":\"fr-FR\",\"@id\":\"https:\\\/\\\/tinychat.com\\\/#\\\/schema\\\/logo\\\/image\\\/\",\"url\":\"https:\\\/\\\/tinychat.com\\\/wp-content\\\/uploads\\\/2023\\\/11\\\/Tinychat-icon-square.png\",\"contentUrl\":\"https:\\\/\\\/tinychat.com\\\/wp-content\\\/uploads\\\/2023\\\/11\\\/Tinychat-icon-square.png\",\"width\":284,\"height\":284,\"caption\":\"TinyChat\"},\"image\":{\"@id\":\"https:\\\/\\\/tinychat.com\\\/#\\\/schema\\\/logo\\\/image\\\/\"},\"sameAs\":[\"https:\\\/\\\/www.facebook.com\\\/tinychat\",\"https:\\\/\\\/x.com\\\/tinychat\"]}]}<\/script>\n<!-- \/ Yoast SEO plugin. -->","yoast_head_json":{"title":"Wireclub - Salles de chat en ligne gratuites - TinyChat.com","description":"Vous aimez Wireclub ? Rejoignez plus de 50 000 000 d'inconnus sur TinyChat ! Allumez votre cam\u00e9ra et commencez \u00e0 rencontrer de nouvelles personnes, ou trouvez un partenaire.","robots":{"index":"index","follow":"follow","max-snippet":"max-snippet:-1","max-image-preview":"max-image-preview:large","max-video-preview":"max-video-preview:-1"},"canonical":"https:\/\/tinychat.com\/fr\/wireclub\/","og_locale":"fr_FR","og_type":"article","og_title":"Wireclub - Free Online Chat Rooms - TinyChat.com","og_description":"Enjoying Wireclub? Join over 50,000,000 strangers on TinyChat! Turn on your cam and start meeting new people, or find a match.","og_url":"https:\/\/tinychat.com\/fr\/wireclub\/","og_site_name":"TinyChat","article_publisher":"https:\/\/www.facebook.com\/tinychat","article_modified_time":"2025-07-26T15:42:37+00:00","og_image":[{"width":1280,"height":284,"url":"https:\/\/tinychat.com\/wp-content\/uploads\/2020\/04\/Tinychat-logo-1280x284-new-black.png","type":"image\/png"}],"twitter_card":"summary_large_image","twitter_site":"@tinychat","twitter_misc":{"Dur\u00e9e de lecture estim\u00e9e":"7 minutes"},"schema":{"@context":"https:\/\/schema.org","@graph":[{"@type":"WebPage","@id":"https:\/\/tinychat.com\/wireclub\/","url":"https:\/\/tinychat.com\/wireclub\/","name":"Wireclub - Salles de chat en ligne gratuites - TinyChat.com","isPartOf":{"@id":"https:\/\/tinychat.com\/#website"},"datePublished":"2025-07-26T13:30:39+00:00","dateModified":"2025-07-26T15:42:37+00:00","description":"Vous aimez Wireclub ? Rejoignez plus de 50 000 000 d'inconnus sur TinyChat ! Allumez votre cam\u00e9ra et commencez \u00e0 rencontrer de nouvelles personnes, ou trouvez un partenaire.","breadcrumb":{"@id":"https:\/\/tinychat.com\/wireclub\/#breadcrumb"},"inLanguage":"fr-FR","potentialAction":[{"@type":"ReadAction","target":["https:\/\/tinychat.com\/wireclub\/"]}]},{"@type":"BreadcrumbList","@id":"https:\/\/tinychat.com\/wireclub\/#breadcrumb","itemListElement":[{"@type":"ListItem","position":1,"name":"Home","item":"https:\/\/tinychat.com\/"},{"@type":"ListItem","position":2,"name":"Wireclub"}]},{"@type":"WebSite","@id":"https:\/\/tinychat.com\/#website","url":"https:\/\/tinychat.com\/","name":"TinyChat","description":"Chat vid\u00e9o al\u00e9atoire avec des inconnus","publisher":{"@id":"https:\/\/tinychat.com\/#organization"},"alternateName":"TinyChat.com","potentialAction":[{"@type":"SearchAction","target":{"@type":"EntryPoint","urlTemplate":"https:\/\/tinychat.com\/?s={search_term_string}"},"query-input":{"@type":"PropertyValueSpecification","valueRequired":true,"valueName":"search_term_string"}}],"inLanguage":"fr-FR"},{"@type":"Organization","@id":"https:\/\/tinychat.com\/#organization","name":"TinyChat","alternateName":"TinyChat.com","url":"https:\/\/tinychat.com\/","logo":{"@type":"ImageObject","inLanguage":"fr-FR","@id":"https:\/\/tinychat.com\/#\/schema\/logo\/image\/","url":"https:\/\/tinychat.com\/wp-content\/uploads\/2023\/11\/Tinychat-icon-square.png","contentUrl":"https:\/\/tinychat.com\/wp-content\/uploads\/2023\/11\/Tinychat-icon-square.png","width":284,"height":284,"caption":"TinyChat"},"image":{"@id":"https:\/\/tinychat.com\/#\/schema\/logo\/image\/"},"sameAs":["https:\/\/www.facebook.com\/tinychat","https:\/\/x.com\/tinychat"]}]}},"_links":{"self":[{"href":"https:\/\/tinychat.com\/fr\/wp-json\/wp\/v2\/pages\/8588","targetHints":{"allow":["GET"]}}],"collection":[{"href":"https:\/\/tinychat.com\/fr\/wp-json\/wp\/v2\/pages"}],"about":[{"href":"https:\/\/tinychat.com\/fr\/wp-json\/wp\/v2\/types\/page"}],"author":[{"embeddable":true,"href":"https:\/\/tinychat.com\/fr\/wp-json\/wp\/v2\/users\/6"}],"replies":[{"embeddable":true,"href":"https:\/\/tinychat.com\/fr\/wp-json\/wp\/v2\/comments?post=8588"}],"version-history":[{"count":3,"href":"https:\/\/tinychat.com\/fr\/wp-json\/wp\/v2\/pages\/8588\/revisions"}],"predecessor-version":[{"id":13365,"href":"https:\/\/tinychat.com\/fr\/wp-json\/wp\/v2\/pages\/8588\/revisions\/13365"}],"wp:attachment":[{"href":"https:\/\/tinychat.com\/fr\/wp-json\/wp\/v2\/media?parent=8588"}],"curies":[{"name":"wp","href":"https:\/\/api.w.org\/{rel}","templated":true}]}}