{"id":8647,"date":"2025-05-26T09:38:47","date_gmt":"2025-05-26T07:38:47","guid":{"rendered":"https:\/\/tinychat.com\/?page_id=8647"},"modified":"2025-07-07T18:18:24","modified_gmt":"2025-07-07T16:18:24","slug":"chatib","status":"publish","type":"page","link":"https:\/\/tinychat.com\/fr\/chatib\/","title":{"rendered":"Chatib"},"content":{"rendered":"<p>Alors que la communication en ligne ne cesse d'\u00e9voluer, il existe un attrait ind\u00e9niable pour les plateformes qui \u00e9liminent la complexit\u00e9 et placent la conversation r\u00e9elle et spontan\u00e9e au centre. Chatib est l'une de ces plateformes - un retour \u00e0 l'\u00e2ge d'or des salons de discussion en ligne, mais actualis\u00e9 pour le web moderne. Si vous souhaitez rencontrer de nouvelles personnes, vous faire des amis ou simplement passer le temps en discutant avec des inconnus du monde entier, Chatib est une destination de choix - et vous n'aurez pas besoin de vous inscrire, de t\u00e9l\u00e9charger quoi que ce soit ou de r\u00e9v\u00e9ler votre v\u00e9ritable identit\u00e9.<\/p>\n<p>Chatib, c'est l'interaction instantan\u00e9e et textuelle, accessible via n'importe quel navigateur, sur n'importe quel appareil, sans aucun obstacle. Que vous soyez \u00e0 la recherche de nouveaux amis, d'une conversation amoureuse ou d'un espace communautaire pour vos centres d'int\u00e9r\u00eat, les salons publics et les fonctions de chat priv\u00e9 de Chatib vous permettent de vous connecter, de communiquer et de partager en toute simplicit\u00e9, et ce gratuitement.<\/p>\n<p>Cet article explique en d\u00e9tail le fonctionnement de Chatib, ses principales caract\u00e9ristiques, ce qui le diff\u00e9rencie des autres sites de chat, les conseils de s\u00e9curit\u00e9, les comparaisons et la mani\u00e8re de tirer le meilleur parti de chaque session de chat.<\/p>\n<h2>Qu'est-ce que le Chatib ?<\/h2>\n<p>Chatib est une plateforme de chat gratuite et anonyme qui met en relation des utilisateurs du monde entier par le biais de forums de discussion ouverts et de messageries priv\u00e9es, le tout en temps r\u00e9el. Sans inscription requise et sans application \u00e0 installer, Chatib se distingue par sa facilit\u00e9 d'acc\u00e8s et sa l\u00e9g\u00e8ret\u00e9.<\/p>\n<p>Fond\u00e9 pour faire revivre l'exp\u00e9rience classique des salons de discussion, Chatib propose une s\u00e9lection de salons th\u00e9matiques et nationaux (tels que \"Singles Chat\", \"USA Chat\" ou \"Music Lovers\") ainsi que l'option de discuter en priv\u00e9. Il vous suffit de choisir un pseudonyme, de s\u00e9lectionner un salon et de commencer \u00e0 taper. Si vous trouvez quelqu'un d'int\u00e9ressant, vous pouvez discuter en priv\u00e9 ou l'ajouter \u00e0 votre liste d'amis pour vous reconnecter plus facilement.<\/p>\n<p>L'accent mis par Chatib sur la communication textuelle est parfait pour ceux qui pr\u00e9f\u00e8rent l'anonymat ou qui veulent chatter sans allumer de cam\u00e9ra ou de microphone. Il est bas\u00e9 sur le web, adapt\u00e9 aux t\u00e9l\u00e9phones portables et totalement gratuit.<\/p>\n<h2>Caract\u00e9ristiques principales du Chatib<\/h2>\n<p>Chatib peut sembler simple, mais il regorge de fonctions pratiques qui en font l'un des sites de chat les plus flexibles et les plus accueillants du Web.<\/p>\n<h3>1. Pas d'enregistrement ou de t\u00e9l\u00e9chargement n\u00e9cessaire<\/h3>\n<p>Le c\u0153ur de l'attrait du Chatib est son entr\u00e9e instantan\u00e9e et sans probl\u00e8me. Il n'est pas n\u00e9cessaire d'ouvrir un compte pour l'utilisation de base :<\/p>\n<ul>\n<li>Choisir un surnom<\/li>\n<li>S\u00e9lectionnez votre sexe et votre tranche d'\u00e2ge<\/li>\n<li>Choisissez un salon de discussion (par th\u00e8me ou par pays)<\/li>\n<li>Acceptez les conditions, et c'est parti !<\/li>\n<\/ul>\n<p>Aucune adresse \u00e9lectronique, aucun num\u00e9ro de t\u00e9l\u00e9phone ni aucune donn\u00e9e personnelle ne sont collect\u00e9s pour les utilisateurs invit\u00e9s.<\/p>\n<h3>2. Salons de discussion publics par th\u00e8me et par r\u00e9gion<\/h3>\n<p>Chatib propose un large \u00e9ventail de salons de discussion ouverts, organis\u00e9s par.. :<\/p>\n<ul>\n<li>Pays\/R\u00e9gion : par exemple, \u00c9tats-Unis, Royaume-Uni, Inde, Philippines, Afrique du Sud, et bien d'autres encore.<\/li>\n<li>Int\u00e9r\u00eat\/sujet : par exemple, c\u00e9libataires, adolescents, musique, rencontres, sports, \u00e9ducation, flirt, etc.<\/li>\n<\/ul>\n<p>Vous pouvez ainsi rejoindre une salle correspondant \u00e0 vos centres d'int\u00e9r\u00eat ou \u00e0 votre langue pr\u00e9f\u00e9r\u00e9e, ce qui vous permet d'entrer facilement en contact avec des personnes du monde entier partageant les m\u00eames centres d'int\u00e9r\u00eat.<\/p>\n<h3>3. Chat priv\u00e9 en t\u00eate-\u00e0-t\u00eate<\/h3>\n<p>Si vous cliquez avec quelqu'un dans une salle publique, vous pouvez l'inviter instantan\u00e9ment \u00e0 une fen\u00eatre de discussion priv\u00e9e en t\u00eate-\u00e0-t\u00eate. Dans cette fen\u00eatre, votre conversation n'est visible que par vous et votre interlocuteur, ce qui vous permet de parler plus ouvertement ou d'apprendre \u00e0 mieux vous conna\u00eetre.<\/p>\n<h3>4. Liste d'amis et blocage<\/h3>\n<p>Si vous cr\u00e9ez un compte Chatib gratuit (facultatif), vous pouvez ajouter des utilisateurs \u00e0 votre liste d'amis pour vous reconnecter rapidement, bloquer les utilisateurs ind\u00e9sirables et g\u00e9rer vos conversations priv\u00e9es. Les outils de blocage et de signalement contribuent \u00e0 garantir la s\u00e9curit\u00e9 et le respect de votre exp\u00e9rience.<\/p>\n<h3>5. La conception mobile d'abord<\/h3>\n<p>Chatib fonctionne de mani\u00e8re transparente dans n'importe quel navigateur mobile et s'adapte automatiquement \u00e0 la taille de votre \u00e9cran. Vous n'avez pas besoin d'une application d\u00e9di\u00e9e - il vous suffit de visiter Chatib.com sur votre t\u00e9l\u00e9phone ou votre tablette et de commencer \u00e0 chatter. L'interface est l\u00e9g\u00e8re, se charge rapidement et utilise peu de donn\u00e9es.<\/p>\n<h3>6. Filtres de langue et de pays<\/h3>\n<p>Vous pouvez facilement filtrer les salons de discussion ou rechercher des utilisateurs par langue et par pays, ce qui est id\u00e9al pour pratiquer une langue, rencontrer des locaux ou des personnes issues de cultures ou de r\u00e9gions sp\u00e9cifiques.<\/p>\n<h3>7. Profils de base des utilisateurs<\/h3>\n<p>Pour les utilisateurs enregistr\u00e9s, Chatib vous permet de cr\u00e9er un profil de base avec une photo, un surnom, un pays et une br\u00e8ve description. Il est ainsi plus facile pour vos amis de vous reconna\u00eetre ou pour les autres utilisateurs d'en savoir un peu plus sur la personne avec laquelle ils discutent.<\/p>\n<h3>8. Emoji, autocollants et partage de m\u00e9dias<\/h3>\n<p>Pour agr\u00e9menter les conversations, le Chatib prend en charge :<\/p>\n<ul>\n<li>Packs d'Emoji et d'autocollants<\/li>\n<li>Partage d'images de base (sous r\u00e9serve de mod\u00e9ration)<\/li>\n<li>Formatage de texte amusant et expressif<\/li>\n<\/ul>\n<p>Cela rend la discussion plus attrayante et permet de briser la glace avec de nouvelles personnes.<\/p>\n<h2>Comment utiliser Chatib<\/h2>\n<p>Le principal atout du Chatib est son accessibilit\u00e9. Voici comment d\u00e9marrer en moins d'une minute :<\/p>\n<h3>\u00c9tape 1 : Aller sur Chatib.com<\/h3>\n<p>Visitez chatib.com sur n'importe quel navigateur (ordinateur de bureau, tablette ou mobile).<\/p>\n<h3>\u00c9tape 2 : Choisir un pseudonyme et des d\u00e9tails<\/h3>\n<p>Saisissez un pseudonyme, s\u00e9lectionnez votre sexe et votre tranche d'\u00e2ge, et choisissez votre pays. Vous pouvez utiliser un pseudonyme pour une confidentialit\u00e9 maximale.<\/p>\n<h3>\u00c9tape 3 : Choisir un salon de discussion<\/h3>\n<p>Faites d\u00e9filer les salons de discussion disponibles, organis\u00e9s par pays et par th\u00e8me. Cliquez pour rejoindre celui qui vous int\u00e9resse.<\/p>\n<h3>\u00c9tape 4 : Commencer \u00e0 chatter<\/h3>\n<p>Une fois dans un salon, tapez votre message et participez \u00e0 la conversation publique. Vous pouvez envoyer des invitations \u00e0 des discussions priv\u00e9es en cliquant sur le nom d'un utilisateur.<\/p>\n<h3>\u00c9tape 5 : (Facultatif) S'inscrire pour b\u00e9n\u00e9ficier d'autres fonctionnalit\u00e9s<\/h3>\n<p>Cr\u00e9ez un compte gratuit pour d\u00e9bloquer les listes d'amis, l'historique des chats, le partage des m\u00e9dias et les contr\u00f4les de mod\u00e9ration am\u00e9lior\u00e9s.<\/p>\n<h2>Exp\u00e9rience utilisateur sur Chatib<\/h2>\n<p>Chatib est appr\u00e9ci\u00e9 pour son ambiance de salle de chat \u00e0 l'ancienne, sans artifice. Tout est con\u00e7u pour un acc\u00e8s rapide, l'anonymat et des discussions faciles - sans superflu.<\/p>\n<h3>Ce que les utilisateurs aiment<\/h3>\n<ul>\n<li>Aucune inscription n'est requise pour le chat de base<\/li>\n<li>Des dizaines de salons de discussion \u00e0 choisir (par centre d'int\u00e9r\u00eat et par r\u00e9gion)<\/li>\n<li>Chat priv\u00e9 facile et gestion des amis<\/li>\n<li>Compatibilit\u00e9 avec les navigateurs mobiles<\/li>\n<li>Chargement rapide et publicit\u00e9s minimales<\/li>\n<li>Communaut\u00e9 amusante avec des habitu\u00e9s et des nouveaux venus<\/li>\n<\/ul>\n<h3>Les points \u00e0 am\u00e9liorer pour Chatib<\/h3>\n<ul>\n<li>Spam ou trolling occasionnels, en particulier dans les salles publiques tr\u00e8s fr\u00e9quent\u00e9es<\/li>\n<li>Pas de chat vid\u00e9o ni d'appel vocal<\/li>\n<li>Mod\u00e9ration limit\u00e9e dans les petites salles<\/li>\n<li>Quelques publicit\u00e9s sur la version gratuite<\/li>\n<li>Le partage des m\u00e9dias est limit\u00e9 et contr\u00f4l\u00e9 pour des raisons de s\u00e9curit\u00e9<\/li>\n<\/ul>\n<h3>Un vrai retour d'information de la part des utilisateurs<\/h3>\n<blockquote><p>\"Il me rappelle les salons de discussion classiques de Yahoo, mais sur mon t\u00e9l\u00e9phone. J'adore le fait que je puisse participer sans m'inscrire !\"<br \/>\n- <em>Tina V., Sitejabber<\/em><\/p><\/blockquote>\n<blockquote><p>\"J'ai rencontr\u00e9 deux bons amis sud-africains et br\u00e9siliens ici. Il y a parfois des gens bizarres, mais le bouton \"bloquer\" fonctionne.<br \/>\n- <em>James L., Trustpilot<\/em><\/p><\/blockquote>\n<blockquote><p>\"C'est bien de pouvoir discuter en priv\u00e9 avec n'importe qui, mais j'aurais aim\u00e9 qu'il y ait une option vid\u00e9o. Mais pour un simple chat, c'est g\u00e9nial.\"<br \/>\n- <em>Priya M., Google Play Review<\/em><\/p><\/blockquote>\n<h2>Chatib vs. autres plateformes de chat<\/h2>\n<p>Voyons comment le Chatib se positionne par rapport \u00e0 la concurrence :<\/p>\n<table>\n<thead>\n<tr>\n<th>Fonctionnalit\u00e9<\/th>\n<th>Chatib<\/th>\n<th>Chatiw<\/th>\n<th>Omegle<\/th>\n<th>Camfrog<\/th>\n<th>ChatHub<\/th>\n<th>Thundr<\/th>\n<\/tr>\n<\/thead>\n<tbody>\n<tr>\n<td>Chat anonyme<\/td>\n<td>\u2705 Oui<\/td>\n<td>\u2705 Oui<\/td>\n<td>\u2705 Oui<\/td>\n<td>\u2705 Invit\u00e9<\/td>\n<td>\u2705 Oui<\/td>\n<td>\u2705 Oui<\/td>\n<\/tr>\n<tr>\n<td>Pas d'inscription n\u00e9cessaire<\/td>\n<td>\u2705 Oui<\/td>\n<td>\u2705 Oui<\/td>\n<td>\u2705 Oui<\/td>\n<td>\u2705 Facultatif<\/td>\n<td>\u2705 Oui<\/td>\n<td>\u2705 Oui<\/td>\n<\/tr>\n<tr>\n<td>Chat textuel<\/td>\n<td>\u2705 Oui<\/td>\n<td>\u2705 Oui<\/td>\n<td>\u2705 Oui<\/td>\n<td>\u2705 Oui<\/td>\n<td>\u2705 Oui<\/td>\n<td>\u2705 Oui<\/td>\n<\/tr>\n<tr>\n<td>Chat vid\u00e9o<\/td>\n<td>\u274c Non<\/td>\n<td>\u274c Non<\/td>\n<td>\u2705 Oui<\/td>\n<td>\u2705 Oui<\/td>\n<td>\u2705 Oui<\/td>\n<td>\u2705 Oui<\/td>\n<\/tr>\n<tr>\n<td>Salons de discussion en groupe<\/td>\n<td>\u2705 Oui<\/td>\n<td>\u2705 Oui<\/td>\n<td>\u274c Non<\/td>\n<td>\u2705 Oui<\/td>\n<td>\u274c Non<\/td>\n<td>\u274c Non<\/td>\n<\/tr>\n<tr>\n<td>Messagerie priv\u00e9e<\/td>\n<td>\u2705 Oui<\/td>\n<td>\u2705 Oui<\/td>\n<td>\u2705 Oui<\/td>\n<td>\u2705 Oui<\/td>\n<td>\u2705 Oui<\/td>\n<td>\u2705 Oui<\/td>\n<\/tr>\n<tr>\n<td>Optimis\u00e9 pour les mobiles<\/td>\n<td>\u2705 Oui<\/td>\n<td>\u2705 Oui<\/td>\n<td>\u26a0\ufe0f Mixte<\/td>\n<td>\u2705 Oui<\/td>\n<td>\u2705 Oui<\/td>\n<td>\u2705 Oui<\/td>\n<\/tr>\n<tr>\n<td>Option de profil<\/td>\n<td>\u2705 Facultatif<\/td>\n<td>\u2705 Facultatif<\/td>\n<td>\u274c Non<\/td>\n<td>\u2705 Oui<\/td>\n<td>\u2705 Oui<\/td>\n<td>\u274c Non<\/td>\n<\/tr>\n<tr>\n<td>M\u00e9dias\/Emojis<\/td>\n<td>\u2705 Oui<\/td>\n<td>\u2705 Oui<\/td>\n<td>\u26a0\ufe0f Basic<\/td>\n<td>\u2705 Oui<\/td>\n<td>\u2705 Oui<\/td>\n<td>\u26a0\ufe0f Basic<\/td>\n<\/tr>\n<\/tbody>\n<\/table>\n<p>R\u00e9sum\u00e9 : Chatib excelle pour les utilisateurs \u00e0 la recherche d'un chat textuel anonyme, instantan\u00e9 et bas\u00e9 sur des sujets, avec un syst\u00e8me de salles anim\u00e9 et une interface adapt\u00e9e aux mobiles. Il s'agit moins d'images ou de rencontres que de conversations pures.<\/p>\n<h2>Le Chatib est-il s\u00fbr ?<\/h2>\n<p>Chatib s'efforce de fournir un espace s\u00fbr et accueillant pour les utilisateurs - mais comme dans tout salon de discussion ouvert, la prudence personnelle est de rigueur.<\/p>\n<h3>Caract\u00e9ristiques de s\u00e9curit\u00e9<\/h3>\n<ul>\n<li>Les invit\u00e9s n'ont pas besoin d'un nom r\u00e9el ou d'une adresse \u00e9lectronique<\/li>\n<li>Fonctions de blocage et de rapport pour chaque utilisateur<\/li>\n<li>Mod\u00e9rateurs dans les grandes salles publiques<\/li>\n<li>R\u00e8gles strictes concernant le partage d'informations personnelles, le contenu explicite et le harc\u00e8lement<\/li>\n<li>Le partage des m\u00e9dias est limit\u00e9 pour \u00e9viter les abus<\/li>\n<\/ul>\n<h3>Conseils pour un chat en toute s\u00e9curit\u00e9<\/h3>\n<ul>\n<li>Ne communiquez jamais votre vrai nom, votre adresse, votre t\u00e9l\u00e9phone ou vos coordonn\u00e9es priv\u00e9es.<\/li>\n<li>Utiliser un surnom unique (pas votre vrai nom)<\/li>\n<li>Ne passez au chat priv\u00e9 que si vous vous sentez \u00e0 l'aise<\/li>\n<li>Bloquer\/signaler toute personne ayant un comportement inappropri\u00e9<\/li>\n<li>Ne cliquez pas sur des liens suspects et ne t\u00e9l\u00e9chargez pas de fichiers.<\/li>\n<li>D\u00e9connexion et effacement de l'historique des chats en cas d'utilisation d'un appareil partag\u00e9\/public<\/li>\n<\/ul>\n<h2>Conseils pour tirer le meilleur parti de Chatib<\/h2>\n<ul>\n<li>Essayez les salles internationales : Rencontrez des personnes de cultures diff\u00e9rentes et pratiquez de nouvelles langues<\/li>\n<li>Trouvez votre sujet : Des sports aux c\u00e9libataires, rejoignez une salle qui correspond \u00e0 vos centres d'int\u00e9r\u00eat.<\/li>\n<li>Soyez amical : Un simple \"bonjour\" peut \u00eatre le point de d\u00e9part d'une bonne conversation.<\/li>\n<li>Restez ouvert d'esprit : Attendez-vous \u00e0 des personnalit\u00e9s vari\u00e9es, allant du flirt \u00e0 la philosophie.<\/li>\n<li>Mobile : le Chatib fonctionne parfaitement sur les t\u00e9l\u00e9phones et les tablettes, pour rester connect\u00e9 o\u00f9 que vous soyez.<\/li>\n<li>Utiliser des outils de blocage et de signalement : Prot\u00e9gez votre exp\u00e9rience de chat en un clic<\/li>\n<\/ul>\n<h2>D\u00e9pannage des probl\u00e8mes courants du Chatib<\/h2>\n<h3>Impossible de se connecter \u00e0 une salle<\/h3>\n<p>Solution : Actualisez la page, v\u00e9rifiez votre connexion internet ou essayez un autre navigateur.<\/p>\n<h3>Trop de spams ou de bots<\/h3>\n<p>Solution : Restez dans les salles o\u00f9 la mod\u00e9ration est active et utilisez les fonctions de blocage et de signalement.<\/p>\n<h3>Le chat priv\u00e9 ne fonctionne pas<\/h3>\n<p>Solution : L'autre utilisateur a peut-\u00eatre d\u00e9sactiv\u00e9 les discussions priv\u00e9es ; r\u00e9essayez ou choisissez un autre utilisateur.<\/p>\n<h3>Impossible d'envoyer des images<\/h3>\n<p>Assurez-vous d'\u00eatre inscrit et suivez les instructions relatives au t\u00e9l\u00e9chargement d'images. \u00c9vitez d'envoyer des images priv\u00e9es.<\/p>\n<h3>L'application ou le site est lent<\/h3>\n<p>Fermez les onglets en arri\u00e8re-plan, v\u00e9rifiez votre connexion ou essayez de passer du mobile \u00e0 l'ordinateur de bureau (ou vice versa).<\/p>\n<h2>R\u00e9flexions finales : Le Chatib vaut-il la peine d'\u00eatre utilis\u00e9 ?<\/h2>\n<p>Absolument - pour tous ceux qui appr\u00e9cient la nostalgie des salons de discussion, les conversations anonymes rapides et une v\u00e9ritable communaut\u00e9 mondiale. Chatib est un excellent choix pour les discussions purement textuelles. Vous n'\u00eates pas oblig\u00e9 de r\u00e9v\u00e9ler votre identit\u00e9, vous n'attendez pas que votre profil soit approuv\u00e9 et vous n'avez pas besoin de webcam ou de micro. Tout est question de connexion, de conversation et de d\u00e9couverte.<\/p>\n<p>Que vous cherchiez \u00e0 tuer le temps, \u00e0 vous faire de nouveaux amis, \u00e0 pratiquer une langue ou m\u00eame \u00e0 trouver l'amour, Chatib offre un environnement de chat flexible, ouvert et amusant - accessible en quelques secondes, sur n'importe quel appareil, et toujours gratuit.<\/p>\n<p>Pr\u00eat \u00e0 participer \u00e0 la conversation ?<br \/>\nVisitez chatib.com maintenant, choisissez une salle et commencez \u00e0 chatter. La prochaine personne que vous rencontrerez pourrait \u00eatre votre nouvel ami \u00e0 travers le monde.<\/p>","protected":false},"excerpt":{"rendered":"<p>As online communication keeps evolving, there\u2019s an undeniable appeal to platforms that strip away complexity and put real, spontaneous conversation at the center. Chatib is one of those platforms \u2014 a throwback to the golden era of online chatrooms, but updated for the modern web. If you want to meet new people, make friends, or [&hellip;]<\/p>\n","protected":false},"author":6,"featured_media":0,"parent":0,"menu_order":0,"comment_status":"closed","ping_status":"closed","template":"","meta":{"footnotes":""},"class_list":["post-8647","page","type-page","status-publish","hentry"],"yoast_head":"<!-- This site is optimized with the Yoast SEO plugin v27.6 - https:\/\/yoast.com\/product\/yoast-seo-wordpress\/ -->\n<title>Chatib - Chat Online With No Registration - TinyChat.com<\/title>\n<meta name=\"description\" content=\"Enjoying Chatib? Join over 50,000,000 strangers on TinyChat! Turn on your cam and start meeting new people, or find a match.\" \/>\n<meta name=\"robots\" content=\"index, follow, max-snippet:-1, max-image-preview:large, max-video-preview:-1\" \/>\n<link rel=\"canonical\" href=\"https:\/\/tinychat.com\/fr\/chatib\/\" \/>\n<meta property=\"og:locale\" content=\"fr_FR\" \/>\n<meta property=\"og:type\" content=\"article\" \/>\n<meta property=\"og:title\" content=\"Chatib - Chat Online With No Registration - TinyChat.com\" \/>\n<meta property=\"og:description\" content=\"Enjoying Chatib? Join over 50,000,000 strangers on TinyChat! Turn on your cam and start meeting new people, or find a match.\" \/>\n<meta property=\"og:url\" content=\"https:\/\/tinychat.com\/fr\/chatib\/\" \/>\n<meta property=\"og:site_name\" content=\"TinyChat\" \/>\n<meta property=\"article:publisher\" content=\"https:\/\/www.facebook.com\/tinychat\" \/>\n<meta property=\"article:modified_time\" content=\"2025-07-07T16:18:24+00:00\" \/>\n<meta property=\"og:image\" content=\"https:\/\/tinychat.com\/wp-content\/uploads\/2020\/04\/Tinychat-logo-1280x284-new-black.png\" \/>\n\t<meta property=\"og:image:width\" content=\"1280\" \/>\n\t<meta property=\"og:image:height\" content=\"284\" \/>\n\t<meta property=\"og:image:type\" content=\"image\/png\" \/>\n<meta name=\"twitter:card\" content=\"summary_large_image\" \/>\n<meta name=\"twitter:site\" content=\"@tinychat\" \/>\n<meta name=\"twitter:label1\" content=\"Dur\u00e9e de lecture estim\u00e9e\" \/>\n\t<meta name=\"twitter:data1\" content=\"7 minutes\" \/>\n<script type=\"application\/ld+json\" class=\"yoast-schema-graph\">{\"@context\":\"https:\\\/\\\/schema.org\",\"@graph\":[{\"@type\":\"WebPage\",\"@id\":\"https:\\\/\\\/tinychat.com\\\/chatib\\\/\",\"url\":\"https:\\\/\\\/tinychat.com\\\/chatib\\\/\",\"name\":\"Chatib - Chat Online With No Registration - TinyChat.com\",\"isPartOf\":{\"@id\":\"https:\\\/\\\/tinychat.com\\\/#website\"},\"datePublished\":\"2025-05-26T07:38:47+00:00\",\"dateModified\":\"2025-07-07T16:18:24+00:00\",\"description\":\"Enjoying Chatib? Join over 50,000,000 strangers on TinyChat! Turn on your cam and start meeting new people, or find a match.\",\"breadcrumb\":{\"@id\":\"https:\\\/\\\/tinychat.com\\\/chatib\\\/#breadcrumb\"},\"inLanguage\":\"fr-FR\",\"potentialAction\":[{\"@type\":\"ReadAction\",\"target\":[\"https:\\\/\\\/tinychat.com\\\/chatib\\\/\"]}]},{\"@type\":\"BreadcrumbList\",\"@id\":\"https:\\\/\\\/tinychat.com\\\/chatib\\\/#breadcrumb\",\"itemListElement\":[{\"@type\":\"ListItem\",\"position\":1,\"name\":\"Home\",\"item\":\"https:\\\/\\\/tinychat.com\\\/\"},{\"@type\":\"ListItem\",\"position\":2,\"name\":\"Chatib\"}]},{\"@type\":\"WebSite\",\"@id\":\"https:\\\/\\\/tinychat.com\\\/#website\",\"url\":\"https:\\\/\\\/tinychat.com\\\/\",\"name\":\"TinyChat\",\"description\":\"Random Video Chat with Strangers\",\"publisher\":{\"@id\":\"https:\\\/\\\/tinychat.com\\\/#organization\"},\"alternateName\":\"TinyChat.com\",\"potentialAction\":[{\"@type\":\"SearchAction\",\"target\":{\"@type\":\"EntryPoint\",\"urlTemplate\":\"https:\\\/\\\/tinychat.com\\\/?s={search_term_string}\"},\"query-input\":{\"@type\":\"PropertyValueSpecification\",\"valueRequired\":true,\"valueName\":\"search_term_string\"}}],\"inLanguage\":\"fr-FR\"},{\"@type\":\"Organization\",\"@id\":\"https:\\\/\\\/tinychat.com\\\/#organization\",\"name\":\"TinyChat\",\"alternateName\":\"TinyChat.com\",\"url\":\"https:\\\/\\\/tinychat.com\\\/\",\"logo\":{\"@type\":\"ImageObject\",\"inLanguage\":\"fr-FR\",\"@id\":\"https:\\\/\\\/tinychat.com\\\/#\\\/schema\\\/logo\\\/image\\\/\",\"url\":\"https:\\\/\\\/tinychat.com\\\/wp-content\\\/uploads\\\/2023\\\/11\\\/Tinychat-icon-square.png\",\"contentUrl\":\"https:\\\/\\\/tinychat.com\\\/wp-content\\\/uploads\\\/2023\\\/11\\\/Tinychat-icon-square.png\",\"width\":284,\"height\":284,\"caption\":\"TinyChat\"},\"image\":{\"@id\":\"https:\\\/\\\/tinychat.com\\\/#\\\/schema\\\/logo\\\/image\\\/\"},\"sameAs\":[\"https:\\\/\\\/www.facebook.com\\\/tinychat\",\"https:\\\/\\\/x.com\\\/tinychat\"]}]}<\/script>\n<!-- \/ Yoast SEO plugin. -->","yoast_head_json":{"title":"Chatib - Chat en ligne sans inscription - TinyChat.com","description":"Vous aimez Chatib ? Rejoignez plus de 50 000 000 d'inconnus sur TinyChat ! Allumez votre cam\u00e9ra et commencez \u00e0 rencontrer de nouvelles personnes, ou trouvez un partenaire.","robots":{"index":"index","follow":"follow","max-snippet":"max-snippet:-1","max-image-preview":"max-image-preview:large","max-video-preview":"max-video-preview:-1"},"canonical":"https:\/\/tinychat.com\/fr\/chatib\/","og_locale":"fr_FR","og_type":"article","og_title":"Chatib - Chat Online With No Registration - TinyChat.com","og_description":"Enjoying Chatib? Join over 50,000,000 strangers on TinyChat! Turn on your cam and start meeting new people, or find a match.","og_url":"https:\/\/tinychat.com\/fr\/chatib\/","og_site_name":"TinyChat","article_publisher":"https:\/\/www.facebook.com\/tinychat","article_modified_time":"2025-07-07T16:18:24+00:00","og_image":[{"width":1280,"height":284,"url":"https:\/\/tinychat.com\/wp-content\/uploads\/2020\/04\/Tinychat-logo-1280x284-new-black.png","type":"image\/png"}],"twitter_card":"summary_large_image","twitter_site":"@tinychat","twitter_misc":{"Dur\u00e9e de lecture estim\u00e9e":"7 minutes"},"schema":{"@context":"https:\/\/schema.org","@graph":[{"@type":"WebPage","@id":"https:\/\/tinychat.com\/chatib\/","url":"https:\/\/tinychat.com\/chatib\/","name":"Chatib - Chat en ligne sans inscription - TinyChat.com","isPartOf":{"@id":"https:\/\/tinychat.com\/#website"},"datePublished":"2025-05-26T07:38:47+00:00","dateModified":"2025-07-07T16:18:24+00:00","description":"Vous aimez Chatib ? Rejoignez plus de 50 000 000 d'inconnus sur TinyChat ! Allumez votre cam\u00e9ra et commencez \u00e0 rencontrer de nouvelles personnes, ou trouvez un partenaire.","breadcrumb":{"@id":"https:\/\/tinychat.com\/chatib\/#breadcrumb"},"inLanguage":"fr-FR","potentialAction":[{"@type":"ReadAction","target":["https:\/\/tinychat.com\/chatib\/"]}]},{"@type":"BreadcrumbList","@id":"https:\/\/tinychat.com\/chatib\/#breadcrumb","itemListElement":[{"@type":"ListItem","position":1,"name":"Home","item":"https:\/\/tinychat.com\/"},{"@type":"ListItem","position":2,"name":"Chatib"}]},{"@type":"WebSite","@id":"https:\/\/tinychat.com\/#website","url":"https:\/\/tinychat.com\/","name":"TinyChat","description":"Chat vid\u00e9o al\u00e9atoire avec des inconnus","publisher":{"@id":"https:\/\/tinychat.com\/#organization"},"alternateName":"TinyChat.com","potentialAction":[{"@type":"SearchAction","target":{"@type":"EntryPoint","urlTemplate":"https:\/\/tinychat.com\/?s={search_term_string}"},"query-input":{"@type":"PropertyValueSpecification","valueRequired":true,"valueName":"search_term_string"}}],"inLanguage":"fr-FR"},{"@type":"Organization","@id":"https:\/\/tinychat.com\/#organization","name":"TinyChat","alternateName":"TinyChat.com","url":"https:\/\/tinychat.com\/","logo":{"@type":"ImageObject","inLanguage":"fr-FR","@id":"https:\/\/tinychat.com\/#\/schema\/logo\/image\/","url":"https:\/\/tinychat.com\/wp-content\/uploads\/2023\/11\/Tinychat-icon-square.png","contentUrl":"https:\/\/tinychat.com\/wp-content\/uploads\/2023\/11\/Tinychat-icon-square.png","width":284,"height":284,"caption":"TinyChat"},"image":{"@id":"https:\/\/tinychat.com\/#\/schema\/logo\/image\/"},"sameAs":["https:\/\/www.facebook.com\/tinychat","https:\/\/x.com\/tinychat"]}]}},"_links":{"self":[{"href":"https:\/\/tinychat.com\/fr\/wp-json\/wp\/v2\/pages\/8647","targetHints":{"allow":["GET"]}}],"collection":[{"href":"https:\/\/tinychat.com\/fr\/wp-json\/wp\/v2\/pages"}],"about":[{"href":"https:\/\/tinychat.com\/fr\/wp-json\/wp\/v2\/types\/page"}],"author":[{"embeddable":true,"href":"https:\/\/tinychat.com\/fr\/wp-json\/wp\/v2\/users\/6"}],"replies":[{"embeddable":true,"href":"https:\/\/tinychat.com\/fr\/wp-json\/wp\/v2\/comments?post=8647"}],"version-history":[{"count":3,"href":"https:\/\/tinychat.com\/fr\/wp-json\/wp\/v2\/pages\/8647\/revisions"}],"predecessor-version":[{"id":13291,"href":"https:\/\/tinychat.com\/fr\/wp-json\/wp\/v2\/pages\/8647\/revisions\/13291"}],"wp:attachment":[{"href":"https:\/\/tinychat.com\/fr\/wp-json\/wp\/v2\/media?parent=8647"}],"curies":[{"name":"wp","href":"https:\/\/api.w.org\/{rel}","templated":true}]}}